{"id":30069,"date":"2025-11-28T06:07:02","date_gmt":"2025-11-28T06:07:02","guid":{"rendered":"https:\/\/hardnesstests.com\/?post_type=product&#038;p=30069"},"modified":"2025-11-28T06:07:03","modified_gmt":"2025-11-28T06:07:03","slug":"hmpb-2-semi-automatic-metallographic-specimen-grinding-and-polishing-machine","status":"publish","type":"product","link":"https:\/\/hardnesstests.com\/tr\/urun\/hmpb-2-semi-automatic-metallographic-specimen-grinding-and-polishing-machine\/","title":{"rendered":"HMPB-2 Yar\u0131 Otomatik Metalografik Numune Ta\u015flama ve Parlatma Makinesi"},"content":{"rendered":"<h1><strong> Ana fonksiyonlar ve \u00f6zellikler<\/strong><\/h1>\n<ol>\n<li>Kabuk, yeni bir g\u00f6r\u00fcn\u00fcm, \u00fcst d\u00fczey atmosfer ve s\u0131n\u0131f ile \u00fcst d\u00fczey ABS tek par\u00e7a kal\u0131plamadan yap\u0131lm\u0131\u015ft\u0131r.<\/li>\n<li>Musluk, dayan\u0131kl\u0131 ve iyi korozyon direncine sahip 304 malzemeden yap\u0131lm\u0131\u015ft\u0131r.<\/li>\n<li>Dokunmatik ekran kontrol\u00fc, aray\u00fcz a\u00e7\u0131k ve sezgiseldir ve i\u015flem basittir.<\/li>\n<li>Otomatik temizleme fonksiyonu ile at\u0131k su toplama tank\u0131, at\u0131k su toplama tank\u0131n\u0131 temiz tutmak i\u00e7in otomatik olarak temizlenebilir (iste\u011fe ba\u011fl\u0131).<\/li>\n<li>Kademesiz h\u0131z ayar\u0131 art\u0131 sekiz vitesli sabit h\u0131z, \u00e7e\u015fitli ihtiya\u00e7lar\u0131 kar\u015f\u0131lamak i\u00e7in uygun ve h\u0131zl\u0131.<\/li>\n<li>Numune bas\u0131n\u00e7land\u0131rma hava kayna\u011f\u0131, elastik y\u00fckleme ve ayarlanabilir bas\u0131n\u00e7 gerektirmez.<\/li>\n<li>Geri say\u0131m fonksiyonu, zaman iste\u011fe ba\u011fl\u0131 olarak ayarlanabilir ve zaman geldi\u011finde makine duracakt\u0131r.<\/li>\n<li>Ta\u015flama ve parlatma diski, farkl\u0131 ihtiya\u00e7lar\u0131 kar\u015f\u0131lamak i\u00e7in saat y\u00f6n\u00fcnde veya saat y\u00f6n\u00fcn\u00fcn tersine d\u00f6nebilir.<\/li>\n<li>Ta\u015flama ve parlatma diski ve ta\u015flama kafas\u0131 tek etkili ve ba\u011flant\u0131l\u0131 olabilir, manuel ve otomatik tek d\u00fc\u011fmeli ge\u00e7i\u015fi kar\u015f\u0131layabilir.<\/li>\n<li>Tek tu\u015fla otomatik ba\u015flatma fonksiyonu, numune s\u0131k\u0131\u015ft\u0131rma diskine yerle\u015ftirildikten sonra, ba\u015flatmak i\u00e7in t\u0131klay\u0131n ve \u00f6\u011f\u00fctme kafas\u0131 ve \u00f6\u011f\u00fctme diski otomatik olarak \u00e7al\u0131\u015facakt\u0131r<\/li>\n<li>\u00c7oklu ta\u015flama ve cilalamay\u0131 \u00f6nlemek i\u00e7in otomatik merkezleme.<\/li>\n<li>\u00c7ift diskli \u00e7ift kontrol sisteminin kullan\u0131m\u0131 daha esnektir ve numune haz\u0131rlamay\u0131 daha verimli hale getirir.<\/li>\n<\/ol>\n<h1><strong> Teknik Parametreler<\/strong><\/h1>\n<table width=\"621\">\n<tbody>\n<tr>\n<td width=\"215\">Ta\u015flama diski \u00e7ap\u0131<\/td>\n<td width=\"406\">Standart \u03c6250mm (di\u011fer \u00f6zellikler \u00f6zelle\u015ftirilebilir)<\/td>\n<\/tr>\n<tr>\n<td width=\"215\">Ta\u015flama diski kontrol\u00fc<\/td>\n<td width=\"406\">\u00c7ift diskli \u00e7ift kontrol<\/td>\n<\/tr>\n<tr>\n<td width=\"215\">Ta\u015flama diski h\u0131z\u0131<\/td>\n<td width=\"406\">50-1000r\/dak (kademesiz h\u0131z ayar\u0131)<\/td>\n<\/tr>\n<tr>\n<td width=\"215\">Ta\u015flama diski h\u0131z\u0131<\/td>\n<td width=\"406\">Sekiz vitesli sabit h\u0131z<\/td>\n<\/tr>\n<tr>\n<td width=\"215\">Ta\u015flama diski d\u00f6n\u00fc\u015f y\u00f6n\u00fc<\/td>\n<td width=\"406\">\u0130leri ve geri<\/td>\n<\/tr>\n<tr>\n<td width=\"215\">Ta\u015flama kafas\u0131 h\u0131z\u0131<\/td>\n<td width=\"406\">60RPM<\/td>\n<\/tr>\n<tr>\n<td width=\"215\">Ta\u015flama ba\u015fl\u0131\u011f\u0131 bas\u0131n\u00e7 y\u00f6ntemi<\/td>\n<td width=\"406\">Yay mekanik bas\u0131nc\u0131<\/td>\n<\/tr>\n<tr>\n<td width=\"215\">Kelep\u00e7e say\u0131s\u0131<\/td>\n<td width=\"406\">4<\/td>\n<\/tr>\n<tr>\n<td width=\"215\">Geri say\u0131m fonksiyonu<\/td>\n<td width=\"406\">Zaman keyfi olarak ayarlanabilir ve zaman geldi\u011finde otomatik olarak duracakt\u0131r<\/td>\n<\/tr>\n<tr>\n<td width=\"215\">Numune s\u0131k\u0131\u015ft\u0131rma \u00f6zellikleri<\/td>\n<td width=\"406\">Standart \u042430, (\u042422 \u042430 \u042445 herhangi bir \u00f6zellik iste\u011fe ba\u011fl\u0131d\u0131r, \u00f6zel \u00f6zellikler \u00f6zelle\u015ftirilebilir)<\/td>\n<\/tr>\n<tr>\n<td width=\"215\">G\u00fc\u00e7 kayna\u011f\u0131<\/td>\n<td width=\"406\">Voltaj: 220V Frekans: 50HZ<\/td>\n<\/tr>\n<tr>\n<td width=\"215\">G\u00fc\u00e7<\/td>\n<td width=\"406\">0.9KW<\/td>\n<\/tr>\n<tr>\n<td width=\"215\">Boyutlar<\/td>\n<td width=\"406\">770X730X530m<\/td>\n<\/tr>\n<tr>\n<td width=\"215\">A\u011f\u0131rl\u0131k<\/td>\n<td width=\"406\">120Kg<\/td>\n<\/tr>\n<\/tbody>\n<\/table>","protected":false},"excerpt":{"rendered":"<p>Metalografik numune haz\u0131rlama s\u00fcrecinde, numunenin ta\u015flanmas\u0131 ve parlat\u0131lmas\u0131 temel i\u015flemlerdir. Ta\u015flama ve cilalamadan sonra numune ayna benzeri bir y\u00fczey elde edebilir. HMPB-2 yar\u0131 otomatik metalografik numune ta\u015flama ve parlatma makinesi, \u00fcst d\u00fczey bir dokunmatik ekrana sahiptir ve elektrikli bir ta\u015flama ve parlatma kafas\u0131 ile donat\u0131lm\u0131\u015ft\u0131r. Ayn\u0131 anda d\u00f6rt numuneyi ta\u015flayabilir ve parlatabilir. Kararl\u0131 d\u00f6n\u00fc\u015f, elleri serbest b\u0131rakma, d\u00fc\u015f\u00fck g\u00fcr\u00fclt\u00fc, rahat \u00e7al\u0131\u015fma ve y\u00fcksek i\u015f verimlili\u011fi \u00f6zelliklerine sahiptir. Ta\u015flama ve parlatma diskinin h\u0131z\u0131 50-1000r\/dak aras\u0131nda kademesiz olarak ayarlanabilir. Numunenin ta\u015flama ve parlatma i\u015flemi, metalografik z\u0131mpara ka\u011f\u0131d\u0131 ve parlatma kuma\u015f\u0131 de\u011fi\u015ftirilerek tamamlanabilir ve daha geni\u015f bir uygulanabilirlik aral\u0131\u011f\u0131 g\u00f6sterir. Alt kabuk, numunenin a\u015f\u0131r\u0131 \u0131s\u0131nmas\u0131 nedeniyle metalografik yap\u0131n\u0131n hasar g\u00f6rmesini \u00f6nlemek i\u00e7in ta\u015flama ve parlatma s\u0131ras\u0131nda numuneyi so\u011futabilen yeni bir g\u00f6r\u00fcn\u00fcme ve yerle\u015fik bir so\u011futma cihaz\u0131na sahip entegre bir blister kullan\u0131r. Fabrikalardaki, kolej ve \u00fcniversitelerdeki ve bilimsel ara\u015ft\u0131rma kurumlar\u0131ndaki metalografik laboratuvarlar i\u00e7in uygundur. Metalografik numunelerin ta\u015flanmas\u0131 ve parlat\u0131lmas\u0131 i\u00e7in ideal bir ekipmand\u0131r.<\/p>","protected":false},"featured_media":30070,"comment_status":"open","ping_status":"closed","template":"","meta":[],"product_brand":[],"product_cat":[94,81],"product_tag":[115],"class_list":{"0":"post-30069","1":"product","2":"type-product","3":"status-publish","4":"has-post-thumbnail","6":"product_cat-metallographic-grinding-and-polishing-machine","7":"product_cat-sample-preparation-and-analysis","8":"product_tag-metallographic-grinding-polishing-machine","10":"first","11":"instock","12":"shipping-taxable","13":"product-type-simple"},"yoast_head":"<!-- This site is optimized with the Yoast SEO Premium plugin v25.4 (Yoast SEO v27.4) - https:\/\/yoast.com\/product\/yoast-seo-premium-wordpress\/ -->\n<title>HMPB-2 Semi-automatic Metallographic Specimen Grinding and Polishing Machine - hardnesstests<\/title>\n<meta name=\"robots\" content=\"index, follow, max-snippet:-1, max-image-preview:large, max-video-preview:-1\" \/>\n<link rel=\"canonical\" href=\"https:\/\/hardnesstests.com\/tr\/urun\/hmpb-2-semi-automatic-metallographic-specimen-grinding-and-polishing-machine\/\" \/>\n<meta property=\"og:locale\" content=\"tr_TR\" \/>\n<meta property=\"og:type\" content=\"article\" \/>\n<meta property=\"og:title\" content=\"HMPB-2 Semi-automatic Metallographic Specimen Grinding and Polishing Machine\" \/>\n<meta property=\"og:description\" content=\"In the process of metallographic specimen preparation, grinding and polishing of the specimen are essential processes. After grinding and polishing, the specimen can obtain a mirror-like surface. The HMPB-2 semi-automatic metallographic specimen grinding and polishing machine adopts a high-end touch screen and is equipped with an electric grinding and polishing head. It can grind and polish four samples at the same time. It has the characteristics of stable rotation, freeing hands, low noise, convenient operation, and high work efficiency. The speed of the grinding and polishing disc is infinitely adjustable between 50-1000r\/min. The grinding and polishing process of the specimen can be completed by replacing the metallographic sandpaper and polishing fabric, showing a wider range of applicability. The bottom shell adopts integral blister, with a novel appearance and a built-in cooling device, which can cool the specimen during grinding and polishing to prevent the metallographic structure from being damaged due to overheating of the specimen. It is suitable for metallographic laboratories in factories, colleges and universities, and scientific research institutions. It is an ideal equipment for grinding and polishing metallographic specimens.\" \/>\n<meta property=\"og:url\" content=\"https:\/\/hardnesstests.com\/tr\/urun\/hmpb-2-semi-automatic-metallographic-specimen-grinding-and-polishing-machine\/\" \/>\n<meta property=\"og:site_name\" content=\"hardnesstests\" \/>\n<meta property=\"article:modified_time\" content=\"2025-11-28T06:07:03+00:00\" \/>\n<meta property=\"og:image\" content=\"https:\/\/hardnesstests.com\/wp-content\/uploads\/2025\/11\/HMPB-2.jpg\" \/>\n\t<meta property=\"og:image:width\" content=\"800\" \/>\n\t<meta property=\"og:image:height\" content=\"800\" \/>\n\t<meta property=\"og:image:type\" content=\"image\/jpeg\" \/>\n<meta name=\"twitter:card\" content=\"summary_large_image\" \/>\n<meta name=\"twitter:label1\" content=\"Tahmini okuma s\u00fcresi\" \/>\n\t<meta name=\"twitter:data1\" content=\"1 dakika\" \/>\n<script type=\"application\/ld+json\" class=\"yoast-schema-graph\">{\"@context\":\"https:\\\/\\\/schema.org\",\"@graph\":[{\"@type\":\"WebPage\",\"@id\":\"https:\\\/\\\/hardnesstests.com\\\/product\\\/hmpb-2-semi-automatic-metallographic-specimen-grinding-and-polishing-machine\\\/\",\"url\":\"https:\\\/\\\/hardnesstests.com\\\/product\\\/hmpb-2-semi-automatic-metallographic-specimen-grinding-and-polishing-machine\\\/\",\"name\":\"HMPB-2 Semi-automatic Metallographic Specimen Grinding and Polishing Machine - hardnesstests\",\"isPartOf\":{\"@id\":\"https:\\\/\\\/hardnesstests.com\\\/tr\\\/#website\"},\"primaryImageOfPage\":{\"@id\":\"https:\\\/\\\/hardnesstests.com\\\/product\\\/hmpb-2-semi-automatic-metallographic-specimen-grinding-and-polishing-machine\\\/#primaryimage\"},\"image\":{\"@id\":\"https:\\\/\\\/hardnesstests.com\\\/product\\\/hmpb-2-semi-automatic-metallographic-specimen-grinding-and-polishing-machine\\\/#primaryimage\"},\"thumbnailUrl\":\"https:\\\/\\\/hardnesstests.com\\\/wp-content\\\/uploads\\\/2025\\\/11\\\/HMPB-2.jpg\",\"datePublished\":\"2025-11-28T06:07:02+00:00\",\"dateModified\":\"2025-11-28T06:07:03+00:00\",\"breadcrumb\":{\"@id\":\"https:\\\/\\\/hardnesstests.com\\\/product\\\/hmpb-2-semi-automatic-metallographic-specimen-grinding-and-polishing-machine\\\/#breadcrumb\"},\"inLanguage\":\"tr\",\"potentialAction\":[{\"@type\":\"ReadAction\",\"target\":[\"https:\\\/\\\/hardnesstests.com\\\/product\\\/hmpb-2-semi-automatic-metallographic-specimen-grinding-and-polishing-machine\\\/\"]}]},{\"@type\":\"ImageObject\",\"inLanguage\":\"tr\",\"@id\":\"https:\\\/\\\/hardnesstests.com\\\/product\\\/hmpb-2-semi-automatic-metallographic-specimen-grinding-and-polishing-machine\\\/#primaryimage\",\"url\":\"https:\\\/\\\/hardnesstests.com\\\/wp-content\\\/uploads\\\/2025\\\/11\\\/HMPB-2.jpg\",\"contentUrl\":\"https:\\\/\\\/hardnesstests.com\\\/wp-content\\\/uploads\\\/2025\\\/11\\\/HMPB-2.jpg\",\"width\":800,\"height\":800,\"caption\":\"HMPB-2 Semi-automatic Metallographic Specimen Grinding and Polishing Machine\"},{\"@type\":\"BreadcrumbList\",\"@id\":\"https:\\\/\\\/hardnesstests.com\\\/product\\\/hmpb-2-semi-automatic-metallographic-specimen-grinding-and-polishing-machine\\\/#breadcrumb\",\"itemListElement\":[{\"@type\":\"ListItem\",\"position\":1,\"name\":\"\u9996\u9875\",\"item\":\"https:\\\/\\\/hardnesstests.com\\\/\"},{\"@type\":\"ListItem\",\"position\":2,\"name\":\"products\",\"item\":\"https:\\\/\\\/hardnesstests.com\\\/products\\\/\"},{\"@type\":\"ListItem\",\"position\":3,\"name\":\"HMPB-2 Semi-automatic Metallographic Specimen Grinding and Polishing Machine\"}]},{\"@type\":\"WebSite\",\"@id\":\"https:\\\/\\\/hardnesstests.com\\\/tr\\\/#website\",\"url\":\"https:\\\/\\\/hardnesstests.com\\\/tr\\\/\",\"name\":\"hardnesstests\",\"description\":\"\",\"publisher\":{\"@id\":\"https:\\\/\\\/hardnesstests.com\\\/tr\\\/#organization\"},\"potentialAction\":[{\"@type\":\"SearchAction\",\"target\":{\"@type\":\"EntryPoint\",\"urlTemplate\":\"https:\\\/\\\/hardnesstests.com\\\/tr\\\/?s={search_term_string}\"},\"query-input\":{\"@type\":\"PropertyValueSpecification\",\"valueRequired\":true,\"valueName\":\"search_term_string\"}}],\"inLanguage\":\"tr\"},{\"@type\":\"Organization\",\"@id\":\"https:\\\/\\\/hardnesstests.com\\\/tr\\\/#organization\",\"name\":\"hardnesstests\",\"url\":\"https:\\\/\\\/hardnesstests.com\\\/tr\\\/\",\"logo\":{\"@type\":\"ImageObject\",\"inLanguage\":\"tr\",\"@id\":\"https:\\\/\\\/hardnesstests.com\\\/tr\\\/#\\\/schema\\\/logo\\\/image\\\/\",\"url\":\"https:\\\/\\\/hardnesstests.com\\\/wp-content\\\/uploads\\\/2021\\\/08\\\/\u5fae\u4fe1\u56fe\u7247_20251029102004_335_1287.png\",\"contentUrl\":\"https:\\\/\\\/hardnesstests.com\\\/wp-content\\\/uploads\\\/2021\\\/08\\\/\u5fae\u4fe1\u56fe\u7247_20251029102004_335_1287.png\",\"width\":1308,\"height\":467,\"caption\":\"hardnesstests\"},\"image\":{\"@id\":\"https:\\\/\\\/hardnesstests.com\\\/tr\\\/#\\\/schema\\\/logo\\\/image\\\/\"}}]}<\/script>\n<!-- \/ Yoast SEO Premium plugin. -->","yoast_head_json":{"title":"HMPB-2 Semi-automatic Metallographic Specimen Grinding and Polishing Machine - hardnesstests","robots":{"index":"index","follow":"follow","max-snippet":"max-snippet:-1","max-image-preview":"max-image-preview:large","max-video-preview":"max-video-preview:-1"},"canonical":"https:\/\/hardnesstests.com\/tr\/urun\/hmpb-2-semi-automatic-metallographic-specimen-grinding-and-polishing-machine\/","og_locale":"tr_TR","og_type":"article","og_title":"HMPB-2 Semi-automatic Metallographic Specimen Grinding and Polishing Machine","og_description":"In the process of metallographic specimen preparation, grinding and polishing of the specimen are essential processes. After grinding and polishing, the specimen can obtain a mirror-like surface. The HMPB-2 semi-automatic metallographic specimen grinding and polishing machine adopts a high-end touch screen and is equipped with an electric grinding and polishing head. It can grind and polish four samples at the same time. It has the characteristics of stable rotation, freeing hands, low noise, convenient operation, and high work efficiency. The speed of the grinding and polishing disc is infinitely adjustable between 50-1000r\/min. The grinding and polishing process of the specimen can be completed by replacing the metallographic sandpaper and polishing fabric, showing a wider range of applicability. The bottom shell adopts integral blister, with a novel appearance and a built-in cooling device, which can cool the specimen during grinding and polishing to prevent the metallographic structure from being damaged due to overheating of the specimen. It is suitable for metallographic laboratories in factories, colleges and universities, and scientific research institutions. It is an ideal equipment for grinding and polishing metallographic specimens.","og_url":"https:\/\/hardnesstests.com\/tr\/urun\/hmpb-2-semi-automatic-metallographic-specimen-grinding-and-polishing-machine\/","og_site_name":"hardnesstests","article_modified_time":"2025-11-28T06:07:03+00:00","og_image":[{"width":800,"height":800,"url":"https:\/\/hardnesstests.com\/wp-content\/uploads\/2025\/11\/HMPB-2.jpg","type":"image\/jpeg"}],"twitter_card":"summary_large_image","twitter_misc":{"Tahmini okuma s\u00fcresi":"1 dakika"},"schema":{"@context":"https:\/\/schema.org","@graph":[{"@type":"WebPage","@id":"https:\/\/hardnesstests.com\/product\/hmpb-2-semi-automatic-metallographic-specimen-grinding-and-polishing-machine\/","url":"https:\/\/hardnesstests.com\/product\/hmpb-2-semi-automatic-metallographic-specimen-grinding-and-polishing-machine\/","name":"HMPB-2 Semi-automatic Metallographic Specimen Grinding and Polishing Machine - hardnesstests","isPartOf":{"@id":"https:\/\/hardnesstests.com\/tr\/#website"},"primaryImageOfPage":{"@id":"https:\/\/hardnesstests.com\/product\/hmpb-2-semi-automatic-metallographic-specimen-grinding-and-polishing-machine\/#primaryimage"},"image":{"@id":"https:\/\/hardnesstests.com\/product\/hmpb-2-semi-automatic-metallographic-specimen-grinding-and-polishing-machine\/#primaryimage"},"thumbnailUrl":"https:\/\/hardnesstests.com\/wp-content\/uploads\/2025\/11\/HMPB-2.jpg","datePublished":"2025-11-28T06:07:02+00:00","dateModified":"2025-11-28T06:07:03+00:00","breadcrumb":{"@id":"https:\/\/hardnesstests.com\/product\/hmpb-2-semi-automatic-metallographic-specimen-grinding-and-polishing-machine\/#breadcrumb"},"inLanguage":"tr","potentialAction":[{"@type":"ReadAction","target":["https:\/\/hardnesstests.com\/product\/hmpb-2-semi-automatic-metallographic-specimen-grinding-and-polishing-machine\/"]}]},{"@type":"ImageObject","inLanguage":"tr","@id":"https:\/\/hardnesstests.com\/product\/hmpb-2-semi-automatic-metallographic-specimen-grinding-and-polishing-machine\/#primaryimage","url":"https:\/\/hardnesstests.com\/wp-content\/uploads\/2025\/11\/HMPB-2.jpg","contentUrl":"https:\/\/hardnesstests.com\/wp-content\/uploads\/2025\/11\/HMPB-2.jpg","width":800,"height":800,"caption":"HMPB-2 Semi-automatic Metallographic Specimen Grinding and Polishing Machine"},{"@type":"BreadcrumbList","@id":"https:\/\/hardnesstests.com\/product\/hmpb-2-semi-automatic-metallographic-specimen-grinding-and-polishing-machine\/#breadcrumb","itemListElement":[{"@type":"ListItem","position":1,"name":"\u9996\u9875","item":"https:\/\/hardnesstests.com\/"},{"@type":"ListItem","position":2,"name":"products","item":"https:\/\/hardnesstests.com\/products\/"},{"@type":"ListItem","position":3,"name":"HMPB-2 Semi-automatic Metallographic Specimen Grinding and Polishing Machine"}]},{"@type":"WebSite","@id":"https:\/\/hardnesstests.com\/tr\/#website","url":"https:\/\/hardnesstests.com\/tr\/","name":"hardnesstests","description":"","publisher":{"@id":"https:\/\/hardnesstests.com\/tr\/#organization"},"potentialAction":[{"@type":"SearchAction","target":{"@type":"EntryPoint","urlTemplate":"https:\/\/hardnesstests.com\/tr\/?s={search_term_string}"},"query-input":{"@type":"PropertyValueSpecification","valueRequired":true,"valueName":"search_term_string"}}],"inLanguage":"tr"},{"@type":"Organization","@id":"https:\/\/hardnesstests.com\/tr\/#organization","name":"hardnesstests","url":"https:\/\/hardnesstests.com\/tr\/","logo":{"@type":"ImageObject","inLanguage":"tr","@id":"https:\/\/hardnesstests.com\/tr\/#\/schema\/logo\/image\/","url":"https:\/\/hardnesstests.com\/wp-content\/uploads\/2021\/08\/\u5fae\u4fe1\u56fe\u7247_20251029102004_335_1287.png","contentUrl":"https:\/\/hardnesstests.com\/wp-content\/uploads\/2021\/08\/\u5fae\u4fe1\u56fe\u7247_20251029102004_335_1287.png","width":1308,"height":467,"caption":"hardnesstests"},"image":{"@id":"https:\/\/hardnesstests.com\/tr\/#\/schema\/logo\/image\/"}}]}},"_links":{"self":[{"href":"https:\/\/hardnesstests.com\/tr\/wp-json\/wp\/v2\/product\/30069","targetHints":{"allow":["GET"]}}],"collection":[{"href":"https:\/\/hardnesstests.com\/tr\/wp-json\/wp\/v2\/product"}],"about":[{"href":"https:\/\/hardnesstests.com\/tr\/wp-json\/wp\/v2\/types\/product"}],"replies":[{"embeddable":true,"href":"https:\/\/hardnesstests.com\/tr\/wp-json\/wp\/v2\/comments?post=30069"}],"version-history":[{"count":1,"href":"https:\/\/hardnesstests.com\/tr\/wp-json\/wp\/v2\/product\/30069\/revisions"}],"predecessor-version":[{"id":30071,"href":"https:\/\/hardnesstests.com\/tr\/wp-json\/wp\/v2\/product\/30069\/revisions\/30071"}],"wp:featuredmedia":[{"embeddable":true,"href":"https:\/\/hardnesstests.com\/tr\/wp-json\/wp\/v2\/media\/30070"}],"wp:attachment":[{"href":"https:\/\/hardnesstests.com\/tr\/wp-json\/wp\/v2\/media?parent=30069"}],"wp:term":[{"taxonomy":"product_brand","embeddable":true,"href":"https:\/\/hardnesstests.com\/tr\/wp-json\/wp\/v2\/product_brand?post=30069"},{"taxonomy":"product_cat","embeddable":true,"href":"https:\/\/hardnesstests.com\/tr\/wp-json\/wp\/v2\/product_cat?post=30069"},{"taxonomy":"product_tag","embeddable":true,"href":"https:\/\/hardnesstests.com\/tr\/wp-json\/wp\/v2\/product_tag?post=30069"}],"curies":[{"name":"wp","href":"https:\/\/api.w.org\/{rel}","templated":true}]}}