{"id":30066,"date":"2025-11-28T06:05:42","date_gmt":"2025-11-28T06:05:42","guid":{"rendered":"https:\/\/hardnesstests.com\/?post_type=product&#038;p=30066"},"modified":"2025-11-28T06:05:42","modified_gmt":"2025-11-28T06:05:42","slug":"hmpb-1-semi-automatic-metallographic-specimen-grinding-and-polishing-machine","status":"publish","type":"product","link":"https:\/\/hardnesstests.com\/tr\/urun\/hmpb-1-semi-automatic-metallographic-specimen-grinding-and-polishing-machine\/","title":{"rendered":"HMPB-1 Yar\u0131 Otomatik Metalografik Numune Ta\u015flama ve Parlatma Makinesi"},"content":{"rendered":"<h1><strong> Ana fonksiyonlar ve \u00f6zellikler<\/strong><\/h1>\n<ol>\n<li>Kabuk, yeni bir g\u00f6r\u00fcn\u00fcm, \u00fcst d\u00fczey atmosfer ve s\u0131n\u0131f ile \u00fcst d\u00fczey ABS tek par\u00e7a kal\u0131plamadan yap\u0131lm\u0131\u015ft\u0131r.<\/li>\n<li>Musluk, dayan\u0131kl\u0131 ve iyi korozyon direncine sahip 304 malzemeden yap\u0131lm\u0131\u015ft\u0131r.<\/li>\n<li>Dokunmatik ekran kontrol\u00fc, aray\u00fcz a\u00e7\u0131k ve sezgiseldir ve i\u015flem basittir.<\/li>\n<li>Otomatik temizleme fonksiyonu ile at\u0131k su toplama tank\u0131, at\u0131k su toplama tank\u0131n\u0131 temiz tutmak i\u00e7in otomatik olarak temizlenebilir (iste\u011fe ba\u011fl\u0131).<\/li>\n<li>Kademesiz h\u0131z ayar\u0131 art\u0131 sekiz vitesli sabit h\u0131z, \u00e7e\u015fitli ihtiya\u00e7lar\u0131 kar\u015f\u0131lamak i\u00e7in uygun ve h\u0131zl\u0131.<\/li>\n<li>Sample pressurization does not require air source, elastic loading and pressure are adjustable.<\/li>\n<li>Countdown function, time can be set arbitrarily, and the machine will stop when the time comes.<\/li>\n<li>Ta\u015flama ve parlatma diski, farkl\u0131 ihtiya\u00e7lar\u0131 kar\u015f\u0131lamak i\u00e7in saat y\u00f6n\u00fcnde veya saat y\u00f6n\u00fcn\u00fcn tersine d\u00f6nebilir.<\/li>\n<li>The grinding and polishing disc and the grinding head can be single-acting and linked, meeting the manual and automatic one-button switching use.<\/li>\n<li>Tek tu\u015fla otomatik ba\u015flatma fonksiyonu, numune s\u0131k\u0131\u015ft\u0131rma diskine yerle\u015ftirildikten sonra, ba\u015flatmak i\u00e7in t\u0131klay\u0131n ve \u00f6\u011f\u00fctme kafas\u0131 ve \u00f6\u011f\u00fctme diski otomatik olarak \u00e7al\u0131\u015facakt\u0131r<\/li>\n<li>\u00c7oklu ta\u015flama ve cilalamay\u0131 \u00f6nlemek i\u00e7in otomatik merkezleme.<\/li>\n<\/ol>\n<h1 style=\"font-weight: 400;\"><strong>Teknik Parametreler<\/strong><\/h1>\n<table width=\"621\">\n<tbody>\n<tr>\n<td width=\"215\">Ta\u015flama diski \u00e7ap\u0131<\/td>\n<td width=\"406\">Standart \u03c6250mm (di\u011fer \u00f6zellikler \u00f6zelle\u015ftirilebilir)<\/td>\n<\/tr>\n<tr>\n<td width=\"215\">Ta\u015flama diski h\u0131z\u0131<\/td>\n<td width=\"406\">50-1000r\/dak (kademesiz h\u0131z ayar\u0131)<\/td>\n<\/tr>\n<tr>\n<td width=\"215\">Ta\u015flama diski h\u0131z\u0131<\/td>\n<td width=\"406\">Sekiz vitesli sabit h\u0131z<\/td>\n<\/tr>\n<tr>\n<td width=\"215\">Ta\u015flama diski d\u00f6n\u00fc\u015f y\u00f6n\u00fc<\/td>\n<td width=\"406\">\u0130leri ve geri<\/td>\n<\/tr>\n<tr>\n<td width=\"215\">Ta\u015flama kafas\u0131 h\u0131z\u0131<\/td>\n<td width=\"406\">60RPM<\/td>\n<\/tr>\n<tr>\n<td width=\"215\">Ta\u015flama ba\u015fl\u0131\u011f\u0131 bas\u0131n\u00e7 y\u00f6ntemi<\/td>\n<td width=\"406\">Yay mekanik bas\u0131nc\u0131<\/td>\n<\/tr>\n<tr>\n<td width=\"215\">Kelep\u00e7e say\u0131s\u0131<\/td>\n<td width=\"406\">4<\/td>\n<\/tr>\n<tr>\n<td width=\"215\">Geri say\u0131m fonksiyonu<\/td>\n<td width=\"406\">Time can be set arbitrarily, and the machine will stop automatically when the time comes<\/td>\n<\/tr>\n<tr>\n<td width=\"215\">Numune s\u0131k\u0131\u015ft\u0131rma \u00f6zellikleri<\/td>\n<td width=\"406\">Standard \u042430, (any specification of \u042422 \u042430 \u042445 can be selected, special specifications can be customized)<\/td>\n<\/tr>\n<tr>\n<td width=\"215\">G\u00fc\u00e7 kayna\u011f\u0131<\/td>\n<td width=\"406\">Voltaj: 220V Frekans: 50HZ<\/td>\n<\/tr>\n<tr>\n<td width=\"215\">G\u00fc\u00e7<\/td>\n<td width=\"406\">0.5KW<\/td>\n<\/tr>\n<tr>\n<td width=\"215\">Boyutlar<\/td>\n<td width=\"406\">430X730X530m<\/td>\n<\/tr>\n<tr>\n<td width=\"215\">A\u011f\u0131rl\u0131k<\/td>\n<td width=\"406\">60Kg<\/td>\n<\/tr>\n<\/tbody>\n<\/table>","protected":false},"excerpt":{"rendered":"<p>In the process of metallographic specimen preparation, grinding and polishing of the specimen is an indispensable process. After grinding and polishing, the specimen can obtain a bright mirror-like surface. The HMPB-1 semi-automatic metallographic specimen grinding and polishing machine adopts a high-end touch screen and is equipped with an electric grinding and polishing head. It can grind and polish four samples at the same time. It has the characteristics of stable rotation, freeing hands, low noise, convenient operation, and high work efficiency. The speed of the grinding and polishing disc is infinitely adjustable between 50-1000r\/min. The grinding and polishing process of the specimen can be completed by replacing the metallographic sandpaper and polishing fabric, showing a wider range of applicability. The bottom shell adopts integral blister, with a novel appearance and a built-in cooling device, which can cool the specimen during grinding and polishing to prevent the metallographic structure from being damaged due to overheating of the specimen. It is suitable for metallographic laboratories in factories, colleges and universities, and scientific research institutions. It is an ideal equipment for grinding and polishing metallographic specimens.<\/p>","protected":false},"featured_media":30067,"comment_status":"open","ping_status":"closed","template":"","meta":[],"product_brand":[],"product_cat":[94,81],"product_tag":[115],"class_list":{"0":"post-30066","1":"product","2":"type-product","3":"status-publish","4":"has-post-thumbnail","6":"product_cat-metallographic-grinding-and-polishing-machine","7":"product_cat-sample-preparation-and-analysis","8":"product_tag-metallographic-grinding-polishing-machine","10":"first","11":"instock","12":"shipping-taxable","13":"product-type-simple"},"yoast_head":"<!-- This site is optimized with the Yoast SEO Premium plugin v25.4 (Yoast SEO v27.4) - https:\/\/yoast.com\/product\/yoast-seo-premium-wordpress\/ -->\n<title>HMPB-1 Semi-automatic Metallographic Specimen Grinding and Polishing Machine - hardnesstests<\/title>\n<meta name=\"robots\" content=\"index, follow, max-snippet:-1, max-image-preview:large, max-video-preview:-1\" \/>\n<link rel=\"canonical\" href=\"https:\/\/hardnesstests.com\/tr\/urun\/hmpb-1-semi-automatic-metallographic-specimen-grinding-and-polishing-machine\/\" \/>\n<meta property=\"og:locale\" content=\"tr_TR\" \/>\n<meta property=\"og:type\" content=\"article\" \/>\n<meta property=\"og:title\" content=\"HMPB-1 Semi-automatic Metallographic Specimen Grinding and Polishing Machine\" \/>\n<meta property=\"og:description\" content=\"In the process of metallographic specimen preparation, grinding and polishing of the specimen is an indispensable process. After grinding and polishing, the specimen can obtain a bright mirror-like surface. The HMPB-1 semi-automatic metallographic specimen grinding and polishing machine adopts a high-end touch screen and is equipped with an electric grinding and polishing head. It can grind and polish four samples at the same time. It has the characteristics of stable rotation, freeing hands, low noise, convenient operation, and high work efficiency. The speed of the grinding and polishing disc is infinitely adjustable between 50-1000r\/min. The grinding and polishing process of the specimen can be completed by replacing the metallographic sandpaper and polishing fabric, showing a wider range of applicability. The bottom shell adopts integral blister, with a novel appearance and a built-in cooling device, which can cool the specimen during grinding and polishing to prevent the metallographic structure from being damaged due to overheating of the specimen. It is suitable for metallographic laboratories in factories, colleges and universities, and scientific research institutions. It is an ideal equipment for grinding and polishing metallographic specimens.\" \/>\n<meta property=\"og:url\" content=\"https:\/\/hardnesstests.com\/tr\/urun\/hmpb-1-semi-automatic-metallographic-specimen-grinding-and-polishing-machine\/\" \/>\n<meta property=\"og:site_name\" content=\"hardnesstests\" \/>\n<meta property=\"og:image\" content=\"https:\/\/hardnesstests.com\/wp-content\/uploads\/2025\/11\/HMPB-1.jpg\" \/>\n\t<meta property=\"og:image:width\" content=\"800\" \/>\n\t<meta property=\"og:image:height\" content=\"800\" \/>\n\t<meta property=\"og:image:type\" content=\"image\/jpeg\" \/>\n<meta name=\"twitter:card\" content=\"summary_large_image\" \/>\n<meta name=\"twitter:label1\" content=\"Tahmini okuma s\u00fcresi\" \/>\n\t<meta name=\"twitter:data1\" content=\"1 dakika\" \/>\n<script type=\"application\/ld+json\" class=\"yoast-schema-graph\">{\"@context\":\"https:\\\/\\\/schema.org\",\"@graph\":[{\"@type\":\"WebPage\",\"@id\":\"https:\\\/\\\/hardnesstests.com\\\/product\\\/hmpb-1-semi-automatic-metallographic-specimen-grinding-and-polishing-machine\\\/\",\"url\":\"https:\\\/\\\/hardnesstests.com\\\/product\\\/hmpb-1-semi-automatic-metallographic-specimen-grinding-and-polishing-machine\\\/\",\"name\":\"HMPB-1 Semi-automatic Metallographic Specimen Grinding and Polishing Machine - hardnesstests\",\"isPartOf\":{\"@id\":\"https:\\\/\\\/hardnesstests.com\\\/tr\\\/#website\"},\"primaryImageOfPage\":{\"@id\":\"https:\\\/\\\/hardnesstests.com\\\/product\\\/hmpb-1-semi-automatic-metallographic-specimen-grinding-and-polishing-machine\\\/#primaryimage\"},\"image\":{\"@id\":\"https:\\\/\\\/hardnesstests.com\\\/product\\\/hmpb-1-semi-automatic-metallographic-specimen-grinding-and-polishing-machine\\\/#primaryimage\"},\"thumbnailUrl\":\"https:\\\/\\\/hardnesstests.com\\\/wp-content\\\/uploads\\\/2025\\\/11\\\/HMPB-1.jpg\",\"datePublished\":\"2025-11-28T06:05:42+00:00\",\"breadcrumb\":{\"@id\":\"https:\\\/\\\/hardnesstests.com\\\/product\\\/hmpb-1-semi-automatic-metallographic-specimen-grinding-and-polishing-machine\\\/#breadcrumb\"},\"inLanguage\":\"tr\",\"potentialAction\":[{\"@type\":\"ReadAction\",\"target\":[\"https:\\\/\\\/hardnesstests.com\\\/product\\\/hmpb-1-semi-automatic-metallographic-specimen-grinding-and-polishing-machine\\\/\"]}]},{\"@type\":\"ImageObject\",\"inLanguage\":\"tr\",\"@id\":\"https:\\\/\\\/hardnesstests.com\\\/product\\\/hmpb-1-semi-automatic-metallographic-specimen-grinding-and-polishing-machine\\\/#primaryimage\",\"url\":\"https:\\\/\\\/hardnesstests.com\\\/wp-content\\\/uploads\\\/2025\\\/11\\\/HMPB-1.jpg\",\"contentUrl\":\"https:\\\/\\\/hardnesstests.com\\\/wp-content\\\/uploads\\\/2025\\\/11\\\/HMPB-1.jpg\",\"width\":800,\"height\":800,\"caption\":\"HMPB-1 Semi-automatic Metallographic Specimen Grinding and Polishing Machine\"},{\"@type\":\"BreadcrumbList\",\"@id\":\"https:\\\/\\\/hardnesstests.com\\\/product\\\/hmpb-1-semi-automatic-metallographic-specimen-grinding-and-polishing-machine\\\/#breadcrumb\",\"itemListElement\":[{\"@type\":\"ListItem\",\"position\":1,\"name\":\"\u9996\u9875\",\"item\":\"https:\\\/\\\/hardnesstests.com\\\/\"},{\"@type\":\"ListItem\",\"position\":2,\"name\":\"products\",\"item\":\"https:\\\/\\\/hardnesstests.com\\\/products\\\/\"},{\"@type\":\"ListItem\",\"position\":3,\"name\":\"HMPB-1 Semi-automatic Metallographic Specimen Grinding and Polishing Machine\"}]},{\"@type\":\"WebSite\",\"@id\":\"https:\\\/\\\/hardnesstests.com\\\/tr\\\/#website\",\"url\":\"https:\\\/\\\/hardnesstests.com\\\/tr\\\/\",\"name\":\"hardnesstests\",\"description\":\"\",\"publisher\":{\"@id\":\"https:\\\/\\\/hardnesstests.com\\\/tr\\\/#organization\"},\"potentialAction\":[{\"@type\":\"SearchAction\",\"target\":{\"@type\":\"EntryPoint\",\"urlTemplate\":\"https:\\\/\\\/hardnesstests.com\\\/tr\\\/?s={search_term_string}\"},\"query-input\":{\"@type\":\"PropertyValueSpecification\",\"valueRequired\":true,\"valueName\":\"search_term_string\"}}],\"inLanguage\":\"tr\"},{\"@type\":\"Organization\",\"@id\":\"https:\\\/\\\/hardnesstests.com\\\/tr\\\/#organization\",\"name\":\"hardnesstests\",\"url\":\"https:\\\/\\\/hardnesstests.com\\\/tr\\\/\",\"logo\":{\"@type\":\"ImageObject\",\"inLanguage\":\"tr\",\"@id\":\"https:\\\/\\\/hardnesstests.com\\\/tr\\\/#\\\/schema\\\/logo\\\/image\\\/\",\"url\":\"https:\\\/\\\/hardnesstests.com\\\/wp-content\\\/uploads\\\/2021\\\/08\\\/\u5fae\u4fe1\u56fe\u7247_20251029102004_335_1287.png\",\"contentUrl\":\"https:\\\/\\\/hardnesstests.com\\\/wp-content\\\/uploads\\\/2021\\\/08\\\/\u5fae\u4fe1\u56fe\u7247_20251029102004_335_1287.png\",\"width\":1308,\"height\":467,\"caption\":\"hardnesstests\"},\"image\":{\"@id\":\"https:\\\/\\\/hardnesstests.com\\\/tr\\\/#\\\/schema\\\/logo\\\/image\\\/\"}}]}<\/script>\n<!-- \/ Yoast SEO Premium plugin. -->","yoast_head_json":{"title":"HMPB-1 Semi-automatic Metallographic Specimen Grinding and Polishing Machine - hardnesstests","robots":{"index":"index","follow":"follow","max-snippet":"max-snippet:-1","max-image-preview":"max-image-preview:large","max-video-preview":"max-video-preview:-1"},"canonical":"https:\/\/hardnesstests.com\/tr\/urun\/hmpb-1-semi-automatic-metallographic-specimen-grinding-and-polishing-machine\/","og_locale":"tr_TR","og_type":"article","og_title":"HMPB-1 Semi-automatic Metallographic Specimen Grinding and Polishing Machine","og_description":"In the process of metallographic specimen preparation, grinding and polishing of the specimen is an indispensable process. After grinding and polishing, the specimen can obtain a bright mirror-like surface. The HMPB-1 semi-automatic metallographic specimen grinding and polishing machine adopts a high-end touch screen and is equipped with an electric grinding and polishing head. It can grind and polish four samples at the same time. It has the characteristics of stable rotation, freeing hands, low noise, convenient operation, and high work efficiency. The speed of the grinding and polishing disc is infinitely adjustable between 50-1000r\/min. The grinding and polishing process of the specimen can be completed by replacing the metallographic sandpaper and polishing fabric, showing a wider range of applicability. The bottom shell adopts integral blister, with a novel appearance and a built-in cooling device, which can cool the specimen during grinding and polishing to prevent the metallographic structure from being damaged due to overheating of the specimen. It is suitable for metallographic laboratories in factories, colleges and universities, and scientific research institutions. It is an ideal equipment for grinding and polishing metallographic specimens.","og_url":"https:\/\/hardnesstests.com\/tr\/urun\/hmpb-1-semi-automatic-metallographic-specimen-grinding-and-polishing-machine\/","og_site_name":"hardnesstests","og_image":[{"width":800,"height":800,"url":"https:\/\/hardnesstests.com\/wp-content\/uploads\/2025\/11\/HMPB-1.jpg","type":"image\/jpeg"}],"twitter_card":"summary_large_image","twitter_misc":{"Tahmini okuma s\u00fcresi":"1 dakika"},"schema":{"@context":"https:\/\/schema.org","@graph":[{"@type":"WebPage","@id":"https:\/\/hardnesstests.com\/product\/hmpb-1-semi-automatic-metallographic-specimen-grinding-and-polishing-machine\/","url":"https:\/\/hardnesstests.com\/product\/hmpb-1-semi-automatic-metallographic-specimen-grinding-and-polishing-machine\/","name":"HMPB-1 Semi-automatic Metallographic Specimen Grinding and Polishing Machine - hardnesstests","isPartOf":{"@id":"https:\/\/hardnesstests.com\/tr\/#website"},"primaryImageOfPage":{"@id":"https:\/\/hardnesstests.com\/product\/hmpb-1-semi-automatic-metallographic-specimen-grinding-and-polishing-machine\/#primaryimage"},"image":{"@id":"https:\/\/hardnesstests.com\/product\/hmpb-1-semi-automatic-metallographic-specimen-grinding-and-polishing-machine\/#primaryimage"},"thumbnailUrl":"https:\/\/hardnesstests.com\/wp-content\/uploads\/2025\/11\/HMPB-1.jpg","datePublished":"2025-11-28T06:05:42+00:00","breadcrumb":{"@id":"https:\/\/hardnesstests.com\/product\/hmpb-1-semi-automatic-metallographic-specimen-grinding-and-polishing-machine\/#breadcrumb"},"inLanguage":"tr","potentialAction":[{"@type":"ReadAction","target":["https:\/\/hardnesstests.com\/product\/hmpb-1-semi-automatic-metallographic-specimen-grinding-and-polishing-machine\/"]}]},{"@type":"ImageObject","inLanguage":"tr","@id":"https:\/\/hardnesstests.com\/product\/hmpb-1-semi-automatic-metallographic-specimen-grinding-and-polishing-machine\/#primaryimage","url":"https:\/\/hardnesstests.com\/wp-content\/uploads\/2025\/11\/HMPB-1.jpg","contentUrl":"https:\/\/hardnesstests.com\/wp-content\/uploads\/2025\/11\/HMPB-1.jpg","width":800,"height":800,"caption":"HMPB-1 Semi-automatic Metallographic Specimen Grinding and Polishing Machine"},{"@type":"BreadcrumbList","@id":"https:\/\/hardnesstests.com\/product\/hmpb-1-semi-automatic-metallographic-specimen-grinding-and-polishing-machine\/#breadcrumb","itemListElement":[{"@type":"ListItem","position":1,"name":"\u9996\u9875","item":"https:\/\/hardnesstests.com\/"},{"@type":"ListItem","position":2,"name":"products","item":"https:\/\/hardnesstests.com\/products\/"},{"@type":"ListItem","position":3,"name":"HMPB-1 Semi-automatic Metallographic Specimen Grinding and Polishing Machine"}]},{"@type":"WebSite","@id":"https:\/\/hardnesstests.com\/tr\/#website","url":"https:\/\/hardnesstests.com\/tr\/","name":"hardnesstests","description":"","publisher":{"@id":"https:\/\/hardnesstests.com\/tr\/#organization"},"potentialAction":[{"@type":"SearchAction","target":{"@type":"EntryPoint","urlTemplate":"https:\/\/hardnesstests.com\/tr\/?s={search_term_string}"},"query-input":{"@type":"PropertyValueSpecification","valueRequired":true,"valueName":"search_term_string"}}],"inLanguage":"tr"},{"@type":"Organization","@id":"https:\/\/hardnesstests.com\/tr\/#organization","name":"hardnesstests","url":"https:\/\/hardnesstests.com\/tr\/","logo":{"@type":"ImageObject","inLanguage":"tr","@id":"https:\/\/hardnesstests.com\/tr\/#\/schema\/logo\/image\/","url":"https:\/\/hardnesstests.com\/wp-content\/uploads\/2021\/08\/\u5fae\u4fe1\u56fe\u7247_20251029102004_335_1287.png","contentUrl":"https:\/\/hardnesstests.com\/wp-content\/uploads\/2021\/08\/\u5fae\u4fe1\u56fe\u7247_20251029102004_335_1287.png","width":1308,"height":467,"caption":"hardnesstests"},"image":{"@id":"https:\/\/hardnesstests.com\/tr\/#\/schema\/logo\/image\/"}}]}},"_links":{"self":[{"href":"https:\/\/hardnesstests.com\/tr\/wp-json\/wp\/v2\/product\/30066","targetHints":{"allow":["GET"]}}],"collection":[{"href":"https:\/\/hardnesstests.com\/tr\/wp-json\/wp\/v2\/product"}],"about":[{"href":"https:\/\/hardnesstests.com\/tr\/wp-json\/wp\/v2\/types\/product"}],"replies":[{"embeddable":true,"href":"https:\/\/hardnesstests.com\/tr\/wp-json\/wp\/v2\/comments?post=30066"}],"version-history":[{"count":1,"href":"https:\/\/hardnesstests.com\/tr\/wp-json\/wp\/v2\/product\/30066\/revisions"}],"predecessor-version":[{"id":30068,"href":"https:\/\/hardnesstests.com\/tr\/wp-json\/wp\/v2\/product\/30066\/revisions\/30068"}],"wp:featuredmedia":[{"embeddable":true,"href":"https:\/\/hardnesstests.com\/tr\/wp-json\/wp\/v2\/media\/30067"}],"wp:attachment":[{"href":"https:\/\/hardnesstests.com\/tr\/wp-json\/wp\/v2\/media?parent=30066"}],"wp:term":[{"taxonomy":"product_brand","embeddable":true,"href":"https:\/\/hardnesstests.com\/tr\/wp-json\/wp\/v2\/product_brand?post=30066"},{"taxonomy":"product_cat","embeddable":true,"href":"https:\/\/hardnesstests.com\/tr\/wp-json\/wp\/v2\/product_cat?post=30066"},{"taxonomy":"product_tag","embeddable":true,"href":"https:\/\/hardnesstests.com\/tr\/wp-json\/wp\/v2\/product_tag?post=30066"}],"curies":[{"name":"wp","href":"https:\/\/api.w.org\/{rel}","templated":true}]}}