{"id":30049,"date":"2025-11-28T05:43:55","date_gmt":"2025-11-28T05:43:55","guid":{"rendered":"https:\/\/hardnesstests.com\/?post_type=product&#038;p=30049"},"modified":"2025-11-28T05:43:55","modified_gmt":"2025-11-28T05:43:55","slug":"%ef%bc%88lx-a-1%ef%bc%89-shore-hardness-tester","status":"publish","type":"product","link":"https:\/\/hardnesstests.com\/tr\/urun\/%ef%bc%88lx-a-1%ef%bc%89-shore-hardness-tester\/","title":{"rendered":"\uff08LX-A-1\uff09 Shore Sertlik Test Cihaz\u0131"},"content":{"rendered":"<h1 style=\"font-weight: 400;\"><strong>\u00dcr\u00fcn standard\u0131 ve uygulamalar\u0131:<\/strong><\/h1>\n<ol>\n<li style=\"font-weight: 400;\">\u00dcr\u00fcnler ISO 868 ve ISO 7619 uluslararas\u0131 standartlar\u0131na g\u00f6re \u00fcretilmekte ve GB\/T531, JB6148 ve JJG304 standartlar\u0131n\u0131 kar\u015f\u0131lamaktad\u0131r.<\/li>\n<li style=\"font-weight: 400;\">D\u00fc\u015f\u00fck ve orta sertlikteki plastiklerin, her t\u00fcrl\u00fc kau\u00e7u\u011fun, \u00e7ok bile\u015fenli gresin, derinin, balmumunun vb. sertlik testinde yayg\u0131n olarak kullan\u0131l\u0131r.<\/li>\n<\/ol>\n<h1 style=\"font-weight: 400;\"><strong>Teknik parametreler:<\/strong><\/h1>\n<table>\n<tbody>\n<tr>\n<td width=\"187\">\u00d6l\u00e7\u00fcm aral\u0131\u011f\u0131<\/td>\n<td width=\"293\">0-100HD<\/td>\n<\/tr>\n<tr>\n<td width=\"187\">\u00d6l\u00e7\u00fcm hatas\u0131<\/td>\n<td width=\"293\">10-90 derece i\u00e7inde\uff0chata&lt;\u00b11 derece<\/td>\n<\/tr>\n<tr>\n<td width=\"187\">\u00c7\u00f6z\u00fcn\u00fcrl\u00fck<\/td>\n<td width=\"293\">1 derece<\/td>\n<\/tr>\n<tr>\n<td width=\"187\">\u0130\u011fne darbesi<\/td>\n<td width=\"293\">2,5 mm<\/td>\n<\/tr>\n<tr>\n<td width=\"187\">\u0130\u011fne ucu bas\u0131nc\u0131<\/td>\n<td width=\"293\">0.55N-8.05N<\/td>\n<\/tr>\n<tr>\n<td width=\"187\">\u0130\u011fne ba\u015f\u0131 boyutu<\/td>\n<td width=\"293\">\u03a6 0,79 mm<\/td>\n<\/tr>\n<tr>\n<td width=\"187\">\u00dcr\u00fcn boyutu<\/td>\n<td width=\"293\">115\u00d760\u00d725mm<\/td>\n<\/tr>\n<tr>\n<td width=\"187\">A\u011f\u0131rl\u0131k<\/td>\n<td width=\"293\">Yakla\u015f\u0131k 160g<\/td>\n<\/tr>\n<\/tbody>\n<\/table>\n<p style=\"font-weight: 400;\">A\u00e7\u0131klamalar: Testi daha kararl\u0131 ve do\u011fru hale getirmek i\u00e7in test braketi se\u00e7ebilirsiniz.<\/p>","protected":false},"excerpt":{"rendered":"<p><strong>Shore sertlik test cihaz\u0131 (kau\u00e7uk sertlik test cihaz\u0131) kau\u00e7uk ve plasti\u011fin sertlik \u00f6l\u00e7\u00fcm\u00fcnde yayg\u0131n olarak kullan\u0131l\u0131r. Basit yap\u0131, rahat kullan\u0131m, k\u00fc\u00e7\u00fck g\u00f6vde, hafiflik ve sezgisel okuma \u00f6zellikleri ile elde \u00f6l\u00e7\u00fcm yapabilir veya e\u015fle\u015fen \u00fcretim i\u00e7in ayn\u0131 tip sabit y\u00fck tutucuya ayarlanabilir.<\/strong><\/p>","protected":false},"featured_media":30050,"comment_status":"open","ping_status":"closed","template":"","meta":[],"product_brand":[],"product_cat":[70,79],"product_tag":[114],"class_list":{"0":"post-30049","1":"product","2":"type-product","3":"status-publish","4":"has-post-thumbnail","6":"product_cat-hardness-tester","7":"product_cat-shore-hardness-tester","8":"product_tag-methods-shore-durometer-test","10":"first","11":"instock","12":"shipping-taxable","13":"product-type-simple"},"yoast_head":"<!-- This site is optimized with the Yoast SEO Premium plugin v25.4 (Yoast SEO v27.4) - https:\/\/yoast.com\/product\/yoast-seo-premium-wordpress\/ -->\n<title>\uff08LX-A-1\uff09 Shore Hardness Tester - hardnesstests<\/title>\n<meta name=\"robots\" content=\"index, follow, max-snippet:-1, max-image-preview:large, max-video-preview:-1\" \/>\n<link rel=\"canonical\" href=\"https:\/\/hardnesstests.com\/tr\/urun\/\uff08lx-a-1\uff09-shore-hardness-tester\/\" \/>\n<meta property=\"og:locale\" content=\"tr_TR\" \/>\n<meta property=\"og:type\" content=\"article\" \/>\n<meta property=\"og:title\" content=\"\uff08LX-A-1\uff09 Shore Hardness Tester\" \/>\n<meta property=\"og:description\" content=\"Shore hardness tester (rubber hardness tester) is widely used in hardness measurement of rubber and plastic. With the features of simple structure, convenient use, small body, light weight, and intuitive reading, it can carry hand-held measurement, or it can be set on the same type of fixed load holder for matching production.\" \/>\n<meta property=\"og:url\" content=\"https:\/\/hardnesstests.com\/tr\/urun\/\uff08lx-a-1\uff09-shore-hardness-tester\/\" \/>\n<meta property=\"og:site_name\" content=\"hardnesstests\" \/>\n<meta property=\"og:image\" content=\"https:\/\/hardnesstests.com\/wp-content\/uploads\/2025\/11\/LX-A-1\u90b5\u6c0f\u786c\u5ea6\u8ba1.png\" \/>\n\t<meta property=\"og:image:width\" content=\"550\" \/>\n\t<meta property=\"og:image:height\" content=\"348\" \/>\n\t<meta property=\"og:image:type\" content=\"image\/png\" \/>\n<meta name=\"twitter:card\" content=\"summary_large_image\" \/>\n<script type=\"application\/ld+json\" class=\"yoast-schema-graph\">{\"@context\":\"https:\\\/\\\/schema.org\",\"@graph\":[{\"@type\":\"WebPage\",\"@id\":\"https:\\\/\\\/hardnesstests.com\\\/product\\\/%ef%bc%88lx-a-1%ef%bc%89-shore-hardness-tester\\\/\",\"url\":\"https:\\\/\\\/hardnesstests.com\\\/product\\\/%ef%bc%88lx-a-1%ef%bc%89-shore-hardness-tester\\\/\",\"name\":\"\uff08LX-A-1\uff09 Shore Hardness Tester - hardnesstests\",\"isPartOf\":{\"@id\":\"https:\\\/\\\/hardnesstests.com\\\/tr\\\/#website\"},\"primaryImageOfPage\":{\"@id\":\"https:\\\/\\\/hardnesstests.com\\\/product\\\/%ef%bc%88lx-a-1%ef%bc%89-shore-hardness-tester\\\/#primaryimage\"},\"image\":{\"@id\":\"https:\\\/\\\/hardnesstests.com\\\/product\\\/%ef%bc%88lx-a-1%ef%bc%89-shore-hardness-tester\\\/#primaryimage\"},\"thumbnailUrl\":\"https:\\\/\\\/hardnesstests.com\\\/wp-content\\\/uploads\\\/2025\\\/11\\\/LX-A-1\u90b5\u6c0f\u786c\u5ea6\u8ba1.png\",\"datePublished\":\"2025-11-28T05:43:55+00:00\",\"breadcrumb\":{\"@id\":\"https:\\\/\\\/hardnesstests.com\\\/product\\\/%ef%bc%88lx-a-1%ef%bc%89-shore-hardness-tester\\\/#breadcrumb\"},\"inLanguage\":\"tr\",\"potentialAction\":[{\"@type\":\"ReadAction\",\"target\":[\"https:\\\/\\\/hardnesstests.com\\\/product\\\/%ef%bc%88lx-a-1%ef%bc%89-shore-hardness-tester\\\/\"]}]},{\"@type\":\"ImageObject\",\"inLanguage\":\"tr\",\"@id\":\"https:\\\/\\\/hardnesstests.com\\\/product\\\/%ef%bc%88lx-a-1%ef%bc%89-shore-hardness-tester\\\/#primaryimage\",\"url\":\"https:\\\/\\\/hardnesstests.com\\\/wp-content\\\/uploads\\\/2025\\\/11\\\/LX-A-1\u90b5\u6c0f\u786c\u5ea6\u8ba1.png\",\"contentUrl\":\"https:\\\/\\\/hardnesstests.com\\\/wp-content\\\/uploads\\\/2025\\\/11\\\/LX-A-1\u90b5\u6c0f\u786c\u5ea6\u8ba1.png\",\"width\":550,\"height\":348,\"caption\":\"\uff08LX-A-1\uff09 Shore Hardness Tester\"},{\"@type\":\"BreadcrumbList\",\"@id\":\"https:\\\/\\\/hardnesstests.com\\\/product\\\/%ef%bc%88lx-a-1%ef%bc%89-shore-hardness-tester\\\/#breadcrumb\",\"itemListElement\":[{\"@type\":\"ListItem\",\"position\":1,\"name\":\"\u9996\u9875\",\"item\":\"https:\\\/\\\/hardnesstests.com\\\/\"},{\"@type\":\"ListItem\",\"position\":2,\"name\":\"products\",\"item\":\"https:\\\/\\\/hardnesstests.com\\\/products\\\/\"},{\"@type\":\"ListItem\",\"position\":3,\"name\":\"\uff08LX-A-1\uff09 Shore Hardness Tester\"}]},{\"@type\":\"WebSite\",\"@id\":\"https:\\\/\\\/hardnesstests.com\\\/tr\\\/#website\",\"url\":\"https:\\\/\\\/hardnesstests.com\\\/tr\\\/\",\"name\":\"hardnesstests\",\"description\":\"\",\"publisher\":{\"@id\":\"https:\\\/\\\/hardnesstests.com\\\/tr\\\/#organization\"},\"potentialAction\":[{\"@type\":\"SearchAction\",\"target\":{\"@type\":\"EntryPoint\",\"urlTemplate\":\"https:\\\/\\\/hardnesstests.com\\\/tr\\\/?s={search_term_string}\"},\"query-input\":{\"@type\":\"PropertyValueSpecification\",\"valueRequired\":true,\"valueName\":\"search_term_string\"}}],\"inLanguage\":\"tr\"},{\"@type\":\"Organization\",\"@id\":\"https:\\\/\\\/hardnesstests.com\\\/tr\\\/#organization\",\"name\":\"hardnesstests\",\"url\":\"https:\\\/\\\/hardnesstests.com\\\/tr\\\/\",\"logo\":{\"@type\":\"ImageObject\",\"inLanguage\":\"tr\",\"@id\":\"https:\\\/\\\/hardnesstests.com\\\/tr\\\/#\\\/schema\\\/logo\\\/image\\\/\",\"url\":\"https:\\\/\\\/hardnesstests.com\\\/wp-content\\\/uploads\\\/2021\\\/08\\\/\u5fae\u4fe1\u56fe\u7247_20251029102004_335_1287.png\",\"contentUrl\":\"https:\\\/\\\/hardnesstests.com\\\/wp-content\\\/uploads\\\/2021\\\/08\\\/\u5fae\u4fe1\u56fe\u7247_20251029102004_335_1287.png\",\"width\":1308,\"height\":467,\"caption\":\"hardnesstests\"},\"image\":{\"@id\":\"https:\\\/\\\/hardnesstests.com\\\/tr\\\/#\\\/schema\\\/logo\\\/image\\\/\"}}]}<\/script>\n<!-- \/ Yoast SEO Premium plugin. -->","yoast_head_json":{"title":"\uff08LX-A-1\uff09 Shore Hardness Tester - hardnesstests","robots":{"index":"index","follow":"follow","max-snippet":"max-snippet:-1","max-image-preview":"max-image-preview:large","max-video-preview":"max-video-preview:-1"},"canonical":"https:\/\/hardnesstests.com\/tr\/urun\/\uff08lx-a-1\uff09-shore-hardness-tester\/","og_locale":"tr_TR","og_type":"article","og_title":"\uff08LX-A-1\uff09 Shore Hardness Tester","og_description":"Shore hardness tester (rubber hardness tester) is widely used in hardness measurement of rubber and plastic. With the features of simple structure, convenient use, small body, light weight, and intuitive reading, it can carry hand-held measurement, or it can be set on the same type of fixed load holder for matching production.","og_url":"https:\/\/hardnesstests.com\/tr\/urun\/\uff08lx-a-1\uff09-shore-hardness-tester\/","og_site_name":"hardnesstests","og_image":[{"width":550,"height":348,"url":"https:\/\/hardnesstests.com\/wp-content\/uploads\/2025\/11\/LX-A-1\u90b5\u6c0f\u786c\u5ea6\u8ba1.png","type":"image\/png"}],"twitter_card":"summary_large_image","schema":{"@context":"https:\/\/schema.org","@graph":[{"@type":"WebPage","@id":"https:\/\/hardnesstests.com\/product\/%ef%bc%88lx-a-1%ef%bc%89-shore-hardness-tester\/","url":"https:\/\/hardnesstests.com\/product\/%ef%bc%88lx-a-1%ef%bc%89-shore-hardness-tester\/","name":"\uff08LX-A-1\uff09 Shore Hardness Tester - hardnesstests","isPartOf":{"@id":"https:\/\/hardnesstests.com\/tr\/#website"},"primaryImageOfPage":{"@id":"https:\/\/hardnesstests.com\/product\/%ef%bc%88lx-a-1%ef%bc%89-shore-hardness-tester\/#primaryimage"},"image":{"@id":"https:\/\/hardnesstests.com\/product\/%ef%bc%88lx-a-1%ef%bc%89-shore-hardness-tester\/#primaryimage"},"thumbnailUrl":"https:\/\/hardnesstests.com\/wp-content\/uploads\/2025\/11\/LX-A-1\u90b5\u6c0f\u786c\u5ea6\u8ba1.png","datePublished":"2025-11-28T05:43:55+00:00","breadcrumb":{"@id":"https:\/\/hardnesstests.com\/product\/%ef%bc%88lx-a-1%ef%bc%89-shore-hardness-tester\/#breadcrumb"},"inLanguage":"tr","potentialAction":[{"@type":"ReadAction","target":["https:\/\/hardnesstests.com\/product\/%ef%bc%88lx-a-1%ef%bc%89-shore-hardness-tester\/"]}]},{"@type":"ImageObject","inLanguage":"tr","@id":"https:\/\/hardnesstests.com\/product\/%ef%bc%88lx-a-1%ef%bc%89-shore-hardness-tester\/#primaryimage","url":"https:\/\/hardnesstests.com\/wp-content\/uploads\/2025\/11\/LX-A-1\u90b5\u6c0f\u786c\u5ea6\u8ba1.png","contentUrl":"https:\/\/hardnesstests.com\/wp-content\/uploads\/2025\/11\/LX-A-1\u90b5\u6c0f\u786c\u5ea6\u8ba1.png","width":550,"height":348,"caption":"\uff08LX-A-1\uff09 Shore Hardness Tester"},{"@type":"BreadcrumbList","@id":"https:\/\/hardnesstests.com\/product\/%ef%bc%88lx-a-1%ef%bc%89-shore-hardness-tester\/#breadcrumb","itemListElement":[{"@type":"ListItem","position":1,"name":"\u9996\u9875","item":"https:\/\/hardnesstests.com\/"},{"@type":"ListItem","position":2,"name":"products","item":"https:\/\/hardnesstests.com\/products\/"},{"@type":"ListItem","position":3,"name":"\uff08LX-A-1\uff09 Shore Hardness Tester"}]},{"@type":"WebSite","@id":"https:\/\/hardnesstests.com\/tr\/#website","url":"https:\/\/hardnesstests.com\/tr\/","name":"hardnesstests","description":"","publisher":{"@id":"https:\/\/hardnesstests.com\/tr\/#organization"},"potentialAction":[{"@type":"SearchAction","target":{"@type":"EntryPoint","urlTemplate":"https:\/\/hardnesstests.com\/tr\/?s={search_term_string}"},"query-input":{"@type":"PropertyValueSpecification","valueRequired":true,"valueName":"search_term_string"}}],"inLanguage":"tr"},{"@type":"Organization","@id":"https:\/\/hardnesstests.com\/tr\/#organization","name":"hardnesstests","url":"https:\/\/hardnesstests.com\/tr\/","logo":{"@type":"ImageObject","inLanguage":"tr","@id":"https:\/\/hardnesstests.com\/tr\/#\/schema\/logo\/image\/","url":"https:\/\/hardnesstests.com\/wp-content\/uploads\/2021\/08\/\u5fae\u4fe1\u56fe\u7247_20251029102004_335_1287.png","contentUrl":"https:\/\/hardnesstests.com\/wp-content\/uploads\/2021\/08\/\u5fae\u4fe1\u56fe\u7247_20251029102004_335_1287.png","width":1308,"height":467,"caption":"hardnesstests"},"image":{"@id":"https:\/\/hardnesstests.com\/tr\/#\/schema\/logo\/image\/"}}]}},"_links":{"self":[{"href":"https:\/\/hardnesstests.com\/tr\/wp-json\/wp\/v2\/product\/30049","targetHints":{"allow":["GET"]}}],"collection":[{"href":"https:\/\/hardnesstests.com\/tr\/wp-json\/wp\/v2\/product"}],"about":[{"href":"https:\/\/hardnesstests.com\/tr\/wp-json\/wp\/v2\/types\/product"}],"replies":[{"embeddable":true,"href":"https:\/\/hardnesstests.com\/tr\/wp-json\/wp\/v2\/comments?post=30049"}],"version-history":[{"count":1,"href":"https:\/\/hardnesstests.com\/tr\/wp-json\/wp\/v2\/product\/30049\/revisions"}],"predecessor-version":[{"id":30051,"href":"https:\/\/hardnesstests.com\/tr\/wp-json\/wp\/v2\/product\/30049\/revisions\/30051"}],"wp:featuredmedia":[{"embeddable":true,"href":"https:\/\/hardnesstests.com\/tr\/wp-json\/wp\/v2\/media\/30050"}],"wp:attachment":[{"href":"https:\/\/hardnesstests.com\/tr\/wp-json\/wp\/v2\/media?parent=30049"}],"wp:term":[{"taxonomy":"product_brand","embeddable":true,"href":"https:\/\/hardnesstests.com\/tr\/wp-json\/wp\/v2\/product_brand?post=30049"},{"taxonomy":"product_cat","embeddable":true,"href":"https:\/\/hardnesstests.com\/tr\/wp-json\/wp\/v2\/product_cat?post=30049"},{"taxonomy":"product_tag","embeddable":true,"href":"https:\/\/hardnesstests.com\/tr\/wp-json\/wp\/v2\/product_tag?post=30049"}],"curies":[{"name":"wp","href":"https:\/\/api.w.org\/{rel}","templated":true}]}}