{"id":30014,"date":"2025-11-28T05:21:31","date_gmt":"2025-11-28T05:21:31","guid":{"rendered":"https:\/\/hardnesstests.com\/?post_type=product&#038;p=30014"},"modified":"2025-11-28T05:21:32","modified_gmt":"2025-11-28T05:21:32","slug":"hvt-50ztouch-screen-automatic-turret-type-vickers-hardness-tester","status":"publish","type":"product","link":"https:\/\/hardnesstests.com\/tr\/urun\/hvt-50ztouch-screen-automatic-turret-type-vickers-hardness-tester\/","title":{"rendered":"(HVT-50Z) Dokunmatik ekranl\u0131 otomatik taret tipi Vickers sertlik test cihaz\u0131"},"content":{"rendered":"<h1 style=\"font-weight: 400;\"><strong>Ana fonksiyonlar ve \u00f6zellikler:<\/strong><\/h1>\n<ol>\n<li style=\"font-weight: 400;\">The optical system designed by senior optical engineers not only has clear images, but also can be used as a simple microscope, with adjustable brightness, comfortable vision, and not easy to fatigue after long-term operation;<\/li>\n<li style=\"font-weight: 400;\">The 7-inch touch screen can display the test method, test force, upper and lower limits of hardness value, measured indentation length, hardness value, test force retention time, measurement times and can enter year, month, date, test results and data processing Wait;<\/li>\n<li style=\"font-weight: 400;\">The system comes with a calibration function, and each test force can be manually adjusted to input the error calibration instrument;<\/li>\n<li style=\"font-weight: 400;\">The adjustable range of optical system brightness: 0-100;<\/li>\n<li style=\"font-weight: 400;\">It can store up to 100 sets of test data, and display the average value and test times data on the main interface;<\/li>\n<li style=\"font-weight: 400;\">The test force unit can be manually selected for mutual conversion, the conversion unit is: (Kgf, N)<\/li>\n<li style=\"font-weight: 400;\">The main interface can display 4 conversion scales at the same time, and can switch between national standards, American standards and international standards. A total of 18 measurement scales can be converted: HRA, HRB, HRC, HRD, HRE, HRF, HRG, HRH, HRK , HR15N, HR30N, HR45N, HR15T, HR30T, HR45T, HV, HK, HBW;<\/li>\n<li style=\"font-weight: 400;\">Both objective lenses can directly measure the hardness,<\/li>\n<li style=\"font-weight: 400;\">The upper and lower limit measurement range can be set and displayed on the main measurement interface;<\/li>\n<li style=\"font-weight: 400;\">Test data can be directly exported via USB;<\/li>\n<li style=\"font-weight: 400;\">The measuring scale can be converted into HK Knoop hardness;<\/li>\n<li style=\"font-weight: 400;\">The operating system can be converted between Chinese and English;<\/li>\n<li style=\"font-weight: 400;\">Optional built-in printer, test data can also be output to U disk via USB for storage and analysis;<\/li>\n<li style=\"font-weight: 400;\">HVT-5Z model can realize: the position switch of observation-test-measurement is completed by automatic turret<\/li>\n<li style=\"font-weight: 400;\">The cast aluminum shell has a stable and non-deformed structure once formed, and the pure white car paint has a high grade, strong scratch resistance, and it is still bright as new after many years of use;<\/li>\n<li style=\"font-weight: 400;\">Our company has the ability to develop, design, produce and process by ourselves, and provide parts replacement and maintenance upgrade services for our machines for life<\/li>\n<\/ol>\n<h1 style=\"font-weight: 400;\"><strong>Main application scope:<\/strong><\/h1>\n<ol>\n<li style=\"font-weight: 400;\">Steel, non-ferrous metals, metal foil, cemented carbide, metal sheet, microstructure, carbonization;<\/li>\n<li style=\"font-weight: 400;\">Carburizing, nitriding and decarburizing layer, surface hardening layer, electroplating layer, coating, heat treatment;<\/li>\n<li style=\"font-weight: 400;\">Cam, gofret, seramik malzemeler;<\/li>\n<\/ol>\n<h1 style=\"font-weight: 400;\"><strong>Technical Parameters:<\/strong><\/h1>\n<table width=\"614\">\n<tbody>\n<tr>\n<td width=\"259\">parameter name<\/td>\n<td width=\"355\">Parametre verileri<\/td>\n<\/tr>\n<tr>\n<td width=\"259\">Vickers sertlik \u00f6l\u00e7e\u011fi<\/td>\n<td width=\"355\">HV1,HV5,HV10,HV20,HV30,HV50<\/td>\n<\/tr>\n<tr>\n<td width=\"259\">display<\/td>\n<td width=\"355\">5-digit hardness value, 4-digit diagonal length (D1, D2),<\/p>\n<p>Hold time, number of tests, average, standard deviation, return<\/td>\n<\/tr>\n<tr>\n<td width=\"259\">Test force(Kgf)<\/td>\n<td width=\"355\">1.0Kgf(9.8N)\u30015.0Kgf(49.0N)\u300110Kgf(98.0N)\u3001<\/p>\n<p>20Kgf(196N)\u300130Kgf(294N)\u300150Kgf(490N)<\/td>\n<\/tr>\n<tr>\n<td width=\"259\">Y\u00fckleme kontrol\u00fc<\/td>\n<td width=\"355\">Automatic (load\/hold\/uninstall)<\/td>\n<\/tr>\n<tr>\n<td width=\"259\">Test force retention time(s)<\/td>\n<td width=\"355\">1\uff5e99<\/td>\n<\/tr>\n<tr>\n<td width=\"259\">Optik kanal<\/td>\n<td width=\"355\">Dual light channels (eyepieces and CCD camera channels)<\/td>\n<\/tr>\n<tr>\n<td width=\"259\">Optik sistem<\/td>\n<td width=\"355\">Objectives: 10\u00d7, 20\u00d7(Optional\u00a0\u00a040X)<\/p>\n<p>Eyepiece Magnification: 10\u00d7<\/p>\n<p>Total magnification (\u03bcm): 100\u00d7, 200\u00d7<\/p>\n<p>Measuring range (\u03bcm): 400<\/p>\n<p>\u00c7\u00f6z\u00fcn\u00fcrl\u00fck (\u03bcm): 0.5<\/td>\n<\/tr>\n<tr>\n<td width=\"259\">Sertlik \u00f6l\u00e7\u00fcm aral\u0131\u011f\u0131<\/td>\n<td width=\"355\">(5-3000)HV<\/td>\n<\/tr>\n<tr>\n<td width=\"259\">XY test stand (optional)<\/td>\n<td width=\"355\">Size (mm): 100\u00d7100<\/p>\n<p>Travel range (mm): 25\u00d725<\/p>\n<p>Minimum okuma (mm): 0.01<\/td>\n<\/tr>\n<tr>\n<td width=\"259\">Maximum height of specimen (mm)<\/td>\n<td width=\"355\">165<\/td>\n<\/tr>\n<tr>\n<td width=\"259\">Maximum width of specimen (mm)<\/td>\n<td width=\"355\">130 (distance from the center line of the indenter to the wall)<\/td>\n<\/tr>\n<tr>\n<td width=\"259\">Data output (optional)<\/td>\n<td width=\"355\">Built-in printer, test data can also be output to U disk via USB for storage and analysis<\/td>\n<\/tr>\n<tr>\n<td width=\"259\">voltage<\/td>\n<td width=\"355\">AC220V\/50HZ<\/td>\n<\/tr>\n<tr>\n<td width=\"259\">Toplam boyut (mm)<\/td>\n<td width=\"355\">585\u00d7200\u00d7630<\/td>\n<\/tr>\n<tr>\n<td width=\"259\">A\u011f\u0131rl\u0131k (kg)<\/td>\n<td width=\"355\">42<\/td>\n<\/tr>\n<\/tbody>\n<\/table>\n<h1 style=\"font-weight: 400;\"><strong>Standard configuration<\/strong><\/h1>\n<table>\n<tbody>\n<tr>\n<td width=\"277\">Host computer<\/td>\n<td width=\"277\">1<\/td>\n<\/tr>\n<tr>\n<td width=\"277\">weight<\/td>\n<td width=\"277\">3<\/td>\n<\/tr>\n<tr>\n<td width=\"277\">Large and medium &#8220;V&#8221; test benches<\/td>\n<td width=\"277\">1each<\/td>\n<\/tr>\n<tr>\n<td width=\"277\">Yatay ayar vidas\u0131<\/td>\n<td width=\"277\">4<\/td>\n<\/tr>\n<tr>\n<td width=\"277\">Power cable<\/td>\n<td width=\"277\">1<\/td>\n<\/tr>\n<tr>\n<td width=\"277\">10X digital microscope eyepiece<\/td>\n<td width=\"277\">1<\/td>\n<\/tr>\n<tr>\n<td width=\"277\">Vickers sertlik blo\u011fu<\/td>\n<td width=\"277\">2<\/td>\n<\/tr>\n<tr>\n<td width=\"277\">Spare fuse 2A<\/td>\n<td width=\"277\">2<\/td>\n<\/tr>\n<tr>\n<td width=\"277\">Product Certificate<\/td>\n<td width=\"277\">1<\/td>\n<\/tr>\n<tr>\n<td width=\"277\">Instruction Manual<\/td>\n<td width=\"277\">1<\/td>\n<\/tr>\n<\/tbody>\n<\/table>\n<p style=\"font-weight: 400;\">Remarks: Optional hardness tester measurement software to eliminate human error, computer operation, improve efficiency, and more precise accuracy.<\/p>\n<p style=\"font-weight: 400;\">\u00a0Optional built-in printer, one-key printing of measurement data<\/p>","protected":false},"excerpt":{"rendered":"<p>The automatic turret type Vickers hardness tester can meet the basic Vickers hardness tester test requirements. The upgraded turret can automatically switch the eyepiece and the indenter to avoid damage to the instrument caused by manual errors. At the same time, it greatly improves the efficiency. -Inch LCD touch screen, can provide more measurement data, control is more comprehensive and accurate.<\/p>","protected":false},"featured_media":30015,"comment_status":"open","ping_status":"closed","template":"","meta":[],"product_brand":[],"product_cat":[70,72],"product_tag":[113],"class_list":{"0":"post-30014","1":"product","2":"type-product","3":"status-publish","4":"has-post-thumbnail","6":"product_cat-hardness-tester","7":"product_cat-vickers-hardness-tester","8":"product_tag-vickers-hardness-tester","10":"first","11":"instock","12":"shipping-taxable","13":"product-type-simple"},"yoast_head":"<!-- This site is optimized with the Yoast SEO Premium plugin v25.4 (Yoast SEO v27.4) - https:\/\/yoast.com\/product\/yoast-seo-premium-wordpress\/ -->\n<title>(HVT-50Z)Touch screen automatic turret type Vickers hardness tester - hardnesstests<\/title>\n<meta name=\"robots\" content=\"index, follow, max-snippet:-1, max-image-preview:large, max-video-preview:-1\" \/>\n<link rel=\"canonical\" href=\"https:\/\/hardnesstests.com\/tr\/urun\/hvt-50ztouch-screen-automatic-turret-type-vickers-hardness-tester\/\" \/>\n<meta property=\"og:locale\" content=\"tr_TR\" \/>\n<meta property=\"og:type\" content=\"article\" \/>\n<meta property=\"og:title\" content=\"(HVT-50Z)Touch screen automatic turret type Vickers hardness tester\" \/>\n<meta property=\"og:description\" content=\"The automatic turret type Vickers hardness tester can meet the basic Vickers hardness tester test requirements. The upgraded turret can automatically switch the eyepiece and the indenter to avoid damage to the instrument caused by manual errors. At the same time, it greatly improves the efficiency. -Inch LCD touch screen, can provide more measurement data, control is more comprehensive and accurate.\" \/>\n<meta property=\"og:url\" content=\"https:\/\/hardnesstests.com\/tr\/urun\/hvt-50ztouch-screen-automatic-turret-type-vickers-hardness-tester\/\" \/>\n<meta property=\"og:site_name\" content=\"hardnesstests\" \/>\n<meta property=\"article:modified_time\" content=\"2025-11-28T05:21:32+00:00\" \/>\n<meta property=\"og:image\" content=\"https:\/\/hardnesstests.com\/wp-content\/uploads\/2025\/11\/HVT-50Z\u89e6\u6478\u5c4f\u81ea\u52a8\u8f6c\u5854\u578b\u7ef4\u6c0f\u786c\u5ea6\u8ba1.jpg\" \/>\n\t<meta property=\"og:image:width\" content=\"800\" \/>\n\t<meta property=\"og:image:height\" content=\"800\" \/>\n\t<meta property=\"og:image:type\" content=\"image\/jpeg\" \/>\n<meta name=\"twitter:card\" content=\"summary_large_image\" \/>\n<meta name=\"twitter:label1\" content=\"Tahmini okuma s\u00fcresi\" \/>\n\t<meta name=\"twitter:data1\" content=\"3 dakika\" \/>\n<script type=\"application\/ld+json\" class=\"yoast-schema-graph\">{\"@context\":\"https:\\\/\\\/schema.org\",\"@graph\":[{\"@type\":\"WebPage\",\"@id\":\"https:\\\/\\\/hardnesstests.com\\\/product\\\/hvt-50ztouch-screen-automatic-turret-type-vickers-hardness-tester\\\/\",\"url\":\"https:\\\/\\\/hardnesstests.com\\\/product\\\/hvt-50ztouch-screen-automatic-turret-type-vickers-hardness-tester\\\/\",\"name\":\"(HVT-50Z)Touch screen automatic turret type Vickers hardness tester - hardnesstests\",\"isPartOf\":{\"@id\":\"https:\\\/\\\/hardnesstests.com\\\/tr\\\/#website\"},\"primaryImageOfPage\":{\"@id\":\"https:\\\/\\\/hardnesstests.com\\\/product\\\/hvt-50ztouch-screen-automatic-turret-type-vickers-hardness-tester\\\/#primaryimage\"},\"image\":{\"@id\":\"https:\\\/\\\/hardnesstests.com\\\/product\\\/hvt-50ztouch-screen-automatic-turret-type-vickers-hardness-tester\\\/#primaryimage\"},\"thumbnailUrl\":\"https:\\\/\\\/hardnesstests.com\\\/wp-content\\\/uploads\\\/2025\\\/11\\\/HVT-50Z\u89e6\u6478\u5c4f\u81ea\u52a8\u8f6c\u5854\u578b\u7ef4\u6c0f\u786c\u5ea6\u8ba1.jpg\",\"datePublished\":\"2025-11-28T05:21:31+00:00\",\"dateModified\":\"2025-11-28T05:21:32+00:00\",\"breadcrumb\":{\"@id\":\"https:\\\/\\\/hardnesstests.com\\\/product\\\/hvt-50ztouch-screen-automatic-turret-type-vickers-hardness-tester\\\/#breadcrumb\"},\"inLanguage\":\"tr\",\"potentialAction\":[{\"@type\":\"ReadAction\",\"target\":[\"https:\\\/\\\/hardnesstests.com\\\/product\\\/hvt-50ztouch-screen-automatic-turret-type-vickers-hardness-tester\\\/\"]}]},{\"@type\":\"ImageObject\",\"inLanguage\":\"tr\",\"@id\":\"https:\\\/\\\/hardnesstests.com\\\/product\\\/hvt-50ztouch-screen-automatic-turret-type-vickers-hardness-tester\\\/#primaryimage\",\"url\":\"https:\\\/\\\/hardnesstests.com\\\/wp-content\\\/uploads\\\/2025\\\/11\\\/HVT-50Z\u89e6\u6478\u5c4f\u81ea\u52a8\u8f6c\u5854\u578b\u7ef4\u6c0f\u786c\u5ea6\u8ba1.jpg\",\"contentUrl\":\"https:\\\/\\\/hardnesstests.com\\\/wp-content\\\/uploads\\\/2025\\\/11\\\/HVT-50Z\u89e6\u6478\u5c4f\u81ea\u52a8\u8f6c\u5854\u578b\u7ef4\u6c0f\u786c\u5ea6\u8ba1.jpg\",\"width\":800,\"height\":800,\"caption\":\"(HVT-50Z)Touch screen automatic turret type Vickers hardness tester\"},{\"@type\":\"BreadcrumbList\",\"@id\":\"https:\\\/\\\/hardnesstests.com\\\/product\\\/hvt-50ztouch-screen-automatic-turret-type-vickers-hardness-tester\\\/#breadcrumb\",\"itemListElement\":[{\"@type\":\"ListItem\",\"position\":1,\"name\":\"\u9996\u9875\",\"item\":\"https:\\\/\\\/hardnesstests.com\\\/\"},{\"@type\":\"ListItem\",\"position\":2,\"name\":\"products\",\"item\":\"https:\\\/\\\/hardnesstests.com\\\/products\\\/\"},{\"@type\":\"ListItem\",\"position\":3,\"name\":\"(HVT-50Z)Touch screen automatic turret type Vickers hardness tester\"}]},{\"@type\":\"WebSite\",\"@id\":\"https:\\\/\\\/hardnesstests.com\\\/tr\\\/#website\",\"url\":\"https:\\\/\\\/hardnesstests.com\\\/tr\\\/\",\"name\":\"hardnesstests\",\"description\":\"\",\"publisher\":{\"@id\":\"https:\\\/\\\/hardnesstests.com\\\/tr\\\/#organization\"},\"potentialAction\":[{\"@type\":\"SearchAction\",\"target\":{\"@type\":\"EntryPoint\",\"urlTemplate\":\"https:\\\/\\\/hardnesstests.com\\\/tr\\\/?s={search_term_string}\"},\"query-input\":{\"@type\":\"PropertyValueSpecification\",\"valueRequired\":true,\"valueName\":\"search_term_string\"}}],\"inLanguage\":\"tr\"},{\"@type\":\"Organization\",\"@id\":\"https:\\\/\\\/hardnesstests.com\\\/tr\\\/#organization\",\"name\":\"hardnesstests\",\"url\":\"https:\\\/\\\/hardnesstests.com\\\/tr\\\/\",\"logo\":{\"@type\":\"ImageObject\",\"inLanguage\":\"tr\",\"@id\":\"https:\\\/\\\/hardnesstests.com\\\/tr\\\/#\\\/schema\\\/logo\\\/image\\\/\",\"url\":\"https:\\\/\\\/hardnesstests.com\\\/wp-content\\\/uploads\\\/2021\\\/08\\\/\u5fae\u4fe1\u56fe\u7247_20251029102004_335_1287.png\",\"contentUrl\":\"https:\\\/\\\/hardnesstests.com\\\/wp-content\\\/uploads\\\/2021\\\/08\\\/\u5fae\u4fe1\u56fe\u7247_20251029102004_335_1287.png\",\"width\":1308,\"height\":467,\"caption\":\"hardnesstests\"},\"image\":{\"@id\":\"https:\\\/\\\/hardnesstests.com\\\/tr\\\/#\\\/schema\\\/logo\\\/image\\\/\"}}]}<\/script>\n<!-- \/ Yoast SEO Premium plugin. -->","yoast_head_json":{"title":"(HVT-50Z)Touch screen automatic turret type Vickers hardness tester - hardnesstests","robots":{"index":"index","follow":"follow","max-snippet":"max-snippet:-1","max-image-preview":"max-image-preview:large","max-video-preview":"max-video-preview:-1"},"canonical":"https:\/\/hardnesstests.com\/tr\/urun\/hvt-50ztouch-screen-automatic-turret-type-vickers-hardness-tester\/","og_locale":"tr_TR","og_type":"article","og_title":"(HVT-50Z)Touch screen automatic turret type Vickers hardness tester","og_description":"The automatic turret type Vickers hardness tester can meet the basic Vickers hardness tester test requirements. The upgraded turret can automatically switch the eyepiece and the indenter to avoid damage to the instrument caused by manual errors. At the same time, it greatly improves the efficiency. -Inch LCD touch screen, can provide more measurement data, control is more comprehensive and accurate.","og_url":"https:\/\/hardnesstests.com\/tr\/urun\/hvt-50ztouch-screen-automatic-turret-type-vickers-hardness-tester\/","og_site_name":"hardnesstests","article_modified_time":"2025-11-28T05:21:32+00:00","og_image":[{"width":800,"height":800,"url":"https:\/\/hardnesstests.com\/wp-content\/uploads\/2025\/11\/HVT-50Z\u89e6\u6478\u5c4f\u81ea\u52a8\u8f6c\u5854\u578b\u7ef4\u6c0f\u786c\u5ea6\u8ba1.jpg","type":"image\/jpeg"}],"twitter_card":"summary_large_image","twitter_misc":{"Tahmini okuma s\u00fcresi":"3 dakika"},"schema":{"@context":"https:\/\/schema.org","@graph":[{"@type":"WebPage","@id":"https:\/\/hardnesstests.com\/product\/hvt-50ztouch-screen-automatic-turret-type-vickers-hardness-tester\/","url":"https:\/\/hardnesstests.com\/product\/hvt-50ztouch-screen-automatic-turret-type-vickers-hardness-tester\/","name":"(HVT-50Z)Touch screen automatic turret type Vickers hardness tester - hardnesstests","isPartOf":{"@id":"https:\/\/hardnesstests.com\/tr\/#website"},"primaryImageOfPage":{"@id":"https:\/\/hardnesstests.com\/product\/hvt-50ztouch-screen-automatic-turret-type-vickers-hardness-tester\/#primaryimage"},"image":{"@id":"https:\/\/hardnesstests.com\/product\/hvt-50ztouch-screen-automatic-turret-type-vickers-hardness-tester\/#primaryimage"},"thumbnailUrl":"https:\/\/hardnesstests.com\/wp-content\/uploads\/2025\/11\/HVT-50Z\u89e6\u6478\u5c4f\u81ea\u52a8\u8f6c\u5854\u578b\u7ef4\u6c0f\u786c\u5ea6\u8ba1.jpg","datePublished":"2025-11-28T05:21:31+00:00","dateModified":"2025-11-28T05:21:32+00:00","breadcrumb":{"@id":"https:\/\/hardnesstests.com\/product\/hvt-50ztouch-screen-automatic-turret-type-vickers-hardness-tester\/#breadcrumb"},"inLanguage":"tr","potentialAction":[{"@type":"ReadAction","target":["https:\/\/hardnesstests.com\/product\/hvt-50ztouch-screen-automatic-turret-type-vickers-hardness-tester\/"]}]},{"@type":"ImageObject","inLanguage":"tr","@id":"https:\/\/hardnesstests.com\/product\/hvt-50ztouch-screen-automatic-turret-type-vickers-hardness-tester\/#primaryimage","url":"https:\/\/hardnesstests.com\/wp-content\/uploads\/2025\/11\/HVT-50Z\u89e6\u6478\u5c4f\u81ea\u52a8\u8f6c\u5854\u578b\u7ef4\u6c0f\u786c\u5ea6\u8ba1.jpg","contentUrl":"https:\/\/hardnesstests.com\/wp-content\/uploads\/2025\/11\/HVT-50Z\u89e6\u6478\u5c4f\u81ea\u52a8\u8f6c\u5854\u578b\u7ef4\u6c0f\u786c\u5ea6\u8ba1.jpg","width":800,"height":800,"caption":"(HVT-50Z)Touch screen automatic turret type Vickers hardness tester"},{"@type":"BreadcrumbList","@id":"https:\/\/hardnesstests.com\/product\/hvt-50ztouch-screen-automatic-turret-type-vickers-hardness-tester\/#breadcrumb","itemListElement":[{"@type":"ListItem","position":1,"name":"\u9996\u9875","item":"https:\/\/hardnesstests.com\/"},{"@type":"ListItem","position":2,"name":"products","item":"https:\/\/hardnesstests.com\/products\/"},{"@type":"ListItem","position":3,"name":"(HVT-50Z)Touch screen automatic turret type Vickers hardness tester"}]},{"@type":"WebSite","@id":"https:\/\/hardnesstests.com\/tr\/#website","url":"https:\/\/hardnesstests.com\/tr\/","name":"hardnesstests","description":"","publisher":{"@id":"https:\/\/hardnesstests.com\/tr\/#organization"},"potentialAction":[{"@type":"SearchAction","target":{"@type":"EntryPoint","urlTemplate":"https:\/\/hardnesstests.com\/tr\/?s={search_term_string}"},"query-input":{"@type":"PropertyValueSpecification","valueRequired":true,"valueName":"search_term_string"}}],"inLanguage":"tr"},{"@type":"Organization","@id":"https:\/\/hardnesstests.com\/tr\/#organization","name":"hardnesstests","url":"https:\/\/hardnesstests.com\/tr\/","logo":{"@type":"ImageObject","inLanguage":"tr","@id":"https:\/\/hardnesstests.com\/tr\/#\/schema\/logo\/image\/","url":"https:\/\/hardnesstests.com\/wp-content\/uploads\/2021\/08\/\u5fae\u4fe1\u56fe\u7247_20251029102004_335_1287.png","contentUrl":"https:\/\/hardnesstests.com\/wp-content\/uploads\/2021\/08\/\u5fae\u4fe1\u56fe\u7247_20251029102004_335_1287.png","width":1308,"height":467,"caption":"hardnesstests"},"image":{"@id":"https:\/\/hardnesstests.com\/tr\/#\/schema\/logo\/image\/"}}]}},"_links":{"self":[{"href":"https:\/\/hardnesstests.com\/tr\/wp-json\/wp\/v2\/product\/30014","targetHints":{"allow":["GET"]}}],"collection":[{"href":"https:\/\/hardnesstests.com\/tr\/wp-json\/wp\/v2\/product"}],"about":[{"href":"https:\/\/hardnesstests.com\/tr\/wp-json\/wp\/v2\/types\/product"}],"replies":[{"embeddable":true,"href":"https:\/\/hardnesstests.com\/tr\/wp-json\/wp\/v2\/comments?post=30014"}],"version-history":[{"count":1,"href":"https:\/\/hardnesstests.com\/tr\/wp-json\/wp\/v2\/product\/30014\/revisions"}],"predecessor-version":[{"id":30016,"href":"https:\/\/hardnesstests.com\/tr\/wp-json\/wp\/v2\/product\/30014\/revisions\/30016"}],"wp:featuredmedia":[{"embeddable":true,"href":"https:\/\/hardnesstests.com\/tr\/wp-json\/wp\/v2\/media\/30015"}],"wp:attachment":[{"href":"https:\/\/hardnesstests.com\/tr\/wp-json\/wp\/v2\/media?parent=30014"}],"wp:term":[{"taxonomy":"product_brand","embeddable":true,"href":"https:\/\/hardnesstests.com\/tr\/wp-json\/wp\/v2\/product_brand?post=30014"},{"taxonomy":"product_cat","embeddable":true,"href":"https:\/\/hardnesstests.com\/tr\/wp-json\/wp\/v2\/product_cat?post=30014"},{"taxonomy":"product_tag","embeddable":true,"href":"https:\/\/hardnesstests.com\/tr\/wp-json\/wp\/v2\/product_tag?post=30014"}],"curies":[{"name":"wp","href":"https:\/\/api.w.org\/{rel}","templated":true}]}}