{"id":29929,"date":"2025-11-28T02:47:07","date_gmt":"2025-11-28T02:47:07","guid":{"rendered":"https:\/\/hardnesstests.com\/?post_type=product&#038;p=29929"},"modified":"2025-11-28T02:47:07","modified_gmt":"2025-11-28T02:47:07","slug":"hv-10z-automatic-vickers-vickers-hardness-tester","status":"publish","type":"product","link":"https:\/\/hardnesstests.com\/tr\/urun\/hv-10z-automatic-vickers-vickers-hardness-tester\/","title":{"rendered":"(HV-10Z) Otomatik Vickers Vickers Sertlik Test Cihaz\u0131"},"content":{"rendered":"<h1 style=\"font-weight: 400;\"><strong>Ana fonksiyonlar ve \u00f6zellikler:<\/strong><\/h1>\n<ol>\n<li style=\"font-weight: 400;\">The optical system designed by senior optical engineers not only has clear images, but also can be used as a simple microscope with adjustable brightness and comfortable vision.<\/li>\n<li style=\"font-weight: 400;\">On the industrial display screen, the hardness value can be visually displayed, the hardness can be converted, the test method, the test force, the time of the charge and the number of measurements, and the test process can be intuitively understood.<\/li>\n<li style=\"font-weight: 400;\">Cast aluminum shell molding, the structure is stable and not deformed, high-grade automotive paint, anti-scratch ability, use for many years is still bright as new;<\/li>\n<\/ol>\n<ol start=\"4\">\n<li style=\"font-weight: 400;\">Our company has its own R&amp;D, production and processing capabilities. Our machines provide parts replacement and maintenance upgrade services for life.<\/li>\n<li style=\"font-weight: 400;\">HV-10Z model can be achieved: observation &#8211; test &#8211; measurement of the position switch by the automatic turret<\/li>\n<\/ol>\n<h1 style=\"font-weight: 400;\"><strong>Main application scope:<\/strong><\/h1>\n<ol>\n<li style=\"font-weight: 400;\">Iron and steel, non-ferrous metals, metal foils, hard alloys, metal sheets, microstructures;<\/li>\n<li style=\"font-weight: 400;\">Carburizing, nitriding and decarburization layers, surface hardened layer, plating layer, coating;<\/li>\n<li style=\"font-weight: 400;\">glass, wafers, ceramic materials\uff0ccarbonization;<\/li>\n<\/ol>\n<h1 style=\"font-weight: 400;\"><strong>Technical Parameters:<\/strong><\/h1>\n<table>\n<tbody>\n<tr>\n<td width=\"259\">parameter name<\/td>\n<td width=\"294\">Parametre verileri<\/td>\n<\/tr>\n<tr>\n<td width=\"259\">Vickers sertlik \u00f6l\u00e7e\u011fi<\/td>\n<td width=\"294\">HV0.3,HV0.5,HV1.0,HV3.0,HV5.0,HV10.0<\/td>\n<\/tr>\n<tr>\n<td width=\"259\">display<\/td>\n<td width=\"294\">Automatic Reading Menu Display 5-digit hardness value, 4-digit diagonal length (D1, D2),<\/p>\n<p>Hold time, number of tests, average, standard deviation, return<\/td>\n<\/tr>\n<tr>\n<td width=\"259\">Test force(Kgf)<\/td>\n<td width=\"294\">0.3,0.5,1.0,3.0,5.0,10.0<\/td>\n<\/tr>\n<tr>\n<td width=\"259\">Y\u00fckleme kontrol\u00fc<\/td>\n<td width=\"294\">Automatic (load\/hold\/uninstall)<\/td>\n<\/tr>\n<tr>\n<td width=\"259\">Test force retention time(s)<\/td>\n<td width=\"294\">1\uff5e99<\/td>\n<\/tr>\n<tr>\n<td width=\"259\">Optik kanal<\/td>\n<td width=\"294\">Dual light channels (eyepieces and CCD camera channels)<\/td>\n<\/tr>\n<tr>\n<td width=\"259\">Optik sistem<\/td>\n<td width=\"294\">Objectives: 10\u00d7, 20\u00d7<\/p>\n<p>Eyepiece Magnification: 10\u00d7<\/p>\n<p>Total magnification (\u03bcm): 100\u00d7, 200\u00d7<\/p>\n<p>Measuring range: 800\u03bcm 400\u03bcm<\/p>\n<p>Resolution :1\u03bcm 0.5\u03bcm<\/td>\n<\/tr>\n<tr>\n<td width=\"259\">Sertlik \u00f6l\u00e7\u00fcm aral\u0131\u011f\u0131<\/td>\n<td width=\"294\">(5-3000)HV<\/td>\n<\/tr>\n<tr>\n<td width=\"259\">XY test stand (optional)<\/td>\n<td width=\"294\">Size (mm): 100\u00d7100<\/p>\n<p>Travel range (mm): 25\u00d725<\/p>\n<p>Minimum okuma (mm): 0.01<\/td>\n<\/tr>\n<tr>\n<td width=\"259\">Maximum height of specimen (mm)<\/td>\n<td width=\"294\">165<\/td>\n<\/tr>\n<tr>\n<td width=\"259\">Maximum width of specimen (mm)<\/td>\n<td width=\"294\">130 (distance from the center line of the indenter to the wall)<\/td>\n<\/tr>\n<tr>\n<td width=\"259\">Y\u00f6netici standard\u0131<\/td>\n<td width=\"294\">GB\/T4340.2 Chinese Standard,<\/p>\n<p>JJG151 Inspection Rule<\/td>\n<\/tr>\n<tr>\n<td width=\"259\">voltage<\/td>\n<td width=\"294\">AC220V\/50HZ<\/td>\n<\/tr>\n<tr>\n<td width=\"259\">Toplam boyut (mm)<\/td>\n<td width=\"294\">585\u00d7200\u00d7630<\/td>\n<\/tr>\n<tr>\n<td width=\"259\">A\u011f\u0131rl\u0131k (kg)<\/td>\n<td width=\"294\">42<\/td>\n<\/tr>\n<\/tbody>\n<\/table>\n<h1 style=\"font-weight: 400;\"><strong>Standard configuration<\/strong><\/h1>\n<table>\n<tbody>\n<tr>\n<td width=\"277\">Host computer<\/td>\n<td width=\"277\">1<\/td>\n<\/tr>\n<tr>\n<td width=\"277\">A\u011f\u0131rl\u0131k<\/td>\n<td width=\"277\">3<\/td>\n<\/tr>\n<tr>\n<td width=\"277\">Cross measuring platform<\/td>\n<td width=\"277\">1<\/td>\n<\/tr>\n<tr>\n<td width=\"277\">Flat clamping table<\/td>\n<td width=\"277\">1<\/td>\n<\/tr>\n<tr>\n<td width=\"277\">Yatay ayar vidas\u0131<\/td>\n<td width=\"277\">4<\/td>\n<\/tr>\n<tr>\n<td width=\"277\">Power cable<\/td>\n<td width=\"277\">1<\/td>\n<\/tr>\n<tr>\n<td width=\"277\">10X digital microscope eyepiece<\/td>\n<td width=\"277\">1<\/td>\n<\/tr>\n<tr>\n<td width=\"277\">Vickers sertlik blo\u011fu<\/td>\n<td width=\"277\">2<\/td>\n<\/tr>\n<tr>\n<td width=\"277\">Spare fuse 2A<\/td>\n<td width=\"277\">2<\/td>\n<\/tr>\n<tr>\n<td width=\"277\">Product Certificate<\/td>\n<td width=\"277\">1<\/td>\n<\/tr>\n<tr>\n<td width=\"277\">Instruction Manual<\/td>\n<td width=\"277\">1<\/td>\n<\/tr>\n<\/tbody>\n<\/table>\n<p style=\"font-weight: 400;\">Remarks: Optional hardness meter measurement software, eliminate human error, computer operation, improve efficiency, accuracy is more accurate.<\/p>","protected":false},"excerpt":{"rendered":"<p>The automatic turret-type Vickers hardness tester is a high-tech product of electromechanical and electromechanical integration. The hardness tester is novel in design, has good reliability, operability, and repeatability and is an ideal product for testing Vickers hardness. The machine uses computer software programming, optical measurement system. Through the soft key input, the measurement of Vickers and Knoop hardness can be selected, the intensity of the measuring light source can be adjusted, the time of charge can be selected, the test method and test force can be displayed on the LCD display, and the indentation pair can be measured through the panel input. The length of the corner line and the screen directly read the hardness value, making it simple to check the table. Easy to use, high measurement accuracy.<\/p>","protected":false},"featured_media":29930,"comment_status":"open","ping_status":"closed","template":"","meta":[],"product_brand":[],"product_cat":[70,72],"product_tag":[113],"class_list":{"0":"post-29929","1":"product","2":"type-product","3":"status-publish","4":"has-post-thumbnail","6":"product_cat-hardness-tester","7":"product_cat-vickers-hardness-tester","8":"product_tag-vickers-hardness-tester","10":"first","11":"instock","12":"shipping-taxable","13":"product-type-simple"},"yoast_head":"<!-- This site is optimized with the Yoast SEO Premium plugin v25.4 (Yoast SEO v27.4) - https:\/\/yoast.com\/product\/yoast-seo-premium-wordpress\/ -->\n<title>(HV-10Z) Automatic Vickers Vickers Hardness Tester - hardnesstests<\/title>\n<meta name=\"robots\" content=\"index, follow, max-snippet:-1, max-image-preview:large, max-video-preview:-1\" \/>\n<link rel=\"canonical\" href=\"https:\/\/hardnesstests.com\/tr\/urun\/hv-10z-automatic-vickers-vickers-hardness-tester\/\" \/>\n<meta property=\"og:locale\" content=\"tr_TR\" \/>\n<meta property=\"og:type\" content=\"article\" \/>\n<meta property=\"og:title\" content=\"(HV-10Z) Automatic Vickers Vickers Hardness Tester\" \/>\n<meta property=\"og:description\" content=\"The automatic turret-type Vickers hardness tester is a high-tech product of electromechanical and electromechanical integration. The hardness tester is novel in design, has good reliability, operability, and repeatability and is an ideal product for testing Vickers hardness. The machine uses computer software programming, optical measurement system. Through the soft key input, the measurement of Vickers and Knoop hardness can be selected, the intensity of the measuring light source can be adjusted, the time of charge can be selected, the test method and test force can be displayed on the LCD display, and the indentation pair can be measured through the panel input. The length of the corner line and the screen directly read the hardness value, making it simple to check the table. Easy to use, high measurement accuracy.\" \/>\n<meta property=\"og:url\" content=\"https:\/\/hardnesstests.com\/tr\/urun\/hv-10z-automatic-vickers-vickers-hardness-tester\/\" \/>\n<meta property=\"og:site_name\" content=\"hardnesstests\" \/>\n<meta property=\"og:image\" content=\"https:\/\/hardnesstests.com\/wp-content\/uploads\/2025\/11\/HV-10Z\u81ea\u52a8\u8f6c\u5854\u7ef4\u6c0f\u786c\u5ea6\u8ba1.jpg\" \/>\n\t<meta property=\"og:image:width\" content=\"800\" \/>\n\t<meta property=\"og:image:height\" content=\"800\" \/>\n\t<meta property=\"og:image:type\" content=\"image\/jpeg\" \/>\n<meta name=\"twitter:card\" content=\"summary_large_image\" \/>\n<meta name=\"twitter:label1\" content=\"Tahmini okuma s\u00fcresi\" \/>\n\t<meta name=\"twitter:data1\" content=\"2 dakika\" \/>\n<script type=\"application\/ld+json\" class=\"yoast-schema-graph\">{\"@context\":\"https:\\\/\\\/schema.org\",\"@graph\":[{\"@type\":\"WebPage\",\"@id\":\"https:\\\/\\\/hardnesstests.com\\\/product\\\/hv-10z-automatic-vickers-vickers-hardness-tester\\\/\",\"url\":\"https:\\\/\\\/hardnesstests.com\\\/product\\\/hv-10z-automatic-vickers-vickers-hardness-tester\\\/\",\"name\":\"(HV-10Z) Automatic Vickers Vickers Hardness Tester - hardnesstests\",\"isPartOf\":{\"@id\":\"https:\\\/\\\/hardnesstests.com\\\/tr\\\/#website\"},\"primaryImageOfPage\":{\"@id\":\"https:\\\/\\\/hardnesstests.com\\\/product\\\/hv-10z-automatic-vickers-vickers-hardness-tester\\\/#primaryimage\"},\"image\":{\"@id\":\"https:\\\/\\\/hardnesstests.com\\\/product\\\/hv-10z-automatic-vickers-vickers-hardness-tester\\\/#primaryimage\"},\"thumbnailUrl\":\"https:\\\/\\\/hardnesstests.com\\\/wp-content\\\/uploads\\\/2025\\\/11\\\/HV-10Z\u81ea\u52a8\u8f6c\u5854\u7ef4\u6c0f\u786c\u5ea6\u8ba1.jpg\",\"datePublished\":\"2025-11-28T02:47:07+00:00\",\"breadcrumb\":{\"@id\":\"https:\\\/\\\/hardnesstests.com\\\/product\\\/hv-10z-automatic-vickers-vickers-hardness-tester\\\/#breadcrumb\"},\"inLanguage\":\"tr\",\"potentialAction\":[{\"@type\":\"ReadAction\",\"target\":[\"https:\\\/\\\/hardnesstests.com\\\/product\\\/hv-10z-automatic-vickers-vickers-hardness-tester\\\/\"]}]},{\"@type\":\"ImageObject\",\"inLanguage\":\"tr\",\"@id\":\"https:\\\/\\\/hardnesstests.com\\\/product\\\/hv-10z-automatic-vickers-vickers-hardness-tester\\\/#primaryimage\",\"url\":\"https:\\\/\\\/hardnesstests.com\\\/wp-content\\\/uploads\\\/2025\\\/11\\\/HV-10Z\u81ea\u52a8\u8f6c\u5854\u7ef4\u6c0f\u786c\u5ea6\u8ba1.jpg\",\"contentUrl\":\"https:\\\/\\\/hardnesstests.com\\\/wp-content\\\/uploads\\\/2025\\\/11\\\/HV-10Z\u81ea\u52a8\u8f6c\u5854\u7ef4\u6c0f\u786c\u5ea6\u8ba1.jpg\",\"width\":800,\"height\":800,\"caption\":\"(HV-10Z) Automatic Vickers Vickers Hardness Tester\"},{\"@type\":\"BreadcrumbList\",\"@id\":\"https:\\\/\\\/hardnesstests.com\\\/product\\\/hv-10z-automatic-vickers-vickers-hardness-tester\\\/#breadcrumb\",\"itemListElement\":[{\"@type\":\"ListItem\",\"position\":1,\"name\":\"\u9996\u9875\",\"item\":\"https:\\\/\\\/hardnesstests.com\\\/\"},{\"@type\":\"ListItem\",\"position\":2,\"name\":\"products\",\"item\":\"https:\\\/\\\/hardnesstests.com\\\/products\\\/\"},{\"@type\":\"ListItem\",\"position\":3,\"name\":\"(HV-10Z) Automatic Vickers Vickers Hardness Tester\"}]},{\"@type\":\"WebSite\",\"@id\":\"https:\\\/\\\/hardnesstests.com\\\/tr\\\/#website\",\"url\":\"https:\\\/\\\/hardnesstests.com\\\/tr\\\/\",\"name\":\"hardnesstests\",\"description\":\"\",\"publisher\":{\"@id\":\"https:\\\/\\\/hardnesstests.com\\\/tr\\\/#organization\"},\"potentialAction\":[{\"@type\":\"SearchAction\",\"target\":{\"@type\":\"EntryPoint\",\"urlTemplate\":\"https:\\\/\\\/hardnesstests.com\\\/tr\\\/?s={search_term_string}\"},\"query-input\":{\"@type\":\"PropertyValueSpecification\",\"valueRequired\":true,\"valueName\":\"search_term_string\"}}],\"inLanguage\":\"tr\"},{\"@type\":\"Organization\",\"@id\":\"https:\\\/\\\/hardnesstests.com\\\/tr\\\/#organization\",\"name\":\"hardnesstests\",\"url\":\"https:\\\/\\\/hardnesstests.com\\\/tr\\\/\",\"logo\":{\"@type\":\"ImageObject\",\"inLanguage\":\"tr\",\"@id\":\"https:\\\/\\\/hardnesstests.com\\\/tr\\\/#\\\/schema\\\/logo\\\/image\\\/\",\"url\":\"https:\\\/\\\/hardnesstests.com\\\/wp-content\\\/uploads\\\/2021\\\/08\\\/\u5fae\u4fe1\u56fe\u7247_20251029102004_335_1287.png\",\"contentUrl\":\"https:\\\/\\\/hardnesstests.com\\\/wp-content\\\/uploads\\\/2021\\\/08\\\/\u5fae\u4fe1\u56fe\u7247_20251029102004_335_1287.png\",\"width\":1308,\"height\":467,\"caption\":\"hardnesstests\"},\"image\":{\"@id\":\"https:\\\/\\\/hardnesstests.com\\\/tr\\\/#\\\/schema\\\/logo\\\/image\\\/\"}}]}<\/script>\n<!-- \/ Yoast SEO Premium plugin. -->","yoast_head_json":{"title":"(HV-10Z) Automatic Vickers Vickers Hardness Tester - hardnesstests","robots":{"index":"index","follow":"follow","max-snippet":"max-snippet:-1","max-image-preview":"max-image-preview:large","max-video-preview":"max-video-preview:-1"},"canonical":"https:\/\/hardnesstests.com\/tr\/urun\/hv-10z-automatic-vickers-vickers-hardness-tester\/","og_locale":"tr_TR","og_type":"article","og_title":"(HV-10Z) Automatic Vickers Vickers Hardness Tester","og_description":"The automatic turret-type Vickers hardness tester is a high-tech product of electromechanical and electromechanical integration. The hardness tester is novel in design, has good reliability, operability, and repeatability and is an ideal product for testing Vickers hardness. The machine uses computer software programming, optical measurement system. Through the soft key input, the measurement of Vickers and Knoop hardness can be selected, the intensity of the measuring light source can be adjusted, the time of charge can be selected, the test method and test force can be displayed on the LCD display, and the indentation pair can be measured through the panel input. The length of the corner line and the screen directly read the hardness value, making it simple to check the table. Easy to use, high measurement accuracy.","og_url":"https:\/\/hardnesstests.com\/tr\/urun\/hv-10z-automatic-vickers-vickers-hardness-tester\/","og_site_name":"hardnesstests","og_image":[{"width":800,"height":800,"url":"https:\/\/hardnesstests.com\/wp-content\/uploads\/2025\/11\/HV-10Z\u81ea\u52a8\u8f6c\u5854\u7ef4\u6c0f\u786c\u5ea6\u8ba1.jpg","type":"image\/jpeg"}],"twitter_card":"summary_large_image","twitter_misc":{"Tahmini okuma s\u00fcresi":"2 dakika"},"schema":{"@context":"https:\/\/schema.org","@graph":[{"@type":"WebPage","@id":"https:\/\/hardnesstests.com\/product\/hv-10z-automatic-vickers-vickers-hardness-tester\/","url":"https:\/\/hardnesstests.com\/product\/hv-10z-automatic-vickers-vickers-hardness-tester\/","name":"(HV-10Z) Automatic Vickers Vickers Hardness Tester - hardnesstests","isPartOf":{"@id":"https:\/\/hardnesstests.com\/tr\/#website"},"primaryImageOfPage":{"@id":"https:\/\/hardnesstests.com\/product\/hv-10z-automatic-vickers-vickers-hardness-tester\/#primaryimage"},"image":{"@id":"https:\/\/hardnesstests.com\/product\/hv-10z-automatic-vickers-vickers-hardness-tester\/#primaryimage"},"thumbnailUrl":"https:\/\/hardnesstests.com\/wp-content\/uploads\/2025\/11\/HV-10Z\u81ea\u52a8\u8f6c\u5854\u7ef4\u6c0f\u786c\u5ea6\u8ba1.jpg","datePublished":"2025-11-28T02:47:07+00:00","breadcrumb":{"@id":"https:\/\/hardnesstests.com\/product\/hv-10z-automatic-vickers-vickers-hardness-tester\/#breadcrumb"},"inLanguage":"tr","potentialAction":[{"@type":"ReadAction","target":["https:\/\/hardnesstests.com\/product\/hv-10z-automatic-vickers-vickers-hardness-tester\/"]}]},{"@type":"ImageObject","inLanguage":"tr","@id":"https:\/\/hardnesstests.com\/product\/hv-10z-automatic-vickers-vickers-hardness-tester\/#primaryimage","url":"https:\/\/hardnesstests.com\/wp-content\/uploads\/2025\/11\/HV-10Z\u81ea\u52a8\u8f6c\u5854\u7ef4\u6c0f\u786c\u5ea6\u8ba1.jpg","contentUrl":"https:\/\/hardnesstests.com\/wp-content\/uploads\/2025\/11\/HV-10Z\u81ea\u52a8\u8f6c\u5854\u7ef4\u6c0f\u786c\u5ea6\u8ba1.jpg","width":800,"height":800,"caption":"(HV-10Z) Automatic Vickers Vickers Hardness Tester"},{"@type":"BreadcrumbList","@id":"https:\/\/hardnesstests.com\/product\/hv-10z-automatic-vickers-vickers-hardness-tester\/#breadcrumb","itemListElement":[{"@type":"ListItem","position":1,"name":"\u9996\u9875","item":"https:\/\/hardnesstests.com\/"},{"@type":"ListItem","position":2,"name":"products","item":"https:\/\/hardnesstests.com\/products\/"},{"@type":"ListItem","position":3,"name":"(HV-10Z) Automatic Vickers Vickers Hardness Tester"}]},{"@type":"WebSite","@id":"https:\/\/hardnesstests.com\/tr\/#website","url":"https:\/\/hardnesstests.com\/tr\/","name":"hardnesstests","description":"","publisher":{"@id":"https:\/\/hardnesstests.com\/tr\/#organization"},"potentialAction":[{"@type":"SearchAction","target":{"@type":"EntryPoint","urlTemplate":"https:\/\/hardnesstests.com\/tr\/?s={search_term_string}"},"query-input":{"@type":"PropertyValueSpecification","valueRequired":true,"valueName":"search_term_string"}}],"inLanguage":"tr"},{"@type":"Organization","@id":"https:\/\/hardnesstests.com\/tr\/#organization","name":"hardnesstests","url":"https:\/\/hardnesstests.com\/tr\/","logo":{"@type":"ImageObject","inLanguage":"tr","@id":"https:\/\/hardnesstests.com\/tr\/#\/schema\/logo\/image\/","url":"https:\/\/hardnesstests.com\/wp-content\/uploads\/2021\/08\/\u5fae\u4fe1\u56fe\u7247_20251029102004_335_1287.png","contentUrl":"https:\/\/hardnesstests.com\/wp-content\/uploads\/2021\/08\/\u5fae\u4fe1\u56fe\u7247_20251029102004_335_1287.png","width":1308,"height":467,"caption":"hardnesstests"},"image":{"@id":"https:\/\/hardnesstests.com\/tr\/#\/schema\/logo\/image\/"}}]}},"_links":{"self":[{"href":"https:\/\/hardnesstests.com\/tr\/wp-json\/wp\/v2\/product\/29929","targetHints":{"allow":["GET"]}}],"collection":[{"href":"https:\/\/hardnesstests.com\/tr\/wp-json\/wp\/v2\/product"}],"about":[{"href":"https:\/\/hardnesstests.com\/tr\/wp-json\/wp\/v2\/types\/product"}],"replies":[{"embeddable":true,"href":"https:\/\/hardnesstests.com\/tr\/wp-json\/wp\/v2\/comments?post=29929"}],"version-history":[{"count":1,"href":"https:\/\/hardnesstests.com\/tr\/wp-json\/wp\/v2\/product\/29929\/revisions"}],"predecessor-version":[{"id":29931,"href":"https:\/\/hardnesstests.com\/tr\/wp-json\/wp\/v2\/product\/29929\/revisions\/29931"}],"wp:featuredmedia":[{"embeddable":true,"href":"https:\/\/hardnesstests.com\/tr\/wp-json\/wp\/v2\/media\/29930"}],"wp:attachment":[{"href":"https:\/\/hardnesstests.com\/tr\/wp-json\/wp\/v2\/media?parent=29929"}],"wp:term":[{"taxonomy":"product_brand","embeddable":true,"href":"https:\/\/hardnesstests.com\/tr\/wp-json\/wp\/v2\/product_brand?post=29929"},{"taxonomy":"product_cat","embeddable":true,"href":"https:\/\/hardnesstests.com\/tr\/wp-json\/wp\/v2\/product_cat?post=29929"},{"taxonomy":"product_tag","embeddable":true,"href":"https:\/\/hardnesstests.com\/tr\/wp-json\/wp\/v2\/product_tag?post=29929"}],"curies":[{"name":"wp","href":"https:\/\/api.w.org\/{rel}","templated":true}]}}