{"id":29901,"date":"2025-11-28T01:54:35","date_gmt":"2025-11-28T01:54:35","guid":{"rendered":"https:\/\/hardnesstests.com\/?post_type=product&#038;p=29901"},"modified":"2025-11-28T01:54:35","modified_gmt":"2025-11-28T01:54:35","slug":"chvs-2000zsensor-micro-vickers-hardness-tester","status":"publish","type":"product","link":"https:\/\/hardnesstests.com\/tr\/urun\/chvs-2000zsensor-micro-vickers-hardness-tester\/","title":{"rendered":"(CHVS-2000Z) Sens\u00f6rl\u00fc Mikro Vickers Sertlik \u00d6l\u00e7me Cihaz\u0131"},"content":{"rendered":"<h1 style=\"font-weight: 400;\"><strong>Makinenin ana fonksiyonlar\u0131 ve \u00f6zellikleri:<\/strong><\/h1>\n<ol>\n<li style=\"font-weight: 400;\">\u00dcst d\u00fczey optik m\u00fchendisleri taraf\u0131ndan tasarlanan optik sistem sadece net g\u00f6r\u00fcnt\u00fclere sahip olmakla kalmaz, ayn\u0131 zamanda basit bir mikroskop olarak da kullan\u0131labilir. Parlakl\u0131k ayarlanabilir, g\u00f6r\u00fc\u015f rahatt\u0131r ve uzun s\u00fcreli \u00e7al\u0131\u015fmadan sonra yorulmak kolay de\u011fildir;<\/li>\n<li style=\"font-weight: 400;\">The industrial display screen LCD large screen can display the test method, test force, measured indentation length, hardness value, test force holding time, number of measurements, and can enter the year, month, date, test results and data processing, etc.;<\/li>\n<li style=\"font-weight: 400;\">D\u00f6kme al\u00fcminyum kabuk tek ad\u0131mda olu\u015fturulur, yap\u0131 sabittir ve deforme olmaz, araba boyas\u0131 y\u00fcksek derecelidir ve \u00e7izilme direnci g\u00fc\u00e7l\u00fcd\u00fcr. Y\u0131llarca kullan\u0131mdan sonra hala yeni gibi parlakt\u0131r;<\/li>\n<li style=\"font-weight: 400;\">Firmam\u0131z ba\u011f\u0131ms\u0131z olarak geli\u015ftirme, tasarlama, \u00fcretme ve i\u015fleme yetene\u011fine sahiptir ve makinelerimiz \u00f6m\u00fcr boyu par\u00e7a de\u011fi\u015ftirme ve bak\u0131m y\u00fckseltme hizmetleri sunmaktad\u0131r;<\/li>\n<li style=\"font-weight: 400;\">The CHVS-2000Z model can measure the length and directly confirm the hardness value;<\/li>\n<li style=\"font-weight: 400;\">The CHVS-2000Z model can realize: observation-test-measurement position switching is completed by the automatic turret;<\/li>\n<li style=\"font-weight: 400;\">Equipped with a large LCD screen; the LCD large screen display is convenient for observation, and the test conditions and test process are intuitive and clear;<\/li>\n<li style=\"font-weight: 400;\">Optional built-in printer; test results and test data are directly printed;<\/li>\n<\/ol>\n<h1 style=\"font-weight: 400;\"><strong>Ana kullan\u0131m alanlar\u0131 ve uygulama kapsam\u0131:<\/strong><\/h1>\n<ol>\n<li style=\"font-weight: 400;\">Steel, non-ferrous metals, metal foils, hard alloys, metal sheets, microstructures, carburization;<\/li>\n<li style=\"font-weight: 400;\">Karb\u00fcrleme, nitr\u00fcrleme ve dekarb\u00fcrleme katmanlar\u0131, y\u00fczey sertle\u015ftirme katmanlar\u0131, elektrokaplama katmanlar\u0131, kaplamalar, \u0131s\u0131l i\u015flem;<\/li>\n<li style=\"font-weight: 400;\">Cam, gofret, seramik malzemeler;<\/li>\n<\/ol>\n<h1 style=\"font-weight: 400;\"><strong>Teknik parametreler:<\/strong><\/h1>\n<table>\n<tbody>\n<tr>\n<td width=\"151\">Parametre ad\u0131<\/td>\n<td width=\"406\">Parametre verileri<\/td>\n<\/tr>\n<tr>\n<td width=\"151\">Vickers sertlik \u00f6l\u00e7e\u011fi<\/td>\n<td width=\"406\">HV0.025, HV0.05, HV0.1, HV0.2, HV0.3, HV0.5, HV1, HV2,<\/td>\n<\/tr>\n<tr>\n<td width=\"151\">Ekran<\/td>\n<td width=\"406\">Hardness value, diagonal length (D1, D2),<\/td>\n<\/tr>\n<tr>\n<td width=\"151\">Test kuvveti (Kgf)<\/td>\n<td width=\"406\">Holding time, number of tests, average value, conversion value, etc.<\/td>\n<\/tr>\n<tr>\n<td width=\"151\">Test modu<\/td>\n<td width=\"406\">0.025, 0.05, 0.1, 0.2, 0.3, 0.5, 1, 2kgf<\/td>\n<\/tr>\n<tr>\n<td width=\"151\">Objektif lensi ve indenter anahtar\u0131<\/td>\n<td width=\"406\">HV\/HK<\/td>\n<\/tr>\n<tr>\n<td width=\"151\">\u00d6l\u00e7\u00fcm b\u00fcy\u00fctme<\/td>\n<td width=\"406\">Otomatik anahtarlama<\/td>\n<\/tr>\n<tr>\n<td width=\"151\">Y\u00fckleme kontrol\u00fc<\/td>\n<td width=\"406\">Dual objective lens measurement 10X, 40X can be measured<\/td>\n<\/tr>\n<tr>\n<td width=\"151\">Test kuvveti tutma s\u00fcresi (s)<\/td>\n<td width=\"406\">Automatic (load\/hold\/unload)<\/td>\n<\/tr>\n<tr>\n<td width=\"151\">Optik kanal<\/td>\n<td width=\"406\">1~99<\/td>\n<\/tr>\n<tr>\n<td width=\"151\">Optik sistem<\/td>\n<td width=\"406\">Dual light channel (eyepiece and CCD camera channel)<\/td>\n<\/tr>\n<tr>\n<td width=\"151\">Language<\/td>\n<td width=\"406\">Objective: 10\u00d7, 40\u00d7 Eyepiece magnification: 10\u00d7 (optional 15X)<\/td>\n<\/tr>\n<tr>\n<td width=\"151\">Y\u00fcr\u00fctme standard\u0131<\/td>\n<td width=\"406\">Total magnification (\u03bcm): 100\u00d7, 400\u00d7 Measuring range (\u03bcm): 200<\/td>\n<\/tr>\n<tr>\n<td width=\"151\">Sertlik \u00f6l\u00e7\u00fcm aral\u0131\u011f\u0131<\/td>\n<td width=\"406\">Resolution (\u03bcm): 0.0625<\/td>\n<\/tr>\n<tr>\n<td width=\"151\">XY test table<\/td>\n<td width=\"406\">Chinese and English<\/td>\n<\/tr>\n<tr>\n<td width=\"151\">Maksimum test par\u00e7as\u0131 y\u00fcksekli\u011fi (mm)<\/td>\n<td width=\"406\">ISO 6507, ASTM E92, JIS Z2244, GB\/T 4340.2<\/td>\n<\/tr>\n<tr>\n<td width=\"151\">Maksimum test par\u00e7as\u0131 geni\u015fli\u011fi (mm)<\/td>\n<td width=\"406\">(5-9999)HV<\/td>\n<\/tr>\n<tr>\n<td width=\"151\">Veri \u00e7\u0131k\u0131\u015f\u0131<\/td>\n<td width=\"406\">Dimensions (mm): 100\u00d7100 Stroke range (mm): 25\u00d725<\/td>\n<\/tr>\n<tr>\n<td width=\"151\">G\u00fc\u00e7 kayna\u011f\u0131 gerilimi<\/td>\n<td width=\"406\">AC220V\/50HZ<\/td>\n<\/tr>\n<tr>\n<td width=\"151\">Boyutlar (mm)<\/td>\n<td width=\"406\">585\u00d7200\u00d7630<\/td>\n<\/tr>\n<tr>\n<td width=\"151\">A\u011f\u0131rl\u0131k (kg)<\/td>\n<td width=\"406\">42<\/td>\n<\/tr>\n<\/tbody>\n<\/table>\n<table>\n<tbody>\n<tr>\n<td width=\"308\">Ana \u00fcnite<\/td>\n<td width=\"238\"><\/td>\n<\/tr>\n<tr>\n<td width=\"308\">Cross measuring platform<\/td>\n<td width=\"238\">1 adet<\/td>\n<\/tr>\n<tr>\n<td width=\"308\">Flat clamping table<\/td>\n<td width=\"238\">1 adet<\/td>\n<\/tr>\n<tr>\n<td width=\"308\">Yatay ayar vidas\u0131<\/td>\n<td width=\"238\">4 adet<\/td>\n<\/tr>\n<tr>\n<td width=\"308\">G\u00fc\u00e7 kablosu<\/td>\n<td width=\"238\">1 \u00e7ubuk<\/td>\n<\/tr>\n<tr>\n<td width=\"308\">10X digital display micrometer eyepiece<\/td>\n<td width=\"238\">1 adet<\/td>\n<\/tr>\n<tr>\n<td width=\"308\">Vickers sertlik blo\u011fu<\/td>\n<td width=\"238\">2 adet<\/td>\n<\/tr>\n<tr>\n<td width=\"308\">Spare fuse 2A<\/td>\n<td width=\"238\">2 adet<\/td>\n<\/tr>\n<tr>\n<td width=\"308\">\u00dcr\u00fcn sertifikas\u0131<\/td>\n<td width=\"238\">1 porsiyon<\/td>\n<\/tr>\n<tr>\n<td width=\"308\">\u00dcr\u00fcn kullan\u0131m k\u0131lavuzu<\/td>\n<td width=\"238\">1 porsiyon<\/td>\n<\/tr>\n<\/tbody>\n<\/table>\n<h1 style=\"font-weight: 400;\"><strong>Note: <\/strong><\/h1>\n<ol>\n<li style=\"font-weight: 400;\">A built-in printer is available as an option, and the measured data can be printed with one click, or uploaded to a computer.<\/li>\n<li style=\"font-weight: 400;\">Optional hardness tester measurement software can eliminate human errors, operate on a computer, improve efficiency, and achieve more accurate precision.<\/li>\n<\/ol>","protected":false},"excerpt":{"rendered":"<p>The digital automatic turret micro Vickers hardness tester is a high-tech product integrating optics, machinery and electricity. It adopts a closed-loop loading control system, with high test force accuracy, good repeatability and stability of the indicated value. The instrument adopts a new high-resolution display screen, which is intuitive and clear, easy to operate, and has an energy-saving mode. Equipped with a digital micrometer eyepiece, there is no need to look up a table or enter the indentation diagonal. The test force, indentation length, dwell time, number of measurements, conversion scale, date and time are intuitively displayed on the screen. When operating, just measure the indentation and press the eyepiece button to automatically calculate the hardness value and display it on the screen. The hardness test results are saved in real time and printed out, and the maximum, minimum and average values\u00a0are automatically calculated.<\/p>","protected":false},"featured_media":29902,"comment_status":"open","ping_status":"closed","template":"","meta":[],"product_brand":[],"product_cat":[70,91],"product_tag":[101],"class_list":{"0":"post-29901","1":"product","2":"type-product","3":"status-publish","4":"has-post-thumbnail","6":"product_cat-hardness-tester","7":"product_cat-micro-vickers-hardness-tester","8":"product_tag-micro-vickers-hardness-tester","10":"first","11":"instock","12":"shipping-taxable","13":"product-type-simple"},"yoast_head":"<!-- This site is optimized with the Yoast SEO Premium plugin v25.4 (Yoast SEO v27.4) - https:\/\/yoast.com\/product\/yoast-seo-premium-wordpress\/ -->\n<title>(CHVS-2000Z)Sensor Micro Vickers Hardness Tester - hardnesstests<\/title>\n<meta name=\"robots\" content=\"index, follow, max-snippet:-1, max-image-preview:large, max-video-preview:-1\" \/>\n<link rel=\"canonical\" href=\"https:\/\/hardnesstests.com\/tr\/urun\/chvs-2000zsensor-micro-vickers-hardness-tester\/\" \/>\n<meta property=\"og:locale\" content=\"tr_TR\" \/>\n<meta property=\"og:type\" content=\"article\" \/>\n<meta property=\"og:title\" content=\"(CHVS-2000Z)Sensor Micro Vickers Hardness Tester\" \/>\n<meta property=\"og:description\" content=\"The digital automatic turret micro Vickers hardness tester is a high-tech product integrating optics, machinery and electricity. It adopts a closed-loop loading control system, with high test force accuracy, good repeatability and stability of the indicated value. The instrument adopts a new high-resolution display screen, which is intuitive and clear, easy to operate, and has an energy-saving mode. Equipped with a digital micrometer eyepiece, there is no need to look up a table or enter the indentation diagonal. The test force, indentation length, dwell time, number of measurements, conversion scale, date and time are intuitively displayed on the screen. When operating, just measure the indentation and press the eyepiece button to automatically calculate the hardness value and display it on the screen. The hardness test results are saved in real time and printed out, and the maximum, minimum and average values\u00a0are automatically calculated.\" \/>\n<meta property=\"og:url\" content=\"https:\/\/hardnesstests.com\/tr\/urun\/chvs-2000zsensor-micro-vickers-hardness-tester\/\" \/>\n<meta property=\"og:site_name\" content=\"hardnesstests\" \/>\n<meta property=\"og:image\" content=\"https:\/\/hardnesstests.com\/wp-content\/uploads\/2025\/11\/CHVS-2000Z-\u4f20\u611f\u5668\u663e\u5fae\u7ef4\u6c0f\u786c\u5ea6\u8ba1.jpg\" \/>\n\t<meta property=\"og:image:width\" content=\"800\" \/>\n\t<meta property=\"og:image:height\" content=\"800\" \/>\n\t<meta property=\"og:image:type\" content=\"image\/jpeg\" \/>\n<meta name=\"twitter:card\" content=\"summary_large_image\" \/>\n<meta name=\"twitter:label1\" content=\"Tahmini okuma s\u00fcresi\" \/>\n\t<meta name=\"twitter:data1\" content=\"2 dakika\" \/>\n<script type=\"application\/ld+json\" class=\"yoast-schema-graph\">{\"@context\":\"https:\\\/\\\/schema.org\",\"@graph\":[{\"@type\":\"WebPage\",\"@id\":\"https:\\\/\\\/hardnesstests.com\\\/product\\\/chvs-2000zsensor-micro-vickers-hardness-tester\\\/\",\"url\":\"https:\\\/\\\/hardnesstests.com\\\/product\\\/chvs-2000zsensor-micro-vickers-hardness-tester\\\/\",\"name\":\"(CHVS-2000Z)Sensor Micro Vickers Hardness Tester - hardnesstests\",\"isPartOf\":{\"@id\":\"https:\\\/\\\/hardnesstests.com\\\/tr\\\/#website\"},\"primaryImageOfPage\":{\"@id\":\"https:\\\/\\\/hardnesstests.com\\\/product\\\/chvs-2000zsensor-micro-vickers-hardness-tester\\\/#primaryimage\"},\"image\":{\"@id\":\"https:\\\/\\\/hardnesstests.com\\\/product\\\/chvs-2000zsensor-micro-vickers-hardness-tester\\\/#primaryimage\"},\"thumbnailUrl\":\"https:\\\/\\\/hardnesstests.com\\\/wp-content\\\/uploads\\\/2025\\\/11\\\/CHVS-2000Z-\u4f20\u611f\u5668\u663e\u5fae\u7ef4\u6c0f\u786c\u5ea6\u8ba1.jpg\",\"datePublished\":\"2025-11-28T01:54:35+00:00\",\"breadcrumb\":{\"@id\":\"https:\\\/\\\/hardnesstests.com\\\/product\\\/chvs-2000zsensor-micro-vickers-hardness-tester\\\/#breadcrumb\"},\"inLanguage\":\"tr\",\"potentialAction\":[{\"@type\":\"ReadAction\",\"target\":[\"https:\\\/\\\/hardnesstests.com\\\/product\\\/chvs-2000zsensor-micro-vickers-hardness-tester\\\/\"]}]},{\"@type\":\"ImageObject\",\"inLanguage\":\"tr\",\"@id\":\"https:\\\/\\\/hardnesstests.com\\\/product\\\/chvs-2000zsensor-micro-vickers-hardness-tester\\\/#primaryimage\",\"url\":\"https:\\\/\\\/hardnesstests.com\\\/wp-content\\\/uploads\\\/2025\\\/11\\\/CHVS-2000Z-\u4f20\u611f\u5668\u663e\u5fae\u7ef4\u6c0f\u786c\u5ea6\u8ba1.jpg\",\"contentUrl\":\"https:\\\/\\\/hardnesstests.com\\\/wp-content\\\/uploads\\\/2025\\\/11\\\/CHVS-2000Z-\u4f20\u611f\u5668\u663e\u5fae\u7ef4\u6c0f\u786c\u5ea6\u8ba1.jpg\",\"width\":800,\"height\":800,\"caption\":\"(CHVS-2000Z)Sensor Micro Vickers Hardness Tester\"},{\"@type\":\"BreadcrumbList\",\"@id\":\"https:\\\/\\\/hardnesstests.com\\\/product\\\/chvs-2000zsensor-micro-vickers-hardness-tester\\\/#breadcrumb\",\"itemListElement\":[{\"@type\":\"ListItem\",\"position\":1,\"name\":\"\u9996\u9875\",\"item\":\"https:\\\/\\\/hardnesstests.com\\\/\"},{\"@type\":\"ListItem\",\"position\":2,\"name\":\"products\",\"item\":\"https:\\\/\\\/hardnesstests.com\\\/products\\\/\"},{\"@type\":\"ListItem\",\"position\":3,\"name\":\"(CHVS-2000Z)Sensor Micro Vickers Hardness Tester\"}]},{\"@type\":\"WebSite\",\"@id\":\"https:\\\/\\\/hardnesstests.com\\\/tr\\\/#website\",\"url\":\"https:\\\/\\\/hardnesstests.com\\\/tr\\\/\",\"name\":\"hardnesstests\",\"description\":\"\",\"publisher\":{\"@id\":\"https:\\\/\\\/hardnesstests.com\\\/tr\\\/#organization\"},\"potentialAction\":[{\"@type\":\"SearchAction\",\"target\":{\"@type\":\"EntryPoint\",\"urlTemplate\":\"https:\\\/\\\/hardnesstests.com\\\/tr\\\/?s={search_term_string}\"},\"query-input\":{\"@type\":\"PropertyValueSpecification\",\"valueRequired\":true,\"valueName\":\"search_term_string\"}}],\"inLanguage\":\"tr\"},{\"@type\":\"Organization\",\"@id\":\"https:\\\/\\\/hardnesstests.com\\\/tr\\\/#organization\",\"name\":\"hardnesstests\",\"url\":\"https:\\\/\\\/hardnesstests.com\\\/tr\\\/\",\"logo\":{\"@type\":\"ImageObject\",\"inLanguage\":\"tr\",\"@id\":\"https:\\\/\\\/hardnesstests.com\\\/tr\\\/#\\\/schema\\\/logo\\\/image\\\/\",\"url\":\"https:\\\/\\\/hardnesstests.com\\\/wp-content\\\/uploads\\\/2021\\\/08\\\/\u5fae\u4fe1\u56fe\u7247_20251029102004_335_1287.png\",\"contentUrl\":\"https:\\\/\\\/hardnesstests.com\\\/wp-content\\\/uploads\\\/2021\\\/08\\\/\u5fae\u4fe1\u56fe\u7247_20251029102004_335_1287.png\",\"width\":1308,\"height\":467,\"caption\":\"hardnesstests\"},\"image\":{\"@id\":\"https:\\\/\\\/hardnesstests.com\\\/tr\\\/#\\\/schema\\\/logo\\\/image\\\/\"}}]}<\/script>\n<!-- \/ Yoast SEO Premium plugin. -->","yoast_head_json":{"title":"(CHVS-2000Z)Sensor Micro Vickers Hardness Tester - hardnesstests","robots":{"index":"index","follow":"follow","max-snippet":"max-snippet:-1","max-image-preview":"max-image-preview:large","max-video-preview":"max-video-preview:-1"},"canonical":"https:\/\/hardnesstests.com\/tr\/urun\/chvs-2000zsensor-micro-vickers-hardness-tester\/","og_locale":"tr_TR","og_type":"article","og_title":"(CHVS-2000Z)Sensor Micro Vickers Hardness Tester","og_description":"The digital automatic turret micro Vickers hardness tester is a high-tech product integrating optics, machinery and electricity. It adopts a closed-loop loading control system, with high test force accuracy, good repeatability and stability of the indicated value. The instrument adopts a new high-resolution display screen, which is intuitive and clear, easy to operate, and has an energy-saving mode. Equipped with a digital micrometer eyepiece, there is no need to look up a table or enter the indentation diagonal. The test force, indentation length, dwell time, number of measurements, conversion scale, date and time are intuitively displayed on the screen. When operating, just measure the indentation and press the eyepiece button to automatically calculate the hardness value and display it on the screen. The hardness test results are saved in real time and printed out, and the maximum, minimum and average values\u00a0are automatically calculated.","og_url":"https:\/\/hardnesstests.com\/tr\/urun\/chvs-2000zsensor-micro-vickers-hardness-tester\/","og_site_name":"hardnesstests","og_image":[{"width":800,"height":800,"url":"https:\/\/hardnesstests.com\/wp-content\/uploads\/2025\/11\/CHVS-2000Z-\u4f20\u611f\u5668\u663e\u5fae\u7ef4\u6c0f\u786c\u5ea6\u8ba1.jpg","type":"image\/jpeg"}],"twitter_card":"summary_large_image","twitter_misc":{"Tahmini okuma s\u00fcresi":"2 dakika"},"schema":{"@context":"https:\/\/schema.org","@graph":[{"@type":"WebPage","@id":"https:\/\/hardnesstests.com\/product\/chvs-2000zsensor-micro-vickers-hardness-tester\/","url":"https:\/\/hardnesstests.com\/product\/chvs-2000zsensor-micro-vickers-hardness-tester\/","name":"(CHVS-2000Z)Sensor Micro Vickers Hardness Tester - hardnesstests","isPartOf":{"@id":"https:\/\/hardnesstests.com\/tr\/#website"},"primaryImageOfPage":{"@id":"https:\/\/hardnesstests.com\/product\/chvs-2000zsensor-micro-vickers-hardness-tester\/#primaryimage"},"image":{"@id":"https:\/\/hardnesstests.com\/product\/chvs-2000zsensor-micro-vickers-hardness-tester\/#primaryimage"},"thumbnailUrl":"https:\/\/hardnesstests.com\/wp-content\/uploads\/2025\/11\/CHVS-2000Z-\u4f20\u611f\u5668\u663e\u5fae\u7ef4\u6c0f\u786c\u5ea6\u8ba1.jpg","datePublished":"2025-11-28T01:54:35+00:00","breadcrumb":{"@id":"https:\/\/hardnesstests.com\/product\/chvs-2000zsensor-micro-vickers-hardness-tester\/#breadcrumb"},"inLanguage":"tr","potentialAction":[{"@type":"ReadAction","target":["https:\/\/hardnesstests.com\/product\/chvs-2000zsensor-micro-vickers-hardness-tester\/"]}]},{"@type":"ImageObject","inLanguage":"tr","@id":"https:\/\/hardnesstests.com\/product\/chvs-2000zsensor-micro-vickers-hardness-tester\/#primaryimage","url":"https:\/\/hardnesstests.com\/wp-content\/uploads\/2025\/11\/CHVS-2000Z-\u4f20\u611f\u5668\u663e\u5fae\u7ef4\u6c0f\u786c\u5ea6\u8ba1.jpg","contentUrl":"https:\/\/hardnesstests.com\/wp-content\/uploads\/2025\/11\/CHVS-2000Z-\u4f20\u611f\u5668\u663e\u5fae\u7ef4\u6c0f\u786c\u5ea6\u8ba1.jpg","width":800,"height":800,"caption":"(CHVS-2000Z)Sensor Micro Vickers Hardness Tester"},{"@type":"BreadcrumbList","@id":"https:\/\/hardnesstests.com\/product\/chvs-2000zsensor-micro-vickers-hardness-tester\/#breadcrumb","itemListElement":[{"@type":"ListItem","position":1,"name":"\u9996\u9875","item":"https:\/\/hardnesstests.com\/"},{"@type":"ListItem","position":2,"name":"products","item":"https:\/\/hardnesstests.com\/products\/"},{"@type":"ListItem","position":3,"name":"(CHVS-2000Z)Sensor Micro Vickers Hardness Tester"}]},{"@type":"WebSite","@id":"https:\/\/hardnesstests.com\/tr\/#website","url":"https:\/\/hardnesstests.com\/tr\/","name":"hardnesstests","description":"","publisher":{"@id":"https:\/\/hardnesstests.com\/tr\/#organization"},"potentialAction":[{"@type":"SearchAction","target":{"@type":"EntryPoint","urlTemplate":"https:\/\/hardnesstests.com\/tr\/?s={search_term_string}"},"query-input":{"@type":"PropertyValueSpecification","valueRequired":true,"valueName":"search_term_string"}}],"inLanguage":"tr"},{"@type":"Organization","@id":"https:\/\/hardnesstests.com\/tr\/#organization","name":"hardnesstests","url":"https:\/\/hardnesstests.com\/tr\/","logo":{"@type":"ImageObject","inLanguage":"tr","@id":"https:\/\/hardnesstests.com\/tr\/#\/schema\/logo\/image\/","url":"https:\/\/hardnesstests.com\/wp-content\/uploads\/2021\/08\/\u5fae\u4fe1\u56fe\u7247_20251029102004_335_1287.png","contentUrl":"https:\/\/hardnesstests.com\/wp-content\/uploads\/2021\/08\/\u5fae\u4fe1\u56fe\u7247_20251029102004_335_1287.png","width":1308,"height":467,"caption":"hardnesstests"},"image":{"@id":"https:\/\/hardnesstests.com\/tr\/#\/schema\/logo\/image\/"}}]}},"_links":{"self":[{"href":"https:\/\/hardnesstests.com\/tr\/wp-json\/wp\/v2\/product\/29901","targetHints":{"allow":["GET"]}}],"collection":[{"href":"https:\/\/hardnesstests.com\/tr\/wp-json\/wp\/v2\/product"}],"about":[{"href":"https:\/\/hardnesstests.com\/tr\/wp-json\/wp\/v2\/types\/product"}],"replies":[{"embeddable":true,"href":"https:\/\/hardnesstests.com\/tr\/wp-json\/wp\/v2\/comments?post=29901"}],"version-history":[{"count":1,"href":"https:\/\/hardnesstests.com\/tr\/wp-json\/wp\/v2\/product\/29901\/revisions"}],"predecessor-version":[{"id":29903,"href":"https:\/\/hardnesstests.com\/tr\/wp-json\/wp\/v2\/product\/29901\/revisions\/29903"}],"wp:featuredmedia":[{"embeddable":true,"href":"https:\/\/hardnesstests.com\/tr\/wp-json\/wp\/v2\/media\/29902"}],"wp:attachment":[{"href":"https:\/\/hardnesstests.com\/tr\/wp-json\/wp\/v2\/media?parent=29901"}],"wp:term":[{"taxonomy":"product_brand","embeddable":true,"href":"https:\/\/hardnesstests.com\/tr\/wp-json\/wp\/v2\/product_brand?post=29901"},{"taxonomy":"product_cat","embeddable":true,"href":"https:\/\/hardnesstests.com\/tr\/wp-json\/wp\/v2\/product_cat?post=29901"},{"taxonomy":"product_tag","embeddable":true,"href":"https:\/\/hardnesstests.com\/tr\/wp-json\/wp\/v2\/product_tag?post=29901"}],"curies":[{"name":"wp","href":"https:\/\/api.w.org\/{rel}","templated":true}]}}