{"id":29892,"date":"2025-11-28T01:47:52","date_gmt":"2025-11-28T01:47:52","guid":{"rendered":"https:\/\/hardnesstests.com\/?post_type=product&#038;p=29892"},"modified":"2025-11-28T01:47:52","modified_gmt":"2025-11-28T01:47:52","slug":"hvs-1000z-digital-display-automatic-turret-microhardness-tester-large-screen-side-shaking-lifting-system","status":"publish","type":"product","link":"https:\/\/hardnesstests.com\/tr\/urun\/hvs-1000z-digital-display-automatic-turret-microhardness-tester-large-screen-side-shaking-lifting-system\/","title":{"rendered":"HVS-1000Z Dijital Ekranl\u0131 Otomatik Taret Mikrosertlik Test Cihaz\u0131 (B\u00fcy\u00fck Ekran, Yandan Sallamal\u0131 Kald\u0131rma Sistemi)"},"content":{"rendered":"<h1 style=\"font-weight: 400;\"><strong>Ana fonksiyonlar ve \u00f6zellikler:<\/strong><\/h1>\n<ol>\n<li style=\"font-weight: 400;\">The optical system designed by senior optical engineers not only has clear images, but can also be used as a simple microscope. The brightness is adjustable, the vision is comfortable, and long-term operation is not easy to fatigue;<\/li>\n<li style=\"font-weight: 400;\">The large LCD screen of the industrial display can display the test method, test force, measured indentation length, hardness value, converted hardness, test force holding time, number of measurements, and can enter the year, month, date, test results and data processing, etc.;<\/li>\n<li style=\"font-weight: 400;\">The cast aluminum shell is formed in one step, the structure is stable and does not deform, the pure white car paint is high-grade, and the scratch resistance is strong. It is still bright as new after years of use;<\/li>\n<li style=\"font-weight: 400;\">Our company has the ability to independently develop, design, produce and process, and the machine provides lifetime parts replacement and maintenance upgrade services;<\/li>\n<li style=\"font-weight: 400;\">The HVS-1000Z model can realize: measuring the length directly to confirm the hardness value.<\/li>\n<li style=\"font-weight: 400;\">The HVS-1000Z model can realize: the position switching of observation-testing-measurement is completed by the automatic turret.<\/li>\n<li style=\"font-weight: 400;\">Our company has the ability to independently develop, design, produce and process, and our machine provides lifetime parts replacement and maintenance upgrade services;<\/li>\n<\/ol>\n<h1 style=\"font-weight: 400;\"><strong>Ana kullan\u0131m alanlar\u0131 ve uygulama kapsam\u0131:<\/strong><\/h1>\n<ol>\n<li>Steel, non-ferrous metals, metal foils, hard alloys, metal sheets, microstructures<\/li>\n<li>Carburizing, nitriding and decarburizing layers, surface hardening layers, electroplating layers, coatings<\/li>\n<li>Glass, wafers<\/li>\n<\/ol>\n<h1 style=\"font-weight: 400;\"><strong>Teknik Parametreler<\/strong><strong>\uff1a<\/strong><\/h1>\n<table>\n<tbody>\n<tr>\n<td width=\"151\">Parametre ad\u0131<\/td>\n<td width=\"473\">Parametre verileri<\/td>\n<\/tr>\n<tr>\n<td width=\"151\">Microhardness scale<\/td>\n<td width=\"473\">HV0.01, HV0.025, HV0.05, HV0.1, HV0.2, HV0.3, HV0.5, HV1<\/td>\n<\/tr>\n<tr>\n<td width=\"151\">Ekran<\/td>\n<td width=\"473\">LCD display<\/td>\n<\/tr>\n<tr>\n<td width=\"151\">Test force (gf)<\/td>\n<td width=\"473\">10, 25, 50, 100, 200, 300, 500, 1000<\/td>\n<\/tr>\n<tr>\n<td width=\"151\">Y\u00fckleme kontrol\u00fc<\/td>\n<td width=\"473\">Automatic (load\/hold\/unload)<\/td>\n<\/tr>\n<tr>\n<td width=\"151\">Test kuvveti tutma s\u00fcresi (s)<\/td>\n<td width=\"473\">5~60<\/td>\n<\/tr>\n<tr>\n<td width=\"151\">Test force selection<\/td>\n<td width=\"473\">External force selection knob, test force is automatically displayed on the display<\/td>\n<\/tr>\n<tr>\n<td width=\"151\">Objective magnification<\/td>\n<td width=\"473\">10\u00d7, 40\u00d7<\/td>\n<\/tr>\n<tr>\n<td width=\"151\">Optik kanal<\/td>\n<td width=\"473\">Dual light channel (eyepiece and CCD camera channel)<\/td>\n<\/tr>\n<tr>\n<td width=\"151\">Optical system (dual optical channels, no switching required)<\/td>\n<td width=\"473\">1. Automatic digital encoder; 2. Total magnification (\u03bcm): 100\u00d7 (observation), 400\u00d7 (measurement);<\/td>\n<\/tr>\n<tr>\n<td width=\"151\">Sertlik \u00f6l\u00e7\u00fcm aral\u0131\u011f\u0131<\/td>\n<td width=\"473\">Optional 15X eyepiece, total magnification: 150X (observation), 600X (measurement)<\/td>\n<\/tr>\n<tr>\n<td width=\"151\">XY test table<\/td>\n<td width=\"473\">3. Measuring range (\u03bcm): 200; 4. Resolution (\u03bcm): 0.01<\/td>\n<\/tr>\n<tr>\n<td width=\"151\">Data output (optional)<\/td>\n<td width=\"473\">(5-3000)HV<\/td>\n<\/tr>\n<tr>\n<td width=\"151\">Maksimum numune y\u00fcksekli\u011fi (mm)<\/td>\n<td width=\"473\">Dimensions (mm): 100\u00d7100 Travel range (mm): 25\u00d725 Minimum reading (mm): 0.01<\/td>\n<\/tr>\n<tr>\n<td width=\"151\">Maximum specimen width (mm)<\/td>\n<td width=\"473\">Built-in printer,<\/td>\n<\/tr>\n<tr>\n<td width=\"151\">G\u00fc\u00e7 kayna\u011f\u0131 gerilimi<\/td>\n<td width=\"473\">110<\/td>\n<\/tr>\n<tr>\n<td width=\"151\">A\u011f\u0131rl\u0131k (kg)<\/td>\n<td width=\"473\">85 (distance from the center line of the pressure head to the machine wall)<\/td>\n<\/tr>\n<tr>\n<td width=\"151\">Boyutlar<\/td>\n<td width=\"473\">AC220V\/50HZ<\/td>\n<\/tr>\n<\/tbody>\n<\/table>\n<h1 style=\"font-weight: 400;\"><strong>Standart Konfig\u00fcrasyon<\/strong><\/h1>\n<table>\n<tbody>\n<tr>\n<td width=\"323\">1. Main unit (one micro-Vickers indenter, one 10X and one 40X objective lens);<\/td>\n<td width=\"323\">2. Test bench, weights, microscope accessory box;<\/td>\n<\/tr>\n<tr>\n<td width=\"323\">3. Weights 6 pcs<\/td>\n<td width=\"323\">4. Weight rod 1 piece<\/td>\n<\/tr>\n<tr>\n<td width=\"323\">5. Cross workbench 1 pc<\/td>\n<td width=\"323\">6. Thin sheet clamping table 1 piece<\/td>\n<\/tr>\n<tr>\n<td width=\"323\">7. Flat clamping table 1 pc<\/td>\n<td width=\"323\">8. Wire clamping table 1 piece<\/td>\n<\/tr>\n<tr>\n<td width=\"323\">9. Level 1 pc<\/td>\n<td width=\"323\">10. Screwdriver 2 pieces<\/td>\n<\/tr>\n<tr>\n<td width=\"323\">11. Level adjustment screws 4 pcs<\/td>\n<td width=\"323\">12. External power cord 1 piece<\/td>\n<\/tr>\n<tr>\n<td width=\"323\">13. 10\u00d7 micrometer eyepiece 1 pc<\/td>\n<td width=\"323\">14. Micro Vickers hardness block 2 pieces (one each for HV1 and HV0.2)<\/td>\n<\/tr>\n<tr>\n<td width=\"323\">15. Fuse (1 A) 2 pcs<\/td>\n<td width=\"323\">16. Product certificate 1 piece<\/td>\n<\/tr>\n<tr>\n<td width=\"323\">17. Product instruction manual 1 copy<\/td>\n<td width=\"323\">18. Dust cover 1 piece<\/td>\n<\/tr>\n<\/tbody>\n<\/table>","protected":false},"excerpt":{"rendered":"<p>This digital automatic turret microhardness tester can meet the basic Vickers hardness test requirements. The upgraded digital micrometer eyepiece can directly read the measured length, so as to obtain the measured value more quickly and accurately. The upgraded turret can automatically switch the eyepiece and the indenter to avoid damage to the instrument caused by human error, and also greatly improve efficiency. The large LCD screen is convenient for observation, and the test conditions and test process are intuitive.<\/p>","protected":false},"featured_media":29893,"comment_status":"open","ping_status":"closed","template":"","meta":[],"product_brand":[],"product_cat":[70,91],"product_tag":[101],"class_list":{"0":"post-29892","1":"product","2":"type-product","3":"status-publish","4":"has-post-thumbnail","6":"product_cat-hardness-tester","7":"product_cat-micro-vickers-hardness-tester","8":"product_tag-micro-vickers-hardness-tester","10":"first","11":"instock","12":"shipping-taxable","13":"product-type-simple"},"yoast_head":"<!-- This site is optimized with the Yoast SEO Premium plugin v25.4 (Yoast SEO v27.4) - https:\/\/yoast.com\/product\/yoast-seo-premium-wordpress\/ -->\n<title>HVS-1000Z Digital Display Automatic Turret Microhardness Tester (Large Screen, Side-Shaking Lifting System) - hardnesstests<\/title>\n<meta name=\"robots\" content=\"index, follow, max-snippet:-1, max-image-preview:large, max-video-preview:-1\" \/>\n<link rel=\"canonical\" href=\"https:\/\/hardnesstests.com\/tr\/urun\/hvs-1000z-digital-display-automatic-turret-microhardness-tester-large-screen-side-shaking-lifting-system\/\" \/>\n<meta property=\"og:locale\" content=\"tr_TR\" \/>\n<meta property=\"og:type\" content=\"article\" \/>\n<meta property=\"og:title\" content=\"HVS-1000Z Digital Display Automatic Turret Microhardness Tester (Large Screen, Side-Shaking Lifting System)\" \/>\n<meta property=\"og:description\" content=\"This digital automatic turret microhardness tester can meet the basic Vickers hardness test requirements. The upgraded digital micrometer eyepiece can directly read the measured length, so as to obtain the measured value more quickly and accurately. The upgraded turret can automatically switch the eyepiece and the indenter to avoid damage to the instrument caused by human error, and also greatly improve efficiency. The large LCD screen is convenient for observation, and the test conditions and test process are intuitive.\" \/>\n<meta property=\"og:url\" content=\"https:\/\/hardnesstests.com\/tr\/urun\/hvs-1000z-digital-display-automatic-turret-microhardness-tester-large-screen-side-shaking-lifting-system\/\" \/>\n<meta property=\"og:site_name\" content=\"hardnesstests\" \/>\n<meta property=\"og:image\" content=\"https:\/\/hardnesstests.com\/wp-content\/uploads\/2025\/11\/HVS-1000Z-\u81ea\u52a8\u8f6c\u5854\u6570\u663e\u663e\u5fae\u786c\u5ea6\u8ba1\uff08\u5927\u5c4f\uff09.jpg\" \/>\n\t<meta property=\"og:image:width\" content=\"800\" \/>\n\t<meta property=\"og:image:height\" content=\"800\" \/>\n\t<meta property=\"og:image:type\" content=\"image\/jpeg\" \/>\n<meta name=\"twitter:card\" content=\"summary_large_image\" \/>\n<meta name=\"twitter:label1\" content=\"Tahmini okuma s\u00fcresi\" \/>\n\t<meta name=\"twitter:data1\" content=\"2 dakika\" \/>\n<script type=\"application\/ld+json\" class=\"yoast-schema-graph\">{\"@context\":\"https:\\\/\\\/schema.org\",\"@graph\":[{\"@type\":\"WebPage\",\"@id\":\"https:\\\/\\\/hardnesstests.com\\\/product\\\/hvs-1000z-digital-display-automatic-turret-microhardness-tester-large-screen-side-shaking-lifting-system\\\/\",\"url\":\"https:\\\/\\\/hardnesstests.com\\\/product\\\/hvs-1000z-digital-display-automatic-turret-microhardness-tester-large-screen-side-shaking-lifting-system\\\/\",\"name\":\"HVS-1000Z Digital Display Automatic Turret Microhardness Tester (Large Screen, Side-Shaking Lifting System) - hardnesstests\",\"isPartOf\":{\"@id\":\"https:\\\/\\\/hardnesstests.com\\\/tr\\\/#website\"},\"primaryImageOfPage\":{\"@id\":\"https:\\\/\\\/hardnesstests.com\\\/product\\\/hvs-1000z-digital-display-automatic-turret-microhardness-tester-large-screen-side-shaking-lifting-system\\\/#primaryimage\"},\"image\":{\"@id\":\"https:\\\/\\\/hardnesstests.com\\\/product\\\/hvs-1000z-digital-display-automatic-turret-microhardness-tester-large-screen-side-shaking-lifting-system\\\/#primaryimage\"},\"thumbnailUrl\":\"https:\\\/\\\/hardnesstests.com\\\/wp-content\\\/uploads\\\/2025\\\/11\\\/HVS-1000Z-\u81ea\u52a8\u8f6c\u5854\u6570\u663e\u663e\u5fae\u786c\u5ea6\u8ba1\uff08\u5927\u5c4f\uff09.jpg\",\"datePublished\":\"2025-11-28T01:47:52+00:00\",\"breadcrumb\":{\"@id\":\"https:\\\/\\\/hardnesstests.com\\\/product\\\/hvs-1000z-digital-display-automatic-turret-microhardness-tester-large-screen-side-shaking-lifting-system\\\/#breadcrumb\"},\"inLanguage\":\"tr\",\"potentialAction\":[{\"@type\":\"ReadAction\",\"target\":[\"https:\\\/\\\/hardnesstests.com\\\/product\\\/hvs-1000z-digital-display-automatic-turret-microhardness-tester-large-screen-side-shaking-lifting-system\\\/\"]}]},{\"@type\":\"ImageObject\",\"inLanguage\":\"tr\",\"@id\":\"https:\\\/\\\/hardnesstests.com\\\/product\\\/hvs-1000z-digital-display-automatic-turret-microhardness-tester-large-screen-side-shaking-lifting-system\\\/#primaryimage\",\"url\":\"https:\\\/\\\/hardnesstests.com\\\/wp-content\\\/uploads\\\/2025\\\/11\\\/HVS-1000Z-\u81ea\u52a8\u8f6c\u5854\u6570\u663e\u663e\u5fae\u786c\u5ea6\u8ba1\uff08\u5927\u5c4f\uff09.jpg\",\"contentUrl\":\"https:\\\/\\\/hardnesstests.com\\\/wp-content\\\/uploads\\\/2025\\\/11\\\/HVS-1000Z-\u81ea\u52a8\u8f6c\u5854\u6570\u663e\u663e\u5fae\u786c\u5ea6\u8ba1\uff08\u5927\u5c4f\uff09.jpg\",\"width\":800,\"height\":800,\"caption\":\"HVS-1000Z Digital Display Automatic Turret Microhardness Tester (Large Screen, Side-Shaking Lifting System)\"},{\"@type\":\"BreadcrumbList\",\"@id\":\"https:\\\/\\\/hardnesstests.com\\\/product\\\/hvs-1000z-digital-display-automatic-turret-microhardness-tester-large-screen-side-shaking-lifting-system\\\/#breadcrumb\",\"itemListElement\":[{\"@type\":\"ListItem\",\"position\":1,\"name\":\"\u9996\u9875\",\"item\":\"https:\\\/\\\/hardnesstests.com\\\/\"},{\"@type\":\"ListItem\",\"position\":2,\"name\":\"products\",\"item\":\"https:\\\/\\\/hardnesstests.com\\\/products\\\/\"},{\"@type\":\"ListItem\",\"position\":3,\"name\":\"HVS-1000Z Digital Display Automatic Turret Microhardness Tester (Large Screen, Side-Shaking Lifting System)\"}]},{\"@type\":\"WebSite\",\"@id\":\"https:\\\/\\\/hardnesstests.com\\\/tr\\\/#website\",\"url\":\"https:\\\/\\\/hardnesstests.com\\\/tr\\\/\",\"name\":\"hardnesstests\",\"description\":\"\",\"publisher\":{\"@id\":\"https:\\\/\\\/hardnesstests.com\\\/tr\\\/#organization\"},\"potentialAction\":[{\"@type\":\"SearchAction\",\"target\":{\"@type\":\"EntryPoint\",\"urlTemplate\":\"https:\\\/\\\/hardnesstests.com\\\/tr\\\/?s={search_term_string}\"},\"query-input\":{\"@type\":\"PropertyValueSpecification\",\"valueRequired\":true,\"valueName\":\"search_term_string\"}}],\"inLanguage\":\"tr\"},{\"@type\":\"Organization\",\"@id\":\"https:\\\/\\\/hardnesstests.com\\\/tr\\\/#organization\",\"name\":\"hardnesstests\",\"url\":\"https:\\\/\\\/hardnesstests.com\\\/tr\\\/\",\"logo\":{\"@type\":\"ImageObject\",\"inLanguage\":\"tr\",\"@id\":\"https:\\\/\\\/hardnesstests.com\\\/tr\\\/#\\\/schema\\\/logo\\\/image\\\/\",\"url\":\"https:\\\/\\\/hardnesstests.com\\\/wp-content\\\/uploads\\\/2021\\\/08\\\/\u5fae\u4fe1\u56fe\u7247_20251029102004_335_1287.png\",\"contentUrl\":\"https:\\\/\\\/hardnesstests.com\\\/wp-content\\\/uploads\\\/2021\\\/08\\\/\u5fae\u4fe1\u56fe\u7247_20251029102004_335_1287.png\",\"width\":1308,\"height\":467,\"caption\":\"hardnesstests\"},\"image\":{\"@id\":\"https:\\\/\\\/hardnesstests.com\\\/tr\\\/#\\\/schema\\\/logo\\\/image\\\/\"}}]}<\/script>\n<!-- \/ Yoast SEO Premium plugin. -->","yoast_head_json":{"title":"HVS-1000Z Digital Display Automatic Turret Microhardness Tester (Large Screen, Side-Shaking Lifting System) - hardnesstests","robots":{"index":"index","follow":"follow","max-snippet":"max-snippet:-1","max-image-preview":"max-image-preview:large","max-video-preview":"max-video-preview:-1"},"canonical":"https:\/\/hardnesstests.com\/tr\/urun\/hvs-1000z-digital-display-automatic-turret-microhardness-tester-large-screen-side-shaking-lifting-system\/","og_locale":"tr_TR","og_type":"article","og_title":"HVS-1000Z Digital Display Automatic Turret Microhardness Tester (Large Screen, Side-Shaking Lifting System)","og_description":"This digital automatic turret microhardness tester can meet the basic Vickers hardness test requirements. The upgraded digital micrometer eyepiece can directly read the measured length, so as to obtain the measured value more quickly and accurately. The upgraded turret can automatically switch the eyepiece and the indenter to avoid damage to the instrument caused by human error, and also greatly improve efficiency. The large LCD screen is convenient for observation, and the test conditions and test process are intuitive.","og_url":"https:\/\/hardnesstests.com\/tr\/urun\/hvs-1000z-digital-display-automatic-turret-microhardness-tester-large-screen-side-shaking-lifting-system\/","og_site_name":"hardnesstests","og_image":[{"width":800,"height":800,"url":"https:\/\/hardnesstests.com\/wp-content\/uploads\/2025\/11\/HVS-1000Z-\u81ea\u52a8\u8f6c\u5854\u6570\u663e\u663e\u5fae\u786c\u5ea6\u8ba1\uff08\u5927\u5c4f\uff09.jpg","type":"image\/jpeg"}],"twitter_card":"summary_large_image","twitter_misc":{"Tahmini okuma s\u00fcresi":"2 dakika"},"schema":{"@context":"https:\/\/schema.org","@graph":[{"@type":"WebPage","@id":"https:\/\/hardnesstests.com\/product\/hvs-1000z-digital-display-automatic-turret-microhardness-tester-large-screen-side-shaking-lifting-system\/","url":"https:\/\/hardnesstests.com\/product\/hvs-1000z-digital-display-automatic-turret-microhardness-tester-large-screen-side-shaking-lifting-system\/","name":"HVS-1000Z Digital Display Automatic Turret Microhardness Tester (Large Screen, Side-Shaking Lifting System) - hardnesstests","isPartOf":{"@id":"https:\/\/hardnesstests.com\/tr\/#website"},"primaryImageOfPage":{"@id":"https:\/\/hardnesstests.com\/product\/hvs-1000z-digital-display-automatic-turret-microhardness-tester-large-screen-side-shaking-lifting-system\/#primaryimage"},"image":{"@id":"https:\/\/hardnesstests.com\/product\/hvs-1000z-digital-display-automatic-turret-microhardness-tester-large-screen-side-shaking-lifting-system\/#primaryimage"},"thumbnailUrl":"https:\/\/hardnesstests.com\/wp-content\/uploads\/2025\/11\/HVS-1000Z-\u81ea\u52a8\u8f6c\u5854\u6570\u663e\u663e\u5fae\u786c\u5ea6\u8ba1\uff08\u5927\u5c4f\uff09.jpg","datePublished":"2025-11-28T01:47:52+00:00","breadcrumb":{"@id":"https:\/\/hardnesstests.com\/product\/hvs-1000z-digital-display-automatic-turret-microhardness-tester-large-screen-side-shaking-lifting-system\/#breadcrumb"},"inLanguage":"tr","potentialAction":[{"@type":"ReadAction","target":["https:\/\/hardnesstests.com\/product\/hvs-1000z-digital-display-automatic-turret-microhardness-tester-large-screen-side-shaking-lifting-system\/"]}]},{"@type":"ImageObject","inLanguage":"tr","@id":"https:\/\/hardnesstests.com\/product\/hvs-1000z-digital-display-automatic-turret-microhardness-tester-large-screen-side-shaking-lifting-system\/#primaryimage","url":"https:\/\/hardnesstests.com\/wp-content\/uploads\/2025\/11\/HVS-1000Z-\u81ea\u52a8\u8f6c\u5854\u6570\u663e\u663e\u5fae\u786c\u5ea6\u8ba1\uff08\u5927\u5c4f\uff09.jpg","contentUrl":"https:\/\/hardnesstests.com\/wp-content\/uploads\/2025\/11\/HVS-1000Z-\u81ea\u52a8\u8f6c\u5854\u6570\u663e\u663e\u5fae\u786c\u5ea6\u8ba1\uff08\u5927\u5c4f\uff09.jpg","width":800,"height":800,"caption":"HVS-1000Z Digital Display Automatic Turret Microhardness Tester (Large Screen, Side-Shaking Lifting System)"},{"@type":"BreadcrumbList","@id":"https:\/\/hardnesstests.com\/product\/hvs-1000z-digital-display-automatic-turret-microhardness-tester-large-screen-side-shaking-lifting-system\/#breadcrumb","itemListElement":[{"@type":"ListItem","position":1,"name":"\u9996\u9875","item":"https:\/\/hardnesstests.com\/"},{"@type":"ListItem","position":2,"name":"products","item":"https:\/\/hardnesstests.com\/products\/"},{"@type":"ListItem","position":3,"name":"HVS-1000Z Digital Display Automatic Turret Microhardness Tester (Large Screen, Side-Shaking Lifting System)"}]},{"@type":"WebSite","@id":"https:\/\/hardnesstests.com\/tr\/#website","url":"https:\/\/hardnesstests.com\/tr\/","name":"hardnesstests","description":"","publisher":{"@id":"https:\/\/hardnesstests.com\/tr\/#organization"},"potentialAction":[{"@type":"SearchAction","target":{"@type":"EntryPoint","urlTemplate":"https:\/\/hardnesstests.com\/tr\/?s={search_term_string}"},"query-input":{"@type":"PropertyValueSpecification","valueRequired":true,"valueName":"search_term_string"}}],"inLanguage":"tr"},{"@type":"Organization","@id":"https:\/\/hardnesstests.com\/tr\/#organization","name":"hardnesstests","url":"https:\/\/hardnesstests.com\/tr\/","logo":{"@type":"ImageObject","inLanguage":"tr","@id":"https:\/\/hardnesstests.com\/tr\/#\/schema\/logo\/image\/","url":"https:\/\/hardnesstests.com\/wp-content\/uploads\/2021\/08\/\u5fae\u4fe1\u56fe\u7247_20251029102004_335_1287.png","contentUrl":"https:\/\/hardnesstests.com\/wp-content\/uploads\/2021\/08\/\u5fae\u4fe1\u56fe\u7247_20251029102004_335_1287.png","width":1308,"height":467,"caption":"hardnesstests"},"image":{"@id":"https:\/\/hardnesstests.com\/tr\/#\/schema\/logo\/image\/"}}]}},"_links":{"self":[{"href":"https:\/\/hardnesstests.com\/tr\/wp-json\/wp\/v2\/product\/29892","targetHints":{"allow":["GET"]}}],"collection":[{"href":"https:\/\/hardnesstests.com\/tr\/wp-json\/wp\/v2\/product"}],"about":[{"href":"https:\/\/hardnesstests.com\/tr\/wp-json\/wp\/v2\/types\/product"}],"replies":[{"embeddable":true,"href":"https:\/\/hardnesstests.com\/tr\/wp-json\/wp\/v2\/comments?post=29892"}],"version-history":[{"count":1,"href":"https:\/\/hardnesstests.com\/tr\/wp-json\/wp\/v2\/product\/29892\/revisions"}],"predecessor-version":[{"id":29894,"href":"https:\/\/hardnesstests.com\/tr\/wp-json\/wp\/v2\/product\/29892\/revisions\/29894"}],"wp:featuredmedia":[{"embeddable":true,"href":"https:\/\/hardnesstests.com\/tr\/wp-json\/wp\/v2\/media\/29893"}],"wp:attachment":[{"href":"https:\/\/hardnesstests.com\/tr\/wp-json\/wp\/v2\/media?parent=29892"}],"wp:term":[{"taxonomy":"product_brand","embeddable":true,"href":"https:\/\/hardnesstests.com\/tr\/wp-json\/wp\/v2\/product_brand?post=29892"},{"taxonomy":"product_cat","embeddable":true,"href":"https:\/\/hardnesstests.com\/tr\/wp-json\/wp\/v2\/product_cat?post=29892"},{"taxonomy":"product_tag","embeddable":true,"href":"https:\/\/hardnesstests.com\/tr\/wp-json\/wp\/v2\/product_tag?post=29892"}],"curies":[{"name":"wp","href":"https:\/\/api.w.org\/{rel}","templated":true}]}}