{"id":29851,"date":"2025-11-27T09:16:44","date_gmt":"2025-11-27T09:16:44","guid":{"rendered":"https:\/\/hardnesstests.com\/?post_type=product&#038;p=29851"},"modified":"2025-11-27T09:16:44","modified_gmt":"2025-11-27T09:16:44","slug":"hyxqz-1-automatic-metallographic-sample-mounting-machine","status":"publish","type":"product","link":"https:\/\/hardnesstests.com\/tr\/urun\/hyxqz-1-automatic-metallographic-sample-mounting-machine\/","title":{"rendered":"HYXQZ-1 Otomatik metalografik numune montaj makinesi"},"content":{"rendered":"<table>\n<tbody>\n<tr>\n<td>\n<h1><strong>Ana fonksiyonlar ve \u00f6zellikler:<\/strong><\/h1>\n<\/td>\n<\/tr>\n<\/tbody>\n<\/table>\n<p style=\"font-weight: 400;\">1\u3001The shell adopts high-end ABS one-piece forming, with novel appearance and high-end atmosphere.<\/p>\n<p style=\"font-weight: 400;\">2\u3001Touch screen display control, clear and intuitive interface, easy to operate.<\/p>\n<p style=\"font-weight: 400;\">3\u3001Using high-end precision hydraulic, mute technology, the whole working process noise-free.<\/p>\n<p style=\"font-weight: 400;\">4\u3001The whole process is fully automatic closed-loop control, only one key to automatically complete all the mosaic process.<\/p>\n<p style=\"font-weight: 400;\">5\u3001With cooling system, cooling faster, more efficient mosaic, cooling mode can choose time cooling mode, set the cooling time, when the automatic stop, can also choose temperature cooling mode, set the cooling temperature, to achieve automatic stop temperature.<\/p>\n<p style=\"font-weight: 400;\">6\u3001A variety of mold specifications optional, special mold can be customized according to customer needs.<\/p>\n<p style=\"font-weight: 400;\">7\u3001Manual operation can be automatic operation, according to customer needs can be arbitrary DIY operation, more flexible and convenient to use.<\/p>\n<p style=\"font-weight: 400;\">8\u3001Can store more than 100 sets of MOSAIC PROCESS FORMULA, easy to quickly call, to achieve serial production.<\/p>\n<p style=\"font-weight: 400;\">9\u3001According to customer needs to meet customer customized needs, all-round one-stop service.<\/p>\n<p style=\"font-weight: 400;\">10\u3001Two samples can be inlaid at the same time, doubling the\u00a0mounting efficiency in an instant.<\/p>\n<p style=\"font-weight: 400;\">11\u3001Program built-in Intelligent\u00a0 Algorithm, can choose time mode and intelligent mode (especially suitable for first-time users).<\/p>\n<table>\n<tbody>\n<tr>\n<td>\n<h1><strong>Teknik parametre:<\/strong><\/h1>\n<\/td>\n<\/tr>\n<\/tbody>\n<\/table>\n<table>\n<tbody>\n<tr>\n<td width=\"151\">\u0130sim<\/td>\n<td width=\"406\">Parameters<\/td>\n<\/tr>\n<tr>\n<td width=\"151\">Die Specification<\/td>\n<td width=\"406\">Standard fitting\u03c630\uff08Matching\uff1a\u03c622\uff0c\u03c645\uff09\uff0cDegree Centigrade<\/td>\n<\/tr>\n<tr>\n<td width=\"151\">Effective depth of die<\/td>\n<td width=\"406\">70mm<\/td>\n<\/tr>\n<tr>\n<td width=\"151\">Heating Power<\/td>\n<td width=\"406\">2KW<\/td>\n<\/tr>\n<tr>\n<td width=\"151\">Afterburner mode<\/td>\n<td width=\"406\">Hydraulic pressurization<\/td>\n<\/tr>\n<tr>\n<td width=\"151\">System pressure<\/td>\n<td width=\"406\">0-300Bar<\/td>\n<\/tr>\n<tr>\n<td width=\"151\">Temperature setting range<\/td>\n<td width=\"406\">0-60Bar<\/td>\n<\/tr>\n<tr>\n<td width=\"151\">Pressure setting range<\/td>\n<td width=\"406\">0-200Degree Centigrade<\/td>\n<\/tr>\n<tr>\n<td width=\"151\">Cooling setting range<\/td>\n<td width=\"406\">0-99Minutes<\/td>\n<\/tr>\n<tr>\n<td width=\"151\">Mosaic time<\/td>\n<td width=\"406\">0-99Minutes<\/td>\n<\/tr>\n<tr>\n<td width=\"151\">Suitable for mosaic material<\/td>\n<td width=\"406\">5In minutes\uff08From heating to 155 degrees to cooling to 40 degrees, black\u00a0mount,\u00a0mount\u00a0thickness within 20 mm)<\/td>\n<\/tr>\n<tr>\n<td width=\"151\">G\u00fc\u00e7 kayna\u011f\u0131<\/td>\n<td width=\"406\">Thermoplasticity and thermoset<\/td>\n<\/tr>\n<tr>\n<td width=\"151\">Total power<\/td>\n<td width=\"406\">Voltage\uff1a220V\u00a0Voltage\uff1a50HZ<\/td>\n<\/tr>\n<tr>\n<td width=\"151\">Contour dimension<\/td>\n<td width=\"406\">2.2KW<\/td>\n<\/tr>\n<tr>\n<td width=\"151\">A\u011f\u0131rl\u0131k<\/td>\n<td width=\"406\">460X580X550<\/td>\n<\/tr>\n<tr>\n<td width=\"151\">Temperature setting range<\/td>\n<td width=\"406\">65KG<\/td>\n<\/tr>\n<\/tbody>\n<\/table>","protected":false},"excerpt":{"rendered":"<p>Metallographic specimen mount is a very important step in the process of metallographic specimen preparation. It is especially suitable for some tiny samples which are difficult to handle or have irregular shape, easy to hand or follow-up automatic grinding and polishing (can be used with the company&#8217;s automatic grinding and polishing machine, the effect is better.). It is especially suitable for specimens with edge protection or with automatic grinding and polishing. The mounting of specimens is an essential working procedure. It is especially suitable for metallographic laboratories in factories, colleges and universities and scientific research institutions, it is the best choice for metallographic sample mount.<\/p>","protected":false},"featured_media":29852,"comment_status":"open","ping_status":"closed","template":"","meta":[],"product_brand":[],"product_cat":[95,81],"product_tag":[111],"class_list":{"0":"post-29851","1":"product","2":"type-product","3":"status-publish","4":"has-post-thumbnail","6":"product_cat-metallographic-mounting-machine","7":"product_cat-sample-preparation-and-analysis","8":"product_tag-metallographic-mounting-machine","10":"first","11":"instock","12":"shipping-taxable","13":"product-type-simple"},"yoast_head":"<!-- This site is optimized with the Yoast SEO Premium plugin v25.4 (Yoast SEO v27.4) - https:\/\/yoast.com\/product\/yoast-seo-premium-wordpress\/ -->\n<title>HYXQZ-1 Automatic metallographic sample mounting machine - hardnesstests<\/title>\n<meta name=\"robots\" content=\"index, follow, max-snippet:-1, max-image-preview:large, max-video-preview:-1\" \/>\n<link rel=\"canonical\" href=\"https:\/\/hardnesstests.com\/tr\/urun\/hyxqz-1-automatic-metallographic-sample-mounting-machine\/\" \/>\n<meta property=\"og:locale\" content=\"tr_TR\" \/>\n<meta property=\"og:type\" content=\"article\" \/>\n<meta property=\"og:title\" content=\"HYXQZ-1 Automatic metallographic sample mounting machine\" \/>\n<meta property=\"og:description\" content=\"Metallographic specimen mount is a very important step in the process of metallographic specimen preparation. It is especially suitable for some tiny samples which are difficult to handle or have irregular shape, easy to hand or follow-up automatic grinding and polishing (can be used with the company&#039;s automatic grinding and polishing machine, the effect is better.). It is especially suitable for specimens with edge protection or with automatic grinding and polishing. The mounting of specimens is an essential working procedure. It is especially suitable for metallographic laboratories in factories, colleges and universities and scientific research institutions, it is the best choice for metallographic sample mount.\" \/>\n<meta property=\"og:url\" content=\"https:\/\/hardnesstests.com\/tr\/urun\/hyxqz-1-automatic-metallographic-sample-mounting-machine\/\" \/>\n<meta property=\"og:site_name\" content=\"hardnesstests\" \/>\n<meta property=\"og:image\" content=\"https:\/\/hardnesstests.com\/wp-content\/uploads\/2025\/11\/HYXQZ-1\u5168\u81ea\u52a8\u91d1\u76f8\u8bd5\u6837\u9576\u5d4c\u673a.jpg\" \/>\n\t<meta property=\"og:image:width\" content=\"800\" \/>\n\t<meta property=\"og:image:height\" content=\"800\" \/>\n\t<meta property=\"og:image:type\" content=\"image\/jpeg\" \/>\n<meta name=\"twitter:card\" content=\"summary_large_image\" \/>\n<meta name=\"twitter:label1\" content=\"Tahmini okuma s\u00fcresi\" \/>\n\t<meta name=\"twitter:data1\" content=\"1 dakika\" \/>\n<script type=\"application\/ld+json\" class=\"yoast-schema-graph\">{\"@context\":\"https:\\\/\\\/schema.org\",\"@graph\":[{\"@type\":\"WebPage\",\"@id\":\"https:\\\/\\\/hardnesstests.com\\\/product\\\/hyxqz-1-automatic-metallographic-sample-mounting-machine\\\/\",\"url\":\"https:\\\/\\\/hardnesstests.com\\\/product\\\/hyxqz-1-automatic-metallographic-sample-mounting-machine\\\/\",\"name\":\"HYXQZ-1 Automatic metallographic sample mounting machine - hardnesstests\",\"isPartOf\":{\"@id\":\"https:\\\/\\\/hardnesstests.com\\\/tr\\\/#website\"},\"primaryImageOfPage\":{\"@id\":\"https:\\\/\\\/hardnesstests.com\\\/product\\\/hyxqz-1-automatic-metallographic-sample-mounting-machine\\\/#primaryimage\"},\"image\":{\"@id\":\"https:\\\/\\\/hardnesstests.com\\\/product\\\/hyxqz-1-automatic-metallographic-sample-mounting-machine\\\/#primaryimage\"},\"thumbnailUrl\":\"https:\\\/\\\/hardnesstests.com\\\/wp-content\\\/uploads\\\/2025\\\/11\\\/HYXQZ-1\u5168\u81ea\u52a8\u91d1\u76f8\u8bd5\u6837\u9576\u5d4c\u673a.jpg\",\"datePublished\":\"2025-11-27T09:16:44+00:00\",\"breadcrumb\":{\"@id\":\"https:\\\/\\\/hardnesstests.com\\\/product\\\/hyxqz-1-automatic-metallographic-sample-mounting-machine\\\/#breadcrumb\"},\"inLanguage\":\"tr\",\"potentialAction\":[{\"@type\":\"ReadAction\",\"target\":[\"https:\\\/\\\/hardnesstests.com\\\/product\\\/hyxqz-1-automatic-metallographic-sample-mounting-machine\\\/\"]}]},{\"@type\":\"ImageObject\",\"inLanguage\":\"tr\",\"@id\":\"https:\\\/\\\/hardnesstests.com\\\/product\\\/hyxqz-1-automatic-metallographic-sample-mounting-machine\\\/#primaryimage\",\"url\":\"https:\\\/\\\/hardnesstests.com\\\/wp-content\\\/uploads\\\/2025\\\/11\\\/HYXQZ-1\u5168\u81ea\u52a8\u91d1\u76f8\u8bd5\u6837\u9576\u5d4c\u673a.jpg\",\"contentUrl\":\"https:\\\/\\\/hardnesstests.com\\\/wp-content\\\/uploads\\\/2025\\\/11\\\/HYXQZ-1\u5168\u81ea\u52a8\u91d1\u76f8\u8bd5\u6837\u9576\u5d4c\u673a.jpg\",\"width\":800,\"height\":800,\"caption\":\"HYXQZ-1 Automatic metallographic sample mounting machine\"},{\"@type\":\"BreadcrumbList\",\"@id\":\"https:\\\/\\\/hardnesstests.com\\\/product\\\/hyxqz-1-automatic-metallographic-sample-mounting-machine\\\/#breadcrumb\",\"itemListElement\":[{\"@type\":\"ListItem\",\"position\":1,\"name\":\"\u9996\u9875\",\"item\":\"https:\\\/\\\/hardnesstests.com\\\/\"},{\"@type\":\"ListItem\",\"position\":2,\"name\":\"products\",\"item\":\"https:\\\/\\\/hardnesstests.com\\\/products\\\/\"},{\"@type\":\"ListItem\",\"position\":3,\"name\":\"HYXQZ-1 Automatic metallographic sample mounting machine\"}]},{\"@type\":\"WebSite\",\"@id\":\"https:\\\/\\\/hardnesstests.com\\\/tr\\\/#website\",\"url\":\"https:\\\/\\\/hardnesstests.com\\\/tr\\\/\",\"name\":\"hardnesstests\",\"description\":\"\",\"publisher\":{\"@id\":\"https:\\\/\\\/hardnesstests.com\\\/tr\\\/#organization\"},\"potentialAction\":[{\"@type\":\"SearchAction\",\"target\":{\"@type\":\"EntryPoint\",\"urlTemplate\":\"https:\\\/\\\/hardnesstests.com\\\/tr\\\/?s={search_term_string}\"},\"query-input\":{\"@type\":\"PropertyValueSpecification\",\"valueRequired\":true,\"valueName\":\"search_term_string\"}}],\"inLanguage\":\"tr\"},{\"@type\":\"Organization\",\"@id\":\"https:\\\/\\\/hardnesstests.com\\\/tr\\\/#organization\",\"name\":\"hardnesstests\",\"url\":\"https:\\\/\\\/hardnesstests.com\\\/tr\\\/\",\"logo\":{\"@type\":\"ImageObject\",\"inLanguage\":\"tr\",\"@id\":\"https:\\\/\\\/hardnesstests.com\\\/tr\\\/#\\\/schema\\\/logo\\\/image\\\/\",\"url\":\"https:\\\/\\\/hardnesstests.com\\\/wp-content\\\/uploads\\\/2021\\\/08\\\/\u5fae\u4fe1\u56fe\u7247_20251029102004_335_1287.png\",\"contentUrl\":\"https:\\\/\\\/hardnesstests.com\\\/wp-content\\\/uploads\\\/2021\\\/08\\\/\u5fae\u4fe1\u56fe\u7247_20251029102004_335_1287.png\",\"width\":1308,\"height\":467,\"caption\":\"hardnesstests\"},\"image\":{\"@id\":\"https:\\\/\\\/hardnesstests.com\\\/tr\\\/#\\\/schema\\\/logo\\\/image\\\/\"}}]}<\/script>\n<!-- \/ Yoast SEO Premium plugin. -->","yoast_head_json":{"title":"HYXQZ-1 Automatic metallographic sample mounting machine - hardnesstests","robots":{"index":"index","follow":"follow","max-snippet":"max-snippet:-1","max-image-preview":"max-image-preview:large","max-video-preview":"max-video-preview:-1"},"canonical":"https:\/\/hardnesstests.com\/tr\/urun\/hyxqz-1-automatic-metallographic-sample-mounting-machine\/","og_locale":"tr_TR","og_type":"article","og_title":"HYXQZ-1 Automatic metallographic sample mounting machine","og_description":"Metallographic specimen mount is a very important step in the process of metallographic specimen preparation. It is especially suitable for some tiny samples which are difficult to handle or have irregular shape, easy to hand or follow-up automatic grinding and polishing (can be used with the company's automatic grinding and polishing machine, the effect is better.). It is especially suitable for specimens with edge protection or with automatic grinding and polishing. The mounting of specimens is an essential working procedure. It is especially suitable for metallographic laboratories in factories, colleges and universities and scientific research institutions, it is the best choice for metallographic sample mount.","og_url":"https:\/\/hardnesstests.com\/tr\/urun\/hyxqz-1-automatic-metallographic-sample-mounting-machine\/","og_site_name":"hardnesstests","og_image":[{"width":800,"height":800,"url":"https:\/\/hardnesstests.com\/wp-content\/uploads\/2025\/11\/HYXQZ-1\u5168\u81ea\u52a8\u91d1\u76f8\u8bd5\u6837\u9576\u5d4c\u673a.jpg","type":"image\/jpeg"}],"twitter_card":"summary_large_image","twitter_misc":{"Tahmini okuma s\u00fcresi":"1 dakika"},"schema":{"@context":"https:\/\/schema.org","@graph":[{"@type":"WebPage","@id":"https:\/\/hardnesstests.com\/product\/hyxqz-1-automatic-metallographic-sample-mounting-machine\/","url":"https:\/\/hardnesstests.com\/product\/hyxqz-1-automatic-metallographic-sample-mounting-machine\/","name":"HYXQZ-1 Automatic metallographic sample mounting machine - hardnesstests","isPartOf":{"@id":"https:\/\/hardnesstests.com\/tr\/#website"},"primaryImageOfPage":{"@id":"https:\/\/hardnesstests.com\/product\/hyxqz-1-automatic-metallographic-sample-mounting-machine\/#primaryimage"},"image":{"@id":"https:\/\/hardnesstests.com\/product\/hyxqz-1-automatic-metallographic-sample-mounting-machine\/#primaryimage"},"thumbnailUrl":"https:\/\/hardnesstests.com\/wp-content\/uploads\/2025\/11\/HYXQZ-1\u5168\u81ea\u52a8\u91d1\u76f8\u8bd5\u6837\u9576\u5d4c\u673a.jpg","datePublished":"2025-11-27T09:16:44+00:00","breadcrumb":{"@id":"https:\/\/hardnesstests.com\/product\/hyxqz-1-automatic-metallographic-sample-mounting-machine\/#breadcrumb"},"inLanguage":"tr","potentialAction":[{"@type":"ReadAction","target":["https:\/\/hardnesstests.com\/product\/hyxqz-1-automatic-metallographic-sample-mounting-machine\/"]}]},{"@type":"ImageObject","inLanguage":"tr","@id":"https:\/\/hardnesstests.com\/product\/hyxqz-1-automatic-metallographic-sample-mounting-machine\/#primaryimage","url":"https:\/\/hardnesstests.com\/wp-content\/uploads\/2025\/11\/HYXQZ-1\u5168\u81ea\u52a8\u91d1\u76f8\u8bd5\u6837\u9576\u5d4c\u673a.jpg","contentUrl":"https:\/\/hardnesstests.com\/wp-content\/uploads\/2025\/11\/HYXQZ-1\u5168\u81ea\u52a8\u91d1\u76f8\u8bd5\u6837\u9576\u5d4c\u673a.jpg","width":800,"height":800,"caption":"HYXQZ-1 Automatic metallographic sample mounting machine"},{"@type":"BreadcrumbList","@id":"https:\/\/hardnesstests.com\/product\/hyxqz-1-automatic-metallographic-sample-mounting-machine\/#breadcrumb","itemListElement":[{"@type":"ListItem","position":1,"name":"\u9996\u9875","item":"https:\/\/hardnesstests.com\/"},{"@type":"ListItem","position":2,"name":"products","item":"https:\/\/hardnesstests.com\/products\/"},{"@type":"ListItem","position":3,"name":"HYXQZ-1 Automatic metallographic sample mounting machine"}]},{"@type":"WebSite","@id":"https:\/\/hardnesstests.com\/tr\/#website","url":"https:\/\/hardnesstests.com\/tr\/","name":"hardnesstests","description":"","publisher":{"@id":"https:\/\/hardnesstests.com\/tr\/#organization"},"potentialAction":[{"@type":"SearchAction","target":{"@type":"EntryPoint","urlTemplate":"https:\/\/hardnesstests.com\/tr\/?s={search_term_string}"},"query-input":{"@type":"PropertyValueSpecification","valueRequired":true,"valueName":"search_term_string"}}],"inLanguage":"tr"},{"@type":"Organization","@id":"https:\/\/hardnesstests.com\/tr\/#organization","name":"hardnesstests","url":"https:\/\/hardnesstests.com\/tr\/","logo":{"@type":"ImageObject","inLanguage":"tr","@id":"https:\/\/hardnesstests.com\/tr\/#\/schema\/logo\/image\/","url":"https:\/\/hardnesstests.com\/wp-content\/uploads\/2021\/08\/\u5fae\u4fe1\u56fe\u7247_20251029102004_335_1287.png","contentUrl":"https:\/\/hardnesstests.com\/wp-content\/uploads\/2021\/08\/\u5fae\u4fe1\u56fe\u7247_20251029102004_335_1287.png","width":1308,"height":467,"caption":"hardnesstests"},"image":{"@id":"https:\/\/hardnesstests.com\/tr\/#\/schema\/logo\/image\/"}}]}},"_links":{"self":[{"href":"https:\/\/hardnesstests.com\/tr\/wp-json\/wp\/v2\/product\/29851","targetHints":{"allow":["GET"]}}],"collection":[{"href":"https:\/\/hardnesstests.com\/tr\/wp-json\/wp\/v2\/product"}],"about":[{"href":"https:\/\/hardnesstests.com\/tr\/wp-json\/wp\/v2\/types\/product"}],"replies":[{"embeddable":true,"href":"https:\/\/hardnesstests.com\/tr\/wp-json\/wp\/v2\/comments?post=29851"}],"version-history":[{"count":1,"href":"https:\/\/hardnesstests.com\/tr\/wp-json\/wp\/v2\/product\/29851\/revisions"}],"predecessor-version":[{"id":29853,"href":"https:\/\/hardnesstests.com\/tr\/wp-json\/wp\/v2\/product\/29851\/revisions\/29853"}],"wp:featuredmedia":[{"embeddable":true,"href":"https:\/\/hardnesstests.com\/tr\/wp-json\/wp\/v2\/media\/29852"}],"wp:attachment":[{"href":"https:\/\/hardnesstests.com\/tr\/wp-json\/wp\/v2\/media?parent=29851"}],"wp:term":[{"taxonomy":"product_brand","embeddable":true,"href":"https:\/\/hardnesstests.com\/tr\/wp-json\/wp\/v2\/product_brand?post=29851"},{"taxonomy":"product_cat","embeddable":true,"href":"https:\/\/hardnesstests.com\/tr\/wp-json\/wp\/v2\/product_cat?post=29851"},{"taxonomy":"product_tag","embeddable":true,"href":"https:\/\/hardnesstests.com\/tr\/wp-json\/wp\/v2\/product_tag?post=29851"}],"curies":[{"name":"wp","href":"https:\/\/api.w.org\/{rel}","templated":true}]}}