{"id":29841,"date":"2025-11-27T08:59:38","date_gmt":"2025-11-27T08:59:38","guid":{"rendered":"https:\/\/hardnesstests.com\/?post_type=product&#038;p=29841"},"modified":"2025-11-27T08:59:38","modified_gmt":"2025-11-27T08:59:38","slug":"touch-screen-digital-display-plastic-rockwell-hardness-tester-xhrts-150","status":"publish","type":"product","link":"https:\/\/hardnesstests.com\/tr\/urun\/touch-screen-digital-display-plastic-rockwell-hardness-tester-xhrts-150\/","title":{"rendered":"Dokunmatik ekran dijital ekran plastik Rockwell sertlik test cihaz\u0131 (XHRTS-150)"},"content":{"rendered":"<h1 style=\"font-weight: 400;\"><strong>Ana \u00f6zellikler ve \u00f6zellikler:<\/strong><\/h1>\n<p style=\"font-weight: 400;\">Cihaz\u0131n ana fonksiyonlar\u0131 ve \u00f6zellikleri<\/p>\n<ol>\n<li style=\"font-weight: 400;\">7 in\u00e7 LCD dokunmatik ekran, sertlik de\u011ferini do\u011frudan g\u00f6r\u00fcnt\u00fcleyebilir, sertli\u011fi, test y\u00f6ntemini, test kuvvetini, parlakl\u0131\u011f\u0131, ilk test kuvveti tutma s\u00fcresini, toplam test kuvveti tutma s\u00fcresini, elastik iyile\u015fme s\u00fcresini, \u00f6l\u00e7\u00fcm s\u00fcrelerini, istatistiksel verileri, test s\u00fcresini d\u00f6n\u00fc\u015ft\u00fcrebilir Test s\u00fcrecinin sezgisel ve net olmas\u0131n\u0131 bekleyin;<\/li>\n<li style=\"font-weight: 400;\">Sistem, 80-120%'nin hata aral\u0131\u011f\u0131n\u0131 otomatik olarak ayarlayabilen veya cihaz\u0131 d\u00fc\u015f\u00fck ve y\u00fcksek de\u011ferler i\u00e7in ayr\u0131 ayr\u0131 kalibre edebilen bir kalibrasyon i\u015fleviyle birlikte gelir<\/li>\n<li style=\"font-weight: 400;\">Kavisli y\u00fczeyi test ederken, standart kavisli y\u00fczey yar\u0131\u00e7ap\u0131na g\u00f6re otomatik olarak d\u00fczeltilir;<\/li>\n<li style=\"font-weight: 400;\">100 set test verisi saklanabilir ve test verileri herhangi bir zamanda g\u00f6r\u00fcnt\u00fclenebilir ve mevcut veriler de silinebilir veya t\u00fcm test verileri temizlenebilir;<\/li>\n<li style=\"font-weight: 400;\">Test kuvveti birimleri kar\u015f\u0131l\u0131kl\u0131 olarak d\u00f6n\u00fc\u015ft\u00fcr\u00fclebilir, d\u00f6n\u00fc\u015ft\u00fcrme birimi \u015f\u00f6yledir: (Kgf, N)<\/li>\n<li style=\"font-weight: 400;\">E\u015fzamanl\u0131 ekran: maksimum de\u011fer, minimum de\u011fer, ortalama de\u011fer, test s\u00fcreleri, \u00fcr\u00fcn ad\u0131;<\/li>\n<li style=\"font-weight: 400;\">Ana aray\u00fcz ayn\u0131 anda 4 d\u00f6n\u00fc\u015ft\u00fcrme \u00f6l\u00e7e\u011fi g\u00f6r\u00fcnt\u00fcleyebilir ve ge\u00e7i\u015f yapabilir: Ulusal Standart (GB), Amerikan Standard\u0131 (ASTM) ve Uluslararas\u0131 (ISO) Standartlar. Toplam 20 \u00f6l\u00e7\u00fcm skalas\u0131 d\u00f6n\u00fc\u015ft\u00fcr\u00fclebilir: HRA, HRB, HRC, HRD, HRE, HRF, HRG, HRK, HR15N, HR30N, HR45N, HR15T, HR30T, HR45T, HK, HBW, HS, HBS, HV, Rm (gerilme mukavemeti),<\/li>\n<li style=\"font-weight: 400;\">Ekran uyku s\u00fcresi ayarlanabilir ve uzun s\u00fcre \u00e7al\u0131\u015ft\u0131r\u0131lmazsa otomatik olarak uyku durumuna girerek \u00e7evre korumas\u0131ndan tasarruf sa\u011flar;<\/li>\n<li style=\"font-weight: 400;\">\u00dcst ve alt limit \u00f6l\u00e7\u00fcm aral\u0131\u011f\u0131 ayarlanabilir, ana \u00f6l\u00e7\u00fcm aray\u00fcz\u00fcnde g\u00f6r\u00fcnt\u00fclenebilir ve niteliksiz de\u011fer otomatik olarak bir alarm verecektir;<\/li>\n<li style=\"font-weight: 400;\">\u0130\u015fletim sisteminde iste\u011fe ba\u011fl\u0131 olarak de\u011fi\u015ftirilebilen 14 dil vard\u0131r: \u00c7ince, Geleneksel \u00c7ince, \u0130ngilizce, Rus\u00e7a, Almanca, Frans\u0131zca, \u0130spanyolca, Portekizce, T\u00fcrk\u00e7e, \u00c7ek\u00e7e, Japonca, Korece, Tayca, Vietnamca;<\/li>\n<li style=\"font-weight: 400;\">Dahili bir yaz\u0131c\u0131 ile donat\u0131lm\u0131\u015f olan test verileri, depolama ve analiz i\u00e7in USB \u00fczerinden U diske de aktar\u0131labilir;<\/li>\n<li style=\"font-weight: 400;\">D\u00f6k\u00fcm kabu\u011fu, tek seferlik kal\u0131plama, y\u00fcksek dereceli saf beyaz araba boyas\u0131, g\u00fc\u00e7l\u00fc \u00e7izilme direnci ile kararl\u0131 ve deforme olmayan bir yap\u0131ya sahiptir ve uzun y\u0131llar kullan\u0131mdan sonra hala yeni gibi parlakt\u0131r;<\/li>\n<li style=\"font-weight: 400;\">Firmam\u0131z kendi ba\u015f\u0131na geli\u015ftirme, tasarlama ve \u00fcretme yetene\u011fine sahiptir. Makinelerimiz \u00f6m\u00fcr boyu par\u00e7a de\u011fi\u015fimi ve bak\u0131m y\u00fckseltme hizmeti vermektedir;<\/li>\n<\/ol>\n<h1 style=\"font-weight: 400;\"><strong>Ana kullan\u0131m ve uygulama kapsam\u0131:<\/strong><\/h1>\n<p style=\"font-weight: 400;\">D\u00f6k\u00fcm ve d\u00f6vme par\u00e7alar - Numune testi ve kabul testi<\/p>\n<p style=\"font-weight: 400;\">D\u00fczlemsel ve silindirik i\u015f par\u00e7alar\u0131 -\u00c7elik, demir d\u0131\u015f\u0131 metaller<\/p>\n<p style=\"font-weight: 400;\">Otomotiv ve havac\u0131l\u0131k end\u00fcstrisi -Karb\u00fcr, seramik, paslanmaz \u00e7elik<\/p>\n<p style=\"font-weight: 400;\">Laboratuvar ve at\u00f6lye metalik olmayan plastikler, sert kau\u00e7uk, sentetik re\u00e7ineler, s\u00fcrt\u00fcnme malzemeleri ve daha yumu\u015fak metaller<\/p>\n<h2 style=\"font-weight: 400;\"><strong>Ana teknik parametreler:<\/strong><\/h2>\n<table>\n<tbody>\n<tr>\n<td width=\"165\">\u0130sim<\/td>\n<td width=\"331\">Veri<\/td>\n<\/tr>\n<tr>\n<td width=\"165\">\u0130lk test kuvveti (N)<\/td>\n<td width=\"331\">10kgf (98.07N) izin verilen hata \u00b12.0%<\/td>\n<\/tr>\n<tr>\n<td width=\"165\">Toplam test kuvveti (N)<\/td>\n<td width=\"331\">60kgf(588N) 100kgf(980N) 150kgf(1471N)<\/td>\n<\/tr>\n<tr>\n<td width=\"165\">Rockwell cetveli<\/td>\n<td width=\"331\">HRE\u3001HRM\u3001HRL\u3001HRR\u3001HRF\u3001HRG\u3001HRH\u3001HRK<\/td>\n<\/tr>\n<tr>\n<td width=\"165\">Denetim standard\u0131<\/td>\n<td width=\"331\">GB\/T230 Ulusal Standart, JJG884 Do\u011frulama Y\u00f6netmeli\u011fi<\/td>\n<\/tr>\n<tr>\n<td width=\"165\">do\u011fruluk<\/td>\n<td width=\"331\">0.1HR<\/td>\n<\/tr>\n<tr>\n<td width=\"165\">S\u00fcre(ler)<\/td>\n<td width=\"331\">1-60<\/td>\n<\/tr>\n<tr>\n<td width=\"165\">Sertlik okumas\u0131<\/td>\n<td width=\"331\">Turch ekran LCD dijital ekran<\/td>\n<\/tr>\n<tr>\n<td width=\"165\">Test par\u00e7as\u0131n\u0131n maksimum y\u00fcksekli\u011fi (mm)<\/td>\n<td width=\"331\">170<\/td>\n<\/tr>\n<tr>\n<td width=\"165\">Girinti merkezinden g\u00f6vdeye mesafe (mm)<\/td>\n<td width=\"331\">165<\/td>\n<\/tr>\n<tr>\n<td width=\"165\">Boyut (mm)<\/td>\n<td width=\"331\">550\u00d7220\u00d7730<\/td>\n<\/tr>\n<tr>\n<td width=\"165\">G\u00fc\u00e7 kayna\u011f\u0131<\/td>\n<td width=\"331\">220V\/50HZ<\/td>\n<\/tr>\n<tr>\n<td width=\"165\">A\u011f\u0131rl\u0131k (kg)<\/td>\n<td width=\"331\">85<\/td>\n<\/tr>\n<tr>\n<td width=\"165\">\u00d6l\u00e7\u00fcm aral\u0131\u011f\u0131<\/td>\n<td width=\"331\">HRD:40-77 HRE:70-94 HRF:60-100 HRG:30-94 HRH:80-100 HRK:40-100 HRL:100-120 HRM:85-110 HRR:114-125<\/td>\n<\/tr>\n<\/tbody>\n<\/table>","protected":false},"excerpt":{"rendered":"<p>XHRTS-150 renkli dokunmatik ekran dijital ekran plastik Rockwell sertlik test cihaz\u0131, y\u00fcksek performans, y\u00fcksek hassasiyet ve istikrarl\u0131 performansa sahip yeni nesil y\u00fcksek performansl\u0131 \u00fcr\u00fcnlerdir. G\u00f6r\u00fcn\u00fcm\u00fc yenidir, kabuk tek par\u00e7a halinde d\u00f6k\u00fclm\u00fc\u015ft\u00fcr, stabilitesi y\u00fcksektir ve dokunmatik ekran aray\u00fcz\u00fc menuddur. \u0130\u015flem basit, sezgisel ve kullan\u0131\u015fl\u0131d\u0131r. \u00d6l\u00e7\u00fcm cihaz\u0131, \u0131zgara sens\u00f6r\u00fc ve bilgisayar kontrol\u00fcn\u00fc benimser ve sertlik g\u00f6sterge de\u011feri do\u011frudan s\u0131v\u0131 kristal ekranda g\u00f6r\u00fcnt\u00fclenir. Mekanik ve elektrik entegrasyonlu bir sertlik test cihaz\u0131d\u0131r. Test par\u00e7as\u0131n\u0131n minimum kal\u0131nl\u0131\u011f\u0131n\u0131 belirlemek i\u00e7in \u00e7e\u015fitli sertlik parametrelerini otomatik olarak birbirine d\u00f6n\u00fc\u015ft\u00fcrebilir. Silindir test edildi\u011finde, d\u00fczeltme miktar\u0131 otomatik olarak eklenir. \u0130lgili test sonu\u00e7lar\u0131n\u0131 okumak i\u00e7in dahili yaz\u0131c\u0131. Otomatik \u00e7al\u0131\u015fma, insan hatas\u0131n\u0131 ve okuma hatalar\u0131n\u0131 ortadan kald\u0131r\u0131r! Ayn\u0131 zamanda makine, kullan\u0131m\u0131 daha g\u00fcvenli olan bir acil durdurma cihaz\u0131 ile donat\u0131lm\u0131\u015ft\u0131r!<\/p>","protected":false},"featured_media":29842,"comment_status":"open","ping_status":"closed","template":"","meta":[],"product_brand":[],"product_cat":[70,74],"product_tag":[109],"class_list":{"0":"post-29841","1":"product","2":"type-product","3":"status-publish","4":"has-post-thumbnail","6":"product_cat-hardness-tester","7":"product_cat-rockwell-hardness-tester","8":"product_tag-methods-rockwell-hardness-test","10":"first","11":"instock","12":"shipping-taxable","13":"product-type-simple"},"yoast_head":"<!-- This site is optimized with the Yoast SEO Premium plugin v25.4 (Yoast SEO v27.4) - https:\/\/yoast.com\/product\/yoast-seo-premium-wordpress\/ -->\n<title>Touch screen digital display plastic Rockwell hardness tester (XHRTS-150) - hardnesstests<\/title>\n<meta name=\"robots\" content=\"index, follow, max-snippet:-1, max-image-preview:large, max-video-preview:-1\" \/>\n<link rel=\"canonical\" href=\"https:\/\/hardnesstests.com\/tr\/urun\/touch-screen-digital-display-plastic-rockwell-hardness-tester-xhrts-150\/\" \/>\n<meta property=\"og:locale\" content=\"tr_TR\" \/>\n<meta property=\"og:type\" content=\"article\" \/>\n<meta property=\"og:title\" content=\"Touch screen digital display plastic Rockwell hardness tester (XHRTS-150)\" \/>\n<meta property=\"og:description\" content=\"XHRTS-150 color touch screen digital display plastic Rockwell hardness tester is a new generation of high-performance products with high performance, high precision and stable performance. Its appearance is novel, the shell is cast in one piece, the stability is high, and its touch screen interface is menud. The operation is simple, intuitive and convenient. The measuring device adopts grating sensor and computer control, and the hardness indication value is directly displayed on the liquid crystal screen. It is a mechanical and electrical integration hardness testing instrument. It can automatically convert various hardness parameters to each other to identify the minimum thickness of the test piece. When the cylinder is tested, the correction amount is automatically added. Built-in printer to read the relevant test results. Automated operation, eliminating human error and reading errors! At the same time, the machine is also equipped with an emergency stop device, which is safer to use!\" \/>\n<meta property=\"og:url\" content=\"https:\/\/hardnesstests.com\/tr\/urun\/touch-screen-digital-display-plastic-rockwell-hardness-tester-xhrts-150\/\" \/>\n<meta property=\"og:site_name\" content=\"hardnesstests\" \/>\n<meta property=\"og:image\" content=\"https:\/\/hardnesstests.com\/wp-content\/uploads\/2025\/11\/XHRTS-150\u89e6\u6478\u5c4f\u6570\u663e\u5851\u6599\u6d1b\u6c0f\u786c\u5ea6\u8ba1.jpg\" \/>\n\t<meta property=\"og:image:width\" content=\"800\" \/>\n\t<meta property=\"og:image:height\" content=\"800\" \/>\n\t<meta property=\"og:image:type\" content=\"image\/jpeg\" \/>\n<meta name=\"twitter:card\" content=\"summary_large_image\" \/>\n<meta name=\"twitter:label1\" content=\"Tahmini okuma s\u00fcresi\" \/>\n\t<meta name=\"twitter:data1\" content=\"3 dakika\" \/>\n<script type=\"application\/ld+json\" class=\"yoast-schema-graph\">{\"@context\":\"https:\\\/\\\/schema.org\",\"@graph\":[{\"@type\":\"WebPage\",\"@id\":\"https:\\\/\\\/hardnesstests.com\\\/product\\\/touch-screen-digital-display-plastic-rockwell-hardness-tester-xhrts-150\\\/\",\"url\":\"https:\\\/\\\/hardnesstests.com\\\/product\\\/touch-screen-digital-display-plastic-rockwell-hardness-tester-xhrts-150\\\/\",\"name\":\"Touch screen digital display plastic Rockwell hardness tester (XHRTS-150) - hardnesstests\",\"isPartOf\":{\"@id\":\"https:\\\/\\\/hardnesstests.com\\\/tr\\\/#website\"},\"primaryImageOfPage\":{\"@id\":\"https:\\\/\\\/hardnesstests.com\\\/product\\\/touch-screen-digital-display-plastic-rockwell-hardness-tester-xhrts-150\\\/#primaryimage\"},\"image\":{\"@id\":\"https:\\\/\\\/hardnesstests.com\\\/product\\\/touch-screen-digital-display-plastic-rockwell-hardness-tester-xhrts-150\\\/#primaryimage\"},\"thumbnailUrl\":\"https:\\\/\\\/hardnesstests.com\\\/wp-content\\\/uploads\\\/2025\\\/11\\\/XHRTS-150\u89e6\u6478\u5c4f\u6570\u663e\u5851\u6599\u6d1b\u6c0f\u786c\u5ea6\u8ba1.jpg\",\"datePublished\":\"2025-11-27T08:59:38+00:00\",\"breadcrumb\":{\"@id\":\"https:\\\/\\\/hardnesstests.com\\\/product\\\/touch-screen-digital-display-plastic-rockwell-hardness-tester-xhrts-150\\\/#breadcrumb\"},\"inLanguage\":\"tr\",\"potentialAction\":[{\"@type\":\"ReadAction\",\"target\":[\"https:\\\/\\\/hardnesstests.com\\\/product\\\/touch-screen-digital-display-plastic-rockwell-hardness-tester-xhrts-150\\\/\"]}]},{\"@type\":\"ImageObject\",\"inLanguage\":\"tr\",\"@id\":\"https:\\\/\\\/hardnesstests.com\\\/product\\\/touch-screen-digital-display-plastic-rockwell-hardness-tester-xhrts-150\\\/#primaryimage\",\"url\":\"https:\\\/\\\/hardnesstests.com\\\/wp-content\\\/uploads\\\/2025\\\/11\\\/XHRTS-150\u89e6\u6478\u5c4f\u6570\u663e\u5851\u6599\u6d1b\u6c0f\u786c\u5ea6\u8ba1.jpg\",\"contentUrl\":\"https:\\\/\\\/hardnesstests.com\\\/wp-content\\\/uploads\\\/2025\\\/11\\\/XHRTS-150\u89e6\u6478\u5c4f\u6570\u663e\u5851\u6599\u6d1b\u6c0f\u786c\u5ea6\u8ba1.jpg\",\"width\":800,\"height\":800,\"caption\":\"Touch screen digital display plastic Rockwell hardness tester (XHRTS-150)\"},{\"@type\":\"BreadcrumbList\",\"@id\":\"https:\\\/\\\/hardnesstests.com\\\/product\\\/touch-screen-digital-display-plastic-rockwell-hardness-tester-xhrts-150\\\/#breadcrumb\",\"itemListElement\":[{\"@type\":\"ListItem\",\"position\":1,\"name\":\"\u9996\u9875\",\"item\":\"https:\\\/\\\/hardnesstests.com\\\/\"},{\"@type\":\"ListItem\",\"position\":2,\"name\":\"products\",\"item\":\"https:\\\/\\\/hardnesstests.com\\\/products\\\/\"},{\"@type\":\"ListItem\",\"position\":3,\"name\":\"Touch screen digital display plastic Rockwell hardness tester (XHRTS-150)\"}]},{\"@type\":\"WebSite\",\"@id\":\"https:\\\/\\\/hardnesstests.com\\\/tr\\\/#website\",\"url\":\"https:\\\/\\\/hardnesstests.com\\\/tr\\\/\",\"name\":\"hardnesstests\",\"description\":\"\",\"publisher\":{\"@id\":\"https:\\\/\\\/hardnesstests.com\\\/tr\\\/#organization\"},\"potentialAction\":[{\"@type\":\"SearchAction\",\"target\":{\"@type\":\"EntryPoint\",\"urlTemplate\":\"https:\\\/\\\/hardnesstests.com\\\/tr\\\/?s={search_term_string}\"},\"query-input\":{\"@type\":\"PropertyValueSpecification\",\"valueRequired\":true,\"valueName\":\"search_term_string\"}}],\"inLanguage\":\"tr\"},{\"@type\":\"Organization\",\"@id\":\"https:\\\/\\\/hardnesstests.com\\\/tr\\\/#organization\",\"name\":\"hardnesstests\",\"url\":\"https:\\\/\\\/hardnesstests.com\\\/tr\\\/\",\"logo\":{\"@type\":\"ImageObject\",\"inLanguage\":\"tr\",\"@id\":\"https:\\\/\\\/hardnesstests.com\\\/tr\\\/#\\\/schema\\\/logo\\\/image\\\/\",\"url\":\"https:\\\/\\\/hardnesstests.com\\\/wp-content\\\/uploads\\\/2021\\\/08\\\/\u5fae\u4fe1\u56fe\u7247_20251029102004_335_1287.png\",\"contentUrl\":\"https:\\\/\\\/hardnesstests.com\\\/wp-content\\\/uploads\\\/2021\\\/08\\\/\u5fae\u4fe1\u56fe\u7247_20251029102004_335_1287.png\",\"width\":1308,\"height\":467,\"caption\":\"hardnesstests\"},\"image\":{\"@id\":\"https:\\\/\\\/hardnesstests.com\\\/tr\\\/#\\\/schema\\\/logo\\\/image\\\/\"}}]}<\/script>\n<!-- \/ Yoast SEO Premium plugin. -->","yoast_head_json":{"title":"Touch screen digital display plastic Rockwell hardness tester (XHRTS-150) - hardnesstests","robots":{"index":"index","follow":"follow","max-snippet":"max-snippet:-1","max-image-preview":"max-image-preview:large","max-video-preview":"max-video-preview:-1"},"canonical":"https:\/\/hardnesstests.com\/tr\/urun\/touch-screen-digital-display-plastic-rockwell-hardness-tester-xhrts-150\/","og_locale":"tr_TR","og_type":"article","og_title":"Touch screen digital display plastic Rockwell hardness tester (XHRTS-150)","og_description":"XHRTS-150 color touch screen digital display plastic Rockwell hardness tester is a new generation of high-performance products with high performance, high precision and stable performance. Its appearance is novel, the shell is cast in one piece, the stability is high, and its touch screen interface is menud. The operation is simple, intuitive and convenient. The measuring device adopts grating sensor and computer control, and the hardness indication value is directly displayed on the liquid crystal screen. It is a mechanical and electrical integration hardness testing instrument. It can automatically convert various hardness parameters to each other to identify the minimum thickness of the test piece. When the cylinder is tested, the correction amount is automatically added. Built-in printer to read the relevant test results. Automated operation, eliminating human error and reading errors! At the same time, the machine is also equipped with an emergency stop device, which is safer to use!","og_url":"https:\/\/hardnesstests.com\/tr\/urun\/touch-screen-digital-display-plastic-rockwell-hardness-tester-xhrts-150\/","og_site_name":"hardnesstests","og_image":[{"width":800,"height":800,"url":"https:\/\/hardnesstests.com\/wp-content\/uploads\/2025\/11\/XHRTS-150\u89e6\u6478\u5c4f\u6570\u663e\u5851\u6599\u6d1b\u6c0f\u786c\u5ea6\u8ba1.jpg","type":"image\/jpeg"}],"twitter_card":"summary_large_image","twitter_misc":{"Tahmini okuma s\u00fcresi":"3 dakika"},"schema":{"@context":"https:\/\/schema.org","@graph":[{"@type":"WebPage","@id":"https:\/\/hardnesstests.com\/product\/touch-screen-digital-display-plastic-rockwell-hardness-tester-xhrts-150\/","url":"https:\/\/hardnesstests.com\/product\/touch-screen-digital-display-plastic-rockwell-hardness-tester-xhrts-150\/","name":"Touch screen digital display plastic Rockwell hardness tester (XHRTS-150) - hardnesstests","isPartOf":{"@id":"https:\/\/hardnesstests.com\/tr\/#website"},"primaryImageOfPage":{"@id":"https:\/\/hardnesstests.com\/product\/touch-screen-digital-display-plastic-rockwell-hardness-tester-xhrts-150\/#primaryimage"},"image":{"@id":"https:\/\/hardnesstests.com\/product\/touch-screen-digital-display-plastic-rockwell-hardness-tester-xhrts-150\/#primaryimage"},"thumbnailUrl":"https:\/\/hardnesstests.com\/wp-content\/uploads\/2025\/11\/XHRTS-150\u89e6\u6478\u5c4f\u6570\u663e\u5851\u6599\u6d1b\u6c0f\u786c\u5ea6\u8ba1.jpg","datePublished":"2025-11-27T08:59:38+00:00","breadcrumb":{"@id":"https:\/\/hardnesstests.com\/product\/touch-screen-digital-display-plastic-rockwell-hardness-tester-xhrts-150\/#breadcrumb"},"inLanguage":"tr","potentialAction":[{"@type":"ReadAction","target":["https:\/\/hardnesstests.com\/product\/touch-screen-digital-display-plastic-rockwell-hardness-tester-xhrts-150\/"]}]},{"@type":"ImageObject","inLanguage":"tr","@id":"https:\/\/hardnesstests.com\/product\/touch-screen-digital-display-plastic-rockwell-hardness-tester-xhrts-150\/#primaryimage","url":"https:\/\/hardnesstests.com\/wp-content\/uploads\/2025\/11\/XHRTS-150\u89e6\u6478\u5c4f\u6570\u663e\u5851\u6599\u6d1b\u6c0f\u786c\u5ea6\u8ba1.jpg","contentUrl":"https:\/\/hardnesstests.com\/wp-content\/uploads\/2025\/11\/XHRTS-150\u89e6\u6478\u5c4f\u6570\u663e\u5851\u6599\u6d1b\u6c0f\u786c\u5ea6\u8ba1.jpg","width":800,"height":800,"caption":"Touch screen digital display plastic Rockwell hardness tester (XHRTS-150)"},{"@type":"BreadcrumbList","@id":"https:\/\/hardnesstests.com\/product\/touch-screen-digital-display-plastic-rockwell-hardness-tester-xhrts-150\/#breadcrumb","itemListElement":[{"@type":"ListItem","position":1,"name":"\u9996\u9875","item":"https:\/\/hardnesstests.com\/"},{"@type":"ListItem","position":2,"name":"products","item":"https:\/\/hardnesstests.com\/products\/"},{"@type":"ListItem","position":3,"name":"Touch screen digital display plastic Rockwell hardness tester (XHRTS-150)"}]},{"@type":"WebSite","@id":"https:\/\/hardnesstests.com\/tr\/#website","url":"https:\/\/hardnesstests.com\/tr\/","name":"hardnesstests","description":"","publisher":{"@id":"https:\/\/hardnesstests.com\/tr\/#organization"},"potentialAction":[{"@type":"SearchAction","target":{"@type":"EntryPoint","urlTemplate":"https:\/\/hardnesstests.com\/tr\/?s={search_term_string}"},"query-input":{"@type":"PropertyValueSpecification","valueRequired":true,"valueName":"search_term_string"}}],"inLanguage":"tr"},{"@type":"Organization","@id":"https:\/\/hardnesstests.com\/tr\/#organization","name":"hardnesstests","url":"https:\/\/hardnesstests.com\/tr\/","logo":{"@type":"ImageObject","inLanguage":"tr","@id":"https:\/\/hardnesstests.com\/tr\/#\/schema\/logo\/image\/","url":"https:\/\/hardnesstests.com\/wp-content\/uploads\/2021\/08\/\u5fae\u4fe1\u56fe\u7247_20251029102004_335_1287.png","contentUrl":"https:\/\/hardnesstests.com\/wp-content\/uploads\/2021\/08\/\u5fae\u4fe1\u56fe\u7247_20251029102004_335_1287.png","width":1308,"height":467,"caption":"hardnesstests"},"image":{"@id":"https:\/\/hardnesstests.com\/tr\/#\/schema\/logo\/image\/"}}]}},"_links":{"self":[{"href":"https:\/\/hardnesstests.com\/tr\/wp-json\/wp\/v2\/product\/29841","targetHints":{"allow":["GET"]}}],"collection":[{"href":"https:\/\/hardnesstests.com\/tr\/wp-json\/wp\/v2\/product"}],"about":[{"href":"https:\/\/hardnesstests.com\/tr\/wp-json\/wp\/v2\/types\/product"}],"replies":[{"embeddable":true,"href":"https:\/\/hardnesstests.com\/tr\/wp-json\/wp\/v2\/comments?post=29841"}],"version-history":[{"count":1,"href":"https:\/\/hardnesstests.com\/tr\/wp-json\/wp\/v2\/product\/29841\/revisions"}],"predecessor-version":[{"id":29843,"href":"https:\/\/hardnesstests.com\/tr\/wp-json\/wp\/v2\/product\/29841\/revisions\/29843"}],"wp:featuredmedia":[{"embeddable":true,"href":"https:\/\/hardnesstests.com\/tr\/wp-json\/wp\/v2\/media\/29842"}],"wp:attachment":[{"href":"https:\/\/hardnesstests.com\/tr\/wp-json\/wp\/v2\/media?parent=29841"}],"wp:term":[{"taxonomy":"product_brand","embeddable":true,"href":"https:\/\/hardnesstests.com\/tr\/wp-json\/wp\/v2\/product_brand?post=29841"},{"taxonomy":"product_cat","embeddable":true,"href":"https:\/\/hardnesstests.com\/tr\/wp-json\/wp\/v2\/product_cat?post=29841"},{"taxonomy":"product_tag","embeddable":true,"href":"https:\/\/hardnesstests.com\/tr\/wp-json\/wp\/v2\/product_tag?post=29841"}],"curies":[{"name":"wp","href":"https:\/\/api.w.org\/{rel}","templated":true}]}}