{"id":29838,"date":"2025-11-27T08:58:02","date_gmt":"2025-11-27T08:58:02","guid":{"rendered":"https:\/\/hardnesstests.com\/?post_type=product&#038;p=29838"},"modified":"2025-11-27T08:58:02","modified_gmt":"2025-11-27T08:58:02","slug":"xhrts-150a-touch-screen-digital-display-plastic-metal-rockwell-hardness-tester","status":"publish","type":"product","link":"https:\/\/hardnesstests.com\/tr\/urun\/xhrts-150a-touch-screen-digital-display-plastic-metal-rockwell-hardness-tester\/","title":{"rendered":"(XHRTS-150A) Dokunmatik ekran dijital ekran plastik metal Rockwell sertlik test cihaz\u0131"},"content":{"rendered":"<h1>Main functions and features of the instrument\uff1a<\/h1>\n<p>1. The 7-inch LCD touch screen can directly display the hardness value, convert the hardness, test method, test force, brightness, initial test force retention time, total test force retention time, elastic recovery time, measurement times, statistical data, test time Wait for the test process to be intuitive and clear;<\/p>\n<p>2. The system comes with a calibration function, which can automatically adjust the error range of 80-120%, or calibrate the instrument separately for low and high values<\/p>\n<p>3. When testing the curved surface, it is automatically corrected according to the standard curved surface radius;<\/p>\n<p>4. 100 sets of test data can be stored, and the test data can be viewed at any time, and the current data can also be deleted or all the test data can be cleared;<\/p>\n<p>5. The test force units can be converted mutually, the conversion unit is: (Kgf, N)<\/p>\n<p>6. Simultaneous display: maximum value, minimum value, average value, test times, product name;<\/p>\n<p>7. The main interface can display 4 conversion scales at the same time, and can switch: National Standard (GB), American Standard (ASTM) and International (ISO) Standards. A total of 20 measuring scales can be converted: HRA, HRB, HRC, HRD, HRE, HRF, HRG, HRK, HR15N, HR30N, HR45N, HR15T, HR30T, HR45T, HK, HBW, HS, HBS, HV, Rm (tensile strength),<\/p>\n<p>8. The screen sleep time can be set, and it will automatically enter the sleep state if it is not operated for a long time, saving environmental protection;<\/p>\n<p>9. The upper and lower limit measurement range can be set, displayed on the main measurement interface, and the unqualified value will automatically prompt an alarm;<\/p>\n<p>10. The operating system has 14 languages, which can be switched at will: Chinese, Traditional Chinese, English, Russian, German, French, Spanish, Portuguese, Turkish, Czech, Japanese, Korean, Thai, Vietnamese;<\/p>\n<p>11. Equipped with a built-in printer, the test data can also be output to U disk via USB for storage and analysis;<\/p>\n<p>12. The casting shell has a stable and non-deformed structure in one-time molding, and the pure white car paint has a high grade, strong anti-scratch ability, and it is still bright as new after many years of use;<\/p>\n<p>13. Our company has the ability to develop, design, and produce by ourselves, and our machines provide parts replacement and maintenance upgrade services for life<\/p>\n<h1>Main purpose and scope of application:<\/h1>\n<p>1.Casting and forging parts \u00b7Sample test and acceptance inspection<\/p>\n<p>2.Flat and cylindrical workpieces \u00b7 Steel, non-ferrous metals<\/p>\n<p>3.Automobile and aviation industry \u00b7 Cemented carbide, ceramics, stainless steel<\/p>\n<p>4.Non-metallic plastics, hard rubber, synthetic resins, friction materials and softer metals in laboratories and workshops<\/p>\n<h1>Main technicial parameters\uff1a<\/h1>\n<div class=\"table-responsive\">\n<table border=\"1\">\n<tbody>\n<tr>\n<td>name<\/td>\n<td>Veri<\/td>\n<\/tr>\n<tr>\n<td>\u0130lk test kuvveti (N)<\/td>\n<td>10kgf(98.07N)\u00a0\u00a0allowable error\u00b12.0%<\/td>\n<\/tr>\n<tr>\n<td>Total force (N)<\/td>\n<td>60kgf(588N)\u00a0\u00a0100kgf(980N)\u00a0\u00a0\u00a0150kgf(1471N)<\/td>\n<\/tr>\n<tr>\n<td>Rockwell cetveli<\/td>\n<td>HRA\u3001HRB\u3001HRC\u3001HRD\u3001HRE\u3001HRF\u3001HRG\u3001HRH\u3001HRK\u00a0HRL\u3001HRM\u3001HRP\u3001HRR\u3001HRS\u3001HRV<\/td>\n<\/tr>\n<tr>\n<td>Denetim standard\u0131<\/td>\n<td>JJG884 Verification procedure<\/p>\n<p>GB\/T230.2national standard\u3001JJG112vericification procedure<\/td>\n<\/tr>\n<tr>\n<td>do\u011fruluk<\/td>\n<td>0.1HR<\/td>\n<\/tr>\n<tr>\n<td>S\u00fcre(ler)<\/td>\n<td>1-60<\/td>\n<\/tr>\n<tr>\n<td>Sertlik okumas\u0131<\/td>\n<td>Tourch screen LCD display<\/td>\n<\/tr>\n<tr>\n<td>Test par\u00e7as\u0131n\u0131n maksimum y\u00fcksekli\u011fi (mm)<\/td>\n<td>170<\/td>\n<\/tr>\n<tr>\n<td>Indenter center to body distance(mm)<\/td>\n<td>165<\/td>\n<\/tr>\n<tr>\n<td>dimension(mm)<\/td>\n<td>550\u00d7220\u00d7730<\/td>\n<\/tr>\n<tr>\n<td>G\u00fc\u00e7 kayna\u011f\u0131<\/td>\n<td>220V\/50HZ<\/td>\n<\/tr>\n<tr>\n<td>weight(kg)<\/td>\n<td>85<\/td>\n<\/tr>\n<tr>\n<td>\u00d6l\u00e7\u00fcm aral\u0131\u011f\u0131<\/td>\n<td>HRA:20-88 HRB:20-100 HRC:20-70 HRD:40-77 HRE:70-94 HRF:60-100 HRG:30-94 HRH:80-100\u00a0HRK:40-100\u00a0HRL:100-120\u00a0HRM:85-110 HRR:114-125<\/td>\n<\/tr>\n<\/tbody>\n<\/table>\n<\/div>\n<h1>Packing list\uff1a<\/h1>\n<div class=\"table-responsive\">\n<table border=\"1\">\n<tbody>\n<tr>\n<td>NO.<\/td>\n<td>Name (specification)<\/td>\n<td>Quantity<\/td>\n<\/tr>\n<tr>\n<td>1<\/td>\n<td>Diamond Rockwell indenter<\/td>\n<td>1<\/td>\n<\/tr>\n<tr>\n<td>2<\/td>\n<td>\u03c61.5875mm ball indenter<\/td>\n<td>1<\/td>\n<\/tr>\n<tr>\n<td>3<\/td>\n<td>\u03c63.175mm ball indenter<\/td>\n<td>1<\/td>\n<\/tr>\n<tr>\n<td>4<\/td>\n<td>\u03c66.35mm ball indenter<\/td>\n<td>1<\/td>\n<\/tr>\n<tr>\n<td>5<\/td>\n<td>\u03c612.7mm ball indenter<\/td>\n<td>1<\/td>\n<\/tr>\n<tr>\n<td>6<\/td>\n<td>Large ,medium and V-type test beaches<\/td>\n<td>3<\/td>\n<\/tr>\n<tr>\n<td>\u00a0\u00a0\u00a0\u00a0\u00a0\u00a0\u00a07<\/td>\n<td>HRC level, HRB, HRE, HRL, HRM, HRR<\/td>\n<td>1 adet<\/td>\n<\/tr>\n<tr>\n<td>8<\/td>\n<td>fuse\u00a02A<\/td>\n<td>2<\/td>\n<\/tr>\n<tr>\n<td>9<\/td>\n<td>Power supply line<\/td>\n<td>1<\/td>\n<\/tr>\n<tr>\n<td>10<\/td>\n<td>USB communication line<\/td>\n<td>1<\/td>\n<\/tr>\n<tr>\n<td>11<\/td>\n<td>Weight A\u3001B\u3001C<\/td>\n<td>3<\/td>\n<\/tr>\n<tr>\n<td>12<\/td>\n<td>Dustproof plastic cover<\/td>\n<td>1<\/td>\n<\/tr>\n<tr>\n<td>13<\/td>\n<td>Product certificate manual<\/td>\n<td>1<\/td>\n<\/tr>\n<tr>\n<td>14<\/td>\n<td>print paper ,printer instruction manual<\/td>\n<td>1 adet<\/td>\n<\/tr>\n<tr>\n<td>15<\/td>\n<td>\u00dcr\u00fcn kullan\u0131m k\u0131lavuzu<\/td>\n<td>1<\/td>\n<\/tr>\n<\/tbody>\n<\/table>\n<\/div>","protected":false},"excerpt":{"rendered":"<p>XHRTS-150A color touch screen digital display plastic metal Rockwell hardness tester is our new generation of high-tech products with multi-function, high precision and stable performance. Its appearance is novel, the shell is cast in one piece, and its stability is high. Its touch screen interface menu It is easy to operate, intuitive and convenient. The measuring device adopts grating sensor and computer control. The hardness value is directly displayed on the LCD screen. It is a mechatronics hardness tester. Various hardness parameters can be automatically converted to each other, and the minimum thickness of the test piece can be identified. When testing the cylinder, the correction amount can be automatically added. Built-in printer to read relevant test results. Automated operation is realized, and human operation and reading errors are eliminated! At the same time, the machine is also equipped with an emergency stop device, which is safer to use!<\/p>","protected":false},"featured_media":29839,"comment_status":"open","ping_status":"closed","template":"","meta":[],"product_brand":[],"product_cat":[70,74],"product_tag":[109],"class_list":{"0":"post-29838","1":"product","2":"type-product","3":"status-publish","4":"has-post-thumbnail","6":"product_cat-hardness-tester","7":"product_cat-rockwell-hardness-tester","8":"product_tag-methods-rockwell-hardness-test","10":"first","11":"instock","12":"shipping-taxable","13":"product-type-simple"},"yoast_head":"<!-- This site is optimized with the Yoast SEO Premium plugin v25.4 (Yoast SEO v27.4) - https:\/\/yoast.com\/product\/yoast-seo-premium-wordpress\/ -->\n<title>(XHRTS-150A) Touch screen digital display plastic metal Rockwell hardness tester - hardnesstests<\/title>\n<meta name=\"robots\" content=\"index, follow, max-snippet:-1, max-image-preview:large, max-video-preview:-1\" \/>\n<link rel=\"canonical\" href=\"https:\/\/hardnesstests.com\/tr\/urun\/xhrts-150a-touch-screen-digital-display-plastic-metal-rockwell-hardness-tester\/\" \/>\n<meta property=\"og:locale\" content=\"tr_TR\" \/>\n<meta property=\"og:type\" content=\"article\" \/>\n<meta property=\"og:title\" content=\"(XHRTS-150A) Touch screen digital display plastic metal Rockwell hardness tester\" \/>\n<meta property=\"og:description\" content=\"XHRTS-150A color touch screen digital display plastic metal Rockwell hardness tester is our new generation of high-tech products with multi-function, high precision and stable performance. Its appearance is novel, the shell is cast in one piece, and its stability is high. Its touch screen interface menu It is easy to operate, intuitive and convenient. The measuring device adopts grating sensor and computer control. The hardness value is directly displayed on the LCD screen. It is a mechatronics hardness tester. Various hardness parameters can be automatically converted to each other, and the minimum thickness of the test piece can be identified. When testing the cylinder, the correction amount can be automatically added. Built-in printer to read relevant test results. Automated operation is realized, and human operation and reading errors are eliminated! At the same time, the machine is also equipped with an emergency stop device, which is safer to use!\" \/>\n<meta property=\"og:url\" content=\"https:\/\/hardnesstests.com\/tr\/urun\/xhrts-150a-touch-screen-digital-display-plastic-metal-rockwell-hardness-tester\/\" \/>\n<meta property=\"og:site_name\" content=\"hardnesstests\" \/>\n<meta property=\"og:image\" content=\"https:\/\/hardnesstests.com\/wp-content\/uploads\/2025\/11\/XHRTS-150A\u89e6\u6478\u5c4f\u6570\u663e\u5851\u6599\u91d1\u5c5e\u6d1b\u6c0f\u786c\u5ea6\u8ba1.jpg\" \/>\n\t<meta property=\"og:image:width\" content=\"800\" \/>\n\t<meta property=\"og:image:height\" content=\"800\" \/>\n\t<meta property=\"og:image:type\" content=\"image\/jpeg\" \/>\n<meta name=\"twitter:card\" content=\"summary_large_image\" \/>\n<meta name=\"twitter:label1\" content=\"Tahmini okuma s\u00fcresi\" \/>\n\t<meta name=\"twitter:data1\" content=\"3 dakika\" \/>\n<script type=\"application\/ld+json\" class=\"yoast-schema-graph\">{\"@context\":\"https:\\\/\\\/schema.org\",\"@graph\":[{\"@type\":\"WebPage\",\"@id\":\"https:\\\/\\\/hardnesstests.com\\\/product\\\/xhrts-150a-touch-screen-digital-display-plastic-metal-rockwell-hardness-tester\\\/\",\"url\":\"https:\\\/\\\/hardnesstests.com\\\/product\\\/xhrts-150a-touch-screen-digital-display-plastic-metal-rockwell-hardness-tester\\\/\",\"name\":\"(XHRTS-150A) Touch screen digital display plastic metal Rockwell hardness tester - hardnesstests\",\"isPartOf\":{\"@id\":\"https:\\\/\\\/hardnesstests.com\\\/tr\\\/#website\"},\"primaryImageOfPage\":{\"@id\":\"https:\\\/\\\/hardnesstests.com\\\/product\\\/xhrts-150a-touch-screen-digital-display-plastic-metal-rockwell-hardness-tester\\\/#primaryimage\"},\"image\":{\"@id\":\"https:\\\/\\\/hardnesstests.com\\\/product\\\/xhrts-150a-touch-screen-digital-display-plastic-metal-rockwell-hardness-tester\\\/#primaryimage\"},\"thumbnailUrl\":\"https:\\\/\\\/hardnesstests.com\\\/wp-content\\\/uploads\\\/2025\\\/11\\\/XHRTS-150A\u89e6\u6478\u5c4f\u6570\u663e\u5851\u6599\u91d1\u5c5e\u6d1b\u6c0f\u786c\u5ea6\u8ba1.jpg\",\"datePublished\":\"2025-11-27T08:58:02+00:00\",\"breadcrumb\":{\"@id\":\"https:\\\/\\\/hardnesstests.com\\\/product\\\/xhrts-150a-touch-screen-digital-display-plastic-metal-rockwell-hardness-tester\\\/#breadcrumb\"},\"inLanguage\":\"tr\",\"potentialAction\":[{\"@type\":\"ReadAction\",\"target\":[\"https:\\\/\\\/hardnesstests.com\\\/product\\\/xhrts-150a-touch-screen-digital-display-plastic-metal-rockwell-hardness-tester\\\/\"]}]},{\"@type\":\"ImageObject\",\"inLanguage\":\"tr\",\"@id\":\"https:\\\/\\\/hardnesstests.com\\\/product\\\/xhrts-150a-touch-screen-digital-display-plastic-metal-rockwell-hardness-tester\\\/#primaryimage\",\"url\":\"https:\\\/\\\/hardnesstests.com\\\/wp-content\\\/uploads\\\/2025\\\/11\\\/XHRTS-150A\u89e6\u6478\u5c4f\u6570\u663e\u5851\u6599\u91d1\u5c5e\u6d1b\u6c0f\u786c\u5ea6\u8ba1.jpg\",\"contentUrl\":\"https:\\\/\\\/hardnesstests.com\\\/wp-content\\\/uploads\\\/2025\\\/11\\\/XHRTS-150A\u89e6\u6478\u5c4f\u6570\u663e\u5851\u6599\u91d1\u5c5e\u6d1b\u6c0f\u786c\u5ea6\u8ba1.jpg\",\"width\":800,\"height\":800,\"caption\":\"(XHRTS-150A) Touch screen digital display plastic metal Rockwell hardness tester\"},{\"@type\":\"BreadcrumbList\",\"@id\":\"https:\\\/\\\/hardnesstests.com\\\/product\\\/xhrts-150a-touch-screen-digital-display-plastic-metal-rockwell-hardness-tester\\\/#breadcrumb\",\"itemListElement\":[{\"@type\":\"ListItem\",\"position\":1,\"name\":\"\u9996\u9875\",\"item\":\"https:\\\/\\\/hardnesstests.com\\\/\"},{\"@type\":\"ListItem\",\"position\":2,\"name\":\"products\",\"item\":\"https:\\\/\\\/hardnesstests.com\\\/products\\\/\"},{\"@type\":\"ListItem\",\"position\":3,\"name\":\"(XHRTS-150A) Touch screen digital display plastic metal Rockwell hardness tester\"}]},{\"@type\":\"WebSite\",\"@id\":\"https:\\\/\\\/hardnesstests.com\\\/tr\\\/#website\",\"url\":\"https:\\\/\\\/hardnesstests.com\\\/tr\\\/\",\"name\":\"hardnesstests\",\"description\":\"\",\"publisher\":{\"@id\":\"https:\\\/\\\/hardnesstests.com\\\/tr\\\/#organization\"},\"potentialAction\":[{\"@type\":\"SearchAction\",\"target\":{\"@type\":\"EntryPoint\",\"urlTemplate\":\"https:\\\/\\\/hardnesstests.com\\\/tr\\\/?s={search_term_string}\"},\"query-input\":{\"@type\":\"PropertyValueSpecification\",\"valueRequired\":true,\"valueName\":\"search_term_string\"}}],\"inLanguage\":\"tr\"},{\"@type\":\"Organization\",\"@id\":\"https:\\\/\\\/hardnesstests.com\\\/tr\\\/#organization\",\"name\":\"hardnesstests\",\"url\":\"https:\\\/\\\/hardnesstests.com\\\/tr\\\/\",\"logo\":{\"@type\":\"ImageObject\",\"inLanguage\":\"tr\",\"@id\":\"https:\\\/\\\/hardnesstests.com\\\/tr\\\/#\\\/schema\\\/logo\\\/image\\\/\",\"url\":\"https:\\\/\\\/hardnesstests.com\\\/wp-content\\\/uploads\\\/2021\\\/08\\\/\u5fae\u4fe1\u56fe\u7247_20251029102004_335_1287.png\",\"contentUrl\":\"https:\\\/\\\/hardnesstests.com\\\/wp-content\\\/uploads\\\/2021\\\/08\\\/\u5fae\u4fe1\u56fe\u7247_20251029102004_335_1287.png\",\"width\":1308,\"height\":467,\"caption\":\"hardnesstests\"},\"image\":{\"@id\":\"https:\\\/\\\/hardnesstests.com\\\/tr\\\/#\\\/schema\\\/logo\\\/image\\\/\"}}]}<\/script>\n<!-- \/ Yoast SEO Premium plugin. -->","yoast_head_json":{"title":"(XHRTS-150A) Touch screen digital display plastic metal Rockwell hardness tester - hardnesstests","robots":{"index":"index","follow":"follow","max-snippet":"max-snippet:-1","max-image-preview":"max-image-preview:large","max-video-preview":"max-video-preview:-1"},"canonical":"https:\/\/hardnesstests.com\/tr\/urun\/xhrts-150a-touch-screen-digital-display-plastic-metal-rockwell-hardness-tester\/","og_locale":"tr_TR","og_type":"article","og_title":"(XHRTS-150A) Touch screen digital display plastic metal Rockwell hardness tester","og_description":"XHRTS-150A color touch screen digital display plastic metal Rockwell hardness tester is our new generation of high-tech products with multi-function, high precision and stable performance. Its appearance is novel, the shell is cast in one piece, and its stability is high. Its touch screen interface menu It is easy to operate, intuitive and convenient. The measuring device adopts grating sensor and computer control. The hardness value is directly displayed on the LCD screen. It is a mechatronics hardness tester. Various hardness parameters can be automatically converted to each other, and the minimum thickness of the test piece can be identified. When testing the cylinder, the correction amount can be automatically added. Built-in printer to read relevant test results. Automated operation is realized, and human operation and reading errors are eliminated! At the same time, the machine is also equipped with an emergency stop device, which is safer to use!","og_url":"https:\/\/hardnesstests.com\/tr\/urun\/xhrts-150a-touch-screen-digital-display-plastic-metal-rockwell-hardness-tester\/","og_site_name":"hardnesstests","og_image":[{"width":800,"height":800,"url":"https:\/\/hardnesstests.com\/wp-content\/uploads\/2025\/11\/XHRTS-150A\u89e6\u6478\u5c4f\u6570\u663e\u5851\u6599\u91d1\u5c5e\u6d1b\u6c0f\u786c\u5ea6\u8ba1.jpg","type":"image\/jpeg"}],"twitter_card":"summary_large_image","twitter_misc":{"Tahmini okuma s\u00fcresi":"3 dakika"},"schema":{"@context":"https:\/\/schema.org","@graph":[{"@type":"WebPage","@id":"https:\/\/hardnesstests.com\/product\/xhrts-150a-touch-screen-digital-display-plastic-metal-rockwell-hardness-tester\/","url":"https:\/\/hardnesstests.com\/product\/xhrts-150a-touch-screen-digital-display-plastic-metal-rockwell-hardness-tester\/","name":"(XHRTS-150A) Touch screen digital display plastic metal Rockwell hardness tester - hardnesstests","isPartOf":{"@id":"https:\/\/hardnesstests.com\/tr\/#website"},"primaryImageOfPage":{"@id":"https:\/\/hardnesstests.com\/product\/xhrts-150a-touch-screen-digital-display-plastic-metal-rockwell-hardness-tester\/#primaryimage"},"image":{"@id":"https:\/\/hardnesstests.com\/product\/xhrts-150a-touch-screen-digital-display-plastic-metal-rockwell-hardness-tester\/#primaryimage"},"thumbnailUrl":"https:\/\/hardnesstests.com\/wp-content\/uploads\/2025\/11\/XHRTS-150A\u89e6\u6478\u5c4f\u6570\u663e\u5851\u6599\u91d1\u5c5e\u6d1b\u6c0f\u786c\u5ea6\u8ba1.jpg","datePublished":"2025-11-27T08:58:02+00:00","breadcrumb":{"@id":"https:\/\/hardnesstests.com\/product\/xhrts-150a-touch-screen-digital-display-plastic-metal-rockwell-hardness-tester\/#breadcrumb"},"inLanguage":"tr","potentialAction":[{"@type":"ReadAction","target":["https:\/\/hardnesstests.com\/product\/xhrts-150a-touch-screen-digital-display-plastic-metal-rockwell-hardness-tester\/"]}]},{"@type":"ImageObject","inLanguage":"tr","@id":"https:\/\/hardnesstests.com\/product\/xhrts-150a-touch-screen-digital-display-plastic-metal-rockwell-hardness-tester\/#primaryimage","url":"https:\/\/hardnesstests.com\/wp-content\/uploads\/2025\/11\/XHRTS-150A\u89e6\u6478\u5c4f\u6570\u663e\u5851\u6599\u91d1\u5c5e\u6d1b\u6c0f\u786c\u5ea6\u8ba1.jpg","contentUrl":"https:\/\/hardnesstests.com\/wp-content\/uploads\/2025\/11\/XHRTS-150A\u89e6\u6478\u5c4f\u6570\u663e\u5851\u6599\u91d1\u5c5e\u6d1b\u6c0f\u786c\u5ea6\u8ba1.jpg","width":800,"height":800,"caption":"(XHRTS-150A) Touch screen digital display plastic metal Rockwell hardness tester"},{"@type":"BreadcrumbList","@id":"https:\/\/hardnesstests.com\/product\/xhrts-150a-touch-screen-digital-display-plastic-metal-rockwell-hardness-tester\/#breadcrumb","itemListElement":[{"@type":"ListItem","position":1,"name":"\u9996\u9875","item":"https:\/\/hardnesstests.com\/"},{"@type":"ListItem","position":2,"name":"products","item":"https:\/\/hardnesstests.com\/products\/"},{"@type":"ListItem","position":3,"name":"(XHRTS-150A) Touch screen digital display plastic metal Rockwell hardness tester"}]},{"@type":"WebSite","@id":"https:\/\/hardnesstests.com\/tr\/#website","url":"https:\/\/hardnesstests.com\/tr\/","name":"hardnesstests","description":"","publisher":{"@id":"https:\/\/hardnesstests.com\/tr\/#organization"},"potentialAction":[{"@type":"SearchAction","target":{"@type":"EntryPoint","urlTemplate":"https:\/\/hardnesstests.com\/tr\/?s={search_term_string}"},"query-input":{"@type":"PropertyValueSpecification","valueRequired":true,"valueName":"search_term_string"}}],"inLanguage":"tr"},{"@type":"Organization","@id":"https:\/\/hardnesstests.com\/tr\/#organization","name":"hardnesstests","url":"https:\/\/hardnesstests.com\/tr\/","logo":{"@type":"ImageObject","inLanguage":"tr","@id":"https:\/\/hardnesstests.com\/tr\/#\/schema\/logo\/image\/","url":"https:\/\/hardnesstests.com\/wp-content\/uploads\/2021\/08\/\u5fae\u4fe1\u56fe\u7247_20251029102004_335_1287.png","contentUrl":"https:\/\/hardnesstests.com\/wp-content\/uploads\/2021\/08\/\u5fae\u4fe1\u56fe\u7247_20251029102004_335_1287.png","width":1308,"height":467,"caption":"hardnesstests"},"image":{"@id":"https:\/\/hardnesstests.com\/tr\/#\/schema\/logo\/image\/"}}]}},"_links":{"self":[{"href":"https:\/\/hardnesstests.com\/tr\/wp-json\/wp\/v2\/product\/29838","targetHints":{"allow":["GET"]}}],"collection":[{"href":"https:\/\/hardnesstests.com\/tr\/wp-json\/wp\/v2\/product"}],"about":[{"href":"https:\/\/hardnesstests.com\/tr\/wp-json\/wp\/v2\/types\/product"}],"replies":[{"embeddable":true,"href":"https:\/\/hardnesstests.com\/tr\/wp-json\/wp\/v2\/comments?post=29838"}],"version-history":[{"count":1,"href":"https:\/\/hardnesstests.com\/tr\/wp-json\/wp\/v2\/product\/29838\/revisions"}],"predecessor-version":[{"id":29840,"href":"https:\/\/hardnesstests.com\/tr\/wp-json\/wp\/v2\/product\/29838\/revisions\/29840"}],"wp:featuredmedia":[{"embeddable":true,"href":"https:\/\/hardnesstests.com\/tr\/wp-json\/wp\/v2\/media\/29839"}],"wp:attachment":[{"href":"https:\/\/hardnesstests.com\/tr\/wp-json\/wp\/v2\/media?parent=29838"}],"wp:term":[{"taxonomy":"product_brand","embeddable":true,"href":"https:\/\/hardnesstests.com\/tr\/wp-json\/wp\/v2\/product_brand?post=29838"},{"taxonomy":"product_cat","embeddable":true,"href":"https:\/\/hardnesstests.com\/tr\/wp-json\/wp\/v2\/product_cat?post=29838"},{"taxonomy":"product_tag","embeddable":true,"href":"https:\/\/hardnesstests.com\/tr\/wp-json\/wp\/v2\/product_tag?post=29838"}],"curies":[{"name":"wp","href":"https:\/\/api.w.org\/{rel}","templated":true}]}}