{"id":29835,"date":"2025-11-27T08:55:23","date_gmt":"2025-11-27T08:55:23","guid":{"rendered":"https:\/\/hardnesstests.com\/?post_type=product&#038;p=29835"},"modified":"2025-11-27T08:55:23","modified_gmt":"2025-11-27T08:55:23","slug":"xhrs-150-digital-display-plastic-rockwell-hardness-tester","status":"publish","type":"product","link":"https:\/\/hardnesstests.com\/tr\/urun\/xhrs-150-digital-display-plastic-rockwell-hardness-tester\/","title":{"rendered":"(XHRS-150) Dijital Ekranl\u0131 Plastik Rockwell Sertlik \u00d6l\u00e7me Cihaz\u0131"},"content":{"rendered":"<h1 style=\"font-weight: 400;\"><strong>Ana fonksiyonlar ve \u00f6zellikler:<\/strong><\/h1>\n<ol>\n<li style=\"font-weight: 400;\">Directly display the test hardness value through the large LCD screen;<\/li>\n<li style=\"font-weight: 400;\">The shell is made of one-time molding and casting by a special sand-finding process, with a stable structure and no deformation, and can work in a relatively harsh environment; the car paint has high grades, strong scratch resistance, and it is still bright as new after years of use;<\/li>\n<li style=\"font-weight: 400;\">We have the ability to develop, design, produce and process by ourselves, and provide parts replacement and maintenance and upgrade services for the machine for life;<\/li>\n<\/ol>\n<h1 style=\"font-weight: 400;\"><strong>Main purpose and scope of application<\/strong><strong>:<\/strong><\/h1>\n<p style=\"font-weight: 400;\">Casting and forging parts \u00b7Sample test and acceptance inspection<\/p>\n<p style=\"font-weight: 400;\">Flat and cylindrical workpieces \u00b7 Steel, non-ferrous metals<\/p>\n<p style=\"font-weight: 400;\">Automobile and aviation industry \u00b7Cemented carbide, ceramics, stainless steel, laboratory and workshop non-metallic plastics, hard rubber, synthetic resins, friction materials and softer metals<\/p>\n<h1 style=\"font-weight: 400;\"><strong>Main technicial parameters<\/strong><strong>\uff1a<\/strong><\/h1>\n<table>\n<tbody>\n<tr>\n<td width=\"165\">name<\/td>\n<td width=\"331\">Veri<\/td>\n<\/tr>\n<tr>\n<td width=\"165\">Intial test force (N)<\/td>\n<td width=\"331\">10kgf(98.07N)\u00a0\u00a0\u00a0allowable error \u00b12.0%<\/td>\n<\/tr>\n<tr>\n<td width=\"165\">Toplam test kuvveti (N)<\/td>\n<td width=\"331\">60kgf(588N) 100kgf(980N) 150kgf(1471N)<\/td>\n<\/tr>\n<tr>\n<td width=\"165\">Rockwell cetveli<\/td>\n<td width=\"331\">HRE\u3001HRM\u3001HRL\u3001HRR\u3001HRF\u3001HRG\u3001HRH\u3001HRK<\/td>\n<\/tr>\n<tr>\n<td width=\"165\">Denetim standard\u0131<\/td>\n<td width=\"331\">GB\/T230 Ulusal Standart, JJG884 Do\u011frulama Y\u00f6netmeli\u011fi<\/td>\n<\/tr>\n<tr>\n<td width=\"165\">do\u011fruluk<\/td>\n<td width=\"331\">0.1HR<\/td>\n<\/tr>\n<tr>\n<td width=\"165\">Durating\u00a0\u00a0time(s)<\/td>\n<td width=\"331\">1-60<\/td>\n<\/tr>\n<tr>\n<td width=\"165\">Sertlik okumas\u0131<\/td>\n<td width=\"331\">LCD<\/td>\n<\/tr>\n<tr>\n<td width=\"165\">Test par\u00e7as\u0131n\u0131n maksimum y\u00fcksekli\u011fi (mm)<\/td>\n<td width=\"331\">190<\/td>\n<\/tr>\n<tr>\n<td width=\"165\">Indenter center to body distance(mm)<\/td>\n<td width=\"331\">165<\/td>\n<\/tr>\n<tr>\n<td width=\"165\">dimension(mm)<\/td>\n<td width=\"331\">520\u00d7240\u00d7720<\/td>\n<\/tr>\n<tr>\n<td width=\"165\">G\u00fc\u00e7 kayna\u011f\u0131<\/td>\n<td width=\"331\">220V\/50HZ<\/td>\n<\/tr>\n<tr>\n<td width=\"165\">A\u011f\u0131rl\u0131k (kg)<\/td>\n<td width=\"331\">70<\/td>\n<\/tr>\n<tr>\n<td width=\"165\">\u00d6l\u00e7\u00fcm aral\u0131\u011f\u0131<\/td>\n<td width=\"331\">HRD:40-77 HRE:70-94 HRF:60-100 HRG:30-94 HRH:80-100 HRK:40-100 HRL:100-120 HRM:85-110 HRR:114-125<\/td>\n<\/tr>\n<\/tbody>\n<\/table>","protected":false},"excerpt":{"rendered":"<p>XHRS-150 digital plastic Rockwell hardness tester has a novel appearance and menu-oriented interface. The measuring device adopts grating sensor and computer control. The hardness value is directly displayed on the LCD screen. It is a mechatronics hardness tester.The machine can automatically convert various hardness parameters, identify the minimum thickness of the test piece, identify the minimum thickness of the test piece, and determine the ambient temperature of the test.Built-in printer to read relevant test results. Automatic operation is realized, and human operation and reading errors are eliminated.<\/p>","protected":false},"featured_media":29836,"comment_status":"open","ping_status":"closed","template":"","meta":[],"product_brand":[],"product_cat":[70,74],"product_tag":[109],"class_list":{"0":"post-29835","1":"product","2":"type-product","3":"status-publish","4":"has-post-thumbnail","6":"product_cat-hardness-tester","7":"product_cat-rockwell-hardness-tester","8":"product_tag-methods-rockwell-hardness-test","10":"first","11":"instock","12":"shipping-taxable","13":"product-type-simple"},"yoast_head":"<!-- This site is optimized with the Yoast SEO Premium plugin v25.4 (Yoast SEO v27.4) - https:\/\/yoast.com\/product\/yoast-seo-premium-wordpress\/ -->\n<title>(XHRS-150) Digital Display Plastic Rockwell Hardness Tester - hardnesstests<\/title>\n<meta name=\"robots\" content=\"index, follow, max-snippet:-1, max-image-preview:large, max-video-preview:-1\" \/>\n<link rel=\"canonical\" href=\"https:\/\/hardnesstests.com\/tr\/urun\/xhrs-150-digital-display-plastic-rockwell-hardness-tester\/\" \/>\n<meta property=\"og:locale\" content=\"tr_TR\" \/>\n<meta property=\"og:type\" content=\"article\" \/>\n<meta property=\"og:title\" content=\"(XHRS-150) Digital Display Plastic Rockwell Hardness Tester\" \/>\n<meta property=\"og:description\" content=\"XHRS-150 digital plastic Rockwell hardness tester has a novel appearance and menu-oriented interface. The measuring device adopts grating sensor and computer control. The hardness value is directly displayed on the LCD screen. It is a mechatronics hardness tester.The machine can automatically convert various hardness parameters, identify the minimum thickness of the test piece, identify the minimum thickness of the test piece, and determine the ambient temperature of the test.Built-in printer to read relevant test results. Automatic operation is realized, and human operation and reading errors are eliminated.\" \/>\n<meta property=\"og:url\" content=\"https:\/\/hardnesstests.com\/tr\/urun\/xhrs-150-digital-display-plastic-rockwell-hardness-tester\/\" \/>\n<meta property=\"og:site_name\" content=\"hardnesstests\" \/>\n<meta property=\"og:image\" content=\"https:\/\/hardnesstests.com\/wp-content\/uploads\/2025\/11\/XHRS-150\u6570\u663e\u5851\u6599\u6d1b\u6c0f\u786c\u5ea6\u8ba1.jpg\" \/>\n\t<meta property=\"og:image:width\" content=\"800\" \/>\n\t<meta property=\"og:image:height\" content=\"800\" \/>\n\t<meta property=\"og:image:type\" content=\"image\/jpeg\" \/>\n<meta name=\"twitter:card\" content=\"summary_large_image\" \/>\n<meta name=\"twitter:label1\" content=\"Tahmini okuma s\u00fcresi\" \/>\n\t<meta name=\"twitter:data1\" content=\"1 dakika\" \/>\n<script type=\"application\/ld+json\" class=\"yoast-schema-graph\">{\"@context\":\"https:\\\/\\\/schema.org\",\"@graph\":[{\"@type\":\"WebPage\",\"@id\":\"https:\\\/\\\/hardnesstests.com\\\/product\\\/xhrs-150-digital-display-plastic-rockwell-hardness-tester\\\/\",\"url\":\"https:\\\/\\\/hardnesstests.com\\\/product\\\/xhrs-150-digital-display-plastic-rockwell-hardness-tester\\\/\",\"name\":\"(XHRS-150) Digital Display Plastic Rockwell Hardness Tester - hardnesstests\",\"isPartOf\":{\"@id\":\"https:\\\/\\\/hardnesstests.com\\\/tr\\\/#website\"},\"primaryImageOfPage\":{\"@id\":\"https:\\\/\\\/hardnesstests.com\\\/product\\\/xhrs-150-digital-display-plastic-rockwell-hardness-tester\\\/#primaryimage\"},\"image\":{\"@id\":\"https:\\\/\\\/hardnesstests.com\\\/product\\\/xhrs-150-digital-display-plastic-rockwell-hardness-tester\\\/#primaryimage\"},\"thumbnailUrl\":\"https:\\\/\\\/hardnesstests.com\\\/wp-content\\\/uploads\\\/2025\\\/11\\\/XHRS-150\u6570\u663e\u5851\u6599\u6d1b\u6c0f\u786c\u5ea6\u8ba1.jpg\",\"datePublished\":\"2025-11-27T08:55:23+00:00\",\"breadcrumb\":{\"@id\":\"https:\\\/\\\/hardnesstests.com\\\/product\\\/xhrs-150-digital-display-plastic-rockwell-hardness-tester\\\/#breadcrumb\"},\"inLanguage\":\"tr\",\"potentialAction\":[{\"@type\":\"ReadAction\",\"target\":[\"https:\\\/\\\/hardnesstests.com\\\/product\\\/xhrs-150-digital-display-plastic-rockwell-hardness-tester\\\/\"]}]},{\"@type\":\"ImageObject\",\"inLanguage\":\"tr\",\"@id\":\"https:\\\/\\\/hardnesstests.com\\\/product\\\/xhrs-150-digital-display-plastic-rockwell-hardness-tester\\\/#primaryimage\",\"url\":\"https:\\\/\\\/hardnesstests.com\\\/wp-content\\\/uploads\\\/2025\\\/11\\\/XHRS-150\u6570\u663e\u5851\u6599\u6d1b\u6c0f\u786c\u5ea6\u8ba1.jpg\",\"contentUrl\":\"https:\\\/\\\/hardnesstests.com\\\/wp-content\\\/uploads\\\/2025\\\/11\\\/XHRS-150\u6570\u663e\u5851\u6599\u6d1b\u6c0f\u786c\u5ea6\u8ba1.jpg\",\"width\":800,\"height\":800,\"caption\":\"(XHRS-150) Digital Display Plastic Rockwell Hardness Tester\"},{\"@type\":\"BreadcrumbList\",\"@id\":\"https:\\\/\\\/hardnesstests.com\\\/product\\\/xhrs-150-digital-display-plastic-rockwell-hardness-tester\\\/#breadcrumb\",\"itemListElement\":[{\"@type\":\"ListItem\",\"position\":1,\"name\":\"\u9996\u9875\",\"item\":\"https:\\\/\\\/hardnesstests.com\\\/\"},{\"@type\":\"ListItem\",\"position\":2,\"name\":\"products\",\"item\":\"https:\\\/\\\/hardnesstests.com\\\/products\\\/\"},{\"@type\":\"ListItem\",\"position\":3,\"name\":\"(XHRS-150) Digital Display Plastic Rockwell Hardness Tester\"}]},{\"@type\":\"WebSite\",\"@id\":\"https:\\\/\\\/hardnesstests.com\\\/tr\\\/#website\",\"url\":\"https:\\\/\\\/hardnesstests.com\\\/tr\\\/\",\"name\":\"hardnesstests\",\"description\":\"\",\"publisher\":{\"@id\":\"https:\\\/\\\/hardnesstests.com\\\/tr\\\/#organization\"},\"potentialAction\":[{\"@type\":\"SearchAction\",\"target\":{\"@type\":\"EntryPoint\",\"urlTemplate\":\"https:\\\/\\\/hardnesstests.com\\\/tr\\\/?s={search_term_string}\"},\"query-input\":{\"@type\":\"PropertyValueSpecification\",\"valueRequired\":true,\"valueName\":\"search_term_string\"}}],\"inLanguage\":\"tr\"},{\"@type\":\"Organization\",\"@id\":\"https:\\\/\\\/hardnesstests.com\\\/tr\\\/#organization\",\"name\":\"hardnesstests\",\"url\":\"https:\\\/\\\/hardnesstests.com\\\/tr\\\/\",\"logo\":{\"@type\":\"ImageObject\",\"inLanguage\":\"tr\",\"@id\":\"https:\\\/\\\/hardnesstests.com\\\/tr\\\/#\\\/schema\\\/logo\\\/image\\\/\",\"url\":\"https:\\\/\\\/hardnesstests.com\\\/wp-content\\\/uploads\\\/2021\\\/08\\\/\u5fae\u4fe1\u56fe\u7247_20251029102004_335_1287.png\",\"contentUrl\":\"https:\\\/\\\/hardnesstests.com\\\/wp-content\\\/uploads\\\/2021\\\/08\\\/\u5fae\u4fe1\u56fe\u7247_20251029102004_335_1287.png\",\"width\":1308,\"height\":467,\"caption\":\"hardnesstests\"},\"image\":{\"@id\":\"https:\\\/\\\/hardnesstests.com\\\/tr\\\/#\\\/schema\\\/logo\\\/image\\\/\"}}]}<\/script>\n<!-- \/ Yoast SEO Premium plugin. -->","yoast_head_json":{"title":"(XHRS-150) Digital Display Plastic Rockwell Hardness Tester - hardnesstests","robots":{"index":"index","follow":"follow","max-snippet":"max-snippet:-1","max-image-preview":"max-image-preview:large","max-video-preview":"max-video-preview:-1"},"canonical":"https:\/\/hardnesstests.com\/tr\/urun\/xhrs-150-digital-display-plastic-rockwell-hardness-tester\/","og_locale":"tr_TR","og_type":"article","og_title":"(XHRS-150) Digital Display Plastic Rockwell Hardness Tester","og_description":"XHRS-150 digital plastic Rockwell hardness tester has a novel appearance and menu-oriented interface. The measuring device adopts grating sensor and computer control. The hardness value is directly displayed on the LCD screen. It is a mechatronics hardness tester.The machine can automatically convert various hardness parameters, identify the minimum thickness of the test piece, identify the minimum thickness of the test piece, and determine the ambient temperature of the test.Built-in printer to read relevant test results. Automatic operation is realized, and human operation and reading errors are eliminated.","og_url":"https:\/\/hardnesstests.com\/tr\/urun\/xhrs-150-digital-display-plastic-rockwell-hardness-tester\/","og_site_name":"hardnesstests","og_image":[{"width":800,"height":800,"url":"https:\/\/hardnesstests.com\/wp-content\/uploads\/2025\/11\/XHRS-150\u6570\u663e\u5851\u6599\u6d1b\u6c0f\u786c\u5ea6\u8ba1.jpg","type":"image\/jpeg"}],"twitter_card":"summary_large_image","twitter_misc":{"Tahmini okuma s\u00fcresi":"1 dakika"},"schema":{"@context":"https:\/\/schema.org","@graph":[{"@type":"WebPage","@id":"https:\/\/hardnesstests.com\/product\/xhrs-150-digital-display-plastic-rockwell-hardness-tester\/","url":"https:\/\/hardnesstests.com\/product\/xhrs-150-digital-display-plastic-rockwell-hardness-tester\/","name":"(XHRS-150) Digital Display Plastic Rockwell Hardness Tester - hardnesstests","isPartOf":{"@id":"https:\/\/hardnesstests.com\/tr\/#website"},"primaryImageOfPage":{"@id":"https:\/\/hardnesstests.com\/product\/xhrs-150-digital-display-plastic-rockwell-hardness-tester\/#primaryimage"},"image":{"@id":"https:\/\/hardnesstests.com\/product\/xhrs-150-digital-display-plastic-rockwell-hardness-tester\/#primaryimage"},"thumbnailUrl":"https:\/\/hardnesstests.com\/wp-content\/uploads\/2025\/11\/XHRS-150\u6570\u663e\u5851\u6599\u6d1b\u6c0f\u786c\u5ea6\u8ba1.jpg","datePublished":"2025-11-27T08:55:23+00:00","breadcrumb":{"@id":"https:\/\/hardnesstests.com\/product\/xhrs-150-digital-display-plastic-rockwell-hardness-tester\/#breadcrumb"},"inLanguage":"tr","potentialAction":[{"@type":"ReadAction","target":["https:\/\/hardnesstests.com\/product\/xhrs-150-digital-display-plastic-rockwell-hardness-tester\/"]}]},{"@type":"ImageObject","inLanguage":"tr","@id":"https:\/\/hardnesstests.com\/product\/xhrs-150-digital-display-plastic-rockwell-hardness-tester\/#primaryimage","url":"https:\/\/hardnesstests.com\/wp-content\/uploads\/2025\/11\/XHRS-150\u6570\u663e\u5851\u6599\u6d1b\u6c0f\u786c\u5ea6\u8ba1.jpg","contentUrl":"https:\/\/hardnesstests.com\/wp-content\/uploads\/2025\/11\/XHRS-150\u6570\u663e\u5851\u6599\u6d1b\u6c0f\u786c\u5ea6\u8ba1.jpg","width":800,"height":800,"caption":"(XHRS-150) Digital Display Plastic Rockwell Hardness Tester"},{"@type":"BreadcrumbList","@id":"https:\/\/hardnesstests.com\/product\/xhrs-150-digital-display-plastic-rockwell-hardness-tester\/#breadcrumb","itemListElement":[{"@type":"ListItem","position":1,"name":"\u9996\u9875","item":"https:\/\/hardnesstests.com\/"},{"@type":"ListItem","position":2,"name":"products","item":"https:\/\/hardnesstests.com\/products\/"},{"@type":"ListItem","position":3,"name":"(XHRS-150) Digital Display Plastic Rockwell Hardness Tester"}]},{"@type":"WebSite","@id":"https:\/\/hardnesstests.com\/tr\/#website","url":"https:\/\/hardnesstests.com\/tr\/","name":"hardnesstests","description":"","publisher":{"@id":"https:\/\/hardnesstests.com\/tr\/#organization"},"potentialAction":[{"@type":"SearchAction","target":{"@type":"EntryPoint","urlTemplate":"https:\/\/hardnesstests.com\/tr\/?s={search_term_string}"},"query-input":{"@type":"PropertyValueSpecification","valueRequired":true,"valueName":"search_term_string"}}],"inLanguage":"tr"},{"@type":"Organization","@id":"https:\/\/hardnesstests.com\/tr\/#organization","name":"hardnesstests","url":"https:\/\/hardnesstests.com\/tr\/","logo":{"@type":"ImageObject","inLanguage":"tr","@id":"https:\/\/hardnesstests.com\/tr\/#\/schema\/logo\/image\/","url":"https:\/\/hardnesstests.com\/wp-content\/uploads\/2021\/08\/\u5fae\u4fe1\u56fe\u7247_20251029102004_335_1287.png","contentUrl":"https:\/\/hardnesstests.com\/wp-content\/uploads\/2021\/08\/\u5fae\u4fe1\u56fe\u7247_20251029102004_335_1287.png","width":1308,"height":467,"caption":"hardnesstests"},"image":{"@id":"https:\/\/hardnesstests.com\/tr\/#\/schema\/logo\/image\/"}}]}},"_links":{"self":[{"href":"https:\/\/hardnesstests.com\/tr\/wp-json\/wp\/v2\/product\/29835","targetHints":{"allow":["GET"]}}],"collection":[{"href":"https:\/\/hardnesstests.com\/tr\/wp-json\/wp\/v2\/product"}],"about":[{"href":"https:\/\/hardnesstests.com\/tr\/wp-json\/wp\/v2\/types\/product"}],"replies":[{"embeddable":true,"href":"https:\/\/hardnesstests.com\/tr\/wp-json\/wp\/v2\/comments?post=29835"}],"version-history":[{"count":1,"href":"https:\/\/hardnesstests.com\/tr\/wp-json\/wp\/v2\/product\/29835\/revisions"}],"predecessor-version":[{"id":29837,"href":"https:\/\/hardnesstests.com\/tr\/wp-json\/wp\/v2\/product\/29835\/revisions\/29837"}],"wp:featuredmedia":[{"embeddable":true,"href":"https:\/\/hardnesstests.com\/tr\/wp-json\/wp\/v2\/media\/29836"}],"wp:attachment":[{"href":"https:\/\/hardnesstests.com\/tr\/wp-json\/wp\/v2\/media?parent=29835"}],"wp:term":[{"taxonomy":"product_brand","embeddable":true,"href":"https:\/\/hardnesstests.com\/tr\/wp-json\/wp\/v2\/product_brand?post=29835"},{"taxonomy":"product_cat","embeddable":true,"href":"https:\/\/hardnesstests.com\/tr\/wp-json\/wp\/v2\/product_cat?post=29835"},{"taxonomy":"product_tag","embeddable":true,"href":"https:\/\/hardnesstests.com\/tr\/wp-json\/wp\/v2\/product_tag?post=29835"}],"curies":[{"name":"wp","href":"https:\/\/api.w.org\/{rel}","templated":true}]}}