{"id":29829,"date":"2025-11-27T08:46:50","date_gmt":"2025-11-27T08:46:50","guid":{"rendered":"https:\/\/hardnesstests.com\/?post_type=product&#038;p=29829"},"modified":"2025-11-27T08:46:51","modified_gmt":"2025-11-27T08:46:51","slug":"%ef%bc%88xhr-150dt%ef%bc%89-electric-plastic-rockwell-hardness-tester","status":"publish","type":"product","link":"https:\/\/hardnesstests.com\/tr\/urun\/%ef%bc%88xhr-150dt%ef%bc%89-electric-plastic-rockwell-hardness-tester\/","title":{"rendered":"\uff08XHR-150DT\uff09 Elektrikli plastik Rockwell sertlik test cihaz\u0131"},"content":{"rendered":"<h1 style=\"font-weight: 400;\"><strong>Ana \u00f6zellikler ve \u00f6zellikler:<\/strong><\/h1>\n<ol>\n<li>The hardness value is directly read through the dial pointer, the pointer is sensitive, and the measured result is higher than the national standard;<\/li>\n<li>The shell is formed by a special sand-casting process. The structure is stable and not deformed, and it can work under harsh environment. The car paint has high grade and strong scratch resistance. It is still bright and new for many years.<\/li>\n<li style=\"font-weight: 400;\">Test force: application, load, unloading automatically completed;<\/li>\n<li>We have the ability to develop and design, manufacture and process our own machines. Our machines provide replacement and maintenance upgrade services for life.<\/li>\n<\/ol>\n<h1 style=\"font-weight: 400;\"><strong>Ana kullan\u0131m ve uygulama kapsam\u0131:<\/strong><\/h1>\n<p style=\"font-weight: 400;\">Non-metallic plastics, hard rubber, synthetic resins, friction materials and softer metals in laboratories and workshops;<\/p>\n<h1 style=\"font-weight: 400;\"><strong>Teknik Parametreler<\/strong>\uff1a<\/h1>\n<table>\n<tbody>\n<tr>\n<td width=\"120\">Product number<\/td>\n<td width=\"485\">XHR-150DT<\/td>\n<\/tr>\n<tr>\n<td width=\"120\">\u0130lk test kuvveti<\/td>\n<td width=\"485\">10kgf(98.07N)<\/td>\n<\/tr>\n<tr>\n<td width=\"120\">Toplam test kuvveti (N)<\/td>\n<td width=\"485\">60kgf(588N) 100kgf(980N) 150kgf(1471N)<\/td>\n<\/tr>\n<tr>\n<td width=\"120\">Rocker Ruler<\/td>\n<td width=\"485\">HRA\u3001HRB\u3001HRC\u3001HRD\u3001HRE\u3001HRF\u3001HRG\u3001HRH\u3001HRK<\/td>\n<\/tr>\n<tr>\n<td width=\"120\">Sertlik test aral\u0131\u011f\u0131<\/td>\n<td width=\"485\">HRD:40-77 HRE:70-94 HRF:60-100 HRG:30-94 HRH:80-100 HRK:40-100 HRL:100-120 HRM:85-110 HRR:114-125<\/td>\n<\/tr>\n<tr>\n<td width=\"120\">Veri \u00e7\u0131k\u0131\u015f\u0131<\/td>\n<td width=\"485\">Dial reading<\/td>\n<\/tr>\n<tr>\n<td width=\"120\">Inspection standards<\/td>\n<td width=\"485\">GB\/T230 Ulusal Standart, JJG884 Do\u011frulama Y\u00f6netmeli\u011fi<\/td>\n<\/tr>\n<tr>\n<td width=\"120\">Maximum height of test piece\u00a0(mm)<\/td>\n<td width=\"485\">170 mm<\/td>\n<\/tr>\n<tr>\n<td width=\"120\">Indenter &#8211; outside wall distance\u00a0(mm)<\/td>\n<td width=\"485\">135 mm<\/td>\n<\/tr>\n<tr>\n<td width=\"120\">G\u00dc\u00c7 KAYNA\u011eI<\/td>\n<td width=\"485\">AC220V<u>+<\/u>5%, 50~60Hz<\/td>\n<\/tr>\n<tr>\n<td width=\"120\">Dimensions\u00a0(mm)<\/td>\n<td width=\"485\">463*240*650<\/td>\n<\/tr>\n<tr>\n<td width=\"120\">Instrument weight (kg)<\/td>\n<td width=\"485\">About 70Kg<\/td>\n<\/tr>\n<\/tbody>\n<\/table>\n<h1 style=\"font-weight: 400;\"><strong>Packing List<\/strong><strong>\uff1a<\/strong><\/h1>\n<table>\n<tbody>\n<tr>\n<td width=\"217\"><strong>name<\/strong><\/td>\n<td width=\"95\"><strong>quantity<\/strong><\/td>\n<td width=\"185\"><strong>name<\/strong><\/td>\n<td width=\"117\"><strong>quantity<\/strong><\/td>\n<\/tr>\n<tr>\n<td width=\"217\">\u03c63.175mm Ball indenter<\/td>\n<td width=\"95\">1<\/td>\n<td width=\"185\">\u03c66.35mm Ball indenter<\/td>\n<td width=\"117\">1<\/td>\n<\/tr>\n<tr>\n<td width=\"217\">\u03c612.7mm Ball indenter<\/td>\n<td width=\"95\">1<\/td>\n<td width=\"185\">Standard plastic Rockwell hardness block HRE\u3001<\/td>\n<td width=\"117\">1<\/td>\n<\/tr>\n<tr>\n<td width=\"217\">Standard plastic Rockwell hardness block HRL<\/td>\n<td width=\"95\">1<\/td>\n<td width=\"185\">Standard plastic Rockwell hardness block HRM<\/td>\n<td width=\"117\">1<\/td>\n<\/tr>\n<tr>\n<td width=\"217\">Standard plastic Rockwell hardness block HRR<\/td>\n<td width=\"95\">1<\/td>\n<td width=\"185\">Large workbench<\/td>\n<td width=\"117\">1<\/td>\n<\/tr>\n<tr>\n<td width=\"217\">Medium workbench<\/td>\n<td width=\"95\"><strong>1<\/strong><\/td>\n<td width=\"185\">V workbench<\/td>\n<td width=\"117\">1<\/td>\n<\/tr>\n<tr>\n<td width=\"217\">Big and small screwdriver<\/td>\n<td width=\"95\">1<\/td>\n<td width=\"185\">Dustproof plastic cover<\/td>\n<td width=\"117\">1<\/td>\n<\/tr>\n<tr>\n<td width=\"217\">Instruction Manual<\/td>\n<td width=\"95\">1<\/td>\n<td width=\"185\">Product certification<\/td>\n<td width=\"117\">1<\/td>\n<\/tr>\n<tr>\n<td width=\"217\">power cable<\/td>\n<td width=\"95\">1<\/td>\n<td width=\"185\">fuse<\/td>\n<td width=\"117\">2<\/td>\n<\/tr>\n<\/tbody>\n<\/table>","protected":false},"excerpt":{"rendered":"<p style=\"font-weight: 400;\">The electric plastic Rockwell hardness tester adopts an automatic loading and unloading test force mechanism, and the test force conversion is obtained by the rotation of the variable load handwheel;<\/p>\n<p style=\"font-weight: 400;\">The operation is simple and rapid, except for the dial to zero, there is no man-made operation error, and it has high sensitivity and stability; Suitable for workshops and laboratories. It has been widely used in all walks of life.<\/p>","protected":false},"featured_media":29830,"comment_status":"open","ping_status":"closed","template":"","meta":[],"product_brand":[],"product_cat":[70,74],"product_tag":[109],"class_list":{"0":"post-29829","1":"product","2":"type-product","3":"status-publish","4":"has-post-thumbnail","6":"product_cat-hardness-tester","7":"product_cat-rockwell-hardness-tester","8":"product_tag-methods-rockwell-hardness-test","10":"first","11":"instock","12":"shipping-taxable","13":"product-type-simple"},"yoast_head":"<!-- This site is optimized with the Yoast SEO Premium plugin v25.4 (Yoast SEO v27.4) - https:\/\/yoast.com\/product\/yoast-seo-premium-wordpress\/ -->\n<title>\uff08XHR-150DT\uff09 Electric plastic Rockwell hardness tester - hardnesstests<\/title>\n<meta name=\"robots\" content=\"index, follow, max-snippet:-1, max-image-preview:large, max-video-preview:-1\" \/>\n<link rel=\"canonical\" href=\"https:\/\/hardnesstests.com\/tr\/urun\/\uff08xhr-150dt\uff09-electric-plastic-rockwell-hardness-tester\/\" \/>\n<meta property=\"og:locale\" content=\"tr_TR\" \/>\n<meta property=\"og:type\" content=\"article\" \/>\n<meta property=\"og:title\" content=\"\uff08XHR-150DT\uff09 Electric plastic Rockwell hardness tester\" \/>\n<meta property=\"og:description\" content=\"The electric plastic Rockwell hardness tester adopts an automatic loading and unloading test force mechanism, and the test force conversion is obtained by the rotation of the variable load handwheel; The operation is simple and rapid, except for the dial to zero, there is no man-made operation error, and it has high sensitivity and stability; Suitable for workshops and laboratories. It has been widely used in all walks of life.\" \/>\n<meta property=\"og:url\" content=\"https:\/\/hardnesstests.com\/tr\/urun\/\uff08xhr-150dt\uff09-electric-plastic-rockwell-hardness-tester\/\" \/>\n<meta property=\"og:site_name\" content=\"hardnesstests\" \/>\n<meta property=\"article:modified_time\" content=\"2025-11-27T08:46:51+00:00\" \/>\n<meta property=\"og:image\" content=\"https:\/\/hardnesstests.com\/wp-content\/uploads\/2025\/11\/XHR-150DT-\u7535\u52a8\u5851\u6599\u6d1b\u6c0f\u786c\u5ea6\u8ba1.jpg\" \/>\n\t<meta property=\"og:image:width\" content=\"800\" \/>\n\t<meta property=\"og:image:height\" content=\"800\" \/>\n\t<meta property=\"og:image:type\" content=\"image\/jpeg\" \/>\n<meta name=\"twitter:card\" content=\"summary_large_image\" \/>\n<meta name=\"twitter:label1\" content=\"Tahmini okuma s\u00fcresi\" \/>\n\t<meta name=\"twitter:data1\" content=\"1 dakika\" \/>\n<script type=\"application\/ld+json\" class=\"yoast-schema-graph\">{\"@context\":\"https:\\\/\\\/schema.org\",\"@graph\":[{\"@type\":\"WebPage\",\"@id\":\"https:\\\/\\\/hardnesstests.com\\\/product\\\/%ef%bc%88xhr-150dt%ef%bc%89-electric-plastic-rockwell-hardness-tester\\\/\",\"url\":\"https:\\\/\\\/hardnesstests.com\\\/product\\\/%ef%bc%88xhr-150dt%ef%bc%89-electric-plastic-rockwell-hardness-tester\\\/\",\"name\":\"\uff08XHR-150DT\uff09 Electric plastic Rockwell hardness tester - hardnesstests\",\"isPartOf\":{\"@id\":\"https:\\\/\\\/hardnesstests.com\\\/tr\\\/#website\"},\"primaryImageOfPage\":{\"@id\":\"https:\\\/\\\/hardnesstests.com\\\/product\\\/%ef%bc%88xhr-150dt%ef%bc%89-electric-plastic-rockwell-hardness-tester\\\/#primaryimage\"},\"image\":{\"@id\":\"https:\\\/\\\/hardnesstests.com\\\/product\\\/%ef%bc%88xhr-150dt%ef%bc%89-electric-plastic-rockwell-hardness-tester\\\/#primaryimage\"},\"thumbnailUrl\":\"https:\\\/\\\/hardnesstests.com\\\/wp-content\\\/uploads\\\/2025\\\/11\\\/XHR-150DT-\u7535\u52a8\u5851\u6599\u6d1b\u6c0f\u786c\u5ea6\u8ba1.jpg\",\"datePublished\":\"2025-11-27T08:46:50+00:00\",\"dateModified\":\"2025-11-27T08:46:51+00:00\",\"breadcrumb\":{\"@id\":\"https:\\\/\\\/hardnesstests.com\\\/product\\\/%ef%bc%88xhr-150dt%ef%bc%89-electric-plastic-rockwell-hardness-tester\\\/#breadcrumb\"},\"inLanguage\":\"tr\",\"potentialAction\":[{\"@type\":\"ReadAction\",\"target\":[\"https:\\\/\\\/hardnesstests.com\\\/product\\\/%ef%bc%88xhr-150dt%ef%bc%89-electric-plastic-rockwell-hardness-tester\\\/\"]}]},{\"@type\":\"ImageObject\",\"inLanguage\":\"tr\",\"@id\":\"https:\\\/\\\/hardnesstests.com\\\/product\\\/%ef%bc%88xhr-150dt%ef%bc%89-electric-plastic-rockwell-hardness-tester\\\/#primaryimage\",\"url\":\"https:\\\/\\\/hardnesstests.com\\\/wp-content\\\/uploads\\\/2025\\\/11\\\/XHR-150DT-\u7535\u52a8\u5851\u6599\u6d1b\u6c0f\u786c\u5ea6\u8ba1.jpg\",\"contentUrl\":\"https:\\\/\\\/hardnesstests.com\\\/wp-content\\\/uploads\\\/2025\\\/11\\\/XHR-150DT-\u7535\u52a8\u5851\u6599\u6d1b\u6c0f\u786c\u5ea6\u8ba1.jpg\",\"width\":800,\"height\":800,\"caption\":\"\uff08XHR-150DT\uff09 Electric plastic Rockwell hardness tester\"},{\"@type\":\"BreadcrumbList\",\"@id\":\"https:\\\/\\\/hardnesstests.com\\\/product\\\/%ef%bc%88xhr-150dt%ef%bc%89-electric-plastic-rockwell-hardness-tester\\\/#breadcrumb\",\"itemListElement\":[{\"@type\":\"ListItem\",\"position\":1,\"name\":\"\u9996\u9875\",\"item\":\"https:\\\/\\\/hardnesstests.com\\\/\"},{\"@type\":\"ListItem\",\"position\":2,\"name\":\"products\",\"item\":\"https:\\\/\\\/hardnesstests.com\\\/products\\\/\"},{\"@type\":\"ListItem\",\"position\":3,\"name\":\"\uff08XHR-150DT\uff09 Electric plastic Rockwell hardness tester\"}]},{\"@type\":\"WebSite\",\"@id\":\"https:\\\/\\\/hardnesstests.com\\\/tr\\\/#website\",\"url\":\"https:\\\/\\\/hardnesstests.com\\\/tr\\\/\",\"name\":\"hardnesstests\",\"description\":\"\",\"publisher\":{\"@id\":\"https:\\\/\\\/hardnesstests.com\\\/tr\\\/#organization\"},\"potentialAction\":[{\"@type\":\"SearchAction\",\"target\":{\"@type\":\"EntryPoint\",\"urlTemplate\":\"https:\\\/\\\/hardnesstests.com\\\/tr\\\/?s={search_term_string}\"},\"query-input\":{\"@type\":\"PropertyValueSpecification\",\"valueRequired\":true,\"valueName\":\"search_term_string\"}}],\"inLanguage\":\"tr\"},{\"@type\":\"Organization\",\"@id\":\"https:\\\/\\\/hardnesstests.com\\\/tr\\\/#organization\",\"name\":\"hardnesstests\",\"url\":\"https:\\\/\\\/hardnesstests.com\\\/tr\\\/\",\"logo\":{\"@type\":\"ImageObject\",\"inLanguage\":\"tr\",\"@id\":\"https:\\\/\\\/hardnesstests.com\\\/tr\\\/#\\\/schema\\\/logo\\\/image\\\/\",\"url\":\"https:\\\/\\\/hardnesstests.com\\\/wp-content\\\/uploads\\\/2021\\\/08\\\/\u5fae\u4fe1\u56fe\u7247_20251029102004_335_1287.png\",\"contentUrl\":\"https:\\\/\\\/hardnesstests.com\\\/wp-content\\\/uploads\\\/2021\\\/08\\\/\u5fae\u4fe1\u56fe\u7247_20251029102004_335_1287.png\",\"width\":1308,\"height\":467,\"caption\":\"hardnesstests\"},\"image\":{\"@id\":\"https:\\\/\\\/hardnesstests.com\\\/tr\\\/#\\\/schema\\\/logo\\\/image\\\/\"}}]}<\/script>\n<!-- \/ Yoast SEO Premium plugin. -->","yoast_head_json":{"title":"\uff08XHR-150DT\uff09 Electric plastic Rockwell hardness tester - hardnesstests","robots":{"index":"index","follow":"follow","max-snippet":"max-snippet:-1","max-image-preview":"max-image-preview:large","max-video-preview":"max-video-preview:-1"},"canonical":"https:\/\/hardnesstests.com\/tr\/urun\/\uff08xhr-150dt\uff09-electric-plastic-rockwell-hardness-tester\/","og_locale":"tr_TR","og_type":"article","og_title":"\uff08XHR-150DT\uff09 Electric plastic Rockwell hardness tester","og_description":"The electric plastic Rockwell hardness tester adopts an automatic loading and unloading test force mechanism, and the test force conversion is obtained by the rotation of the variable load handwheel; The operation is simple and rapid, except for the dial to zero, there is no man-made operation error, and it has high sensitivity and stability; Suitable for workshops and laboratories. It has been widely used in all walks of life.","og_url":"https:\/\/hardnesstests.com\/tr\/urun\/\uff08xhr-150dt\uff09-electric-plastic-rockwell-hardness-tester\/","og_site_name":"hardnesstests","article_modified_time":"2025-11-27T08:46:51+00:00","og_image":[{"width":800,"height":800,"url":"https:\/\/hardnesstests.com\/wp-content\/uploads\/2025\/11\/XHR-150DT-\u7535\u52a8\u5851\u6599\u6d1b\u6c0f\u786c\u5ea6\u8ba1.jpg","type":"image\/jpeg"}],"twitter_card":"summary_large_image","twitter_misc":{"Tahmini okuma s\u00fcresi":"1 dakika"},"schema":{"@context":"https:\/\/schema.org","@graph":[{"@type":"WebPage","@id":"https:\/\/hardnesstests.com\/product\/%ef%bc%88xhr-150dt%ef%bc%89-electric-plastic-rockwell-hardness-tester\/","url":"https:\/\/hardnesstests.com\/product\/%ef%bc%88xhr-150dt%ef%bc%89-electric-plastic-rockwell-hardness-tester\/","name":"\uff08XHR-150DT\uff09 Electric plastic Rockwell hardness tester - hardnesstests","isPartOf":{"@id":"https:\/\/hardnesstests.com\/tr\/#website"},"primaryImageOfPage":{"@id":"https:\/\/hardnesstests.com\/product\/%ef%bc%88xhr-150dt%ef%bc%89-electric-plastic-rockwell-hardness-tester\/#primaryimage"},"image":{"@id":"https:\/\/hardnesstests.com\/product\/%ef%bc%88xhr-150dt%ef%bc%89-electric-plastic-rockwell-hardness-tester\/#primaryimage"},"thumbnailUrl":"https:\/\/hardnesstests.com\/wp-content\/uploads\/2025\/11\/XHR-150DT-\u7535\u52a8\u5851\u6599\u6d1b\u6c0f\u786c\u5ea6\u8ba1.jpg","datePublished":"2025-11-27T08:46:50+00:00","dateModified":"2025-11-27T08:46:51+00:00","breadcrumb":{"@id":"https:\/\/hardnesstests.com\/product\/%ef%bc%88xhr-150dt%ef%bc%89-electric-plastic-rockwell-hardness-tester\/#breadcrumb"},"inLanguage":"tr","potentialAction":[{"@type":"ReadAction","target":["https:\/\/hardnesstests.com\/product\/%ef%bc%88xhr-150dt%ef%bc%89-electric-plastic-rockwell-hardness-tester\/"]}]},{"@type":"ImageObject","inLanguage":"tr","@id":"https:\/\/hardnesstests.com\/product\/%ef%bc%88xhr-150dt%ef%bc%89-electric-plastic-rockwell-hardness-tester\/#primaryimage","url":"https:\/\/hardnesstests.com\/wp-content\/uploads\/2025\/11\/XHR-150DT-\u7535\u52a8\u5851\u6599\u6d1b\u6c0f\u786c\u5ea6\u8ba1.jpg","contentUrl":"https:\/\/hardnesstests.com\/wp-content\/uploads\/2025\/11\/XHR-150DT-\u7535\u52a8\u5851\u6599\u6d1b\u6c0f\u786c\u5ea6\u8ba1.jpg","width":800,"height":800,"caption":"\uff08XHR-150DT\uff09 Electric plastic Rockwell hardness tester"},{"@type":"BreadcrumbList","@id":"https:\/\/hardnesstests.com\/product\/%ef%bc%88xhr-150dt%ef%bc%89-electric-plastic-rockwell-hardness-tester\/#breadcrumb","itemListElement":[{"@type":"ListItem","position":1,"name":"\u9996\u9875","item":"https:\/\/hardnesstests.com\/"},{"@type":"ListItem","position":2,"name":"products","item":"https:\/\/hardnesstests.com\/products\/"},{"@type":"ListItem","position":3,"name":"\uff08XHR-150DT\uff09 Electric plastic Rockwell hardness tester"}]},{"@type":"WebSite","@id":"https:\/\/hardnesstests.com\/tr\/#website","url":"https:\/\/hardnesstests.com\/tr\/","name":"hardnesstests","description":"","publisher":{"@id":"https:\/\/hardnesstests.com\/tr\/#organization"},"potentialAction":[{"@type":"SearchAction","target":{"@type":"EntryPoint","urlTemplate":"https:\/\/hardnesstests.com\/tr\/?s={search_term_string}"},"query-input":{"@type":"PropertyValueSpecification","valueRequired":true,"valueName":"search_term_string"}}],"inLanguage":"tr"},{"@type":"Organization","@id":"https:\/\/hardnesstests.com\/tr\/#organization","name":"hardnesstests","url":"https:\/\/hardnesstests.com\/tr\/","logo":{"@type":"ImageObject","inLanguage":"tr","@id":"https:\/\/hardnesstests.com\/tr\/#\/schema\/logo\/image\/","url":"https:\/\/hardnesstests.com\/wp-content\/uploads\/2021\/08\/\u5fae\u4fe1\u56fe\u7247_20251029102004_335_1287.png","contentUrl":"https:\/\/hardnesstests.com\/wp-content\/uploads\/2021\/08\/\u5fae\u4fe1\u56fe\u7247_20251029102004_335_1287.png","width":1308,"height":467,"caption":"hardnesstests"},"image":{"@id":"https:\/\/hardnesstests.com\/tr\/#\/schema\/logo\/image\/"}}]}},"_links":{"self":[{"href":"https:\/\/hardnesstests.com\/tr\/wp-json\/wp\/v2\/product\/29829","targetHints":{"allow":["GET"]}}],"collection":[{"href":"https:\/\/hardnesstests.com\/tr\/wp-json\/wp\/v2\/product"}],"about":[{"href":"https:\/\/hardnesstests.com\/tr\/wp-json\/wp\/v2\/types\/product"}],"replies":[{"embeddable":true,"href":"https:\/\/hardnesstests.com\/tr\/wp-json\/wp\/v2\/comments?post=29829"}],"version-history":[{"count":1,"href":"https:\/\/hardnesstests.com\/tr\/wp-json\/wp\/v2\/product\/29829\/revisions"}],"predecessor-version":[{"id":29831,"href":"https:\/\/hardnesstests.com\/tr\/wp-json\/wp\/v2\/product\/29829\/revisions\/29831"}],"wp:featuredmedia":[{"embeddable":true,"href":"https:\/\/hardnesstests.com\/tr\/wp-json\/wp\/v2\/media\/29830"}],"wp:attachment":[{"href":"https:\/\/hardnesstests.com\/tr\/wp-json\/wp\/v2\/media?parent=29829"}],"wp:term":[{"taxonomy":"product_brand","embeddable":true,"href":"https:\/\/hardnesstests.com\/tr\/wp-json\/wp\/v2\/product_brand?post=29829"},{"taxonomy":"product_cat","embeddable":true,"href":"https:\/\/hardnesstests.com\/tr\/wp-json\/wp\/v2\/product_cat?post=29829"},{"taxonomy":"product_tag","embeddable":true,"href":"https:\/\/hardnesstests.com\/tr\/wp-json\/wp\/v2\/product_tag?post=29829"}],"curies":[{"name":"wp","href":"https:\/\/api.w.org\/{rel}","templated":true}]}}