{"id":29798,"date":"2025-11-27T08:15:24","date_gmt":"2025-11-27T08:15:24","guid":{"rendered":"https:\/\/hardnesstests.com\/?post_type=product&#038;p=29798"},"modified":"2025-11-27T08:15:25","modified_gmt":"2025-11-27T08:15:25","slug":"dchrts-150zxy-fully-automatic-end-quenching-curve-testing-hardness-tester","status":"publish","type":"product","link":"https:\/\/hardnesstests.com\/tr\/urun\/dchrts-150zxy-fully-automatic-end-quenching-curve-testing-hardness-tester\/","title":{"rendered":"DCHRTS-150ZXY Tam otomatik u\u00e7 s\u00f6nd\u00fcrme e\u011frisi testi sertlik test cihaz\u0131"},"content":{"rendered":"<table>\n<tbody>\n<tr>\n<td>\n<h1><strong>Ana fonksiyonlar ve \u00f6zellikler:<\/strong><\/h1>\n<\/td>\n<\/tr>\n<\/tbody>\n<\/table>\n<ol>\n<li style=\"font-weight: 400;\">The 8-inch LCD touch screen can visually display the operating status, hardness value, conversion hardness, test method, test force, light brightness, initial test force holding time, total test force holding time, elastic recovery time, measurement times, statistical data, test time, and other test processes of the displacement sensor and force sensor;<\/li>\n<li style=\"font-weight: 400;\">One-click operation for workpiece lifting, indenter loading, holding, unloading, hardness value display, and test bench return to the initial position; with the XY electric test bench, the path can be set through software for continuous hardness testing;<\/li>\n<li style=\"font-weight: 400;\">The system comes with a calibration function that can automatically adjust the error range from 80-120%, or calibrate the instrument separately for low and high values<\/li>\n<li style=\"font-weight: 400;\">When testing a surface, it is automatically corrected according to the standard surface radius;<\/li>\n<li style=\"font-weight: 400;\">It can store 100 sets of test data, view test data at any time, and delete current data or clear all test data;<\/li>\n<li style=\"font-weight: 400;\">The units of test force can be converted to each other, with the conversion units being: (Kgf, N)<\/li>\n<li style=\"font-weight: 400;\">Can display simultaneously: average value, test times, product name;<\/li>\n<li style=\"font-weight: 400;\">The main interface can display 4 conversion scales simultaneously and switch between national standards (GB), American standards (ASTM), and international standards (ISO), with a total of 20 measurement scales that can be converted: HRA, HRB, HRC, HRD, HRE, HRF, HRG, HRK, HR15N, HR30N, HR45N, HR15T, HR30T, HR45T, HK, HBW, HS, HBS, HV, Rm (tensile strength)<\/li>\n<li style=\"font-weight: 400;\">The screen can be set to sleep for a certain period of time, and automatically enter a sleep state after a long period of inactivity, saving energy and protecting the environment;<\/li>\n<li style=\"font-weight: 400;\">The upper and lower measurement limits can be set and displayed on the main measurement interface, and unqualified values will automatically trigger an alarm;<\/li>\n<li style=\"font-weight: 400;\">The operating system supports 14 languages, allowing for easy switching between them: Chinese, Traditional Chinese, English, Russian, German, French, Spanish, Portuguese, Turkish, Czech, Japanese, Korean, Thai, and Vietnamese;<\/li>\n<li style=\"font-weight: 400;\">The instrument has a built-in printer, and the test data can also be output to a USB flash drive for storage and analysis. The software can generate WORD and EXCEL reports<\/li>\n<li style=\"font-weight: 400;\">This machine is particularly suitable for end quenching tests, and can fully comply with the requirements of the &#8220;End Quenching Test Method for Steel Hardenability GB\/T225-2006&#8221; by setting up a hardness testing path and completing the testing with one click. The optional three-station clamping table can achieve continuous measurement of three end quenching samples (the clamping table can be expanded to six stations).<\/li>\n<li style=\"font-weight: 400;\">The cast shell has a stable and non-deforming one-time molding structure, and the pure white car paint has a high grade and strong scratch resistance, which remains bright and new after years of use;<\/li>\n<li style=\"font-weight: 400;\">Our company has the ability to develop, design and produce on its own. Our machines provide lifetime replacement of parts and maintenance and upgrade services;<\/li>\n<\/ol>\n<h1 style=\"font-weight: 400;\"><strong>Ana ama\u00e7 ve kullan\u0131m kapsam\u0131:<\/strong><\/h1>\n<ol>\n<li>Measure the Rockwell hardness of ferrous metals, non-ferrous metals and hard alloys:<\/li>\n<li style=\"font-weight: 400;\">D\u00f6k\u00fcm, tavlanm\u0131\u015f \u00e7elik, normalize \u00e7elik, demir d\u0131\u015f\u0131 metaller ve yumu\u015fak ala\u015f\u0131mlar\u0131n Rockwell sertli\u011fi;<\/li>\n<li>Rockwell hardness of materials undergoing heat treatment processes such as quenching and tempering;<\/li>\n<\/ol>\n<table>\n<tbody>\n<tr>\n<td>\n<h1><strong>Technical parameter\uff1a<\/strong><\/h1>\n<\/td>\n<\/tr>\n<\/tbody>\n<\/table>\n<table>\n<tbody>\n<tr>\n<td width=\"133\">Parameter Name<\/td>\n<td width=\"412\">Parametre verileri<\/td>\n<\/tr>\n<tr>\n<td width=\"133\">initial test force<\/td>\n<td width=\"412\">10kgf (98.07N) Allowable error \u00b12.0%<\/td>\n<\/tr>\n<tr>\n<td width=\"133\">Toplam test kuvveti<\/td>\n<td width=\"412\">60kgf, 100kgf, 150kgf<\/td>\n<\/tr>\n<tr>\n<td width=\"133\">Measuring ruler<\/td>\n<td width=\"412\">HRA, HRB, HRC, HRD, HRE, HRF, HRG, HRH, HRK, HRL, HRM, HRP, HRR, HRS, HRV<\/td>\n<\/tr>\n<tr>\n<td width=\"133\">Compliant with standards<\/td>\n<td width=\"412\">GB\/T230.1, GB\/T230.2 national standards, JJG112 verification regulations<\/p>\n<p>GB\/T2848, GB\/T3773 orijinal standartlar, EN10109, ASTM E18, ISO 6508<\/td>\n<\/tr>\n<tr>\n<td width=\"133\">Conversion units<\/td>\n<td width=\"412\">Brinell, Rockwell, Vickers<\/td>\n<\/tr>\n<tr>\n<td width=\"133\">Conversion standards<\/td>\n<td width=\"412\">ASTM, ISO, GBT<\/td>\n<\/tr>\n<tr>\n<td width=\"133\">Sertlik g\u00f6stergesi<\/td>\n<td width=\"412\">8 in\u00e7 renkli dokunmatik ekran<\/td>\n<\/tr>\n<tr>\n<td width=\"133\">Ekran do\u011frulu\u011fu (HR)<\/td>\n<td width=\"412\">0.1<\/td>\n<\/tr>\n<tr>\n<td width=\"133\">Hold time<\/td>\n<td width=\"412\">3-99S can be set<\/td>\n<\/tr>\n<tr>\n<td width=\"133\">Test kuvveti d\u00f6n\u00fc\u015f\u00fcm\u00fc<\/td>\n<td width=\"412\">automatic<\/td>\n<\/tr>\n<tr>\n<td width=\"133\">Load Control<\/td>\n<td width=\"412\">automatic<\/td>\n<\/tr>\n<tr>\n<td width=\"133\">Z-axis lifting system control<\/td>\n<td width=\"412\">automatic<\/td>\n<\/tr>\n<tr>\n<td width=\"133\">X-Y automatic platform<\/td>\n<td width=\"412\">Overall dimensions: 370X370X170, stroke: 100X100, step pitch: 1\u03bcm<\/p>\n<p>Repeatability: 10\u03bcm; This platform can be set up with multiple points and can perform automatic testing at multiple points with one click. Other functions can be added according to customer needs!<\/td>\n<\/tr>\n<tr>\n<td width=\"133\">Z-axis lifting method<\/td>\n<td width=\"412\">Inching lifting, automatic lifting, one-click testing<\/td>\n<\/tr>\n<tr>\n<td width=\"133\">Calibration of hardness value<\/td>\n<td width=\"412\"><strong>\u221a<\/strong><\/td>\n<\/tr>\n<tr>\n<td width=\"133\">Ark d\u00fczeltme telafisi<\/td>\n<td width=\"412\"><strong>\u221a<\/strong><\/td>\n<\/tr>\n<tr>\n<td width=\"133\">Test kuvveti telafisi<\/td>\n<td width=\"412\"><strong>\u221a<\/strong><\/td>\n<\/tr>\n<tr>\n<td width=\"133\">Nitelikli yarg\u0131<\/td>\n<td width=\"412\"><strong>\u221a<\/strong><\/td>\n<\/tr>\n<tr>\n<td width=\"133\">data statistics<\/td>\n<td width=\"412\">Automatically calculate the maximum, minimum, average, maximum error, and number of tests, among others<\/td>\n<\/tr>\n<tr>\n<td width=\"133\">data output<\/td>\n<td width=\"412\">Yaz\u0131c\u0131, ileti\u015fim aray\u00fcz\u00fc, PC<\/td>\n<\/tr>\n<tr>\n<td width=\"133\">Maximum height of test piece (mm)<\/td>\n<td width=\"412\">70<\/td>\n<\/tr>\n<tr>\n<td width=\"133\">Distance from the pressure head to the machine (mm)<\/td>\n<td width=\"412\">160<\/td>\n<\/tr>\n<tr>\n<td width=\"133\">Overall dimensions (mm)<\/td>\n<td width=\"412\">560X210X810<\/td>\n<\/tr>\n<tr>\n<td width=\"133\">source<\/td>\n<td width=\"412\">220V\/50HZ<\/td>\n<\/tr>\n<tr>\n<td width=\"133\">A\u011f\u0131rl\u0131k (Kg)<\/td>\n<td width=\"412\">100<\/td>\n<\/tr>\n<\/tbody>\n<\/table>","protected":false},"excerpt":{"rendered":"<p>https:\/\/youtu.be\/XuHrhv_6YDk<\/p>","protected":false},"featured_media":29799,"comment_status":"open","ping_status":"closed","template":"","meta":[],"product_brand":[],"product_cat":[70,74],"product_tag":[109],"class_list":{"0":"post-29798","1":"product","2":"type-product","3":"status-publish","4":"has-post-thumbnail","6":"product_cat-hardness-tester","7":"product_cat-rockwell-hardness-tester","8":"product_tag-methods-rockwell-hardness-test","10":"first","11":"instock","12":"shipping-taxable","13":"product-type-simple"},"yoast_head":"<!-- This site is optimized with the Yoast SEO Premium plugin v25.4 (Yoast SEO v27.4) - https:\/\/yoast.com\/product\/yoast-seo-premium-wordpress\/ -->\n<title>DCHRTS-150ZXY Fully automatic end-quenching curve testing hardness tester - hardnesstests<\/title>\n<meta name=\"robots\" content=\"index, follow, max-snippet:-1, max-image-preview:large, max-video-preview:-1\" \/>\n<link rel=\"canonical\" href=\"https:\/\/hardnesstests.com\/tr\/urun\/dchrts-150zxy-fully-automatic-end-quenching-curve-testing-hardness-tester\/\" \/>\n<meta property=\"og:locale\" content=\"tr_TR\" \/>\n<meta property=\"og:type\" content=\"article\" \/>\n<meta property=\"og:title\" content=\"DCHRTS-150ZXY Fully automatic end-quenching curve testing hardness tester\" \/>\n<meta property=\"og:description\" content=\"https:\/\/youtu.be\/XuHrhv_6YDk\" \/>\n<meta property=\"og:url\" content=\"https:\/\/hardnesstests.com\/tr\/urun\/dchrts-150zxy-fully-automatic-end-quenching-curve-testing-hardness-tester\/\" \/>\n<meta property=\"og:site_name\" content=\"hardnesstests\" \/>\n<meta property=\"article:modified_time\" content=\"2025-11-27T08:15:25+00:00\" \/>\n<meta property=\"og:image\" content=\"https:\/\/hardnesstests.com\/wp-content\/uploads\/2025\/11\/DCHRTS-150ZXY-\u5168\u81ea\u52a8\u7aef\u6dec\u66f2\u7ebf\u6d4b\u8bd5\u786c\u5ea6\u8ba1.jpg\" \/>\n\t<meta property=\"og:image:width\" content=\"800\" \/>\n\t<meta property=\"og:image:height\" content=\"800\" \/>\n\t<meta property=\"og:image:type\" content=\"image\/jpeg\" \/>\n<meta name=\"twitter:card\" content=\"summary_large_image\" \/>\n<meta name=\"twitter:label1\" content=\"Tahmini okuma s\u00fcresi\" \/>\n\t<meta name=\"twitter:data1\" content=\"4 dakika\" \/>\n<script type=\"application\/ld+json\" class=\"yoast-schema-graph\">{\"@context\":\"https:\\\/\\\/schema.org\",\"@graph\":[{\"@type\":\"WebPage\",\"@id\":\"https:\\\/\\\/hardnesstests.com\\\/product\\\/dchrts-150zxy-fully-automatic-end-quenching-curve-testing-hardness-tester\\\/\",\"url\":\"https:\\\/\\\/hardnesstests.com\\\/product\\\/dchrts-150zxy-fully-automatic-end-quenching-curve-testing-hardness-tester\\\/\",\"name\":\"DCHRTS-150ZXY Fully automatic end-quenching curve testing hardness tester - hardnesstests\",\"isPartOf\":{\"@id\":\"https:\\\/\\\/hardnesstests.com\\\/tr\\\/#website\"},\"primaryImageOfPage\":{\"@id\":\"https:\\\/\\\/hardnesstests.com\\\/product\\\/dchrts-150zxy-fully-automatic-end-quenching-curve-testing-hardness-tester\\\/#primaryimage\"},\"image\":{\"@id\":\"https:\\\/\\\/hardnesstests.com\\\/product\\\/dchrts-150zxy-fully-automatic-end-quenching-curve-testing-hardness-tester\\\/#primaryimage\"},\"thumbnailUrl\":\"https:\\\/\\\/hardnesstests.com\\\/wp-content\\\/uploads\\\/2025\\\/11\\\/DCHRTS-150ZXY-\u5168\u81ea\u52a8\u7aef\u6dec\u66f2\u7ebf\u6d4b\u8bd5\u786c\u5ea6\u8ba1.jpg\",\"datePublished\":\"2025-11-27T08:15:24+00:00\",\"dateModified\":\"2025-11-27T08:15:25+00:00\",\"breadcrumb\":{\"@id\":\"https:\\\/\\\/hardnesstests.com\\\/product\\\/dchrts-150zxy-fully-automatic-end-quenching-curve-testing-hardness-tester\\\/#breadcrumb\"},\"inLanguage\":\"tr\",\"potentialAction\":[{\"@type\":\"ReadAction\",\"target\":[\"https:\\\/\\\/hardnesstests.com\\\/product\\\/dchrts-150zxy-fully-automatic-end-quenching-curve-testing-hardness-tester\\\/\"]}]},{\"@type\":\"ImageObject\",\"inLanguage\":\"tr\",\"@id\":\"https:\\\/\\\/hardnesstests.com\\\/product\\\/dchrts-150zxy-fully-automatic-end-quenching-curve-testing-hardness-tester\\\/#primaryimage\",\"url\":\"https:\\\/\\\/hardnesstests.com\\\/wp-content\\\/uploads\\\/2025\\\/11\\\/DCHRTS-150ZXY-\u5168\u81ea\u52a8\u7aef\u6dec\u66f2\u7ebf\u6d4b\u8bd5\u786c\u5ea6\u8ba1.jpg\",\"contentUrl\":\"https:\\\/\\\/hardnesstests.com\\\/wp-content\\\/uploads\\\/2025\\\/11\\\/DCHRTS-150ZXY-\u5168\u81ea\u52a8\u7aef\u6dec\u66f2\u7ebf\u6d4b\u8bd5\u786c\u5ea6\u8ba1.jpg\",\"width\":800,\"height\":800,\"caption\":\"DCHRTS-150ZXY Fully automatic end-quenching curve testing hardness tester\"},{\"@type\":\"BreadcrumbList\",\"@id\":\"https:\\\/\\\/hardnesstests.com\\\/product\\\/dchrts-150zxy-fully-automatic-end-quenching-curve-testing-hardness-tester\\\/#breadcrumb\",\"itemListElement\":[{\"@type\":\"ListItem\",\"position\":1,\"name\":\"\u9996\u9875\",\"item\":\"https:\\\/\\\/hardnesstests.com\\\/\"},{\"@type\":\"ListItem\",\"position\":2,\"name\":\"products\",\"item\":\"https:\\\/\\\/hardnesstests.com\\\/products\\\/\"},{\"@type\":\"ListItem\",\"position\":3,\"name\":\"DCHRTS-150ZXY Fully automatic end-quenching curve testing hardness tester\"}]},{\"@type\":\"WebSite\",\"@id\":\"https:\\\/\\\/hardnesstests.com\\\/tr\\\/#website\",\"url\":\"https:\\\/\\\/hardnesstests.com\\\/tr\\\/\",\"name\":\"hardnesstests\",\"description\":\"\",\"publisher\":{\"@id\":\"https:\\\/\\\/hardnesstests.com\\\/tr\\\/#organization\"},\"potentialAction\":[{\"@type\":\"SearchAction\",\"target\":{\"@type\":\"EntryPoint\",\"urlTemplate\":\"https:\\\/\\\/hardnesstests.com\\\/tr\\\/?s={search_term_string}\"},\"query-input\":{\"@type\":\"PropertyValueSpecification\",\"valueRequired\":true,\"valueName\":\"search_term_string\"}}],\"inLanguage\":\"tr\"},{\"@type\":\"Organization\",\"@id\":\"https:\\\/\\\/hardnesstests.com\\\/tr\\\/#organization\",\"name\":\"hardnesstests\",\"url\":\"https:\\\/\\\/hardnesstests.com\\\/tr\\\/\",\"logo\":{\"@type\":\"ImageObject\",\"inLanguage\":\"tr\",\"@id\":\"https:\\\/\\\/hardnesstests.com\\\/tr\\\/#\\\/schema\\\/logo\\\/image\\\/\",\"url\":\"https:\\\/\\\/hardnesstests.com\\\/wp-content\\\/uploads\\\/2021\\\/08\\\/\u5fae\u4fe1\u56fe\u7247_20251029102004_335_1287.png\",\"contentUrl\":\"https:\\\/\\\/hardnesstests.com\\\/wp-content\\\/uploads\\\/2021\\\/08\\\/\u5fae\u4fe1\u56fe\u7247_20251029102004_335_1287.png\",\"width\":1308,\"height\":467,\"caption\":\"hardnesstests\"},\"image\":{\"@id\":\"https:\\\/\\\/hardnesstests.com\\\/tr\\\/#\\\/schema\\\/logo\\\/image\\\/\"}}]}<\/script>\n<!-- \/ Yoast SEO Premium plugin. -->","yoast_head_json":{"title":"DCHRTS-150ZXY Fully automatic end-quenching curve testing hardness tester - hardnesstests","robots":{"index":"index","follow":"follow","max-snippet":"max-snippet:-1","max-image-preview":"max-image-preview:large","max-video-preview":"max-video-preview:-1"},"canonical":"https:\/\/hardnesstests.com\/tr\/urun\/dchrts-150zxy-fully-automatic-end-quenching-curve-testing-hardness-tester\/","og_locale":"tr_TR","og_type":"article","og_title":"DCHRTS-150ZXY Fully automatic end-quenching curve testing hardness tester","og_description":"https:\/\/youtu.be\/XuHrhv_6YDk","og_url":"https:\/\/hardnesstests.com\/tr\/urun\/dchrts-150zxy-fully-automatic-end-quenching-curve-testing-hardness-tester\/","og_site_name":"hardnesstests","article_modified_time":"2025-11-27T08:15:25+00:00","og_image":[{"width":800,"height":800,"url":"https:\/\/hardnesstests.com\/wp-content\/uploads\/2025\/11\/DCHRTS-150ZXY-\u5168\u81ea\u52a8\u7aef\u6dec\u66f2\u7ebf\u6d4b\u8bd5\u786c\u5ea6\u8ba1.jpg","type":"image\/jpeg"}],"twitter_card":"summary_large_image","twitter_misc":{"Tahmini okuma s\u00fcresi":"4 dakika"},"schema":{"@context":"https:\/\/schema.org","@graph":[{"@type":"WebPage","@id":"https:\/\/hardnesstests.com\/product\/dchrts-150zxy-fully-automatic-end-quenching-curve-testing-hardness-tester\/","url":"https:\/\/hardnesstests.com\/product\/dchrts-150zxy-fully-automatic-end-quenching-curve-testing-hardness-tester\/","name":"DCHRTS-150ZXY Fully automatic end-quenching curve testing hardness tester - hardnesstests","isPartOf":{"@id":"https:\/\/hardnesstests.com\/tr\/#website"},"primaryImageOfPage":{"@id":"https:\/\/hardnesstests.com\/product\/dchrts-150zxy-fully-automatic-end-quenching-curve-testing-hardness-tester\/#primaryimage"},"image":{"@id":"https:\/\/hardnesstests.com\/product\/dchrts-150zxy-fully-automatic-end-quenching-curve-testing-hardness-tester\/#primaryimage"},"thumbnailUrl":"https:\/\/hardnesstests.com\/wp-content\/uploads\/2025\/11\/DCHRTS-150ZXY-\u5168\u81ea\u52a8\u7aef\u6dec\u66f2\u7ebf\u6d4b\u8bd5\u786c\u5ea6\u8ba1.jpg","datePublished":"2025-11-27T08:15:24+00:00","dateModified":"2025-11-27T08:15:25+00:00","breadcrumb":{"@id":"https:\/\/hardnesstests.com\/product\/dchrts-150zxy-fully-automatic-end-quenching-curve-testing-hardness-tester\/#breadcrumb"},"inLanguage":"tr","potentialAction":[{"@type":"ReadAction","target":["https:\/\/hardnesstests.com\/product\/dchrts-150zxy-fully-automatic-end-quenching-curve-testing-hardness-tester\/"]}]},{"@type":"ImageObject","inLanguage":"tr","@id":"https:\/\/hardnesstests.com\/product\/dchrts-150zxy-fully-automatic-end-quenching-curve-testing-hardness-tester\/#primaryimage","url":"https:\/\/hardnesstests.com\/wp-content\/uploads\/2025\/11\/DCHRTS-150ZXY-\u5168\u81ea\u52a8\u7aef\u6dec\u66f2\u7ebf\u6d4b\u8bd5\u786c\u5ea6\u8ba1.jpg","contentUrl":"https:\/\/hardnesstests.com\/wp-content\/uploads\/2025\/11\/DCHRTS-150ZXY-\u5168\u81ea\u52a8\u7aef\u6dec\u66f2\u7ebf\u6d4b\u8bd5\u786c\u5ea6\u8ba1.jpg","width":800,"height":800,"caption":"DCHRTS-150ZXY Fully automatic end-quenching curve testing hardness tester"},{"@type":"BreadcrumbList","@id":"https:\/\/hardnesstests.com\/product\/dchrts-150zxy-fully-automatic-end-quenching-curve-testing-hardness-tester\/#breadcrumb","itemListElement":[{"@type":"ListItem","position":1,"name":"\u9996\u9875","item":"https:\/\/hardnesstests.com\/"},{"@type":"ListItem","position":2,"name":"products","item":"https:\/\/hardnesstests.com\/products\/"},{"@type":"ListItem","position":3,"name":"DCHRTS-150ZXY Fully automatic end-quenching curve testing hardness tester"}]},{"@type":"WebSite","@id":"https:\/\/hardnesstests.com\/tr\/#website","url":"https:\/\/hardnesstests.com\/tr\/","name":"hardnesstests","description":"","publisher":{"@id":"https:\/\/hardnesstests.com\/tr\/#organization"},"potentialAction":[{"@type":"SearchAction","target":{"@type":"EntryPoint","urlTemplate":"https:\/\/hardnesstests.com\/tr\/?s={search_term_string}"},"query-input":{"@type":"PropertyValueSpecification","valueRequired":true,"valueName":"search_term_string"}}],"inLanguage":"tr"},{"@type":"Organization","@id":"https:\/\/hardnesstests.com\/tr\/#organization","name":"hardnesstests","url":"https:\/\/hardnesstests.com\/tr\/","logo":{"@type":"ImageObject","inLanguage":"tr","@id":"https:\/\/hardnesstests.com\/tr\/#\/schema\/logo\/image\/","url":"https:\/\/hardnesstests.com\/wp-content\/uploads\/2021\/08\/\u5fae\u4fe1\u56fe\u7247_20251029102004_335_1287.png","contentUrl":"https:\/\/hardnesstests.com\/wp-content\/uploads\/2021\/08\/\u5fae\u4fe1\u56fe\u7247_20251029102004_335_1287.png","width":1308,"height":467,"caption":"hardnesstests"},"image":{"@id":"https:\/\/hardnesstests.com\/tr\/#\/schema\/logo\/image\/"}}]}},"_links":{"self":[{"href":"https:\/\/hardnesstests.com\/tr\/wp-json\/wp\/v2\/product\/29798","targetHints":{"allow":["GET"]}}],"collection":[{"href":"https:\/\/hardnesstests.com\/tr\/wp-json\/wp\/v2\/product"}],"about":[{"href":"https:\/\/hardnesstests.com\/tr\/wp-json\/wp\/v2\/types\/product"}],"replies":[{"embeddable":true,"href":"https:\/\/hardnesstests.com\/tr\/wp-json\/wp\/v2\/comments?post=29798"}],"version-history":[{"count":1,"href":"https:\/\/hardnesstests.com\/tr\/wp-json\/wp\/v2\/product\/29798\/revisions"}],"predecessor-version":[{"id":29800,"href":"https:\/\/hardnesstests.com\/tr\/wp-json\/wp\/v2\/product\/29798\/revisions\/29800"}],"wp:featuredmedia":[{"embeddable":true,"href":"https:\/\/hardnesstests.com\/tr\/wp-json\/wp\/v2\/media\/29799"}],"wp:attachment":[{"href":"https:\/\/hardnesstests.com\/tr\/wp-json\/wp\/v2\/media?parent=29798"}],"wp:term":[{"taxonomy":"product_brand","embeddable":true,"href":"https:\/\/hardnesstests.com\/tr\/wp-json\/wp\/v2\/product_brand?post=29798"},{"taxonomy":"product_cat","embeddable":true,"href":"https:\/\/hardnesstests.com\/tr\/wp-json\/wp\/v2\/product_cat?post=29798"},{"taxonomy":"product_tag","embeddable":true,"href":"https:\/\/hardnesstests.com\/tr\/wp-json\/wp\/v2\/product_tag?post=29798"}],"curies":[{"name":"wp","href":"https:\/\/api.w.org\/{rel}","templated":true}]}}