{"id":29795,"date":"2025-11-27T08:11:51","date_gmt":"2025-11-27T08:11:51","guid":{"rendered":"https:\/\/hardnesstests.com\/?post_type=product&#038;p=29795"},"modified":"2025-11-27T08:11:51","modified_gmt":"2025-11-27T08:11:51","slug":"fully-automatic-rockwell-hardness-tester-chrts-150z","status":"publish","type":"product","link":"https:\/\/hardnesstests.com\/tr\/urun\/fully-automatic-rockwell-hardness-tester-chrts-150z\/","title":{"rendered":"Tam otomatik Rockwell sertlik test cihaz\u0131 CHRTS-150Z"},"content":{"rendered":"<table>\n<tbody>\n<tr>\n<td>\n<h1><strong>Ana fonksiyonlar ve \u00f6zellikler:<\/strong><\/h1>\n<\/td>\n<\/tr>\n<\/tbody>\n<\/table>\n<ol>\n<li style=\"font-weight: 400;\">The 8-inch LCD touch screen can directly display the hardness value, conversion hardness, test method, test force, brightness, initial test force holding time, total test force holding time, elastic recovery time, measurement times, statistical data, test time The test process is intuitive and clear;<\/li>\n<li style=\"font-weight: 400;\">The system has its own calibration function, which can automatically adjust the error range of 80-120%, or calibrate the instrument separately for low and high values<\/li>\n<li style=\"font-weight: 400;\">When testing the surface, it is automatically corrected according to the standard surface radius;<\/li>\n<li style=\"font-weight: 400;\">It can store 100 sets of test data, you can check the test data at any time, you can also delete the current data or clear all the test data;<\/li>\n<li style=\"font-weight: 400;\">The test force units can be converted to each other, and the conversion unit is: (Kgf, N)<\/li>\n<li style=\"font-weight: 400;\">Can display at the same time: average value, number of tests, product name;<\/li>\n<li style=\"font-weight: 400;\">The main interface can display 4 conversion scales at the same time, and can switch: national standard (GB), American standard (ASTM) and international (ISO) standard, a total of 20 measurement scales can be converted: HRA, HRB, HRC, HRD, HRE, HRF, HRG, HRK, HR15N, HR30N, HR45N, HR15T, HR30T, HR45T, HK, HBW, HS, HBS, HV, Rm (tensile strength),<\/li>\n<li style=\"font-weight: 400;\">You can set the screen sleep time, and automatically enter the sleep state if you do not operate for a long time, saving environmental protection;<\/li>\n<li style=\"font-weight: 400;\">The upper and lower limits of the measurement range can be set, displayed on the main measurement interface, and the unqualified value will automatically prompt an alarm;<\/li>\n<li style=\"font-weight: 400;\">There are 14 languages for the operating system, which can be switched at will: Chinese, Traditional Chinese, English, Russian, German, French, Spanish, Portuguese, Turkish, Czech, Japanese, Korean, Thai, Vietnamese;<\/li>\n<li style=\"font-weight: 400;\">Equipped with a built-in printer, and the test data can also be output to a U disk via USB for storage and analysis;<\/li>\n<li style=\"font-weight: 400;\">The structure of the casting shell is stable and not deformed at one time, the pure white car paint is of high grade, and the scratch resistance is strong, and it is still bright as new after many years of use;<\/li>\n<li style=\"font-weight: 400;\">Our company has the ability to develop, design and produce by ourselves. Our machines provide parts replacement and maintenance and upgrade services for life;<\/li>\n<\/ol>\n<h1 style=\"font-weight: 400;\"><strong>Ana ama\u00e7 ve kullan\u0131m kapsam\u0131:<\/strong><\/h1>\n<ol>\n<li style=\"font-weight: 400;\">Demir i\u00e7eren metallerin, demir i\u00e7ermeyen metallerin ve sert ala\u015f\u0131mlar\u0131n Rockwell sertli\u011fini belirleyin:<\/li>\n<li style=\"font-weight: 400;\">D\u00f6k\u00fcm, tavlanm\u0131\u015f \u00e7elik, normalize \u00e7elik, demir d\u0131\u015f\u0131 metaller ve yumu\u015fak ala\u015f\u0131mlar\u0131n Rockwell sertli\u011fi;<\/li>\n<li style=\"font-weight: 400;\">Rockwell hardness of heat treatment materials such as quenching, quenching and tempering;<\/li>\n<\/ol>\n<table>\n<tbody>\n<tr>\n<td>\n<h1><strong>Technical parameter\uff1a<\/strong><\/h1>\n<\/td>\n<\/tr>\n<\/tbody>\n<\/table>\n<table>\n<tbody>\n<tr>\n<td width=\"164\">parameter name<\/td>\n<td width=\"380\">parameter data<\/td>\n<\/tr>\n<tr>\n<td width=\"164\">initial test force<\/td>\n<td width=\"380\">10kgf (98.07N) tolerance \u00b12.0%<\/td>\n<\/tr>\n<tr>\n<td width=\"164\">total test force<\/td>\n<td width=\"380\">60kgf\u3001100kgf\u3001150kgf<\/td>\n<\/tr>\n<tr>\n<td width=\"164\">measuring ruler<\/td>\n<td width=\"380\">HRA\u3001HRB\u3001HRC\u3001HRD\u3001HRE\u3001HRF\u3001HRG\u3001HRH\u3001HRK\u3001HRL\u3001HRM\u3001HRP\u3001HRR\u3001HRS\u3001HRV<\/td>\n<\/tr>\n<tr>\n<td width=\"164\">Standards compliant<\/td>\n<td width=\"380\">GB\/T230.1, GB\/T230.2 Chinese Standard, JJG112 Verification RegulationsGB\/T2848\u3001GB\/T3773 original standard\u3001EN10109\u3001ASTM E18\u3001ISO 6508<\/td>\n<\/tr>\n<tr>\n<td width=\"164\">Alternate unit<\/td>\n<td width=\"380\">Brinell, Rockwell, Vickers<\/td>\n<\/tr>\n<tr>\n<td width=\"164\">D\u00f6n\u00fc\u015f\u00fcm standard\u0131<\/td>\n<td width=\"380\">ASTM\u3001ISO\u3001GBT<\/td>\n<\/tr>\n<tr>\n<td width=\"164\">hardness display<\/td>\n<td width=\"380\">8 inch color touch screen<\/td>\n<\/tr>\n<tr>\n<td width=\"164\">Display Accuracy (HR\uff09<\/td>\n<td width=\"380\">0.1<\/td>\n<\/tr>\n<tr>\n<td width=\"164\">hold time<\/td>\n<td width=\"380\">3-60Scan be set<\/td>\n<\/tr>\n<tr>\n<td width=\"164\">Test kuvveti d\u00f6n\u00fc\u015f\u00fcm\u00fc<\/td>\n<td width=\"380\">automatic<\/td>\n<\/tr>\n<tr>\n<td width=\"164\">Y\u00fck kontrol\u00fc<\/td>\n<td width=\"380\">automatic<\/td>\n<\/tr>\n<tr>\n<td width=\"164\">Z-axis lift system control<\/td>\n<td width=\"380\">automatic<\/td>\n<\/tr>\n<tr>\n<td width=\"164\">Z axis lifting method<\/td>\n<td width=\"380\">Jog lift, automatic lift, one-key test<\/td>\n<\/tr>\n<tr>\n<td width=\"164\">Sertlik de\u011feri kalibrasyonu<\/td>\n<td width=\"380\"><strong>\u221a<\/strong><\/td>\n<\/tr>\n<tr>\n<td width=\"164\">Ark d\u00fczeltme telafisi<\/td>\n<td width=\"380\"><strong>\u221a<\/strong><\/td>\n<\/tr>\n<tr>\n<td width=\"164\">Test kuvveti telafisi<\/td>\n<td width=\"380\"><strong>\u221a<\/strong><\/td>\n<\/tr>\n<tr>\n<td width=\"164\">Nitelikli yarg\u0131<\/td>\n<td width=\"380\"><strong>\u221a<\/strong><\/td>\n<\/tr>\n<tr>\n<td width=\"164\">Statistics<\/td>\n<td width=\"380\">Automatic calculation of maximum value, minimum value, average value, maximum error, number of tests, etc.<\/td>\n<\/tr>\n<tr>\n<td width=\"164\">data statistics<\/td>\n<td width=\"380\">Yaz\u0131c\u0131, ileti\u015fim aray\u00fcz\u00fc, PC<\/td>\n<\/tr>\n<tr>\n<td width=\"164\">Maximum height of specimen\uff08mm\uff09<\/td>\n<td width=\"380\">270<\/td>\n<\/tr>\n<tr>\n<td width=\"164\">Indenter to machine distance\uff08mm\uff09<\/td>\n<td width=\"380\">160<\/td>\n<\/tr>\n<tr>\n<td width=\"164\">Dimensions(mm)<\/td>\n<td width=\"380\">560X210X810<\/td>\n<\/tr>\n<tr>\n<td width=\"164\">G\u00dc\u00c7 KAYNA\u011eI<\/td>\n<td width=\"380\">220V\/50HZ<\/td>\n<\/tr>\n<tr>\n<td width=\"164\">Weight(Kg)<\/td>\n<td width=\"380\">100<\/td>\n<\/tr>\n<\/tbody>\n<\/table>","protected":false},"excerpt":{"rendered":"<p>The CHRTS-150Z automatic Rockwell hardness tester series is a new generation of high-tech intelligent products. It adopts a closed-loop loading control system, with high test force accuracy, good repeatability and stability of the displayed value. , novel in shape, with good reliability, operability and repeatability, and complete functions, one-key operation, automatic measurement, and clear and intuitive display. With automatic loading and unloading test force, hardness testing of a full range of Rockwell scales can be performed. The hardness tester can be equipped with an XY automatic moving platform, automatic programming, and automatic dotting, which is suitable for end quenching tests; it can be equipped with a PC computer, which can control and measure the hardness tester through multiple computers, and can perform statistical analysis on the data. test report, etc. The test report can also be customized according to the user&#8217;s requirements. Automatic operation is realized, eliminating human operation and reading errors! At the same time, the machine is also equipped with an emergency stop device.<\/p>","protected":false},"featured_media":29796,"comment_status":"open","ping_status":"closed","template":"","meta":[],"product_brand":[],"product_cat":[70,74],"product_tag":[109],"class_list":{"0":"post-29795","1":"product","2":"type-product","3":"status-publish","4":"has-post-thumbnail","6":"product_cat-hardness-tester","7":"product_cat-rockwell-hardness-tester","8":"product_tag-methods-rockwell-hardness-test","10":"first","11":"instock","12":"shipping-taxable","13":"product-type-simple"},"yoast_head":"<!-- This site is optimized with the Yoast SEO Premium plugin v25.4 (Yoast SEO v27.4) - https:\/\/yoast.com\/product\/yoast-seo-premium-wordpress\/ -->\n<title>Fully automatic Rockwell hardness tester CHRTS-150Z - hardnesstests<\/title>\n<meta name=\"robots\" content=\"index, follow, max-snippet:-1, max-image-preview:large, max-video-preview:-1\" \/>\n<link rel=\"canonical\" href=\"https:\/\/hardnesstests.com\/tr\/urun\/fully-automatic-rockwell-hardness-tester-chrts-150z\/\" \/>\n<meta property=\"og:locale\" content=\"tr_TR\" \/>\n<meta property=\"og:type\" content=\"article\" \/>\n<meta property=\"og:title\" content=\"Fully automatic Rockwell hardness tester CHRTS-150Z\" \/>\n<meta property=\"og:description\" content=\"The CHRTS-150Z automatic Rockwell hardness tester series is a new generation of high-tech intelligent products. It adopts a closed-loop loading control system, with high test force accuracy, good repeatability and stability of the displayed value. , novel in shape, with good reliability, operability and repeatability, and complete functions, one-key operation, automatic measurement, and clear and intuitive display. With automatic loading and unloading test force, hardness testing of a full range of Rockwell scales can be performed. The hardness tester can be equipped with an XY automatic moving platform, automatic programming, and automatic dotting, which is suitable for end quenching tests; it can be equipped with a PC computer, which can control and measure the hardness tester through multiple computers, and can perform statistical analysis on the data. test report, etc. The test report can also be customized according to the user&#039;s requirements. Automatic operation is realized, eliminating human operation and reading errors! At the same time, the machine is also equipped with an emergency stop device.\" \/>\n<meta property=\"og:url\" content=\"https:\/\/hardnesstests.com\/tr\/urun\/fully-automatic-rockwell-hardness-tester-chrts-150z\/\" \/>\n<meta property=\"og:site_name\" content=\"hardnesstests\" \/>\n<meta property=\"og:image\" content=\"https:\/\/hardnesstests.com\/wp-content\/uploads\/2025\/11\/CHRTS-150Z\u5168\u81ea\u52a8\u6d1b\u6c0f\u786c\u5ea6\u8ba1.jpg\" \/>\n\t<meta property=\"og:image:width\" content=\"800\" \/>\n\t<meta property=\"og:image:height\" content=\"800\" \/>\n\t<meta property=\"og:image:type\" content=\"image\/jpeg\" \/>\n<meta name=\"twitter:card\" content=\"summary_large_image\" \/>\n<meta name=\"twitter:label1\" content=\"Tahmini okuma s\u00fcresi\" \/>\n\t<meta name=\"twitter:data1\" content=\"3 dakika\" \/>\n<script type=\"application\/ld+json\" class=\"yoast-schema-graph\">{\"@context\":\"https:\\\/\\\/schema.org\",\"@graph\":[{\"@type\":\"WebPage\",\"@id\":\"https:\\\/\\\/hardnesstests.com\\\/product\\\/fully-automatic-rockwell-hardness-tester-chrts-150z\\\/\",\"url\":\"https:\\\/\\\/hardnesstests.com\\\/product\\\/fully-automatic-rockwell-hardness-tester-chrts-150z\\\/\",\"name\":\"Fully automatic Rockwell hardness tester CHRTS-150Z - hardnesstests\",\"isPartOf\":{\"@id\":\"https:\\\/\\\/hardnesstests.com\\\/tr\\\/#website\"},\"primaryImageOfPage\":{\"@id\":\"https:\\\/\\\/hardnesstests.com\\\/product\\\/fully-automatic-rockwell-hardness-tester-chrts-150z\\\/#primaryimage\"},\"image\":{\"@id\":\"https:\\\/\\\/hardnesstests.com\\\/product\\\/fully-automatic-rockwell-hardness-tester-chrts-150z\\\/#primaryimage\"},\"thumbnailUrl\":\"https:\\\/\\\/hardnesstests.com\\\/wp-content\\\/uploads\\\/2025\\\/11\\\/CHRTS-150Z\u5168\u81ea\u52a8\u6d1b\u6c0f\u786c\u5ea6\u8ba1.jpg\",\"datePublished\":\"2025-11-27T08:11:51+00:00\",\"breadcrumb\":{\"@id\":\"https:\\\/\\\/hardnesstests.com\\\/product\\\/fully-automatic-rockwell-hardness-tester-chrts-150z\\\/#breadcrumb\"},\"inLanguage\":\"tr\",\"potentialAction\":[{\"@type\":\"ReadAction\",\"target\":[\"https:\\\/\\\/hardnesstests.com\\\/product\\\/fully-automatic-rockwell-hardness-tester-chrts-150z\\\/\"]}]},{\"@type\":\"ImageObject\",\"inLanguage\":\"tr\",\"@id\":\"https:\\\/\\\/hardnesstests.com\\\/product\\\/fully-automatic-rockwell-hardness-tester-chrts-150z\\\/#primaryimage\",\"url\":\"https:\\\/\\\/hardnesstests.com\\\/wp-content\\\/uploads\\\/2025\\\/11\\\/CHRTS-150Z\u5168\u81ea\u52a8\u6d1b\u6c0f\u786c\u5ea6\u8ba1.jpg\",\"contentUrl\":\"https:\\\/\\\/hardnesstests.com\\\/wp-content\\\/uploads\\\/2025\\\/11\\\/CHRTS-150Z\u5168\u81ea\u52a8\u6d1b\u6c0f\u786c\u5ea6\u8ba1.jpg\",\"width\":800,\"height\":800,\"caption\":\"Fully automatic Rockwell hardness tester CHRTS-150Z\"},{\"@type\":\"BreadcrumbList\",\"@id\":\"https:\\\/\\\/hardnesstests.com\\\/product\\\/fully-automatic-rockwell-hardness-tester-chrts-150z\\\/#breadcrumb\",\"itemListElement\":[{\"@type\":\"ListItem\",\"position\":1,\"name\":\"\u9996\u9875\",\"item\":\"https:\\\/\\\/hardnesstests.com\\\/\"},{\"@type\":\"ListItem\",\"position\":2,\"name\":\"products\",\"item\":\"https:\\\/\\\/hardnesstests.com\\\/products\\\/\"},{\"@type\":\"ListItem\",\"position\":3,\"name\":\"Fully automatic Rockwell hardness tester CHRTS-150Z\"}]},{\"@type\":\"WebSite\",\"@id\":\"https:\\\/\\\/hardnesstests.com\\\/tr\\\/#website\",\"url\":\"https:\\\/\\\/hardnesstests.com\\\/tr\\\/\",\"name\":\"hardnesstests\",\"description\":\"\",\"publisher\":{\"@id\":\"https:\\\/\\\/hardnesstests.com\\\/tr\\\/#organization\"},\"potentialAction\":[{\"@type\":\"SearchAction\",\"target\":{\"@type\":\"EntryPoint\",\"urlTemplate\":\"https:\\\/\\\/hardnesstests.com\\\/tr\\\/?s={search_term_string}\"},\"query-input\":{\"@type\":\"PropertyValueSpecification\",\"valueRequired\":true,\"valueName\":\"search_term_string\"}}],\"inLanguage\":\"tr\"},{\"@type\":\"Organization\",\"@id\":\"https:\\\/\\\/hardnesstests.com\\\/tr\\\/#organization\",\"name\":\"hardnesstests\",\"url\":\"https:\\\/\\\/hardnesstests.com\\\/tr\\\/\",\"logo\":{\"@type\":\"ImageObject\",\"inLanguage\":\"tr\",\"@id\":\"https:\\\/\\\/hardnesstests.com\\\/tr\\\/#\\\/schema\\\/logo\\\/image\\\/\",\"url\":\"https:\\\/\\\/hardnesstests.com\\\/wp-content\\\/uploads\\\/2021\\\/08\\\/\u5fae\u4fe1\u56fe\u7247_20251029102004_335_1287.png\",\"contentUrl\":\"https:\\\/\\\/hardnesstests.com\\\/wp-content\\\/uploads\\\/2021\\\/08\\\/\u5fae\u4fe1\u56fe\u7247_20251029102004_335_1287.png\",\"width\":1308,\"height\":467,\"caption\":\"hardnesstests\"},\"image\":{\"@id\":\"https:\\\/\\\/hardnesstests.com\\\/tr\\\/#\\\/schema\\\/logo\\\/image\\\/\"}}]}<\/script>\n<!-- \/ Yoast SEO Premium plugin. -->","yoast_head_json":{"title":"Fully automatic Rockwell hardness tester CHRTS-150Z - hardnesstests","robots":{"index":"index","follow":"follow","max-snippet":"max-snippet:-1","max-image-preview":"max-image-preview:large","max-video-preview":"max-video-preview:-1"},"canonical":"https:\/\/hardnesstests.com\/tr\/urun\/fully-automatic-rockwell-hardness-tester-chrts-150z\/","og_locale":"tr_TR","og_type":"article","og_title":"Fully automatic Rockwell hardness tester CHRTS-150Z","og_description":"The CHRTS-150Z automatic Rockwell hardness tester series is a new generation of high-tech intelligent products. It adopts a closed-loop loading control system, with high test force accuracy, good repeatability and stability of the displayed value. , novel in shape, with good reliability, operability and repeatability, and complete functions, one-key operation, automatic measurement, and clear and intuitive display. With automatic loading and unloading test force, hardness testing of a full range of Rockwell scales can be performed. The hardness tester can be equipped with an XY automatic moving platform, automatic programming, and automatic dotting, which is suitable for end quenching tests; it can be equipped with a PC computer, which can control and measure the hardness tester through multiple computers, and can perform statistical analysis on the data. test report, etc. The test report can also be customized according to the user's requirements. Automatic operation is realized, eliminating human operation and reading errors! At the same time, the machine is also equipped with an emergency stop device.","og_url":"https:\/\/hardnesstests.com\/tr\/urun\/fully-automatic-rockwell-hardness-tester-chrts-150z\/","og_site_name":"hardnesstests","og_image":[{"width":800,"height":800,"url":"https:\/\/hardnesstests.com\/wp-content\/uploads\/2025\/11\/CHRTS-150Z\u5168\u81ea\u52a8\u6d1b\u6c0f\u786c\u5ea6\u8ba1.jpg","type":"image\/jpeg"}],"twitter_card":"summary_large_image","twitter_misc":{"Tahmini okuma s\u00fcresi":"3 dakika"},"schema":{"@context":"https:\/\/schema.org","@graph":[{"@type":"WebPage","@id":"https:\/\/hardnesstests.com\/product\/fully-automatic-rockwell-hardness-tester-chrts-150z\/","url":"https:\/\/hardnesstests.com\/product\/fully-automatic-rockwell-hardness-tester-chrts-150z\/","name":"Fully automatic Rockwell hardness tester CHRTS-150Z - hardnesstests","isPartOf":{"@id":"https:\/\/hardnesstests.com\/tr\/#website"},"primaryImageOfPage":{"@id":"https:\/\/hardnesstests.com\/product\/fully-automatic-rockwell-hardness-tester-chrts-150z\/#primaryimage"},"image":{"@id":"https:\/\/hardnesstests.com\/product\/fully-automatic-rockwell-hardness-tester-chrts-150z\/#primaryimage"},"thumbnailUrl":"https:\/\/hardnesstests.com\/wp-content\/uploads\/2025\/11\/CHRTS-150Z\u5168\u81ea\u52a8\u6d1b\u6c0f\u786c\u5ea6\u8ba1.jpg","datePublished":"2025-11-27T08:11:51+00:00","breadcrumb":{"@id":"https:\/\/hardnesstests.com\/product\/fully-automatic-rockwell-hardness-tester-chrts-150z\/#breadcrumb"},"inLanguage":"tr","potentialAction":[{"@type":"ReadAction","target":["https:\/\/hardnesstests.com\/product\/fully-automatic-rockwell-hardness-tester-chrts-150z\/"]}]},{"@type":"ImageObject","inLanguage":"tr","@id":"https:\/\/hardnesstests.com\/product\/fully-automatic-rockwell-hardness-tester-chrts-150z\/#primaryimage","url":"https:\/\/hardnesstests.com\/wp-content\/uploads\/2025\/11\/CHRTS-150Z\u5168\u81ea\u52a8\u6d1b\u6c0f\u786c\u5ea6\u8ba1.jpg","contentUrl":"https:\/\/hardnesstests.com\/wp-content\/uploads\/2025\/11\/CHRTS-150Z\u5168\u81ea\u52a8\u6d1b\u6c0f\u786c\u5ea6\u8ba1.jpg","width":800,"height":800,"caption":"Fully automatic Rockwell hardness tester CHRTS-150Z"},{"@type":"BreadcrumbList","@id":"https:\/\/hardnesstests.com\/product\/fully-automatic-rockwell-hardness-tester-chrts-150z\/#breadcrumb","itemListElement":[{"@type":"ListItem","position":1,"name":"\u9996\u9875","item":"https:\/\/hardnesstests.com\/"},{"@type":"ListItem","position":2,"name":"products","item":"https:\/\/hardnesstests.com\/products\/"},{"@type":"ListItem","position":3,"name":"Fully automatic Rockwell hardness tester CHRTS-150Z"}]},{"@type":"WebSite","@id":"https:\/\/hardnesstests.com\/tr\/#website","url":"https:\/\/hardnesstests.com\/tr\/","name":"hardnesstests","description":"","publisher":{"@id":"https:\/\/hardnesstests.com\/tr\/#organization"},"potentialAction":[{"@type":"SearchAction","target":{"@type":"EntryPoint","urlTemplate":"https:\/\/hardnesstests.com\/tr\/?s={search_term_string}"},"query-input":{"@type":"PropertyValueSpecification","valueRequired":true,"valueName":"search_term_string"}}],"inLanguage":"tr"},{"@type":"Organization","@id":"https:\/\/hardnesstests.com\/tr\/#organization","name":"hardnesstests","url":"https:\/\/hardnesstests.com\/tr\/","logo":{"@type":"ImageObject","inLanguage":"tr","@id":"https:\/\/hardnesstests.com\/tr\/#\/schema\/logo\/image\/","url":"https:\/\/hardnesstests.com\/wp-content\/uploads\/2021\/08\/\u5fae\u4fe1\u56fe\u7247_20251029102004_335_1287.png","contentUrl":"https:\/\/hardnesstests.com\/wp-content\/uploads\/2021\/08\/\u5fae\u4fe1\u56fe\u7247_20251029102004_335_1287.png","width":1308,"height":467,"caption":"hardnesstests"},"image":{"@id":"https:\/\/hardnesstests.com\/tr\/#\/schema\/logo\/image\/"}}]}},"_links":{"self":[{"href":"https:\/\/hardnesstests.com\/tr\/wp-json\/wp\/v2\/product\/29795","targetHints":{"allow":["GET"]}}],"collection":[{"href":"https:\/\/hardnesstests.com\/tr\/wp-json\/wp\/v2\/product"}],"about":[{"href":"https:\/\/hardnesstests.com\/tr\/wp-json\/wp\/v2\/types\/product"}],"replies":[{"embeddable":true,"href":"https:\/\/hardnesstests.com\/tr\/wp-json\/wp\/v2\/comments?post=29795"}],"version-history":[{"count":1,"href":"https:\/\/hardnesstests.com\/tr\/wp-json\/wp\/v2\/product\/29795\/revisions"}],"predecessor-version":[{"id":29797,"href":"https:\/\/hardnesstests.com\/tr\/wp-json\/wp\/v2\/product\/29795\/revisions\/29797"}],"wp:featuredmedia":[{"embeddable":true,"href":"https:\/\/hardnesstests.com\/tr\/wp-json\/wp\/v2\/media\/29796"}],"wp:attachment":[{"href":"https:\/\/hardnesstests.com\/tr\/wp-json\/wp\/v2\/media?parent=29795"}],"wp:term":[{"taxonomy":"product_brand","embeddable":true,"href":"https:\/\/hardnesstests.com\/tr\/wp-json\/wp\/v2\/product_brand?post=29795"},{"taxonomy":"product_cat","embeddable":true,"href":"https:\/\/hardnesstests.com\/tr\/wp-json\/wp\/v2\/product_cat?post=29795"},{"taxonomy":"product_tag","embeddable":true,"href":"https:\/\/hardnesstests.com\/tr\/wp-json\/wp\/v2\/product_tag?post=29795"}],"curies":[{"name":"wp","href":"https:\/\/api.w.org\/{rel}","templated":true}]}}