{"id":29786,"date":"2025-11-27T08:06:19","date_gmt":"2025-11-27T08:06:19","guid":{"rendered":"https:\/\/hardnesstests.com\/?post_type=product&#038;p=29786"},"modified":"2025-11-27T08:06:19","modified_gmt":"2025-11-27T08:06:19","slug":"%ef%bc%88chrts-150zd-%ef%bc%89fully-automatic-rockwell-hardness-tester","status":"publish","type":"product","link":"https:\/\/hardnesstests.com\/tr\/urun\/%ef%bc%88chrts-150zd-%ef%bc%89fully-automatic-rockwell-hardness-tester\/","title":{"rendered":"\uff08CHRTS-150ZD \uff09Tam otomatik Rockwell sertlik test cihaz\u0131"},"content":{"rendered":"<h1 style=\"font-weight: 400;\"><strong>Cihaz\u0131n ana fonksiyonlar\u0131 ve \u00f6zellikleri<\/strong><\/h1>\n<ol>\n<li>8 in\u00e7 LCD dokunmatik ekran, sertlik de\u011ferini, d\u00f6n\u00fc\u015ft\u00fcr\u00fclm\u00fc\u015f sertli\u011fi, test y\u00f6ntemini, test kuvvetini, parlakl\u0131\u011f\u0131, ilk test kuvveti tutma s\u00fcresini, toplam test kuvveti tutma s\u00fcresini, elastik toparlanma s\u00fcresini, \u00f6l\u00e7\u00fcm say\u0131s\u0131n\u0131, istatistiksel verileri, test s\u00fcresini ve di\u011fer test s\u00fcre\u00e7lerini sezgisel olarak g\u00f6r\u00fcnt\u00fcleyebilir. Test s\u00fcreci sezgisel ve nettir;<\/li>\n<li>Sistem, 80-120%'nin hata aral\u0131\u011f\u0131n\u0131 otomatik olarak ayarlayabilen veya cihaz\u0131 d\u00fc\u015f\u00fck ve y\u00fcksek de\u011ferlerle ayr\u0131 ayr\u0131 kalibre edebilen yerle\u015fik bir kalibrasyon i\u015flevine sahiptir<\/li>\n<li>Kavisli y\u00fczeyi test ederken, standart kavisli y\u00fczey yar\u0131\u00e7ap\u0131na g\u00f6re otomatik olarak d\u00fczeltilir;<\/li>\n<li>100 set test verisi saklayabilir ve test verilerini istedi\u011fi zaman g\u00f6r\u00fcnt\u00fcleyebilir, mevcut verileri silebilir veya t\u00fcm test verilerini temizleyebilir ve \u00fcr\u00fcn ad\u0131n\u0131 ayarlayabilir;<\/li>\n<li>Test kuvveti birimleri birbirine d\u00f6n\u00fc\u015ft\u00fcr\u00fclebilir ve d\u00f6n\u00fc\u015ft\u00fcrme birimleri \u015funlard\u0131r: (Kgf, N)<\/li>\n<li>Ayn\u0131 anda \u015funlar\u0131 g\u00f6r\u00fcnt\u00fcleyebilir: ortalama de\u011fer, test say\u0131s\u0131, \u00fcr\u00fcn ad\u0131;<\/li>\n<li>Ana aray\u00fcz ayn\u0131 anda 4 d\u00f6n\u00fc\u015ft\u00fcrme \u00f6l\u00e7e\u011fi g\u00f6r\u00fcnt\u00fcleyebilir ve a\u015fa\u011f\u0131dakiler aras\u0131nda ge\u00e7i\u015f yapabilir: ulusal standart (GB), Amerikan standard\u0131 (ASTM) ve uluslararas\u0131 (ISO) standart. Toplam 20 \u00f6l\u00e7\u00fcm skalas\u0131 d\u00f6n\u00fc\u015ft\u00fcr\u00fclebilir: HRA, HRB, HRC, HRD, HRE, HRF, HRG, HRK, HR15N, HR30N, HR45N, HR15T, HR30T, HR45T, HK, HBW, HS, HBS, HV, Rm (gerilme mukavemeti),<\/li>\n<li style=\"font-weight: 400;\">Ekran uyku s\u00fcresi ayarlanabilir ve uzun s\u00fcreli hareketsizlikten sonra otomatik olarak uyku durumuna girer, bu da \u00e7evre dostudur;<\/li>\n<li>Ana \u00f6l\u00e7\u00fcm aray\u00fcz\u00fcnde g\u00f6r\u00fcnt\u00fclenecek olan \u00f6l\u00e7\u00fcm aral\u0131\u011f\u0131n\u0131n \u00fcst ve alt s\u0131n\u0131rlar\u0131 ayarlanabilir ve niteliksiz de\u011fer otomatik olarak bir alarm verecektir;<\/li>\n<li>\u0130\u015fletim sistemi, iste\u011fe ba\u011fl\u0131 olarak de\u011fi\u015ftirilebilen 14 dile sahiptir: \u00c7ince, Geleneksel \u00c7ince, \u0130ngilizce, Rus\u00e7a, Almanca, Frans\u0131zca, \u0130spanyolca, Portekizce, T\u00fcrk\u00e7e, \u00c7ek\u00e7e, Japonca, Korece, Tayca ve Vietnamca;<\/li>\n<li>Dahili bir yaz\u0131c\u0131 ile donat\u0131lm\u0131\u015f olan test verileri, depolama ve analiz i\u00e7in USB arac\u0131l\u0131\u011f\u0131yla bir USB flash s\u00fcr\u00fcc\u00fcye de aktar\u0131labilir (iste\u011fe ba\u011fl\u0131);<\/li>\n<li>Yap\u0131 sa\u011flamd\u0131r ve deforme olmaz, saf beyaz araba boyas\u0131 y\u00fcksek derecelidir ve g\u00fc\u00e7l\u00fc \u00e7izilme direncine sahiptir. Y\u0131llarca kullan\u0131mdan sonra hala yeni gibi parlakt\u0131r;<\/li>\n<li>Firmam\u0131z ba\u011f\u0131ms\u0131z olarak geli\u015ftirme, tasarlama ve \u00fcretme yetene\u011fine sahiptir ve makinelerimiz \u00f6m\u00fcr boyu par\u00e7a de\u011fi\u015ftirme ve bak\u0131m y\u00fckseltme hizmetleri sunmaktad\u0131r;<\/li>\n<\/ol>\n<h1 style=\"font-weight: 400;\"><strong>Enstr\u00fcman\u0131n ana kullan\u0131m alanlar\u0131 ve kapsam\u0131:<\/strong><\/h1>\n<ol>\n<li style=\"font-weight: 400;\">Demir i\u00e7eren metallerin, demir i\u00e7ermeyen metallerin ve sert ala\u015f\u0131mlar\u0131n Rockwell sertli\u011fini belirleyin:<\/li>\n<li style=\"font-weight: 400;\">D\u00f6k\u00fcm, tavlanm\u0131\u015f \u00e7elik, normalize \u00e7elik, demir d\u0131\u015f\u0131 metaller ve yumu\u015fak ala\u015f\u0131mlar\u0131n Rockwell sertli\u011fi;<\/li>\n<li style=\"font-weight: 400;\">Su verme ve temperleme gibi \u0131s\u0131l i\u015flem g\u00f6rm\u00fc\u015f malzemelerin Rockwell sertli\u011fi;<\/li>\n<\/ol>\n<h1 style=\"font-weight: 400;\"><strong>Cihaz\u0131n ayr\u0131nt\u0131l\u0131 parametreleri:<\/strong><\/h1>\n<table width=\"545\">\n<tbody>\n<tr>\n<td width=\"133\">Parametre ad\u0131<\/td>\n<td width=\"412\">\u53c2\u6570\u636e<\/td>\n<\/tr>\n<tr>\n<td width=\"133\">\u0130lk test kuvveti<\/td>\n<td width=\"412\">10kgf(98.07N) \u5141\u8bb8\u8bef\u5dee\u00b12.0%<\/td>\n<\/tr>\n<tr>\n<td width=\"133\">Toplam test kuvveti<\/td>\n<td width=\"412\">60kgf\u3001100kgf\u3001150kgf<\/td>\n<\/tr>\n<tr>\n<td width=\"133\">\u00d6l\u00e7\u00fcm \u00f6l\u00e7e\u011fi<\/td>\n<td width=\"412\">HRA\u3001HRB\u3001HRC\u3001HRD\u3001HRE\u3001HRF\u3001HRG\u3001HRH\u3001HRK\u3001HRL\u3001HRM\u3001HRP\u3001HRR\u3001HRS\u3001HRV<\/td>\n<\/tr>\n<tr>\n<td width=\"133\">Standartlara uygun<\/td>\n<td width=\"412\">GB\/T230.1\u3001GB\/T230.2\u56fd\u5bb6\u6807\u51c6\u3001JJG112\u68c0\u5b9a\u89c4\u7a0b<\/p>\n<p>GB\/T2848\u3001GB\/T3773\u539f\u6807\u51c6\u3001EN10109\u3001ASTM E18\u3001ISO 6508<\/td>\n<\/tr>\n<tr>\n<td width=\"133\">D\u00f6n\u00fc\u015f\u00fcm birimi<\/td>\n<td width=\"412\">\u5e03\u6c0f\uff0c\u6d1b\u6c0f\uff0c\u7ef4\u6c0f<\/td>\n<\/tr>\n<tr>\n<td width=\"133\">D\u00f6n\u00fc\u015f\u00fcm standard\u0131<\/td>\n<td width=\"412\">Parametre verileri<\/td>\n<\/tr>\n<tr>\n<td width=\"133\">Sertlik g\u00f6stergesi<\/td>\n<td width=\"412\">10kgf (98.07N) izin verilen hata \u00b12.0%<\/td>\n<\/tr>\n<tr>\n<td width=\"133\">Ekran do\u011frulu\u011fu (HR)<\/td>\n<td width=\"412\">60kgf, 100kgf, 150kgf<\/td>\n<\/tr>\n<tr>\n<td width=\"133\">Toplam test kuvveti tutma s\u00fcresi<\/td>\n<td width=\"412\">HRA, HRB, HRC, HRD, HRE, HRF, HRG, HRH, HRK, HRL, HRM, HRP, HRR, HRS, HRV<\/td>\n<\/tr>\n<tr>\n<td width=\"133\">\u0130lk test kuvveti tutma s\u00fcresi<\/td>\n<td width=\"412\">GB\/T230.1, GB\/T230.2 ulusal standartlar\u0131, JJG112 do\u011frulama prosed\u00fcrleri<\/td>\n<\/tr>\n<tr>\n<td width=\"133\">Elastik iyile\u015fme s\u00fcresi<\/td>\n<td width=\"412\">GB\/T2848, GB\/T3773 orijinal standartlar, EN10109, ASTM E18, ISO 6508<\/td>\n<\/tr>\n<tr>\n<td width=\"133\">Test kuvveti d\u00f6n\u00fc\u015f\u00fcm\u00fc<\/td>\n<td width=\"412\">Brinell, Rockwell, Vickers<\/td>\n<\/tr>\n<tr>\n<td width=\"133\">Y\u00fckleme kontrol\u00fc<\/td>\n<td width=\"412\">ASTM, ISO, GBT<\/td>\n<\/tr>\n<tr>\n<td width=\"133\">\u0130ndenter kald\u0131rma sistemi kontrol\u00fc<\/td>\n<td width=\"412\">8 in\u00e7 renkli dokunmatik ekran<\/td>\n<\/tr>\n<tr>\n<td width=\"133\">\u0130ndenter kald\u0131rma y\u00f6ntemi<\/td>\n<td width=\"412\">0.1<\/td>\n<\/tr>\n<tr>\n<td width=\"133\">Sertlik de\u011feri kalibrasyonu<\/td>\n<td width=\"412\"><\/td>\n<\/tr>\n<tr>\n<td width=\"133\">Ark d\u00fczeltme telafisi<\/td>\n<td width=\"412\"><\/td>\n<\/tr>\n<tr>\n<td width=\"133\">Test kuvveti telafisi<\/td>\n<td width=\"412\"><\/td>\n<\/tr>\n<tr>\n<td width=\"133\">Nitelikli yarg\u0131<\/td>\n<td width=\"412\"><\/td>\n<\/tr>\n<tr>\n<td width=\"133\">Veri istatistikleri<\/td>\n<td width=\"412\">Maksimum de\u011fer, minimum de\u011fer, ortalama de\u011fer, maksimum hata, test say\u0131s\u0131 vb. otomatik olarak hesaplan\u0131r.<\/td>\n<\/tr>\n<tr>\n<td width=\"133\">Veri \u00e7\u0131k\u0131\u015f\u0131<\/td>\n<td width=\"412\">Yaz\u0131c\u0131, ileti\u015fim aray\u00fcz\u00fc, PC<\/td>\n<\/tr>\n<tr>\n<td width=\"133\">Numune platform boyutu (mm)<\/td>\n<td width=\"412\">350X320<\/td>\n<\/tr>\n<tr>\n<td width=\"133\">Maksimum numune y\u00fcksekli\u011fi (mm)<\/td>\n<td width=\"412\">170<\/td>\n<\/tr>\n<tr>\n<td width=\"133\">\u0130ndenter ile makine aras\u0131ndaki mesafe (mm)<\/td>\n<td width=\"412\">160<\/td>\n<\/tr>\n<tr>\n<td width=\"133\">Boyutlar (mm)<\/td>\n<td width=\"412\">570X320X760<\/td>\n<\/tr>\n<tr>\n<td width=\"133\">G\u00fc\u00e7 kayna\u011f\u0131<\/td>\n<td width=\"412\">220V\/50HZ<\/td>\n<\/tr>\n<tr>\n<td width=\"133\">A\u011f\u0131rl\u0131k (Kg)<\/td>\n<td width=\"412\">130kg<\/td>\n<\/tr>\n<\/tbody>\n<\/table>","protected":false},"excerpt":{"rendered":"<p>CHRTS-150ZD tam otomatik Rockwell sertlik test cihaz\u0131 serisi, kapal\u0131 d\u00f6ng\u00fc y\u00fckleme kontrol sistemi, y\u00fcksek test kuvveti do\u011frulu\u011fu, belirtilen de\u011ferin iyi tekrarlanabilirli\u011fi ve kararl\u0131l\u0131\u011f\u0131, yeni tasar\u0131m, iyi g\u00fcvenilirlik, \u00e7al\u0131\u015fabilirlik ve tekrarlanabilirlik ve eksiksiz i\u015flevler, tek tu\u015fla \u00e7al\u0131\u015ft\u0131rma, tam otomatik \u00f6l\u00e7\u00fcm, net ve sezgisel ekran kullanan yeni nesil y\u00fcksek teknolojili ak\u0131ll\u0131 \u00fcr\u00fcnlerdir. Test kuvvetinin otomatik olarak y\u00fcklenmesi ve bo\u015falt\u0131lmas\u0131, Rockwell \u00f6l\u00e7eklerinin tamam\u0131nda sertlik testleri yapmak i\u00e7in kullan\u0131labilir. Sertlik test cihaz\u0131, u\u00e7 s\u00f6nd\u00fcrme testleri i\u00e7in uygun olan iste\u011fe ba\u011fl\u0131 bir XY otomatik hareketli platform, otomatik programlama ve otomatik noktalama ile donat\u0131labilir; bir PC bilgisayar ile donat\u0131labilir ve sertlik test cihaz\u0131 birden fazla bilgisayar terminali arac\u0131l\u0131\u011f\u0131yla kontrol edilebilir ve \u00f6l\u00e7\u00fclebilir ve test raporlar\u0131 vb. d\u00fczenlemek i\u00e7in verilerin istatistiksel analizi yap\u0131labilir. Test raporu ayr\u0131ca kullan\u0131c\u0131n\u0131n gereksinimlerine g\u00f6re \u00f6zelle\u015ftirilebilir. \u0130nsan operasyonunu ve okuma hatalar\u0131n\u0131 ortadan kald\u0131ran otomatik operasyon ger\u00e7ekle\u015ftirilir! Ayn\u0131 zamanda, makine daha g\u00fcvenli olan bir acil durdurma cihaz\u0131 ile donat\u0131lm\u0131\u015ft\u0131r.<\/p>","protected":false},"featured_media":29787,"comment_status":"open","ping_status":"closed","template":"","meta":[],"product_brand":[],"product_cat":[70,74],"product_tag":[109],"class_list":{"0":"post-29786","1":"product","2":"type-product","3":"status-publish","4":"has-post-thumbnail","6":"product_cat-hardness-tester","7":"product_cat-rockwell-hardness-tester","8":"product_tag-methods-rockwell-hardness-test","10":"first","11":"instock","12":"shipping-taxable","13":"product-type-simple"},"yoast_head":"<!-- This site is optimized with the Yoast SEO Premium plugin v25.4 (Yoast SEO v27.4) - https:\/\/yoast.com\/product\/yoast-seo-premium-wordpress\/ -->\n<title>\uff08CHRTS-150ZD \uff09Fully automatic Rockwell hardness tester - hardnesstests<\/title>\n<meta name=\"robots\" content=\"index, follow, max-snippet:-1, max-image-preview:large, max-video-preview:-1\" \/>\n<link rel=\"canonical\" href=\"https:\/\/hardnesstests.com\/tr\/urun\/\uff08chrts-150zd-\uff09fully-automatic-rockwell-hardness-tester\/\" \/>\n<meta property=\"og:locale\" content=\"tr_TR\" \/>\n<meta property=\"og:type\" content=\"article\" \/>\n<meta property=\"og:title\" content=\"\uff08CHRTS-150ZD \uff09Fully automatic Rockwell hardness tester\" \/>\n<meta property=\"og:description\" content=\"CHRTS-150ZD fully automatic Rockwell hardness tester series is a new generation of high-tech intelligent products, using a closed-loop loading control system, high test force accuracy, good repeatability and stability of the indicated value, novel design, good reliability, operability and repeatability, and complete functions, one-button operation, fully automatic measurement, clear and intuitive display. Automatic loading and unloading of test force can be used to perform hardness tests on the full range of Rockwell scales. The hardness tester can be equipped with an optional XY automatic moving platform, automatic programming, and automatic dotting, which is suitable for end quenching tests; it can be equipped with a PC computer, and the hardness tester can be controlled and measured through multiple computer terminals, and statistical analysis of data can be performed to issue test reports, etc. The test report can also be customized according to the user&#039;s requirements. Automated operation is realized, eliminating human operation and reading errors! At the same time, the machine is also equipped with an emergency stop device, which is safer.\" \/>\n<meta property=\"og:url\" content=\"https:\/\/hardnesstests.com\/tr\/urun\/\uff08chrts-150zd-\uff09fully-automatic-rockwell-hardness-tester\/\" \/>\n<meta property=\"og:site_name\" content=\"hardnesstests\" \/>\n<meta property=\"og:image\" content=\"https:\/\/hardnesstests.com\/wp-content\/uploads\/2025\/11\/CHRTS-150ZD\u5168\u81ea\u52a8\u6d1b\u6c0f\u786c\u5ea6\u8ba1.jpg\" \/>\n\t<meta property=\"og:image:width\" content=\"800\" \/>\n\t<meta property=\"og:image:height\" content=\"800\" \/>\n\t<meta property=\"og:image:type\" content=\"image\/jpeg\" \/>\n<meta name=\"twitter:card\" content=\"summary_large_image\" \/>\n<meta name=\"twitter:label1\" content=\"Tahmini okuma s\u00fcresi\" \/>\n\t<meta name=\"twitter:data1\" content=\"3 dakika\" \/>\n<script type=\"application\/ld+json\" class=\"yoast-schema-graph\">{\"@context\":\"https:\\\/\\\/schema.org\",\"@graph\":[{\"@type\":\"WebPage\",\"@id\":\"https:\\\/\\\/hardnesstests.com\\\/product\\\/%ef%bc%88chrts-150zd-%ef%bc%89fully-automatic-rockwell-hardness-tester\\\/\",\"url\":\"https:\\\/\\\/hardnesstests.com\\\/product\\\/%ef%bc%88chrts-150zd-%ef%bc%89fully-automatic-rockwell-hardness-tester\\\/\",\"name\":\"\uff08CHRTS-150ZD \uff09Fully automatic Rockwell hardness tester - hardnesstests\",\"isPartOf\":{\"@id\":\"https:\\\/\\\/hardnesstests.com\\\/tr\\\/#website\"},\"primaryImageOfPage\":{\"@id\":\"https:\\\/\\\/hardnesstests.com\\\/product\\\/%ef%bc%88chrts-150zd-%ef%bc%89fully-automatic-rockwell-hardness-tester\\\/#primaryimage\"},\"image\":{\"@id\":\"https:\\\/\\\/hardnesstests.com\\\/product\\\/%ef%bc%88chrts-150zd-%ef%bc%89fully-automatic-rockwell-hardness-tester\\\/#primaryimage\"},\"thumbnailUrl\":\"https:\\\/\\\/hardnesstests.com\\\/wp-content\\\/uploads\\\/2025\\\/11\\\/CHRTS-150ZD\u5168\u81ea\u52a8\u6d1b\u6c0f\u786c\u5ea6\u8ba1.jpg\",\"datePublished\":\"2025-11-27T08:06:19+00:00\",\"breadcrumb\":{\"@id\":\"https:\\\/\\\/hardnesstests.com\\\/product\\\/%ef%bc%88chrts-150zd-%ef%bc%89fully-automatic-rockwell-hardness-tester\\\/#breadcrumb\"},\"inLanguage\":\"tr\",\"potentialAction\":[{\"@type\":\"ReadAction\",\"target\":[\"https:\\\/\\\/hardnesstests.com\\\/product\\\/%ef%bc%88chrts-150zd-%ef%bc%89fully-automatic-rockwell-hardness-tester\\\/\"]}]},{\"@type\":\"ImageObject\",\"inLanguage\":\"tr\",\"@id\":\"https:\\\/\\\/hardnesstests.com\\\/product\\\/%ef%bc%88chrts-150zd-%ef%bc%89fully-automatic-rockwell-hardness-tester\\\/#primaryimage\",\"url\":\"https:\\\/\\\/hardnesstests.com\\\/wp-content\\\/uploads\\\/2025\\\/11\\\/CHRTS-150ZD\u5168\u81ea\u52a8\u6d1b\u6c0f\u786c\u5ea6\u8ba1.jpg\",\"contentUrl\":\"https:\\\/\\\/hardnesstests.com\\\/wp-content\\\/uploads\\\/2025\\\/11\\\/CHRTS-150ZD\u5168\u81ea\u52a8\u6d1b\u6c0f\u786c\u5ea6\u8ba1.jpg\",\"width\":800,\"height\":800,\"caption\":\"\uff08CHRTS-150ZD \uff09Fully automatic Rockwell hardness tester\"},{\"@type\":\"BreadcrumbList\",\"@id\":\"https:\\\/\\\/hardnesstests.com\\\/product\\\/%ef%bc%88chrts-150zd-%ef%bc%89fully-automatic-rockwell-hardness-tester\\\/#breadcrumb\",\"itemListElement\":[{\"@type\":\"ListItem\",\"position\":1,\"name\":\"\u9996\u9875\",\"item\":\"https:\\\/\\\/hardnesstests.com\\\/\"},{\"@type\":\"ListItem\",\"position\":2,\"name\":\"products\",\"item\":\"https:\\\/\\\/hardnesstests.com\\\/products\\\/\"},{\"@type\":\"ListItem\",\"position\":3,\"name\":\"\uff08CHRTS-150ZD \uff09Fully automatic Rockwell hardness tester\"}]},{\"@type\":\"WebSite\",\"@id\":\"https:\\\/\\\/hardnesstests.com\\\/tr\\\/#website\",\"url\":\"https:\\\/\\\/hardnesstests.com\\\/tr\\\/\",\"name\":\"hardnesstests\",\"description\":\"\",\"publisher\":{\"@id\":\"https:\\\/\\\/hardnesstests.com\\\/tr\\\/#organization\"},\"potentialAction\":[{\"@type\":\"SearchAction\",\"target\":{\"@type\":\"EntryPoint\",\"urlTemplate\":\"https:\\\/\\\/hardnesstests.com\\\/tr\\\/?s={search_term_string}\"},\"query-input\":{\"@type\":\"PropertyValueSpecification\",\"valueRequired\":true,\"valueName\":\"search_term_string\"}}],\"inLanguage\":\"tr\"},{\"@type\":\"Organization\",\"@id\":\"https:\\\/\\\/hardnesstests.com\\\/tr\\\/#organization\",\"name\":\"hardnesstests\",\"url\":\"https:\\\/\\\/hardnesstests.com\\\/tr\\\/\",\"logo\":{\"@type\":\"ImageObject\",\"inLanguage\":\"tr\",\"@id\":\"https:\\\/\\\/hardnesstests.com\\\/tr\\\/#\\\/schema\\\/logo\\\/image\\\/\",\"url\":\"https:\\\/\\\/hardnesstests.com\\\/wp-content\\\/uploads\\\/2021\\\/08\\\/\u5fae\u4fe1\u56fe\u7247_20251029102004_335_1287.png\",\"contentUrl\":\"https:\\\/\\\/hardnesstests.com\\\/wp-content\\\/uploads\\\/2021\\\/08\\\/\u5fae\u4fe1\u56fe\u7247_20251029102004_335_1287.png\",\"width\":1308,\"height\":467,\"caption\":\"hardnesstests\"},\"image\":{\"@id\":\"https:\\\/\\\/hardnesstests.com\\\/tr\\\/#\\\/schema\\\/logo\\\/image\\\/\"}}]}<\/script>\n<!-- \/ Yoast SEO Premium plugin. -->","yoast_head_json":{"title":"\uff08CHRTS-150ZD \uff09Fully automatic Rockwell hardness tester - hardnesstests","robots":{"index":"index","follow":"follow","max-snippet":"max-snippet:-1","max-image-preview":"max-image-preview:large","max-video-preview":"max-video-preview:-1"},"canonical":"https:\/\/hardnesstests.com\/tr\/urun\/\uff08chrts-150zd-\uff09fully-automatic-rockwell-hardness-tester\/","og_locale":"tr_TR","og_type":"article","og_title":"\uff08CHRTS-150ZD \uff09Fully automatic Rockwell hardness tester","og_description":"CHRTS-150ZD fully automatic Rockwell hardness tester series is a new generation of high-tech intelligent products, using a closed-loop loading control system, high test force accuracy, good repeatability and stability of the indicated value, novel design, good reliability, operability and repeatability, and complete functions, one-button operation, fully automatic measurement, clear and intuitive display. Automatic loading and unloading of test force can be used to perform hardness tests on the full range of Rockwell scales. The hardness tester can be equipped with an optional XY automatic moving platform, automatic programming, and automatic dotting, which is suitable for end quenching tests; it can be equipped with a PC computer, and the hardness tester can be controlled and measured through multiple computer terminals, and statistical analysis of data can be performed to issue test reports, etc. The test report can also be customized according to the user's requirements. Automated operation is realized, eliminating human operation and reading errors! At the same time, the machine is also equipped with an emergency stop device, which is safer.","og_url":"https:\/\/hardnesstests.com\/tr\/urun\/\uff08chrts-150zd-\uff09fully-automatic-rockwell-hardness-tester\/","og_site_name":"hardnesstests","og_image":[{"width":800,"height":800,"url":"https:\/\/hardnesstests.com\/wp-content\/uploads\/2025\/11\/CHRTS-150ZD\u5168\u81ea\u52a8\u6d1b\u6c0f\u786c\u5ea6\u8ba1.jpg","type":"image\/jpeg"}],"twitter_card":"summary_large_image","twitter_misc":{"Tahmini okuma s\u00fcresi":"3 dakika"},"schema":{"@context":"https:\/\/schema.org","@graph":[{"@type":"WebPage","@id":"https:\/\/hardnesstests.com\/product\/%ef%bc%88chrts-150zd-%ef%bc%89fully-automatic-rockwell-hardness-tester\/","url":"https:\/\/hardnesstests.com\/product\/%ef%bc%88chrts-150zd-%ef%bc%89fully-automatic-rockwell-hardness-tester\/","name":"\uff08CHRTS-150ZD \uff09Fully automatic Rockwell hardness tester - hardnesstests","isPartOf":{"@id":"https:\/\/hardnesstests.com\/tr\/#website"},"primaryImageOfPage":{"@id":"https:\/\/hardnesstests.com\/product\/%ef%bc%88chrts-150zd-%ef%bc%89fully-automatic-rockwell-hardness-tester\/#primaryimage"},"image":{"@id":"https:\/\/hardnesstests.com\/product\/%ef%bc%88chrts-150zd-%ef%bc%89fully-automatic-rockwell-hardness-tester\/#primaryimage"},"thumbnailUrl":"https:\/\/hardnesstests.com\/wp-content\/uploads\/2025\/11\/CHRTS-150ZD\u5168\u81ea\u52a8\u6d1b\u6c0f\u786c\u5ea6\u8ba1.jpg","datePublished":"2025-11-27T08:06:19+00:00","breadcrumb":{"@id":"https:\/\/hardnesstests.com\/product\/%ef%bc%88chrts-150zd-%ef%bc%89fully-automatic-rockwell-hardness-tester\/#breadcrumb"},"inLanguage":"tr","potentialAction":[{"@type":"ReadAction","target":["https:\/\/hardnesstests.com\/product\/%ef%bc%88chrts-150zd-%ef%bc%89fully-automatic-rockwell-hardness-tester\/"]}]},{"@type":"ImageObject","inLanguage":"tr","@id":"https:\/\/hardnesstests.com\/product\/%ef%bc%88chrts-150zd-%ef%bc%89fully-automatic-rockwell-hardness-tester\/#primaryimage","url":"https:\/\/hardnesstests.com\/wp-content\/uploads\/2025\/11\/CHRTS-150ZD\u5168\u81ea\u52a8\u6d1b\u6c0f\u786c\u5ea6\u8ba1.jpg","contentUrl":"https:\/\/hardnesstests.com\/wp-content\/uploads\/2025\/11\/CHRTS-150ZD\u5168\u81ea\u52a8\u6d1b\u6c0f\u786c\u5ea6\u8ba1.jpg","width":800,"height":800,"caption":"\uff08CHRTS-150ZD \uff09Fully automatic Rockwell hardness tester"},{"@type":"BreadcrumbList","@id":"https:\/\/hardnesstests.com\/product\/%ef%bc%88chrts-150zd-%ef%bc%89fully-automatic-rockwell-hardness-tester\/#breadcrumb","itemListElement":[{"@type":"ListItem","position":1,"name":"\u9996\u9875","item":"https:\/\/hardnesstests.com\/"},{"@type":"ListItem","position":2,"name":"products","item":"https:\/\/hardnesstests.com\/products\/"},{"@type":"ListItem","position":3,"name":"\uff08CHRTS-150ZD \uff09Fully automatic Rockwell hardness tester"}]},{"@type":"WebSite","@id":"https:\/\/hardnesstests.com\/tr\/#website","url":"https:\/\/hardnesstests.com\/tr\/","name":"hardnesstests","description":"","publisher":{"@id":"https:\/\/hardnesstests.com\/tr\/#organization"},"potentialAction":[{"@type":"SearchAction","target":{"@type":"EntryPoint","urlTemplate":"https:\/\/hardnesstests.com\/tr\/?s={search_term_string}"},"query-input":{"@type":"PropertyValueSpecification","valueRequired":true,"valueName":"search_term_string"}}],"inLanguage":"tr"},{"@type":"Organization","@id":"https:\/\/hardnesstests.com\/tr\/#organization","name":"hardnesstests","url":"https:\/\/hardnesstests.com\/tr\/","logo":{"@type":"ImageObject","inLanguage":"tr","@id":"https:\/\/hardnesstests.com\/tr\/#\/schema\/logo\/image\/","url":"https:\/\/hardnesstests.com\/wp-content\/uploads\/2021\/08\/\u5fae\u4fe1\u56fe\u7247_20251029102004_335_1287.png","contentUrl":"https:\/\/hardnesstests.com\/wp-content\/uploads\/2021\/08\/\u5fae\u4fe1\u56fe\u7247_20251029102004_335_1287.png","width":1308,"height":467,"caption":"hardnesstests"},"image":{"@id":"https:\/\/hardnesstests.com\/tr\/#\/schema\/logo\/image\/"}}]}},"_links":{"self":[{"href":"https:\/\/hardnesstests.com\/tr\/wp-json\/wp\/v2\/product\/29786","targetHints":{"allow":["GET"]}}],"collection":[{"href":"https:\/\/hardnesstests.com\/tr\/wp-json\/wp\/v2\/product"}],"about":[{"href":"https:\/\/hardnesstests.com\/tr\/wp-json\/wp\/v2\/types\/product"}],"replies":[{"embeddable":true,"href":"https:\/\/hardnesstests.com\/tr\/wp-json\/wp\/v2\/comments?post=29786"}],"version-history":[{"count":1,"href":"https:\/\/hardnesstests.com\/tr\/wp-json\/wp\/v2\/product\/29786\/revisions"}],"predecessor-version":[{"id":29788,"href":"https:\/\/hardnesstests.com\/tr\/wp-json\/wp\/v2\/product\/29786\/revisions\/29788"}],"wp:featuredmedia":[{"embeddable":true,"href":"https:\/\/hardnesstests.com\/tr\/wp-json\/wp\/v2\/media\/29787"}],"wp:attachment":[{"href":"https:\/\/hardnesstests.com\/tr\/wp-json\/wp\/v2\/media?parent=29786"}],"wp:term":[{"taxonomy":"product_brand","embeddable":true,"href":"https:\/\/hardnesstests.com\/tr\/wp-json\/wp\/v2\/product_brand?post=29786"},{"taxonomy":"product_cat","embeddable":true,"href":"https:\/\/hardnesstests.com\/tr\/wp-json\/wp\/v2\/product_cat?post=29786"},{"taxonomy":"product_tag","embeddable":true,"href":"https:\/\/hardnesstests.com\/tr\/wp-json\/wp\/v2\/product_tag?post=29786"}],"curies":[{"name":"wp","href":"https:\/\/api.w.org\/{rel}","templated":true}]}}