{"id":29741,"date":"2025-11-27T07:06:07","date_gmt":"2025-11-27T07:06:07","guid":{"rendered":"https:\/\/hardnesstests.com\/?post_type=product&#038;p=29741"},"modified":"2025-11-27T07:06:07","modified_gmt":"2025-11-27T07:06:07","slug":"chvs-50zdigital-display-automatic-turret-type-vickers-hardness-tester","status":"publish","type":"product","link":"https:\/\/hardnesstests.com\/tr\/urun\/chvs-50zdigital-display-automatic-turret-type-vickers-hardness-tester\/","title":{"rendered":"(CHVS-50Z) Dijital ekranl\u0131 otomatik taret tipi Vickers sertlik test cihaz\u0131"},"content":{"rendered":"<h1 style=\"font-weight: 400;\"><strong>Ana fonksiyonlar ve \u00f6zellikler:<\/strong><\/h1>\n<ol>\n<li>The optical system designed by senior optical engineers not only has clear images, but also can be used as a simple microscope with adjustable brightness and comfortable vision.<\/li>\n<li>On the industrial display screen, the hardness value can be visually displayed, the hardness can be converted, the test method, the test force, the time of the charge and the number of measurements, and the test process can be intuitively understood.<\/li>\n<li style=\"font-weight: 400;\">Cast aluminum shell molding, the structure is stable and not deformed, high-grade automotive paint, anti-scratch ability, use for many years is still bright as new;<\/li>\n<li>Our company has its own R&amp;D, production and processing capabilities. Our machines provide parts replacement and maintenance upgrade services for life.<\/li>\n<li style=\"font-weight: 400;\">CHVS-50Z models can be achieved: observation &#8211; test &#8211; measurement of the position switch by the automatic turret<\/li>\n<li style=\"font-weight: 400;\">CHVS-50Z model can realize: the position switch of observation-test-measurement is completed by automatic turret;<\/li>\n<li>Equipped with a large LCD screen; the large LCD screen display is convenient for observation, and the test conditions and test process are intuitive and clear;<\/li>\n<li>Optional built-in printer; direct printing of test results and test data;<\/li>\n<\/ol>\n<h1 style=\"font-weight: 400;\"><strong>The main purpose and scope of application:<\/strong><\/h1>\n<ol>\n<li>Iron and steel, non-ferrous metals, metal foils, hard alloys, metal sheets, microstructures<\/li>\n<li>Carburizing, nitriding and decarburization layers, surface hardened layer, plating layer, coating<\/li>\n<li style=\"font-weight: 400;\">glass, wafers, ceramic materials, carbonization;<\/li>\n<\/ol>\n<p style=\"font-weight: 400;\"><strong>Technical Parameters:<\/strong><\/p>\n<table style=\"font-weight: 400;\" width=\"580\">\n<tbody>\n<tr>\n<td width=\"204\">parameter name<\/td>\n<td width=\"376\">Parametre verileri<\/td>\n<\/tr>\n<tr>\n<td width=\"204\">Vickers sertlik \u00f6l\u00e7e\u011fi<\/td>\n<td width=\"376\">HV0.3, HV0.5, HV1, HV2, HV2.5, HV3\uff0cHV5\uff0cHV10\uff0cHV20\uff0cHV30\uff0cHV50<\/td>\n<\/tr>\n<tr>\n<td width=\"204\">display<\/td>\n<td width=\"376\">5-digit hardness value, 4-digit diagonal length (D1, D2),<\/p>\n<p>Hold time, number of tests, average value, etc.<\/td>\n<\/tr>\n<tr>\n<td width=\"204\">Test force(Kgf)<\/td>\n<td width=\"376\">0.3\u30010.5\u30011\u30012\u30012.5\u30013\u30015\u300110\u300120\u300130\u300150kgf<\/td>\n<\/tr>\n<tr>\n<td width=\"204\">Test modu<\/td>\n<td width=\"376\">HV\/HK<\/td>\n<\/tr>\n<tr>\n<td width=\"204\">Objektif lensi ve indenter anahtar\u0131<\/td>\n<td width=\"376\">automatic switch<\/td>\n<\/tr>\n<tr>\n<td width=\"204\">Measurement multiple<\/td>\n<td width=\"376\">double objective lens measurement 10X,20X can be measured<\/td>\n<\/tr>\n<tr>\n<td width=\"204\">Y\u00fckleme kontrol\u00fc<\/td>\n<td width=\"376\">Automatic (load\/hold\/uninstall)<\/td>\n<\/tr>\n<tr>\n<td width=\"204\">Test force retention time(s)<\/td>\n<td width=\"376\">1\uff5e99<\/td>\n<\/tr>\n<tr>\n<td width=\"204\">Optik kanal<\/td>\n<td width=\"376\">Dual light channels (eyepieces and CCD camera channels)<\/td>\n<\/tr>\n<tr>\n<td width=\"204\">Optik sistem<\/td>\n<td width=\"376\">Objektif lens: 10\u00d7, 20\u00d7 (iste\u011fe ba\u011fl\u0131 40X) Mercek b\u00fcy\u00fctme: 10\u00d7 (iste\u011fe ba\u011fl\u0131 15X)<\/p>\n<p>Toplam b\u00fcy\u00fctme (\u03bcm): 100\u00d7, 200\u00d7 \u00d6l\u00e7\u00fcm aral\u0131\u011f\u0131 (\u03bcm): 400<\/p>\n<p>Resolution (\u03bcm): 0.125<\/td>\n<\/tr>\n<tr>\n<td width=\"204\">Language<\/td>\n<td width=\"376\">Chinese and English<\/td>\n<\/tr>\n<tr>\n<td width=\"204\">Y\u00f6netici standard\u0131<\/td>\n<td width=\"376\">ISO 6507, ASTM E92, JIS Z2244, GB\/T 4340.2<\/td>\n<\/tr>\n<tr>\n<td width=\"204\">Sertlik \u00f6l\u00e7\u00fcm aral\u0131\u011f\u0131<\/td>\n<td width=\"376\">(5-3000)HV<\/td>\n<\/tr>\n<tr>\n<td width=\"204\">XY test stand (optional)<\/td>\n<td width=\"376\">Size (mm): 100\u00d7100<\/p>\n<p>Travel range (mm): 25\u00d725<\/p>\n<p>Minimum okuma (mm): 0.01<\/td>\n<\/tr>\n<tr>\n<td width=\"204\">Maximum height of specimen (mm)<\/td>\n<td width=\"376\">165<\/td>\n<\/tr>\n<tr>\n<td width=\"204\">Maximum width of specimen (mm)<\/td>\n<td width=\"376\">130 (distance from the center line of the indenter to the wall)<\/td>\n<\/tr>\n<tr>\n<td width=\"204\">Veri \u00e7\u0131k\u0131\u015f\u0131<\/td>\n<td width=\"376\">reserved built-in micro printer interface (optional)<\/td>\n<\/tr>\n<tr>\n<td width=\"204\">voltage<\/td>\n<td width=\"376\">AC220V\/50HZ<\/td>\n<\/tr>\n<tr>\n<td width=\"204\">Toplam boyut (mm)<\/td>\n<td width=\"376\">585\u00d7200\u00d7630<\/td>\n<\/tr>\n<tr>\n<td width=\"204\">A\u011f\u0131rl\u0131k (kg)<\/td>\n<td width=\"376\">42<\/td>\n<\/tr>\n<\/tbody>\n<\/table>","protected":false},"excerpt":{"rendered":"<p>The digital display automatic turret type Vickers hardness tester is a high-tech product integrating light, machine and electricity. It adopts a closed-loop loading control system with high test force accuracy, good repeatability and stability of the displayed value. The instrument adopts a brand-new high-resolution display, the display is intuitive and clear, easy to operate, and has an energy-saving mode. Equipped with digital display micrometer eyepiece, no need to look up the table or input the diagonal of the indentation. The test force, indentation length, dwell time, number of measurements, conversion ruler, date and time are displayed on the screen intuitively, and only need to be measured during operation. Press the eyepiece button for the indentation to automatically calculate the hardness value and display it on the screen. The hardness test results are saved in real time and printed out, and the maximum, minimum and average values are automatically calculated.<\/p>","protected":false},"featured_media":29742,"comment_status":"open","ping_status":"closed","template":"","meta":[],"product_brand":[],"product_cat":[70,73],"product_tag":[106],"class_list":{"0":"post-29741","1":"product","2":"type-product","3":"status-publish","4":"has-post-thumbnail","6":"product_cat-hardness-tester","7":"product_cat-sensor-vickers-hardness-tester","8":"product_tag-sensor-vickers-hardness-tester","10":"first","11":"instock","12":"shipping-taxable","13":"product-type-simple"},"yoast_head":"<!-- This site is optimized with the Yoast SEO Premium plugin v25.4 (Yoast SEO v27.4) - https:\/\/yoast.com\/product\/yoast-seo-premium-wordpress\/ -->\n<title>(CHVS-50Z)Digital display automatic turret type Vickers hardness tester - hardnesstests<\/title>\n<meta name=\"robots\" content=\"index, follow, max-snippet:-1, max-image-preview:large, max-video-preview:-1\" \/>\n<link rel=\"canonical\" href=\"https:\/\/hardnesstests.com\/tr\/urun\/chvs-50zdigital-display-automatic-turret-type-vickers-hardness-tester\/\" \/>\n<meta property=\"og:locale\" content=\"tr_TR\" \/>\n<meta property=\"og:type\" content=\"article\" \/>\n<meta property=\"og:title\" content=\"(CHVS-50Z)Digital display automatic turret type Vickers hardness tester\" \/>\n<meta property=\"og:description\" content=\"The digital display automatic turret type Vickers hardness tester is a high-tech product integrating light, machine and electricity. It adopts a closed-loop loading control system with high test force accuracy, good repeatability and stability of the displayed value. The instrument adopts a brand-new high-resolution display, the display is intuitive and clear, easy to operate, and has an energy-saving mode. Equipped with digital display micrometer eyepiece, no need to look up the table or input the diagonal of the indentation. The test force, indentation length, dwell time, number of measurements, conversion ruler, date and time are displayed on the screen intuitively, and only need to be measured during operation. Press the eyepiece button for the indentation to automatically calculate the hardness value and display it on the screen. The hardness test results are saved in real time and printed out, and the maximum, minimum and average values are automatically calculated.\" \/>\n<meta property=\"og:url\" content=\"https:\/\/hardnesstests.com\/tr\/urun\/chvs-50zdigital-display-automatic-turret-type-vickers-hardness-tester\/\" \/>\n<meta property=\"og:site_name\" content=\"hardnesstests\" \/>\n<meta property=\"og:image\" content=\"https:\/\/hardnesstests.com\/wp-content\/uploads\/2025\/11\/CHVS-50Z-\u6570\u663e\u81ea\u52a8\u8f6c\u5854\u5f0f.jpg\" \/>\n\t<meta property=\"og:image:width\" content=\"800\" \/>\n\t<meta property=\"og:image:height\" content=\"800\" \/>\n\t<meta property=\"og:image:type\" content=\"image\/jpeg\" \/>\n<meta name=\"twitter:card\" content=\"summary_large_image\" \/>\n<meta name=\"twitter:label1\" content=\"Tahmini okuma s\u00fcresi\" \/>\n\t<meta name=\"twitter:data1\" content=\"2 dakika\" \/>\n<script type=\"application\/ld+json\" class=\"yoast-schema-graph\">{\"@context\":\"https:\\\/\\\/schema.org\",\"@graph\":[{\"@type\":\"WebPage\",\"@id\":\"https:\\\/\\\/hardnesstests.com\\\/product\\\/chvs-50zdigital-display-automatic-turret-type-vickers-hardness-tester\\\/\",\"url\":\"https:\\\/\\\/hardnesstests.com\\\/product\\\/chvs-50zdigital-display-automatic-turret-type-vickers-hardness-tester\\\/\",\"name\":\"(CHVS-50Z)Digital display automatic turret type Vickers hardness tester - hardnesstests\",\"isPartOf\":{\"@id\":\"https:\\\/\\\/hardnesstests.com\\\/tr\\\/#website\"},\"primaryImageOfPage\":{\"@id\":\"https:\\\/\\\/hardnesstests.com\\\/product\\\/chvs-50zdigital-display-automatic-turret-type-vickers-hardness-tester\\\/#primaryimage\"},\"image\":{\"@id\":\"https:\\\/\\\/hardnesstests.com\\\/product\\\/chvs-50zdigital-display-automatic-turret-type-vickers-hardness-tester\\\/#primaryimage\"},\"thumbnailUrl\":\"https:\\\/\\\/hardnesstests.com\\\/wp-content\\\/uploads\\\/2025\\\/11\\\/CHVS-50Z-\u6570\u663e\u81ea\u52a8\u8f6c\u5854\u5f0f.jpg\",\"datePublished\":\"2025-11-27T07:06:07+00:00\",\"breadcrumb\":{\"@id\":\"https:\\\/\\\/hardnesstests.com\\\/product\\\/chvs-50zdigital-display-automatic-turret-type-vickers-hardness-tester\\\/#breadcrumb\"},\"inLanguage\":\"tr\",\"potentialAction\":[{\"@type\":\"ReadAction\",\"target\":[\"https:\\\/\\\/hardnesstests.com\\\/product\\\/chvs-50zdigital-display-automatic-turret-type-vickers-hardness-tester\\\/\"]}]},{\"@type\":\"ImageObject\",\"inLanguage\":\"tr\",\"@id\":\"https:\\\/\\\/hardnesstests.com\\\/product\\\/chvs-50zdigital-display-automatic-turret-type-vickers-hardness-tester\\\/#primaryimage\",\"url\":\"https:\\\/\\\/hardnesstests.com\\\/wp-content\\\/uploads\\\/2025\\\/11\\\/CHVS-50Z-\u6570\u663e\u81ea\u52a8\u8f6c\u5854\u5f0f.jpg\",\"contentUrl\":\"https:\\\/\\\/hardnesstests.com\\\/wp-content\\\/uploads\\\/2025\\\/11\\\/CHVS-50Z-\u6570\u663e\u81ea\u52a8\u8f6c\u5854\u5f0f.jpg\",\"width\":800,\"height\":800,\"caption\":\"(CHVS-50Z)Digital display automatic turret type Vickers hardness tester\"},{\"@type\":\"BreadcrumbList\",\"@id\":\"https:\\\/\\\/hardnesstests.com\\\/product\\\/chvs-50zdigital-display-automatic-turret-type-vickers-hardness-tester\\\/#breadcrumb\",\"itemListElement\":[{\"@type\":\"ListItem\",\"position\":1,\"name\":\"\u9996\u9875\",\"item\":\"https:\\\/\\\/hardnesstests.com\\\/\"},{\"@type\":\"ListItem\",\"position\":2,\"name\":\"products\",\"item\":\"https:\\\/\\\/hardnesstests.com\\\/products\\\/\"},{\"@type\":\"ListItem\",\"position\":3,\"name\":\"(CHVS-50Z)Digital display automatic turret type Vickers hardness tester\"}]},{\"@type\":\"WebSite\",\"@id\":\"https:\\\/\\\/hardnesstests.com\\\/tr\\\/#website\",\"url\":\"https:\\\/\\\/hardnesstests.com\\\/tr\\\/\",\"name\":\"hardnesstests\",\"description\":\"\",\"publisher\":{\"@id\":\"https:\\\/\\\/hardnesstests.com\\\/tr\\\/#organization\"},\"potentialAction\":[{\"@type\":\"SearchAction\",\"target\":{\"@type\":\"EntryPoint\",\"urlTemplate\":\"https:\\\/\\\/hardnesstests.com\\\/tr\\\/?s={search_term_string}\"},\"query-input\":{\"@type\":\"PropertyValueSpecification\",\"valueRequired\":true,\"valueName\":\"search_term_string\"}}],\"inLanguage\":\"tr\"},{\"@type\":\"Organization\",\"@id\":\"https:\\\/\\\/hardnesstests.com\\\/tr\\\/#organization\",\"name\":\"hardnesstests\",\"url\":\"https:\\\/\\\/hardnesstests.com\\\/tr\\\/\",\"logo\":{\"@type\":\"ImageObject\",\"inLanguage\":\"tr\",\"@id\":\"https:\\\/\\\/hardnesstests.com\\\/tr\\\/#\\\/schema\\\/logo\\\/image\\\/\",\"url\":\"https:\\\/\\\/hardnesstests.com\\\/wp-content\\\/uploads\\\/2021\\\/08\\\/\u5fae\u4fe1\u56fe\u7247_20251029102004_335_1287.png\",\"contentUrl\":\"https:\\\/\\\/hardnesstests.com\\\/wp-content\\\/uploads\\\/2021\\\/08\\\/\u5fae\u4fe1\u56fe\u7247_20251029102004_335_1287.png\",\"width\":1308,\"height\":467,\"caption\":\"hardnesstests\"},\"image\":{\"@id\":\"https:\\\/\\\/hardnesstests.com\\\/tr\\\/#\\\/schema\\\/logo\\\/image\\\/\"}}]}<\/script>\n<!-- \/ Yoast SEO Premium plugin. -->","yoast_head_json":{"title":"(CHVS-50Z)Digital display automatic turret type Vickers hardness tester - hardnesstests","robots":{"index":"index","follow":"follow","max-snippet":"max-snippet:-1","max-image-preview":"max-image-preview:large","max-video-preview":"max-video-preview:-1"},"canonical":"https:\/\/hardnesstests.com\/tr\/urun\/chvs-50zdigital-display-automatic-turret-type-vickers-hardness-tester\/","og_locale":"tr_TR","og_type":"article","og_title":"(CHVS-50Z)Digital display automatic turret type Vickers hardness tester","og_description":"The digital display automatic turret type Vickers hardness tester is a high-tech product integrating light, machine and electricity. It adopts a closed-loop loading control system with high test force accuracy, good repeatability and stability of the displayed value. The instrument adopts a brand-new high-resolution display, the display is intuitive and clear, easy to operate, and has an energy-saving mode. Equipped with digital display micrometer eyepiece, no need to look up the table or input the diagonal of the indentation. The test force, indentation length, dwell time, number of measurements, conversion ruler, date and time are displayed on the screen intuitively, and only need to be measured during operation. Press the eyepiece button for the indentation to automatically calculate the hardness value and display it on the screen. The hardness test results are saved in real time and printed out, and the maximum, minimum and average values are automatically calculated.","og_url":"https:\/\/hardnesstests.com\/tr\/urun\/chvs-50zdigital-display-automatic-turret-type-vickers-hardness-tester\/","og_site_name":"hardnesstests","og_image":[{"width":800,"height":800,"url":"https:\/\/hardnesstests.com\/wp-content\/uploads\/2025\/11\/CHVS-50Z-\u6570\u663e\u81ea\u52a8\u8f6c\u5854\u5f0f.jpg","type":"image\/jpeg"}],"twitter_card":"summary_large_image","twitter_misc":{"Tahmini okuma s\u00fcresi":"2 dakika"},"schema":{"@context":"https:\/\/schema.org","@graph":[{"@type":"WebPage","@id":"https:\/\/hardnesstests.com\/product\/chvs-50zdigital-display-automatic-turret-type-vickers-hardness-tester\/","url":"https:\/\/hardnesstests.com\/product\/chvs-50zdigital-display-automatic-turret-type-vickers-hardness-tester\/","name":"(CHVS-50Z)Digital display automatic turret type Vickers hardness tester - hardnesstests","isPartOf":{"@id":"https:\/\/hardnesstests.com\/tr\/#website"},"primaryImageOfPage":{"@id":"https:\/\/hardnesstests.com\/product\/chvs-50zdigital-display-automatic-turret-type-vickers-hardness-tester\/#primaryimage"},"image":{"@id":"https:\/\/hardnesstests.com\/product\/chvs-50zdigital-display-automatic-turret-type-vickers-hardness-tester\/#primaryimage"},"thumbnailUrl":"https:\/\/hardnesstests.com\/wp-content\/uploads\/2025\/11\/CHVS-50Z-\u6570\u663e\u81ea\u52a8\u8f6c\u5854\u5f0f.jpg","datePublished":"2025-11-27T07:06:07+00:00","breadcrumb":{"@id":"https:\/\/hardnesstests.com\/product\/chvs-50zdigital-display-automatic-turret-type-vickers-hardness-tester\/#breadcrumb"},"inLanguage":"tr","potentialAction":[{"@type":"ReadAction","target":["https:\/\/hardnesstests.com\/product\/chvs-50zdigital-display-automatic-turret-type-vickers-hardness-tester\/"]}]},{"@type":"ImageObject","inLanguage":"tr","@id":"https:\/\/hardnesstests.com\/product\/chvs-50zdigital-display-automatic-turret-type-vickers-hardness-tester\/#primaryimage","url":"https:\/\/hardnesstests.com\/wp-content\/uploads\/2025\/11\/CHVS-50Z-\u6570\u663e\u81ea\u52a8\u8f6c\u5854\u5f0f.jpg","contentUrl":"https:\/\/hardnesstests.com\/wp-content\/uploads\/2025\/11\/CHVS-50Z-\u6570\u663e\u81ea\u52a8\u8f6c\u5854\u5f0f.jpg","width":800,"height":800,"caption":"(CHVS-50Z)Digital display automatic turret type Vickers hardness tester"},{"@type":"BreadcrumbList","@id":"https:\/\/hardnesstests.com\/product\/chvs-50zdigital-display-automatic-turret-type-vickers-hardness-tester\/#breadcrumb","itemListElement":[{"@type":"ListItem","position":1,"name":"\u9996\u9875","item":"https:\/\/hardnesstests.com\/"},{"@type":"ListItem","position":2,"name":"products","item":"https:\/\/hardnesstests.com\/products\/"},{"@type":"ListItem","position":3,"name":"(CHVS-50Z)Digital display automatic turret type Vickers hardness tester"}]},{"@type":"WebSite","@id":"https:\/\/hardnesstests.com\/tr\/#website","url":"https:\/\/hardnesstests.com\/tr\/","name":"hardnesstests","description":"","publisher":{"@id":"https:\/\/hardnesstests.com\/tr\/#organization"},"potentialAction":[{"@type":"SearchAction","target":{"@type":"EntryPoint","urlTemplate":"https:\/\/hardnesstests.com\/tr\/?s={search_term_string}"},"query-input":{"@type":"PropertyValueSpecification","valueRequired":true,"valueName":"search_term_string"}}],"inLanguage":"tr"},{"@type":"Organization","@id":"https:\/\/hardnesstests.com\/tr\/#organization","name":"hardnesstests","url":"https:\/\/hardnesstests.com\/tr\/","logo":{"@type":"ImageObject","inLanguage":"tr","@id":"https:\/\/hardnesstests.com\/tr\/#\/schema\/logo\/image\/","url":"https:\/\/hardnesstests.com\/wp-content\/uploads\/2021\/08\/\u5fae\u4fe1\u56fe\u7247_20251029102004_335_1287.png","contentUrl":"https:\/\/hardnesstests.com\/wp-content\/uploads\/2021\/08\/\u5fae\u4fe1\u56fe\u7247_20251029102004_335_1287.png","width":1308,"height":467,"caption":"hardnesstests"},"image":{"@id":"https:\/\/hardnesstests.com\/tr\/#\/schema\/logo\/image\/"}}]}},"_links":{"self":[{"href":"https:\/\/hardnesstests.com\/tr\/wp-json\/wp\/v2\/product\/29741","targetHints":{"allow":["GET"]}}],"collection":[{"href":"https:\/\/hardnesstests.com\/tr\/wp-json\/wp\/v2\/product"}],"about":[{"href":"https:\/\/hardnesstests.com\/tr\/wp-json\/wp\/v2\/types\/product"}],"replies":[{"embeddable":true,"href":"https:\/\/hardnesstests.com\/tr\/wp-json\/wp\/v2\/comments?post=29741"}],"version-history":[{"count":1,"href":"https:\/\/hardnesstests.com\/tr\/wp-json\/wp\/v2\/product\/29741\/revisions"}],"predecessor-version":[{"id":29743,"href":"https:\/\/hardnesstests.com\/tr\/wp-json\/wp\/v2\/product\/29741\/revisions\/29743"}],"wp:featuredmedia":[{"embeddable":true,"href":"https:\/\/hardnesstests.com\/tr\/wp-json\/wp\/v2\/media\/29742"}],"wp:attachment":[{"href":"https:\/\/hardnesstests.com\/tr\/wp-json\/wp\/v2\/media?parent=29741"}],"wp:term":[{"taxonomy":"product_brand","embeddable":true,"href":"https:\/\/hardnesstests.com\/tr\/wp-json\/wp\/v2\/product_brand?post=29741"},{"taxonomy":"product_cat","embeddable":true,"href":"https:\/\/hardnesstests.com\/tr\/wp-json\/wp\/v2\/product_cat?post=29741"},{"taxonomy":"product_tag","embeddable":true,"href":"https:\/\/hardnesstests.com\/tr\/wp-json\/wp\/v2\/product_tag?post=29741"}],"curies":[{"name":"wp","href":"https:\/\/api.w.org\/{rel}","templated":true}]}}