{"id":29723,"date":"2025-11-27T06:28:38","date_gmt":"2025-11-27T06:28:38","guid":{"rendered":"https:\/\/hardnesstests.com\/?post_type=product&#038;p=29723"},"modified":"2025-11-27T06:28:38","modified_gmt":"2025-11-27T06:28:38","slug":"chv-30z-vickers-hardness-tester","status":"publish","type":"product","link":"https:\/\/hardnesstests.com\/tr\/urun\/chv-30z-vickers-hardness-tester\/","title":{"rendered":"(CHV-30Z) Vickers Sertlik Test Cihaz\u0131"},"content":{"rendered":"<h1 style=\"font-weight: 400;\"><strong>Makinenin ana fonksiyonlar\u0131 ve \u00f6zellikleri:<\/strong><\/h1>\n<ol>\n<li style=\"font-weight: 400;\">\u00dcst d\u00fczey optik m\u00fchendisleri taraf\u0131ndan tasarlanan optik sistem sadece net g\u00f6r\u00fcnt\u00fclere sahip olmakla kalmaz, ayn\u0131 zamanda basit bir mikroskop olarak da kullan\u0131labilir. Parlakl\u0131k ayarlanabilir, g\u00f6r\u00fc\u015f rahatt\u0131r ve uzun s\u00fcreli \u00e7al\u0131\u015fmadan sonra yorulmak kolay de\u011fildir;<\/li>\n<li style=\"font-weight: 400;\">End\u00fcstriyel ekran, test y\u00f6ntemini, test kuvvetini, \u00f6l\u00e7\u00fclen girinti uzunlu\u011funu, sertlik de\u011ferini, test kuvveti tutma s\u00fcresini ve \u00f6l\u00e7\u00fcm say\u0131s\u0131n\u0131 g\u00f6r\u00fcnt\u00fcleyebilir;<\/li>\n<li style=\"font-weight: 400;\">D\u00f6kme al\u00fcminyum kabuk tek ad\u0131mda olu\u015fturulur, yap\u0131 sabittir ve deforme olmaz, araba boyas\u0131 y\u00fcksek derecelidir ve \u00e7izilme direnci g\u00fc\u00e7l\u00fcd\u00fcr. Y\u0131llarca kullan\u0131mdan sonra hala yeni gibi parlakt\u0131r;<\/li>\n<li style=\"font-weight: 400;\">Firmam\u0131z ba\u011f\u0131ms\u0131z olarak geli\u015ftirme, tasarlama, \u00fcretme ve i\u015fleme yetene\u011fine sahiptir ve makinelerimiz \u00f6m\u00fcr boyu par\u00e7a de\u011fi\u015ftirme ve bak\u0131m y\u00fckseltme hizmetleri sunmaktad\u0131r;<\/li>\n<li style=\"font-weight: 400;\">CHV-30Z modeli, sertlik de\u011ferini elde etmek i\u00e7in \u00f6l\u00e7\u00fclen girinti uzunlu\u011funu d\u00fc\u011fmeye girebilir;<\/li>\n<li style=\"font-weight: 400;\">CHV-30Z modeli \u015funlar\u0131 ba\u015farabilir: g\u00f6zlem-test-\u00f6l\u00e7\u00fcm pozisyonu ge\u00e7i\u015fi otomatik taret taraf\u0131ndan tamamlan\u0131r;<\/li>\n<\/ol>\n<h1 style=\"font-weight: 400;\"><strong>Ana kullan\u0131m alanlar\u0131 ve uygulama kapsam\u0131:<\/strong><\/h1>\n<ol>\n<li style=\"font-weight: 400;\">\u00c7elik, demir d\u0131\u015f\u0131 metaller, metal folyo, semente karb\u00fcr, metal levha, mikroyap\u0131, karb\u00fcrizasyon;<\/li>\n<li style=\"font-weight: 400;\">Karb\u00fcrleme, nitr\u00fcrleme ve dekarb\u00fcrleme katmanlar\u0131, y\u00fczey sertle\u015ftirme katmanlar\u0131, elektrokaplama katmanlar\u0131, kaplamalar, \u0131s\u0131l i\u015flem;<\/li>\n<li style=\"font-weight: 400;\">Cam, gofret, seramik malzemeler;<\/li>\n<\/ol>\n<h1 style=\"font-weight: 400;\"><strong>Teknik Parametreler\uff1a<\/strong><\/h1>\n<table>\n<tbody>\n<tr>\n<td width=\"151\">Parametre ad\u0131<\/td>\n<td width=\"378\">Parametre verileri<\/td>\n<\/tr>\n<tr>\n<td width=\"151\">Vickers sertlik \u00f6l\u00e7e\u011fi<\/td>\n<td width=\"378\">HV0.2,HV0.3,HV0.5,HV1,HV2\uff0cHV2.5,HV3\uff0cHV5\uff0cHV10\uff0cHV20.HV30<\/td>\n<\/tr>\n<tr>\n<td width=\"151\">Ekran<\/td>\n<td width=\"378\">4 basamakl\u0131 sertlik de\u011feri, 4 basamakl\u0131 diyagonal uzunluk (D1, D2),<\/p>\n<p>bekletme s\u00fcresi, test say\u0131s\u0131, d\u00f6n\u00fc\u015ft\u00fcrme \u00f6l\u00e7e\u011fi, \u0131\u015f\u0131k parlakl\u0131\u011f\u0131, test kuvveti<\/td>\n<\/tr>\n<tr>\n<td width=\"151\">Test kuvveti (Kgf)<\/td>\n<td width=\"378\">0.2\u30010.3\u30010.5\u30011\u30012\u30012.5\u30013\u30015\u300110\u300120\u300130kgf<\/td>\n<\/tr>\n<tr>\n<td width=\"151\">Test modu<\/td>\n<td width=\"378\">HV\/HK<\/td>\n<\/tr>\n<tr>\n<td width=\"151\">Objektif lensi ve indenter anahtar\u0131<\/td>\n<td width=\"378\">Otomatik anahtarlama<\/td>\n<\/tr>\n<tr>\n<td width=\"151\">\u00d6l\u00e7\u00fcm b\u00fcy\u00fctme<\/td>\n<td width=\"378\">\u00c7ift objektif lens \u00f6l\u00e7\u00fcm\u00fc 10X ve 20X \u00f6l\u00e7\u00fcm yapabilir<\/td>\n<\/tr>\n<tr>\n<td width=\"151\">Y\u00fckleme kontrol\u00fc<\/td>\n<td width=\"378\">Otomatik (y\u00fckleme\/tutma\/bo\u015faltma)<\/td>\n<\/tr>\n<tr>\n<td width=\"151\">Test kuvveti tutma s\u00fcresi (s)<\/td>\n<td width=\"378\">1~98<\/td>\n<\/tr>\n<tr>\n<td width=\"151\">Optik kanal<\/td>\n<td width=\"378\">Otomatik (y\u00fckleme\/tutma\/bo\u015faltma<\/td>\n<\/tr>\n<tr>\n<td width=\"151\">Optik sistem<\/td>\n<td width=\"378\">Objektif lens: 10\u00d7, 20\u00d7 (iste\u011fe ba\u011fl\u0131 40X) Mercek b\u00fcy\u00fctme: 10\u00d7 (iste\u011fe ba\u011fl\u0131 15X)<\/p>\n<p>Toplam b\u00fcy\u00fctme (\u03bcm): 100\u00d7, 200\u00d7 \u00d6l\u00e7\u00fcm aral\u0131\u011f\u0131 (\u03bcm): 400<\/p>\n<p>\u00c7\u00f6z\u00fcn\u00fcrl\u00fck (\u03bcm): 0.5<\/td>\n<\/tr>\n<tr>\n<td width=\"151\">Y\u00fcr\u00fctme standard\u0131<\/td>\n<td width=\"378\">ISO 6507\uff0cASTM E92\uff0cJIS Z2244\uff0cGB\/T 4340.2<\/td>\n<\/tr>\n<tr>\n<td width=\"151\">Sertlik \u00f6l\u00e7\u00fcm aral\u0131\u011f\u0131<\/td>\n<td width=\"378\">(5-9999)HV<\/td>\n<\/tr>\n<tr>\n<td width=\"151\">XY test masas\u0131 (iste\u011fe ba\u011fl\u0131)<\/td>\n<td width=\"378\">Boyut (mm): 100\u00d7100 Hareket aral\u0131\u011f\u0131 (mm): 25\u00d725<\/p>\n<p>Minimum okuma (mm): 0.01<\/td>\n<\/tr>\n<tr>\n<td width=\"151\">Maksimum test par\u00e7as\u0131 y\u00fcksekli\u011fi (mm)<\/td>\n<td width=\"378\">165<\/td>\n<\/tr>\n<tr>\n<td width=\"151\">Maksimum test par\u00e7as\u0131 geni\u015fli\u011fi (mm)<\/td>\n<td width=\"378\">130 (Bas\u0131n\u00e7 kafas\u0131n\u0131n merkez hatt\u0131ndan makine duvar\u0131na olan mesafe)<\/td>\n<\/tr>\n<tr>\n<td width=\"151\">G\u00fc\u00e7 kayna\u011f\u0131 gerilimi<\/td>\n<td width=\"378\">AC220V\/50HZ<\/td>\n<\/tr>\n<tr>\n<td width=\"151\">Boyutlar (mm)<\/td>\n<td width=\"378\">585\u00d7200\u00d7630<\/td>\n<\/tr>\n<tr>\n<td width=\"151\">A\u011f\u0131rl\u0131k (kg)<\/td>\n<td width=\"378\">42<\/td>\n<\/tr>\n<\/tbody>\n<\/table>\n<h1 style=\"font-weight: 500;\"><strong>Standart Konfig\u00fcrasyon<\/strong><\/h1>\n<table>\n<tbody>\n<tr>\n<td width=\"308\">Ana \u00fcnite<\/td>\n<td width=\"238\">1 birim<\/td>\n<\/tr>\n<tr>\n<td width=\"308\">B\u00fcy\u00fck ve orta boy \u201cV\u201d test tezgah\u0131<\/td>\n<td width=\"238\">1 adet<\/td>\n<\/tr>\n<tr>\n<td width=\"308\">Yatay ayar vidas\u0131<\/td>\n<td width=\"238\">4 adet<\/td>\n<\/tr>\n<tr>\n<td width=\"308\">G\u00fc\u00e7 kablosu<\/td>\n<td width=\"238\">1 \u00e7ubuk<\/td>\n<\/tr>\n<tr>\n<td width=\"308\">10X mikrometre g\u00f6z merce\u011fi<\/td>\n<td width=\"238\">1 adet<\/td>\n<\/tr>\n<tr>\n<td width=\"308\">Vickers sertlik blo\u011fu<\/td>\n<td width=\"238\">2 adet<\/td>\n<\/tr>\n<tr>\n<td width=\"308\">2A yedek sigorta<\/td>\n<td width=\"238\">2 adet<\/td>\n<\/tr>\n<tr>\n<td width=\"308\">\u00dcr\u00fcn sertifikas\u0131<\/td>\n<td width=\"238\">1 porsiyon<\/td>\n<\/tr>\n<tr>\n<td width=\"308\">\u00dcr\u00fcn kullan\u0131m k\u0131lavuzu<\/td>\n<td width=\"238\">1 porsiyon<\/td>\n<\/tr>\n<\/tbody>\n<\/table>\n<p style=\"font-weight: 400;\"><strong>Not: \u0130ste\u011fe ba\u011fl\u0131 sertlik test cihaz\u0131 \u00f6l\u00e7\u00fcm yaz\u0131l\u0131m\u0131, insan hatalar\u0131n\u0131, bilgisayar i\u015flemlerini ortadan kald\u0131rabilir, verimlili\u011fi art\u0131rabilir ve daha hassas do\u011fruluk elde edebilir.<\/strong><\/p>","protected":false},"excerpt":{"rendered":"<p>Vickers Sertlik Test Cihaz\u0131 optik, mekanik ve elektroni\u011fi entegre eden y\u00fcksek teknoloji \u00fcr\u00fcn\u00fc bir cihazd\u0131r. Y\u00fcksek test kuvveti do\u011frulu\u011fu, iyi tekrarlanabilirlik ve g\u00f6r\u00fcnt\u00fclenen de\u011ferin kararl\u0131l\u0131\u011f\u0131 ile kapal\u0131 d\u00f6ng\u00fc y\u00fckleme kontrol sistemini benimser. Cihaz\u0131n ekran\u0131 sezgisel ve nettir, kullan\u0131m\u0131 kolayd\u0131r ve enerji tasarrufu moduna sahiptir. Y\u00fcksek b\u00fcy\u00fctmeli optik \u00f6l\u00e7\u00fcm sistemi ve optik \u00e7ift kanall\u0131 yap\u0131n\u0131n yan\u0131 s\u0131ra fotoelektrik ve fotokupl\u00f6r sens\u00f6rleri gibi yeni teknolojilere sahiptir. Tu\u015f i\u015flemi sayesinde, \u00f6l\u00e7\u00fclen girintinin uzunlu\u011fu tu\u015fa girilebilir ve sertlik de\u011feri, d\u00f6n\u00fc\u015ft\u00fcrme \u00f6l\u00e7e\u011fi, test kuvveti, test kuvveti tutma s\u00fcresi ve \u00f6l\u00e7\u00fcm say\u0131s\u0131 ekranda g\u00f6r\u00fcnt\u00fclenebilir.<\/p>","protected":false},"featured_media":29724,"comment_status":"open","ping_status":"closed","template":"","meta":[],"product_brand":[],"product_cat":[70,73],"product_tag":[106],"class_list":{"0":"post-29723","1":"product","2":"type-product","3":"status-publish","4":"has-post-thumbnail","6":"product_cat-hardness-tester","7":"product_cat-sensor-vickers-hardness-tester","8":"product_tag-sensor-vickers-hardness-tester","10":"first","11":"instock","12":"shipping-taxable","13":"product-type-simple"},"yoast_head":"<!-- This site is optimized with the Yoast SEO Premium plugin v25.4 (Yoast SEO v27.4) - https:\/\/yoast.com\/product\/yoast-seo-premium-wordpress\/ -->\n<title>(CHV-30Z) Vickers Hardness Tester - hardnesstests<\/title>\n<meta name=\"robots\" content=\"index, follow, max-snippet:-1, max-image-preview:large, max-video-preview:-1\" \/>\n<link rel=\"canonical\" href=\"https:\/\/hardnesstests.com\/tr\/urun\/chv-30z-vickers-hardness-tester\/\" \/>\n<meta property=\"og:locale\" content=\"tr_TR\" \/>\n<meta property=\"og:type\" content=\"article\" \/>\n<meta property=\"og:title\" content=\"(CHV-30Z) Vickers Hardness Tester\" \/>\n<meta property=\"og:description\" content=\"The Vickers Hardness Tester is a high-tech product integrating optics, mechanics and electronics. It adopts a closed-loop loading control system, with high test force accuracy, good repeatability and stability of the displayed value. The display screen of the instrument is intuitive and clear, easy to operate, and has an energy-saving mode. It has a high-magnification optical measurement system and an optical dual-channel structure, as well as new technologies such as photoelectric and photocoupler sensors. Through key operation, the length of the measured indentation can be input on the key, and the hardness value, conversion scale, test force, test force holding time and number of measurements can be displayed on the screen.\" \/>\n<meta property=\"og:url\" content=\"https:\/\/hardnesstests.com\/tr\/urun\/chv-30z-vickers-hardness-tester\/\" \/>\n<meta property=\"og:site_name\" content=\"hardnesstests\" \/>\n<meta property=\"og:image\" content=\"https:\/\/hardnesstests.com\/wp-content\/uploads\/2025\/11\/CHV-30Z\u7ef4\u6c0f\u786c\u5ea6\u8ba1.jpg\" \/>\n\t<meta property=\"og:image:width\" content=\"800\" \/>\n\t<meta property=\"og:image:height\" content=\"800\" \/>\n\t<meta property=\"og:image:type\" content=\"image\/jpeg\" \/>\n<meta name=\"twitter:card\" content=\"summary_large_image\" \/>\n<meta name=\"twitter:label1\" content=\"Tahmini okuma s\u00fcresi\" \/>\n\t<meta name=\"twitter:data1\" content=\"2 dakika\" \/>\n<script type=\"application\/ld+json\" class=\"yoast-schema-graph\">{\"@context\":\"https:\\\/\\\/schema.org\",\"@graph\":[{\"@type\":\"WebPage\",\"@id\":\"https:\\\/\\\/hardnesstests.com\\\/product\\\/chv-30z-vickers-hardness-tester\\\/\",\"url\":\"https:\\\/\\\/hardnesstests.com\\\/product\\\/chv-30z-vickers-hardness-tester\\\/\",\"name\":\"(CHV-30Z) Vickers Hardness Tester - hardnesstests\",\"isPartOf\":{\"@id\":\"https:\\\/\\\/hardnesstests.com\\\/tr\\\/#website\"},\"primaryImageOfPage\":{\"@id\":\"https:\\\/\\\/hardnesstests.com\\\/product\\\/chv-30z-vickers-hardness-tester\\\/#primaryimage\"},\"image\":{\"@id\":\"https:\\\/\\\/hardnesstests.com\\\/product\\\/chv-30z-vickers-hardness-tester\\\/#primaryimage\"},\"thumbnailUrl\":\"https:\\\/\\\/hardnesstests.com\\\/wp-content\\\/uploads\\\/2025\\\/11\\\/CHV-30Z\u7ef4\u6c0f\u786c\u5ea6\u8ba1.jpg\",\"datePublished\":\"2025-11-27T06:28:38+00:00\",\"breadcrumb\":{\"@id\":\"https:\\\/\\\/hardnesstests.com\\\/product\\\/chv-30z-vickers-hardness-tester\\\/#breadcrumb\"},\"inLanguage\":\"tr\",\"potentialAction\":[{\"@type\":\"ReadAction\",\"target\":[\"https:\\\/\\\/hardnesstests.com\\\/product\\\/chv-30z-vickers-hardness-tester\\\/\"]}]},{\"@type\":\"ImageObject\",\"inLanguage\":\"tr\",\"@id\":\"https:\\\/\\\/hardnesstests.com\\\/product\\\/chv-30z-vickers-hardness-tester\\\/#primaryimage\",\"url\":\"https:\\\/\\\/hardnesstests.com\\\/wp-content\\\/uploads\\\/2025\\\/11\\\/CHV-30Z\u7ef4\u6c0f\u786c\u5ea6\u8ba1.jpg\",\"contentUrl\":\"https:\\\/\\\/hardnesstests.com\\\/wp-content\\\/uploads\\\/2025\\\/11\\\/CHV-30Z\u7ef4\u6c0f\u786c\u5ea6\u8ba1.jpg\",\"width\":800,\"height\":800,\"caption\":\"(CHV-30Z) Vickers Hardness Tester\"},{\"@type\":\"BreadcrumbList\",\"@id\":\"https:\\\/\\\/hardnesstests.com\\\/product\\\/chv-30z-vickers-hardness-tester\\\/#breadcrumb\",\"itemListElement\":[{\"@type\":\"ListItem\",\"position\":1,\"name\":\"\u9996\u9875\",\"item\":\"https:\\\/\\\/hardnesstests.com\\\/\"},{\"@type\":\"ListItem\",\"position\":2,\"name\":\"products\",\"item\":\"https:\\\/\\\/hardnesstests.com\\\/products\\\/\"},{\"@type\":\"ListItem\",\"position\":3,\"name\":\"(CHV-30Z) Vickers Hardness Tester\"}]},{\"@type\":\"WebSite\",\"@id\":\"https:\\\/\\\/hardnesstests.com\\\/tr\\\/#website\",\"url\":\"https:\\\/\\\/hardnesstests.com\\\/tr\\\/\",\"name\":\"hardnesstests\",\"description\":\"\",\"publisher\":{\"@id\":\"https:\\\/\\\/hardnesstests.com\\\/tr\\\/#organization\"},\"potentialAction\":[{\"@type\":\"SearchAction\",\"target\":{\"@type\":\"EntryPoint\",\"urlTemplate\":\"https:\\\/\\\/hardnesstests.com\\\/tr\\\/?s={search_term_string}\"},\"query-input\":{\"@type\":\"PropertyValueSpecification\",\"valueRequired\":true,\"valueName\":\"search_term_string\"}}],\"inLanguage\":\"tr\"},{\"@type\":\"Organization\",\"@id\":\"https:\\\/\\\/hardnesstests.com\\\/tr\\\/#organization\",\"name\":\"hardnesstests\",\"url\":\"https:\\\/\\\/hardnesstests.com\\\/tr\\\/\",\"logo\":{\"@type\":\"ImageObject\",\"inLanguage\":\"tr\",\"@id\":\"https:\\\/\\\/hardnesstests.com\\\/tr\\\/#\\\/schema\\\/logo\\\/image\\\/\",\"url\":\"https:\\\/\\\/hardnesstests.com\\\/wp-content\\\/uploads\\\/2021\\\/08\\\/\u5fae\u4fe1\u56fe\u7247_20251029102004_335_1287.png\",\"contentUrl\":\"https:\\\/\\\/hardnesstests.com\\\/wp-content\\\/uploads\\\/2021\\\/08\\\/\u5fae\u4fe1\u56fe\u7247_20251029102004_335_1287.png\",\"width\":1308,\"height\":467,\"caption\":\"hardnesstests\"},\"image\":{\"@id\":\"https:\\\/\\\/hardnesstests.com\\\/tr\\\/#\\\/schema\\\/logo\\\/image\\\/\"}}]}<\/script>\n<!-- \/ Yoast SEO Premium plugin. -->","yoast_head_json":{"title":"(CHV-30Z) Vickers Hardness Tester - hardnesstests","robots":{"index":"index","follow":"follow","max-snippet":"max-snippet:-1","max-image-preview":"max-image-preview:large","max-video-preview":"max-video-preview:-1"},"canonical":"https:\/\/hardnesstests.com\/tr\/urun\/chv-30z-vickers-hardness-tester\/","og_locale":"tr_TR","og_type":"article","og_title":"(CHV-30Z) Vickers Hardness Tester","og_description":"The Vickers Hardness Tester is a high-tech product integrating optics, mechanics and electronics. It adopts a closed-loop loading control system, with high test force accuracy, good repeatability and stability of the displayed value. The display screen of the instrument is intuitive and clear, easy to operate, and has an energy-saving mode. It has a high-magnification optical measurement system and an optical dual-channel structure, as well as new technologies such as photoelectric and photocoupler sensors. Through key operation, the length of the measured indentation can be input on the key, and the hardness value, conversion scale, test force, test force holding time and number of measurements can be displayed on the screen.","og_url":"https:\/\/hardnesstests.com\/tr\/urun\/chv-30z-vickers-hardness-tester\/","og_site_name":"hardnesstests","og_image":[{"width":800,"height":800,"url":"https:\/\/hardnesstests.com\/wp-content\/uploads\/2025\/11\/CHV-30Z\u7ef4\u6c0f\u786c\u5ea6\u8ba1.jpg","type":"image\/jpeg"}],"twitter_card":"summary_large_image","twitter_misc":{"Tahmini okuma s\u00fcresi":"2 dakika"},"schema":{"@context":"https:\/\/schema.org","@graph":[{"@type":"WebPage","@id":"https:\/\/hardnesstests.com\/product\/chv-30z-vickers-hardness-tester\/","url":"https:\/\/hardnesstests.com\/product\/chv-30z-vickers-hardness-tester\/","name":"(CHV-30Z) Vickers Hardness Tester - hardnesstests","isPartOf":{"@id":"https:\/\/hardnesstests.com\/tr\/#website"},"primaryImageOfPage":{"@id":"https:\/\/hardnesstests.com\/product\/chv-30z-vickers-hardness-tester\/#primaryimage"},"image":{"@id":"https:\/\/hardnesstests.com\/product\/chv-30z-vickers-hardness-tester\/#primaryimage"},"thumbnailUrl":"https:\/\/hardnesstests.com\/wp-content\/uploads\/2025\/11\/CHV-30Z\u7ef4\u6c0f\u786c\u5ea6\u8ba1.jpg","datePublished":"2025-11-27T06:28:38+00:00","breadcrumb":{"@id":"https:\/\/hardnesstests.com\/product\/chv-30z-vickers-hardness-tester\/#breadcrumb"},"inLanguage":"tr","potentialAction":[{"@type":"ReadAction","target":["https:\/\/hardnesstests.com\/product\/chv-30z-vickers-hardness-tester\/"]}]},{"@type":"ImageObject","inLanguage":"tr","@id":"https:\/\/hardnesstests.com\/product\/chv-30z-vickers-hardness-tester\/#primaryimage","url":"https:\/\/hardnesstests.com\/wp-content\/uploads\/2025\/11\/CHV-30Z\u7ef4\u6c0f\u786c\u5ea6\u8ba1.jpg","contentUrl":"https:\/\/hardnesstests.com\/wp-content\/uploads\/2025\/11\/CHV-30Z\u7ef4\u6c0f\u786c\u5ea6\u8ba1.jpg","width":800,"height":800,"caption":"(CHV-30Z) Vickers Hardness Tester"},{"@type":"BreadcrumbList","@id":"https:\/\/hardnesstests.com\/product\/chv-30z-vickers-hardness-tester\/#breadcrumb","itemListElement":[{"@type":"ListItem","position":1,"name":"\u9996\u9875","item":"https:\/\/hardnesstests.com\/"},{"@type":"ListItem","position":2,"name":"products","item":"https:\/\/hardnesstests.com\/products\/"},{"@type":"ListItem","position":3,"name":"(CHV-30Z) Vickers Hardness Tester"}]},{"@type":"WebSite","@id":"https:\/\/hardnesstests.com\/tr\/#website","url":"https:\/\/hardnesstests.com\/tr\/","name":"hardnesstests","description":"","publisher":{"@id":"https:\/\/hardnesstests.com\/tr\/#organization"},"potentialAction":[{"@type":"SearchAction","target":{"@type":"EntryPoint","urlTemplate":"https:\/\/hardnesstests.com\/tr\/?s={search_term_string}"},"query-input":{"@type":"PropertyValueSpecification","valueRequired":true,"valueName":"search_term_string"}}],"inLanguage":"tr"},{"@type":"Organization","@id":"https:\/\/hardnesstests.com\/tr\/#organization","name":"hardnesstests","url":"https:\/\/hardnesstests.com\/tr\/","logo":{"@type":"ImageObject","inLanguage":"tr","@id":"https:\/\/hardnesstests.com\/tr\/#\/schema\/logo\/image\/","url":"https:\/\/hardnesstests.com\/wp-content\/uploads\/2021\/08\/\u5fae\u4fe1\u56fe\u7247_20251029102004_335_1287.png","contentUrl":"https:\/\/hardnesstests.com\/wp-content\/uploads\/2021\/08\/\u5fae\u4fe1\u56fe\u7247_20251029102004_335_1287.png","width":1308,"height":467,"caption":"hardnesstests"},"image":{"@id":"https:\/\/hardnesstests.com\/tr\/#\/schema\/logo\/image\/"}}]}},"_links":{"self":[{"href":"https:\/\/hardnesstests.com\/tr\/wp-json\/wp\/v2\/product\/29723","targetHints":{"allow":["GET"]}}],"collection":[{"href":"https:\/\/hardnesstests.com\/tr\/wp-json\/wp\/v2\/product"}],"about":[{"href":"https:\/\/hardnesstests.com\/tr\/wp-json\/wp\/v2\/types\/product"}],"replies":[{"embeddable":true,"href":"https:\/\/hardnesstests.com\/tr\/wp-json\/wp\/v2\/comments?post=29723"}],"version-history":[{"count":1,"href":"https:\/\/hardnesstests.com\/tr\/wp-json\/wp\/v2\/product\/29723\/revisions"}],"predecessor-version":[{"id":29725,"href":"https:\/\/hardnesstests.com\/tr\/wp-json\/wp\/v2\/product\/29723\/revisions\/29725"}],"wp:featuredmedia":[{"embeddable":true,"href":"https:\/\/hardnesstests.com\/tr\/wp-json\/wp\/v2\/media\/29724"}],"wp:attachment":[{"href":"https:\/\/hardnesstests.com\/tr\/wp-json\/wp\/v2\/media?parent=29723"}],"wp:term":[{"taxonomy":"product_brand","embeddable":true,"href":"https:\/\/hardnesstests.com\/tr\/wp-json\/wp\/v2\/product_brand?post=29723"},{"taxonomy":"product_cat","embeddable":true,"href":"https:\/\/hardnesstests.com\/tr\/wp-json\/wp\/v2\/product_cat?post=29723"},{"taxonomy":"product_tag","embeddable":true,"href":"https:\/\/hardnesstests.com\/tr\/wp-json\/wp\/v2\/product_tag?post=29723"}],"curies":[{"name":"wp","href":"https:\/\/api.w.org\/{rel}","templated":true}]}}