{"id":29671,"date":"2025-11-26T07:38:52","date_gmt":"2025-11-26T07:38:52","guid":{"rendered":"https:\/\/hardnesstests.com\/?post_type=product&#038;p=29671"},"modified":"2025-11-27T06:09:13","modified_gmt":"2025-11-27T06:09:13","slug":"pchbst-3000-visual-touch-screen-digital-display-brinell-hardness-tester","status":"publish","type":"product","link":"https:\/\/hardnesstests.com\/tr\/urun\/pchbst-3000-visual-touch-screen-digital-display-brinell-hardness-tester\/","title":{"rendered":"(PCHBST-3000) g\u00f6rsel dokunmatik ekran dijital ekran Brinell sertlik test cihaz\u0131"},"content":{"rendered":"<p>End\u00fcstriyel tablet bilgisayar entegrasyonu, USB geni\u015fletme deste\u011fi<\/p>\n<p>Girintinin g\u00f6rsel g\u00f6sterimi ve otomatik sertlik \u00f6l\u00e7\u00fcm\u00fc<\/p>\n<p>Test personelinin ihtiya\u00e7lar\u0131n\u0131 kar\u015f\u0131lamak i\u00e7in otomatik olarak WORD raporu olu\u015fturun<\/p>\n<p style=\"font-weight: 400;\">PCHBST-3000 touch screen digital display Brinell hardness tester, only need to operate a touch tablet computer, easy to get the measurement! And all the parameters required for the test can be selected, modified and analyzed directly on the computer. By linking the CCD measurement and acquisition system, it can display clear indentation image dynamics on the PC in real time, and can also directly lock the indentation to automatically measure the hardness value, automatically save the test data, and generate a report. The operation is very simple and fast, eliminating human measurement errors. With a tablet computer as a platform, more application functions can be extended through the Internet, and devices such as external monitors and printers can also be connected.<\/p>\n<p style=\"font-weight: 400;\">Sertlik test cihaz\u0131n\u0131n makine yaz\u0131l\u0131m sistemi, bilgisayar ak\u0131ll\u0131 programlamay\u0131 benimser, fotoelektrik sens\u00f6r teknolojisini kullan\u0131r ve test ko\u015fullar\u0131n\u0131 ba\u011f\u0131ms\u0131z olarak se\u00e7er. Test y\u00f6ntemi, \u00fcst ve alt limit aral\u0131\u011f\u0131 5,6 in\u00e7 dokunmatik \u00e7ok i\u015flevli ekranda g\u00f6r\u00fcnt\u00fclenebilir ve girinti uzunlu\u011fu, sertlik de\u011feri ve d\u00f6n\u00fc\u015ft\u00fcrme de\u011feri \u00f6l\u00e7\u00fclebilir, Test kuvveti, tutma s\u00fcresi, \u00f6l\u00e7\u00fcm say\u0131s\u0131 ve y\u0131l, ay, tarih, test sonu\u00e7lar\u0131 ve veri i\u015fleme vb. girebilir ve dahili bir yaz\u0131c\u0131 arac\u0131l\u0131\u011f\u0131yla \u00f6l\u00e7\u00fcm verilerinin \u00e7\u0131kt\u0131s\u0131n\u0131 alabilir veya bir veri aray\u00fcz\u00fc arac\u0131l\u0131\u011f\u0131yla bir bilgisayara ba\u011flanabilir. Optik sistem, y\u00fcksek b\u00fcy\u00fctmeli LED optik \u00f6l\u00e7\u00fcm\u00fc benimser, g\u00f6r\u00fcnt\u00fc netli\u011fi y\u00fcksektir, parlakl\u0131k ayarlanabilir ve uzun s\u00fcreli \u00e7al\u0131\u015fma yorgunluk i\u00e7in uygun de\u011fildir. Donan\u0131m sistemi geli\u015fmi\u015f elektronik sens\u00f6r y\u00fckleme teknolojisini kullan\u0131r. Kapal\u0131 d\u00f6ng\u00fc kontrol sistemi arac\u0131l\u0131\u011f\u0131yla CPU, sinyalleri toplamak i\u00e7in sens\u00f6r\u00fc kontrol eder. Step motor, test kuvvetini otomatik olarak y\u00fckler ve bo\u015falt\u0131r ve daha do\u011fru kuvvet de\u011ferleri ve daha iyi g\u00f6stergeler sa\u011flamak i\u00e7in test kuvvetini otomatik olarak telafi edebilir. Stabilize. Ayn\u0131 zamanda, AB CE g\u00fcvenlik standartlar\u0131n\u0131 kar\u015f\u0131layan bir acil durdurma cihaz\u0131 ile donat\u0131lm\u0131\u015ft\u0131r. \u0130nsanc\u0131lla\u015ft\u0131r\u0131lm\u0131\u015f \u00e7al\u0131\u015fabilirlik, daha g\u00fcvenilir stabilite ve g\u00fcvenlik ile.<\/p>\n<table>\n<tbody>\n<tr>\n<td>\n<h1><strong>Ana fonksiyonlar ve \u00f6zellikler:<\/strong><\/h1>\n<\/td>\n<\/tr>\n<\/tbody>\n<\/table>\n<ol>\n<li style=\"font-weight: 400;\">Bu makine y\u00fcksek hassasiyet, y\u00fcksek tekrarlanabilirlik ve kararl\u0131l\u0131k, basit kullan\u0131m, kullan\u0131\u015fl\u0131 ve pratik ve y\u00fcksek maliyet performans\u0131 \u00f6zelliklerine sahiptir;<\/li>\n<li style=\"font-weight: 400;\">Seviye 10 test kabiliyetine sahiptir ve daha geni\u015f bir aral\u0131\u011f\u0131 test edebilir;<\/li>\n<li style=\"font-weight: 400;\">Dijital ekranl\u0131 mikrometre merce\u011fi ve do\u011fru veri hesaplama sistemi ile donat\u0131lm\u0131\u015f olup, sertlik de\u011feri tek bir dokunu\u015fla do\u011frudan g\u00f6r\u00fcnt\u00fclenebilir;<\/li>\n<li style=\"font-weight: 400;\">The system comes with a calibration function, which can manually adjust the input calibration instrument, and can also calibrate the eyepiece magnification.<\/li>\n<li style=\"font-weight: 400;\">Adjustable range of optical system brightness: 0-100<\/li>\n<li style=\"font-weight: 400;\">It can store up to 100 sets of test data<\/li>\n<li style=\"font-weight: 400;\">The operating system can be converted between Chinese and English<\/li>\n<li style=\"font-weight: 400;\">The main interface can display 5 conversion rulers at the same time<\/li>\n<li style=\"font-weight: 400;\">\u00d6l\u00e7\u00fcm verilerinin \u00e7\u0131kt\u0131s\u0131n\u0131 almak i\u00e7in dahili bir yaz\u0131c\u0131 ile donat\u0131lm\u0131\u015ft\u0131r veya ana bilgisayar\u0131n \u00f6l\u00e7\u00fcm verilerini d\u00fczenlemek ve kaydetmek \u00fczere bilgisayara iletmek i\u00e7in bilgisayara ba\u011flan\u0131r;<\/li>\n<li style=\"font-weight: 400;\">Test kuvvetini otomatik olarak y\u00fcklemek ve bo\u015faltmak i\u00e7in y\u00fcksek performansl\u0131 step motor ile donat\u0131lm\u0131\u015ft\u0131r, test s\u0131ras\u0131nda olu\u015fan g\u00fcr\u00fclt\u00fc daha azd\u0131r<\/li>\n<li style=\"font-weight: 400;\">Fotoelektrik sens\u00f6r teknolojisi ve mikrobilgisayar kontrol sistemi kullanarak otomatik olarak telafi edebilir ve test sonu\u00e7lar\u0131 do\u011fru ve kararl\u0131d\u0131r;<\/li>\n<li style=\"font-weight: 400;\">Girinti \u00e7ap\u0131n\u0131 otomatik olarak girin ve sertlik de\u011ferini do\u011frudan g\u00f6r\u00fcnt\u00fcleyin; bu, herhangi bir sertlik biriminin ikili g\u00f6sterimini ger\u00e7ekle\u015ftirebilir ve hantal kontrol tablosundan ka\u00e7\u0131n\u0131r;<\/li>\n<li style=\"font-weight: 400;\">Y\u00fcksek b\u00fcy\u00fctmeli LED optik \u00f6l\u00e7\u00fcm\u00fcn ba\u011f\u0131ms\u0131z tasar\u0131m\u0131, y\u00fcksek g\u00f6r\u00fcnt\u00fc netli\u011fi, ayarlanabilir parlakl\u0131k, uzun s\u00fcreli \u00e7al\u0131\u015fma yorgunluk i\u00e7in uygun de\u011fildir;<\/li>\n<li style=\"font-weight: 400;\">Kabuk tek seferde d\u00f6k\u00fcl\u00fcr, yap\u0131 stabildir ve deforme olmaz ve nispeten sert bir ortamda \u00e7al\u0131\u015fabilir;<\/li>\n<li style=\"font-weight: 400;\">The surface is treated with the car paint process, which has strong scratching ability and is still bright as new after years of use;<\/li>\n<\/ol>\n<h1 style=\"font-weight: 400;\">\u00a0<strong>Main purpose and scope of use<\/strong>:<\/h1>\n<ol>\n<li style=\"font-weight: 400;\">It is suitable for the hardness tester test of metal materials with large grains, which can reflect the comprehensive performance of the material;<\/li>\n<li style=\"font-weight: 400;\">Cast iron, steel, non-ferrous metals, especially for softer metals, such as pure aluminum, lead, tin, etc.<\/li>\n<li style=\"font-weight: 400;\">It can be used to measure the hardness of some non-metallic materials such as hard plastics, bakelite, etc.<\/li>\n<\/ol>\n<table>\n<tbody>\n<tr>\n<td>\n<h1><strong>Teknik parametre:<\/strong><\/h1>\n<\/td>\n<\/tr>\n<\/tbody>\n<\/table>\n<table>\n<tbody>\n<tr>\n<td width=\"138\">\u00dcr\u00fcn modeli<\/td>\n<td width=\"450\">PCHBST-3000<\/td>\n<\/tr>\n<tr>\n<td width=\"138\">Brinell Cetveli<\/td>\n<td width=\"450\">HBW2.5\/62.5 HBW2.5\/187.5 HBW5\/62.5 HBW5\/125 HBW5\/250 HBW5\/750 HBW10\/100\u3001 HBW10\/250 HBW10\/500 HBW10\/1000 HBW10\/1500 HBW10\/3000<\/td>\n<\/tr>\n<tr>\n<td width=\"138\">Test kuvveti<\/td>\n<td width=\"450\">62.5kgf(612.9N)100kgf(980.7N)125kgf(1226N)187.5kgf(1839N)250kgf(2452N)500kgf(4903N)750kgf(7355N)1000kgf(8907N)1500kgf(14710N)3000kgf(29420N)<\/td>\n<\/tr>\n<tr>\n<td width=\"138\">Y\u00fckleme kontrol\u00fc<\/td>\n<td width=\"450\">Otomatik (y\u00fckleme\/tutma\/bo\u015faltma)<\/td>\n<\/tr>\n<tr>\n<td width=\"138\">Maksimum numune y\u00fcksekli\u011fi<\/td>\n<td width=\"450\">220mm<\/td>\n<\/tr>\n<tr>\n<td width=\"138\">Girinti-\u00e7\u0131k\u0131nt\u0131 duvar\u0131 mesafesi<\/td>\n<td width=\"450\">135 mm<\/td>\n<\/tr>\n<tr>\n<td width=\"138\">\u0130ndenter-\u00fcst duvar mesafesi<\/td>\n<td width=\"450\">55mm (Girintiden \u00fcst makine duvar\u0131na olan mesafe, girinti \u00f6zelle\u015ftirilerek art\u0131r\u0131labilir)<\/td>\n<\/tr>\n<tr>\n<td width=\"138\">En k\u00fc\u00e7\u00fck \u00f6l\u00e7\u00fc birimi<\/td>\n<td width=\"450\">0.125um<\/td>\n<\/tr>\n<tr>\n<td width=\"138\">Bekleme s\u00fcresi<\/td>\n<td width=\"450\">0~60s<\/td>\n<\/tr>\n<tr>\n<td width=\"138\">Sertlik test aral\u0131\u011f\u0131<\/td>\n<td width=\"450\">8~650HBW<\/td>\n<\/tr>\n<tr>\n<td width=\"138\">Sertlik okumas\u0131<\/td>\n<td width=\"450\">PCOtomatik sertlik \u00f6l\u00e7\u00fcm\u00fc<\/td>\n<\/tr>\n<tr>\n<td width=\"138\">Hata d\u00fczeltme<\/td>\n<td width=\"450\">Sistem sertli\u011fi her zaman kalibre eder<\/td>\n<\/tr>\n<tr>\n<td width=\"138\">Nitelikli yarg\u0131<\/td>\n<td width=\"450\">Nitelikli aral\u0131k ayarlanabilir ve makine otomatik olarak nitelikli olup olmad\u0131\u011f\u0131n\u0131 hat\u0131rlat\u0131r<\/td>\n<\/tr>\n<tr>\n<td width=\"138\">Toplam b\u00fcy\u00fctme<\/td>\n<td width=\"450\">20X<\/td>\n<\/tr>\n<tr>\n<td width=\"138\">Y\u00f6netici standard\u0131<\/td>\n<td width=\"450\">EN ISO 6506, , ASTM E-10-08, GB\/T231.2\uff0cJJG150 -2005<\/td>\n<\/tr>\n<tr>\n<td width=\"138\">Veri \u00e7\u0131k\u0131\u015f\u0131<\/td>\n<td width=\"450\">Built-in printer, hyper terminal.<\/td>\n<\/tr>\n<tr>\n<td width=\"138\">G\u00dc\u00c7 KAYNA\u011eI<\/td>\n<td width=\"450\">AC220<u>+<\/u>5%, 50~60Hz<\/td>\n<\/tr>\n<tr>\n<td width=\"138\">Toplam boyut (mm)<\/td>\n<td width=\"450\">520*210*745mm<\/td>\n<\/tr>\n<tr>\n<td width=\"138\">Ev sahibi a\u011f\u0131rl\u0131\u011f\u0131<\/td>\n<td width=\"450\">Yakla\u015f\u0131k 125kg<\/td>\n<\/tr>\n<\/tbody>\n<\/table>","protected":false},"excerpt":{"rendered":"<p data-start=\"171\" data-end=\"538\">Bu <strong data-start=\"175\" data-end=\"190\">PCHBST-3000<\/strong> integrates an industrial tablet computer for <strong data-start=\"236\" data-end=\"265\">intuitive touch operation<\/strong> and supports <strong data-start=\"279\" data-end=\"296\">USB expansion<\/strong> for external devices like monitors and printers. It provides <strong data-start=\"358\" data-end=\"388\">g\u00f6rsel girinti ekran\u0131<\/strong> with real-time CCD imaging, enabling automatic hardness measurement, data saving, and <strong data-start=\"475\" data-end=\"509\">instant WORD report generation<\/strong>, eliminating human errors.<\/p>\n<p data-start=\"540\" data-end=\"973\">Its <strong data-start=\"544\" data-end=\"575\">intelligent software system<\/strong> allows direct selection, modification, and analysis of test parameters. The <strong data-start=\"652\" data-end=\"692\">5.6-inch multifunctional touchscreen<\/strong> displays test force, hold time, indentation length, hardness value, conversions, and other test data. Advanced <strong data-start=\"804\" data-end=\"829\">photoelectric sensors<\/strong>, <strong data-start=\"831\" data-end=\"864\">high-magnification LED optics<\/strong>, and a <strong data-start=\"872\" data-end=\"914\">stepper motor with closed-loop control<\/strong> ensure <strong data-start=\"922\" data-end=\"970\">do\u011fru, istikrarl\u0131 ve yorulmadan \u00e7al\u0131\u015fma<\/strong>.<\/p>\n<p data-start=\"975\" data-end=\"1143\">Built-in <strong data-start=\"984\" data-end=\"1002\">emergency stop<\/strong> and EU CE compliance provide <strong data-start=\"1032\" data-end=\"1051\">reliable safety<\/strong>, while the tablet platform allows <strong data-start=\"1086\" data-end=\"1114\">internet-based expansion<\/strong> and flexible connectivity.<\/p>","protected":false},"featured_media":29672,"comment_status":"open","ping_status":"closed","template":"","meta":[],"product_brand":[],"product_cat":[75,70],"product_tag":[105],"class_list":{"0":"post-29671","1":"product","2":"type-product","3":"status-publish","4":"has-post-thumbnail","6":"product_cat-brinell-hardness-tester","7":"product_cat-hardness-tester","8":"product_tag-brinell-hardness-tester","10":"first","11":"instock","12":"shipping-taxable","13":"product-type-simple"},"yoast_head":"<!-- This site is optimized with the Yoast SEO Premium plugin v25.4 (Yoast SEO v27.4) - https:\/\/yoast.com\/product\/yoast-seo-premium-wordpress\/ -->\n<title>(PCHBST-3000) visual touch screen digital display Brinell hardness tester - hardnesstests<\/title>\n<meta name=\"robots\" content=\"index, follow, max-snippet:-1, max-image-preview:large, max-video-preview:-1\" \/>\n<link rel=\"canonical\" href=\"https:\/\/hardnesstests.com\/tr\/urun\/pchbst-3000-visual-touch-screen-digital-display-brinell-hardness-tester\/\" \/>\n<meta property=\"og:locale\" content=\"tr_TR\" \/>\n<meta property=\"og:type\" content=\"article\" \/>\n<meta property=\"og:title\" content=\"(PCHBST-3000) visual touch screen digital display Brinell hardness tester\" \/>\n<meta property=\"og:description\" content=\"The PCHBST-3000 integrates an industrial tablet computer for intuitive touch operation and supports USB expansion for external devices like monitors and printers. It provides visual indentation display with real-time CCD imaging, enabling automatic hardness measurement, data saving, and instant WORD report generation, eliminating human errors. Its intelligent software system allows direct selection, modification, and analysis of test parameters. The 5.6-inch multifunctional touchscreen displays test force, hold time, indentation length, hardness value, conversions, and other test data. Advanced photoelectric sensors, high-magnification LED optics, and a stepper motor with closed-loop control ensure accurate, stable, and fatigue-free operation. Built-in emergency stop and EU CE compliance provide reliable safety, while the tablet platform allows internet-based expansion and flexible connectivity.\" \/>\n<meta property=\"og:url\" content=\"https:\/\/hardnesstests.com\/tr\/urun\/pchbst-3000-visual-touch-screen-digital-display-brinell-hardness-tester\/\" \/>\n<meta property=\"og:site_name\" content=\"hardnesstests\" \/>\n<meta property=\"article:modified_time\" content=\"2025-11-27T06:09:13+00:00\" \/>\n<meta property=\"og:image\" content=\"https:\/\/hardnesstests.com\/wp-content\/uploads\/2025\/11\/PCHBST-3000\u89c6\u89c9\u89e6\u6478\u5c4f\u6570\u663e\u5e03\u6c0f\u786c\u5ea6\u8ba1.jpg\" \/>\n\t<meta property=\"og:image:width\" content=\"800\" \/>\n\t<meta property=\"og:image:height\" content=\"800\" \/>\n\t<meta property=\"og:image:type\" content=\"image\/jpeg\" \/>\n<meta name=\"twitter:card\" content=\"summary_large_image\" \/>\n<meta name=\"twitter:label1\" content=\"Tahmini okuma s\u00fcresi\" \/>\n\t<meta name=\"twitter:data1\" content=\"4 dakika\" \/>\n<script type=\"application\/ld+json\" class=\"yoast-schema-graph\">{\"@context\":\"https:\\\/\\\/schema.org\",\"@graph\":[{\"@type\":\"WebPage\",\"@id\":\"https:\\\/\\\/hardnesstests.com\\\/product\\\/pchbst-3000-visual-touch-screen-digital-display-brinell-hardness-tester\\\/\",\"url\":\"https:\\\/\\\/hardnesstests.com\\\/product\\\/pchbst-3000-visual-touch-screen-digital-display-brinell-hardness-tester\\\/\",\"name\":\"(PCHBST-3000) visual touch screen digital display Brinell hardness tester - hardnesstests\",\"isPartOf\":{\"@id\":\"https:\\\/\\\/hardnesstests.com\\\/tr\\\/#website\"},\"primaryImageOfPage\":{\"@id\":\"https:\\\/\\\/hardnesstests.com\\\/product\\\/pchbst-3000-visual-touch-screen-digital-display-brinell-hardness-tester\\\/#primaryimage\"},\"image\":{\"@id\":\"https:\\\/\\\/hardnesstests.com\\\/product\\\/pchbst-3000-visual-touch-screen-digital-display-brinell-hardness-tester\\\/#primaryimage\"},\"thumbnailUrl\":\"https:\\\/\\\/hardnesstests.com\\\/wp-content\\\/uploads\\\/2025\\\/11\\\/PCHBST-3000\u89c6\u89c9\u89e6\u6478\u5c4f\u6570\u663e\u5e03\u6c0f\u786c\u5ea6\u8ba1.jpg\",\"datePublished\":\"2025-11-26T07:38:52+00:00\",\"dateModified\":\"2025-11-27T06:09:13+00:00\",\"breadcrumb\":{\"@id\":\"https:\\\/\\\/hardnesstests.com\\\/product\\\/pchbst-3000-visual-touch-screen-digital-display-brinell-hardness-tester\\\/#breadcrumb\"},\"inLanguage\":\"tr\",\"potentialAction\":[{\"@type\":\"ReadAction\",\"target\":[\"https:\\\/\\\/hardnesstests.com\\\/product\\\/pchbst-3000-visual-touch-screen-digital-display-brinell-hardness-tester\\\/\"]}]},{\"@type\":\"ImageObject\",\"inLanguage\":\"tr\",\"@id\":\"https:\\\/\\\/hardnesstests.com\\\/product\\\/pchbst-3000-visual-touch-screen-digital-display-brinell-hardness-tester\\\/#primaryimage\",\"url\":\"https:\\\/\\\/hardnesstests.com\\\/wp-content\\\/uploads\\\/2025\\\/11\\\/PCHBST-3000\u89c6\u89c9\u89e6\u6478\u5c4f\u6570\u663e\u5e03\u6c0f\u786c\u5ea6\u8ba1.jpg\",\"contentUrl\":\"https:\\\/\\\/hardnesstests.com\\\/wp-content\\\/uploads\\\/2025\\\/11\\\/PCHBST-3000\u89c6\u89c9\u89e6\u6478\u5c4f\u6570\u663e\u5e03\u6c0f\u786c\u5ea6\u8ba1.jpg\",\"width\":800,\"height\":800,\"caption\":\"(PCHBST-3000) visual touch screen digital display Brinell hardness tester\"},{\"@type\":\"BreadcrumbList\",\"@id\":\"https:\\\/\\\/hardnesstests.com\\\/product\\\/pchbst-3000-visual-touch-screen-digital-display-brinell-hardness-tester\\\/#breadcrumb\",\"itemListElement\":[{\"@type\":\"ListItem\",\"position\":1,\"name\":\"\u9996\u9875\",\"item\":\"https:\\\/\\\/hardnesstests.com\\\/\"},{\"@type\":\"ListItem\",\"position\":2,\"name\":\"products\",\"item\":\"https:\\\/\\\/hardnesstests.com\\\/products\\\/\"},{\"@type\":\"ListItem\",\"position\":3,\"name\":\"(PCHBST-3000) visual touch screen digital display Brinell hardness tester\"}]},{\"@type\":\"WebSite\",\"@id\":\"https:\\\/\\\/hardnesstests.com\\\/tr\\\/#website\",\"url\":\"https:\\\/\\\/hardnesstests.com\\\/tr\\\/\",\"name\":\"hardnesstests\",\"description\":\"\",\"publisher\":{\"@id\":\"https:\\\/\\\/hardnesstests.com\\\/tr\\\/#organization\"},\"potentialAction\":[{\"@type\":\"SearchAction\",\"target\":{\"@type\":\"EntryPoint\",\"urlTemplate\":\"https:\\\/\\\/hardnesstests.com\\\/tr\\\/?s={search_term_string}\"},\"query-input\":{\"@type\":\"PropertyValueSpecification\",\"valueRequired\":true,\"valueName\":\"search_term_string\"}}],\"inLanguage\":\"tr\"},{\"@type\":\"Organization\",\"@id\":\"https:\\\/\\\/hardnesstests.com\\\/tr\\\/#organization\",\"name\":\"hardnesstests\",\"url\":\"https:\\\/\\\/hardnesstests.com\\\/tr\\\/\",\"logo\":{\"@type\":\"ImageObject\",\"inLanguage\":\"tr\",\"@id\":\"https:\\\/\\\/hardnesstests.com\\\/tr\\\/#\\\/schema\\\/logo\\\/image\\\/\",\"url\":\"https:\\\/\\\/hardnesstests.com\\\/wp-content\\\/uploads\\\/2021\\\/08\\\/\u5fae\u4fe1\u56fe\u7247_20251029102004_335_1287.png\",\"contentUrl\":\"https:\\\/\\\/hardnesstests.com\\\/wp-content\\\/uploads\\\/2021\\\/08\\\/\u5fae\u4fe1\u56fe\u7247_20251029102004_335_1287.png\",\"width\":1308,\"height\":467,\"caption\":\"hardnesstests\"},\"image\":{\"@id\":\"https:\\\/\\\/hardnesstests.com\\\/tr\\\/#\\\/schema\\\/logo\\\/image\\\/\"}}]}<\/script>\n<!-- \/ Yoast SEO Premium plugin. -->","yoast_head_json":{"title":"(PCHBST-3000) visual touch screen digital display Brinell hardness tester - hardnesstests","robots":{"index":"index","follow":"follow","max-snippet":"max-snippet:-1","max-image-preview":"max-image-preview:large","max-video-preview":"max-video-preview:-1"},"canonical":"https:\/\/hardnesstests.com\/tr\/urun\/pchbst-3000-visual-touch-screen-digital-display-brinell-hardness-tester\/","og_locale":"tr_TR","og_type":"article","og_title":"(PCHBST-3000) visual touch screen digital display Brinell hardness tester","og_description":"The PCHBST-3000 integrates an industrial tablet computer for intuitive touch operation and supports USB expansion for external devices like monitors and printers. It provides visual indentation display with real-time CCD imaging, enabling automatic hardness measurement, data saving, and instant WORD report generation, eliminating human errors. Its intelligent software system allows direct selection, modification, and analysis of test parameters. The 5.6-inch multifunctional touchscreen displays test force, hold time, indentation length, hardness value, conversions, and other test data. Advanced photoelectric sensors, high-magnification LED optics, and a stepper motor with closed-loop control ensure accurate, stable, and fatigue-free operation. Built-in emergency stop and EU CE compliance provide reliable safety, while the tablet platform allows internet-based expansion and flexible connectivity.","og_url":"https:\/\/hardnesstests.com\/tr\/urun\/pchbst-3000-visual-touch-screen-digital-display-brinell-hardness-tester\/","og_site_name":"hardnesstests","article_modified_time":"2025-11-27T06:09:13+00:00","og_image":[{"width":800,"height":800,"url":"https:\/\/hardnesstests.com\/wp-content\/uploads\/2025\/11\/PCHBST-3000\u89c6\u89c9\u89e6\u6478\u5c4f\u6570\u663e\u5e03\u6c0f\u786c\u5ea6\u8ba1.jpg","type":"image\/jpeg"}],"twitter_card":"summary_large_image","twitter_misc":{"Tahmini okuma s\u00fcresi":"4 dakika"},"schema":{"@context":"https:\/\/schema.org","@graph":[{"@type":"WebPage","@id":"https:\/\/hardnesstests.com\/product\/pchbst-3000-visual-touch-screen-digital-display-brinell-hardness-tester\/","url":"https:\/\/hardnesstests.com\/product\/pchbst-3000-visual-touch-screen-digital-display-brinell-hardness-tester\/","name":"(PCHBST-3000) visual touch screen digital display Brinell hardness tester - hardnesstests","isPartOf":{"@id":"https:\/\/hardnesstests.com\/tr\/#website"},"primaryImageOfPage":{"@id":"https:\/\/hardnesstests.com\/product\/pchbst-3000-visual-touch-screen-digital-display-brinell-hardness-tester\/#primaryimage"},"image":{"@id":"https:\/\/hardnesstests.com\/product\/pchbst-3000-visual-touch-screen-digital-display-brinell-hardness-tester\/#primaryimage"},"thumbnailUrl":"https:\/\/hardnesstests.com\/wp-content\/uploads\/2025\/11\/PCHBST-3000\u89c6\u89c9\u89e6\u6478\u5c4f\u6570\u663e\u5e03\u6c0f\u786c\u5ea6\u8ba1.jpg","datePublished":"2025-11-26T07:38:52+00:00","dateModified":"2025-11-27T06:09:13+00:00","breadcrumb":{"@id":"https:\/\/hardnesstests.com\/product\/pchbst-3000-visual-touch-screen-digital-display-brinell-hardness-tester\/#breadcrumb"},"inLanguage":"tr","potentialAction":[{"@type":"ReadAction","target":["https:\/\/hardnesstests.com\/product\/pchbst-3000-visual-touch-screen-digital-display-brinell-hardness-tester\/"]}]},{"@type":"ImageObject","inLanguage":"tr","@id":"https:\/\/hardnesstests.com\/product\/pchbst-3000-visual-touch-screen-digital-display-brinell-hardness-tester\/#primaryimage","url":"https:\/\/hardnesstests.com\/wp-content\/uploads\/2025\/11\/PCHBST-3000\u89c6\u89c9\u89e6\u6478\u5c4f\u6570\u663e\u5e03\u6c0f\u786c\u5ea6\u8ba1.jpg","contentUrl":"https:\/\/hardnesstests.com\/wp-content\/uploads\/2025\/11\/PCHBST-3000\u89c6\u89c9\u89e6\u6478\u5c4f\u6570\u663e\u5e03\u6c0f\u786c\u5ea6\u8ba1.jpg","width":800,"height":800,"caption":"(PCHBST-3000) visual touch screen digital display Brinell hardness tester"},{"@type":"BreadcrumbList","@id":"https:\/\/hardnesstests.com\/product\/pchbst-3000-visual-touch-screen-digital-display-brinell-hardness-tester\/#breadcrumb","itemListElement":[{"@type":"ListItem","position":1,"name":"\u9996\u9875","item":"https:\/\/hardnesstests.com\/"},{"@type":"ListItem","position":2,"name":"products","item":"https:\/\/hardnesstests.com\/products\/"},{"@type":"ListItem","position":3,"name":"(PCHBST-3000) visual touch screen digital display Brinell hardness tester"}]},{"@type":"WebSite","@id":"https:\/\/hardnesstests.com\/tr\/#website","url":"https:\/\/hardnesstests.com\/tr\/","name":"hardnesstests","description":"","publisher":{"@id":"https:\/\/hardnesstests.com\/tr\/#organization"},"potentialAction":[{"@type":"SearchAction","target":{"@type":"EntryPoint","urlTemplate":"https:\/\/hardnesstests.com\/tr\/?s={search_term_string}"},"query-input":{"@type":"PropertyValueSpecification","valueRequired":true,"valueName":"search_term_string"}}],"inLanguage":"tr"},{"@type":"Organization","@id":"https:\/\/hardnesstests.com\/tr\/#organization","name":"hardnesstests","url":"https:\/\/hardnesstests.com\/tr\/","logo":{"@type":"ImageObject","inLanguage":"tr","@id":"https:\/\/hardnesstests.com\/tr\/#\/schema\/logo\/image\/","url":"https:\/\/hardnesstests.com\/wp-content\/uploads\/2021\/08\/\u5fae\u4fe1\u56fe\u7247_20251029102004_335_1287.png","contentUrl":"https:\/\/hardnesstests.com\/wp-content\/uploads\/2021\/08\/\u5fae\u4fe1\u56fe\u7247_20251029102004_335_1287.png","width":1308,"height":467,"caption":"hardnesstests"},"image":{"@id":"https:\/\/hardnesstests.com\/tr\/#\/schema\/logo\/image\/"}}]}},"_links":{"self":[{"href":"https:\/\/hardnesstests.com\/tr\/wp-json\/wp\/v2\/product\/29671","targetHints":{"allow":["GET"]}}],"collection":[{"href":"https:\/\/hardnesstests.com\/tr\/wp-json\/wp\/v2\/product"}],"about":[{"href":"https:\/\/hardnesstests.com\/tr\/wp-json\/wp\/v2\/types\/product"}],"replies":[{"embeddable":true,"href":"https:\/\/hardnesstests.com\/tr\/wp-json\/wp\/v2\/comments?post=29671"}],"version-history":[{"count":3,"href":"https:\/\/hardnesstests.com\/tr\/wp-json\/wp\/v2\/product\/29671\/revisions"}],"predecessor-version":[{"id":29714,"href":"https:\/\/hardnesstests.com\/tr\/wp-json\/wp\/v2\/product\/29671\/revisions\/29714"}],"wp:featuredmedia":[{"embeddable":true,"href":"https:\/\/hardnesstests.com\/tr\/wp-json\/wp\/v2\/media\/29672"}],"wp:attachment":[{"href":"https:\/\/hardnesstests.com\/tr\/wp-json\/wp\/v2\/media?parent=29671"}],"wp:term":[{"taxonomy":"product_brand","embeddable":true,"href":"https:\/\/hardnesstests.com\/tr\/wp-json\/wp\/v2\/product_brand?post=29671"},{"taxonomy":"product_cat","embeddable":true,"href":"https:\/\/hardnesstests.com\/tr\/wp-json\/wp\/v2\/product_cat?post=29671"},{"taxonomy":"product_tag","embeddable":true,"href":"https:\/\/hardnesstests.com\/tr\/wp-json\/wp\/v2\/product_tag?post=29671"}],"curies":[{"name":"wp","href":"https:\/\/api.w.org\/{rel}","templated":true}]}}