{"id":29662,"date":"2025-11-26T07:31:23","date_gmt":"2025-11-26T07:31:23","guid":{"rendered":"https:\/\/hardnesstests.com\/?post_type=product&#038;p=29662"},"modified":"2026-02-14T20:40:28","modified_gmt":"2026-02-14T20:40:28","slug":"pchbst-3000z-embedded-integrated-intelligent-visual-brinell-hardness-tester","status":"publish","type":"product","link":"https:\/\/hardnesstests.com\/tr\/urun\/pchbst-3000z-embedded-integrated-intelligent-visual-brinell-hardness-tester\/","title":{"rendered":"PCHBST-3000Z (G\u00f6m\u00fcl\u00fc Entegre Ak\u0131ll\u0131 G\u00f6rsel Brinell Sertlik Test Cihaz\u0131)"},"content":{"rendered":"<h1 style=\"font-weight: 400;\"><strong>Main functions and features of hardness tester:<\/strong><\/h1>\n<ol>\n<li style=\"font-weight: 400;\">This machine has the characteristics of high precision, high repeatability and stability, simple operation, convenience and practicality, etc.<\/li>\n<li style=\"font-weight: 400;\">11 test kuvveti seviyesine sahiptir ve daha geni\u015f bir aral\u0131\u011f\u0131 test edebilir;<\/li>\n<li style=\"font-weight: 400;\">Automatic turret, automatic rotation of the indenter and objective lens<\/li>\n<li style=\"font-weight: 400;\">The operating system can be switched between Chinese and English<\/li>\n<li style=\"font-weight: 400;\">Connecting to the computer can directly measure data and transfer it to the computer for editing and saving;<\/li>\n<li style=\"font-weight: 400;\">Equipped with high-performance stepper motor to automatically load and unload test force, the noise generated during the test is smaller<\/li>\n<li style=\"font-weight: 400;\">Using photoelectric sensing technology and microcomputer control system, it can automatically compensate, and the test results are accurate and stable;<\/li>\n<li style=\"font-weight: 400;\">Automatically input the indentation diameter and directly display the hardness value. It can realize dual display of any hardness unit to avoid the tediousness of table lookup;<\/li>\n<li style=\"font-weight: 400;\">Self-designed high-magnification LED optical measurement, high image clarity, adjustable brightness, and long-term operation without fatigue;<\/li>\n<li style=\"font-weight: 400;\">The shell is cast once, the structure is stable and not deformed, and it can work in a relatively harsh environment;<\/li>\n<li style=\"font-weight: 400;\">\u00a0The surface is treated with automotive paint technology, with strong scratch resistance, and it is still bright as new after many years of use;<\/li>\n<\/ol>\n<h1 style=\"font-weight: 400;\"><strong>Ana kullan\u0131m alanlar\u0131 ve kullan\u0131m kapsam\u0131:<\/strong><\/h1>\n<ol>\n<li style=\"font-weight: 400;\">Malzemenin kapsaml\u0131 performans\u0131n\u0131 yans\u0131tabilen b\u00fcy\u00fck taneli metal malzemelerin sertlik testi i\u00e7in uygundur;<\/li>\n<li style=\"font-weight: 400;\">Cast iron, steel, non-ferrous metals, especially for softer metals, such as pure aluminum, lead, tin, etc.<\/li>\n<li style=\"font-weight: 400;\">Can be used for hardness test of some non-metallic materials such as hard plastics and bakelite<\/li>\n<\/ol>\n<h1 style=\"font-weight: 400;\"><strong>Teknik parametreler:<\/strong><\/h1>\n<table>\n<tbody>\n<tr>\n<td width=\"138\">\u00dcr\u00fcn modeli<\/td>\n<td width=\"450\">PCHBST-3000Z<\/td>\n<\/tr>\n<tr>\n<td width=\"138\">Brinell \u00f6l\u00e7e\u011fi<\/td>\n<td width=\"450\">HBW2.5\/31.25, HBW2.5\/62.5, HBW2.5\/187.5, HBW5\/62.5 HBW5\/125, HBW5\/250, HBW5\/750 HBW10\/100 HBW10\/250 HBW10\/500, HBW10\/1000 HBW10\/1500 HBW10\/3000<\/td>\n<\/tr>\n<tr>\n<td width=\"138\">Test kuvveti (11 seviye)<\/td>\n<td width=\"450\">31.25kgf(306.5N)62.5kgf(612.9N)100kgf(980.7N)125kgf(1226N)187.5kgf (1839N)250kgf(2452N)500kgf(4903N)750kgf(7355N)1000kgf(8907N)1500kgf (14710N)3000kgf(29420N)<\/td>\n<\/tr>\n<tr>\n<td width=\"138\">Y\u00fck kontrol\u00fc<\/td>\n<td width=\"450\">Otomatik (y\u00fckleme\/tutma\/bo\u015faltma)<\/td>\n<\/tr>\n<tr>\n<td width=\"138\">Maksimum test par\u00e7as\u0131 y\u00fcksekli\u011fi<\/td>\n<td width=\"450\">220mm<\/td>\n<\/tr>\n<tr>\n<td width=\"138\">Distance between indenter and outer wall<\/td>\n<td width=\"450\">135 mm<\/td>\n<\/tr>\n<tr>\n<td width=\"138\">Distance between indenter and upper wall<\/td>\n<td width=\"450\">55mm (the distance between the pressure head and the upper machine wall can be increased by customizing the pressure head)<\/td>\n<\/tr>\n<tr>\n<td width=\"138\">Minimum measurement unit<\/td>\n<td width=\"450\">0.125um<\/td>\n<\/tr>\n<tr>\n<td width=\"138\">Bekleme s\u00fcresi<\/td>\n<td width=\"450\">0~60s<\/td>\n<\/tr>\n<tr>\n<td width=\"138\">Sertlik test aral\u0131\u011f\u0131<\/td>\n<td width=\"450\">8~650HBW<\/td>\n<\/tr>\n<tr>\n<td width=\"138\">Taret<\/td>\n<td width=\"450\">Otomatik taret<\/td>\n<\/tr>\n<tr>\n<td width=\"138\">Sertlik okumas\u0131<\/td>\n<td width=\"450\">PC automatically measures hardness<\/td>\n<\/tr>\n<tr>\n<td width=\"138\">Hata d\u00fczeltme<\/td>\n<td width=\"450\">The system calibrates hardness at any time<\/td>\n<\/tr>\n<tr>\n<td width=\"138\">Nitelikli yarg\u0131<\/td>\n<td width=\"450\">Nitelikli aral\u0131k ayarlanabilir ve makine otomatik olarak nitelikli olup olmad\u0131\u011f\u0131n\u0131 hat\u0131rlat\u0131r<\/td>\n<\/tr>\n<tr>\n<td width=\"138\">Toplam b\u00fcy\u00fctme<\/td>\n<td width=\"450\">20X<\/td>\n<\/tr>\n<tr>\n<td width=\"138\">Uygulama standard\u0131<\/td>\n<td width=\"450\">EN ISO 6506, , ASTM E-10-08, GB\/T231.2, JJG150 -2005<\/td>\n<\/tr>\n<tr>\n<td width=\"138\">Veri \u00e7\u0131k\u0131\u015f\u0131<\/td>\n<td width=\"450\">The computer directly saves the test data<\/td>\n<\/tr>\n<tr>\n<td width=\"138\">G\u00fc\u00e7 kayna\u011f\u0131<\/td>\n<td width=\"450\">AC220+5%, 50~60Hz<\/td>\n<\/tr>\n<tr>\n<td width=\"138\">Boyutlar (mm)<\/td>\n<td width=\"450\">520*210*745mm<\/td>\n<\/tr>\n<tr>\n<td width=\"138\">Ana \u00fcnite a\u011f\u0131rl\u0131\u011f\u0131<\/td>\n<td width=\"450\">125kg<\/td>\n<\/tr>\n<\/tbody>\n<\/table>","protected":false},"excerpt":{"rendered":"<p>PCHBST-3000Z touch screen digital display Brinell hardness tester, just operate a touch tablet computer, easily get the measurement done! And all the parameters required for the test can be directly selected, modified, and analyzed on the computer. The PC end is connected to the hardness tester in series through the communication protocol to control the mechanical moving parts of the hardness tester, which can achieve: automatic multi-function tower position, automatic identification of the objective lens and the indenter, automatic loading, automatic load retention, automatic unloading, and light brightness. By linking the built-in CCD measurement and acquisition system, the clear indentation image dynamics can be displayed on the PC in real time, and the indentation can be directly locked to automatically measure the hardness value, automatically save the test data, and generate a report. The operation is very simple and fast, eliminating human measurement errors. . With the tablet computer as the platform, more application functions can be expanded through the Internet, and external monitors, printers and other devices can also be<\/p>","protected":false},"featured_media":29666,"comment_status":"open","ping_status":"closed","template":"","meta":[],"product_brand":[],"product_cat":[75,70],"product_tag":[105],"class_list":{"0":"post-29662","1":"product","2":"type-product","3":"status-publish","4":"has-post-thumbnail","6":"product_cat-brinell-hardness-tester","7":"product_cat-hardness-tester","8":"product_tag-brinell-hardness-tester","10":"first","11":"instock","12":"shipping-taxable","13":"product-type-simple"},"yoast_head":"<!-- This site is optimized with the Yoast SEO Premium plugin v25.4 (Yoast SEO v27.4) - https:\/\/yoast.com\/product\/yoast-seo-premium-wordpress\/ -->\n<title>PCHBST-3000Z (Embedded Integrated Intelligent Visual Brinell Hardness Tester) - hardnesstests<\/title>\n<meta name=\"robots\" content=\"index, follow, max-snippet:-1, max-image-preview:large, max-video-preview:-1\" \/>\n<link rel=\"canonical\" href=\"https:\/\/hardnesstests.com\/tr\/urun\/pchbst-3000z-embedded-integrated-intelligent-visual-brinell-hardness-tester\/\" \/>\n<meta property=\"og:locale\" content=\"tr_TR\" \/>\n<meta property=\"og:type\" content=\"article\" \/>\n<meta property=\"og:title\" content=\"PCHBST-3000Z (Embedded Integrated Intelligent Visual Brinell Hardness Tester)\" \/>\n<meta property=\"og:description\" content=\"PCHBST-3000Z touch screen digital display Brinell hardness tester, just operate a touch tablet computer, easily get the measurement done! And all the parameters required for the test can be directly selected, modified, and analyzed on the computer. The PC end is connected to the hardness tester in series through the communication protocol to control the mechanical moving parts of the hardness tester, which can achieve: automatic multi-function tower position, automatic identification of the objective lens and the indenter, automatic loading, automatic load retention, automatic unloading, and light brightness. By linking the built-in CCD measurement and acquisition system, the clear indentation image dynamics can be displayed on the PC in real time, and the indentation can be directly locked to automatically measure the hardness value, automatically save the test data, and generate a report. The operation is very simple and fast, eliminating human measurement errors. . With the tablet computer as the platform, more application functions can be expanded through the Internet, and external monitors, printers and other devices can also be\" \/>\n<meta property=\"og:url\" content=\"https:\/\/hardnesstests.com\/tr\/urun\/pchbst-3000z-embedded-integrated-intelligent-visual-brinell-hardness-tester\/\" \/>\n<meta property=\"og:site_name\" content=\"hardnesstests\" \/>\n<meta property=\"article:modified_time\" content=\"2026-02-14T20:40:28+00:00\" \/>\n<meta property=\"og:image\" content=\"https:\/\/hardnesstests.com\/wp-content\/uploads\/2025\/11\/PCHBST-3000Z\u5d4c\u5165\u5f0f\u96c6\u6210\u667a\u80fd\u89c6\u89c9\u5e03\u6c0f\u786c\u5ea6\u8ba1.jpg\" \/>\n\t<meta property=\"og:image:width\" content=\"800\" \/>\n\t<meta property=\"og:image:height\" content=\"800\" \/>\n\t<meta property=\"og:image:type\" content=\"image\/jpeg\" \/>\n<meta name=\"twitter:card\" content=\"summary_large_image\" \/>\n<meta name=\"twitter:label1\" content=\"Tahmini okuma s\u00fcresi\" \/>\n\t<meta name=\"twitter:data1\" content=\"2 dakika\" \/>\n<script type=\"application\/ld+json\" class=\"yoast-schema-graph\">{\"@context\":\"https:\\\/\\\/schema.org\",\"@graph\":[{\"@type\":\"WebPage\",\"@id\":\"https:\\\/\\\/hardnesstests.com\\\/product\\\/pchbst-3000z-embedded-integrated-intelligent-visual-brinell-hardness-tester\\\/\",\"url\":\"https:\\\/\\\/hardnesstests.com\\\/product\\\/pchbst-3000z-embedded-integrated-intelligent-visual-brinell-hardness-tester\\\/\",\"name\":\"PCHBST-3000Z (Embedded Integrated Intelligent Visual Brinell Hardness Tester) - hardnesstests\",\"isPartOf\":{\"@id\":\"https:\\\/\\\/hardnesstests.com\\\/tr\\\/#website\"},\"primaryImageOfPage\":{\"@id\":\"https:\\\/\\\/hardnesstests.com\\\/product\\\/pchbst-3000z-embedded-integrated-intelligent-visual-brinell-hardness-tester\\\/#primaryimage\"},\"image\":{\"@id\":\"https:\\\/\\\/hardnesstests.com\\\/product\\\/pchbst-3000z-embedded-integrated-intelligent-visual-brinell-hardness-tester\\\/#primaryimage\"},\"thumbnailUrl\":\"https:\\\/\\\/hardnesstests.com\\\/wp-content\\\/uploads\\\/2025\\\/11\\\/PCHBST-3000Z\u5d4c\u5165\u5f0f\u96c6\u6210\u667a\u80fd\u89c6\u89c9\u5e03\u6c0f\u786c\u5ea6\u8ba1.jpg\",\"datePublished\":\"2025-11-26T07:31:23+00:00\",\"dateModified\":\"2026-02-14T20:40:28+00:00\",\"breadcrumb\":{\"@id\":\"https:\\\/\\\/hardnesstests.com\\\/product\\\/pchbst-3000z-embedded-integrated-intelligent-visual-brinell-hardness-tester\\\/#breadcrumb\"},\"inLanguage\":\"tr\",\"potentialAction\":[{\"@type\":\"ReadAction\",\"target\":[\"https:\\\/\\\/hardnesstests.com\\\/product\\\/pchbst-3000z-embedded-integrated-intelligent-visual-brinell-hardness-tester\\\/\"]}]},{\"@type\":\"ImageObject\",\"inLanguage\":\"tr\",\"@id\":\"https:\\\/\\\/hardnesstests.com\\\/product\\\/pchbst-3000z-embedded-integrated-intelligent-visual-brinell-hardness-tester\\\/#primaryimage\",\"url\":\"https:\\\/\\\/hardnesstests.com\\\/wp-content\\\/uploads\\\/2025\\\/11\\\/PCHBST-3000Z\u5d4c\u5165\u5f0f\u96c6\u6210\u667a\u80fd\u89c6\u89c9\u5e03\u6c0f\u786c\u5ea6\u8ba1.jpg\",\"contentUrl\":\"https:\\\/\\\/hardnesstests.com\\\/wp-content\\\/uploads\\\/2025\\\/11\\\/PCHBST-3000Z\u5d4c\u5165\u5f0f\u96c6\u6210\u667a\u80fd\u89c6\u89c9\u5e03\u6c0f\u786c\u5ea6\u8ba1.jpg\",\"width\":800,\"height\":800,\"caption\":\"PCHBST-3000Z (Embedded Integrated Intelligent Visual Brinell Hardness Tester)\"},{\"@type\":\"BreadcrumbList\",\"@id\":\"https:\\\/\\\/hardnesstests.com\\\/product\\\/pchbst-3000z-embedded-integrated-intelligent-visual-brinell-hardness-tester\\\/#breadcrumb\",\"itemListElement\":[{\"@type\":\"ListItem\",\"position\":1,\"name\":\"\u9996\u9875\",\"item\":\"https:\\\/\\\/hardnesstests.com\\\/\"},{\"@type\":\"ListItem\",\"position\":2,\"name\":\"products\",\"item\":\"https:\\\/\\\/hardnesstests.com\\\/products\\\/\"},{\"@type\":\"ListItem\",\"position\":3,\"name\":\"PCHBST-3000Z (Embedded Integrated Intelligent Visual Brinell Hardness Tester)\"}]},{\"@type\":\"WebSite\",\"@id\":\"https:\\\/\\\/hardnesstests.com\\\/tr\\\/#website\",\"url\":\"https:\\\/\\\/hardnesstests.com\\\/tr\\\/\",\"name\":\"hardnesstests\",\"description\":\"\",\"publisher\":{\"@id\":\"https:\\\/\\\/hardnesstests.com\\\/tr\\\/#organization\"},\"potentialAction\":[{\"@type\":\"SearchAction\",\"target\":{\"@type\":\"EntryPoint\",\"urlTemplate\":\"https:\\\/\\\/hardnesstests.com\\\/tr\\\/?s={search_term_string}\"},\"query-input\":{\"@type\":\"PropertyValueSpecification\",\"valueRequired\":true,\"valueName\":\"search_term_string\"}}],\"inLanguage\":\"tr\"},{\"@type\":\"Organization\",\"@id\":\"https:\\\/\\\/hardnesstests.com\\\/tr\\\/#organization\",\"name\":\"hardnesstests\",\"url\":\"https:\\\/\\\/hardnesstests.com\\\/tr\\\/\",\"logo\":{\"@type\":\"ImageObject\",\"inLanguage\":\"tr\",\"@id\":\"https:\\\/\\\/hardnesstests.com\\\/tr\\\/#\\\/schema\\\/logo\\\/image\\\/\",\"url\":\"https:\\\/\\\/hardnesstests.com\\\/wp-content\\\/uploads\\\/2021\\\/08\\\/\u5fae\u4fe1\u56fe\u7247_20251029102004_335_1287.png\",\"contentUrl\":\"https:\\\/\\\/hardnesstests.com\\\/wp-content\\\/uploads\\\/2021\\\/08\\\/\u5fae\u4fe1\u56fe\u7247_20251029102004_335_1287.png\",\"width\":1308,\"height\":467,\"caption\":\"hardnesstests\"},\"image\":{\"@id\":\"https:\\\/\\\/hardnesstests.com\\\/tr\\\/#\\\/schema\\\/logo\\\/image\\\/\"}}]}<\/script>\n<!-- \/ Yoast SEO Premium plugin. -->","yoast_head_json":{"title":"PCHBST-3000Z (Embedded Integrated Intelligent Visual Brinell Hardness Tester) - hardnesstests","robots":{"index":"index","follow":"follow","max-snippet":"max-snippet:-1","max-image-preview":"max-image-preview:large","max-video-preview":"max-video-preview:-1"},"canonical":"https:\/\/hardnesstests.com\/tr\/urun\/pchbst-3000z-embedded-integrated-intelligent-visual-brinell-hardness-tester\/","og_locale":"tr_TR","og_type":"article","og_title":"PCHBST-3000Z (Embedded Integrated Intelligent Visual Brinell Hardness Tester)","og_description":"PCHBST-3000Z touch screen digital display Brinell hardness tester, just operate a touch tablet computer, easily get the measurement done! And all the parameters required for the test can be directly selected, modified, and analyzed on the computer. The PC end is connected to the hardness tester in series through the communication protocol to control the mechanical moving parts of the hardness tester, which can achieve: automatic multi-function tower position, automatic identification of the objective lens and the indenter, automatic loading, automatic load retention, automatic unloading, and light brightness. By linking the built-in CCD measurement and acquisition system, the clear indentation image dynamics can be displayed on the PC in real time, and the indentation can be directly locked to automatically measure the hardness value, automatically save the test data, and generate a report. The operation is very simple and fast, eliminating human measurement errors. . With the tablet computer as the platform, more application functions can be expanded through the Internet, and external monitors, printers and other devices can also be","og_url":"https:\/\/hardnesstests.com\/tr\/urun\/pchbst-3000z-embedded-integrated-intelligent-visual-brinell-hardness-tester\/","og_site_name":"hardnesstests","article_modified_time":"2026-02-14T20:40:28+00:00","og_image":[{"width":800,"height":800,"url":"https:\/\/hardnesstests.com\/wp-content\/uploads\/2025\/11\/PCHBST-3000Z\u5d4c\u5165\u5f0f\u96c6\u6210\u667a\u80fd\u89c6\u89c9\u5e03\u6c0f\u786c\u5ea6\u8ba1.jpg","type":"image\/jpeg"}],"twitter_card":"summary_large_image","twitter_misc":{"Tahmini okuma s\u00fcresi":"2 dakika"},"schema":{"@context":"https:\/\/schema.org","@graph":[{"@type":"WebPage","@id":"https:\/\/hardnesstests.com\/product\/pchbst-3000z-embedded-integrated-intelligent-visual-brinell-hardness-tester\/","url":"https:\/\/hardnesstests.com\/product\/pchbst-3000z-embedded-integrated-intelligent-visual-brinell-hardness-tester\/","name":"PCHBST-3000Z (Embedded Integrated Intelligent Visual Brinell Hardness Tester) - hardnesstests","isPartOf":{"@id":"https:\/\/hardnesstests.com\/tr\/#website"},"primaryImageOfPage":{"@id":"https:\/\/hardnesstests.com\/product\/pchbst-3000z-embedded-integrated-intelligent-visual-brinell-hardness-tester\/#primaryimage"},"image":{"@id":"https:\/\/hardnesstests.com\/product\/pchbst-3000z-embedded-integrated-intelligent-visual-brinell-hardness-tester\/#primaryimage"},"thumbnailUrl":"https:\/\/hardnesstests.com\/wp-content\/uploads\/2025\/11\/PCHBST-3000Z\u5d4c\u5165\u5f0f\u96c6\u6210\u667a\u80fd\u89c6\u89c9\u5e03\u6c0f\u786c\u5ea6\u8ba1.jpg","datePublished":"2025-11-26T07:31:23+00:00","dateModified":"2026-02-14T20:40:28+00:00","breadcrumb":{"@id":"https:\/\/hardnesstests.com\/product\/pchbst-3000z-embedded-integrated-intelligent-visual-brinell-hardness-tester\/#breadcrumb"},"inLanguage":"tr","potentialAction":[{"@type":"ReadAction","target":["https:\/\/hardnesstests.com\/product\/pchbst-3000z-embedded-integrated-intelligent-visual-brinell-hardness-tester\/"]}]},{"@type":"ImageObject","inLanguage":"tr","@id":"https:\/\/hardnesstests.com\/product\/pchbst-3000z-embedded-integrated-intelligent-visual-brinell-hardness-tester\/#primaryimage","url":"https:\/\/hardnesstests.com\/wp-content\/uploads\/2025\/11\/PCHBST-3000Z\u5d4c\u5165\u5f0f\u96c6\u6210\u667a\u80fd\u89c6\u89c9\u5e03\u6c0f\u786c\u5ea6\u8ba1.jpg","contentUrl":"https:\/\/hardnesstests.com\/wp-content\/uploads\/2025\/11\/PCHBST-3000Z\u5d4c\u5165\u5f0f\u96c6\u6210\u667a\u80fd\u89c6\u89c9\u5e03\u6c0f\u786c\u5ea6\u8ba1.jpg","width":800,"height":800,"caption":"PCHBST-3000Z (Embedded Integrated Intelligent Visual Brinell Hardness Tester)"},{"@type":"BreadcrumbList","@id":"https:\/\/hardnesstests.com\/product\/pchbst-3000z-embedded-integrated-intelligent-visual-brinell-hardness-tester\/#breadcrumb","itemListElement":[{"@type":"ListItem","position":1,"name":"\u9996\u9875","item":"https:\/\/hardnesstests.com\/"},{"@type":"ListItem","position":2,"name":"products","item":"https:\/\/hardnesstests.com\/products\/"},{"@type":"ListItem","position":3,"name":"PCHBST-3000Z (Embedded Integrated Intelligent Visual Brinell Hardness Tester)"}]},{"@type":"WebSite","@id":"https:\/\/hardnesstests.com\/tr\/#website","url":"https:\/\/hardnesstests.com\/tr\/","name":"hardnesstests","description":"","publisher":{"@id":"https:\/\/hardnesstests.com\/tr\/#organization"},"potentialAction":[{"@type":"SearchAction","target":{"@type":"EntryPoint","urlTemplate":"https:\/\/hardnesstests.com\/tr\/?s={search_term_string}"},"query-input":{"@type":"PropertyValueSpecification","valueRequired":true,"valueName":"search_term_string"}}],"inLanguage":"tr"},{"@type":"Organization","@id":"https:\/\/hardnesstests.com\/tr\/#organization","name":"hardnesstests","url":"https:\/\/hardnesstests.com\/tr\/","logo":{"@type":"ImageObject","inLanguage":"tr","@id":"https:\/\/hardnesstests.com\/tr\/#\/schema\/logo\/image\/","url":"https:\/\/hardnesstests.com\/wp-content\/uploads\/2021\/08\/\u5fae\u4fe1\u56fe\u7247_20251029102004_335_1287.png","contentUrl":"https:\/\/hardnesstests.com\/wp-content\/uploads\/2021\/08\/\u5fae\u4fe1\u56fe\u7247_20251029102004_335_1287.png","width":1308,"height":467,"caption":"hardnesstests"},"image":{"@id":"https:\/\/hardnesstests.com\/tr\/#\/schema\/logo\/image\/"}}]}},"_links":{"self":[{"href":"https:\/\/hardnesstests.com\/tr\/wp-json\/wp\/v2\/product\/29662","targetHints":{"allow":["GET"]}}],"collection":[{"href":"https:\/\/hardnesstests.com\/tr\/wp-json\/wp\/v2\/product"}],"about":[{"href":"https:\/\/hardnesstests.com\/tr\/wp-json\/wp\/v2\/types\/product"}],"replies":[{"embeddable":true,"href":"https:\/\/hardnesstests.com\/tr\/wp-json\/wp\/v2\/comments?post=29662"}],"version-history":[{"count":3,"href":"https:\/\/hardnesstests.com\/tr\/wp-json\/wp\/v2\/product\/29662\/revisions"}],"predecessor-version":[{"id":29710,"href":"https:\/\/hardnesstests.com\/tr\/wp-json\/wp\/v2\/product\/29662\/revisions\/29710"}],"wp:featuredmedia":[{"embeddable":true,"href":"https:\/\/hardnesstests.com\/tr\/wp-json\/wp\/v2\/media\/29666"}],"wp:attachment":[{"href":"https:\/\/hardnesstests.com\/tr\/wp-json\/wp\/v2\/media?parent=29662"}],"wp:term":[{"taxonomy":"product_brand","embeddable":true,"href":"https:\/\/hardnesstests.com\/tr\/wp-json\/wp\/v2\/product_brand?post=29662"},{"taxonomy":"product_cat","embeddable":true,"href":"https:\/\/hardnesstests.com\/tr\/wp-json\/wp\/v2\/product_cat?post=29662"},{"taxonomy":"product_tag","embeddable":true,"href":"https:\/\/hardnesstests.com\/tr\/wp-json\/wp\/v2\/product_tag?post=29662"}],"curies":[{"name":"wp","href":"https:\/\/api.w.org\/{rel}","templated":true}]}}