{"id":29657,"date":"2025-11-26T07:20:55","date_gmt":"2025-11-26T07:20:55","guid":{"rendered":"https:\/\/hardnesstests.com\/?post_type=product&#038;p=29657"},"modified":"2025-11-27T05:58:35","modified_gmt":"2025-11-27T05:58:35","slug":"hbst-3000-digital-display-brinell-hardness-tester","status":"publish","type":"product","link":"https:\/\/hardnesstests.com\/tr\/urun\/hbst-3000-digital-display-brinell-hardness-tester\/","title":{"rendered":"(HBST-3000) Dijital ekranl\u0131 Brinell sertlik test cihaz\u0131"},"content":{"rendered":"<table>\n<tbody>\n<tr>\n<td>\n<h1><strong>Ana fonksiyonlar ve \u00f6zellikler:<\/strong><\/h1>\n<\/td>\n<\/tr>\n<\/tbody>\n<\/table>\n<ol>\n<li style=\"font-weight: 400;\">Bu makine y\u00fcksek hassasiyet, y\u00fcksek tekrarlanabilirlik ve kararl\u0131l\u0131k, basit kullan\u0131m, kullan\u0131\u015fl\u0131 ve pratik ve y\u00fcksek maliyet performans\u0131 \u00f6zelliklerine sahiptir;<\/li>\n<li style=\"font-weight: 400;\">Seviye 10 test kabiliyetine sahiptir ve daha geni\u015f bir aral\u0131\u011f\u0131 test edebilir;<\/li>\n<li style=\"font-weight: 400;\">Dijital ekranl\u0131 mikrometre merce\u011fi ve do\u011fru veri hesaplama sistemi ile donat\u0131lm\u0131\u015f olup, sertlik de\u011feri tek bir dokunu\u015fla do\u011frudan g\u00f6r\u00fcnt\u00fclenebilir;<\/li>\n<li style=\"font-weight: 400;\">The system comes with a calibration function, which can manually adjust the input calibration instrument, and can also calibrate the eyepiece magnification.<\/li>\n<li style=\"font-weight: 400;\">Adjustable range of optical system brightness: 0-100<\/li>\n<li style=\"font-weight: 400;\">It can store up to 100 sets of test data<\/li>\n<li style=\"font-weight: 400;\">The operating system can be converted between Chinese and English<\/li>\n<li style=\"font-weight: 400;\">The main interface can display 5 conversion rulers at the same time<\/li>\n<li style=\"font-weight: 400;\">\u00d6l\u00e7\u00fcm verilerinin \u00e7\u0131kt\u0131s\u0131n\u0131 almak i\u00e7in dahili bir yaz\u0131c\u0131 ile donat\u0131lm\u0131\u015ft\u0131r veya ana bilgisayar\u0131n \u00f6l\u00e7\u00fcm verilerini d\u00fczenlemek ve kaydetmek \u00fczere bilgisayara iletmek i\u00e7in bilgisayara ba\u011flan\u0131r;<\/li>\n<li style=\"font-weight: 400;\">Test kuvvetini otomatik olarak y\u00fcklemek ve bo\u015faltmak i\u00e7in y\u00fcksek performansl\u0131 step motor ile donat\u0131lm\u0131\u015ft\u0131r, test s\u0131ras\u0131nda olu\u015fan g\u00fcr\u00fclt\u00fc daha azd\u0131r<\/li>\n<li style=\"font-weight: 400;\">Fotoelektrik sens\u00f6r teknolojisi ve mikrobilgisayar kontrol sistemi kullanarak otomatik olarak telafi edebilir ve test sonu\u00e7lar\u0131 do\u011fru ve kararl\u0131d\u0131r;<\/li>\n<li style=\"font-weight: 400;\">Girinti \u00e7ap\u0131n\u0131 otomatik olarak girin ve sertlik de\u011ferini do\u011frudan g\u00f6r\u00fcnt\u00fcleyin; bu, herhangi bir sertlik biriminin ikili g\u00f6sterimini ger\u00e7ekle\u015ftirebilir ve hantal kontrol tablosundan ka\u00e7\u0131n\u0131r;<\/li>\n<li style=\"font-weight: 400;\">Y\u00fcksek b\u00fcy\u00fctmeli LED optik \u00f6l\u00e7\u00fcm\u00fcn ba\u011f\u0131ms\u0131z tasar\u0131m\u0131, y\u00fcksek g\u00f6r\u00fcnt\u00fc netli\u011fi, ayarlanabilir parlakl\u0131k, uzun s\u00fcreli \u00e7al\u0131\u015fma yorgunluk i\u00e7in uygun de\u011fildir;<\/li>\n<li style=\"font-weight: 400;\">Kabuk tek seferde d\u00f6k\u00fcl\u00fcr, yap\u0131 stabildir ve deforme olmaz ve nispeten sert bir ortamda \u00e7al\u0131\u015fabilir;<\/li>\n<li style=\"font-weight: 400;\">The surface is treated with the car paint process, which has strong scratching ability and is still bright as new after years of use;<\/li>\n<\/ol>\n<h1 style=\"font-weight: 400;\"><strong>Ana ama\u00e7 ve kullan\u0131m kapsam\u0131:<\/strong><\/h1>\n<ol>\n<li style=\"font-weight: 400;\">It is suitable for the hardness tester test of metal materials with large grains, which can reflect the comprehensive performance of the material;<\/li>\n<li style=\"font-weight: 400;\">Cast iron, steel, non-ferrous metals, especially for softer metals, such as pure aluminum, lead, tin, etc.<\/li>\n<li style=\"font-weight: 400;\">It can be used to measure the hardness of some non-metallic materials such as hard plastics, bakelite, etc.<\/li>\n<\/ol>\n<table>\n<tbody>\n<tr>\n<td>\n<h1><strong>Teknik parametre:<\/strong><\/h1>\n<\/td>\n<\/tr>\n<\/tbody>\n<\/table>\n<table>\n<tbody>\n<tr>\n<td width=\"138\">Product number<\/td>\n<td width=\"450\">HBST-3000<\/td>\n<\/tr>\n<tr>\n<td width=\"138\">Brinell ruler<\/td>\n<td width=\"450\">HBW2.5\/62.5 HBW2.5\/187.5 HBW5\/62.5 HBW5\/125 HBW5\/250 HBW5\/750 HBW10\/100\u3001 HBW10\/250 HBW10\/500 HBW10\/1000 HBW10\/1500 HBW10\/3000<\/td>\n<\/tr>\n<tr>\n<td width=\"138\">Test kuvveti<\/td>\n<td width=\"450\">62.5kgf(612.9N)100kgf(980.7N)125kgf(1226N)187.5kgf(1839N)250kgf(2452N)500kgf(4903N)750kgf(7355N)1000kgf(8907N)1500kgf(14710N)3000kgf(29420N)<\/td>\n<\/tr>\n<tr>\n<td width=\"138\">Y\u00fck kontrol\u00fc<\/td>\n<td width=\"450\">Automatic (loading\/loading\/unloading)<\/td>\n<\/tr>\n<tr>\n<td width=\"138\">Maximum height of the test piece<\/td>\n<td width=\"450\">220mm<\/td>\n<\/tr>\n<tr>\n<td width=\"138\">Girinti-\u00e7\u0131k\u0131nt\u0131 duvar\u0131 mesafesi<\/td>\n<td width=\"450\">135 mm<\/td>\n<\/tr>\n<tr>\n<td width=\"138\">\u0130ndenter-\u00fcst duvar mesafesi<\/td>\n<td width=\"450\">55mm\uff08The head to the upper wall can be increased by customizing the indenter\uff09<\/td>\n<\/tr>\n<tr>\n<td width=\"138\">Minimum unit of measure<\/td>\n<td width=\"450\">0.125um<\/td>\n<\/tr>\n<tr>\n<td width=\"138\">Time of protection<\/td>\n<td width=\"450\">0~60s<\/td>\n<\/tr>\n<tr>\n<td width=\"138\">Sertlik test aral\u0131\u011f\u0131<\/td>\n<td width=\"450\">3.18~653HBW<\/td>\n<\/tr>\n<tr>\n<td width=\"138\">Toplam b\u00fcy\u00fctme<\/td>\n<td width=\"450\">20X<\/td>\n<\/tr>\n<tr>\n<td width=\"138\">Y\u00f6netici standard\u0131<\/td>\n<td width=\"450\">EN ISO 6506, , ASTM E-10-08, GB\/T231.2\uff0cJJG150 -2005<\/td>\n<\/tr>\n<tr>\n<td width=\"138\">Sertlik okumas\u0131<\/td>\n<td width=\"450\">Otomatik hesaplama<\/td>\n<\/tr>\n<tr>\n<td width=\"138\">Veri \u00e7\u0131k\u0131\u015f\u0131<\/td>\n<td width=\"450\">Built-in printer, HyperTerminal.<\/td>\n<\/tr>\n<tr>\n<td width=\"138\">G\u00fc\u00e7 kayna\u011f\u0131<\/td>\n<td width=\"450\">AC220<u>+<\/u>5%, 50~60Hz<\/td>\n<\/tr>\n<tr>\n<td width=\"138\">Dimensions(mm)<\/td>\n<td width=\"450\">520*210*745mm<\/td>\n<\/tr>\n<tr>\n<td width=\"138\">Weight of host<\/td>\n<td width=\"450\">Yakla\u015f\u0131k 125kg<\/td>\n<\/tr>\n<\/tbody>\n<\/table>","protected":false},"excerpt":{"rendered":"<p>HBST-3000 touch screen digital display Brinell hardness tester, the software system adopts computer intelligent programming, uses photoelectric sensor technology, through independent selection of test conditions, the test method, upper and lower limit range, and pressure measurement can be displayed on the 5.6-inch touch multifunctional display Trace length, hardness value, conversion value, test force, retention time, number of measurements, and can enter year, month, date, test results and data processing, etc., and can output measurement data through a built-in printer or connect to a computer through a data interface net. The optical system adopts high-magnification LED optical measurement, the image clarity is high, the brightness is adjustable, and the long-term operation is not suitable for fatigue. The hardware system adopts advanced electronic sensor loading technology. Through the closed-loop control system, the CPU controls the sensor to collect signals. The stepper motor automatically loads and unloads the test force, and can automatically compensate the test force to ensure more accurate force values and better indications. stability. At the same time, it is equipped with an emergency stop device, which meets the EU CE safety standards. With humanized operability, more reliable stability and safety.<\/p>","protected":false},"featured_media":29658,"comment_status":"open","ping_status":"closed","template":"","meta":[],"product_brand":[],"product_cat":[75,70],"product_tag":[105],"class_list":{"0":"post-29657","1":"product","2":"type-product","3":"status-publish","4":"has-post-thumbnail","6":"product_cat-brinell-hardness-tester","7":"product_cat-hardness-tester","8":"product_tag-brinell-hardness-tester","10":"first","11":"instock","12":"shipping-taxable","13":"product-type-simple"},"yoast_head":"<!-- This site is optimized with the Yoast SEO Premium plugin v25.4 (Yoast SEO v27.4) - https:\/\/yoast.com\/product\/yoast-seo-premium-wordpress\/ -->\n<title>(HBST-3000) Digital display Brinell hardness tester - hardnesstests<\/title>\n<meta name=\"robots\" content=\"index, follow, max-snippet:-1, max-image-preview:large, max-video-preview:-1\" \/>\n<link rel=\"canonical\" href=\"https:\/\/hardnesstests.com\/tr\/urun\/hbst-3000-digital-display-brinell-hardness-tester\/\" \/>\n<meta property=\"og:locale\" content=\"tr_TR\" \/>\n<meta property=\"og:type\" content=\"article\" \/>\n<meta property=\"og:title\" content=\"(HBST-3000) Digital display Brinell hardness tester\" \/>\n<meta property=\"og:description\" content=\"HBST-3000 touch screen digital display Brinell hardness tester, the software system adopts computer intelligent programming, uses photoelectric sensor technology, through independent selection of test conditions, the test method, upper and lower limit range, and pressure measurement can be displayed on the 5.6-inch touch multifunctional display Trace length, hardness value, conversion value, test force, retention time, number of measurements, and can enter year, month, date, test results and data processing, etc., and can output measurement data through a built-in printer or connect to a computer through a data interface net. The optical system adopts high-magnification LED optical measurement, the image clarity is high, the brightness is adjustable, and the long-term operation is not suitable for fatigue. The hardware system adopts advanced electronic sensor loading technology. Through the closed-loop control system, the CPU controls the sensor to collect signals. The stepper motor automatically loads and unloads the test force, and can automatically compensate the test force to ensure more accurate force values and better indications. stability. At the same time, it is equipped with an emergency stop device, which meets the EU CE safety standards. With humanized operability, more reliable stability and safety.\" \/>\n<meta property=\"og:url\" content=\"https:\/\/hardnesstests.com\/tr\/urun\/hbst-3000-digital-display-brinell-hardness-tester\/\" \/>\n<meta property=\"og:site_name\" content=\"hardnesstests\" \/>\n<meta property=\"article:modified_time\" content=\"2025-11-27T05:58:35+00:00\" \/>\n<meta property=\"og:image\" content=\"https:\/\/hardnesstests.com\/wp-content\/uploads\/2025\/11\/HBST-3000\u6570\u663e\u5e03\u6c0f\u786c\u5ea6\u8ba1.jpg\" \/>\n\t<meta property=\"og:image:width\" content=\"800\" \/>\n\t<meta property=\"og:image:height\" content=\"800\" \/>\n\t<meta property=\"og:image:type\" content=\"image\/jpeg\" \/>\n<meta name=\"twitter:card\" content=\"summary_large_image\" \/>\n<meta name=\"twitter:label1\" content=\"Tahmini okuma s\u00fcresi\" \/>\n\t<meta name=\"twitter:data1\" content=\"2 dakika\" \/>\n<script type=\"application\/ld+json\" class=\"yoast-schema-graph\">{\"@context\":\"https:\\\/\\\/schema.org\",\"@graph\":[{\"@type\":\"WebPage\",\"@id\":\"https:\\\/\\\/hardnesstests.com\\\/product\\\/hbst-3000-digital-display-brinell-hardness-tester\\\/\",\"url\":\"https:\\\/\\\/hardnesstests.com\\\/product\\\/hbst-3000-digital-display-brinell-hardness-tester\\\/\",\"name\":\"(HBST-3000) Digital display Brinell hardness tester - hardnesstests\",\"isPartOf\":{\"@id\":\"https:\\\/\\\/hardnesstests.com\\\/tr\\\/#website\"},\"primaryImageOfPage\":{\"@id\":\"https:\\\/\\\/hardnesstests.com\\\/product\\\/hbst-3000-digital-display-brinell-hardness-tester\\\/#primaryimage\"},\"image\":{\"@id\":\"https:\\\/\\\/hardnesstests.com\\\/product\\\/hbst-3000-digital-display-brinell-hardness-tester\\\/#primaryimage\"},\"thumbnailUrl\":\"https:\\\/\\\/hardnesstests.com\\\/wp-content\\\/uploads\\\/2025\\\/11\\\/HBST-3000\u6570\u663e\u5e03\u6c0f\u786c\u5ea6\u8ba1.jpg\",\"datePublished\":\"2025-11-26T07:20:55+00:00\",\"dateModified\":\"2025-11-27T05:58:35+00:00\",\"breadcrumb\":{\"@id\":\"https:\\\/\\\/hardnesstests.com\\\/product\\\/hbst-3000-digital-display-brinell-hardness-tester\\\/#breadcrumb\"},\"inLanguage\":\"tr\",\"potentialAction\":[{\"@type\":\"ReadAction\",\"target\":[\"https:\\\/\\\/hardnesstests.com\\\/product\\\/hbst-3000-digital-display-brinell-hardness-tester\\\/\"]}]},{\"@type\":\"ImageObject\",\"inLanguage\":\"tr\",\"@id\":\"https:\\\/\\\/hardnesstests.com\\\/product\\\/hbst-3000-digital-display-brinell-hardness-tester\\\/#primaryimage\",\"url\":\"https:\\\/\\\/hardnesstests.com\\\/wp-content\\\/uploads\\\/2025\\\/11\\\/HBST-3000\u6570\u663e\u5e03\u6c0f\u786c\u5ea6\u8ba1.jpg\",\"contentUrl\":\"https:\\\/\\\/hardnesstests.com\\\/wp-content\\\/uploads\\\/2025\\\/11\\\/HBST-3000\u6570\u663e\u5e03\u6c0f\u786c\u5ea6\u8ba1.jpg\",\"width\":800,\"height\":800,\"caption\":\"(HBST-3000) Digital display Brinell hardness tester\"},{\"@type\":\"BreadcrumbList\",\"@id\":\"https:\\\/\\\/hardnesstests.com\\\/product\\\/hbst-3000-digital-display-brinell-hardness-tester\\\/#breadcrumb\",\"itemListElement\":[{\"@type\":\"ListItem\",\"position\":1,\"name\":\"\u9996\u9875\",\"item\":\"https:\\\/\\\/hardnesstests.com\\\/\"},{\"@type\":\"ListItem\",\"position\":2,\"name\":\"products\",\"item\":\"https:\\\/\\\/hardnesstests.com\\\/products\\\/\"},{\"@type\":\"ListItem\",\"position\":3,\"name\":\"(HBST-3000) Digital display Brinell hardness tester\"}]},{\"@type\":\"WebSite\",\"@id\":\"https:\\\/\\\/hardnesstests.com\\\/tr\\\/#website\",\"url\":\"https:\\\/\\\/hardnesstests.com\\\/tr\\\/\",\"name\":\"hardnesstests\",\"description\":\"\",\"publisher\":{\"@id\":\"https:\\\/\\\/hardnesstests.com\\\/tr\\\/#organization\"},\"potentialAction\":[{\"@type\":\"SearchAction\",\"target\":{\"@type\":\"EntryPoint\",\"urlTemplate\":\"https:\\\/\\\/hardnesstests.com\\\/tr\\\/?s={search_term_string}\"},\"query-input\":{\"@type\":\"PropertyValueSpecification\",\"valueRequired\":true,\"valueName\":\"search_term_string\"}}],\"inLanguage\":\"tr\"},{\"@type\":\"Organization\",\"@id\":\"https:\\\/\\\/hardnesstests.com\\\/tr\\\/#organization\",\"name\":\"hardnesstests\",\"url\":\"https:\\\/\\\/hardnesstests.com\\\/tr\\\/\",\"logo\":{\"@type\":\"ImageObject\",\"inLanguage\":\"tr\",\"@id\":\"https:\\\/\\\/hardnesstests.com\\\/tr\\\/#\\\/schema\\\/logo\\\/image\\\/\",\"url\":\"https:\\\/\\\/hardnesstests.com\\\/wp-content\\\/uploads\\\/2021\\\/08\\\/\u5fae\u4fe1\u56fe\u7247_20251029102004_335_1287.png\",\"contentUrl\":\"https:\\\/\\\/hardnesstests.com\\\/wp-content\\\/uploads\\\/2021\\\/08\\\/\u5fae\u4fe1\u56fe\u7247_20251029102004_335_1287.png\",\"width\":1308,\"height\":467,\"caption\":\"hardnesstests\"},\"image\":{\"@id\":\"https:\\\/\\\/hardnesstests.com\\\/tr\\\/#\\\/schema\\\/logo\\\/image\\\/\"}}]}<\/script>\n<!-- \/ Yoast SEO Premium plugin. -->","yoast_head_json":{"title":"(HBST-3000) Digital display Brinell hardness tester - hardnesstests","robots":{"index":"index","follow":"follow","max-snippet":"max-snippet:-1","max-image-preview":"max-image-preview:large","max-video-preview":"max-video-preview:-1"},"canonical":"https:\/\/hardnesstests.com\/tr\/urun\/hbst-3000-digital-display-brinell-hardness-tester\/","og_locale":"tr_TR","og_type":"article","og_title":"(HBST-3000) Digital display Brinell hardness tester","og_description":"HBST-3000 touch screen digital display Brinell hardness tester, the software system adopts computer intelligent programming, uses photoelectric sensor technology, through independent selection of test conditions, the test method, upper and lower limit range, and pressure measurement can be displayed on the 5.6-inch touch multifunctional display Trace length, hardness value, conversion value, test force, retention time, number of measurements, and can enter year, month, date, test results and data processing, etc., and can output measurement data through a built-in printer or connect to a computer through a data interface net. The optical system adopts high-magnification LED optical measurement, the image clarity is high, the brightness is adjustable, and the long-term operation is not suitable for fatigue. The hardware system adopts advanced electronic sensor loading technology. Through the closed-loop control system, the CPU controls the sensor to collect signals. The stepper motor automatically loads and unloads the test force, and can automatically compensate the test force to ensure more accurate force values and better indications. stability. At the same time, it is equipped with an emergency stop device, which meets the EU CE safety standards. With humanized operability, more reliable stability and safety.","og_url":"https:\/\/hardnesstests.com\/tr\/urun\/hbst-3000-digital-display-brinell-hardness-tester\/","og_site_name":"hardnesstests","article_modified_time":"2025-11-27T05:58:35+00:00","og_image":[{"width":800,"height":800,"url":"https:\/\/hardnesstests.com\/wp-content\/uploads\/2025\/11\/HBST-3000\u6570\u663e\u5e03\u6c0f\u786c\u5ea6\u8ba1.jpg","type":"image\/jpeg"}],"twitter_card":"summary_large_image","twitter_misc":{"Tahmini okuma s\u00fcresi":"2 dakika"},"schema":{"@context":"https:\/\/schema.org","@graph":[{"@type":"WebPage","@id":"https:\/\/hardnesstests.com\/product\/hbst-3000-digital-display-brinell-hardness-tester\/","url":"https:\/\/hardnesstests.com\/product\/hbst-3000-digital-display-brinell-hardness-tester\/","name":"(HBST-3000) Digital display Brinell hardness tester - hardnesstests","isPartOf":{"@id":"https:\/\/hardnesstests.com\/tr\/#website"},"primaryImageOfPage":{"@id":"https:\/\/hardnesstests.com\/product\/hbst-3000-digital-display-brinell-hardness-tester\/#primaryimage"},"image":{"@id":"https:\/\/hardnesstests.com\/product\/hbst-3000-digital-display-brinell-hardness-tester\/#primaryimage"},"thumbnailUrl":"https:\/\/hardnesstests.com\/wp-content\/uploads\/2025\/11\/HBST-3000\u6570\u663e\u5e03\u6c0f\u786c\u5ea6\u8ba1.jpg","datePublished":"2025-11-26T07:20:55+00:00","dateModified":"2025-11-27T05:58:35+00:00","breadcrumb":{"@id":"https:\/\/hardnesstests.com\/product\/hbst-3000-digital-display-brinell-hardness-tester\/#breadcrumb"},"inLanguage":"tr","potentialAction":[{"@type":"ReadAction","target":["https:\/\/hardnesstests.com\/product\/hbst-3000-digital-display-brinell-hardness-tester\/"]}]},{"@type":"ImageObject","inLanguage":"tr","@id":"https:\/\/hardnesstests.com\/product\/hbst-3000-digital-display-brinell-hardness-tester\/#primaryimage","url":"https:\/\/hardnesstests.com\/wp-content\/uploads\/2025\/11\/HBST-3000\u6570\u663e\u5e03\u6c0f\u786c\u5ea6\u8ba1.jpg","contentUrl":"https:\/\/hardnesstests.com\/wp-content\/uploads\/2025\/11\/HBST-3000\u6570\u663e\u5e03\u6c0f\u786c\u5ea6\u8ba1.jpg","width":800,"height":800,"caption":"(HBST-3000) Digital display Brinell hardness tester"},{"@type":"BreadcrumbList","@id":"https:\/\/hardnesstests.com\/product\/hbst-3000-digital-display-brinell-hardness-tester\/#breadcrumb","itemListElement":[{"@type":"ListItem","position":1,"name":"\u9996\u9875","item":"https:\/\/hardnesstests.com\/"},{"@type":"ListItem","position":2,"name":"products","item":"https:\/\/hardnesstests.com\/products\/"},{"@type":"ListItem","position":3,"name":"(HBST-3000) Digital display Brinell hardness tester"}]},{"@type":"WebSite","@id":"https:\/\/hardnesstests.com\/tr\/#website","url":"https:\/\/hardnesstests.com\/tr\/","name":"hardnesstests","description":"","publisher":{"@id":"https:\/\/hardnesstests.com\/tr\/#organization"},"potentialAction":[{"@type":"SearchAction","target":{"@type":"EntryPoint","urlTemplate":"https:\/\/hardnesstests.com\/tr\/?s={search_term_string}"},"query-input":{"@type":"PropertyValueSpecification","valueRequired":true,"valueName":"search_term_string"}}],"inLanguage":"tr"},{"@type":"Organization","@id":"https:\/\/hardnesstests.com\/tr\/#organization","name":"hardnesstests","url":"https:\/\/hardnesstests.com\/tr\/","logo":{"@type":"ImageObject","inLanguage":"tr","@id":"https:\/\/hardnesstests.com\/tr\/#\/schema\/logo\/image\/","url":"https:\/\/hardnesstests.com\/wp-content\/uploads\/2021\/08\/\u5fae\u4fe1\u56fe\u7247_20251029102004_335_1287.png","contentUrl":"https:\/\/hardnesstests.com\/wp-content\/uploads\/2021\/08\/\u5fae\u4fe1\u56fe\u7247_20251029102004_335_1287.png","width":1308,"height":467,"caption":"hardnesstests"},"image":{"@id":"https:\/\/hardnesstests.com\/tr\/#\/schema\/logo\/image\/"}}]}},"_links":{"self":[{"href":"https:\/\/hardnesstests.com\/tr\/wp-json\/wp\/v2\/product\/29657","targetHints":{"allow":["GET"]}}],"collection":[{"href":"https:\/\/hardnesstests.com\/tr\/wp-json\/wp\/v2\/product"}],"about":[{"href":"https:\/\/hardnesstests.com\/tr\/wp-json\/wp\/v2\/types\/product"}],"replies":[{"embeddable":true,"href":"https:\/\/hardnesstests.com\/tr\/wp-json\/wp\/v2\/comments?post=29657"}],"version-history":[{"count":2,"href":"https:\/\/hardnesstests.com\/tr\/wp-json\/wp\/v2\/product\/29657\/revisions"}],"predecessor-version":[{"id":29707,"href":"https:\/\/hardnesstests.com\/tr\/wp-json\/wp\/v2\/product\/29657\/revisions\/29707"}],"wp:featuredmedia":[{"embeddable":true,"href":"https:\/\/hardnesstests.com\/tr\/wp-json\/wp\/v2\/media\/29658"}],"wp:attachment":[{"href":"https:\/\/hardnesstests.com\/tr\/wp-json\/wp\/v2\/media?parent=29657"}],"wp:term":[{"taxonomy":"product_brand","embeddable":true,"href":"https:\/\/hardnesstests.com\/tr\/wp-json\/wp\/v2\/product_brand?post=29657"},{"taxonomy":"product_cat","embeddable":true,"href":"https:\/\/hardnesstests.com\/tr\/wp-json\/wp\/v2\/product_cat?post=29657"},{"taxonomy":"product_tag","embeddable":true,"href":"https:\/\/hardnesstests.com\/tr\/wp-json\/wp\/v2\/product_tag?post=29657"}],"curies":[{"name":"wp","href":"https:\/\/api.w.org\/{rel}","templated":true}]}}