{"id":29651,"date":"2025-11-26T07:15:46","date_gmt":"2025-11-26T07:15:46","guid":{"rendered":"https:\/\/hardnesstests.com\/?post_type=product&#038;p=29651"},"modified":"2025-11-27T05:57:06","modified_gmt":"2025-11-27T05:57:06","slug":"dual-objective-lens-touch-screen-digital-display-automatic-rotary-brinell-hardness-testerhbst-3000zs","status":"publish","type":"product","link":"https:\/\/hardnesstests.com\/tr\/urun\/dual-objective-lens-touch-screen-digital-display-automatic-rotary-brinell-hardness-testerhbst-3000zs\/","title":{"rendered":"(\u00c7ift objektifli lens dokunmatik ekran dijital ekran otomatik d\u00f6ner Brinell sertlik test cihaz\u0131) HBST-3000ZS"},"content":{"rendered":"<table>\n<tbody>\n<tr>\n<td>\n<h1><strong>Ana fonksiyonlar ve \u00f6zellikler:<\/strong><\/h1>\n<\/td>\n<\/tr>\n<\/tbody>\n<\/table>\n<ol>\n<li style=\"font-weight: 400;\">This machine has the characteristics of high precision, high repeatability and stability, simple operation, convenience and practicality, and extremely high cost performance;<\/li>\n<li style=\"font-weight: 400;\">11 test kuvveti seviyesine sahiptir ve daha geni\u015f bir aral\u0131\u011f\u0131 test edebilir;<\/li>\n<li style=\"font-weight: 400;\">Dijital ekranl\u0131 bir mikrometre merce\u011fi ve do\u011fru bir veri hesaplama sistemi ile donat\u0131lm\u0131\u015ft\u0131r ve sertlik de\u011feri tek bir t\u0131klama ile do\u011frudan g\u00f6r\u00fcnt\u00fclenebilir;<\/li>\n<li style=\"font-weight: 400;\">Sistem, giri\u015f kalibrasyon cihaz\u0131n\u0131 manuel olarak ayarlayabilen ve mercek b\u00fcy\u00fctmesini kalibre edebilen bir kalibrasyon fonksiyonuna sahiptir.<\/li>\n<li style=\"font-weight: 400;\">Optik sistemin ayarlanabilir parlakl\u0131k aral\u0131\u011f\u0131: 0-100<\/li>\n<li style=\"font-weight: 400;\">100 sete kadar test verisi depolayabilir ve ortalama de\u011fer ve zaman say\u0131s\u0131 ana aray\u00fczde g\u00f6r\u00fcnt\u00fclenebilir. \u00dcr\u00fcn ad\u0131 da ayarlanabilir.<\/li>\n<li style=\"font-weight: 400;\">Depolanan veriler ger\u00e7ek zamanl\u0131 olarak g\u00f6r\u00fcnt\u00fclenebilir ve yazd\u0131r\u0131labilir ve mevcut test sonu\u00e7lar\u0131 ve t\u00fcm test kay\u0131tlar\u0131 do\u011frudan yazd\u0131r\u0131labilir.<\/li>\n<li style=\"font-weight: 400;\">\u0130\u015fletim sistemi, iste\u011fe ba\u011fl\u0131 olarak de\u011fi\u015ftirilebilen 14 dile sahiptir: \u00c7ince, Geleneksel \u00c7ince, \u0130ngilizce, Rus\u00e7a, Almanca, Frans\u0131zca, \u0130spanyolca, Portekizce, T\u00fcrk\u00e7e, \u00c7ek\u00e7e, Japonca, Korece, Tayca, Vietnamca;<\/li>\n<li style=\"font-weight: 400;\">The main interface can display 4 conversion scales at the same time, and can switch: national standard (GB), American standard (ASTM) and international (ISO) standard, a total of 30 units can be converted: HRA, HRB, HRC, HRD, HRF, HR15N, HR30N, HR45N, HR15T, HR30T, HR45T, HV, HK, HBW, HBS, HS, HV50, HV10, HV5, MPa, Rm, Rm(c), Rm(Cr), Rm(CrV), Rm(CrNi), Rm(CrMo), Rm(NiMo) \u3001Rm(MnSi)\u3001Rm(High)\u3001Rm(STNL)<\/li>\n<li style=\"font-weight: 400;\">Equipped with built-in printer to output measurement data\u3002<\/li>\n<li style=\"font-weight: 400;\">\u00d6l\u00e7\u00fcm verilerini d\u0131\u015fa aktarmak i\u00e7in iste\u011fe ba\u011fl\u0131 USB veya \u00f6l\u00e7\u00fcm raporunu d\u00fczenlemek ve d\u0131\u015fa aktarmak i\u00e7in \u00fcst yaz\u0131l\u0131m veri \u00e7\u0131k\u0131\u015f\u0131n\u0131 se\u00e7in<\/li>\n<li style=\"font-weight: 400;\">Test kuvvetini otomatik olarak y\u00fcklemek ve bo\u015faltmak i\u00e7in y\u00fcksek performansl\u0131 step motor ile donat\u0131lm\u0131\u015ft\u0131r, test s\u0131ras\u0131nda daha az g\u00fcr\u00fclt\u00fc olu\u015fur<\/li>\n<li style=\"font-weight: 400;\">Fotoelektrik sens\u00f6r teknolojisi ve mikrobilgisayar kontrol sistemi kullanarak otomatik olarak telafi edebilir ve test sonu\u00e7lar\u0131 do\u011fru ve kararl\u0131d\u0131r;<\/li>\n<li style=\"font-weight: 400;\">Girinti \u00e7ap\u0131n\u0131 otomatik olarak girin ve sertlik de\u011ferini do\u011frudan g\u00f6r\u00fcnt\u00fcleyin;<\/li>\n<li style=\"font-weight: 400;\">Kendinden tasar\u0131ml\u0131 y\u00fcksek b\u00fcy\u00fctmeli LED optik \u00f6l\u00e7\u00fcm, y\u00fcksek g\u00f6r\u00fcnt\u00fc netli\u011fi, ayarlanabilir parlakl\u0131k, yorulmadan uzun s\u00fcreli \u00e7al\u0131\u015fma;<\/li>\n<li style=\"font-weight: 400;\">Kabuk yap\u0131s\u0131 sabittir ve deforme olmaz ve nispeten zorlu ortamlarda \u00e7al\u0131\u015fabilir;<\/li>\n<li style=\"font-weight: 400;\">The surface is treated with automotive paint technology, with strong scratch resistance, and it is still as bright as new after years of use;<\/li>\n<\/ol>\n<h1 style=\"font-weight: 400;\">Ana kullan\u0131m alanlar\u0131 ve kullan\u0131m kapsam\u0131:<\/h1>\n<ol>\n<li style=\"font-weight: 400;\">Malzemenin kapsaml\u0131 performans\u0131n\u0131 yans\u0131tabilen b\u00fcy\u00fck taneli metal malzemelerin sertlik testi i\u00e7in uygundur;<\/li>\n<li style=\"font-weight: 400;\">D\u00f6kme demir, \u00e7elik, demir d\u0131\u015f\u0131 metaller, \u00f6zellikle saf al\u00fcminyum, kur\u015fun, kalay vb. gibi daha yumu\u015fak metaller i\u00e7in.<\/li>\n<li style=\"font-weight: 400;\">Sert plastikler, bakalit vb. gibi metalik olmayan baz\u0131 malzemelerin sertlik testi i\u00e7in kullan\u0131labilir.<\/li>\n<\/ol>\n<table>\n<tbody>\n<tr>\n<td>\n<h1><strong>Teknik parametre:<\/strong><\/h1>\n<\/td>\n<\/tr>\n<\/tbody>\n<\/table>\n<table>\n<tbody>\n<tr>\n<td width=\"138\">\u00dcr\u00fcn modeli<\/td>\n<td width=\"450\">HBST-3000ZS<\/td>\n<\/tr>\n<tr>\n<td width=\"138\">Brinell \u00f6l\u00e7e\u011fi<\/td>\n<td width=\"450\">HBW2.5\/31.25\u3001HBW2.5\/62.5\u3001HBW2.5\/187.5\u3001HBW5\/62.5 HBW5\/125\u3001 HBW5\/250\u3001 HBW5\/750 HBW10\/100 HBW10\/250 HBW10\/500\u3001HBW10\/1000 HBW10\/1500 HBW10\/3000<\/td>\n<\/tr>\n<tr>\n<td width=\"138\">Test kuvveti (11 seviye)<\/td>\n<td width=\"450\">31.25kgf(306.5N)62.5kgf(612.9N)100kgf(980.7N)125kgf(1226N)187.5kgf(1839N)250kgf(2452N)500kgf(4903N)750kgf(7355N)1000kgf(8907N)1500kgf(14710N)3000kgf(29420N)<\/td>\n<\/tr>\n<tr>\n<td width=\"138\">Test kuvveti birim d\u00f6n\u00fc\u015f\u00fcm\u00fc<\/td>\n<td width=\"450\">gf\u3001mN)<\/td>\n<\/tr>\n<tr>\n<td width=\"138\">Sertlik okumas\u0131<\/td>\n<td width=\"450\">Otomatik hesaplama<\/td>\n<\/tr>\n<tr>\n<td width=\"138\">Sertlik de\u011feri birim d\u00f6n\u00fc\u015f\u00fcm\u00fc<\/td>\n<td width=\"450\">Otomatik d\u00f6n\u00fc\u015f\u00fcm: Vickers, Rockwell<\/td>\n<\/tr>\n<tr>\n<td width=\"138\">Ekran<\/td>\n<td width=\"450\">8 in\u00e7 dokunmatik ekran, uzun s\u00fcre \u00e7al\u0131\u015ft\u0131r\u0131lmazsa makine otomatik olarak uyku moduna ge\u00e7er<\/td>\n<\/tr>\n<tr>\n<td width=\"138\">Y\u00fckleme i\u015flemi<\/td>\n<td width=\"450\">Real-time display of loading time and loading force curve, loading time &lt;8s<\/td>\n<\/tr>\n<tr>\n<td width=\"138\">Y\u00fck kontrol\u00fc<\/td>\n<td width=\"450\">Otomatik (y\u00fckleme\/tutma\/bo\u015faltma)<\/td>\n<\/tr>\n<tr>\n<td width=\"138\">Taret<\/td>\n<td width=\"450\">Automatic turret, the pressure head and objective lens rotate automatically<\/td>\n<\/tr>\n<tr>\n<td width=\"138\">Maksimum test par\u00e7as\u0131 y\u00fcksekli\u011fi<\/td>\n<td width=\"450\">370 mm<\/td>\n<\/tr>\n<tr>\n<td width=\"138\">Girinti-\u00e7\u0131k\u0131nt\u0131 duvar\u0131 mesafesi<\/td>\n<td width=\"450\">170 mm<\/td>\n<\/tr>\n<tr>\n<td width=\"138\">Objektif lens<\/td>\n<td width=\"450\">1X\u00a0\u30012X<\/td>\n<\/tr>\n<tr>\n<td width=\"138\">Mercek<\/td>\n<td width=\"450\">20X<\/td>\n<\/tr>\n<tr>\n<td width=\"138\">Toplam b\u00fcy\u00fctme<\/td>\n<td width=\"450\">20X\u300140X<\/td>\n<\/tr>\n<tr>\n<td width=\"138\">Minimum \u00f6l\u00e7\u00fcm b\u00f6lme de\u011feri<\/td>\n<td width=\"450\">20 times: 0.6um 40 times: 0.30um<\/td>\n<\/tr>\n<tr>\n<td width=\"138\">Konut s\u00fcresi<\/td>\n<td width=\"450\">2-99s<\/td>\n<\/tr>\n<tr>\n<td width=\"138\">Sertlik test aral\u0131\u011f\u0131<\/td>\n<td width=\"450\">3.18~653HBW<\/td>\n<\/tr>\n<tr>\n<td width=\"138\">Uygulama standard\u0131<\/td>\n<td width=\"450\">EN ISO 6506, , ASTM E-10-08, GB\/T231.2\uff0cJJG150 -2005<\/td>\n<\/tr>\n<tr>\n<td width=\"138\">Veri \u00e7\u0131k\u0131\u015f\u0131<\/td>\n<td width=\"450\">Built-in printer, or optional USB and host software, measurement software<\/td>\n<\/tr>\n<tr>\n<td width=\"138\">G\u00fc\u00e7 kayna\u011f\u0131<\/td>\n<td width=\"450\">AC220+5%,50~60Hz<\/td>\n<\/tr>\n<tr>\n<td width=\"138\">Boyutlar (mm)<\/td>\n<td width=\"450\">595*245*1000mm<\/td>\n<\/tr>\n<tr>\n<td width=\"138\">Ana \u00fcnite a\u011f\u0131rl\u0131\u011f\u0131<\/td>\n<td width=\"450\">Yakla\u015f\u0131k 175kg<\/td>\n<\/tr>\n<\/tbody>\n<\/table>","protected":false},"excerpt":{"rendered":"<p>HBST-3000ZS dual objective lens touch screen digital display automatic brick tower Brinell hardness tester, the software system adopts computer intelligent programming, uses photoelectric sensing technology, and can display the test method, upper and lower limits on the 8-inch touch multi-function display screen by independently selecting the test conditions, measuring the indentation length value, hardness value, conversion value, test force, holding time, number of measurements, and can enter the date, test results and data processing, etc., and can output the measurement data through the built-in printer or connect to the computer through the data interface. The optical system adopts a high-magnification LED optical objective lens with high image clarity and adjustable brightness, and it is not easy to fatigue after long-term operation. The hardware system adopts advanced electronic sensor loading technology. Through a closed-loop control system, the system controls the sensor to collect signals, and the high-speed stepping motor automatically loads and unloads the test force, and can automatically compensate for the test force to ensure that the force value is more accurate and the indication is more stable. At the same time, it is equipped with an emergency stop device, which meets the EU CE safety standards. It has humanized operability, more reliable stability and safety.<\/p>","protected":false},"featured_media":29652,"comment_status":"open","ping_status":"closed","template":"","meta":[],"product_brand":[],"product_cat":[75,70],"product_tag":[105],"class_list":{"0":"post-29651","1":"product","2":"type-product","3":"status-publish","4":"has-post-thumbnail","6":"product_cat-brinell-hardness-tester","7":"product_cat-hardness-tester","8":"product_tag-brinell-hardness-tester","10":"first","11":"instock","12":"shipping-taxable","13":"product-type-simple"},"yoast_head":"<!-- This site is optimized with the Yoast SEO Premium plugin v25.4 (Yoast SEO v27.4) - https:\/\/yoast.com\/product\/yoast-seo-premium-wordpress\/ -->\n<title>(Dual objective lens touch screen digital display automatic rotary Brinell hardness tester)HBST-3000ZS - hardnesstests<\/title>\n<meta name=\"robots\" content=\"index, follow, max-snippet:-1, max-image-preview:large, max-video-preview:-1\" \/>\n<link rel=\"canonical\" href=\"https:\/\/hardnesstests.com\/tr\/urun\/dual-objective-lens-touch-screen-digital-display-automatic-rotary-brinell-hardness-testerhbst-3000zs\/\" \/>\n<meta property=\"og:locale\" content=\"tr_TR\" \/>\n<meta property=\"og:type\" content=\"article\" \/>\n<meta property=\"og:title\" content=\"(Dual objective lens touch screen digital display automatic rotary Brinell hardness tester)HBST-3000ZS\" \/>\n<meta property=\"og:description\" content=\"HBST-3000ZS dual objective lens touch screen digital display automatic brick tower Brinell hardness tester, the software system adopts computer intelligent programming, uses photoelectric sensing technology, and can display the test method, upper and lower limits on the 8-inch touch multi-function display screen by independently selecting the test conditions, measuring the indentation length value, hardness value, conversion value, test force, holding time, number of measurements, and can enter the date, test results and data processing, etc., and can output the measurement data through the built-in printer or connect to the computer through the data interface. The optical system adopts a high-magnification LED optical objective lens with high image clarity and adjustable brightness, and it is not easy to fatigue after long-term operation. The hardware system adopts advanced electronic sensor loading technology. Through a closed-loop control system, the system controls the sensor to collect signals, and the high-speed stepping motor automatically loads and unloads the test force, and can automatically compensate for the test force to ensure that the force value is more accurate and the indication is more stable. At the same time, it is equipped with an emergency stop device, which meets the EU CE safety standards. It has humanized operability, more reliable stability and safety.\" \/>\n<meta property=\"og:url\" content=\"https:\/\/hardnesstests.com\/tr\/urun\/dual-objective-lens-touch-screen-digital-display-automatic-rotary-brinell-hardness-testerhbst-3000zs\/\" \/>\n<meta property=\"og:site_name\" content=\"hardnesstests\" \/>\n<meta property=\"article:modified_time\" content=\"2025-11-27T05:57:06+00:00\" \/>\n<meta property=\"og:image\" content=\"https:\/\/hardnesstests.com\/wp-content\/uploads\/2025\/11\/HBST-3000ZS\u53cc\u7269\u955c\u89e6\u6478\u5c4f\u6570\u663e\u81ea\u52a8\u65cb\u8f6c\u5e03\u6c0f\u786c\u5ea6\u8ba1.jpg\" \/>\n\t<meta property=\"og:image:width\" content=\"800\" \/>\n\t<meta property=\"og:image:height\" content=\"800\" \/>\n\t<meta property=\"og:image:type\" content=\"image\/jpeg\" \/>\n<meta name=\"twitter:card\" content=\"summary_large_image\" \/>\n<meta name=\"twitter:label1\" content=\"Tahmini okuma s\u00fcresi\" \/>\n\t<meta name=\"twitter:data1\" content=\"3 dakika\" \/>\n<script type=\"application\/ld+json\" class=\"yoast-schema-graph\">{\"@context\":\"https:\\\/\\\/schema.org\",\"@graph\":[{\"@type\":\"WebPage\",\"@id\":\"https:\\\/\\\/hardnesstests.com\\\/product\\\/dual-objective-lens-touch-screen-digital-display-automatic-rotary-brinell-hardness-testerhbst-3000zs\\\/\",\"url\":\"https:\\\/\\\/hardnesstests.com\\\/product\\\/dual-objective-lens-touch-screen-digital-display-automatic-rotary-brinell-hardness-testerhbst-3000zs\\\/\",\"name\":\"(Dual objective lens touch screen digital display automatic rotary Brinell hardness tester)HBST-3000ZS - hardnesstests\",\"isPartOf\":{\"@id\":\"https:\\\/\\\/hardnesstests.com\\\/tr\\\/#website\"},\"primaryImageOfPage\":{\"@id\":\"https:\\\/\\\/hardnesstests.com\\\/product\\\/dual-objective-lens-touch-screen-digital-display-automatic-rotary-brinell-hardness-testerhbst-3000zs\\\/#primaryimage\"},\"image\":{\"@id\":\"https:\\\/\\\/hardnesstests.com\\\/product\\\/dual-objective-lens-touch-screen-digital-display-automatic-rotary-brinell-hardness-testerhbst-3000zs\\\/#primaryimage\"},\"thumbnailUrl\":\"https:\\\/\\\/hardnesstests.com\\\/wp-content\\\/uploads\\\/2025\\\/11\\\/HBST-3000ZS\u53cc\u7269\u955c\u89e6\u6478\u5c4f\u6570\u663e\u81ea\u52a8\u65cb\u8f6c\u5e03\u6c0f\u786c\u5ea6\u8ba1.jpg\",\"datePublished\":\"2025-11-26T07:15:46+00:00\",\"dateModified\":\"2025-11-27T05:57:06+00:00\",\"breadcrumb\":{\"@id\":\"https:\\\/\\\/hardnesstests.com\\\/product\\\/dual-objective-lens-touch-screen-digital-display-automatic-rotary-brinell-hardness-testerhbst-3000zs\\\/#breadcrumb\"},\"inLanguage\":\"tr\",\"potentialAction\":[{\"@type\":\"ReadAction\",\"target\":[\"https:\\\/\\\/hardnesstests.com\\\/product\\\/dual-objective-lens-touch-screen-digital-display-automatic-rotary-brinell-hardness-testerhbst-3000zs\\\/\"]}]},{\"@type\":\"ImageObject\",\"inLanguage\":\"tr\",\"@id\":\"https:\\\/\\\/hardnesstests.com\\\/product\\\/dual-objective-lens-touch-screen-digital-display-automatic-rotary-brinell-hardness-testerhbst-3000zs\\\/#primaryimage\",\"url\":\"https:\\\/\\\/hardnesstests.com\\\/wp-content\\\/uploads\\\/2025\\\/11\\\/HBST-3000ZS\u53cc\u7269\u955c\u89e6\u6478\u5c4f\u6570\u663e\u81ea\u52a8\u65cb\u8f6c\u5e03\u6c0f\u786c\u5ea6\u8ba1.jpg\",\"contentUrl\":\"https:\\\/\\\/hardnesstests.com\\\/wp-content\\\/uploads\\\/2025\\\/11\\\/HBST-3000ZS\u53cc\u7269\u955c\u89e6\u6478\u5c4f\u6570\u663e\u81ea\u52a8\u65cb\u8f6c\u5e03\u6c0f\u786c\u5ea6\u8ba1.jpg\",\"width\":800,\"height\":800,\"caption\":\"(Dual objective lens touch screen digital display automatic rotary Brinell hardness tester)HBST-3000ZS\"},{\"@type\":\"BreadcrumbList\",\"@id\":\"https:\\\/\\\/hardnesstests.com\\\/product\\\/dual-objective-lens-touch-screen-digital-display-automatic-rotary-brinell-hardness-testerhbst-3000zs\\\/#breadcrumb\",\"itemListElement\":[{\"@type\":\"ListItem\",\"position\":1,\"name\":\"\u9996\u9875\",\"item\":\"https:\\\/\\\/hardnesstests.com\\\/\"},{\"@type\":\"ListItem\",\"position\":2,\"name\":\"products\",\"item\":\"https:\\\/\\\/hardnesstests.com\\\/products\\\/\"},{\"@type\":\"ListItem\",\"position\":3,\"name\":\"(Dual objective lens touch screen digital display automatic rotary Brinell hardness tester)HBST-3000ZS\"}]},{\"@type\":\"WebSite\",\"@id\":\"https:\\\/\\\/hardnesstests.com\\\/tr\\\/#website\",\"url\":\"https:\\\/\\\/hardnesstests.com\\\/tr\\\/\",\"name\":\"hardnesstests\",\"description\":\"\",\"publisher\":{\"@id\":\"https:\\\/\\\/hardnesstests.com\\\/tr\\\/#organization\"},\"potentialAction\":[{\"@type\":\"SearchAction\",\"target\":{\"@type\":\"EntryPoint\",\"urlTemplate\":\"https:\\\/\\\/hardnesstests.com\\\/tr\\\/?s={search_term_string}\"},\"query-input\":{\"@type\":\"PropertyValueSpecification\",\"valueRequired\":true,\"valueName\":\"search_term_string\"}}],\"inLanguage\":\"tr\"},{\"@type\":\"Organization\",\"@id\":\"https:\\\/\\\/hardnesstests.com\\\/tr\\\/#organization\",\"name\":\"hardnesstests\",\"url\":\"https:\\\/\\\/hardnesstests.com\\\/tr\\\/\",\"logo\":{\"@type\":\"ImageObject\",\"inLanguage\":\"tr\",\"@id\":\"https:\\\/\\\/hardnesstests.com\\\/tr\\\/#\\\/schema\\\/logo\\\/image\\\/\",\"url\":\"https:\\\/\\\/hardnesstests.com\\\/wp-content\\\/uploads\\\/2021\\\/08\\\/\u5fae\u4fe1\u56fe\u7247_20251029102004_335_1287.png\",\"contentUrl\":\"https:\\\/\\\/hardnesstests.com\\\/wp-content\\\/uploads\\\/2021\\\/08\\\/\u5fae\u4fe1\u56fe\u7247_20251029102004_335_1287.png\",\"width\":1308,\"height\":467,\"caption\":\"hardnesstests\"},\"image\":{\"@id\":\"https:\\\/\\\/hardnesstests.com\\\/tr\\\/#\\\/schema\\\/logo\\\/image\\\/\"}}]}<\/script>\n<!-- \/ Yoast SEO Premium plugin. -->","yoast_head_json":{"title":"(Dual objective lens touch screen digital display automatic rotary Brinell hardness tester)HBST-3000ZS - hardnesstests","robots":{"index":"index","follow":"follow","max-snippet":"max-snippet:-1","max-image-preview":"max-image-preview:large","max-video-preview":"max-video-preview:-1"},"canonical":"https:\/\/hardnesstests.com\/tr\/urun\/dual-objective-lens-touch-screen-digital-display-automatic-rotary-brinell-hardness-testerhbst-3000zs\/","og_locale":"tr_TR","og_type":"article","og_title":"(Dual objective lens touch screen digital display automatic rotary Brinell hardness tester)HBST-3000ZS","og_description":"HBST-3000ZS dual objective lens touch screen digital display automatic brick tower Brinell hardness tester, the software system adopts computer intelligent programming, uses photoelectric sensing technology, and can display the test method, upper and lower limits on the 8-inch touch multi-function display screen by independently selecting the test conditions, measuring the indentation length value, hardness value, conversion value, test force, holding time, number of measurements, and can enter the date, test results and data processing, etc., and can output the measurement data through the built-in printer or connect to the computer through the data interface. The optical system adopts a high-magnification LED optical objective lens with high image clarity and adjustable brightness, and it is not easy to fatigue after long-term operation. The hardware system adopts advanced electronic sensor loading technology. Through a closed-loop control system, the system controls the sensor to collect signals, and the high-speed stepping motor automatically loads and unloads the test force, and can automatically compensate for the test force to ensure that the force value is more accurate and the indication is more stable. At the same time, it is equipped with an emergency stop device, which meets the EU CE safety standards. It has humanized operability, more reliable stability and safety.","og_url":"https:\/\/hardnesstests.com\/tr\/urun\/dual-objective-lens-touch-screen-digital-display-automatic-rotary-brinell-hardness-testerhbst-3000zs\/","og_site_name":"hardnesstests","article_modified_time":"2025-11-27T05:57:06+00:00","og_image":[{"width":800,"height":800,"url":"https:\/\/hardnesstests.com\/wp-content\/uploads\/2025\/11\/HBST-3000ZS\u53cc\u7269\u955c\u89e6\u6478\u5c4f\u6570\u663e\u81ea\u52a8\u65cb\u8f6c\u5e03\u6c0f\u786c\u5ea6\u8ba1.jpg","type":"image\/jpeg"}],"twitter_card":"summary_large_image","twitter_misc":{"Tahmini okuma s\u00fcresi":"3 dakika"},"schema":{"@context":"https:\/\/schema.org","@graph":[{"@type":"WebPage","@id":"https:\/\/hardnesstests.com\/product\/dual-objective-lens-touch-screen-digital-display-automatic-rotary-brinell-hardness-testerhbst-3000zs\/","url":"https:\/\/hardnesstests.com\/product\/dual-objective-lens-touch-screen-digital-display-automatic-rotary-brinell-hardness-testerhbst-3000zs\/","name":"(Dual objective lens touch screen digital display automatic rotary Brinell hardness tester)HBST-3000ZS - hardnesstests","isPartOf":{"@id":"https:\/\/hardnesstests.com\/tr\/#website"},"primaryImageOfPage":{"@id":"https:\/\/hardnesstests.com\/product\/dual-objective-lens-touch-screen-digital-display-automatic-rotary-brinell-hardness-testerhbst-3000zs\/#primaryimage"},"image":{"@id":"https:\/\/hardnesstests.com\/product\/dual-objective-lens-touch-screen-digital-display-automatic-rotary-brinell-hardness-testerhbst-3000zs\/#primaryimage"},"thumbnailUrl":"https:\/\/hardnesstests.com\/wp-content\/uploads\/2025\/11\/HBST-3000ZS\u53cc\u7269\u955c\u89e6\u6478\u5c4f\u6570\u663e\u81ea\u52a8\u65cb\u8f6c\u5e03\u6c0f\u786c\u5ea6\u8ba1.jpg","datePublished":"2025-11-26T07:15:46+00:00","dateModified":"2025-11-27T05:57:06+00:00","breadcrumb":{"@id":"https:\/\/hardnesstests.com\/product\/dual-objective-lens-touch-screen-digital-display-automatic-rotary-brinell-hardness-testerhbst-3000zs\/#breadcrumb"},"inLanguage":"tr","potentialAction":[{"@type":"ReadAction","target":["https:\/\/hardnesstests.com\/product\/dual-objective-lens-touch-screen-digital-display-automatic-rotary-brinell-hardness-testerhbst-3000zs\/"]}]},{"@type":"ImageObject","inLanguage":"tr","@id":"https:\/\/hardnesstests.com\/product\/dual-objective-lens-touch-screen-digital-display-automatic-rotary-brinell-hardness-testerhbst-3000zs\/#primaryimage","url":"https:\/\/hardnesstests.com\/wp-content\/uploads\/2025\/11\/HBST-3000ZS\u53cc\u7269\u955c\u89e6\u6478\u5c4f\u6570\u663e\u81ea\u52a8\u65cb\u8f6c\u5e03\u6c0f\u786c\u5ea6\u8ba1.jpg","contentUrl":"https:\/\/hardnesstests.com\/wp-content\/uploads\/2025\/11\/HBST-3000ZS\u53cc\u7269\u955c\u89e6\u6478\u5c4f\u6570\u663e\u81ea\u52a8\u65cb\u8f6c\u5e03\u6c0f\u786c\u5ea6\u8ba1.jpg","width":800,"height":800,"caption":"(Dual objective lens touch screen digital display automatic rotary Brinell hardness tester)HBST-3000ZS"},{"@type":"BreadcrumbList","@id":"https:\/\/hardnesstests.com\/product\/dual-objective-lens-touch-screen-digital-display-automatic-rotary-brinell-hardness-testerhbst-3000zs\/#breadcrumb","itemListElement":[{"@type":"ListItem","position":1,"name":"\u9996\u9875","item":"https:\/\/hardnesstests.com\/"},{"@type":"ListItem","position":2,"name":"products","item":"https:\/\/hardnesstests.com\/products\/"},{"@type":"ListItem","position":3,"name":"(Dual objective lens touch screen digital display automatic rotary Brinell hardness tester)HBST-3000ZS"}]},{"@type":"WebSite","@id":"https:\/\/hardnesstests.com\/tr\/#website","url":"https:\/\/hardnesstests.com\/tr\/","name":"hardnesstests","description":"","publisher":{"@id":"https:\/\/hardnesstests.com\/tr\/#organization"},"potentialAction":[{"@type":"SearchAction","target":{"@type":"EntryPoint","urlTemplate":"https:\/\/hardnesstests.com\/tr\/?s={search_term_string}"},"query-input":{"@type":"PropertyValueSpecification","valueRequired":true,"valueName":"search_term_string"}}],"inLanguage":"tr"},{"@type":"Organization","@id":"https:\/\/hardnesstests.com\/tr\/#organization","name":"hardnesstests","url":"https:\/\/hardnesstests.com\/tr\/","logo":{"@type":"ImageObject","inLanguage":"tr","@id":"https:\/\/hardnesstests.com\/tr\/#\/schema\/logo\/image\/","url":"https:\/\/hardnesstests.com\/wp-content\/uploads\/2021\/08\/\u5fae\u4fe1\u56fe\u7247_20251029102004_335_1287.png","contentUrl":"https:\/\/hardnesstests.com\/wp-content\/uploads\/2021\/08\/\u5fae\u4fe1\u56fe\u7247_20251029102004_335_1287.png","width":1308,"height":467,"caption":"hardnesstests"},"image":{"@id":"https:\/\/hardnesstests.com\/tr\/#\/schema\/logo\/image\/"}}]}},"_links":{"self":[{"href":"https:\/\/hardnesstests.com\/tr\/wp-json\/wp\/v2\/product\/29651","targetHints":{"allow":["GET"]}}],"collection":[{"href":"https:\/\/hardnesstests.com\/tr\/wp-json\/wp\/v2\/product"}],"about":[{"href":"https:\/\/hardnesstests.com\/tr\/wp-json\/wp\/v2\/types\/product"}],"replies":[{"embeddable":true,"href":"https:\/\/hardnesstests.com\/tr\/wp-json\/wp\/v2\/comments?post=29651"}],"version-history":[{"count":2,"href":"https:\/\/hardnesstests.com\/tr\/wp-json\/wp\/v2\/product\/29651\/revisions"}],"predecessor-version":[{"id":29705,"href":"https:\/\/hardnesstests.com\/tr\/wp-json\/wp\/v2\/product\/29651\/revisions\/29705"}],"wp:featuredmedia":[{"embeddable":true,"href":"https:\/\/hardnesstests.com\/tr\/wp-json\/wp\/v2\/media\/29652"}],"wp:attachment":[{"href":"https:\/\/hardnesstests.com\/tr\/wp-json\/wp\/v2\/media?parent=29651"}],"wp:term":[{"taxonomy":"product_brand","embeddable":true,"href":"https:\/\/hardnesstests.com\/tr\/wp-json\/wp\/v2\/product_brand?post=29651"},{"taxonomy":"product_cat","embeddable":true,"href":"https:\/\/hardnesstests.com\/tr\/wp-json\/wp\/v2\/product_cat?post=29651"},{"taxonomy":"product_tag","embeddable":true,"href":"https:\/\/hardnesstests.com\/tr\/wp-json\/wp\/v2\/product_tag?post=29651"}],"curies":[{"name":"wp","href":"https:\/\/api.w.org\/{rel}","templated":true}]}}