{"id":29639,"date":"2025-11-26T07:04:58","date_gmt":"2025-11-26T07:04:58","guid":{"rendered":"https:\/\/hardnesstests.com\/?post_type=product&#038;p=29639"},"modified":"2025-11-27T05:54:24","modified_gmt":"2025-11-27T05:54:24","slug":"hbe-3000s-computer-type-electronic-brinell-hardness-tester","status":"publish","type":"product","link":"https:\/\/hardnesstests.com\/tr\/urun\/hbe-3000s-computer-type-electronic-brinell-hardness-tester\/","title":{"rendered":"HBE-3000S Bilgisayar tipi elektronik Brinell sertlik test cihaz\u0131"},"content":{"rendered":"<table>\n<tbody>\n<tr>\n<td>\n<h1><strong>Ana fonksiyonlar ve \u00f6zellikler:<\/strong><\/h1>\n<\/td>\n<\/tr>\n<\/tbody>\n<\/table>\n<ol>\n<li style=\"font-weight: 400;\">Equipped with precision sensors and CPU microcomputer control system, which can automatically compensate, and the test results are accurate and stable;<\/li>\n<li style=\"font-weight: 400;\">Seviye 10 test kabiliyetine sahiptir ve daha geni\u015f bir aral\u0131\u011f\u0131 test edebilir;<\/li>\n<li style=\"font-weight: 400;\">Equipped with a movable measurement platform and a computer measurement system, with a high test speed and more measurement functions;<\/li>\n<li style=\"font-weight: 400;\">Equipped with a high-performance stepper motor to automatically load and unload the test force, and the noise generated during the test is smaller;<\/li>\n<li style=\"font-weight: 400;\">Kabuk tek seferde d\u00f6k\u00fcl\u00fcr, yap\u0131 stabildir ve deforme olmaz ve nispeten sert bir ortamda \u00e7al\u0131\u015fabilir;<\/li>\n<li style=\"font-weight: 400;\">The surface is treated with the car paint process, which has strong scratching ability and is still bright as new after years of use;<\/li>\n<li style=\"font-weight: 400;\">This machine is equipped with Brinell image measurement software, which greatly improves work efficiency.<\/li>\n<\/ol>\n<h1 style=\"font-weight: 400;\"><strong>Ana ama\u00e7 ve kullan\u0131m kapsam\u0131:<\/strong><\/h1>\n<ol>\n<li style=\"font-weight: 400;\">It is suitable for the hardness tester test of metal materials with large grains, which can reflect the comprehensive performance of the material;<\/li>\n<li style=\"font-weight: 400;\">Cast iron, steel, non-ferrous metals, alloys, especially for softer metals, such as pure aluminum, lead, tin, etc.;<\/li>\n<li style=\"font-weight: 400;\">It can be used to measure the hardness of some non-metallic materials such as hard plastics and bakelite;<\/li>\n<\/ol>\n<table>\n<tbody>\n<tr>\n<td>\n<h1><strong>Technical parameter\uff1a<\/strong><\/h1>\n<\/td>\n<\/tr>\n<\/tbody>\n<\/table>\n<table>\n<tbody>\n<tr>\n<td>Product number<\/td>\n<td>HBE-3000S<\/td>\n<\/tr>\n<tr>\n<td>Brinell ruler<\/td>\n<td>HBW2.5\/62.5 \u00a0HBW2.5\/187.5 HBW5\/62.5 \u00a0HBW5\/125 \u00a0HBW5\/250 \u00a0HBW5\/750 \u00a0\u00a0\u00a0\u00a0\u00a0\u00a0HBW10\/100\u3001\u00a0HBW10\/250 \u00a0\u00a0HBW10\/500 \u00a0\u00a0HBW10\/1000 \u00a0HBW10\/1500 \u00a0\u00a0\u00a0\u00a0\u00a0HBW10\/3000<\/td>\n<\/tr>\n<tr>\n<td>Test kuvveti<\/td>\n<td>62.5kgf(612.9N)\u3001100kgf(980.7N)\u3001125kgf(1226N)\u3001187.5kgf(1839N)\u3001250kgf(2452N)\u3001500kgf(4903N)\u3001750kgf(7355N)\u30011000kgf(8907N)\u30011500kgf(14710N)\u30013000kgf(29420N)<\/td>\n<\/tr>\n<tr>\n<td>Y\u00fck kontrol\u00fc<\/td>\n<td>Automatic (loading\/loading\/unloading)<\/td>\n<\/tr>\n<tr>\n<td>Maximum height of the test piece<\/td>\n<td>220mm<\/td>\n<\/tr>\n<tr>\n<td>Minimum unit of measure<\/td>\n<td>0.005mm<\/td>\n<\/tr>\n<tr>\n<td>Time of protection<\/td>\n<td>0~60s<\/td>\n<\/tr>\n<tr>\n<td>Sertlik test aral\u0131\u011f\u0131<\/td>\n<td>8~650HBW<\/td>\n<\/tr>\n<tr>\n<td>Toplam b\u00fcy\u00fctme<\/td>\n<td>20X<\/td>\n<\/tr>\n<tr>\n<td>Y\u00f6netici standard\u0131<\/td>\n<td>EN ISO 6506, , ASTM E-10-08, GB\/T231.2\uff0cJJG150 -2005<\/td>\n<\/tr>\n<tr>\n<td>Girinti-\u00e7\u0131k\u0131nt\u0131 duvar\u0131 mesafesi<\/td>\n<td>135 mm<\/td>\n<\/tr>\n<tr>\n<td>\u0130ndenter-\u00fcst duvar mesafesi<\/td>\n<td>55mm (can increase the pressure from the indenter to the upper wall by customizing the indenter)<\/td>\n<\/tr>\n<tr>\n<td>Sertlik okumas\u0131<\/td>\n<td>Direct measurement by computer<\/td>\n<\/tr>\n<tr>\n<td>G\u00dc\u00c7 KAYNA\u011eI<\/td>\n<td>AC220+5%, 50~60Hz<\/td>\n<\/tr>\n<tr>\n<td>Boyutlar (mm)<\/td>\n<td>520*210*745mm<\/td>\n<\/tr>\n<tr>\n<td>Ev sahibi a\u011f\u0131rl\u0131\u011f\u0131<\/td>\n<td>About 120kg<\/td>\n<\/tr>\n<\/tbody>\n<\/table>","protected":false},"excerpt":{"rendered":"<p>HBE-3000S Computer Electronic Brinell hardness of advanced electronic technology load sensor, closed-loop control System, CPU control signals acquired by the sensor, the stepper motor automatically loading and unloading test force, and can automatically compensate the test force, to ensure the force The value is more accurate and the displayed value is more stable. Equipped with a mobile measurement platform and a computer measurement system, it has a high test speed and more measurement functions. It is also equipped with an emergency stop device, which meets the EU CE safety standards, has more reliable operability and safety, and has a high cost performance , Widely used in factory workshops, colleges and universities, scientific research institutions, laboratories, etc.<\/p>","protected":false},"featured_media":29640,"comment_status":"open","ping_status":"closed","template":"","meta":[],"product_brand":[],"product_cat":[75,70],"product_tag":[105],"class_list":{"0":"post-29639","1":"product","2":"type-product","3":"status-publish","4":"has-post-thumbnail","6":"product_cat-brinell-hardness-tester","7":"product_cat-hardness-tester","8":"product_tag-brinell-hardness-tester","10":"first","11":"instock","12":"shipping-taxable","13":"product-type-simple"},"yoast_head":"<!-- This site is optimized with the Yoast SEO Premium plugin v25.4 (Yoast SEO v27.4) - https:\/\/yoast.com\/product\/yoast-seo-premium-wordpress\/ -->\n<title>HBE-3000S Computer type electronic Brinell hardness tester - hardnesstests<\/title>\n<meta name=\"robots\" content=\"index, follow, max-snippet:-1, max-image-preview:large, max-video-preview:-1\" \/>\n<link rel=\"canonical\" href=\"https:\/\/hardnesstests.com\/tr\/urun\/hbe-3000s-computer-type-electronic-brinell-hardness-tester\/\" \/>\n<meta property=\"og:locale\" content=\"tr_TR\" \/>\n<meta property=\"og:type\" content=\"article\" \/>\n<meta property=\"og:title\" content=\"HBE-3000S Computer type electronic Brinell hardness tester\" \/>\n<meta property=\"og:description\" content=\"HBE-3000S Computer Electronic Brinell hardness of advanced electronic technology load sensor, closed-loop control System, CPU control signals acquired by the sensor, the stepper motor automatically loading and unloading test force, and can automatically compensate the test force, to ensure the force The value is more accurate and the displayed value is more stable. Equipped with a mobile measurement platform and a computer measurement system, it has a high test speed and more measurement functions. It is also equipped with an emergency stop device, which meets the EU CE safety standards, has more reliable operability and safety, and has a high cost performance , Widely used in factory workshops, colleges and universities, scientific research institutions, laboratories, etc.\" \/>\n<meta property=\"og:url\" content=\"https:\/\/hardnesstests.com\/tr\/urun\/hbe-3000s-computer-type-electronic-brinell-hardness-tester\/\" \/>\n<meta property=\"og:site_name\" content=\"hardnesstests\" \/>\n<meta property=\"article:modified_time\" content=\"2025-11-27T05:54:24+00:00\" \/>\n<meta property=\"og:image\" content=\"https:\/\/hardnesstests.com\/wp-content\/uploads\/2025\/11\/HBE-3000S-\u7535\u8111\u5f0f\u7535\u5b50\u5e03\u6c0f\u786c\u5ea6\u8ba1.jpg\" \/>\n\t<meta property=\"og:image:width\" content=\"800\" \/>\n\t<meta property=\"og:image:height\" content=\"800\" \/>\n\t<meta property=\"og:image:type\" content=\"image\/jpeg\" \/>\n<meta name=\"twitter:card\" content=\"summary_large_image\" \/>\n<meta name=\"twitter:label1\" content=\"Tahmini okuma s\u00fcresi\" \/>\n\t<meta name=\"twitter:data1\" content=\"2 dakika\" \/>\n<script type=\"application\/ld+json\" class=\"yoast-schema-graph\">{\"@context\":\"https:\\\/\\\/schema.org\",\"@graph\":[{\"@type\":\"WebPage\",\"@id\":\"https:\\\/\\\/hardnesstests.com\\\/product\\\/hbe-3000s-computer-type-electronic-brinell-hardness-tester\\\/\",\"url\":\"https:\\\/\\\/hardnesstests.com\\\/product\\\/hbe-3000s-computer-type-electronic-brinell-hardness-tester\\\/\",\"name\":\"HBE-3000S Computer type electronic Brinell hardness tester - hardnesstests\",\"isPartOf\":{\"@id\":\"https:\\\/\\\/hardnesstests.com\\\/tr\\\/#website\"},\"primaryImageOfPage\":{\"@id\":\"https:\\\/\\\/hardnesstests.com\\\/product\\\/hbe-3000s-computer-type-electronic-brinell-hardness-tester\\\/#primaryimage\"},\"image\":{\"@id\":\"https:\\\/\\\/hardnesstests.com\\\/product\\\/hbe-3000s-computer-type-electronic-brinell-hardness-tester\\\/#primaryimage\"},\"thumbnailUrl\":\"https:\\\/\\\/hardnesstests.com\\\/wp-content\\\/uploads\\\/2025\\\/11\\\/HBE-3000S-\u7535\u8111\u5f0f\u7535\u5b50\u5e03\u6c0f\u786c\u5ea6\u8ba1.jpg\",\"datePublished\":\"2025-11-26T07:04:58+00:00\",\"dateModified\":\"2025-11-27T05:54:24+00:00\",\"breadcrumb\":{\"@id\":\"https:\\\/\\\/hardnesstests.com\\\/product\\\/hbe-3000s-computer-type-electronic-brinell-hardness-tester\\\/#breadcrumb\"},\"inLanguage\":\"tr\",\"potentialAction\":[{\"@type\":\"ReadAction\",\"target\":[\"https:\\\/\\\/hardnesstests.com\\\/product\\\/hbe-3000s-computer-type-electronic-brinell-hardness-tester\\\/\"]}]},{\"@type\":\"ImageObject\",\"inLanguage\":\"tr\",\"@id\":\"https:\\\/\\\/hardnesstests.com\\\/product\\\/hbe-3000s-computer-type-electronic-brinell-hardness-tester\\\/#primaryimage\",\"url\":\"https:\\\/\\\/hardnesstests.com\\\/wp-content\\\/uploads\\\/2025\\\/11\\\/HBE-3000S-\u7535\u8111\u5f0f\u7535\u5b50\u5e03\u6c0f\u786c\u5ea6\u8ba1.jpg\",\"contentUrl\":\"https:\\\/\\\/hardnesstests.com\\\/wp-content\\\/uploads\\\/2025\\\/11\\\/HBE-3000S-\u7535\u8111\u5f0f\u7535\u5b50\u5e03\u6c0f\u786c\u5ea6\u8ba1.jpg\",\"width\":800,\"height\":800,\"caption\":\"HBE-3000S Computer type electronic Brinell hardness tester\"},{\"@type\":\"BreadcrumbList\",\"@id\":\"https:\\\/\\\/hardnesstests.com\\\/product\\\/hbe-3000s-computer-type-electronic-brinell-hardness-tester\\\/#breadcrumb\",\"itemListElement\":[{\"@type\":\"ListItem\",\"position\":1,\"name\":\"\u9996\u9875\",\"item\":\"https:\\\/\\\/hardnesstests.com\\\/\"},{\"@type\":\"ListItem\",\"position\":2,\"name\":\"products\",\"item\":\"https:\\\/\\\/hardnesstests.com\\\/products\\\/\"},{\"@type\":\"ListItem\",\"position\":3,\"name\":\"HBE-3000S Computer type electronic Brinell hardness tester\"}]},{\"@type\":\"WebSite\",\"@id\":\"https:\\\/\\\/hardnesstests.com\\\/tr\\\/#website\",\"url\":\"https:\\\/\\\/hardnesstests.com\\\/tr\\\/\",\"name\":\"hardnesstests\",\"description\":\"\",\"publisher\":{\"@id\":\"https:\\\/\\\/hardnesstests.com\\\/tr\\\/#organization\"},\"potentialAction\":[{\"@type\":\"SearchAction\",\"target\":{\"@type\":\"EntryPoint\",\"urlTemplate\":\"https:\\\/\\\/hardnesstests.com\\\/tr\\\/?s={search_term_string}\"},\"query-input\":{\"@type\":\"PropertyValueSpecification\",\"valueRequired\":true,\"valueName\":\"search_term_string\"}}],\"inLanguage\":\"tr\"},{\"@type\":\"Organization\",\"@id\":\"https:\\\/\\\/hardnesstests.com\\\/tr\\\/#organization\",\"name\":\"hardnesstests\",\"url\":\"https:\\\/\\\/hardnesstests.com\\\/tr\\\/\",\"logo\":{\"@type\":\"ImageObject\",\"inLanguage\":\"tr\",\"@id\":\"https:\\\/\\\/hardnesstests.com\\\/tr\\\/#\\\/schema\\\/logo\\\/image\\\/\",\"url\":\"https:\\\/\\\/hardnesstests.com\\\/wp-content\\\/uploads\\\/2021\\\/08\\\/\u5fae\u4fe1\u56fe\u7247_20251029102004_335_1287.png\",\"contentUrl\":\"https:\\\/\\\/hardnesstests.com\\\/wp-content\\\/uploads\\\/2021\\\/08\\\/\u5fae\u4fe1\u56fe\u7247_20251029102004_335_1287.png\",\"width\":1308,\"height\":467,\"caption\":\"hardnesstests\"},\"image\":{\"@id\":\"https:\\\/\\\/hardnesstests.com\\\/tr\\\/#\\\/schema\\\/logo\\\/image\\\/\"}}]}<\/script>\n<!-- \/ Yoast SEO Premium plugin. -->","yoast_head_json":{"title":"HBE-3000S Computer type electronic Brinell hardness tester - hardnesstests","robots":{"index":"index","follow":"follow","max-snippet":"max-snippet:-1","max-image-preview":"max-image-preview:large","max-video-preview":"max-video-preview:-1"},"canonical":"https:\/\/hardnesstests.com\/tr\/urun\/hbe-3000s-computer-type-electronic-brinell-hardness-tester\/","og_locale":"tr_TR","og_type":"article","og_title":"HBE-3000S Computer type electronic Brinell hardness tester","og_description":"HBE-3000S Computer Electronic Brinell hardness of advanced electronic technology load sensor, closed-loop control System, CPU control signals acquired by the sensor, the stepper motor automatically loading and unloading test force, and can automatically compensate the test force, to ensure the force The value is more accurate and the displayed value is more stable. Equipped with a mobile measurement platform and a computer measurement system, it has a high test speed and more measurement functions. It is also equipped with an emergency stop device, which meets the EU CE safety standards, has more reliable operability and safety, and has a high cost performance , Widely used in factory workshops, colleges and universities, scientific research institutions, laboratories, etc.","og_url":"https:\/\/hardnesstests.com\/tr\/urun\/hbe-3000s-computer-type-electronic-brinell-hardness-tester\/","og_site_name":"hardnesstests","article_modified_time":"2025-11-27T05:54:24+00:00","og_image":[{"width":800,"height":800,"url":"https:\/\/hardnesstests.com\/wp-content\/uploads\/2025\/11\/HBE-3000S-\u7535\u8111\u5f0f\u7535\u5b50\u5e03\u6c0f\u786c\u5ea6\u8ba1.jpg","type":"image\/jpeg"}],"twitter_card":"summary_large_image","twitter_misc":{"Tahmini okuma s\u00fcresi":"2 dakika"},"schema":{"@context":"https:\/\/schema.org","@graph":[{"@type":"WebPage","@id":"https:\/\/hardnesstests.com\/product\/hbe-3000s-computer-type-electronic-brinell-hardness-tester\/","url":"https:\/\/hardnesstests.com\/product\/hbe-3000s-computer-type-electronic-brinell-hardness-tester\/","name":"HBE-3000S Computer type electronic Brinell hardness tester - hardnesstests","isPartOf":{"@id":"https:\/\/hardnesstests.com\/tr\/#website"},"primaryImageOfPage":{"@id":"https:\/\/hardnesstests.com\/product\/hbe-3000s-computer-type-electronic-brinell-hardness-tester\/#primaryimage"},"image":{"@id":"https:\/\/hardnesstests.com\/product\/hbe-3000s-computer-type-electronic-brinell-hardness-tester\/#primaryimage"},"thumbnailUrl":"https:\/\/hardnesstests.com\/wp-content\/uploads\/2025\/11\/HBE-3000S-\u7535\u8111\u5f0f\u7535\u5b50\u5e03\u6c0f\u786c\u5ea6\u8ba1.jpg","datePublished":"2025-11-26T07:04:58+00:00","dateModified":"2025-11-27T05:54:24+00:00","breadcrumb":{"@id":"https:\/\/hardnesstests.com\/product\/hbe-3000s-computer-type-electronic-brinell-hardness-tester\/#breadcrumb"},"inLanguage":"tr","potentialAction":[{"@type":"ReadAction","target":["https:\/\/hardnesstests.com\/product\/hbe-3000s-computer-type-electronic-brinell-hardness-tester\/"]}]},{"@type":"ImageObject","inLanguage":"tr","@id":"https:\/\/hardnesstests.com\/product\/hbe-3000s-computer-type-electronic-brinell-hardness-tester\/#primaryimage","url":"https:\/\/hardnesstests.com\/wp-content\/uploads\/2025\/11\/HBE-3000S-\u7535\u8111\u5f0f\u7535\u5b50\u5e03\u6c0f\u786c\u5ea6\u8ba1.jpg","contentUrl":"https:\/\/hardnesstests.com\/wp-content\/uploads\/2025\/11\/HBE-3000S-\u7535\u8111\u5f0f\u7535\u5b50\u5e03\u6c0f\u786c\u5ea6\u8ba1.jpg","width":800,"height":800,"caption":"HBE-3000S Computer type electronic Brinell hardness tester"},{"@type":"BreadcrumbList","@id":"https:\/\/hardnesstests.com\/product\/hbe-3000s-computer-type-electronic-brinell-hardness-tester\/#breadcrumb","itemListElement":[{"@type":"ListItem","position":1,"name":"\u9996\u9875","item":"https:\/\/hardnesstests.com\/"},{"@type":"ListItem","position":2,"name":"products","item":"https:\/\/hardnesstests.com\/products\/"},{"@type":"ListItem","position":3,"name":"HBE-3000S Computer type electronic Brinell hardness tester"}]},{"@type":"WebSite","@id":"https:\/\/hardnesstests.com\/tr\/#website","url":"https:\/\/hardnesstests.com\/tr\/","name":"hardnesstests","description":"","publisher":{"@id":"https:\/\/hardnesstests.com\/tr\/#organization"},"potentialAction":[{"@type":"SearchAction","target":{"@type":"EntryPoint","urlTemplate":"https:\/\/hardnesstests.com\/tr\/?s={search_term_string}"},"query-input":{"@type":"PropertyValueSpecification","valueRequired":true,"valueName":"search_term_string"}}],"inLanguage":"tr"},{"@type":"Organization","@id":"https:\/\/hardnesstests.com\/tr\/#organization","name":"hardnesstests","url":"https:\/\/hardnesstests.com\/tr\/","logo":{"@type":"ImageObject","inLanguage":"tr","@id":"https:\/\/hardnesstests.com\/tr\/#\/schema\/logo\/image\/","url":"https:\/\/hardnesstests.com\/wp-content\/uploads\/2021\/08\/\u5fae\u4fe1\u56fe\u7247_20251029102004_335_1287.png","contentUrl":"https:\/\/hardnesstests.com\/wp-content\/uploads\/2021\/08\/\u5fae\u4fe1\u56fe\u7247_20251029102004_335_1287.png","width":1308,"height":467,"caption":"hardnesstests"},"image":{"@id":"https:\/\/hardnesstests.com\/tr\/#\/schema\/logo\/image\/"}}]}},"_links":{"self":[{"href":"https:\/\/hardnesstests.com\/tr\/wp-json\/wp\/v2\/product\/29639","targetHints":{"allow":["GET"]}}],"collection":[{"href":"https:\/\/hardnesstests.com\/tr\/wp-json\/wp\/v2\/product"}],"about":[{"href":"https:\/\/hardnesstests.com\/tr\/wp-json\/wp\/v2\/types\/product"}],"replies":[{"embeddable":true,"href":"https:\/\/hardnesstests.com\/tr\/wp-json\/wp\/v2\/comments?post=29639"}],"version-history":[{"count":2,"href":"https:\/\/hardnesstests.com\/tr\/wp-json\/wp\/v2\/product\/29639\/revisions"}],"predecessor-version":[{"id":29702,"href":"https:\/\/hardnesstests.com\/tr\/wp-json\/wp\/v2\/product\/29639\/revisions\/29702"}],"wp:featuredmedia":[{"embeddable":true,"href":"https:\/\/hardnesstests.com\/tr\/wp-json\/wp\/v2\/media\/29640"}],"wp:attachment":[{"href":"https:\/\/hardnesstests.com\/tr\/wp-json\/wp\/v2\/media?parent=29639"}],"wp:term":[{"taxonomy":"product_brand","embeddable":true,"href":"https:\/\/hardnesstests.com\/tr\/wp-json\/wp\/v2\/product_brand?post=29639"},{"taxonomy":"product_cat","embeddable":true,"href":"https:\/\/hardnesstests.com\/tr\/wp-json\/wp\/v2\/product_cat?post=29639"},{"taxonomy":"product_tag","embeddable":true,"href":"https:\/\/hardnesstests.com\/tr\/wp-json\/wp\/v2\/product_tag?post=29639"}],"curies":[{"name":"wp","href":"https:\/\/api.w.org\/{rel}","templated":true}]}}