{"id":29636,"date":"2025-11-26T07:03:47","date_gmt":"2025-11-26T07:03:47","guid":{"rendered":"https:\/\/hardnesstests.com\/?post_type=product&#038;p=29636"},"modified":"2025-11-27T05:53:47","modified_gmt":"2025-11-27T05:53:47","slug":"hbe-3000a-electronic-brinell-hardness-tester","status":"publish","type":"product","link":"https:\/\/hardnesstests.com\/tr\/urun\/hbe-3000a-electronic-brinell-hardness-tester\/","title":{"rendered":"(HBE-3000A) Elektronik Brinell sertlik test cihaz\u0131"},"content":{"rendered":"<table border=\"1\">\n<tbody>\n<tr>\n<td><strong>Main functions and features\uff1a<\/strong><\/td>\n<\/tr>\n<\/tbody>\n<\/table>\n<p>1.Equipped with precision sensors and CPU microcomputer control system, which can automatically compensate, and the test results are accurate and stable;<\/p>\n<p>2. Possesses level 10 test capability, and can test a wider range;<\/p>\n<p>3. After measuring the indentation through the eyepiece, press the key to input the indentation length to directly obtain the hardness value, which improves work efficiency;<\/p>\n<p>4. Equipped with a built-in printer, which can analyze and print the measurement data.<\/p>\n<p>5. Equipped with high-performance stepper motor to automatically load and unload the test force, the noise generated during the test is smaller;<\/p>\n<p>6. The shell is cast in one time, the structure is stable and does not deform, and it can work in a relatively harsh environment;<\/p>\n<p>7. The surface is treated with the car paint process, which has strong scratching ability and is still bright as new after years of use;<\/p>\n<p>8. This machine can be equipped with Brinell image measurement software, which greatly improves work efficiency;<\/p>\n<p>&nbsp;<\/p>\n<h1><strong>Ana ama\u00e7 ve kullan\u0131m kapsam\u0131:<\/strong><\/h1>\n<p>1. It is suitable for the hardness tester test of metal materials with large grains, which can reflect the comprehensive performance of the material;<\/p>\n<p>2. Cast iron, steel, non-ferrous metals, alloys, especially for softer metals, such as pure aluminum, lead, tin, etc.<\/p>\n<p>3. It can be used to measure the hardness of some non-metallic materials such as hard plastics, bakelite, etc.<\/p>\n<p>&nbsp;<\/p>\n<table border=\"1\">\n<tbody>\n<tr>\n<td><strong>Technical parameter\uff1a<\/strong><\/td>\n<\/tr>\n<\/tbody>\n<\/table>\n<div align=\"center\">\n<div class=\"table-responsive\">\n<div class=\"table-responsive\">\n<table border=\"1\" cellspacing=\"0\">\n<tbody>\n<tr>\n<td valign=\"center\" width=\"152\">Product number<\/td>\n<td valign=\"center\" width=\"627\">HBE-3000A<\/td>\n<\/tr>\n<tr>\n<td valign=\"center\" width=\"152\">Brinell ruler<\/td>\n<td valign=\"center\" width=\"627\">HBW2.5\/62.5 \u00a0HBW2.5\/187.5 HBW5\/62.5 \u00a0HBW5\/125 \u00a0HBW5\/250 \u00a0HBW5\/750 \u00a0\u00a0\u00a0\u00a0\u00a0\u00a0HBW10\/100\u3001\u00a0 \u00a0HBW10\/250\u3001\u00a0 \u00a0HBW10\/500\u3001\u00a0 \u00a0HBW10\/1000 \u00a0HBW10\/1500\u3001HBW10\/3000<\/td>\n<\/tr>\n<tr>\n<td valign=\"center\" width=\"152\">Test kuvveti<\/td>\n<td valign=\"center\" width=\"627\">62.5kgf(612.9N)\u3001100kgf(980.7N)\u3001125kgf(1226N)\u3001187.5kgf(1839N)\u3001250kgf(2452N)\u3001500kgf(4903N)\u3001750kgf(7355N)\u30011000kgf(8907N)\u30011500kgf(14710N)\u30013000kgf(29420N)<\/td>\n<\/tr>\n<tr>\n<td valign=\"center\" width=\"152\">Y\u00fck kontrol\u00fc<\/td>\n<td valign=\"center\" width=\"627\">Automatic (loading\/loading\/unloading)<\/td>\n<\/tr>\n<tr>\n<td valign=\"center\" width=\"152\">.Maximum height of the test piece<\/td>\n<td valign=\"center\" width=\"627\">220mm<\/td>\n<\/tr>\n<tr>\n<td valign=\"center\" width=\"152\">Minimum unit of measure<\/td>\n<td valign=\"center\" width=\"627\">0.005mm<\/td>\n<\/tr>\n<tr>\n<td valign=\"center\" width=\"152\">Time of protection<\/td>\n<td valign=\"center\" width=\"627\">0~60s<\/td>\n<\/tr>\n<tr>\n<td valign=\"center\" width=\"152\">Sertlik test aral\u0131\u011f\u0131<\/td>\n<td valign=\"center\" width=\"627\">3.18~653HBW<\/td>\n<\/tr>\n<tr>\n<td valign=\"center\" width=\"152\">Toplam b\u00fcy\u00fctme<\/td>\n<td valign=\"center\" width=\"627\">20X<\/td>\n<\/tr>\n<tr>\n<td valign=\"center\" width=\"152\">Y\u00f6netici standard\u0131<\/td>\n<td valign=\"center\" width=\"627\">EN ISO 6506, , ASTM E-10-08, GB\/T231.2\uff0cJJG150 -2005<\/td>\n<\/tr>\n<tr>\n<td valign=\"center\" width=\"152\">Girinti-\u00e7\u0131k\u0131nt\u0131 duvar\u0131 mesafesi<\/td>\n<td valign=\"center\" width=\"627\">135 mm<\/td>\n<\/tr>\n<tr>\n<td valign=\"center\" width=\"152\">\u0130ndenter-\u00fcst duvar mesafesi<\/td>\n<td valign=\"center\" width=\"627\">55mm (can increase the pressure from the indenter to the upper wall by customizing the indenter)<\/td>\n<\/tr>\n<tr>\n<td valign=\"center\" width=\"152\">Sertlik okumas\u0131<\/td>\n<td valign=\"center\" width=\"627\">After the indentation is measured through the eyepiece, the length of the indentation is directly input by the button to obtain the hardness value.<\/td>\n<\/tr>\n<tr>\n<td valign=\"center\" width=\"152\">Veri \u00e7\u0131k\u0131\u015f\u0131<\/td>\n<td valign=\"center\" width=\"627\">Built-in printer, print content: test conditions, number of measurements, average, maximum, minimum, maximum error, etc.<\/td>\n<\/tr>\n<tr>\n<td valign=\"center\" width=\"152\">G\u00dc\u00c7 KAYNA\u011eI<\/td>\n<td valign=\"center\" width=\"627\">AC220+5%, 50~60Hz<\/td>\n<\/tr>\n<tr>\n<td valign=\"center\" width=\"152\">Boyutlar (mm)<\/td>\n<td valign=\"center\" width=\"627\">520*210*745mm<\/td>\n<\/tr>\n<tr>\n<td valign=\"center\" width=\"152\">Ev sahibi a\u011f\u0131rl\u0131\u011f\u0131<\/td>\n<td valign=\"center\" width=\"627\">About 120kg<\/td>\n<\/tr>\n<\/tbody>\n<\/table>\n<\/div>\n<\/div>\n<\/div>","protected":false},"excerpt":{"rendered":"<p>The HBE-3000A electronic Brinell hardness tester adopts advanced electronic sensor loading technology. Through the closed-loop control system, the CPU controls the sensor to collect signals. The stepper motor automatically loads and unloads the test force, and can automatically compensate the test force to ensure a better force value. Accurate and more stable indication. After measuring the indentation through the eyepiece, press the key to input the indentation length to directly obtain the hardness value, which improves work efficiency. At the same time, it is equipped with an emergency stop device, which meets the EU CE safety standard, has more reliable operability and safety, and has a high cost performance , Widely used in factory workshops, colleges and universities, scientific research institutions, laboratories, etc.<\/p>","protected":false},"featured_media":29637,"comment_status":"open","ping_status":"closed","template":"","meta":[],"product_brand":[],"product_cat":[75,70],"product_tag":[105],"class_list":{"0":"post-29636","1":"product","2":"type-product","3":"status-publish","4":"has-post-thumbnail","6":"product_cat-brinell-hardness-tester","7":"product_cat-hardness-tester","8":"product_tag-brinell-hardness-tester","10":"first","11":"instock","12":"shipping-taxable","13":"product-type-simple"},"yoast_head":"<!-- This site is optimized with the Yoast SEO Premium plugin v25.4 (Yoast SEO v27.4) - https:\/\/yoast.com\/product\/yoast-seo-premium-wordpress\/ -->\n<title>(HBE-3000A) Electronic Brinell hardness tester - hardnesstests<\/title>\n<meta name=\"robots\" content=\"index, follow, max-snippet:-1, max-image-preview:large, max-video-preview:-1\" \/>\n<link rel=\"canonical\" href=\"https:\/\/hardnesstests.com\/tr\/urun\/hbe-3000a-electronic-brinell-hardness-tester\/\" \/>\n<meta property=\"og:locale\" content=\"tr_TR\" \/>\n<meta property=\"og:type\" content=\"article\" \/>\n<meta property=\"og:title\" content=\"(HBE-3000A) Electronic Brinell hardness tester\" \/>\n<meta property=\"og:description\" content=\"The HBE-3000A electronic Brinell hardness tester adopts advanced electronic sensor loading technology. Through the closed-loop control system, the CPU controls the sensor to collect signals. The stepper motor automatically loads and unloads the test force, and can automatically compensate the test force to ensure a better force value. Accurate and more stable indication. After measuring the indentation through the eyepiece, press the key to input the indentation length to directly obtain the hardness value, which improves work efficiency. At the same time, it is equipped with an emergency stop device, which meets the EU CE safety standard, has more reliable operability and safety, and has a high cost performance , Widely used in factory workshops, colleges and universities, scientific research institutions, laboratories, etc.\" \/>\n<meta property=\"og:url\" content=\"https:\/\/hardnesstests.com\/tr\/urun\/hbe-3000a-electronic-brinell-hardness-tester\/\" \/>\n<meta property=\"og:site_name\" content=\"hardnesstests\" \/>\n<meta property=\"article:modified_time\" content=\"2025-11-27T05:53:47+00:00\" \/>\n<meta property=\"og:image\" content=\"https:\/\/hardnesstests.com\/wp-content\/uploads\/2025\/11\/HBE-3000A\u7535\u5b50\u5e03\u6c0f\u786c\u5ea6\u8ba1.jpg\" \/>\n\t<meta property=\"og:image:width\" content=\"800\" \/>\n\t<meta property=\"og:image:height\" content=\"800\" \/>\n\t<meta property=\"og:image:type\" content=\"image\/jpeg\" \/>\n<meta name=\"twitter:card\" content=\"summary_large_image\" \/>\n<meta name=\"twitter:label1\" content=\"Tahmini okuma s\u00fcresi\" \/>\n\t<meta name=\"twitter:data1\" content=\"2 dakika\" \/>\n<script type=\"application\/ld+json\" class=\"yoast-schema-graph\">{\"@context\":\"https:\\\/\\\/schema.org\",\"@graph\":[{\"@type\":\"WebPage\",\"@id\":\"https:\\\/\\\/hardnesstests.com\\\/product\\\/hbe-3000a-electronic-brinell-hardness-tester\\\/\",\"url\":\"https:\\\/\\\/hardnesstests.com\\\/product\\\/hbe-3000a-electronic-brinell-hardness-tester\\\/\",\"name\":\"(HBE-3000A) Electronic Brinell hardness tester - hardnesstests\",\"isPartOf\":{\"@id\":\"https:\\\/\\\/hardnesstests.com\\\/tr\\\/#website\"},\"primaryImageOfPage\":{\"@id\":\"https:\\\/\\\/hardnesstests.com\\\/product\\\/hbe-3000a-electronic-brinell-hardness-tester\\\/#primaryimage\"},\"image\":{\"@id\":\"https:\\\/\\\/hardnesstests.com\\\/product\\\/hbe-3000a-electronic-brinell-hardness-tester\\\/#primaryimage\"},\"thumbnailUrl\":\"https:\\\/\\\/hardnesstests.com\\\/wp-content\\\/uploads\\\/2025\\\/11\\\/HBE-3000A\u7535\u5b50\u5e03\u6c0f\u786c\u5ea6\u8ba1.jpg\",\"datePublished\":\"2025-11-26T07:03:47+00:00\",\"dateModified\":\"2025-11-27T05:53:47+00:00\",\"breadcrumb\":{\"@id\":\"https:\\\/\\\/hardnesstests.com\\\/product\\\/hbe-3000a-electronic-brinell-hardness-tester\\\/#breadcrumb\"},\"inLanguage\":\"tr\",\"potentialAction\":[{\"@type\":\"ReadAction\",\"target\":[\"https:\\\/\\\/hardnesstests.com\\\/product\\\/hbe-3000a-electronic-brinell-hardness-tester\\\/\"]}]},{\"@type\":\"ImageObject\",\"inLanguage\":\"tr\",\"@id\":\"https:\\\/\\\/hardnesstests.com\\\/product\\\/hbe-3000a-electronic-brinell-hardness-tester\\\/#primaryimage\",\"url\":\"https:\\\/\\\/hardnesstests.com\\\/wp-content\\\/uploads\\\/2025\\\/11\\\/HBE-3000A\u7535\u5b50\u5e03\u6c0f\u786c\u5ea6\u8ba1.jpg\",\"contentUrl\":\"https:\\\/\\\/hardnesstests.com\\\/wp-content\\\/uploads\\\/2025\\\/11\\\/HBE-3000A\u7535\u5b50\u5e03\u6c0f\u786c\u5ea6\u8ba1.jpg\",\"width\":800,\"height\":800,\"caption\":\"(HBE-3000A) Electronic Brinell hardness tester\"},{\"@type\":\"BreadcrumbList\",\"@id\":\"https:\\\/\\\/hardnesstests.com\\\/product\\\/hbe-3000a-electronic-brinell-hardness-tester\\\/#breadcrumb\",\"itemListElement\":[{\"@type\":\"ListItem\",\"position\":1,\"name\":\"\u9996\u9875\",\"item\":\"https:\\\/\\\/hardnesstests.com\\\/\"},{\"@type\":\"ListItem\",\"position\":2,\"name\":\"products\",\"item\":\"https:\\\/\\\/hardnesstests.com\\\/products\\\/\"},{\"@type\":\"ListItem\",\"position\":3,\"name\":\"(HBE-3000A) Electronic Brinell hardness tester\"}]},{\"@type\":\"WebSite\",\"@id\":\"https:\\\/\\\/hardnesstests.com\\\/tr\\\/#website\",\"url\":\"https:\\\/\\\/hardnesstests.com\\\/tr\\\/\",\"name\":\"hardnesstests\",\"description\":\"\",\"publisher\":{\"@id\":\"https:\\\/\\\/hardnesstests.com\\\/tr\\\/#organization\"},\"potentialAction\":[{\"@type\":\"SearchAction\",\"target\":{\"@type\":\"EntryPoint\",\"urlTemplate\":\"https:\\\/\\\/hardnesstests.com\\\/tr\\\/?s={search_term_string}\"},\"query-input\":{\"@type\":\"PropertyValueSpecification\",\"valueRequired\":true,\"valueName\":\"search_term_string\"}}],\"inLanguage\":\"tr\"},{\"@type\":\"Organization\",\"@id\":\"https:\\\/\\\/hardnesstests.com\\\/tr\\\/#organization\",\"name\":\"hardnesstests\",\"url\":\"https:\\\/\\\/hardnesstests.com\\\/tr\\\/\",\"logo\":{\"@type\":\"ImageObject\",\"inLanguage\":\"tr\",\"@id\":\"https:\\\/\\\/hardnesstests.com\\\/tr\\\/#\\\/schema\\\/logo\\\/image\\\/\",\"url\":\"https:\\\/\\\/hardnesstests.com\\\/wp-content\\\/uploads\\\/2021\\\/08\\\/\u5fae\u4fe1\u56fe\u7247_20251029102004_335_1287.png\",\"contentUrl\":\"https:\\\/\\\/hardnesstests.com\\\/wp-content\\\/uploads\\\/2021\\\/08\\\/\u5fae\u4fe1\u56fe\u7247_20251029102004_335_1287.png\",\"width\":1308,\"height\":467,\"caption\":\"hardnesstests\"},\"image\":{\"@id\":\"https:\\\/\\\/hardnesstests.com\\\/tr\\\/#\\\/schema\\\/logo\\\/image\\\/\"}}]}<\/script>\n<!-- \/ Yoast SEO Premium plugin. -->","yoast_head_json":{"title":"(HBE-3000A) Electronic Brinell hardness tester - hardnesstests","robots":{"index":"index","follow":"follow","max-snippet":"max-snippet:-1","max-image-preview":"max-image-preview:large","max-video-preview":"max-video-preview:-1"},"canonical":"https:\/\/hardnesstests.com\/tr\/urun\/hbe-3000a-electronic-brinell-hardness-tester\/","og_locale":"tr_TR","og_type":"article","og_title":"(HBE-3000A) Electronic Brinell hardness tester","og_description":"The HBE-3000A electronic Brinell hardness tester adopts advanced electronic sensor loading technology. Through the closed-loop control system, the CPU controls the sensor to collect signals. The stepper motor automatically loads and unloads the test force, and can automatically compensate the test force to ensure a better force value. Accurate and more stable indication. After measuring the indentation through the eyepiece, press the key to input the indentation length to directly obtain the hardness value, which improves work efficiency. At the same time, it is equipped with an emergency stop device, which meets the EU CE safety standard, has more reliable operability and safety, and has a high cost performance , Widely used in factory workshops, colleges and universities, scientific research institutions, laboratories, etc.","og_url":"https:\/\/hardnesstests.com\/tr\/urun\/hbe-3000a-electronic-brinell-hardness-tester\/","og_site_name":"hardnesstests","article_modified_time":"2025-11-27T05:53:47+00:00","og_image":[{"width":800,"height":800,"url":"https:\/\/hardnesstests.com\/wp-content\/uploads\/2025\/11\/HBE-3000A\u7535\u5b50\u5e03\u6c0f\u786c\u5ea6\u8ba1.jpg","type":"image\/jpeg"}],"twitter_card":"summary_large_image","twitter_misc":{"Tahmini okuma s\u00fcresi":"2 dakika"},"schema":{"@context":"https:\/\/schema.org","@graph":[{"@type":"WebPage","@id":"https:\/\/hardnesstests.com\/product\/hbe-3000a-electronic-brinell-hardness-tester\/","url":"https:\/\/hardnesstests.com\/product\/hbe-3000a-electronic-brinell-hardness-tester\/","name":"(HBE-3000A) Electronic Brinell hardness tester - hardnesstests","isPartOf":{"@id":"https:\/\/hardnesstests.com\/tr\/#website"},"primaryImageOfPage":{"@id":"https:\/\/hardnesstests.com\/product\/hbe-3000a-electronic-brinell-hardness-tester\/#primaryimage"},"image":{"@id":"https:\/\/hardnesstests.com\/product\/hbe-3000a-electronic-brinell-hardness-tester\/#primaryimage"},"thumbnailUrl":"https:\/\/hardnesstests.com\/wp-content\/uploads\/2025\/11\/HBE-3000A\u7535\u5b50\u5e03\u6c0f\u786c\u5ea6\u8ba1.jpg","datePublished":"2025-11-26T07:03:47+00:00","dateModified":"2025-11-27T05:53:47+00:00","breadcrumb":{"@id":"https:\/\/hardnesstests.com\/product\/hbe-3000a-electronic-brinell-hardness-tester\/#breadcrumb"},"inLanguage":"tr","potentialAction":[{"@type":"ReadAction","target":["https:\/\/hardnesstests.com\/product\/hbe-3000a-electronic-brinell-hardness-tester\/"]}]},{"@type":"ImageObject","inLanguage":"tr","@id":"https:\/\/hardnesstests.com\/product\/hbe-3000a-electronic-brinell-hardness-tester\/#primaryimage","url":"https:\/\/hardnesstests.com\/wp-content\/uploads\/2025\/11\/HBE-3000A\u7535\u5b50\u5e03\u6c0f\u786c\u5ea6\u8ba1.jpg","contentUrl":"https:\/\/hardnesstests.com\/wp-content\/uploads\/2025\/11\/HBE-3000A\u7535\u5b50\u5e03\u6c0f\u786c\u5ea6\u8ba1.jpg","width":800,"height":800,"caption":"(HBE-3000A) Electronic Brinell hardness tester"},{"@type":"BreadcrumbList","@id":"https:\/\/hardnesstests.com\/product\/hbe-3000a-electronic-brinell-hardness-tester\/#breadcrumb","itemListElement":[{"@type":"ListItem","position":1,"name":"\u9996\u9875","item":"https:\/\/hardnesstests.com\/"},{"@type":"ListItem","position":2,"name":"products","item":"https:\/\/hardnesstests.com\/products\/"},{"@type":"ListItem","position":3,"name":"(HBE-3000A) Electronic Brinell hardness tester"}]},{"@type":"WebSite","@id":"https:\/\/hardnesstests.com\/tr\/#website","url":"https:\/\/hardnesstests.com\/tr\/","name":"hardnesstests","description":"","publisher":{"@id":"https:\/\/hardnesstests.com\/tr\/#organization"},"potentialAction":[{"@type":"SearchAction","target":{"@type":"EntryPoint","urlTemplate":"https:\/\/hardnesstests.com\/tr\/?s={search_term_string}"},"query-input":{"@type":"PropertyValueSpecification","valueRequired":true,"valueName":"search_term_string"}}],"inLanguage":"tr"},{"@type":"Organization","@id":"https:\/\/hardnesstests.com\/tr\/#organization","name":"hardnesstests","url":"https:\/\/hardnesstests.com\/tr\/","logo":{"@type":"ImageObject","inLanguage":"tr","@id":"https:\/\/hardnesstests.com\/tr\/#\/schema\/logo\/image\/","url":"https:\/\/hardnesstests.com\/wp-content\/uploads\/2021\/08\/\u5fae\u4fe1\u56fe\u7247_20251029102004_335_1287.png","contentUrl":"https:\/\/hardnesstests.com\/wp-content\/uploads\/2021\/08\/\u5fae\u4fe1\u56fe\u7247_20251029102004_335_1287.png","width":1308,"height":467,"caption":"hardnesstests"},"image":{"@id":"https:\/\/hardnesstests.com\/tr\/#\/schema\/logo\/image\/"}}]}},"_links":{"self":[{"href":"https:\/\/hardnesstests.com\/tr\/wp-json\/wp\/v2\/product\/29636","targetHints":{"allow":["GET"]}}],"collection":[{"href":"https:\/\/hardnesstests.com\/tr\/wp-json\/wp\/v2\/product"}],"about":[{"href":"https:\/\/hardnesstests.com\/tr\/wp-json\/wp\/v2\/types\/product"}],"replies":[{"embeddable":true,"href":"https:\/\/hardnesstests.com\/tr\/wp-json\/wp\/v2\/comments?post=29636"}],"version-history":[{"count":2,"href":"https:\/\/hardnesstests.com\/tr\/wp-json\/wp\/v2\/product\/29636\/revisions"}],"predecessor-version":[{"id":29701,"href":"https:\/\/hardnesstests.com\/tr\/wp-json\/wp\/v2\/product\/29636\/revisions\/29701"}],"wp:featuredmedia":[{"embeddable":true,"href":"https:\/\/hardnesstests.com\/tr\/wp-json\/wp\/v2\/media\/29637"}],"wp:attachment":[{"href":"https:\/\/hardnesstests.com\/tr\/wp-json\/wp\/v2\/media?parent=29636"}],"wp:term":[{"taxonomy":"product_brand","embeddable":true,"href":"https:\/\/hardnesstests.com\/tr\/wp-json\/wp\/v2\/product_brand?post=29636"},{"taxonomy":"product_cat","embeddable":true,"href":"https:\/\/hardnesstests.com\/tr\/wp-json\/wp\/v2\/product_cat?post=29636"},{"taxonomy":"product_tag","embeddable":true,"href":"https:\/\/hardnesstests.com\/tr\/wp-json\/wp\/v2\/product_tag?post=29636"}],"curies":[{"name":"wp","href":"https:\/\/api.w.org\/{rel}","templated":true}]}}