{"id":29627,"date":"2025-11-26T06:55:52","date_gmt":"2025-11-26T06:55:52","guid":{"rendered":"https:\/\/hardnesstests.com\/?post_type=product&#038;p=29627"},"modified":"2025-11-27T05:49:54","modified_gmt":"2025-11-27T05:49:54","slug":"dual-objective-lens-three-indenters-touch-screen-digital-display-automatic-turret-brinell-hardness-tester3hbst-3000zs","status":"publish","type":"product","link":"https:\/\/hardnesstests.com\/tr\/urun\/dual-objective-lens-three-indenters-touch-screen-digital-display-automatic-turret-brinell-hardness-tester3hbst-3000zs\/","title":{"rendered":"(\u00c7ift objektif lens, \u00fc\u00e7 indent\u00f6r, dokunmatik ekran, dijital ekran, otomatik taret Brinell sertlik test cihaz\u0131) 3HBST-3000ZS"},"content":{"rendered":"<table>\n<tbody>\n<tr>\n<td>\n<h1><strong>Ana fonksiyonlar ve \u00f6zellikler:<\/strong><\/h1>\n<\/td>\n<\/tr>\n<\/tbody>\n<\/table>\n<ol>\n<li style=\"font-weight: 400;\">This machine has the characteristics of high precision, high repeatability and stability, simple operation, convenience and practicality, and extremely high cost performance;<\/li>\n<li style=\"font-weight: 400;\">Integrated embedded industrial tablet computer, supports USB expansion;<\/li>\n<li style=\"font-weight: 400;\">Equipped with the latest Windows operating system<\/li>\n<li style=\"font-weight: 400;\">With 11 levels of test force, it can test a wider range;<\/li>\n<li style=\"font-weight: 400;\">Accurate data calculation system, just a click to directly display the hardness value;<\/li>\n<li style=\"font-weight: 400;\">Automatic lifting, no need to manually raise the lead screw.<\/li>\n<li style=\"font-weight: 400;\">Multi-station turret, equipped with three pressure heads and two objective lenses.<\/li>\n<li style=\"font-weight: 400;\">Test kuvveti uyguland\u0131ktan sonra, otomatik olarak en net k\u0131sma odaklanabilir.<\/li>\n<li style=\"font-weight: 400;\">The system has a calibration function, and the input calibration instrument can be manually adjusted.<\/li>\n<li style=\"font-weight: 400;\">Convertible scales, and switchable between: national standard (GB), American standard (ASTM) and international (ISO) standards.<\/li>\n<li style=\"font-weight: 400;\">Equipped with high-performance stepper motor to automatically load and unload test force, less noise during the test<\/li>\n<li style=\"font-weight: 400;\">Photoelectric sensor technology and microcomputer control system are used, which can automatically compensate, and the test results are accurate and stable;<\/li>\n<li style=\"font-weight: 400;\">Automatic measurement directly displays the hardness value;<\/li>\n<li style=\"font-weight: 400;\">Self-designed high-magnification LED optical measurement, high image clarity, and no fatigue after long-term operation;<\/li>\n<li style=\"font-weight: 400;\">The shell structure is stable and does not deform, and can work in relatively harsh environments;<\/li>\n<li style=\"font-weight: 400;\">The surface is treated with automotive paint technology, with strong scratch resistance, and it is still as bright as new after years of use;<\/li>\n<\/ol>\n<p>&nbsp;<\/p>\n<h1 style=\"font-weight: 400;\">Ana kullan\u0131m alanlar\u0131 ve kullan\u0131m kapsam\u0131:<\/h1>\n<ol>\n<li style=\"font-weight: 400;\">Malzemenin kapsaml\u0131 performans\u0131n\u0131 yans\u0131tabilen b\u00fcy\u00fck taneli metal malzemelerin sertlik testi i\u00e7in uygundur;<\/li>\n<li style=\"font-weight: 400;\">D\u00f6kme demir, \u00e7elik, demir d\u0131\u015f\u0131 metaller, \u00f6zellikle saf al\u00fcminyum, kur\u015fun, kalay vb. gibi daha yumu\u015fak metaller i\u00e7in.<\/li>\n<li style=\"font-weight: 400;\">Sert plastikler, bakalit vb. gibi metalik olmayan baz\u0131 malzemelerin sertlik testi i\u00e7in kullan\u0131labilir.<\/li>\n<\/ol>\n<p>&nbsp;<\/p>\n<table>\n<tbody>\n<tr>\n<td>\n<h1><strong>Teknik parametre:<\/strong><\/h1>\n<\/td>\n<\/tr>\n<\/tbody>\n<\/table>\n<table>\n<tbody>\n<tr>\n<td width=\"138\">\u00dcr\u00fcn modeli<\/td>\n<td width=\"450\">3HBST-3000ZS<\/td>\n<\/tr>\n<tr>\n<td width=\"138\">Brinell \u00f6l\u00e7e\u011fi<\/td>\n<td width=\"450\">HBW2.5\/31.25\u3001HBW2.5\/62.5\u3001HBW2.5\/187.5\u3001HBW5\/62.5 HBW5\/125\u3001 HBW5\/250\u3001 HBW5\/750 HBW10\/100 HBW10\/250 HBW10\/500\u3001HBW10\/1000 HBW10\/1500 HBW10\/3000<\/td>\n<\/tr>\n<tr>\n<td width=\"138\">Test kuvveti (11 seviye)<\/td>\n<td width=\"450\">31.25kgf(306.5N)62.5kgf(612.9N)100kgf(980.7N)125kgf(1226N)187.5kgf(1839N)250kgf(2452N)500kgf(4903N)750kgf(7355N)1000kgf(8907N)1500kgf(14710N)3000kgf(29420N)<\/td>\n<\/tr>\n<tr>\n<td width=\"138\">Sertlik okumas\u0131<\/td>\n<td width=\"450\">Automatic measurement<\/td>\n<\/tr>\n<tr>\n<td width=\"138\">Sertlik de\u011feri birim d\u00f6n\u00fc\u015f\u00fcm\u00fc<\/td>\n<td width=\"450\">Otomatik d\u00f6n\u00fc\u015f\u00fcm: Vickers, Rockwell<\/td>\n<\/tr>\n<tr>\n<td width=\"138\">Ekran<\/td>\n<td width=\"450\">12-inch display<\/td>\n<\/tr>\n<tr>\n<td width=\"138\">Y\u00fckleme i\u015flemi<\/td>\n<td width=\"450\">Real-time display of loading process, loading time &lt;8s<\/td>\n<\/tr>\n<tr>\n<td width=\"138\">Y\u00fck kontrol\u00fc<\/td>\n<td width=\"450\">Otomatik (y\u00fckleme\/tutma\/bo\u015faltma)<\/td>\n<\/tr>\n<tr>\n<td width=\"138\">\u0130\u015f \u0130stasyonu<\/td>\n<td width=\"450\">Five stations, can be equipped with 2 objective lenses and 3 pressure heads at the same time<\/td>\n<\/tr>\n<tr>\n<td width=\"138\">Kald\u0131rma<\/td>\n<td width=\"450\">Automatic lifting, inching lifting, one-button testing<\/td>\n<\/tr>\n<tr>\n<td width=\"138\">Odaklanma<\/td>\n<td width=\"450\">Automatic focus, no need for manual lifting screw focusing.<\/td>\n<\/tr>\n<tr>\n<td width=\"138\">Taret<\/td>\n<td width=\"450\">Automatic turret, the pressure head and the objective lens rotate automatically<\/td>\n<\/tr>\n<tr>\n<td width=\"138\">Maksimum numune y\u00fcksekli\u011fi<\/td>\n<td width=\"450\">330mm<\/td>\n<\/tr>\n<tr>\n<td width=\"138\">Girinti-\u00e7\u0131k\u0131nt\u0131 duvar\u0131 mesafesi<\/td>\n<td width=\"450\">170 mm<\/td>\n<\/tr>\n<tr>\n<td width=\"138\">Objektif lens<\/td>\n<td width=\"450\">1X, 2X<\/td>\n<\/tr>\n<tr>\n<td width=\"138\">Mercek<\/td>\n<td width=\"450\">20X<\/td>\n<\/tr>\n<tr>\n<td width=\"138\">Toplam b\u00fcy\u00fctme<\/td>\n<td width=\"450\">20X, 40X<\/td>\n<\/tr>\n<tr>\n<td width=\"138\">Hardness resolution<\/td>\n<td width=\"450\">0.1HBW<\/td>\n<\/tr>\n<tr>\n<td width=\"138\">Konut s\u00fcresi<\/td>\n<td width=\"450\">1-99s<\/td>\n<\/tr>\n<tr>\n<td width=\"138\">Sertlik test aral\u0131\u011f\u0131<\/td>\n<td width=\"450\">3.18~653HBW<\/td>\n<\/tr>\n<tr>\n<td width=\"138\">Uygulama standard\u0131<\/td>\n<td width=\"450\">EN ISO 6506, , ASTM E-10-08, GB\/T231.2, JJG150-2005<\/td>\n<\/tr>\n<tr>\n<td width=\"138\">Veri \u00e7\u0131k\u0131\u015f\u0131<\/td>\n<td width=\"450\">Optional connection to a printer to print reports<\/td>\n<\/tr>\n<tr>\n<td width=\"138\">G\u00fc\u00e7 kayna\u011f\u0131<\/td>\n<td width=\"450\">AC220+5%, 50~60Hz<\/td>\n<\/tr>\n<tr>\n<td width=\"138\">Boyutlar (mm)<\/td>\n<td width=\"450\">595*245*1000mm<\/td>\n<\/tr>\n<tr>\n<td width=\"138\">Ana \u00fcnite a\u011f\u0131rl\u0131\u011f\u0131<\/td>\n<td width=\"450\">About 135kg<\/td>\n<\/tr>\n<\/tbody>\n<\/table>","protected":false},"excerpt":{"rendered":"<p>3HBST-3000ZS dual objective lens three indenter touch screen digital display automatic brick tower Brinell hardness tester, the software system adopts computer intelligent programming, uses photoelectric sensing technology, through the self-selection of test conditions, only need to operate on the multi-function PC, all parameters can be directly selected, modified, analyzed. The PC end is connected in series with the hardness tester through the communication protocol to realize the control of the mechanical movement part of the hardness tester, which can realize: automatic multi-function tower position, automatic identification of objective lens and indenter, automatic rise and fall, automatic focusing, automatic loading, automatic load retention, automatic unloading, automatic measurement, and light brightness adjustment. By linking the built-in CCD measurement and acquisition system, the clear indentation image dynamic can be displayed on the PC in real time, and the indentation can be directly locked to automatically measure the hardness value, automatically save the test data, and generate a report. The optical system adopts a high-magnification LED optical objective lens, with high image clarity and long-term operation without fatigue. The hardware system adopts advanced electronic sensor loading technology. Through a closed-loop control system, the system controls the sensor to collect signals, and the high-speed stepping motor automatically loads and unloads the test force, and can automatically compensate for the test force to ensure more accurate force value and more stable indication value. It is also equipped with an emergency stop device, which complies with EU CE safety standards. It has humanized operability, more reliable stability and safety.<\/p>","protected":false},"featured_media":29628,"comment_status":"open","ping_status":"closed","template":"","meta":[],"product_brand":[],"product_cat":[75,70],"product_tag":[105],"class_list":{"0":"post-29627","1":"product","2":"type-product","3":"status-publish","4":"has-post-thumbnail","6":"product_cat-brinell-hardness-tester","7":"product_cat-hardness-tester","8":"product_tag-brinell-hardness-tester","10":"first","11":"instock","12":"shipping-taxable","13":"product-type-simple"},"yoast_head":"<!-- This site is optimized with the Yoast SEO Premium plugin v25.4 (Yoast SEO v27.4) - https:\/\/yoast.com\/product\/yoast-seo-premium-wordpress\/ -->\n<title>(Dual objective lens, three indenters, touch screen, digital display, automatic turret Brinell hardness tester)3HBST-3000ZS - hardnesstests<\/title>\n<meta name=\"robots\" content=\"index, follow, max-snippet:-1, max-image-preview:large, max-video-preview:-1\" \/>\n<link rel=\"canonical\" href=\"https:\/\/hardnesstests.com\/tr\/urun\/dual-objective-lens-three-indenters-touch-screen-digital-display-automatic-turret-brinell-hardness-tester3hbst-3000zs\/\" \/>\n<meta property=\"og:locale\" content=\"tr_TR\" \/>\n<meta property=\"og:type\" content=\"article\" \/>\n<meta property=\"og:title\" content=\"(Dual objective lens, three indenters, touch screen, digital display, automatic turret Brinell hardness tester)3HBST-3000ZS\" \/>\n<meta property=\"og:description\" content=\"3HBST-3000ZS dual objective lens three indenter touch screen digital display automatic brick tower Brinell hardness tester, the software system adopts computer intelligent programming, uses photoelectric sensing technology, through the self-selection of test conditions, only need to operate on the multi-function PC, all parameters can be directly selected, modified, analyzed. The PC end is connected in series with the hardness tester through the communication protocol to realize the control of the mechanical movement part of the hardness tester, which can realize: automatic multi-function tower position, automatic identification of objective lens and indenter, automatic rise and fall, automatic focusing, automatic loading, automatic load retention, automatic unloading, automatic measurement, and light brightness adjustment. By linking the built-in CCD measurement and acquisition system, the clear indentation image dynamic can be displayed on the PC in real time, and the indentation can be directly locked to automatically measure the hardness value, automatically save the test data, and generate a report. The optical system adopts a high-magnification LED optical objective lens, with high image clarity and long-term operation without fatigue. The hardware system adopts advanced electronic sensor loading technology. Through a closed-loop control system, the system controls the sensor to collect signals, and the high-speed stepping motor automatically loads and unloads the test force, and can automatically compensate for the test force to ensure more accurate force value and more stable indication value. It is also equipped with an emergency stop device, which complies with EU CE safety standards. It has humanized operability, more reliable stability and safety.\" \/>\n<meta property=\"og:url\" content=\"https:\/\/hardnesstests.com\/tr\/urun\/dual-objective-lens-three-indenters-touch-screen-digital-display-automatic-turret-brinell-hardness-tester3hbst-3000zs\/\" \/>\n<meta property=\"og:site_name\" content=\"hardnesstests\" \/>\n<meta property=\"article:modified_time\" content=\"2025-11-27T05:49:54+00:00\" \/>\n<meta property=\"og:image\" content=\"https:\/\/hardnesstests.com\/wp-content\/uploads\/2025\/11\/3HBST-3000ZS\u53cc\u7269\u955c\u3001\u4e09\u538b\u5934\u3001\u89e6\u6478\u5c4f\u3001\u6570\u663e\u3001\u81ea\u52a8\u8f6c\u5854\u5e03\u6c0f\u786c\u5ea6\u8ba1.jpg\" \/>\n\t<meta property=\"og:image:width\" content=\"550\" \/>\n\t<meta property=\"og:image:height\" content=\"550\" \/>\n\t<meta property=\"og:image:type\" content=\"image\/jpeg\" \/>\n<meta name=\"twitter:card\" content=\"summary_large_image\" \/>\n<meta name=\"twitter:label1\" content=\"Tahmini okuma s\u00fcresi\" \/>\n\t<meta name=\"twitter:data1\" content=\"2 dakika\" \/>\n<script type=\"application\/ld+json\" class=\"yoast-schema-graph\">{\"@context\":\"https:\\\/\\\/schema.org\",\"@graph\":[{\"@type\":\"WebPage\",\"@id\":\"https:\\\/\\\/hardnesstests.com\\\/product\\\/dual-objective-lens-three-indenters-touch-screen-digital-display-automatic-turret-brinell-hardness-tester3hbst-3000zs\\\/\",\"url\":\"https:\\\/\\\/hardnesstests.com\\\/product\\\/dual-objective-lens-three-indenters-touch-screen-digital-display-automatic-turret-brinell-hardness-tester3hbst-3000zs\\\/\",\"name\":\"(Dual objective lens, three indenters, touch screen, digital display, automatic turret Brinell hardness tester)3HBST-3000ZS - hardnesstests\",\"isPartOf\":{\"@id\":\"https:\\\/\\\/hardnesstests.com\\\/tr\\\/#website\"},\"primaryImageOfPage\":{\"@id\":\"https:\\\/\\\/hardnesstests.com\\\/product\\\/dual-objective-lens-three-indenters-touch-screen-digital-display-automatic-turret-brinell-hardness-tester3hbst-3000zs\\\/#primaryimage\"},\"image\":{\"@id\":\"https:\\\/\\\/hardnesstests.com\\\/product\\\/dual-objective-lens-three-indenters-touch-screen-digital-display-automatic-turret-brinell-hardness-tester3hbst-3000zs\\\/#primaryimage\"},\"thumbnailUrl\":\"https:\\\/\\\/hardnesstests.com\\\/wp-content\\\/uploads\\\/2025\\\/11\\\/3HBST-3000ZS\u53cc\u7269\u955c\u3001\u4e09\u538b\u5934\u3001\u89e6\u6478\u5c4f\u3001\u6570\u663e\u3001\u81ea\u52a8\u8f6c\u5854\u5e03\u6c0f\u786c\u5ea6\u8ba1.jpg\",\"datePublished\":\"2025-11-26T06:55:52+00:00\",\"dateModified\":\"2025-11-27T05:49:54+00:00\",\"breadcrumb\":{\"@id\":\"https:\\\/\\\/hardnesstests.com\\\/product\\\/dual-objective-lens-three-indenters-touch-screen-digital-display-automatic-turret-brinell-hardness-tester3hbst-3000zs\\\/#breadcrumb\"},\"inLanguage\":\"tr\",\"potentialAction\":[{\"@type\":\"ReadAction\",\"target\":[\"https:\\\/\\\/hardnesstests.com\\\/product\\\/dual-objective-lens-three-indenters-touch-screen-digital-display-automatic-turret-brinell-hardness-tester3hbst-3000zs\\\/\"]}]},{\"@type\":\"ImageObject\",\"inLanguage\":\"tr\",\"@id\":\"https:\\\/\\\/hardnesstests.com\\\/product\\\/dual-objective-lens-three-indenters-touch-screen-digital-display-automatic-turret-brinell-hardness-tester3hbst-3000zs\\\/#primaryimage\",\"url\":\"https:\\\/\\\/hardnesstests.com\\\/wp-content\\\/uploads\\\/2025\\\/11\\\/3HBST-3000ZS\u53cc\u7269\u955c\u3001\u4e09\u538b\u5934\u3001\u89e6\u6478\u5c4f\u3001\u6570\u663e\u3001\u81ea\u52a8\u8f6c\u5854\u5e03\u6c0f\u786c\u5ea6\u8ba1.jpg\",\"contentUrl\":\"https:\\\/\\\/hardnesstests.com\\\/wp-content\\\/uploads\\\/2025\\\/11\\\/3HBST-3000ZS\u53cc\u7269\u955c\u3001\u4e09\u538b\u5934\u3001\u89e6\u6478\u5c4f\u3001\u6570\u663e\u3001\u81ea\u52a8\u8f6c\u5854\u5e03\u6c0f\u786c\u5ea6\u8ba1.jpg\",\"width\":550,\"height\":550,\"caption\":\"(Dual objective lens, three indenters, touch screen, digital display, automatic turret Brinell hardness tester)3HBST-3000ZS\"},{\"@type\":\"BreadcrumbList\",\"@id\":\"https:\\\/\\\/hardnesstests.com\\\/product\\\/dual-objective-lens-three-indenters-touch-screen-digital-display-automatic-turret-brinell-hardness-tester3hbst-3000zs\\\/#breadcrumb\",\"itemListElement\":[{\"@type\":\"ListItem\",\"position\":1,\"name\":\"\u9996\u9875\",\"item\":\"https:\\\/\\\/hardnesstests.com\\\/\"},{\"@type\":\"ListItem\",\"position\":2,\"name\":\"products\",\"item\":\"https:\\\/\\\/hardnesstests.com\\\/products\\\/\"},{\"@type\":\"ListItem\",\"position\":3,\"name\":\"(Dual objective lens, three indenters, touch screen, digital display, automatic turret Brinell hardness tester)3HBST-3000ZS\"}]},{\"@type\":\"WebSite\",\"@id\":\"https:\\\/\\\/hardnesstests.com\\\/tr\\\/#website\",\"url\":\"https:\\\/\\\/hardnesstests.com\\\/tr\\\/\",\"name\":\"hardnesstests\",\"description\":\"\",\"publisher\":{\"@id\":\"https:\\\/\\\/hardnesstests.com\\\/tr\\\/#organization\"},\"potentialAction\":[{\"@type\":\"SearchAction\",\"target\":{\"@type\":\"EntryPoint\",\"urlTemplate\":\"https:\\\/\\\/hardnesstests.com\\\/tr\\\/?s={search_term_string}\"},\"query-input\":{\"@type\":\"PropertyValueSpecification\",\"valueRequired\":true,\"valueName\":\"search_term_string\"}}],\"inLanguage\":\"tr\"},{\"@type\":\"Organization\",\"@id\":\"https:\\\/\\\/hardnesstests.com\\\/tr\\\/#organization\",\"name\":\"hardnesstests\",\"url\":\"https:\\\/\\\/hardnesstests.com\\\/tr\\\/\",\"logo\":{\"@type\":\"ImageObject\",\"inLanguage\":\"tr\",\"@id\":\"https:\\\/\\\/hardnesstests.com\\\/tr\\\/#\\\/schema\\\/logo\\\/image\\\/\",\"url\":\"https:\\\/\\\/hardnesstests.com\\\/wp-content\\\/uploads\\\/2021\\\/08\\\/\u5fae\u4fe1\u56fe\u7247_20251029102004_335_1287.png\",\"contentUrl\":\"https:\\\/\\\/hardnesstests.com\\\/wp-content\\\/uploads\\\/2021\\\/08\\\/\u5fae\u4fe1\u56fe\u7247_20251029102004_335_1287.png\",\"width\":1308,\"height\":467,\"caption\":\"hardnesstests\"},\"image\":{\"@id\":\"https:\\\/\\\/hardnesstests.com\\\/tr\\\/#\\\/schema\\\/logo\\\/image\\\/\"}}]}<\/script>\n<!-- \/ Yoast SEO Premium plugin. -->","yoast_head_json":{"title":"(Dual objective lens, three indenters, touch screen, digital display, automatic turret Brinell hardness tester)3HBST-3000ZS - hardnesstests","robots":{"index":"index","follow":"follow","max-snippet":"max-snippet:-1","max-image-preview":"max-image-preview:large","max-video-preview":"max-video-preview:-1"},"canonical":"https:\/\/hardnesstests.com\/tr\/urun\/dual-objective-lens-three-indenters-touch-screen-digital-display-automatic-turret-brinell-hardness-tester3hbst-3000zs\/","og_locale":"tr_TR","og_type":"article","og_title":"(Dual objective lens, three indenters, touch screen, digital display, automatic turret Brinell hardness tester)3HBST-3000ZS","og_description":"3HBST-3000ZS dual objective lens three indenter touch screen digital display automatic brick tower Brinell hardness tester, the software system adopts computer intelligent programming, uses photoelectric sensing technology, through the self-selection of test conditions, only need to operate on the multi-function PC, all parameters can be directly selected, modified, analyzed. The PC end is connected in series with the hardness tester through the communication protocol to realize the control of the mechanical movement part of the hardness tester, which can realize: automatic multi-function tower position, automatic identification of objective lens and indenter, automatic rise and fall, automatic focusing, automatic loading, automatic load retention, automatic unloading, automatic measurement, and light brightness adjustment. By linking the built-in CCD measurement and acquisition system, the clear indentation image dynamic can be displayed on the PC in real time, and the indentation can be directly locked to automatically measure the hardness value, automatically save the test data, and generate a report. The optical system adopts a high-magnification LED optical objective lens, with high image clarity and long-term operation without fatigue. The hardware system adopts advanced electronic sensor loading technology. Through a closed-loop control system, the system controls the sensor to collect signals, and the high-speed stepping motor automatically loads and unloads the test force, and can automatically compensate for the test force to ensure more accurate force value and more stable indication value. It is also equipped with an emergency stop device, which complies with EU CE safety standards. It has humanized operability, more reliable stability and safety.","og_url":"https:\/\/hardnesstests.com\/tr\/urun\/dual-objective-lens-three-indenters-touch-screen-digital-display-automatic-turret-brinell-hardness-tester3hbst-3000zs\/","og_site_name":"hardnesstests","article_modified_time":"2025-11-27T05:49:54+00:00","og_image":[{"width":550,"height":550,"url":"https:\/\/hardnesstests.com\/wp-content\/uploads\/2025\/11\/3HBST-3000ZS\u53cc\u7269\u955c\u3001\u4e09\u538b\u5934\u3001\u89e6\u6478\u5c4f\u3001\u6570\u663e\u3001\u81ea\u52a8\u8f6c\u5854\u5e03\u6c0f\u786c\u5ea6\u8ba1.jpg","type":"image\/jpeg"}],"twitter_card":"summary_large_image","twitter_misc":{"Tahmini okuma s\u00fcresi":"2 dakika"},"schema":{"@context":"https:\/\/schema.org","@graph":[{"@type":"WebPage","@id":"https:\/\/hardnesstests.com\/product\/dual-objective-lens-three-indenters-touch-screen-digital-display-automatic-turret-brinell-hardness-tester3hbst-3000zs\/","url":"https:\/\/hardnesstests.com\/product\/dual-objective-lens-three-indenters-touch-screen-digital-display-automatic-turret-brinell-hardness-tester3hbst-3000zs\/","name":"(Dual objective lens, three indenters, touch screen, digital display, automatic turret Brinell hardness tester)3HBST-3000ZS - hardnesstests","isPartOf":{"@id":"https:\/\/hardnesstests.com\/tr\/#website"},"primaryImageOfPage":{"@id":"https:\/\/hardnesstests.com\/product\/dual-objective-lens-three-indenters-touch-screen-digital-display-automatic-turret-brinell-hardness-tester3hbst-3000zs\/#primaryimage"},"image":{"@id":"https:\/\/hardnesstests.com\/product\/dual-objective-lens-three-indenters-touch-screen-digital-display-automatic-turret-brinell-hardness-tester3hbst-3000zs\/#primaryimage"},"thumbnailUrl":"https:\/\/hardnesstests.com\/wp-content\/uploads\/2025\/11\/3HBST-3000ZS\u53cc\u7269\u955c\u3001\u4e09\u538b\u5934\u3001\u89e6\u6478\u5c4f\u3001\u6570\u663e\u3001\u81ea\u52a8\u8f6c\u5854\u5e03\u6c0f\u786c\u5ea6\u8ba1.jpg","datePublished":"2025-11-26T06:55:52+00:00","dateModified":"2025-11-27T05:49:54+00:00","breadcrumb":{"@id":"https:\/\/hardnesstests.com\/product\/dual-objective-lens-three-indenters-touch-screen-digital-display-automatic-turret-brinell-hardness-tester3hbst-3000zs\/#breadcrumb"},"inLanguage":"tr","potentialAction":[{"@type":"ReadAction","target":["https:\/\/hardnesstests.com\/product\/dual-objective-lens-three-indenters-touch-screen-digital-display-automatic-turret-brinell-hardness-tester3hbst-3000zs\/"]}]},{"@type":"ImageObject","inLanguage":"tr","@id":"https:\/\/hardnesstests.com\/product\/dual-objective-lens-three-indenters-touch-screen-digital-display-automatic-turret-brinell-hardness-tester3hbst-3000zs\/#primaryimage","url":"https:\/\/hardnesstests.com\/wp-content\/uploads\/2025\/11\/3HBST-3000ZS\u53cc\u7269\u955c\u3001\u4e09\u538b\u5934\u3001\u89e6\u6478\u5c4f\u3001\u6570\u663e\u3001\u81ea\u52a8\u8f6c\u5854\u5e03\u6c0f\u786c\u5ea6\u8ba1.jpg","contentUrl":"https:\/\/hardnesstests.com\/wp-content\/uploads\/2025\/11\/3HBST-3000ZS\u53cc\u7269\u955c\u3001\u4e09\u538b\u5934\u3001\u89e6\u6478\u5c4f\u3001\u6570\u663e\u3001\u81ea\u52a8\u8f6c\u5854\u5e03\u6c0f\u786c\u5ea6\u8ba1.jpg","width":550,"height":550,"caption":"(Dual objective lens, three indenters, touch screen, digital display, automatic turret Brinell hardness tester)3HBST-3000ZS"},{"@type":"BreadcrumbList","@id":"https:\/\/hardnesstests.com\/product\/dual-objective-lens-three-indenters-touch-screen-digital-display-automatic-turret-brinell-hardness-tester3hbst-3000zs\/#breadcrumb","itemListElement":[{"@type":"ListItem","position":1,"name":"\u9996\u9875","item":"https:\/\/hardnesstests.com\/"},{"@type":"ListItem","position":2,"name":"products","item":"https:\/\/hardnesstests.com\/products\/"},{"@type":"ListItem","position":3,"name":"(Dual objective lens, three indenters, touch screen, digital display, automatic turret Brinell hardness tester)3HBST-3000ZS"}]},{"@type":"WebSite","@id":"https:\/\/hardnesstests.com\/tr\/#website","url":"https:\/\/hardnesstests.com\/tr\/","name":"hardnesstests","description":"","publisher":{"@id":"https:\/\/hardnesstests.com\/tr\/#organization"},"potentialAction":[{"@type":"SearchAction","target":{"@type":"EntryPoint","urlTemplate":"https:\/\/hardnesstests.com\/tr\/?s={search_term_string}"},"query-input":{"@type":"PropertyValueSpecification","valueRequired":true,"valueName":"search_term_string"}}],"inLanguage":"tr"},{"@type":"Organization","@id":"https:\/\/hardnesstests.com\/tr\/#organization","name":"hardnesstests","url":"https:\/\/hardnesstests.com\/tr\/","logo":{"@type":"ImageObject","inLanguage":"tr","@id":"https:\/\/hardnesstests.com\/tr\/#\/schema\/logo\/image\/","url":"https:\/\/hardnesstests.com\/wp-content\/uploads\/2021\/08\/\u5fae\u4fe1\u56fe\u7247_20251029102004_335_1287.png","contentUrl":"https:\/\/hardnesstests.com\/wp-content\/uploads\/2021\/08\/\u5fae\u4fe1\u56fe\u7247_20251029102004_335_1287.png","width":1308,"height":467,"caption":"hardnesstests"},"image":{"@id":"https:\/\/hardnesstests.com\/tr\/#\/schema\/logo\/image\/"}}]}},"_links":{"self":[{"href":"https:\/\/hardnesstests.com\/tr\/wp-json\/wp\/v2\/product\/29627","targetHints":{"allow":["GET"]}}],"collection":[{"href":"https:\/\/hardnesstests.com\/tr\/wp-json\/wp\/v2\/product"}],"about":[{"href":"https:\/\/hardnesstests.com\/tr\/wp-json\/wp\/v2\/types\/product"}],"replies":[{"embeddable":true,"href":"https:\/\/hardnesstests.com\/tr\/wp-json\/wp\/v2\/comments?post=29627"}],"version-history":[{"count":2,"href":"https:\/\/hardnesstests.com\/tr\/wp-json\/wp\/v2\/product\/29627\/revisions"}],"predecessor-version":[{"id":29697,"href":"https:\/\/hardnesstests.com\/tr\/wp-json\/wp\/v2\/product\/29627\/revisions\/29697"}],"wp:featuredmedia":[{"embeddable":true,"href":"https:\/\/hardnesstests.com\/tr\/wp-json\/wp\/v2\/media\/29628"}],"wp:attachment":[{"href":"https:\/\/hardnesstests.com\/tr\/wp-json\/wp\/v2\/media?parent=29627"}],"wp:term":[{"taxonomy":"product_brand","embeddable":true,"href":"https:\/\/hardnesstests.com\/tr\/wp-json\/wp\/v2\/product_brand?post=29627"},{"taxonomy":"product_cat","embeddable":true,"href":"https:\/\/hardnesstests.com\/tr\/wp-json\/wp\/v2\/product_cat?post=29627"},{"taxonomy":"product_tag","embeddable":true,"href":"https:\/\/hardnesstests.com\/tr\/wp-json\/wp\/v2\/product_tag?post=29627"}],"curies":[{"name":"wp","href":"https:\/\/api.w.org\/{rel}","templated":true}]}}