{"id":29603,"date":"2025-11-25T07:48:26","date_gmt":"2025-11-25T07:48:26","guid":{"rendered":"https:\/\/hardnesstests.com\/?post_type=product&#038;p=29603"},"modified":"2025-11-27T05:38:59","modified_gmt":"2025-11-27T05:38:59","slug":"shl-160s-portable-roller-hardness-tester","status":"publish","type":"product","link":"https:\/\/hardnesstests.com\/tr\/urun\/shl-160s-portable-roller-hardness-tester\/","title":{"rendered":"SHL-160S Ta\u015f\u0131nabilir Merdane Sertlik Test Cihaz\u0131"},"content":{"rendered":"<h1 style=\"font-weight: 400;\">\u00d6zellikler:<\/h1>\n<ol>\n<li style=\"font-weight: 400;\">Full Chinese display, menu-based operation.<\/li>\n<li style=\"font-weight: 400;\">Mini USB communication interface.<\/li>\n<li style=\"font-weight: 400;\">7 different impact devices can be equipped in non-roller-specific state. No recalibration is required when replacing, and the type of impact device can be automatically identified.<\/li>\n<li style=\"font-weight: 400;\">Supports measurement of multiple hardness systems and three strength values.<\/li>\n<li style=\"font-weight: 400;\">Can store 300 groups, single measurement values, average values, measurement date, *.impact direction, number of times, materials, hardness system and other information.<\/li>\n<li style=\"font-weight: 400;\">The upper and lower limits of the hardness value can be set in advance, and an automatic alarm will be issued when the limit is exceeded, which is convenient for users to meet the needs of batch testing.<\/li>\n<li style=\"font-weight: 400;\">Indicator software calibration function.<\/li>\n<li style=\"font-weight: 400;\">Built-in high-performance lithium battery and charging control circuit, with ultra-long working and standby time.<\/li>\n<li style=\"font-weight: 400;\">Can be equipped with computer software to support data query, storage, statistics and bar chart display functions.<\/li>\n<\/ol>\n<h1 style=\"font-weight: 400;\">Main technical indicators:<\/h1>\n<p style=\"font-weight: 400;\">Indication error and indication repeatability<\/p>\n<table>\n<tbody>\n<tr>\n<td width=\"60\">Serial number<\/td>\n<td width=\"148\">impact device type<\/td>\n<td width=\"175\">hardness value of standard Leeb hardness block<\/td>\n<td width=\"101\">indication error<\/td>\n<td width=\"94\">indication repeatability<\/td>\n<\/tr>\n<tr>\n<td width=\"60\">1<\/td>\n<td width=\"148\">D<\/td>\n<td width=\"175\">760\u00b130HLD<\/p>\n<p>530\u00b140HLD<\/td>\n<td width=\"101\">\u00b15 HLD<\/p>\n<p>\u00b18 HLD<\/td>\n<td width=\"94\">5 HLD<\/p>\n<p>8 HLD<\/td>\n<\/tr>\n<tr>\n<td width=\"60\">2<\/td>\n<td width=\"148\">DC<\/td>\n<td width=\"175\">760\u00b130HLDC<\/p>\n<p>530\u00b140HLDC<\/td>\n<td width=\"101\">\u00b15 HLDC<\/p>\n<p>\u00b18 HLDC<\/td>\n<td width=\"94\">5 HLD<\/p>\n<p>8 HLD<\/td>\n<\/tr>\n<tr>\n<td width=\"60\">3<\/td>\n<td width=\"148\">DL<\/td>\n<td width=\"175\">878\u00b130HLDL<\/p>\n<p>736\u00b140HLDL<\/td>\n<td width=\"101\">\u00b110 HLDL<\/td>\n<td width=\"94\">10 HLDL<\/td>\n<\/tr>\n<tr>\n<td width=\"60\">4<\/td>\n<td width=\"148\">D+15<\/td>\n<td width=\"175\">766\u00b130HLD+15<\/p>\n<p>544\u00b140HLD+15<\/td>\n<td width=\"101\">\u00b110 HLD+12<\/td>\n<td width=\"94\">10 HLD+12<\/td>\n<\/tr>\n<tr>\n<td width=\"60\">5<\/td>\n<td width=\"148\">G<\/td>\n<td width=\"175\">590\u00b140HLG<\/p>\n<p>500\u00b140HLG<\/td>\n<td width=\"101\">\u00b110 HLG<\/td>\n<td width=\"94\">10 HLG<\/td>\n<\/tr>\n<tr>\n<td width=\"60\">6<\/td>\n<td width=\"148\">E<\/td>\n<td width=\"175\">725\u00b130HLE<\/p>\n<p>508\u00b140HLE<\/td>\n<td width=\"101\">\u00b110 HLE<\/td>\n<td width=\"94\">10 HLE<\/td>\n<\/tr>\n<tr>\n<td width=\"60\">7<\/td>\n<td width=\"148\">C<\/td>\n<td width=\"175\">822\u00b130HLC<\/p>\n<p>590\u00b140HLC<\/td>\n<td width=\"101\">\u00b110 HLC<\/td>\n<td width=\"94\">10 HLC<\/td>\n<\/tr>\n<\/tbody>\n<\/table>\n<p style=\"font-weight: 400;\">Hardness scale Leeb (HL), Brinell (HB), Rockwell A (HRA), Rockwell B (HRB), Rockwell C (HRC), Vickers (HV) and Shore (HS)<\/p>\n<p style=\"font-weight: 400;\">Roller-specific status:<\/p>\n<p style=\"font-weight: 400;\">Measurement range \uff1a\u00a0\u00a0 HSD (30-110)<\/p>\n<p style=\"font-weight: 400;\">Non-roller-specific status:<\/p>\n<p style=\"font-weight: 400;\">Measuring range: HLD (170-960), HRA (59-85), HRB (13-100), HRC (18-68), HB (19-655), HV (80-976), HS (32-100)<\/p>\n<p style=\"font-weight: 400;\">Measuring direction\uff1a 360\u00b0 (vertical downward, oblique downward, horizontal, oblique upward, vertical upward)<\/p>\n<p style=\"font-weight: 400;\">Measuring materials: Steel and cast steel, alloy tool steel, stainless steel, grey cast iron, ductile iron, cast aluminum alloys, copper-zinc alloys (brass), copper-tin alloys (bronze), pure copper and forged steel<\/p>\n<p style=\"font-weight: 400;\">Display: LCD, 128\u00d764 graphic dot matrix LCD<\/p>\n<p style=\"font-weight: 400;\">Printing function: thermal print head, quiet operation, can print measurement results at any time<\/p>\n<p style=\"font-weight: 400;\">Printing paper: \u00a0width 57.5\u00b10.5mm, diameter 30mm<\/p>\n<p style=\"font-weight: 400;\">Communication interface standard: \u00a0USB2.0<\/p>\n<p style=\"font-weight: 400;\">Charging power supply: \u00a09VDC, 220VAC<\/p>\n<p style=\"font-weight: 400;\">Charging time: \u00a04~5 hours<\/p>\n<p style=\"font-weight: 400;\">Battery: \u00a07.4V, lithium battery (1500mAh)<\/p>\n<p style=\"font-weight: 400;\">Ambient temperature: \u00a00~40\u2103<\/p>\n<p style=\"font-weight: 400;\">Storage temperature: \u00a0-25~70\u2103<\/p>\n<p style=\"font-weight: 400;\">Continuous working time: \u00a0about 300 hours<\/p>\n<p style=\"font-weight: 400;\">Standard configuration:<\/p>\n<p style=\"font-weight: 400;\">Instrument host: \u00a01 unit<\/p>\n<p style=\"font-weight: 400;\">D-type impact device: \u00a01 unit<\/p>\n<p style=\"font-weight: 400;\">Small support ring: \u00a01 unit<\/p>\n<p style=\"font-weight: 400;\">Nylon brush (I): \u00a01 unit<\/p>\n<p style=\"font-weight: 400;\">High-value Leeb hardness block: \u00a01 unit<\/p>\n<p style=\"font-weight: 400;\">Charger: \u00a01 unit<\/p>\n<p style=\"font-weight: 400;\">Communication cable: \u00a01 unit<\/p>\n<p style=\"font-weight: 400;\">Optional accessories:<\/p>\n<p style=\"font-weight: 400;\">Data processing software (applied on computer)<\/p>\n<p style=\"font-weight: 400;\">Various special-shaped impact devices and support rings<\/p>\n<p style=\"font-weight: 400;\">High, medium and low Leeb hardness blocks<\/p>","protected":false},"excerpt":{"rendered":"<p>SHL-160S Roller Hardness Tester is a new type of portable hardness testing instrument, mainly suitable for testing the hardness of metal rolls. It has the characteristics of high test accuracy, small size, easy operation, convenient carrying and wide measurement range. It is based on the principle of Leeb hardness and is designed as an independent system for measuring the Shore hardness of rolls. The measurement system supports two states: roll-specific and non-roll-specific, and the state can be switched through shortcut keys. Various test accessories can also be configured to meet various test conditions and environments. It is mainly suitable for rapid hardness testing of metal materials, especially for on-site hardness testing of large parts and non-detachable parts.<\/p>","protected":false},"featured_media":29604,"comment_status":"open","ping_status":"closed","template":"","meta":[],"product_brand":[],"product_cat":[70,92],"product_tag":[103],"class_list":{"0":"post-29603","1":"product","2":"type-product","3":"status-publish","4":"has-post-thumbnail","6":"product_cat-hardness-tester","7":"product_cat-leeb-hardness-tester","8":"product_tag-methods-leeb-hardness-test","10":"first","11":"instock","12":"shipping-taxable","13":"product-type-simple"},"yoast_head":"<!-- This site is optimized with the Yoast SEO Premium plugin v25.4 (Yoast SEO v27.4) - https:\/\/yoast.com\/product\/yoast-seo-premium-wordpress\/ -->\n<title>SHL-160S Portable Roller Hardness Tester - hardnesstests<\/title>\n<meta name=\"robots\" content=\"index, follow, max-snippet:-1, max-image-preview:large, max-video-preview:-1\" \/>\n<link rel=\"canonical\" href=\"https:\/\/hardnesstests.com\/tr\/urun\/shl-160s-portable-roller-hardness-tester\/\" \/>\n<meta property=\"og:locale\" content=\"tr_TR\" \/>\n<meta property=\"og:type\" content=\"article\" \/>\n<meta property=\"og:title\" content=\"SHL-160S Portable Roller Hardness Tester\" \/>\n<meta property=\"og:description\" content=\"SHL-160S Roller Hardness Tester is a new type of portable hardness testing instrument, mainly suitable for testing the hardness of metal rolls. It has the characteristics of high test accuracy, small size, easy operation, convenient carrying and wide measurement range. It is based on the principle of Leeb hardness and is designed as an independent system for measuring the Shore hardness of rolls. The measurement system supports two states: roll-specific and non-roll-specific, and the state can be switched through shortcut keys. Various test accessories can also be configured to meet various test conditions and environments. It is mainly suitable for rapid hardness testing of metal materials, especially for on-site hardness testing of large parts and non-detachable parts.\" \/>\n<meta property=\"og:url\" content=\"https:\/\/hardnesstests.com\/tr\/urun\/shl-160s-portable-roller-hardness-tester\/\" \/>\n<meta property=\"og:site_name\" content=\"hardnesstests\" \/>\n<meta property=\"article:modified_time\" content=\"2025-11-27T05:38:59+00:00\" \/>\n<meta property=\"og:image\" content=\"https:\/\/hardnesstests.com\/wp-content\/uploads\/2025\/11\/SHL-160S\u4fbf\u643a\u5f0f\u91cc\u6c0f\u786c\u5ea6\u8ba1.png\" \/>\n\t<meta property=\"og:image:width\" content=\"530\" \/>\n\t<meta property=\"og:image:height\" content=\"350\" \/>\n\t<meta property=\"og:image:type\" content=\"image\/png\" \/>\n<meta name=\"twitter:card\" content=\"summary_large_image\" \/>\n<meta name=\"twitter:label1\" content=\"Tahmini okuma s\u00fcresi\" \/>\n\t<meta name=\"twitter:data1\" content=\"2 dakika\" \/>\n<script type=\"application\/ld+json\" class=\"yoast-schema-graph\">{\"@context\":\"https:\\\/\\\/schema.org\",\"@graph\":[{\"@type\":\"WebPage\",\"@id\":\"https:\\\/\\\/hardnesstests.com\\\/product\\\/shl-160s-portable-roller-hardness-tester\\\/\",\"url\":\"https:\\\/\\\/hardnesstests.com\\\/product\\\/shl-160s-portable-roller-hardness-tester\\\/\",\"name\":\"SHL-160S Portable Roller Hardness Tester - hardnesstests\",\"isPartOf\":{\"@id\":\"https:\\\/\\\/hardnesstests.com\\\/tr\\\/#website\"},\"primaryImageOfPage\":{\"@id\":\"https:\\\/\\\/hardnesstests.com\\\/product\\\/shl-160s-portable-roller-hardness-tester\\\/#primaryimage\"},\"image\":{\"@id\":\"https:\\\/\\\/hardnesstests.com\\\/product\\\/shl-160s-portable-roller-hardness-tester\\\/#primaryimage\"},\"thumbnailUrl\":\"https:\\\/\\\/hardnesstests.com\\\/wp-content\\\/uploads\\\/2025\\\/11\\\/SHL-160S\u4fbf\u643a\u5f0f\u91cc\u6c0f\u786c\u5ea6\u8ba1.png\",\"datePublished\":\"2025-11-25T07:48:26+00:00\",\"dateModified\":\"2025-11-27T05:38:59+00:00\",\"breadcrumb\":{\"@id\":\"https:\\\/\\\/hardnesstests.com\\\/product\\\/shl-160s-portable-roller-hardness-tester\\\/#breadcrumb\"},\"inLanguage\":\"tr\",\"potentialAction\":[{\"@type\":\"ReadAction\",\"target\":[\"https:\\\/\\\/hardnesstests.com\\\/product\\\/shl-160s-portable-roller-hardness-tester\\\/\"]}]},{\"@type\":\"ImageObject\",\"inLanguage\":\"tr\",\"@id\":\"https:\\\/\\\/hardnesstests.com\\\/product\\\/shl-160s-portable-roller-hardness-tester\\\/#primaryimage\",\"url\":\"https:\\\/\\\/hardnesstests.com\\\/wp-content\\\/uploads\\\/2025\\\/11\\\/SHL-160S\u4fbf\u643a\u5f0f\u91cc\u6c0f\u786c\u5ea6\u8ba1.png\",\"contentUrl\":\"https:\\\/\\\/hardnesstests.com\\\/wp-content\\\/uploads\\\/2025\\\/11\\\/SHL-160S\u4fbf\u643a\u5f0f\u91cc\u6c0f\u786c\u5ea6\u8ba1.png\",\"width\":530,\"height\":350,\"caption\":\"SHL-160S Portable Roller Hardness Tester\"},{\"@type\":\"BreadcrumbList\",\"@id\":\"https:\\\/\\\/hardnesstests.com\\\/product\\\/shl-160s-portable-roller-hardness-tester\\\/#breadcrumb\",\"itemListElement\":[{\"@type\":\"ListItem\",\"position\":1,\"name\":\"\u9996\u9875\",\"item\":\"https:\\\/\\\/hardnesstests.com\\\/\"},{\"@type\":\"ListItem\",\"position\":2,\"name\":\"products\",\"item\":\"https:\\\/\\\/hardnesstests.com\\\/products\\\/\"},{\"@type\":\"ListItem\",\"position\":3,\"name\":\"SHL-160S Portable Roller Hardness Tester\"}]},{\"@type\":\"WebSite\",\"@id\":\"https:\\\/\\\/hardnesstests.com\\\/tr\\\/#website\",\"url\":\"https:\\\/\\\/hardnesstests.com\\\/tr\\\/\",\"name\":\"hardnesstests\",\"description\":\"\",\"publisher\":{\"@id\":\"https:\\\/\\\/hardnesstests.com\\\/tr\\\/#organization\"},\"potentialAction\":[{\"@type\":\"SearchAction\",\"target\":{\"@type\":\"EntryPoint\",\"urlTemplate\":\"https:\\\/\\\/hardnesstests.com\\\/tr\\\/?s={search_term_string}\"},\"query-input\":{\"@type\":\"PropertyValueSpecification\",\"valueRequired\":true,\"valueName\":\"search_term_string\"}}],\"inLanguage\":\"tr\"},{\"@type\":\"Organization\",\"@id\":\"https:\\\/\\\/hardnesstests.com\\\/tr\\\/#organization\",\"name\":\"hardnesstests\",\"url\":\"https:\\\/\\\/hardnesstests.com\\\/tr\\\/\",\"logo\":{\"@type\":\"ImageObject\",\"inLanguage\":\"tr\",\"@id\":\"https:\\\/\\\/hardnesstests.com\\\/tr\\\/#\\\/schema\\\/logo\\\/image\\\/\",\"url\":\"https:\\\/\\\/hardnesstests.com\\\/wp-content\\\/uploads\\\/2021\\\/08\\\/\u5fae\u4fe1\u56fe\u7247_20251029102004_335_1287.png\",\"contentUrl\":\"https:\\\/\\\/hardnesstests.com\\\/wp-content\\\/uploads\\\/2021\\\/08\\\/\u5fae\u4fe1\u56fe\u7247_20251029102004_335_1287.png\",\"width\":1308,\"height\":467,\"caption\":\"hardnesstests\"},\"image\":{\"@id\":\"https:\\\/\\\/hardnesstests.com\\\/tr\\\/#\\\/schema\\\/logo\\\/image\\\/\"}}]}<\/script>\n<!-- \/ Yoast SEO Premium plugin. -->","yoast_head_json":{"title":"SHL-160S Portable Roller Hardness Tester - hardnesstests","robots":{"index":"index","follow":"follow","max-snippet":"max-snippet:-1","max-image-preview":"max-image-preview:large","max-video-preview":"max-video-preview:-1"},"canonical":"https:\/\/hardnesstests.com\/tr\/urun\/shl-160s-portable-roller-hardness-tester\/","og_locale":"tr_TR","og_type":"article","og_title":"SHL-160S Portable Roller Hardness Tester","og_description":"SHL-160S Roller Hardness Tester is a new type of portable hardness testing instrument, mainly suitable for testing the hardness of metal rolls. It has the characteristics of high test accuracy, small size, easy operation, convenient carrying and wide measurement range. It is based on the principle of Leeb hardness and is designed as an independent system for measuring the Shore hardness of rolls. The measurement system supports two states: roll-specific and non-roll-specific, and the state can be switched through shortcut keys. Various test accessories can also be configured to meet various test conditions and environments. It is mainly suitable for rapid hardness testing of metal materials, especially for on-site hardness testing of large parts and non-detachable parts.","og_url":"https:\/\/hardnesstests.com\/tr\/urun\/shl-160s-portable-roller-hardness-tester\/","og_site_name":"hardnesstests","article_modified_time":"2025-11-27T05:38:59+00:00","og_image":[{"width":530,"height":350,"url":"https:\/\/hardnesstests.com\/wp-content\/uploads\/2025\/11\/SHL-160S\u4fbf\u643a\u5f0f\u91cc\u6c0f\u786c\u5ea6\u8ba1.png","type":"image\/png"}],"twitter_card":"summary_large_image","twitter_misc":{"Tahmini okuma s\u00fcresi":"2 dakika"},"schema":{"@context":"https:\/\/schema.org","@graph":[{"@type":"WebPage","@id":"https:\/\/hardnesstests.com\/product\/shl-160s-portable-roller-hardness-tester\/","url":"https:\/\/hardnesstests.com\/product\/shl-160s-portable-roller-hardness-tester\/","name":"SHL-160S Portable Roller Hardness Tester - hardnesstests","isPartOf":{"@id":"https:\/\/hardnesstests.com\/tr\/#website"},"primaryImageOfPage":{"@id":"https:\/\/hardnesstests.com\/product\/shl-160s-portable-roller-hardness-tester\/#primaryimage"},"image":{"@id":"https:\/\/hardnesstests.com\/product\/shl-160s-portable-roller-hardness-tester\/#primaryimage"},"thumbnailUrl":"https:\/\/hardnesstests.com\/wp-content\/uploads\/2025\/11\/SHL-160S\u4fbf\u643a\u5f0f\u91cc\u6c0f\u786c\u5ea6\u8ba1.png","datePublished":"2025-11-25T07:48:26+00:00","dateModified":"2025-11-27T05:38:59+00:00","breadcrumb":{"@id":"https:\/\/hardnesstests.com\/product\/shl-160s-portable-roller-hardness-tester\/#breadcrumb"},"inLanguage":"tr","potentialAction":[{"@type":"ReadAction","target":["https:\/\/hardnesstests.com\/product\/shl-160s-portable-roller-hardness-tester\/"]}]},{"@type":"ImageObject","inLanguage":"tr","@id":"https:\/\/hardnesstests.com\/product\/shl-160s-portable-roller-hardness-tester\/#primaryimage","url":"https:\/\/hardnesstests.com\/wp-content\/uploads\/2025\/11\/SHL-160S\u4fbf\u643a\u5f0f\u91cc\u6c0f\u786c\u5ea6\u8ba1.png","contentUrl":"https:\/\/hardnesstests.com\/wp-content\/uploads\/2025\/11\/SHL-160S\u4fbf\u643a\u5f0f\u91cc\u6c0f\u786c\u5ea6\u8ba1.png","width":530,"height":350,"caption":"SHL-160S Portable Roller Hardness Tester"},{"@type":"BreadcrumbList","@id":"https:\/\/hardnesstests.com\/product\/shl-160s-portable-roller-hardness-tester\/#breadcrumb","itemListElement":[{"@type":"ListItem","position":1,"name":"\u9996\u9875","item":"https:\/\/hardnesstests.com\/"},{"@type":"ListItem","position":2,"name":"products","item":"https:\/\/hardnesstests.com\/products\/"},{"@type":"ListItem","position":3,"name":"SHL-160S Portable Roller Hardness Tester"}]},{"@type":"WebSite","@id":"https:\/\/hardnesstests.com\/tr\/#website","url":"https:\/\/hardnesstests.com\/tr\/","name":"hardnesstests","description":"","publisher":{"@id":"https:\/\/hardnesstests.com\/tr\/#organization"},"potentialAction":[{"@type":"SearchAction","target":{"@type":"EntryPoint","urlTemplate":"https:\/\/hardnesstests.com\/tr\/?s={search_term_string}"},"query-input":{"@type":"PropertyValueSpecification","valueRequired":true,"valueName":"search_term_string"}}],"inLanguage":"tr"},{"@type":"Organization","@id":"https:\/\/hardnesstests.com\/tr\/#organization","name":"hardnesstests","url":"https:\/\/hardnesstests.com\/tr\/","logo":{"@type":"ImageObject","inLanguage":"tr","@id":"https:\/\/hardnesstests.com\/tr\/#\/schema\/logo\/image\/","url":"https:\/\/hardnesstests.com\/wp-content\/uploads\/2021\/08\/\u5fae\u4fe1\u56fe\u7247_20251029102004_335_1287.png","contentUrl":"https:\/\/hardnesstests.com\/wp-content\/uploads\/2021\/08\/\u5fae\u4fe1\u56fe\u7247_20251029102004_335_1287.png","width":1308,"height":467,"caption":"hardnesstests"},"image":{"@id":"https:\/\/hardnesstests.com\/tr\/#\/schema\/logo\/image\/"}}]}},"_links":{"self":[{"href":"https:\/\/hardnesstests.com\/tr\/wp-json\/wp\/v2\/product\/29603","targetHints":{"allow":["GET"]}}],"collection":[{"href":"https:\/\/hardnesstests.com\/tr\/wp-json\/wp\/v2\/product"}],"about":[{"href":"https:\/\/hardnesstests.com\/tr\/wp-json\/wp\/v2\/types\/product"}],"replies":[{"embeddable":true,"href":"https:\/\/hardnesstests.com\/tr\/wp-json\/wp\/v2\/comments?post=29603"}],"version-history":[{"count":3,"href":"https:\/\/hardnesstests.com\/tr\/wp-json\/wp\/v2\/product\/29603\/revisions"}],"predecessor-version":[{"id":29691,"href":"https:\/\/hardnesstests.com\/tr\/wp-json\/wp\/v2\/product\/29603\/revisions\/29691"}],"wp:featuredmedia":[{"embeddable":true,"href":"https:\/\/hardnesstests.com\/tr\/wp-json\/wp\/v2\/media\/29604"}],"wp:attachment":[{"href":"https:\/\/hardnesstests.com\/tr\/wp-json\/wp\/v2\/media?parent=29603"}],"wp:term":[{"taxonomy":"product_brand","embeddable":true,"href":"https:\/\/hardnesstests.com\/tr\/wp-json\/wp\/v2\/product_brand?post=29603"},{"taxonomy":"product_cat","embeddable":true,"href":"https:\/\/hardnesstests.com\/tr\/wp-json\/wp\/v2\/product_cat?post=29603"},{"taxonomy":"product_tag","embeddable":true,"href":"https:\/\/hardnesstests.com\/tr\/wp-json\/wp\/v2\/product_tag?post=29603"}],"curies":[{"name":"wp","href":"https:\/\/api.w.org\/{rel}","templated":true}]}}