{"id":30110,"date":"2025-11-28T06:38:44","date_gmt":"2025-11-28T06:38:44","guid":{"rendered":"https:\/\/hardnesstests.com\/?post_type=product&#038;p=30110"},"modified":"2025-11-28T06:38:44","modified_gmt":"2025-11-28T06:38:44","slug":"p-1b-metallographic-sample-grinding-and-polishing-machine","status":"publish","type":"product","link":"https:\/\/hardnesstests.com\/sk\/produkt\/p-1b-metallographic-sample-grinding-and-polishing-machine\/","title":{"rendered":"P 1B Stroj na br\u00fasenie a le\u0161tenie metalografick\u00fdch vzoriek"},"content":{"rendered":"<h1 style=\"font-weight: 400;\"><strong>Product advantages:<\/strong><\/h1>\n<ol>\n<li style=\"font-weight: 400;\">The shell is made of high-end ABS, with a novel appearance, high-end atmosphere and class.<\/li>\n<li style=\"font-weight: 400;\">Economical and durable<\/li>\n<li style=\"font-weight: 400;\">Infinite speed regulation, convenient and fast to meet a variety of needs<\/li>\n<\/ol>\n<h1 style=\"font-weight: 400;\"><strong>Technick\u00e9 parametre:<\/strong><\/h1>\n<table width=\"555\">\n<tbody>\n<tr>\n<td width=\"145\">Name:<\/td>\n<td width=\"410\">Specifications:<\/td>\n<\/tr>\n<tr>\n<td width=\"145\">Grinding disc diameter<\/td>\n<td width=\"410\">Standard\u00a0\u03c6203mm (other specifications can be customized)<\/td>\n<\/tr>\n<tr>\n<td width=\"145\">Grinding disc speed<\/td>\n<td width=\"410\">100-1500r\/min<\/td>\n<\/tr>\n<tr>\n<td width=\"145\">Nap\u00e1janie<\/td>\n<td width=\"410\">Voltage: 220V Frequency: 50HZ<\/td>\n<\/tr>\n<tr>\n<td width=\"145\">Motor<\/td>\n<td width=\"410\">0.3KW<\/td>\n<\/tr>\n<tr>\n<td width=\"145\">Rozmery<\/td>\n<td width=\"410\">520\u00d7420\u00d7320mm<\/td>\n<\/tr>\n<tr>\n<td width=\"145\">Hmotnos\u0165<\/td>\n<td width=\"410\">15Kg<\/td>\n<\/tr>\n<\/tbody>\n<\/table>\n<h1 style=\"font-weight: 400;\"><strong>Shipping accessories:<\/strong><\/h1>\n<table width=\"557\">\n<tbody>\n<tr>\n<td width=\"150\">Name<\/td>\n<td width=\"124\">quantity<\/td>\n<td width=\"67\">Unit<\/td>\n<td width=\"215\">Notes<\/td>\n<\/tr>\n<tr>\n<td width=\"150\">Grinding disc\u00a0\u03a6203<\/td>\n<td width=\"124\">1<\/td>\n<td width=\"67\">Person<\/td>\n<td width=\"215\">Already installed on the device<\/td>\n<\/tr>\n<tr>\n<td width=\"150\">Water retaining ring<\/td>\n<td width=\"124\">1<\/td>\n<td width=\"67\">Person<\/td>\n<td width=\"215\">Already installed on the device<\/td>\n<\/tr>\n<tr>\n<td width=\"150\">Pressure ring\u00a0\u03a6203<\/td>\n<td width=\"124\">1<\/td>\n<td width=\"67\">Person<\/td>\n<td width=\"215\">Already installed on the device<\/td>\n<\/tr>\n<tr>\n<td width=\"150\">Sandpaper<\/td>\n<td width=\"124\">1<\/td>\n<td width=\"67\">Person<\/td>\n<td width=\"215\">\u03a6203mm<\/td>\n<\/tr>\n<tr>\n<td width=\"150\">Polishing cloth<\/td>\n<td width=\"124\">1<\/td>\n<td width=\"67\">Person<\/td>\n<td width=\"215\">\u03a6203mm<\/td>\n<\/tr>\n<tr>\n<td width=\"150\">Water outlet pipe<\/td>\n<td width=\"124\">1<\/td>\n<td width=\"67\">Root<\/td>\n<td width=\"215\">\u03a632<\/td>\n<\/tr>\n<tr>\n<td width=\"150\">Technical documents<\/td>\n<td colspan=\"3\" width=\"406\">1 copy of product manual 1 copy of product certificate<\/td>\n<\/tr>\n<\/tbody>\n<\/table>","protected":false},"excerpt":{"rendered":"<p>In the process of metallographic specimen preparation, grinding and polishing of the specimen are essential procedures. After grinding and polishing, the specimen can obtain a mirror-like surface. The P-1B metallographic specimen grinding and polishing machine adopts the latest electronic speed control technology, which can make the speed of the grinding and polishing disc infinitely adjustable between 100-1500r\/min. By replacing the metallographic sandpaper and polishing fabric, the grinding and polishing process of the specimen can be completed, showing a wider range of applicability. The single-disc design is small and light. The shell adopts the overall ABS technology, with a novel appearance, and has the characteristics of stable rotation, low noise, easy operation, and high work efficiency. The cooling device can be optionally equipped to cool the specimen during grinding and polishing to prevent the metallographic structure from being damaged due to overheating of the specimen. It is suitable for metallographic laboratories in factories, colleges and universities, and scientific research institutions. It is an excellent equipment for grinding and polishing metallographic specimens.<\/p>","protected":false},"featured_media":30111,"comment_status":"open","ping_status":"closed","template":"","meta":[],"product_brand":[],"product_cat":[94,81],"product_tag":[115],"class_list":{"0":"post-30110","1":"product","2":"type-product","3":"status-publish","4":"has-post-thumbnail","6":"product_cat-metallographic-grinding-and-polishing-machine","7":"product_cat-sample-preparation-and-analysis","8":"product_tag-metallographic-grinding-polishing-machine","10":"first","11":"instock","12":"shipping-taxable","13":"product-type-simple"},"yoast_head":"<!-- This site is optimized with the Yoast SEO Premium plugin v25.4 (Yoast SEO v27.4) - https:\/\/yoast.com\/product\/yoast-seo-premium-wordpress\/ -->\n<title>P 1B Metallographic sample grinding and polishing machine - hardnesstests<\/title>\n<meta name=\"robots\" content=\"index, follow, max-snippet:-1, max-image-preview:large, max-video-preview:-1\" \/>\n<link rel=\"canonical\" href=\"https:\/\/hardnesstests.com\/sk\/produkt\/p-1b-metallographic-sample-grinding-and-polishing-machine\/\" \/>\n<meta property=\"og:locale\" content=\"sk_SK\" \/>\n<meta property=\"og:type\" content=\"article\" \/>\n<meta property=\"og:title\" content=\"P 1B Metallographic sample grinding and polishing machine\" \/>\n<meta property=\"og:description\" content=\"In the process of metallographic specimen preparation, grinding and polishing of the specimen are essential procedures. After grinding and polishing, the specimen can obtain a mirror-like surface. The P-1B metallographic specimen grinding and polishing machine adopts the latest electronic speed control technology, which can make the speed of the grinding and polishing disc infinitely adjustable between 100-1500r\/min. By replacing the metallographic sandpaper and polishing fabric, the grinding and polishing process of the specimen can be completed, showing a wider range of applicability. The single-disc design is small and light. The shell adopts the overall ABS technology, with a novel appearance, and has the characteristics of stable rotation, low noise, easy operation, and high work efficiency. The cooling device can be optionally equipped to cool the specimen during grinding and polishing to prevent the metallographic structure from being damaged due to overheating of the specimen. It is suitable for metallographic laboratories in factories, colleges and universities, and scientific research institutions. It is an excellent equipment for grinding and polishing metallographic specimens.\" \/>\n<meta property=\"og:url\" content=\"https:\/\/hardnesstests.com\/sk\/produkt\/p-1b-metallographic-sample-grinding-and-polishing-machine\/\" \/>\n<meta property=\"og:site_name\" content=\"hardnesstests\" \/>\n<meta property=\"og:image\" content=\"https:\/\/hardnesstests.com\/wp-content\/uploads\/2025\/11\/P-1B.jpg\" \/>\n\t<meta property=\"og:image:width\" content=\"800\" \/>\n\t<meta property=\"og:image:height\" content=\"800\" \/>\n\t<meta property=\"og:image:type\" content=\"image\/jpeg\" \/>\n<meta name=\"twitter:card\" content=\"summary_large_image\" \/>\n<meta name=\"twitter:label1\" content=\"Predpokladan\u00fd \u010das \u010d\u00edtania\" \/>\n\t<meta name=\"twitter:data1\" content=\"1 min\u00fata\" \/>\n<script type=\"application\/ld+json\" class=\"yoast-schema-graph\">{\"@context\":\"https:\\\/\\\/schema.org\",\"@graph\":[{\"@type\":\"WebPage\",\"@id\":\"https:\\\/\\\/hardnesstests.com\\\/product\\\/p-1b-metallographic-sample-grinding-and-polishing-machine\\\/\",\"url\":\"https:\\\/\\\/hardnesstests.com\\\/product\\\/p-1b-metallographic-sample-grinding-and-polishing-machine\\\/\",\"name\":\"P 1B Metallographic sample grinding and polishing machine - hardnesstests\",\"isPartOf\":{\"@id\":\"https:\\\/\\\/hardnesstests.com\\\/tr\\\/#website\"},\"primaryImageOfPage\":{\"@id\":\"https:\\\/\\\/hardnesstests.com\\\/product\\\/p-1b-metallographic-sample-grinding-and-polishing-machine\\\/#primaryimage\"},\"image\":{\"@id\":\"https:\\\/\\\/hardnesstests.com\\\/product\\\/p-1b-metallographic-sample-grinding-and-polishing-machine\\\/#primaryimage\"},\"thumbnailUrl\":\"https:\\\/\\\/hardnesstests.com\\\/wp-content\\\/uploads\\\/2025\\\/11\\\/P-1B.jpg\",\"datePublished\":\"2025-11-28T06:38:44+00:00\",\"breadcrumb\":{\"@id\":\"https:\\\/\\\/hardnesstests.com\\\/product\\\/p-1b-metallographic-sample-grinding-and-polishing-machine\\\/#breadcrumb\"},\"inLanguage\":\"sk-SK\",\"potentialAction\":[{\"@type\":\"ReadAction\",\"target\":[\"https:\\\/\\\/hardnesstests.com\\\/product\\\/p-1b-metallographic-sample-grinding-and-polishing-machine\\\/\"]}]},{\"@type\":\"ImageObject\",\"inLanguage\":\"sk-SK\",\"@id\":\"https:\\\/\\\/hardnesstests.com\\\/product\\\/p-1b-metallographic-sample-grinding-and-polishing-machine\\\/#primaryimage\",\"url\":\"https:\\\/\\\/hardnesstests.com\\\/wp-content\\\/uploads\\\/2025\\\/11\\\/P-1B.jpg\",\"contentUrl\":\"https:\\\/\\\/hardnesstests.com\\\/wp-content\\\/uploads\\\/2025\\\/11\\\/P-1B.jpg\",\"width\":800,\"height\":800,\"caption\":\"P 1B Metallographic sample grinding and polishing machine\"},{\"@type\":\"BreadcrumbList\",\"@id\":\"https:\\\/\\\/hardnesstests.com\\\/product\\\/p-1b-metallographic-sample-grinding-and-polishing-machine\\\/#breadcrumb\",\"itemListElement\":[{\"@type\":\"ListItem\",\"position\":1,\"name\":\"\u9996\u9875\",\"item\":\"https:\\\/\\\/hardnesstests.com\\\/\"},{\"@type\":\"ListItem\",\"position\":2,\"name\":\"products\",\"item\":\"https:\\\/\\\/hardnesstests.com\\\/products\\\/\"},{\"@type\":\"ListItem\",\"position\":3,\"name\":\"P 1B Metallographic sample grinding and polishing machine\"}]},{\"@type\":\"WebSite\",\"@id\":\"https:\\\/\\\/hardnesstests.com\\\/tr\\\/#website\",\"url\":\"https:\\\/\\\/hardnesstests.com\\\/tr\\\/\",\"name\":\"hardnesstests\",\"description\":\"\",\"publisher\":{\"@id\":\"https:\\\/\\\/hardnesstests.com\\\/tr\\\/#organization\"},\"potentialAction\":[{\"@type\":\"SearchAction\",\"target\":{\"@type\":\"EntryPoint\",\"urlTemplate\":\"https:\\\/\\\/hardnesstests.com\\\/tr\\\/?s={search_term_string}\"},\"query-input\":{\"@type\":\"PropertyValueSpecification\",\"valueRequired\":true,\"valueName\":\"search_term_string\"}}],\"inLanguage\":\"sk-SK\"},{\"@type\":\"Organization\",\"@id\":\"https:\\\/\\\/hardnesstests.com\\\/tr\\\/#organization\",\"name\":\"hardnesstests\",\"url\":\"https:\\\/\\\/hardnesstests.com\\\/tr\\\/\",\"logo\":{\"@type\":\"ImageObject\",\"inLanguage\":\"sk-SK\",\"@id\":\"https:\\\/\\\/hardnesstests.com\\\/tr\\\/#\\\/schema\\\/logo\\\/image\\\/\",\"url\":\"https:\\\/\\\/hardnesstests.com\\\/wp-content\\\/uploads\\\/2021\\\/08\\\/\u5fae\u4fe1\u56fe\u7247_20251029102004_335_1287.png\",\"contentUrl\":\"https:\\\/\\\/hardnesstests.com\\\/wp-content\\\/uploads\\\/2021\\\/08\\\/\u5fae\u4fe1\u56fe\u7247_20251029102004_335_1287.png\",\"width\":1308,\"height\":467,\"caption\":\"hardnesstests\"},\"image\":{\"@id\":\"https:\\\/\\\/hardnesstests.com\\\/tr\\\/#\\\/schema\\\/logo\\\/image\\\/\"}}]}<\/script>\n<!-- \/ Yoast SEO Premium plugin. -->","yoast_head_json":{"title":"P 1B Metallographic sample grinding and polishing machine - hardnesstests","robots":{"index":"index","follow":"follow","max-snippet":"max-snippet:-1","max-image-preview":"max-image-preview:large","max-video-preview":"max-video-preview:-1"},"canonical":"https:\/\/hardnesstests.com\/sk\/produkt\/p-1b-metallographic-sample-grinding-and-polishing-machine\/","og_locale":"sk_SK","og_type":"article","og_title":"P 1B Metallographic sample grinding and polishing machine","og_description":"In the process of metallographic specimen preparation, grinding and polishing of the specimen are essential procedures. After grinding and polishing, the specimen can obtain a mirror-like surface. The P-1B metallographic specimen grinding and polishing machine adopts the latest electronic speed control technology, which can make the speed of the grinding and polishing disc infinitely adjustable between 100-1500r\/min. By replacing the metallographic sandpaper and polishing fabric, the grinding and polishing process of the specimen can be completed, showing a wider range of applicability. The single-disc design is small and light. The shell adopts the overall ABS technology, with a novel appearance, and has the characteristics of stable rotation, low noise, easy operation, and high work efficiency. The cooling device can be optionally equipped to cool the specimen during grinding and polishing to prevent the metallographic structure from being damaged due to overheating of the specimen. It is suitable for metallographic laboratories in factories, colleges and universities, and scientific research institutions. It is an excellent equipment for grinding and polishing metallographic specimens.","og_url":"https:\/\/hardnesstests.com\/sk\/produkt\/p-1b-metallographic-sample-grinding-and-polishing-machine\/","og_site_name":"hardnesstests","og_image":[{"width":800,"height":800,"url":"https:\/\/hardnesstests.com\/wp-content\/uploads\/2025\/11\/P-1B.jpg","type":"image\/jpeg"}],"twitter_card":"summary_large_image","twitter_misc":{"Predpokladan\u00fd \u010das \u010d\u00edtania":"1 min\u00fata"},"schema":{"@context":"https:\/\/schema.org","@graph":[{"@type":"WebPage","@id":"https:\/\/hardnesstests.com\/product\/p-1b-metallographic-sample-grinding-and-polishing-machine\/","url":"https:\/\/hardnesstests.com\/product\/p-1b-metallographic-sample-grinding-and-polishing-machine\/","name":"P 1B Metallographic sample grinding and polishing machine - hardnesstests","isPartOf":{"@id":"https:\/\/hardnesstests.com\/tr\/#website"},"primaryImageOfPage":{"@id":"https:\/\/hardnesstests.com\/product\/p-1b-metallographic-sample-grinding-and-polishing-machine\/#primaryimage"},"image":{"@id":"https:\/\/hardnesstests.com\/product\/p-1b-metallographic-sample-grinding-and-polishing-machine\/#primaryimage"},"thumbnailUrl":"https:\/\/hardnesstests.com\/wp-content\/uploads\/2025\/11\/P-1B.jpg","datePublished":"2025-11-28T06:38:44+00:00","breadcrumb":{"@id":"https:\/\/hardnesstests.com\/product\/p-1b-metallographic-sample-grinding-and-polishing-machine\/#breadcrumb"},"inLanguage":"sk-SK","potentialAction":[{"@type":"ReadAction","target":["https:\/\/hardnesstests.com\/product\/p-1b-metallographic-sample-grinding-and-polishing-machine\/"]}]},{"@type":"ImageObject","inLanguage":"sk-SK","@id":"https:\/\/hardnesstests.com\/product\/p-1b-metallographic-sample-grinding-and-polishing-machine\/#primaryimage","url":"https:\/\/hardnesstests.com\/wp-content\/uploads\/2025\/11\/P-1B.jpg","contentUrl":"https:\/\/hardnesstests.com\/wp-content\/uploads\/2025\/11\/P-1B.jpg","width":800,"height":800,"caption":"P 1B Metallographic sample grinding and polishing machine"},{"@type":"BreadcrumbList","@id":"https:\/\/hardnesstests.com\/product\/p-1b-metallographic-sample-grinding-and-polishing-machine\/#breadcrumb","itemListElement":[{"@type":"ListItem","position":1,"name":"\u9996\u9875","item":"https:\/\/hardnesstests.com\/"},{"@type":"ListItem","position":2,"name":"products","item":"https:\/\/hardnesstests.com\/products\/"},{"@type":"ListItem","position":3,"name":"P 1B Metallographic sample grinding and polishing machine"}]},{"@type":"WebSite","@id":"https:\/\/hardnesstests.com\/tr\/#website","url":"https:\/\/hardnesstests.com\/tr\/","name":"hardnesstests","description":"","publisher":{"@id":"https:\/\/hardnesstests.com\/tr\/#organization"},"potentialAction":[{"@type":"SearchAction","target":{"@type":"EntryPoint","urlTemplate":"https:\/\/hardnesstests.com\/tr\/?s={search_term_string}"},"query-input":{"@type":"PropertyValueSpecification","valueRequired":true,"valueName":"search_term_string"}}],"inLanguage":"sk-SK"},{"@type":"Organization","@id":"https:\/\/hardnesstests.com\/tr\/#organization","name":"hardnesstests","url":"https:\/\/hardnesstests.com\/tr\/","logo":{"@type":"ImageObject","inLanguage":"sk-SK","@id":"https:\/\/hardnesstests.com\/tr\/#\/schema\/logo\/image\/","url":"https:\/\/hardnesstests.com\/wp-content\/uploads\/2021\/08\/\u5fae\u4fe1\u56fe\u7247_20251029102004_335_1287.png","contentUrl":"https:\/\/hardnesstests.com\/wp-content\/uploads\/2021\/08\/\u5fae\u4fe1\u56fe\u7247_20251029102004_335_1287.png","width":1308,"height":467,"caption":"hardnesstests"},"image":{"@id":"https:\/\/hardnesstests.com\/tr\/#\/schema\/logo\/image\/"}}]}},"_links":{"self":[{"href":"https:\/\/hardnesstests.com\/sk\/wp-json\/wp\/v2\/product\/30110","targetHints":{"allow":["GET"]}}],"collection":[{"href":"https:\/\/hardnesstests.com\/sk\/wp-json\/wp\/v2\/product"}],"about":[{"href":"https:\/\/hardnesstests.com\/sk\/wp-json\/wp\/v2\/types\/product"}],"replies":[{"embeddable":true,"href":"https:\/\/hardnesstests.com\/sk\/wp-json\/wp\/v2\/comments?post=30110"}],"version-history":[{"count":1,"href":"https:\/\/hardnesstests.com\/sk\/wp-json\/wp\/v2\/product\/30110\/revisions"}],"predecessor-version":[{"id":30112,"href":"https:\/\/hardnesstests.com\/sk\/wp-json\/wp\/v2\/product\/30110\/revisions\/30112"}],"wp:featuredmedia":[{"embeddable":true,"href":"https:\/\/hardnesstests.com\/sk\/wp-json\/wp\/v2\/media\/30111"}],"wp:attachment":[{"href":"https:\/\/hardnesstests.com\/sk\/wp-json\/wp\/v2\/media?parent=30110"}],"wp:term":[{"taxonomy":"product_brand","embeddable":true,"href":"https:\/\/hardnesstests.com\/sk\/wp-json\/wp\/v2\/product_brand?post=30110"},{"taxonomy":"product_cat","embeddable":true,"href":"https:\/\/hardnesstests.com\/sk\/wp-json\/wp\/v2\/product_cat?post=30110"},{"taxonomy":"product_tag","embeddable":true,"href":"https:\/\/hardnesstests.com\/sk\/wp-json\/wp\/v2\/product_tag?post=30110"}],"curies":[{"name":"wp","href":"https:\/\/api.w.org\/{rel}","templated":true}]}}