{"id":29999,"date":"2025-11-28T05:14:10","date_gmt":"2025-11-28T05:14:10","guid":{"rendered":"https:\/\/hardnesstests.com\/?post_type=product&#038;p=29999"},"modified":"2025-11-28T05:14:10","modified_gmt":"2025-11-28T05:14:10","slug":"hv-5z-computerized-automatic-turret-vickers","status":"publish","type":"product","link":"https:\/\/hardnesstests.com\/sk\/produkt\/hv-5z-computerized-automatic-turret-vickers\/","title":{"rendered":"HV-5Z Po\u010d\u00edta\u010dov\u00e1 automatick\u00e1 ve\u017ea Vickers"},"content":{"rendered":"<div class=\"table-responsive\">\n<table border=\"1\">\n<tbody>\n<tr>\n<td><strong>Hlavn\u00e9 funkcie a vlastnosti:<\/strong><\/td>\n<\/tr>\n<\/tbody>\n<\/table>\n<\/div>\n<p>1. The optical system designed by senior optical engineers not only has clear images, but also can be used as a simple microscope, with adjustable brightness, comfortable vision, and not easy to fatigue after long-term operation;<\/p>\n<p>2. The industrial display screen can directly display the hardness value, convert the hardness, test method, test force, holding time, measurement times, and the test process is intuitive and clear;<\/p>\n<p>3. The cast aluminum shell is formed at one time, the structure is stable and does not deform, the car paint grade is high, the scratch resistance is strong, and it is still bright as new after years of use;<\/p>\n<p>4. Our company has the ability to research, develop, design, produce and process by ourselves, and provide parts replacement and maintenance upgrade services for our machines for life;<\/p>\n<p>5. HV-5Z model can realize: the position switch of observation-test-measurement is completed by automatic turret.<\/p>\n<p>&nbsp;<\/p>\n<h1><strong>Hlavn\u00fd \u00fa\u010del a rozsah pou\u017eitia:<\/strong><\/h1>\n<p>1. Steel, non-ferrous metals, metal foil, cemented carbide, metal sheet, microstructure<\/p>\n<p>2. Carburizing, nitriding and decarburizing layer, surface hardening layer, electroplating layer, coating<\/p>\n<p>3. Glass, wafers, ceramic materials, carbonization;<\/p>\n<p>&nbsp;<\/p>\n<div class=\"table-responsive\">\n<table border=\"1\">\n<tbody>\n<tr>\n<td><strong>Technical parameter:<\/strong><\/td>\n<\/tr>\n<\/tbody>\n<\/table>\n<\/div>\n<div class=\"table-responsive\">\n<div class=\"table-responsive\">\n<table border=\"1\" cellspacing=\"0\">\n<tbody>\n<tr>\n<td valign=\"top\" width=\"151\">\n<p align=\"center\">N\u00e1zov parametra<\/p>\n<\/td>\n<td valign=\"top\" width=\"378\">\n<p align=\"center\">\u00dadaje o parametroch<\/p>\n<\/td>\n<\/tr>\n<tr>\n<td valign=\"top\" width=\"151\">Vickersova stupnica tvrdosti<\/td>\n<td valign=\"top\" width=\"378\">HV0.3,HV0.5,HV1.0,HV2.0,HV3.0,HV5.0<\/td>\n<\/tr>\n<tr>\n<td valign=\"top\" width=\"151\">Zobrazenie<\/td>\n<td valign=\"top\" width=\"378\">The automatic reading menu displays 5-digit hardness value; 4-digit diagonal length (D1, D2) test force, hold time, test times, return<\/td>\n<\/tr>\n<tr>\n<td valign=\"top\" width=\"151\">Sk\u00fa\u0161obn\u00e1 sila (Kgf)<\/td>\n<td valign=\"top\" width=\"378\">0.3 \u3001 0.5 \u30011.0 \u30012.0 \u30013.0\u30015.0<\/td>\n<\/tr>\n<tr>\n<td valign=\"top\" width=\"151\">Kontrola za\u0165a\u017eenia<\/td>\n<td valign=\"top\" width=\"378\">Automatick\u00e9 (nakladanie\/podr\u017eanie\/vykladanie)<\/td>\n<\/tr>\n<tr>\n<td valign=\"top\" width=\"151\">\u010cas udr\u017eania sk\u00fa\u0161obnej sily (s)<\/td>\n<td valign=\"top\" width=\"378\">1~99<\/td>\n<\/tr>\n<tr>\n<td valign=\"top\" width=\"151\">Optick\u00fd kan\u00e1l<\/td>\n<td valign=\"top\" width=\"378\">Dual optical channel (eyepiece and CCD camera channel)<\/td>\n<\/tr>\n<tr>\n<td valign=\"top\" width=\"151\">Optick\u00fd syst\u00e9m<\/td>\n<td valign=\"top\" width=\"378\">Objective lens: 10\u00d7 20\u00d7;<\/p>\n<p>Eyepiece: 10\u00d7<\/p>\n<p>Total magnification: 100\u00d7 200\u00d7<\/p>\n<p>Rozsah merania: 800 \u03bcm 400 \u03bcm<\/p>\n<p>Resolution: 1\u03bcm 0.5\u03bcm<\/td>\n<\/tr>\n<tr>\n<td valign=\"top\" width=\"151\">Rozsah merania tvrdosti<\/td>\n<td valign=\"top\" width=\"378\">(5-3000)HV<\/td>\n<\/tr>\n<tr>\n<td valign=\"top\" width=\"151\">XY test bench<\/td>\n<td valign=\"top\" width=\"378\">Ve\u013ekos\u0165 (mm): 100\u00d7100<\/p>\n<p>Stroke range (mm): 25\u00d725<\/p>\n<p>Minim\u00e1lna hodnota (mm): 0.01<\/td>\n<\/tr>\n<tr>\n<td valign=\"top\" width=\"151\">Maxim\u00e1lna v\u00fd\u0161ka vzorky (mm)<\/td>\n<td valign=\"top\" width=\"378\">165<\/td>\n<\/tr>\n<tr>\n<td valign=\"top\" width=\"151\">Maximum width of test piece (mm)<\/td>\n<td valign=\"top\" width=\"378\">130 (distance from the center line of the indenter to the wall of the machine)<\/td>\n<\/tr>\n<tr>\n<td valign=\"center\" width=\"151\">V\u00fdkonn\u00fd \u0161tandard<\/td>\n<td valign=\"center\" width=\"378\">GB\/T4340.2 Chinese standard (GB\/T4340.2 Chinese Standard),<\/p>\n<p>Pravidlo kontroly JJG151 (Pravidlo kontroly JJG151)<\/td>\n<\/tr>\n<tr>\n<td valign=\"top\" width=\"151\">nap\u00e4tie<\/td>\n<td valign=\"top\" width=\"378\">AC220V\/50HZ<\/td>\n<\/tr>\n<tr>\n<td valign=\"top\" width=\"151\">Rozmery (mm)<\/td>\n<td valign=\"top\" width=\"378\">585\u00d7200\u00d7630<\/td>\n<\/tr>\n<tr>\n<td valign=\"top\" width=\"151\">Hmotnos\u0165 (kg)<\/td>\n<td valign=\"top\" width=\"378\">42<\/td>\n<\/tr>\n<\/tbody>\n<\/table>\n<\/div>\n<\/div>","protected":false},"excerpt":{"rendered":"<p>The automatic turret type Vickers hardness tester is a high-tech product of optical and mechanical integration. The hardness tester is novel in shape, has good reliability, operability and repeatability, and is an ideal product for testing Vickers hardness. The machine adopts computer software programming and optical measurement system. Through the soft key input, you can select the measurement of Vickers and Knoop hardness, adjust the strength of the measuring light source, select the dwell time, and display the test method and test force on the LCD display. The indentation pair can be measured through the panel input. The length of the corner line and the screen directly read the hardness value, which simplifies the cumbersome look-up table. Easy to use, high measurement accuracy.<\/p>","protected":false},"featured_media":30000,"comment_status":"open","ping_status":"closed","template":"","meta":[],"product_brand":[],"product_cat":[70,72],"product_tag":[113],"class_list":{"0":"post-29999","1":"product","2":"type-product","3":"status-publish","4":"has-post-thumbnail","6":"product_cat-hardness-tester","7":"product_cat-vickers-hardness-tester","8":"product_tag-vickers-hardness-tester","10":"first","11":"instock","12":"shipping-taxable","13":"product-type-simple"},"yoast_head":"<!-- This site is optimized with the Yoast SEO Premium plugin v25.4 (Yoast SEO v27.4) - https:\/\/yoast.com\/product\/yoast-seo-premium-wordpress\/ -->\n<title>HV-5Z Computerized automatic turret Vickers - hardnesstests<\/title>\n<meta name=\"robots\" content=\"index, follow, max-snippet:-1, max-image-preview:large, max-video-preview:-1\" \/>\n<link rel=\"canonical\" href=\"https:\/\/hardnesstests.com\/sk\/produkt\/hv-5z-computerized-automatic-turret-vickers\/\" \/>\n<meta property=\"og:locale\" content=\"sk_SK\" \/>\n<meta property=\"og:type\" content=\"article\" \/>\n<meta property=\"og:title\" content=\"HV-5Z Computerized automatic turret Vickers\" \/>\n<meta property=\"og:description\" content=\"The automatic turret type Vickers hardness tester is a high-tech product of optical and mechanical integration. The hardness tester is novel in shape, has good reliability, operability and repeatability, and is an ideal product for testing Vickers hardness. The machine adopts computer software programming and optical measurement system. Through the soft key input, you can select the measurement of Vickers and Knoop hardness, adjust the strength of the measuring light source, select the dwell time, and display the test method and test force on the LCD display. The indentation pair can be measured through the panel input. The length of the corner line and the screen directly read the hardness value, which simplifies the cumbersome look-up table. Easy to use, high measurement accuracy.\" \/>\n<meta property=\"og:url\" content=\"https:\/\/hardnesstests.com\/sk\/produkt\/hv-5z-computerized-automatic-turret-vickers\/\" \/>\n<meta property=\"og:site_name\" content=\"hardnesstests\" \/>\n<meta property=\"og:image\" content=\"https:\/\/hardnesstests.com\/wp-content\/uploads\/2025\/11\/HV-5Z\u81ea\u52a8\u8f6c\u5854\u7ef4\u6c0f\u786c\u5ea6\u8ba1.jpg\" \/>\n\t<meta property=\"og:image:width\" content=\"800\" \/>\n\t<meta property=\"og:image:height\" content=\"800\" \/>\n\t<meta property=\"og:image:type\" content=\"image\/jpeg\" \/>\n<meta name=\"twitter:card\" content=\"summary_large_image\" \/>\n<meta name=\"twitter:label1\" content=\"Predpokladan\u00fd \u010das \u010d\u00edtania\" \/>\n\t<meta name=\"twitter:data1\" content=\"2 min\u00faty\" \/>\n<script type=\"application\/ld+json\" class=\"yoast-schema-graph\">{\"@context\":\"https:\\\/\\\/schema.org\",\"@graph\":[{\"@type\":\"WebPage\",\"@id\":\"https:\\\/\\\/hardnesstests.com\\\/product\\\/hv-5z-computerized-automatic-turret-vickers\\\/\",\"url\":\"https:\\\/\\\/hardnesstests.com\\\/product\\\/hv-5z-computerized-automatic-turret-vickers\\\/\",\"name\":\"HV-5Z Computerized automatic turret Vickers - hardnesstests\",\"isPartOf\":{\"@id\":\"https:\\\/\\\/hardnesstests.com\\\/tr\\\/#website\"},\"primaryImageOfPage\":{\"@id\":\"https:\\\/\\\/hardnesstests.com\\\/product\\\/hv-5z-computerized-automatic-turret-vickers\\\/#primaryimage\"},\"image\":{\"@id\":\"https:\\\/\\\/hardnesstests.com\\\/product\\\/hv-5z-computerized-automatic-turret-vickers\\\/#primaryimage\"},\"thumbnailUrl\":\"https:\\\/\\\/hardnesstests.com\\\/wp-content\\\/uploads\\\/2025\\\/11\\\/HV-5Z\u81ea\u52a8\u8f6c\u5854\u7ef4\u6c0f\u786c\u5ea6\u8ba1.jpg\",\"datePublished\":\"2025-11-28T05:14:10+00:00\",\"breadcrumb\":{\"@id\":\"https:\\\/\\\/hardnesstests.com\\\/product\\\/hv-5z-computerized-automatic-turret-vickers\\\/#breadcrumb\"},\"inLanguage\":\"sk-SK\",\"potentialAction\":[{\"@type\":\"ReadAction\",\"target\":[\"https:\\\/\\\/hardnesstests.com\\\/product\\\/hv-5z-computerized-automatic-turret-vickers\\\/\"]}]},{\"@type\":\"ImageObject\",\"inLanguage\":\"sk-SK\",\"@id\":\"https:\\\/\\\/hardnesstests.com\\\/product\\\/hv-5z-computerized-automatic-turret-vickers\\\/#primaryimage\",\"url\":\"https:\\\/\\\/hardnesstests.com\\\/wp-content\\\/uploads\\\/2025\\\/11\\\/HV-5Z\u81ea\u52a8\u8f6c\u5854\u7ef4\u6c0f\u786c\u5ea6\u8ba1.jpg\",\"contentUrl\":\"https:\\\/\\\/hardnesstests.com\\\/wp-content\\\/uploads\\\/2025\\\/11\\\/HV-5Z\u81ea\u52a8\u8f6c\u5854\u7ef4\u6c0f\u786c\u5ea6\u8ba1.jpg\",\"width\":800,\"height\":800,\"caption\":\"HV-5Z Computerized automatic turret Vickers\"},{\"@type\":\"BreadcrumbList\",\"@id\":\"https:\\\/\\\/hardnesstests.com\\\/product\\\/hv-5z-computerized-automatic-turret-vickers\\\/#breadcrumb\",\"itemListElement\":[{\"@type\":\"ListItem\",\"position\":1,\"name\":\"\u9996\u9875\",\"item\":\"https:\\\/\\\/hardnesstests.com\\\/\"},{\"@type\":\"ListItem\",\"position\":2,\"name\":\"products\",\"item\":\"https:\\\/\\\/hardnesstests.com\\\/products\\\/\"},{\"@type\":\"ListItem\",\"position\":3,\"name\":\"HV-5Z Computerized automatic turret Vickers\"}]},{\"@type\":\"WebSite\",\"@id\":\"https:\\\/\\\/hardnesstests.com\\\/tr\\\/#website\",\"url\":\"https:\\\/\\\/hardnesstests.com\\\/tr\\\/\",\"name\":\"hardnesstests\",\"description\":\"\",\"publisher\":{\"@id\":\"https:\\\/\\\/hardnesstests.com\\\/tr\\\/#organization\"},\"potentialAction\":[{\"@type\":\"SearchAction\",\"target\":{\"@type\":\"EntryPoint\",\"urlTemplate\":\"https:\\\/\\\/hardnesstests.com\\\/tr\\\/?s={search_term_string}\"},\"query-input\":{\"@type\":\"PropertyValueSpecification\",\"valueRequired\":true,\"valueName\":\"search_term_string\"}}],\"inLanguage\":\"sk-SK\"},{\"@type\":\"Organization\",\"@id\":\"https:\\\/\\\/hardnesstests.com\\\/tr\\\/#organization\",\"name\":\"hardnesstests\",\"url\":\"https:\\\/\\\/hardnesstests.com\\\/tr\\\/\",\"logo\":{\"@type\":\"ImageObject\",\"inLanguage\":\"sk-SK\",\"@id\":\"https:\\\/\\\/hardnesstests.com\\\/tr\\\/#\\\/schema\\\/logo\\\/image\\\/\",\"url\":\"https:\\\/\\\/hardnesstests.com\\\/wp-content\\\/uploads\\\/2021\\\/08\\\/\u5fae\u4fe1\u56fe\u7247_20251029102004_335_1287.png\",\"contentUrl\":\"https:\\\/\\\/hardnesstests.com\\\/wp-content\\\/uploads\\\/2021\\\/08\\\/\u5fae\u4fe1\u56fe\u7247_20251029102004_335_1287.png\",\"width\":1308,\"height\":467,\"caption\":\"hardnesstests\"},\"image\":{\"@id\":\"https:\\\/\\\/hardnesstests.com\\\/tr\\\/#\\\/schema\\\/logo\\\/image\\\/\"}}]}<\/script>\n<!-- \/ Yoast SEO Premium plugin. -->","yoast_head_json":{"title":"HV-5Z Computerized automatic turret Vickers - hardnesstests","robots":{"index":"index","follow":"follow","max-snippet":"max-snippet:-1","max-image-preview":"max-image-preview:large","max-video-preview":"max-video-preview:-1"},"canonical":"https:\/\/hardnesstests.com\/sk\/produkt\/hv-5z-computerized-automatic-turret-vickers\/","og_locale":"sk_SK","og_type":"article","og_title":"HV-5Z Computerized automatic turret Vickers","og_description":"The automatic turret type Vickers hardness tester is a high-tech product of optical and mechanical integration. The hardness tester is novel in shape, has good reliability, operability and repeatability, and is an ideal product for testing Vickers hardness. The machine adopts computer software programming and optical measurement system. Through the soft key input, you can select the measurement of Vickers and Knoop hardness, adjust the strength of the measuring light source, select the dwell time, and display the test method and test force on the LCD display. The indentation pair can be measured through the panel input. The length of the corner line and the screen directly read the hardness value, which simplifies the cumbersome look-up table. Easy to use, high measurement accuracy.","og_url":"https:\/\/hardnesstests.com\/sk\/produkt\/hv-5z-computerized-automatic-turret-vickers\/","og_site_name":"hardnesstests","og_image":[{"width":800,"height":800,"url":"https:\/\/hardnesstests.com\/wp-content\/uploads\/2025\/11\/HV-5Z\u81ea\u52a8\u8f6c\u5854\u7ef4\u6c0f\u786c\u5ea6\u8ba1.jpg","type":"image\/jpeg"}],"twitter_card":"summary_large_image","twitter_misc":{"Predpokladan\u00fd \u010das \u010d\u00edtania":"2 min\u00faty"},"schema":{"@context":"https:\/\/schema.org","@graph":[{"@type":"WebPage","@id":"https:\/\/hardnesstests.com\/product\/hv-5z-computerized-automatic-turret-vickers\/","url":"https:\/\/hardnesstests.com\/product\/hv-5z-computerized-automatic-turret-vickers\/","name":"HV-5Z Computerized automatic turret Vickers - hardnesstests","isPartOf":{"@id":"https:\/\/hardnesstests.com\/tr\/#website"},"primaryImageOfPage":{"@id":"https:\/\/hardnesstests.com\/product\/hv-5z-computerized-automatic-turret-vickers\/#primaryimage"},"image":{"@id":"https:\/\/hardnesstests.com\/product\/hv-5z-computerized-automatic-turret-vickers\/#primaryimage"},"thumbnailUrl":"https:\/\/hardnesstests.com\/wp-content\/uploads\/2025\/11\/HV-5Z\u81ea\u52a8\u8f6c\u5854\u7ef4\u6c0f\u786c\u5ea6\u8ba1.jpg","datePublished":"2025-11-28T05:14:10+00:00","breadcrumb":{"@id":"https:\/\/hardnesstests.com\/product\/hv-5z-computerized-automatic-turret-vickers\/#breadcrumb"},"inLanguage":"sk-SK","potentialAction":[{"@type":"ReadAction","target":["https:\/\/hardnesstests.com\/product\/hv-5z-computerized-automatic-turret-vickers\/"]}]},{"@type":"ImageObject","inLanguage":"sk-SK","@id":"https:\/\/hardnesstests.com\/product\/hv-5z-computerized-automatic-turret-vickers\/#primaryimage","url":"https:\/\/hardnesstests.com\/wp-content\/uploads\/2025\/11\/HV-5Z\u81ea\u52a8\u8f6c\u5854\u7ef4\u6c0f\u786c\u5ea6\u8ba1.jpg","contentUrl":"https:\/\/hardnesstests.com\/wp-content\/uploads\/2025\/11\/HV-5Z\u81ea\u52a8\u8f6c\u5854\u7ef4\u6c0f\u786c\u5ea6\u8ba1.jpg","width":800,"height":800,"caption":"HV-5Z Computerized automatic turret Vickers"},{"@type":"BreadcrumbList","@id":"https:\/\/hardnesstests.com\/product\/hv-5z-computerized-automatic-turret-vickers\/#breadcrumb","itemListElement":[{"@type":"ListItem","position":1,"name":"\u9996\u9875","item":"https:\/\/hardnesstests.com\/"},{"@type":"ListItem","position":2,"name":"products","item":"https:\/\/hardnesstests.com\/products\/"},{"@type":"ListItem","position":3,"name":"HV-5Z Computerized automatic turret Vickers"}]},{"@type":"WebSite","@id":"https:\/\/hardnesstests.com\/tr\/#website","url":"https:\/\/hardnesstests.com\/tr\/","name":"hardnesstests","description":"","publisher":{"@id":"https:\/\/hardnesstests.com\/tr\/#organization"},"potentialAction":[{"@type":"SearchAction","target":{"@type":"EntryPoint","urlTemplate":"https:\/\/hardnesstests.com\/tr\/?s={search_term_string}"},"query-input":{"@type":"PropertyValueSpecification","valueRequired":true,"valueName":"search_term_string"}}],"inLanguage":"sk-SK"},{"@type":"Organization","@id":"https:\/\/hardnesstests.com\/tr\/#organization","name":"hardnesstests","url":"https:\/\/hardnesstests.com\/tr\/","logo":{"@type":"ImageObject","inLanguage":"sk-SK","@id":"https:\/\/hardnesstests.com\/tr\/#\/schema\/logo\/image\/","url":"https:\/\/hardnesstests.com\/wp-content\/uploads\/2021\/08\/\u5fae\u4fe1\u56fe\u7247_20251029102004_335_1287.png","contentUrl":"https:\/\/hardnesstests.com\/wp-content\/uploads\/2021\/08\/\u5fae\u4fe1\u56fe\u7247_20251029102004_335_1287.png","width":1308,"height":467,"caption":"hardnesstests"},"image":{"@id":"https:\/\/hardnesstests.com\/tr\/#\/schema\/logo\/image\/"}}]}},"_links":{"self":[{"href":"https:\/\/hardnesstests.com\/sk\/wp-json\/wp\/v2\/product\/29999","targetHints":{"allow":["GET"]}}],"collection":[{"href":"https:\/\/hardnesstests.com\/sk\/wp-json\/wp\/v2\/product"}],"about":[{"href":"https:\/\/hardnesstests.com\/sk\/wp-json\/wp\/v2\/types\/product"}],"replies":[{"embeddable":true,"href":"https:\/\/hardnesstests.com\/sk\/wp-json\/wp\/v2\/comments?post=29999"}],"version-history":[{"count":1,"href":"https:\/\/hardnesstests.com\/sk\/wp-json\/wp\/v2\/product\/29999\/revisions"}],"predecessor-version":[{"id":30001,"href":"https:\/\/hardnesstests.com\/sk\/wp-json\/wp\/v2\/product\/29999\/revisions\/30001"}],"wp:featuredmedia":[{"embeddable":true,"href":"https:\/\/hardnesstests.com\/sk\/wp-json\/wp\/v2\/media\/30000"}],"wp:attachment":[{"href":"https:\/\/hardnesstests.com\/sk\/wp-json\/wp\/v2\/media?parent=29999"}],"wp:term":[{"taxonomy":"product_brand","embeddable":true,"href":"https:\/\/hardnesstests.com\/sk\/wp-json\/wp\/v2\/product_brand?post=29999"},{"taxonomy":"product_cat","embeddable":true,"href":"https:\/\/hardnesstests.com\/sk\/wp-json\/wp\/v2\/product_cat?post=29999"},{"taxonomy":"product_tag","embeddable":true,"href":"https:\/\/hardnesstests.com\/sk\/wp-json\/wp\/v2\/product_tag?post=29999"}],"curies":[{"name":"wp","href":"https:\/\/api.w.org\/{rel}","templated":true}]}}