{"id":29993,"date":"2025-11-28T05:08:23","date_gmt":"2025-11-28T05:08:23","guid":{"rendered":"https:\/\/hardnesstests.com\/?post_type=product&#038;p=29993"},"modified":"2025-11-28T05:08:23","modified_gmt":"2025-11-28T05:08:23","slug":"ahvst-5-10-30-50zxy-automatic-vickers-hardness-tester","status":"publish","type":"product","link":"https:\/\/hardnesstests.com\/sk\/produkt\/ahvst-5-10-30-50zxy-automatic-vickers-hardness-tester\/","title":{"rendered":"AHVST-5\/10\/30\/50ZXY Automatick\u00fd Vickersov tester tvrdosti"},"content":{"rendered":"<p style=\"font-weight: 400;\">The fully automatic Vickers hardness tester is mainly used to measure tiny, thin specimens and brittle hardware. It can be widely used in various metals (ferrous metals, non-ferrous metals, castings, alloy materials) by selecting various accessories or upgrading various structures. Etc.), metal structure, metal surface processing layer, electroplating layer, hardened layer (oxidation, various infiltration layers, coating layer), heat treatment specimens, carbonized specimens, quenched specimens, small parts of phase inclusions, glass, agate , Artificial gems, ceramics and other brittle and hard non-metallic materials. It is especially suitable for mass measurement of the hardness gradient distribution curve of the workpiece and the hardness test of the specified part.<\/p>\n<p>The automatic translation stage controlled by the built-in stepping motor can be controlled by clicking the mouse. It has a variety of control modes, high positioning accuracy, good repeatability, fast moving speed, and high work efficiency;<\/p>\n<table style=\"font-weight: 400;\">\n<tbody>\n<tr>\n<td colspan=\"2\" width=\"546\">\n<h1><strong>Hardness tester technical parameters:<\/strong><\/h1>\n<table width=\"677\">\n<tbody>\n<tr>\n<td>N\u00e1zov parametra<\/td>\n<td width=\"499\">\u00dadaje o parametroch<\/td>\n<\/tr>\n<tr>\n<td>Hardness scale (choose one from four)<\/td>\n<td width=\"499\">1\u3001\uff08HV0.3,HV0.5,HV1,HV2,HV3,HV5\uff092\u3001\uff08HV0.3,HV0.5,HV1,HV3,HV5,HV10\uff09<\/p>\n<p>3\u3001\uff08HV1,HV3,HV5,HV10,HV20,HV30\uff09\u00a04\u3001\uff08HV1,HV5,HV10,HV20,HV30,HV50\uff09<\/td>\n<\/tr>\n<tr>\n<td>Zobrazenie<\/td>\n<td width=\"499\">7 inch LCD touch screen<\/td>\n<\/tr>\n<tr>\n<td>Test force range (kg)<\/p>\n<p>Choose one of four corresponding hardness scales<\/td>\n<td width=\"499\">1\u3001\uff080.3\u30010.5\u00a0\u30011\u30012\u30013\u30015\u00a0\uff09\u00a02\u3001\uff080.3\u30010.5\u00a0\u30011\u30013\u30015\u300110.\uff09<\/p>\n<p>3\u3001\uff081\u30013\u30015\u300110\u300120\u300130\uff09\u00a04\u3001\uff081\u30015\u300110\u300120\u3001,30\u300150\uff09<\/td>\n<\/tr>\n<tr>\n<td>Kontrola za\u0165a\u017eenia<\/td>\n<td width=\"499\">Automatic (load\/hold\/unload)<\/td>\n<\/tr>\n<tr>\n<td>\u010cas udr\u017eania sk\u00fa\u0161obnej sily (s)<\/td>\n<td width=\"499\">5\uff5e60<\/td>\n<\/tr>\n<tr>\n<td>V\u00fdber testovacej sily<\/td>\n<td width=\"499\">External force selection knob, test force is automatically displayed on the 7-inch LCD touch screen<\/td>\n<\/tr>\n<tr>\n<td>Objective lens magnification<\/td>\n<td width=\"499\">10\u00d7\uff0c20\u00d7<\/td>\n<\/tr>\n<tr>\n<td>Optick\u00fd kan\u00e1l<\/td>\n<td width=\"499\">Dual optical channel (eyepiece and CCD camera channel)<\/td>\n<\/tr>\n<tr>\n<td>Optical system (dual optical channels, no need to switch)<\/td>\n<td width=\"499\">1\u3001Automatic digital encoder\uff1b<\/p>\n<p>2\u3001Total magnification (\u03bcm): 100\u00d7 (observation), 200\u00d7 (measurement)\uff1b<\/p>\n<p>3\u3001Measuring range (\u03bcm): 400; 4. Resolution (\u03bcm): 0.125<\/td>\n<\/tr>\n<tr>\n<td>Rozsah merania tvrdosti<\/td>\n<td width=\"499\">(5-3000)HV<\/td>\n<\/tr>\n<tr>\n<td>D\u00e1tov\u00fd v\u00fdstup (volite\u013en\u00fd)<\/td>\n<td width=\"499\">Vstavan\u00e1 tla\u010diare\u0148, testovacie \u00fadaje mo\u017eno tie\u017e vyvies\u0165 na disk U cez USB na ukladanie a anal\u00fdzu<\/td>\n<\/tr>\n<tr>\n<td>Maxim\u00e1lna v\u00fd\u0161ka vzorky (mm)<\/td>\n<td width=\"499\">165<\/td>\n<\/tr>\n<tr>\n<td>Maximum width of test piece (mm)<\/td>\n<td width=\"499\">130 distance from the center line of the indenter to the machine wall)<\/td>\n<\/tr>\n<tr>\n<td>nap\u00e4tie<\/td>\n<td width=\"499\">AC220V\/50HZ<\/td>\n<\/tr>\n<\/tbody>\n<\/table>\n<\/td>\n<\/tr>\n<tr>\n<td width=\"471\"><\/td>\n<td width=\"75\"><\/td>\n<\/tr>\n<\/tbody>\n<\/table>\n<h1 style=\"font-weight: 400;\"><strong>Software parameters:<\/strong><\/h1>\n<p style=\"font-weight: 400;\">The fully automatic Vickers hardness tester integrates the latest professional technologies such as optical imaging, mechanical displacement, electronic control, digital imaging, image analysis, and computer processing. The control of the Vickers hardness tester and the automatic stage is realized through the host computer. And digitally image the hardness indentation on the computer screen, and then use automatic reading, manual reading and other means to accurately measure the microhardness, hardened layer depth, film thickness, The distance between two points, etc. It can also photograph the topography of the metal surface and perform fixed-magnification printing. This system breaks through the traditional hardness test method and realizes fully automatic, high-precision, and highly repeatable hardness test. It is an important equipment for material analysis.<\/p>","protected":false},"excerpt":{"rendered":"<p align=\"left\">Dear customer, thank you for choosing an automatic hardness measurement system. Relying on professional R&amp;D personnel, develop and provide high-end manual, XY-semi-automatic, Z-automatic, XYZ-automatic hardness measurement system solutions. In order to improve the product and provide you with better service, we kindly ask you to feed us any suggestions about the product.<\/p>","protected":false},"featured_media":29994,"comment_status":"open","ping_status":"closed","template":"","meta":[],"product_brand":[],"product_cat":[70,72],"product_tag":[113],"class_list":{"0":"post-29993","1":"product","2":"type-product","3":"status-publish","4":"has-post-thumbnail","6":"product_cat-hardness-tester","7":"product_cat-vickers-hardness-tester","8":"product_tag-vickers-hardness-tester","10":"first","11":"instock","12":"shipping-taxable","13":"product-type-simple"},"yoast_head":"<!-- This site is optimized with the Yoast SEO Premium plugin v25.4 (Yoast SEO v27.4) - https:\/\/yoast.com\/product\/yoast-seo-premium-wordpress\/ -->\n<title>AHVST-5\/10\/30\/50ZXY Automatic Vickers Hardness Tester - hardnesstests<\/title>\n<meta name=\"robots\" content=\"index, follow, max-snippet:-1, max-image-preview:large, max-video-preview:-1\" \/>\n<link rel=\"canonical\" href=\"https:\/\/hardnesstests.com\/sk\/produkt\/ahvst-5-10-30-50zxy-automatic-vickers-hardness-tester\/\" \/>\n<meta property=\"og:locale\" content=\"sk_SK\" \/>\n<meta property=\"og:type\" content=\"article\" \/>\n<meta property=\"og:title\" content=\"AHVST-5\/10\/30\/50ZXY Automatic Vickers Hardness Tester\" \/>\n<meta property=\"og:description\" content=\"Dear customer, thank you for choosing an automatic hardness measurement system. Relying on professional R&amp;D personnel, develop and provide high-end manual, XY-semi-automatic, Z-automatic, XYZ-automatic hardness measurement system solutions. In order to improve the product and provide you with better service, we kindly ask you to feed us any suggestions about the product.\" \/>\n<meta property=\"og:url\" content=\"https:\/\/hardnesstests.com\/sk\/produkt\/ahvst-5-10-30-50zxy-automatic-vickers-hardness-tester\/\" \/>\n<meta property=\"og:site_name\" content=\"hardnesstests\" \/>\n<meta property=\"og:image\" content=\"https:\/\/hardnesstests.com\/wp-content\/uploads\/2025\/11\/AHVST-5\u300110\u300130\u300150ZXY\u5168\u81ea\u52a8\u7ef4\u6c0f\u786c\u5ea6\u8ba1.jpg\" \/>\n\t<meta property=\"og:image:width\" content=\"800\" \/>\n\t<meta property=\"og:image:height\" content=\"800\" \/>\n\t<meta property=\"og:image:type\" content=\"image\/jpeg\" \/>\n<meta name=\"twitter:card\" content=\"summary_large_image\" \/>\n<meta name=\"twitter:label1\" content=\"Predpokladan\u00fd \u010das \u010d\u00edtania\" \/>\n\t<meta name=\"twitter:data1\" content=\"2 min\u00faty\" \/>\n<script type=\"application\/ld+json\" class=\"yoast-schema-graph\">{\"@context\":\"https:\\\/\\\/schema.org\",\"@graph\":[{\"@type\":\"WebPage\",\"@id\":\"https:\\\/\\\/hardnesstests.com\\\/product\\\/ahvst-5-10-30-50zxy-automatic-vickers-hardness-tester\\\/\",\"url\":\"https:\\\/\\\/hardnesstests.com\\\/product\\\/ahvst-5-10-30-50zxy-automatic-vickers-hardness-tester\\\/\",\"name\":\"AHVST-5\\\/10\\\/30\\\/50ZXY Automatic Vickers Hardness Tester - hardnesstests\",\"isPartOf\":{\"@id\":\"https:\\\/\\\/hardnesstests.com\\\/tr\\\/#website\"},\"primaryImageOfPage\":{\"@id\":\"https:\\\/\\\/hardnesstests.com\\\/product\\\/ahvst-5-10-30-50zxy-automatic-vickers-hardness-tester\\\/#primaryimage\"},\"image\":{\"@id\":\"https:\\\/\\\/hardnesstests.com\\\/product\\\/ahvst-5-10-30-50zxy-automatic-vickers-hardness-tester\\\/#primaryimage\"},\"thumbnailUrl\":\"https:\\\/\\\/hardnesstests.com\\\/wp-content\\\/uploads\\\/2025\\\/11\\\/AHVST-5\u300110\u300130\u300150ZXY\u5168\u81ea\u52a8\u7ef4\u6c0f\u786c\u5ea6\u8ba1.jpg\",\"datePublished\":\"2025-11-28T05:08:23+00:00\",\"breadcrumb\":{\"@id\":\"https:\\\/\\\/hardnesstests.com\\\/product\\\/ahvst-5-10-30-50zxy-automatic-vickers-hardness-tester\\\/#breadcrumb\"},\"inLanguage\":\"sk-SK\",\"potentialAction\":[{\"@type\":\"ReadAction\",\"target\":[\"https:\\\/\\\/hardnesstests.com\\\/product\\\/ahvst-5-10-30-50zxy-automatic-vickers-hardness-tester\\\/\"]}]},{\"@type\":\"ImageObject\",\"inLanguage\":\"sk-SK\",\"@id\":\"https:\\\/\\\/hardnesstests.com\\\/product\\\/ahvst-5-10-30-50zxy-automatic-vickers-hardness-tester\\\/#primaryimage\",\"url\":\"https:\\\/\\\/hardnesstests.com\\\/wp-content\\\/uploads\\\/2025\\\/11\\\/AHVST-5\u300110\u300130\u300150ZXY\u5168\u81ea\u52a8\u7ef4\u6c0f\u786c\u5ea6\u8ba1.jpg\",\"contentUrl\":\"https:\\\/\\\/hardnesstests.com\\\/wp-content\\\/uploads\\\/2025\\\/11\\\/AHVST-5\u300110\u300130\u300150ZXY\u5168\u81ea\u52a8\u7ef4\u6c0f\u786c\u5ea6\u8ba1.jpg\",\"width\":800,\"height\":800,\"caption\":\"AHVST-5\\\/10\\\/30\\\/50ZXY Automatic Vickers Hardness Tester\"},{\"@type\":\"BreadcrumbList\",\"@id\":\"https:\\\/\\\/hardnesstests.com\\\/product\\\/ahvst-5-10-30-50zxy-automatic-vickers-hardness-tester\\\/#breadcrumb\",\"itemListElement\":[{\"@type\":\"ListItem\",\"position\":1,\"name\":\"\u9996\u9875\",\"item\":\"https:\\\/\\\/hardnesstests.com\\\/\"},{\"@type\":\"ListItem\",\"position\":2,\"name\":\"products\",\"item\":\"https:\\\/\\\/hardnesstests.com\\\/products\\\/\"},{\"@type\":\"ListItem\",\"position\":3,\"name\":\"AHVST-5\\\/10\\\/30\\\/50ZXY Automatic Vickers Hardness Tester\"}]},{\"@type\":\"WebSite\",\"@id\":\"https:\\\/\\\/hardnesstests.com\\\/tr\\\/#website\",\"url\":\"https:\\\/\\\/hardnesstests.com\\\/tr\\\/\",\"name\":\"hardnesstests\",\"description\":\"\",\"publisher\":{\"@id\":\"https:\\\/\\\/hardnesstests.com\\\/tr\\\/#organization\"},\"potentialAction\":[{\"@type\":\"SearchAction\",\"target\":{\"@type\":\"EntryPoint\",\"urlTemplate\":\"https:\\\/\\\/hardnesstests.com\\\/tr\\\/?s={search_term_string}\"},\"query-input\":{\"@type\":\"PropertyValueSpecification\",\"valueRequired\":true,\"valueName\":\"search_term_string\"}}],\"inLanguage\":\"sk-SK\"},{\"@type\":\"Organization\",\"@id\":\"https:\\\/\\\/hardnesstests.com\\\/tr\\\/#organization\",\"name\":\"hardnesstests\",\"url\":\"https:\\\/\\\/hardnesstests.com\\\/tr\\\/\",\"logo\":{\"@type\":\"ImageObject\",\"inLanguage\":\"sk-SK\",\"@id\":\"https:\\\/\\\/hardnesstests.com\\\/tr\\\/#\\\/schema\\\/logo\\\/image\\\/\",\"url\":\"https:\\\/\\\/hardnesstests.com\\\/wp-content\\\/uploads\\\/2021\\\/08\\\/\u5fae\u4fe1\u56fe\u7247_20251029102004_335_1287.png\",\"contentUrl\":\"https:\\\/\\\/hardnesstests.com\\\/wp-content\\\/uploads\\\/2021\\\/08\\\/\u5fae\u4fe1\u56fe\u7247_20251029102004_335_1287.png\",\"width\":1308,\"height\":467,\"caption\":\"hardnesstests\"},\"image\":{\"@id\":\"https:\\\/\\\/hardnesstests.com\\\/tr\\\/#\\\/schema\\\/logo\\\/image\\\/\"}}]}<\/script>\n<!-- \/ Yoast SEO Premium plugin. -->","yoast_head_json":{"title":"AHVST-5\/10\/30\/50ZXY Automatic Vickers Hardness Tester - hardnesstests","robots":{"index":"index","follow":"follow","max-snippet":"max-snippet:-1","max-image-preview":"max-image-preview:large","max-video-preview":"max-video-preview:-1"},"canonical":"https:\/\/hardnesstests.com\/sk\/produkt\/ahvst-5-10-30-50zxy-automatic-vickers-hardness-tester\/","og_locale":"sk_SK","og_type":"article","og_title":"AHVST-5\/10\/30\/50ZXY Automatic Vickers Hardness Tester","og_description":"Dear customer, thank you for choosing an automatic hardness measurement system. Relying on professional R&amp;D personnel, develop and provide high-end manual, XY-semi-automatic, Z-automatic, XYZ-automatic hardness measurement system solutions. In order to improve the product and provide you with better service, we kindly ask you to feed us any suggestions about the product.","og_url":"https:\/\/hardnesstests.com\/sk\/produkt\/ahvst-5-10-30-50zxy-automatic-vickers-hardness-tester\/","og_site_name":"hardnesstests","og_image":[{"width":800,"height":800,"url":"https:\/\/hardnesstests.com\/wp-content\/uploads\/2025\/11\/AHVST-5\u300110\u300130\u300150ZXY\u5168\u81ea\u52a8\u7ef4\u6c0f\u786c\u5ea6\u8ba1.jpg","type":"image\/jpeg"}],"twitter_card":"summary_large_image","twitter_misc":{"Predpokladan\u00fd \u010das \u010d\u00edtania":"2 min\u00faty"},"schema":{"@context":"https:\/\/schema.org","@graph":[{"@type":"WebPage","@id":"https:\/\/hardnesstests.com\/product\/ahvst-5-10-30-50zxy-automatic-vickers-hardness-tester\/","url":"https:\/\/hardnesstests.com\/product\/ahvst-5-10-30-50zxy-automatic-vickers-hardness-tester\/","name":"AHVST-5\/10\/30\/50ZXY Automatic Vickers Hardness Tester - hardnesstests","isPartOf":{"@id":"https:\/\/hardnesstests.com\/tr\/#website"},"primaryImageOfPage":{"@id":"https:\/\/hardnesstests.com\/product\/ahvst-5-10-30-50zxy-automatic-vickers-hardness-tester\/#primaryimage"},"image":{"@id":"https:\/\/hardnesstests.com\/product\/ahvst-5-10-30-50zxy-automatic-vickers-hardness-tester\/#primaryimage"},"thumbnailUrl":"https:\/\/hardnesstests.com\/wp-content\/uploads\/2025\/11\/AHVST-5\u300110\u300130\u300150ZXY\u5168\u81ea\u52a8\u7ef4\u6c0f\u786c\u5ea6\u8ba1.jpg","datePublished":"2025-11-28T05:08:23+00:00","breadcrumb":{"@id":"https:\/\/hardnesstests.com\/product\/ahvst-5-10-30-50zxy-automatic-vickers-hardness-tester\/#breadcrumb"},"inLanguage":"sk-SK","potentialAction":[{"@type":"ReadAction","target":["https:\/\/hardnesstests.com\/product\/ahvst-5-10-30-50zxy-automatic-vickers-hardness-tester\/"]}]},{"@type":"ImageObject","inLanguage":"sk-SK","@id":"https:\/\/hardnesstests.com\/product\/ahvst-5-10-30-50zxy-automatic-vickers-hardness-tester\/#primaryimage","url":"https:\/\/hardnesstests.com\/wp-content\/uploads\/2025\/11\/AHVST-5\u300110\u300130\u300150ZXY\u5168\u81ea\u52a8\u7ef4\u6c0f\u786c\u5ea6\u8ba1.jpg","contentUrl":"https:\/\/hardnesstests.com\/wp-content\/uploads\/2025\/11\/AHVST-5\u300110\u300130\u300150ZXY\u5168\u81ea\u52a8\u7ef4\u6c0f\u786c\u5ea6\u8ba1.jpg","width":800,"height":800,"caption":"AHVST-5\/10\/30\/50ZXY Automatic Vickers Hardness Tester"},{"@type":"BreadcrumbList","@id":"https:\/\/hardnesstests.com\/product\/ahvst-5-10-30-50zxy-automatic-vickers-hardness-tester\/#breadcrumb","itemListElement":[{"@type":"ListItem","position":1,"name":"\u9996\u9875","item":"https:\/\/hardnesstests.com\/"},{"@type":"ListItem","position":2,"name":"products","item":"https:\/\/hardnesstests.com\/products\/"},{"@type":"ListItem","position":3,"name":"AHVST-5\/10\/30\/50ZXY Automatic Vickers Hardness Tester"}]},{"@type":"WebSite","@id":"https:\/\/hardnesstests.com\/tr\/#website","url":"https:\/\/hardnesstests.com\/tr\/","name":"hardnesstests","description":"","publisher":{"@id":"https:\/\/hardnesstests.com\/tr\/#organization"},"potentialAction":[{"@type":"SearchAction","target":{"@type":"EntryPoint","urlTemplate":"https:\/\/hardnesstests.com\/tr\/?s={search_term_string}"},"query-input":{"@type":"PropertyValueSpecification","valueRequired":true,"valueName":"search_term_string"}}],"inLanguage":"sk-SK"},{"@type":"Organization","@id":"https:\/\/hardnesstests.com\/tr\/#organization","name":"hardnesstests","url":"https:\/\/hardnesstests.com\/tr\/","logo":{"@type":"ImageObject","inLanguage":"sk-SK","@id":"https:\/\/hardnesstests.com\/tr\/#\/schema\/logo\/image\/","url":"https:\/\/hardnesstests.com\/wp-content\/uploads\/2021\/08\/\u5fae\u4fe1\u56fe\u7247_20251029102004_335_1287.png","contentUrl":"https:\/\/hardnesstests.com\/wp-content\/uploads\/2021\/08\/\u5fae\u4fe1\u56fe\u7247_20251029102004_335_1287.png","width":1308,"height":467,"caption":"hardnesstests"},"image":{"@id":"https:\/\/hardnesstests.com\/tr\/#\/schema\/logo\/image\/"}}]}},"_links":{"self":[{"href":"https:\/\/hardnesstests.com\/sk\/wp-json\/wp\/v2\/product\/29993","targetHints":{"allow":["GET"]}}],"collection":[{"href":"https:\/\/hardnesstests.com\/sk\/wp-json\/wp\/v2\/product"}],"about":[{"href":"https:\/\/hardnesstests.com\/sk\/wp-json\/wp\/v2\/types\/product"}],"replies":[{"embeddable":true,"href":"https:\/\/hardnesstests.com\/sk\/wp-json\/wp\/v2\/comments?post=29993"}],"version-history":[{"count":1,"href":"https:\/\/hardnesstests.com\/sk\/wp-json\/wp\/v2\/product\/29993\/revisions"}],"predecessor-version":[{"id":29995,"href":"https:\/\/hardnesstests.com\/sk\/wp-json\/wp\/v2\/product\/29993\/revisions\/29995"}],"wp:featuredmedia":[{"embeddable":true,"href":"https:\/\/hardnesstests.com\/sk\/wp-json\/wp\/v2\/media\/29994"}],"wp:attachment":[{"href":"https:\/\/hardnesstests.com\/sk\/wp-json\/wp\/v2\/media?parent=29993"}],"wp:term":[{"taxonomy":"product_brand","embeddable":true,"href":"https:\/\/hardnesstests.com\/sk\/wp-json\/wp\/v2\/product_brand?post=29993"},{"taxonomy":"product_cat","embeddable":true,"href":"https:\/\/hardnesstests.com\/sk\/wp-json\/wp\/v2\/product_cat?post=29993"},{"taxonomy":"product_tag","embeddable":true,"href":"https:\/\/hardnesstests.com\/sk\/wp-json\/wp\/v2\/product_tag?post=29993"}],"curies":[{"name":"wp","href":"https:\/\/api.w.org\/{rel}","templated":true}]}}