{"id":29984,"date":"2025-11-28T03:29:35","date_gmt":"2025-11-28T03:29:35","guid":{"rendered":"https:\/\/hardnesstests.com\/?post_type=product&#038;p=29984"},"modified":"2025-11-28T03:29:35","modified_gmt":"2025-11-28T03:29:35","slug":"hvt-5vickers-hardness-tester","status":"publish","type":"product","link":"https:\/\/hardnesstests.com\/sk\/produkt\/hvt-5vickers-hardness-tester\/","title":{"rendered":"(HVT-5) Vickersov tester tvrdosti"},"content":{"rendered":"<h1 style=\"font-weight: 400;\"><strong>Hlavn\u00e9 funkcie a vlastnosti:<\/strong><\/h1>\n<ol>\n<li style=\"font-weight: 400;\">Optick\u00fd syst\u00e9m navrhnut\u00fd star\u0161\u00edmi optick\u00fdmi in\u017einiermi m\u00e1 nielen jasn\u00fd obraz, ale m\u00f4\u017ee sa pou\u017e\u00edva\u0165 aj ako jednoduch\u00fd mikroskop s nastavite\u013en\u00fdm jasom, pohodln\u00fdm viden\u00edm a nie je \u013eahk\u00e9 ho unavi\u0165 po dlhodobej prev\u00e1dzke;<\/li>\n<li style=\"font-weight: 400;\">Na 7-palcovom dotykovom displeji mo\u017eno zobrazi\u0165 sk\u00fa\u0161obn\u00fa met\u00f3du, sk\u00fa\u0161obn\u00fa silu, horn\u00fa a doln\u00fa hranicu hodnoty tvrdosti, nameran\u00fa d\u013a\u017eku vtla\u010dku, hodnotu tvrdosti, \u010das udr\u017eania sk\u00fa\u0161obnej sily, \u010dasy merania a mo\u017eno zada\u0165 rok, mesiac, d\u00e1tum, v\u00fdsledky sk\u00fa\u0161ok a spracovanie \u00fadajov Po\u010dkajte;<\/li>\n<li style=\"font-weight: 400;\">Syst\u00e9m je vybaven\u00fd kalibra\u010dnou funkciou a ka\u017ed\u00fa sk\u00fa\u0161obn\u00fa silu mo\u017eno manu\u00e1lne nastavi\u0165 tak, aby sa zadala chyba kalibra\u010dn\u00e9ho pr\u00edstroja;<\/li>\n<li style=\"font-weight: 400;\">Nastavite\u013en\u00fd rozsah jasu optick\u00e9ho syst\u00e9mu: 0-100;<\/li>\n<li style=\"font-weight: 400;\">M\u00f4\u017ee ulo\u017ei\u0165 a\u017e 100 s\u00faborov testovac\u00edch \u00fadajov a na hlavnom rozhran\u00ed zobrazova\u0165 priemern\u00e9 hodnoty a \u00fadaje o \u010dasoch testovania;<\/li>\n<li style=\"font-weight: 400;\">Jednotku sk\u00fa\u0161obnej sily mo\u017eno vybra\u0165 manu\u00e1lne pre vz\u00e1jomn\u00fd prevod, prevodn\u00e1 jednotka je: (Kgf, N)<\/li>\n<li style=\"font-weight: 400;\">Hlavn\u00e9 rozhranie dok\u00e1\u017ee s\u00fa\u010dasne zobrazi\u0165 4 prevodn\u00e9 stupnice a m\u00f4\u017ee prep\u00edna\u0165 medzi n\u00e1rodn\u00fdmi normami, americk\u00fdmi normami a medzin\u00e1rodn\u00fdmi normami. Celkovo je mo\u017en\u00e9 previes\u0165 18 merac\u00edch stupn\u00edc: HR, HRB, HRC, HRD, HRE, HRF, HRG, HRH, HRK , HR15N, HR30N, HR45N, HR15T, HR30T, HR45T, HV, HK, HBW;<\/li>\n<li style=\"font-weight: 400;\">Obidva objekt\u00edvy m\u00f4\u017eu priamo mera\u0165 tvrdos\u0165,<\/li>\n<li style=\"font-weight: 400;\">Rozsah merania hornej a dolnej hranice je mo\u017en\u00e9 nastavi\u0165 a zobrazi\u0165 na hlavnom rozhran\u00ed merania;<\/li>\n<li style=\"font-weight: 400;\">Testovacie \u00fadaje mo\u017eno priamo exportova\u0165 cez USB;<\/li>\n<li style=\"font-weight: 400;\">Meracia stupnica sa d\u00e1 prepo\u010d\u00edta\u0165 na tvrdos\u0165 HK Knoop;<\/li>\n<li style=\"font-weight: 400;\">Opera\u010dn\u00fd syst\u00e9m je mo\u017en\u00e9 konvertova\u0165 medzi \u010d\u00edn\u0161tinou a angli\u010dtinou;<\/li>\n<li style=\"font-weight: 400;\">Volite\u013en\u00e1 vstavan\u00e1 tla\u010diare\u0148, testovacie \u00fadaje mo\u017eno tie\u017e vyvies\u0165 na disk U cez USB na ukladanie a anal\u00fdzu;<\/li>\n<li style=\"font-weight: 400;\">Odlievan\u00fd hlin\u00edkov\u00fd pl\u00e1\u0161\u0165 m\u00e1 stabiln\u00fa \u0161trukt\u00faru bez deform\u00e1cie v jednom okamihu a \u010dist\u00e1 biela farba auta m\u00e1 vysok\u00fa kvalitu, siln\u00fa odolnos\u0165 proti po\u0161kriabaniu a je st\u00e1le \u017eiariv\u00e1 ako nov\u00e1 po mnoh\u00fdch rokoch pou\u017e\u00edvania;<\/li>\n<li style=\"font-weight: 400;\">Na\u0161a spolo\u010dnos\u0165 je schopn\u00e1 sama vyv\u00edja\u0165, navrhova\u0165, vyr\u00e1ba\u0165 a spracov\u00e1va\u0165. Na\u0161e stroje poskytuj\u00fa slu\u017eby v\u00fdmeny dielov a moderniz\u00e1cie \u00fadr\u017eby po cel\u00fa dobu \u017eivotnosti<\/li>\n<\/ol>\n<h1 style=\"font-weight: 400;\"><strong>Hlavn\u00fd rozsah pou\u017eitia:<\/strong><\/h1>\n<ol>\n<li style=\"font-weight: 400;\">Oce\u013e, ne\u017eelezn\u00e9 kovy, kovov\u00e9 f\u00f3lie, cementovan\u00fd karbid, kovov\u00e9 plechy, mikro\u0161trukt\u00fara, karboniz\u00e1cia;<\/li>\n<li style=\"font-weight: 400;\">Uhli\u010denie, nitridovanie a oduhli\u010denie vrstvy, povrchov\u00e9 kalenie vrstvy, galvanick\u00e9 pokovovanie vrstvy, povlak, tepeln\u00e9 spracovanie;<\/li>\n<li style=\"font-weight: 400;\">Sklo, obl\u00e1tky, keramick\u00e9 materi\u00e1ly;<\/li>\n<\/ol>\n<h1 style=\"font-weight: 400;\"><strong>Technick\u00e9 parametre:<\/strong><\/h1>\n<table style=\"font-weight: 400;\" width=\"614\">\n<tbody>\n<tr>\n<td width=\"259\">n\u00e1zov parametra<\/td>\n<td width=\"355\">\u00dadaje o parametroch<\/td>\n<\/tr>\n<tr>\n<td width=\"259\">Vickersova stupnica tvrdosti<\/td>\n<td width=\"355\">HV0.3,HV0.5,HV1.0,HV2.0,HV3.0,HV5.0<\/td>\n<\/tr>\n<tr>\n<td width=\"259\">zobrazenie<\/td>\n<td width=\"355\">5-miestna hodnota tvrdosti, 4-miestna d\u013a\u017eka uhloprie\u010dky (D1, D2),<\/p>\n<p>\u010cas podr\u017eania, po\u010det testov, priemer, \u0161tandardn\u00e1 odch\u00fdlka, n\u00e1vratnos\u0165<\/td>\n<\/tr>\n<tr>\n<td width=\"259\">Sk\u00fa\u0161obn\u00e1 sila (Kgf)<\/td>\n<td width=\"355\">0.3,0.5,1.0,2.0,3.0,5.0<\/td>\n<\/tr>\n<tr>\n<td width=\"259\">Kontrola nakladania<\/td>\n<td width=\"355\">Automatick\u00e9 (na\u010d\u00edtanie\/podr\u017eanie\/odin\u0161talovanie)<\/td>\n<\/tr>\n<tr>\n<td width=\"259\">\u010cas udr\u017eania sk\u00fa\u0161obnej sily (s)<\/td>\n<td width=\"355\">1\uff5e99<\/td>\n<\/tr>\n<tr>\n<td width=\"259\">Optick\u00fd kan\u00e1l<\/td>\n<td width=\"355\">Dva sveteln\u00e9 kan\u00e1ly (okul\u00e1re a kan\u00e1ly CCD kamery)<\/td>\n<\/tr>\n<tr>\n<td width=\"259\">Optick\u00fd syst\u00e9m<\/td>\n<td width=\"355\">Ciele: 10\u00d7, 20\u00d7 (volite\u013ene 40\u00d7)<\/p>\n<p>Zv\u00e4\u010d\u0161enie okul\u00e1ra: 10\u00d7<\/p>\n<p>Celkov\u00e9 zv\u00e4\u010d\u0161enie (\u03bcm): 100\u00d7, 200\u00d7<\/p>\n<p>Rozsah merania (\u03bcm): 400<\/p>\n<p>Rozl\u00ed\u0161enie (\u03bcm): 0.5<\/td>\n<\/tr>\n<tr>\n<td width=\"259\">Rozsah merania tvrdosti<\/td>\n<td width=\"355\">(5-3000)HV<\/td>\n<\/tr>\n<tr>\n<td width=\"259\">Testovac\u00ed stojan XY (volite\u013en\u00fd)<\/td>\n<td width=\"355\">Ve\u013ekos\u0165 (mm): 100\u00d7100<\/p>\n<p>Rozsah pohybu (mm): 25\u00d725<\/p>\n<p>Minim\u00e1lna hodnota (mm): 0.01<\/td>\n<\/tr>\n<tr>\n<td width=\"259\">Maxim\u00e1lna v\u00fd\u0161ka vzorky (mm)<\/td>\n<td width=\"355\">165<\/td>\n<\/tr>\n<tr>\n<td width=\"259\">Maxim\u00e1lna \u0161\u00edrka vzorky (mm)<\/td>\n<td width=\"355\">130 (vzdialenos\u0165 od osi hrotu k stene)<\/td>\n<\/tr>\n<tr>\n<td width=\"259\">D\u00e1tov\u00fd v\u00fdstup (volite\u013en\u00fd)<\/td>\n<td width=\"355\">Vstavan\u00e1 tla\u010diare\u0148, testovacie \u00fadaje mo\u017eno tie\u017e vyvies\u0165 na disk U cez USB na ukladanie a anal\u00fdzu<\/td>\n<\/tr>\n<tr>\n<td width=\"259\">nap\u00e4tie<\/td>\n<td width=\"355\">AC220V\/50HZ<\/td>\n<\/tr>\n<tr>\n<td width=\"259\">Celkov\u00e1 ve\u013ekos\u0165 (mm)<\/td>\n<td width=\"355\">585\u00d7200\u00d7630<\/td>\n<\/tr>\n<tr>\n<td width=\"259\">Hmotnos\u0165 (kg)<\/td>\n<td width=\"355\">42<\/td>\n<\/tr>\n<\/tbody>\n<\/table>\n<h1 style=\"font-weight: 400;\"><strong>\u0160tandardn\u00e1 konfigur\u00e1cia<\/strong><\/h1>\n<table style=\"font-weight: 400;\">\n<tbody>\n<tr>\n<td width=\"277\">Hostite\u013esk\u00fd po\u010d\u00edta\u010d<\/td>\n<td width=\"277\">1<\/td>\n<\/tr>\n<tr>\n<td width=\"277\">hmotnos\u0165<\/td>\n<td width=\"277\">3<\/td>\n<\/tr>\n<tr>\n<td width=\"277\">Platforma na kr\u00ed\u017eov\u00e9 meranie<\/td>\n<td width=\"277\">1<\/td>\n<\/tr>\n<tr>\n<td width=\"277\">Ploch\u00fd up\u00ednac\u00ed st\u00f4l<\/td>\n<td width=\"277\">1<\/td>\n<\/tr>\n<tr>\n<td width=\"277\">Horizont\u00e1lna nastavovacia skrutka<\/td>\n<td width=\"277\">4<\/td>\n<\/tr>\n<tr>\n<td width=\"277\">Nap\u00e1jac\u00ed k\u00e1bel<\/td>\n<td width=\"277\">1<\/td>\n<\/tr>\n<tr>\n<td width=\"277\">10x okul\u00e1r digit\u00e1lneho mikroskopu<\/td>\n<td width=\"277\">1<\/td>\n<\/tr>\n<tr>\n<td width=\"277\">Blok tvrdosti pod\u013ea Vickersa<\/td>\n<td width=\"277\">2<\/td>\n<\/tr>\n<tr>\n<td width=\"277\">N\u00e1hradn\u00e1 poistka 2A<\/td>\n<td width=\"277\">2<\/td>\n<\/tr>\n<tr>\n<td width=\"277\">Certifik\u00e1t v\u00fdrobku<\/td>\n<td width=\"277\">1<\/td>\n<\/tr>\n<tr>\n<td width=\"277\">N\u00e1vod na pou\u017eitie<\/td>\n<td width=\"277\">1<\/td>\n<\/tr>\n<\/tbody>\n<\/table>\n<p style=\"font-weight: 400;\">Pozn\u00e1mky: Volite\u013en\u00fd softv\u00e9r na meranie tvrdosti na odstr\u00e1nenie \u013eudskej chyby, ovl\u00e1danie po\u010d\u00edta\u010da, zv\u00fd\u0161enie efekt\u00edvnosti a presnej\u0161ej presnosti.<\/p>\n<p style=\"font-weight: 400;\">Volite\u013en\u00e1 zabudovan\u00e1 tla\u010diare\u0148, tla\u010d nameran\u00fdch \u00fadajov jedn\u00fdm tla\u010didlom<\/p>","protected":false},"excerpt":{"rendered":"<p style=\"font-weight: 400;\">Vickersov tester tvrdosti m\u00f4\u017ee sp\u013a\u0148a\u0165 z\u00e1kladn\u00e9 po\u017eiadavky na testovanie Vickersovho testera tvrdosti a modernizovan\u00fd riadiaci syst\u00e9m m\u00f4\u017ee poskytn\u00fa\u0165 viac \u00fadajov z merania.<\/p>\n<p style=\"font-weight: 400;\">Pod\u013ea \u00fadajov je kontrola komplexnej\u0161ia a presnej\u0161ia, \u010d\u00edm sa predch\u00e1dza po\u0161kodeniu pr\u00edstroja sp\u00f4soben\u00e9mu manu\u00e1lnou chybou a v\u00fdrazne sa zlep\u0161uje aj \u00fa\u010dinnos\u0165. Dotykov\u00fd 7-palcov\u00fd LCD displej dok\u00e1\u017ee poskytn\u00fa\u0165 viac \u00fadajov o meran\u00ed a ovl\u00e1danie je komplexnej\u0161ie a presnej\u0161ie.<\/p>","protected":false},"featured_media":29985,"comment_status":"open","ping_status":"closed","template":"","meta":[],"product_brand":[],"product_cat":[70,72],"product_tag":[113],"class_list":{"0":"post-29984","1":"product","2":"type-product","3":"status-publish","4":"has-post-thumbnail","6":"product_cat-hardness-tester","7":"product_cat-vickers-hardness-tester","8":"product_tag-vickers-hardness-tester","10":"first","11":"instock","12":"shipping-taxable","13":"product-type-simple"},"yoast_head":"<!-- This site is optimized with the Yoast SEO Premium plugin v25.4 (Yoast SEO v27.4) - https:\/\/yoast.com\/product\/yoast-seo-premium-wordpress\/ -->\n<title>(HVT-5)Vickers Hardness Tester - hardnesstests<\/title>\n<meta name=\"robots\" content=\"index, follow, max-snippet:-1, max-image-preview:large, max-video-preview:-1\" \/>\n<link rel=\"canonical\" href=\"https:\/\/hardnesstests.com\/sk\/produkt\/hvt-5vickers-hardness-tester\/\" \/>\n<meta property=\"og:locale\" content=\"sk_SK\" \/>\n<meta property=\"og:type\" content=\"article\" \/>\n<meta property=\"og:title\" content=\"(HVT-5)Vickers Hardness Tester\" \/>\n<meta property=\"og:description\" content=\"The Vickers hardness tester can meet the basic Vickers hardness tester test requirements, and the upgraded control system can provide more measurement data. According to the data, the control is more comprehensive and accurate, avoiding the damage of the instrument caused by manual error, and also greatly improving the efficiency. The 7-inch LCD touch screen can provide more measurement data and the control is more comprehensive and accurate.\" \/>\n<meta property=\"og:url\" content=\"https:\/\/hardnesstests.com\/sk\/produkt\/hvt-5vickers-hardness-tester\/\" \/>\n<meta property=\"og:site_name\" content=\"hardnesstests\" \/>\n<meta property=\"og:image\" content=\"https:\/\/hardnesstests.com\/wp-content\/uploads\/2025\/11\/HVT-5-\u89e6\u6478\u5c4f\u7ef4\u6c0f\u786c\u5ea6\u8ba1.jpg\" \/>\n\t<meta property=\"og:image:width\" content=\"800\" \/>\n\t<meta property=\"og:image:height\" content=\"800\" \/>\n\t<meta property=\"og:image:type\" content=\"image\/jpeg\" \/>\n<meta name=\"twitter:card\" content=\"summary_large_image\" \/>\n<meta name=\"twitter:label1\" content=\"Predpokladan\u00fd \u010das \u010d\u00edtania\" \/>\n\t<meta name=\"twitter:data1\" content=\"3 min\u00faty\" \/>\n<script type=\"application\/ld+json\" class=\"yoast-schema-graph\">{\"@context\":\"https:\\\/\\\/schema.org\",\"@graph\":[{\"@type\":\"WebPage\",\"@id\":\"https:\\\/\\\/hardnesstests.com\\\/product\\\/hvt-5vickers-hardness-tester\\\/\",\"url\":\"https:\\\/\\\/hardnesstests.com\\\/product\\\/hvt-5vickers-hardness-tester\\\/\",\"name\":\"(HVT-5)Vickers Hardness Tester - hardnesstests\",\"isPartOf\":{\"@id\":\"https:\\\/\\\/hardnesstests.com\\\/tr\\\/#website\"},\"primaryImageOfPage\":{\"@id\":\"https:\\\/\\\/hardnesstests.com\\\/product\\\/hvt-5vickers-hardness-tester\\\/#primaryimage\"},\"image\":{\"@id\":\"https:\\\/\\\/hardnesstests.com\\\/product\\\/hvt-5vickers-hardness-tester\\\/#primaryimage\"},\"thumbnailUrl\":\"https:\\\/\\\/hardnesstests.com\\\/wp-content\\\/uploads\\\/2025\\\/11\\\/HVT-5-\u89e6\u6478\u5c4f\u7ef4\u6c0f\u786c\u5ea6\u8ba1.jpg\",\"datePublished\":\"2025-11-28T03:29:35+00:00\",\"breadcrumb\":{\"@id\":\"https:\\\/\\\/hardnesstests.com\\\/product\\\/hvt-5vickers-hardness-tester\\\/#breadcrumb\"},\"inLanguage\":\"sk-SK\",\"potentialAction\":[{\"@type\":\"ReadAction\",\"target\":[\"https:\\\/\\\/hardnesstests.com\\\/product\\\/hvt-5vickers-hardness-tester\\\/\"]}]},{\"@type\":\"ImageObject\",\"inLanguage\":\"sk-SK\",\"@id\":\"https:\\\/\\\/hardnesstests.com\\\/product\\\/hvt-5vickers-hardness-tester\\\/#primaryimage\",\"url\":\"https:\\\/\\\/hardnesstests.com\\\/wp-content\\\/uploads\\\/2025\\\/11\\\/HVT-5-\u89e6\u6478\u5c4f\u7ef4\u6c0f\u786c\u5ea6\u8ba1.jpg\",\"contentUrl\":\"https:\\\/\\\/hardnesstests.com\\\/wp-content\\\/uploads\\\/2025\\\/11\\\/HVT-5-\u89e6\u6478\u5c4f\u7ef4\u6c0f\u786c\u5ea6\u8ba1.jpg\",\"width\":800,\"height\":800,\"caption\":\"(HVT-5)Vickers Hardness Tester\"},{\"@type\":\"BreadcrumbList\",\"@id\":\"https:\\\/\\\/hardnesstests.com\\\/product\\\/hvt-5vickers-hardness-tester\\\/#breadcrumb\",\"itemListElement\":[{\"@type\":\"ListItem\",\"position\":1,\"name\":\"\u9996\u9875\",\"item\":\"https:\\\/\\\/hardnesstests.com\\\/\"},{\"@type\":\"ListItem\",\"position\":2,\"name\":\"products\",\"item\":\"https:\\\/\\\/hardnesstests.com\\\/products\\\/\"},{\"@type\":\"ListItem\",\"position\":3,\"name\":\"(HVT-5)Vickers Hardness Tester\"}]},{\"@type\":\"WebSite\",\"@id\":\"https:\\\/\\\/hardnesstests.com\\\/tr\\\/#website\",\"url\":\"https:\\\/\\\/hardnesstests.com\\\/tr\\\/\",\"name\":\"hardnesstests\",\"description\":\"\",\"publisher\":{\"@id\":\"https:\\\/\\\/hardnesstests.com\\\/tr\\\/#organization\"},\"potentialAction\":[{\"@type\":\"SearchAction\",\"target\":{\"@type\":\"EntryPoint\",\"urlTemplate\":\"https:\\\/\\\/hardnesstests.com\\\/tr\\\/?s={search_term_string}\"},\"query-input\":{\"@type\":\"PropertyValueSpecification\",\"valueRequired\":true,\"valueName\":\"search_term_string\"}}],\"inLanguage\":\"sk-SK\"},{\"@type\":\"Organization\",\"@id\":\"https:\\\/\\\/hardnesstests.com\\\/tr\\\/#organization\",\"name\":\"hardnesstests\",\"url\":\"https:\\\/\\\/hardnesstests.com\\\/tr\\\/\",\"logo\":{\"@type\":\"ImageObject\",\"inLanguage\":\"sk-SK\",\"@id\":\"https:\\\/\\\/hardnesstests.com\\\/tr\\\/#\\\/schema\\\/logo\\\/image\\\/\",\"url\":\"https:\\\/\\\/hardnesstests.com\\\/wp-content\\\/uploads\\\/2021\\\/08\\\/\u5fae\u4fe1\u56fe\u7247_20251029102004_335_1287.png\",\"contentUrl\":\"https:\\\/\\\/hardnesstests.com\\\/wp-content\\\/uploads\\\/2021\\\/08\\\/\u5fae\u4fe1\u56fe\u7247_20251029102004_335_1287.png\",\"width\":1308,\"height\":467,\"caption\":\"hardnesstests\"},\"image\":{\"@id\":\"https:\\\/\\\/hardnesstests.com\\\/tr\\\/#\\\/schema\\\/logo\\\/image\\\/\"}}]}<\/script>\n<!-- \/ Yoast SEO Premium plugin. -->","yoast_head_json":{"title":"(HVT-5)Vickers Hardness Tester - hardnesstests","robots":{"index":"index","follow":"follow","max-snippet":"max-snippet:-1","max-image-preview":"max-image-preview:large","max-video-preview":"max-video-preview:-1"},"canonical":"https:\/\/hardnesstests.com\/sk\/produkt\/hvt-5vickers-hardness-tester\/","og_locale":"sk_SK","og_type":"article","og_title":"(HVT-5)Vickers Hardness Tester","og_description":"The Vickers hardness tester can meet the basic Vickers hardness tester test requirements, and the upgraded control system can provide more measurement data. According to the data, the control is more comprehensive and accurate, avoiding the damage of the instrument caused by manual error, and also greatly improving the efficiency. The 7-inch LCD touch screen can provide more measurement data and the control is more comprehensive and accurate.","og_url":"https:\/\/hardnesstests.com\/sk\/produkt\/hvt-5vickers-hardness-tester\/","og_site_name":"hardnesstests","og_image":[{"width":800,"height":800,"url":"https:\/\/hardnesstests.com\/wp-content\/uploads\/2025\/11\/HVT-5-\u89e6\u6478\u5c4f\u7ef4\u6c0f\u786c\u5ea6\u8ba1.jpg","type":"image\/jpeg"}],"twitter_card":"summary_large_image","twitter_misc":{"Predpokladan\u00fd \u010das \u010d\u00edtania":"3 min\u00faty"},"schema":{"@context":"https:\/\/schema.org","@graph":[{"@type":"WebPage","@id":"https:\/\/hardnesstests.com\/product\/hvt-5vickers-hardness-tester\/","url":"https:\/\/hardnesstests.com\/product\/hvt-5vickers-hardness-tester\/","name":"(HVT-5)Vickers Hardness Tester - hardnesstests","isPartOf":{"@id":"https:\/\/hardnesstests.com\/tr\/#website"},"primaryImageOfPage":{"@id":"https:\/\/hardnesstests.com\/product\/hvt-5vickers-hardness-tester\/#primaryimage"},"image":{"@id":"https:\/\/hardnesstests.com\/product\/hvt-5vickers-hardness-tester\/#primaryimage"},"thumbnailUrl":"https:\/\/hardnesstests.com\/wp-content\/uploads\/2025\/11\/HVT-5-\u89e6\u6478\u5c4f\u7ef4\u6c0f\u786c\u5ea6\u8ba1.jpg","datePublished":"2025-11-28T03:29:35+00:00","breadcrumb":{"@id":"https:\/\/hardnesstests.com\/product\/hvt-5vickers-hardness-tester\/#breadcrumb"},"inLanguage":"sk-SK","potentialAction":[{"@type":"ReadAction","target":["https:\/\/hardnesstests.com\/product\/hvt-5vickers-hardness-tester\/"]}]},{"@type":"ImageObject","inLanguage":"sk-SK","@id":"https:\/\/hardnesstests.com\/product\/hvt-5vickers-hardness-tester\/#primaryimage","url":"https:\/\/hardnesstests.com\/wp-content\/uploads\/2025\/11\/HVT-5-\u89e6\u6478\u5c4f\u7ef4\u6c0f\u786c\u5ea6\u8ba1.jpg","contentUrl":"https:\/\/hardnesstests.com\/wp-content\/uploads\/2025\/11\/HVT-5-\u89e6\u6478\u5c4f\u7ef4\u6c0f\u786c\u5ea6\u8ba1.jpg","width":800,"height":800,"caption":"(HVT-5)Vickers Hardness Tester"},{"@type":"BreadcrumbList","@id":"https:\/\/hardnesstests.com\/product\/hvt-5vickers-hardness-tester\/#breadcrumb","itemListElement":[{"@type":"ListItem","position":1,"name":"\u9996\u9875","item":"https:\/\/hardnesstests.com\/"},{"@type":"ListItem","position":2,"name":"products","item":"https:\/\/hardnesstests.com\/products\/"},{"@type":"ListItem","position":3,"name":"(HVT-5)Vickers Hardness Tester"}]},{"@type":"WebSite","@id":"https:\/\/hardnesstests.com\/tr\/#website","url":"https:\/\/hardnesstests.com\/tr\/","name":"hardnesstests","description":"","publisher":{"@id":"https:\/\/hardnesstests.com\/tr\/#organization"},"potentialAction":[{"@type":"SearchAction","target":{"@type":"EntryPoint","urlTemplate":"https:\/\/hardnesstests.com\/tr\/?s={search_term_string}"},"query-input":{"@type":"PropertyValueSpecification","valueRequired":true,"valueName":"search_term_string"}}],"inLanguage":"sk-SK"},{"@type":"Organization","@id":"https:\/\/hardnesstests.com\/tr\/#organization","name":"hardnesstests","url":"https:\/\/hardnesstests.com\/tr\/","logo":{"@type":"ImageObject","inLanguage":"sk-SK","@id":"https:\/\/hardnesstests.com\/tr\/#\/schema\/logo\/image\/","url":"https:\/\/hardnesstests.com\/wp-content\/uploads\/2021\/08\/\u5fae\u4fe1\u56fe\u7247_20251029102004_335_1287.png","contentUrl":"https:\/\/hardnesstests.com\/wp-content\/uploads\/2021\/08\/\u5fae\u4fe1\u56fe\u7247_20251029102004_335_1287.png","width":1308,"height":467,"caption":"hardnesstests"},"image":{"@id":"https:\/\/hardnesstests.com\/tr\/#\/schema\/logo\/image\/"}}]}},"_links":{"self":[{"href":"https:\/\/hardnesstests.com\/sk\/wp-json\/wp\/v2\/product\/29984","targetHints":{"allow":["GET"]}}],"collection":[{"href":"https:\/\/hardnesstests.com\/sk\/wp-json\/wp\/v2\/product"}],"about":[{"href":"https:\/\/hardnesstests.com\/sk\/wp-json\/wp\/v2\/types\/product"}],"replies":[{"embeddable":true,"href":"https:\/\/hardnesstests.com\/sk\/wp-json\/wp\/v2\/comments?post=29984"}],"version-history":[{"count":1,"href":"https:\/\/hardnesstests.com\/sk\/wp-json\/wp\/v2\/product\/29984\/revisions"}],"predecessor-version":[{"id":29986,"href":"https:\/\/hardnesstests.com\/sk\/wp-json\/wp\/v2\/product\/29984\/revisions\/29986"}],"wp:featuredmedia":[{"embeddable":true,"href":"https:\/\/hardnesstests.com\/sk\/wp-json\/wp\/v2\/media\/29985"}],"wp:attachment":[{"href":"https:\/\/hardnesstests.com\/sk\/wp-json\/wp\/v2\/media?parent=29984"}],"wp:term":[{"taxonomy":"product_brand","embeddable":true,"href":"https:\/\/hardnesstests.com\/sk\/wp-json\/wp\/v2\/product_brand?post=29984"},{"taxonomy":"product_cat","embeddable":true,"href":"https:\/\/hardnesstests.com\/sk\/wp-json\/wp\/v2\/product_cat?post=29984"},{"taxonomy":"product_tag","embeddable":true,"href":"https:\/\/hardnesstests.com\/sk\/wp-json\/wp\/v2\/product_tag?post=29984"}],"curies":[{"name":"wp","href":"https:\/\/api.w.org\/{rel}","templated":true}]}}