{"id":29926,"date":"2025-11-28T02:45:18","date_gmt":"2025-11-28T02:45:18","guid":{"rendered":"https:\/\/hardnesstests.com\/?post_type=product&#038;p=29926"},"modified":"2025-11-28T02:45:18","modified_gmt":"2025-11-28T02:45:18","slug":"hv-5","status":"publish","type":"product","link":"https:\/\/hardnesstests.com\/sk\/produkt\/hv-5\/","title":{"rendered":"HV-5"},"content":{"rendered":"<h1 style=\"font-weight: 400;\"><strong>Hlavn\u00e9 funkcie a vlastnosti:<\/strong><\/h1>\n<ol>\n<li style=\"font-weight: 400;\">Optick\u00fd syst\u00e9m navrhnut\u00fd \u0161pi\u010dkov\u00fdmi optick\u00fdmi in\u017einiermi m\u00e1 nielen jasn\u00fd obraz, ale d\u00e1 sa pou\u017e\u00edva\u0165 aj ako jednoduch\u00fd mikroskop s nastavite\u013en\u00fdm jasom a pohodln\u00fdm viden\u00edm.<\/li>\n<li style=\"font-weight: 400;\">Na priemyselnom displeji mo\u017eno vizu\u00e1lne zobrazi\u0165 hodnotu tvrdosti, previes\u0165 tvrdos\u0165, testovaciu met\u00f3du, testovaciu silu, \u010das nab\u00edjania a po\u010det meran\u00ed a intuit\u00edvne pochopi\u0165 proces testovania.<\/li>\n<li style=\"font-weight: 400;\">Odlievan\u00fd hlin\u00edkov\u00fd pl\u00e1\u0161\u0165, \u0161trukt\u00fara je stabiln\u00e1 a nedeformuje sa, vysokokvalitn\u00fd automobilov\u00fd lak, schopnos\u0165 proti po\u0161kriabaniu, pou\u017eitie po mnoho rokov je st\u00e1le jasn\u00e9 ako nov\u00e9;<\/li>\n<\/ol>\n<ol start=\"4\">\n<li style=\"font-weight: 400;\">Na\u0161a spolo\u010dnos\u0165 m\u00e1 vlastn\u00e9 kapacity v oblasti v\u00fdskumu a v\u00fdvoja, v\u00fdroby a spracovania. Na\u0161e stroje poskytuj\u00fa slu\u017eby v\u00fdmeny dielov a moderniz\u00e1cie \u00fadr\u017eby po cel\u00fa dobu \u017eivotnosti.<\/li>\n<li style=\"font-weight: 400;\">Pri modeloch HV-5Z je mo\u017en\u00e9 dosiahnu\u0165: pozorovanie - test - meranie polohov\u00e9ho sp\u00edna\u010da pomocou automatickej ve\u017ee<\/li>\n<\/ol>\n<h1 style=\"font-weight: 400;\"><strong>Hlavn\u00fd \u00fa\u010del a rozsah pou\u017eitia:<\/strong><\/h1>\n<ol>\n<li style=\"font-weight: 400;\">\u017delezo a oce\u013e, ne\u017eelezn\u00e9 kovy, kovov\u00e9 f\u00f3lie, tvrd\u00e9 zliatiny, kovov\u00e9 plechy, mikro\u0161trukt\u00fary<\/li>\n<li style=\"font-weight: 400;\">Uhli\u010denie, nitridovanie a oduhli\u010denie vrstiev, povrchovo kalen\u00e1 vrstva, pokovovanie vrstvy, povlak<\/li>\n<li style=\"font-weight: 400;\">sklo, do\u0161ti\u010dky, keramick\u00e9 materi\u00e1ly, karboniz\u00e1cia;<\/li>\n<\/ol>\n<h1 style=\"font-weight: 400;\"><strong>T<\/strong><strong>Technick\u00e9 parametre:<\/strong><\/h1>\n<table style=\"font-weight: 400;\" width=\"580\">\n<tbody>\n<tr>\n<td width=\"259\">n\u00e1zov parametra<\/td>\n<td width=\"322\">\u00dadaje o parametroch<\/td>\n<\/tr>\n<tr>\n<td width=\"259\">Vickersova stupnica tvrdosti<\/td>\n<td width=\"322\">HV0.3,HV0.5,HV1.0,HV2.0,HV3.0,HV5.0<\/td>\n<\/tr>\n<tr>\n<td width=\"259\">zobrazenie<\/td>\n<td width=\"322\">5-miestna hodnota tvrdosti, 4-miestna d\u013a\u017eka uhloprie\u010dky (D1, D2),<\/p>\n<p>\u010cas podr\u017eania, po\u010det testov, priemer, \u0161tandardn\u00e1 odch\u00fdlka, n\u00e1vratnos\u0165<\/td>\n<\/tr>\n<tr>\n<td width=\"259\">Sk\u00fa\u0161obn\u00e1 sila (Kgf)<\/td>\n<td width=\"322\">0.3,0.5,1.0,2.0,3.0,5.0<\/td>\n<\/tr>\n<tr>\n<td width=\"259\">Kontrola nakladania<\/td>\n<td width=\"322\">Automatick\u00e9 (na\u010d\u00edtanie\/podr\u017eanie\/odin\u0161talovanie)<\/td>\n<\/tr>\n<tr>\n<td width=\"259\">\u010cas udr\u017eania sk\u00fa\u0161obnej sily (s)<\/td>\n<td width=\"322\">1\uff5e99<\/td>\n<\/tr>\n<tr>\n<td width=\"259\">Optick\u00fd kan\u00e1l<\/td>\n<td width=\"322\">Dva sveteln\u00e9 kan\u00e1ly (okul\u00e1re a kan\u00e1ly CCD kamery)<\/td>\n<\/tr>\n<tr>\n<td width=\"259\">Optick\u00fd syst\u00e9m<\/td>\n<td width=\"322\">Ciele: 10\u00d7, 20\u00d7 (prisp\u00f4sobite\u013en\u00e9 40\u00d7)<\/p>\n<p>Zv\u00e4\u010d\u0161enie okul\u00e1ra: 10\u00d7<\/p>\n<p>Celkov\u00e9 zv\u00e4\u010d\u0161enie (\u03bcm): 100\u00d7, 200\u00d7<\/p>\n<p>Rozsah merania: 800 \u03bcm 400 \u03bcm<\/p>\n<p>Rozl\u00ed\u0161enie :1\u03bcm 0,5\u03bcm<\/td>\n<\/tr>\n<tr>\n<td width=\"259\">Rozsah merania tvrdosti<\/td>\n<td width=\"322\">(5-3000)HV<\/td>\n<\/tr>\n<tr>\n<td width=\"259\">Testovac\u00ed stojan XY (volite\u013en\u00fd)<\/td>\n<td width=\"322\">Ve\u013ekos\u0165 (mm): 100\u00d7100<\/p>\n<p>Rozsah pohybu (mm): 25\u00d725<\/p>\n<p>Minim\u00e1lna hodnota (mm): 0.01<\/td>\n<\/tr>\n<tr>\n<td width=\"259\">Maxim\u00e1lna v\u00fd\u0161ka vzorky (mm)<\/td>\n<td width=\"322\">165<\/td>\n<\/tr>\n<tr>\n<td width=\"259\">Maxim\u00e1lna \u0161\u00edrka vzorky (mm)<\/td>\n<td width=\"322\">130 (vzdialenos\u0165 od osi hrotu k stene)<\/td>\n<\/tr>\n<tr>\n<td width=\"259\">V\u00fdkonn\u00fd \u0161tandard<\/td>\n<td width=\"322\">GB\/T4340.2 \u010c\u00ednska norma (GB\/T4340.2 Chinese Standard),<\/p>\n<p>Pravidlo kontroly JJG151 (Pravidlo kontroly JJG151)<\/td>\n<\/tr>\n<tr>\n<td width=\"259\">nap\u00e4tie<\/td>\n<td width=\"322\">AC220V\/50HZ<\/td>\n<\/tr>\n<tr>\n<td width=\"259\">Celkov\u00e1 ve\u013ekos\u0165 (mm)<\/td>\n<td width=\"322\">585\u00d7200\u00d7630<\/td>\n<\/tr>\n<tr>\n<td width=\"259\">Hmotnos\u0165 (kg)<\/td>\n<td width=\"322\">42<\/td>\n<\/tr>\n<\/tbody>\n<\/table>\n<h1 style=\"font-weight: 400;\"><strong>\u0160tandardn\u00e1 konfigur\u00e1cia<\/strong><\/h1>\n<table style=\"font-weight: 400;\">\n<tbody>\n<tr>\n<td width=\"277\">Hostite\u013esk\u00fd po\u010d\u00edta\u010d<\/td>\n<td width=\"277\">1<\/td>\n<\/tr>\n<tr>\n<td width=\"277\">Hmotnos\u0165<\/td>\n<td width=\"277\">3<\/td>\n<\/tr>\n<tr>\n<td width=\"277\">Platforma na kr\u00ed\u017eov\u00e9 meranie<\/td>\n<td width=\"277\">1<\/td>\n<\/tr>\n<tr>\n<td width=\"277\">Ploch\u00fd up\u00ednac\u00ed st\u00f4l<\/td>\n<td width=\"277\">1<\/td>\n<\/tr>\n<tr>\n<td width=\"277\">Horizont\u00e1lna nastavovacia skrutka<\/td>\n<td width=\"277\">4<\/td>\n<\/tr>\n<tr>\n<td width=\"277\">Nap\u00e1jac\u00ed k\u00e1bel<\/td>\n<td width=\"277\">1<\/td>\n<\/tr>\n<tr>\n<td width=\"277\">10x okul\u00e1r digit\u00e1lneho mikroskopu<\/td>\n<td width=\"277\">1<\/td>\n<\/tr>\n<tr>\n<td width=\"277\">Blok tvrdosti pod\u013ea Vickersa<\/td>\n<td width=\"277\">2<\/td>\n<\/tr>\n<tr>\n<td width=\"277\">N\u00e1hradn\u00e1 poistka 2A<\/td>\n<td width=\"277\">2<\/td>\n<\/tr>\n<tr>\n<td width=\"277\">Certifik\u00e1t v\u00fdrobku<\/td>\n<td width=\"277\">1<\/td>\n<\/tr>\n<tr>\n<td width=\"277\">N\u00e1vod na pou\u017eitie<\/td>\n<td width=\"277\">1<\/td>\n<\/tr>\n<\/tbody>\n<\/table>\n<p style=\"font-weight: 400;\">Pozn\u00e1mky: Volite\u013en\u00fd softv\u00e9r na meranie tvrdosti, elimin\u00e1cia \u013eudskej chyby, ovl\u00e1danie po\u010d\u00edta\u010da, zv\u00fd\u0161enie efekt\u00edvnosti, presnos\u0165 je presnej\u0161ia.<\/p>","protected":false},"excerpt":{"rendered":"<p>Automatick\u00fd Vickersov tester tvrdosti je high-tech v\u00fdrobok elektromechanickej a elektromechanickej integr\u00e1cie. Tvrdomer m\u00e1 nov\u00fa kon\u0161trukciu, dobr\u00fa spo\u013eahlivos\u0165, ovl\u00e1date\u013enos\u0165 a opakovate\u013enos\u0165 a je ide\u00e1lnym v\u00fdrobkom na testovanie tvrdosti pod\u013ea Vickersa. Stroj vyu\u017e\u00edva po\u010d\u00edta\u010dov\u00fd softv\u00e9r na programovanie, optick\u00fd merac\u00ed syst\u00e9m. Prostredn\u00edctvom softv\u00e9rov\u00e9ho kl\u00e1vesov\u00e9ho vstupu mo\u017eno vybra\u0165 meranie Vickersovej a Knoopovej tvrdosti, nastavi\u0165 intenzitu meracieho sveteln\u00e9ho zdroja, zvoli\u0165 \u010das nab\u00edjania, na LCD displeji zobrazi\u0165 sk\u00fa\u0161obn\u00fa met\u00f3du a sk\u00fa\u0161obn\u00fa silu a prostredn\u00edctvom panelov\u00e9ho vstupu mo\u017eno mera\u0165 dvojicu odtla\u010dkov. D\u013a\u017eka rohovej \u010diary a obrazovka priamo od\u010d\u00edtaj\u00fa hodnotu tvrdosti, \u010do zjednodu\u0161uje kontrolu tabu\u013eky. Jednoduch\u00e9 pou\u017e\u00edvanie, vysok\u00e1 presnos\u0165 merania.<\/p>","protected":false},"featured_media":29927,"comment_status":"open","ping_status":"closed","template":"","meta":[],"product_brand":[],"product_cat":[70,72],"product_tag":[113],"class_list":{"0":"post-29926","1":"product","2":"type-product","3":"status-publish","4":"has-post-thumbnail","6":"product_cat-hardness-tester","7":"product_cat-vickers-hardness-tester","8":"product_tag-vickers-hardness-tester","10":"first","11":"instock","12":"shipping-taxable","13":"product-type-simple"},"yoast_head":"<!-- This site is optimized with the Yoast SEO Premium plugin v25.4 (Yoast SEO v27.4) - https:\/\/yoast.com\/product\/yoast-seo-premium-wordpress\/ -->\n<title>HV-5 - hardnesstests<\/title>\n<meta name=\"robots\" content=\"index, follow, max-snippet:-1, max-image-preview:large, max-video-preview:-1\" \/>\n<link rel=\"canonical\" href=\"https:\/\/hardnesstests.com\/sk\/produkt\/hv-5\/\" \/>\n<meta property=\"og:locale\" content=\"sk_SK\" \/>\n<meta property=\"og:type\" content=\"article\" \/>\n<meta property=\"og:title\" content=\"HV-5\" \/>\n<meta property=\"og:description\" content=\"The automatic turret-type Vickers hardness tester is a high-tech product of electromechanical and electromechanical integration. The hardness tester is novel in design, has good reliability, operability, and repeatability and is an ideal product for testing Vickers hardness. The machine uses computer software programming, optical measurement system. Through the soft key input, the measurement of Vickers and Knoop hardness can be selected, the intensity of the measuring light source can be adjusted, the time of charge can be selected, the test method and test force can be displayed on the LCD display, and the indentation pair can be measured through the panel input. The length of the corner line and the screen directly read the hardness value, making it simple to check the table. Easy to use, high measurement accuracy.\" \/>\n<meta property=\"og:url\" content=\"https:\/\/hardnesstests.com\/sk\/produkt\/hv-5\/\" \/>\n<meta property=\"og:site_name\" content=\"hardnesstests\" \/>\n<meta property=\"og:image\" content=\"https:\/\/hardnesstests.com\/wp-content\/uploads\/2025\/11\/HV-5\u624b\u52a8\u8f6c\u5854\u7ef4\u6c0f\u786c\u5ea6\u8ba1.jpg\" \/>\n\t<meta property=\"og:image:width\" content=\"800\" \/>\n\t<meta property=\"og:image:height\" content=\"800\" \/>\n\t<meta property=\"og:image:type\" content=\"image\/jpeg\" \/>\n<meta name=\"twitter:card\" content=\"summary_large_image\" \/>\n<meta name=\"twitter:label1\" content=\"Predpokladan\u00fd \u010das \u010d\u00edtania\" \/>\n\t<meta name=\"twitter:data1\" content=\"2 min\u00faty\" \/>\n<script type=\"application\/ld+json\" class=\"yoast-schema-graph\">{\"@context\":\"https:\\\/\\\/schema.org\",\"@graph\":[{\"@type\":\"WebPage\",\"@id\":\"https:\\\/\\\/hardnesstests.com\\\/product\\\/hv-5\\\/\",\"url\":\"https:\\\/\\\/hardnesstests.com\\\/product\\\/hv-5\\\/\",\"name\":\"HV-5 - hardnesstests\",\"isPartOf\":{\"@id\":\"https:\\\/\\\/hardnesstests.com\\\/tr\\\/#website\"},\"primaryImageOfPage\":{\"@id\":\"https:\\\/\\\/hardnesstests.com\\\/product\\\/hv-5\\\/#primaryimage\"},\"image\":{\"@id\":\"https:\\\/\\\/hardnesstests.com\\\/product\\\/hv-5\\\/#primaryimage\"},\"thumbnailUrl\":\"https:\\\/\\\/hardnesstests.com\\\/wp-content\\\/uploads\\\/2025\\\/11\\\/HV-5\u624b\u52a8\u8f6c\u5854\u7ef4\u6c0f\u786c\u5ea6\u8ba1.jpg\",\"datePublished\":\"2025-11-28T02:45:18+00:00\",\"breadcrumb\":{\"@id\":\"https:\\\/\\\/hardnesstests.com\\\/product\\\/hv-5\\\/#breadcrumb\"},\"inLanguage\":\"sk-SK\",\"potentialAction\":[{\"@type\":\"ReadAction\",\"target\":[\"https:\\\/\\\/hardnesstests.com\\\/product\\\/hv-5\\\/\"]}]},{\"@type\":\"ImageObject\",\"inLanguage\":\"sk-SK\",\"@id\":\"https:\\\/\\\/hardnesstests.com\\\/product\\\/hv-5\\\/#primaryimage\",\"url\":\"https:\\\/\\\/hardnesstests.com\\\/wp-content\\\/uploads\\\/2025\\\/11\\\/HV-5\u624b\u52a8\u8f6c\u5854\u7ef4\u6c0f\u786c\u5ea6\u8ba1.jpg\",\"contentUrl\":\"https:\\\/\\\/hardnesstests.com\\\/wp-content\\\/uploads\\\/2025\\\/11\\\/HV-5\u624b\u52a8\u8f6c\u5854\u7ef4\u6c0f\u786c\u5ea6\u8ba1.jpg\",\"width\":800,\"height\":800,\"caption\":\"HV-5\"},{\"@type\":\"BreadcrumbList\",\"@id\":\"https:\\\/\\\/hardnesstests.com\\\/product\\\/hv-5\\\/#breadcrumb\",\"itemListElement\":[{\"@type\":\"ListItem\",\"position\":1,\"name\":\"\u9996\u9875\",\"item\":\"https:\\\/\\\/hardnesstests.com\\\/\"},{\"@type\":\"ListItem\",\"position\":2,\"name\":\"products\",\"item\":\"https:\\\/\\\/hardnesstests.com\\\/products\\\/\"},{\"@type\":\"ListItem\",\"position\":3,\"name\":\"HV-5\"}]},{\"@type\":\"WebSite\",\"@id\":\"https:\\\/\\\/hardnesstests.com\\\/tr\\\/#website\",\"url\":\"https:\\\/\\\/hardnesstests.com\\\/tr\\\/\",\"name\":\"hardnesstests\",\"description\":\"\",\"publisher\":{\"@id\":\"https:\\\/\\\/hardnesstests.com\\\/tr\\\/#organization\"},\"potentialAction\":[{\"@type\":\"SearchAction\",\"target\":{\"@type\":\"EntryPoint\",\"urlTemplate\":\"https:\\\/\\\/hardnesstests.com\\\/tr\\\/?s={search_term_string}\"},\"query-input\":{\"@type\":\"PropertyValueSpecification\",\"valueRequired\":true,\"valueName\":\"search_term_string\"}}],\"inLanguage\":\"sk-SK\"},{\"@type\":\"Organization\",\"@id\":\"https:\\\/\\\/hardnesstests.com\\\/tr\\\/#organization\",\"name\":\"hardnesstests\",\"url\":\"https:\\\/\\\/hardnesstests.com\\\/tr\\\/\",\"logo\":{\"@type\":\"ImageObject\",\"inLanguage\":\"sk-SK\",\"@id\":\"https:\\\/\\\/hardnesstests.com\\\/tr\\\/#\\\/schema\\\/logo\\\/image\\\/\",\"url\":\"https:\\\/\\\/hardnesstests.com\\\/wp-content\\\/uploads\\\/2021\\\/08\\\/\u5fae\u4fe1\u56fe\u7247_20251029102004_335_1287.png\",\"contentUrl\":\"https:\\\/\\\/hardnesstests.com\\\/wp-content\\\/uploads\\\/2021\\\/08\\\/\u5fae\u4fe1\u56fe\u7247_20251029102004_335_1287.png\",\"width\":1308,\"height\":467,\"caption\":\"hardnesstests\"},\"image\":{\"@id\":\"https:\\\/\\\/hardnesstests.com\\\/tr\\\/#\\\/schema\\\/logo\\\/image\\\/\"}}]}<\/script>\n<!-- \/ Yoast SEO Premium plugin. -->","yoast_head_json":{"title":"HV-5 - hardnesstests","robots":{"index":"index","follow":"follow","max-snippet":"max-snippet:-1","max-image-preview":"max-image-preview:large","max-video-preview":"max-video-preview:-1"},"canonical":"https:\/\/hardnesstests.com\/sk\/produkt\/hv-5\/","og_locale":"sk_SK","og_type":"article","og_title":"HV-5","og_description":"The automatic turret-type Vickers hardness tester is a high-tech product of electromechanical and electromechanical integration. The hardness tester is novel in design, has good reliability, operability, and repeatability and is an ideal product for testing Vickers hardness. The machine uses computer software programming, optical measurement system. Through the soft key input, the measurement of Vickers and Knoop hardness can be selected, the intensity of the measuring light source can be adjusted, the time of charge can be selected, the test method and test force can be displayed on the LCD display, and the indentation pair can be measured through the panel input. The length of the corner line and the screen directly read the hardness value, making it simple to check the table. Easy to use, high measurement accuracy.","og_url":"https:\/\/hardnesstests.com\/sk\/produkt\/hv-5\/","og_site_name":"hardnesstests","og_image":[{"width":800,"height":800,"url":"https:\/\/hardnesstests.com\/wp-content\/uploads\/2025\/11\/HV-5\u624b\u52a8\u8f6c\u5854\u7ef4\u6c0f\u786c\u5ea6\u8ba1.jpg","type":"image\/jpeg"}],"twitter_card":"summary_large_image","twitter_misc":{"Predpokladan\u00fd \u010das \u010d\u00edtania":"2 min\u00faty"},"schema":{"@context":"https:\/\/schema.org","@graph":[{"@type":"WebPage","@id":"https:\/\/hardnesstests.com\/product\/hv-5\/","url":"https:\/\/hardnesstests.com\/product\/hv-5\/","name":"HV-5 - hardnesstests","isPartOf":{"@id":"https:\/\/hardnesstests.com\/tr\/#website"},"primaryImageOfPage":{"@id":"https:\/\/hardnesstests.com\/product\/hv-5\/#primaryimage"},"image":{"@id":"https:\/\/hardnesstests.com\/product\/hv-5\/#primaryimage"},"thumbnailUrl":"https:\/\/hardnesstests.com\/wp-content\/uploads\/2025\/11\/HV-5\u624b\u52a8\u8f6c\u5854\u7ef4\u6c0f\u786c\u5ea6\u8ba1.jpg","datePublished":"2025-11-28T02:45:18+00:00","breadcrumb":{"@id":"https:\/\/hardnesstests.com\/product\/hv-5\/#breadcrumb"},"inLanguage":"sk-SK","potentialAction":[{"@type":"ReadAction","target":["https:\/\/hardnesstests.com\/product\/hv-5\/"]}]},{"@type":"ImageObject","inLanguage":"sk-SK","@id":"https:\/\/hardnesstests.com\/product\/hv-5\/#primaryimage","url":"https:\/\/hardnesstests.com\/wp-content\/uploads\/2025\/11\/HV-5\u624b\u52a8\u8f6c\u5854\u7ef4\u6c0f\u786c\u5ea6\u8ba1.jpg","contentUrl":"https:\/\/hardnesstests.com\/wp-content\/uploads\/2025\/11\/HV-5\u624b\u52a8\u8f6c\u5854\u7ef4\u6c0f\u786c\u5ea6\u8ba1.jpg","width":800,"height":800,"caption":"HV-5"},{"@type":"BreadcrumbList","@id":"https:\/\/hardnesstests.com\/product\/hv-5\/#breadcrumb","itemListElement":[{"@type":"ListItem","position":1,"name":"\u9996\u9875","item":"https:\/\/hardnesstests.com\/"},{"@type":"ListItem","position":2,"name":"products","item":"https:\/\/hardnesstests.com\/products\/"},{"@type":"ListItem","position":3,"name":"HV-5"}]},{"@type":"WebSite","@id":"https:\/\/hardnesstests.com\/tr\/#website","url":"https:\/\/hardnesstests.com\/tr\/","name":"hardnesstests","description":"","publisher":{"@id":"https:\/\/hardnesstests.com\/tr\/#organization"},"potentialAction":[{"@type":"SearchAction","target":{"@type":"EntryPoint","urlTemplate":"https:\/\/hardnesstests.com\/tr\/?s={search_term_string}"},"query-input":{"@type":"PropertyValueSpecification","valueRequired":true,"valueName":"search_term_string"}}],"inLanguage":"sk-SK"},{"@type":"Organization","@id":"https:\/\/hardnesstests.com\/tr\/#organization","name":"hardnesstests","url":"https:\/\/hardnesstests.com\/tr\/","logo":{"@type":"ImageObject","inLanguage":"sk-SK","@id":"https:\/\/hardnesstests.com\/tr\/#\/schema\/logo\/image\/","url":"https:\/\/hardnesstests.com\/wp-content\/uploads\/2021\/08\/\u5fae\u4fe1\u56fe\u7247_20251029102004_335_1287.png","contentUrl":"https:\/\/hardnesstests.com\/wp-content\/uploads\/2021\/08\/\u5fae\u4fe1\u56fe\u7247_20251029102004_335_1287.png","width":1308,"height":467,"caption":"hardnesstests"},"image":{"@id":"https:\/\/hardnesstests.com\/tr\/#\/schema\/logo\/image\/"}}]}},"_links":{"self":[{"href":"https:\/\/hardnesstests.com\/sk\/wp-json\/wp\/v2\/product\/29926","targetHints":{"allow":["GET"]}}],"collection":[{"href":"https:\/\/hardnesstests.com\/sk\/wp-json\/wp\/v2\/product"}],"about":[{"href":"https:\/\/hardnesstests.com\/sk\/wp-json\/wp\/v2\/types\/product"}],"replies":[{"embeddable":true,"href":"https:\/\/hardnesstests.com\/sk\/wp-json\/wp\/v2\/comments?post=29926"}],"version-history":[{"count":1,"href":"https:\/\/hardnesstests.com\/sk\/wp-json\/wp\/v2\/product\/29926\/revisions"}],"predecessor-version":[{"id":29928,"href":"https:\/\/hardnesstests.com\/sk\/wp-json\/wp\/v2\/product\/29926\/revisions\/29928"}],"wp:featuredmedia":[{"embeddable":true,"href":"https:\/\/hardnesstests.com\/sk\/wp-json\/wp\/v2\/media\/29927"}],"wp:attachment":[{"href":"https:\/\/hardnesstests.com\/sk\/wp-json\/wp\/v2\/media?parent=29926"}],"wp:term":[{"taxonomy":"product_brand","embeddable":true,"href":"https:\/\/hardnesstests.com\/sk\/wp-json\/wp\/v2\/product_brand?post=29926"},{"taxonomy":"product_cat","embeddable":true,"href":"https:\/\/hardnesstests.com\/sk\/wp-json\/wp\/v2\/product_cat?post=29926"},{"taxonomy":"product_tag","embeddable":true,"href":"https:\/\/hardnesstests.com\/sk\/wp-json\/wp\/v2\/product_tag?post=29926"}],"curies":[{"name":"wp","href":"https:\/\/api.w.org\/{rel}","templated":true}]}}