{"id":29913,"date":"2025-11-28T02:02:35","date_gmt":"2025-11-28T02:02:35","guid":{"rendered":"https:\/\/hardnesstests.com\/?post_type=product&#038;p=29913"},"modified":"2025-11-28T02:02:36","modified_gmt":"2025-11-28T02:02:36","slug":"hvt-1000ztouch-screen-micro-hardness-tester","status":"publish","type":"product","link":"https:\/\/hardnesstests.com\/sk\/produkt\/hvt-1000ztouch-screen-micro-hardness-tester\/","title":{"rendered":"(HVT-1000Z) Tester mikro tvrdosti s dotykovou obrazovkou"},"content":{"rendered":"<h1 style=\"font-weight: 400;\"><strong>Hlavn\u00e9 funkcie a vlastnosti:<\/strong><\/h1>\n<ol>\n<li style=\"font-weight: 400;\">The optical system designed by senior optical engineers not only has clear images, but also can be used as a simple microscope. The brightness is adjustable, the vision is comfortable, and it is not easy to fatigue for a long time operation.<\/li>\n<li style=\"font-weight: 400;\">The 7-inch LCD touch screen can display the hardness value, converted hardness, test method, test force, brightness, holding time, measurement times, statistical data, upper and lower limits measurement range, test time and other test processes intuitively;<\/li>\n<li style=\"font-weight: 400;\">Syst\u00e9m je vybaven\u00fd kalibra\u010dnou funkciou, ktor\u00e1 dok\u00e1\u017ee manu\u00e1lne nastavi\u0165 vstupn\u00fa chybu kalibra\u010dn\u00e9ho pr\u00edstroja;<\/li>\n<li style=\"font-weight: 400;\">Adjustable range of optical system brightness: 0-100;<\/li>\n<li style=\"font-weight: 400;\">can store up to 100 sets of test data;<\/li>\n<\/ol>\n<ol start=\"6\">\n<li style=\"font-weight: 400;\">The unit of test force can be selected and converted manually. The conversion unit is: (Kgf, N)<\/li>\n<li style=\"font-weight: 400;\">can display simultaneously: maximum, minimum, average, maximum error, sample difference;<\/li>\n<\/ol>\n<ol start=\"8\">\n<li style=\"font-weight: 400;\">The main interface can display 4 conversion scales at the same time and can be switched: national standards, American standards and international standards. A total of 18 measurement scales can be converted: HRA, HRB, HRC, HRD, HRE, HRF, HRG, HRH, HRK , HR15N, HR30N, HR45N, HR15T, HR30T, HR45T, HV, HK, HBW;<\/li>\n<li style=\"font-weight: 400;\">Rozsah merania hornej a dolnej hranice je mo\u017en\u00e9 nastavi\u0165 a zobrazi\u0165 na hlavnom rozhran\u00ed merania;<\/li>\n<li style=\"font-weight: 400;\">Meracia stupnica sa d\u00e1 prepo\u010d\u00edta\u0165 na tvrdos\u0165 HK Knoop;<\/li>\n<li style=\"font-weight: 400;\">Opera\u010dn\u00fd syst\u00e9m je mo\u017en\u00e9 konvertova\u0165 medzi \u010d\u00edn\u0161tinou a angli\u010dtinou;<\/li>\n<li style=\"font-weight: 400;\">optional built-in printer, test data can also be exported to U disk via USB for analysis;<\/li>\n<li style=\"font-weight: 400;\">HVT-1000Z models can be realized: observation-test-measurement position switching is completed by the automatic turret<\/li>\n<\/ol>\n<ol start=\"14\">\n<li style=\"font-weight: 400;\">The primary molding structure of the cast aluminum shell is stable and not deformed. The pure white car paint has a high grade and strong scratch resistance. It is still bright as new after years of use;<\/li>\n<li style=\"font-weight: 400;\">Our company has the capability of independent research and development, design, production and processing, and our machine provides parts replacement and maintenance upgrade services for life;<\/li>\n<\/ol>\n<h1 style=\"font-weight: 400;\"><strong>Hlavn\u00fd \u00fa\u010del a rozsah pou\u017eitia:<\/strong><\/h1>\n<ol>\n<li style=\"font-weight: 400;\">\u017delezo a oce\u013e, ne\u017eelezn\u00e9 kovy, kovov\u00e9 f\u00f3lie, tvrd\u00e9 zliatiny, kovov\u00e9 plechy, mikro\u0161trukt\u00fary<\/li>\n<li style=\"font-weight: 400;\">Uhli\u010dovanie, nitridovanie a oduhli\u010dovanie vrstiev, vrstvy povrchov\u00e9ho kalenia, pokovovanie, povlaky<\/li>\n<li style=\"font-weight: 400;\">Glass, wafer<\/li>\n<\/ol>\n<h1 style=\"font-weight: 400;\"><strong>Technick\u00e9 parametre:<\/strong><\/h1>\n<table style=\"font-weight: 400;\" width=\"591\">\n<tbody>\n<tr>\n<td width=\"213\">N\u00e1zov parametra<\/td>\n<td width=\"379\">\u00dadaje o parametroch<\/td>\n<\/tr>\n<tr>\n<td width=\"213\">Stupnica mikrotvrdosti<\/td>\n<td width=\"379\">HV0.01,HV0.025,HV0.05,HV0.1,HV0.2,HV0.3,HV0.5,HV1<\/td>\n<\/tr>\n<tr>\n<td width=\"213\">Zobrazenie<\/td>\n<td width=\"379\">7-inch LCD touch screen<\/td>\n<\/tr>\n<tr>\n<td width=\"213\">Sk\u00fa\u0161obn\u00e1 sila (gf)<\/td>\n<td width=\"379\">10,25,50,100,200,300,500,1000<\/td>\n<\/tr>\n<tr>\n<td width=\"213\">Kontrola nakladania<\/td>\n<td width=\"379\">Automatick\u00e9 (na\u010d\u00edtanie\/podr\u017eanie\/odin\u0161talovanie)<\/td>\n<\/tr>\n<tr>\n<td width=\"213\">\u010cas udr\u017eania sk\u00fa\u0161obnej sily (s)<\/td>\n<td width=\"379\">5 to 60<\/td>\n<\/tr>\n<tr>\n<td width=\"213\">V\u00fdber testovacej sily<\/td>\n<td width=\"379\">Ovl\u00e1da\u010d vo\u013eby externej sily, testovacia sila sa automaticky zobraz\u00ed na 7-palcovom LCD dotykovom displeji<\/td>\n<\/tr>\n<tr>\n<td width=\"213\">Objekt\u00edvne zv\u00e4\u010d\u0161enie<\/td>\n<td width=\"379\">10\u00d7, 40\u00d7<\/td>\n<\/tr>\n<tr>\n<td width=\"213\">Optick\u00fd kan\u00e1l<\/td>\n<td width=\"379\">Dva sveteln\u00e9 kan\u00e1ly (okul\u00e1re a kan\u00e1ly CCD kamery)<\/td>\n<\/tr>\n<tr>\n<td width=\"213\">Optick\u00fd syst\u00e9m<\/td>\n<td width=\"379\">1. Manual micrometer eyepiece;<\/p>\n<p>2. Total magnification (\u03bcm): 100 \u00d7 (observation), 400 \u00d7 (measurement);<\/p>\n<p>3. Measurement range (\u03bcm): 200;<\/p>\n<p>4. Resolution (\u03bcm): 0.25<\/td>\n<\/tr>\n<tr>\n<td width=\"213\">Rozsah merania tvrdosti<\/td>\n<td width=\"379\">(5-3000) HV<\/td>\n<\/tr>\n<tr>\n<td width=\"213\">Testovacia platforma XY<\/td>\n<td width=\"379\">Ve\u013ekos\u0165 (mm): 100\u00d7100<br \/>\nRozsah pohybu (mm): 25\u00d725<br \/>\nMinim\u00e1lna hodnota (mm): 0.01<\/td>\n<\/tr>\n<tr>\n<td width=\"213\">Maxim\u00e1lna v\u00fd\u0161ka vzorky (mm)<\/td>\n<td width=\"379\">90<\/td>\n<\/tr>\n<tr>\n<td width=\"213\">Maxim\u00e1lna \u0161\u00edrka vzorky (mm)<\/td>\n<td width=\"379\">120(distance from the center line of the indenter to the wall)<\/td>\n<\/tr>\n<tr>\n<td width=\"213\">Nap\u00e4tie<\/td>\n<td width=\"379\">AC220V\/50HZ<\/td>\n<\/tr>\n<tr>\n<td width=\"213\">Hmotnos\u0165 (kg)<\/td>\n<td width=\"379\">35<\/td>\n<\/tr>\n<tr>\n<td width=\"213\">Rozmery<\/td>\n<td width=\"379\">(400*290*480))mm<\/td>\n<\/tr>\n<\/tbody>\n<\/table>\n<h1 style=\"font-weight: 400;\"><strong>\u0160tandardn\u00e1 konfigur\u00e1cia:<\/strong><\/h1>\n<table style=\"font-weight: 400;\" width=\"568\">\n<tbody>\n<tr>\n<td width=\"268\">1. Hostite\u013e ( Mikro Vickersov indentor x1, objekt\u00edv 10x x1, objekt\u00edv 40x x1)<\/td>\n<td width=\"300\">2. Test platform, weight, microscope accessory box;<\/td>\n<\/tr>\n<tr>\n<td width=\"268\">3. Z\u00e1va\u017eia x6<\/td>\n<td width=\"300\">4. Z\u00e1va\u017eie x1<\/td>\n<\/tr>\n<tr>\n<td width=\"268\">5. Kr\u00ed\u017eov\u00fd st\u00f4l x1<\/td>\n<td width=\"300\">6. St\u00f4l na up\u00ednanie plechov x1<\/td>\n<\/tr>\n<tr>\n<td width=\"268\">7. Ploch\u00fd up\u00ednac\u00ed st\u00f4l x1<\/td>\n<td width=\"300\">8. St\u00f4l na dr\u017eanie vl\u00e1kien x1<\/td>\n<\/tr>\n<tr>\n<td width=\"268\">9. Mera\u010d hladiny x1<\/td>\n<td width=\"300\">10. Skrutkova\u010d x2<\/td>\n<\/tr>\n<tr>\n<td width=\"268\">11. Vodorovn\u00e9 nastavovacie skrutky x4<\/td>\n<td width=\"300\">12. Extern\u00fd nap\u00e1jac\u00ed k\u00e1bel x1<\/td>\n<\/tr>\n<tr>\n<td width=\"268\">13,10\u00d7 digit\u00e1lne mikrometrick\u00e9 okul\u00e1re x1<\/td>\n<td width=\"300\">14. Blok mikrotvrdosti pod\u013ea Vickersa x2 (HV1, HV0,2 x1 pre ka\u017ed\u00fd)<\/td>\n<\/tr>\n<tr>\n<td width=\"268\">15. Poistky (1 A) x2<\/td>\n<td width=\"300\">16. Certifik\u00e1cia v\u00fdrobku x1<\/td>\n<\/tr>\n<tr>\n<td width=\"268\">17. N\u00e1vod na pou\u017eitie x1<\/td>\n<td width=\"300\">18. Prachov\u00fd kryt x1<\/td>\n<\/tr>\n<\/tbody>\n<\/table>\n<h1 style=\"font-weight: 400;\"><strong>Pozn\u00e1mka:<\/strong><\/h1>\n<ol>\n<li style=\"font-weight: 400;\">The optional side-sway lifting system makes the lifting system more stable and accurate.<\/li>\n<li style=\"font-weight: 400;\">Side swing lifting system, optional Z-axis jog lifting to improve efficiency.<\/li>\n<li style=\"font-weight: 400;\">Volite\u013en\u00e1 zabudovan\u00e1 tla\u010diare\u0148, tla\u010d nameran\u00fdch \u00fadajov jedn\u00fdm kliknut\u00edm.<\/li>\n<li style=\"font-weight: 400;\">Volite\u013en\u00fd po\u010d\u00edta\u010dov\u00fd softv\u00e9r na meranie, po\u010d\u00edta\u010dov\u00e1 prev\u00e1dzka, zv\u00fd\u0161enie efekt\u00edvnosti, elimin\u00e1cia \u013eudskej chyby, presnej\u0161ia presnos\u0165, mo\u017enos\u0165 vytv\u00e1ra\u0165 spr\u00e1vy o \u00fadajoch.<\/li>\n<\/ol>","protected":false},"excerpt":{"rendered":"<p><span style=\"font-weight: 400;\">This digital automatic turret micro hardness tester is a new generation of multi-function touch screen micro hardness tester newly developed by our company. The hardness tester has novel shape, good reliability, operability and repeatability. Ideal for hardness. The machine adopts C language programming, high magnification optical measurement system and optical dual-channel structure, and new technologies such as photoelectricity and photocoupler sensing can meet the basic Vickers hardness test requirements, so that the measured values can be more quickly and accurately obtained and upgraded. The subsequent control operating system uses a 7-inch LCD touch screen to provide more measurement data and more comprehensive and accurate control.<\/span><\/p>\n<p style=\"font-weight: 400; text-align: center;\">(Side-lifting system is optional, standard hand-screw)<\/p>","protected":false},"featured_media":29914,"comment_status":"open","ping_status":"closed","template":"","meta":[],"product_brand":[],"product_cat":[70,91],"product_tag":[101],"class_list":{"0":"post-29913","1":"product","2":"type-product","3":"status-publish","4":"has-post-thumbnail","6":"product_cat-hardness-tester","7":"product_cat-micro-vickers-hardness-tester","8":"product_tag-micro-vickers-hardness-tester","10":"first","11":"instock","12":"shipping-taxable","13":"product-type-simple"},"yoast_head":"<!-- This site is optimized with the Yoast SEO Premium plugin v25.4 (Yoast SEO v27.4) - https:\/\/yoast.com\/product\/yoast-seo-premium-wordpress\/ -->\n<title>(HVT-1000Z)Touch Screen Micro Hardness Tester - hardnesstests<\/title>\n<meta name=\"robots\" content=\"index, follow, max-snippet:-1, max-image-preview:large, max-video-preview:-1\" \/>\n<link rel=\"canonical\" href=\"https:\/\/hardnesstests.com\/sk\/produkt\/hvt-1000ztouch-screen-micro-hardness-tester\/\" \/>\n<meta property=\"og:locale\" content=\"sk_SK\" \/>\n<meta property=\"og:type\" content=\"article\" \/>\n<meta property=\"og:title\" content=\"(HVT-1000Z)Touch Screen Micro Hardness Tester\" \/>\n<meta property=\"og:description\" content=\"This digital automatic turret micro hardness tester is a new generation of multi-function touch screen micro hardness tester newly developed by our company. The hardness tester has novel shape, good reliability, operability and repeatability. Ideal for hardness. The machine adopts C language programming, high magnification optical measurement system and optical dual-channel structure, and new technologies such as photoelectricity and photocoupler sensing can meet the basic Vickers hardness test requirements, so that the measured values can be more quickly and accurately obtained and upgraded. The subsequent control operating system uses a 7-inch LCD touch screen to provide more measurement data and more comprehensive and accurate control. (Side-lifting system is optional, standard hand-screw)\" \/>\n<meta property=\"og:url\" content=\"https:\/\/hardnesstests.com\/sk\/produkt\/hvt-1000ztouch-screen-micro-hardness-tester\/\" \/>\n<meta property=\"og:site_name\" content=\"hardnesstests\" \/>\n<meta property=\"article:modified_time\" content=\"2025-11-28T02:02:36+00:00\" \/>\n<meta property=\"og:image\" content=\"https:\/\/hardnesstests.com\/wp-content\/uploads\/2025\/11\/HVT-1000Z-\u89e6\u6478\u5c4f\u663e\u5fae\u7ef4\u6c0f\u786c\u5ea6\u8ba1.jpg\" \/>\n\t<meta property=\"og:image:width\" content=\"800\" \/>\n\t<meta property=\"og:image:height\" content=\"800\" \/>\n\t<meta property=\"og:image:type\" content=\"image\/jpeg\" \/>\n<meta name=\"twitter:card\" content=\"summary_large_image\" \/>\n<meta name=\"twitter:label1\" content=\"Predpokladan\u00fd \u010das \u010d\u00edtania\" \/>\n\t<meta name=\"twitter:data1\" content=\"3 min\u00faty\" \/>\n<script type=\"application\/ld+json\" class=\"yoast-schema-graph\">{\"@context\":\"https:\\\/\\\/schema.org\",\"@graph\":[{\"@type\":\"WebPage\",\"@id\":\"https:\\\/\\\/hardnesstests.com\\\/product\\\/hvt-1000ztouch-screen-micro-hardness-tester\\\/\",\"url\":\"https:\\\/\\\/hardnesstests.com\\\/product\\\/hvt-1000ztouch-screen-micro-hardness-tester\\\/\",\"name\":\"(HVT-1000Z)Touch Screen Micro Hardness Tester - hardnesstests\",\"isPartOf\":{\"@id\":\"https:\\\/\\\/hardnesstests.com\\\/tr\\\/#website\"},\"primaryImageOfPage\":{\"@id\":\"https:\\\/\\\/hardnesstests.com\\\/product\\\/hvt-1000ztouch-screen-micro-hardness-tester\\\/#primaryimage\"},\"image\":{\"@id\":\"https:\\\/\\\/hardnesstests.com\\\/product\\\/hvt-1000ztouch-screen-micro-hardness-tester\\\/#primaryimage\"},\"thumbnailUrl\":\"https:\\\/\\\/hardnesstests.com\\\/wp-content\\\/uploads\\\/2025\\\/11\\\/HVT-1000Z-\u89e6\u6478\u5c4f\u663e\u5fae\u7ef4\u6c0f\u786c\u5ea6\u8ba1.jpg\",\"datePublished\":\"2025-11-28T02:02:35+00:00\",\"dateModified\":\"2025-11-28T02:02:36+00:00\",\"breadcrumb\":{\"@id\":\"https:\\\/\\\/hardnesstests.com\\\/product\\\/hvt-1000ztouch-screen-micro-hardness-tester\\\/#breadcrumb\"},\"inLanguage\":\"sk-SK\",\"potentialAction\":[{\"@type\":\"ReadAction\",\"target\":[\"https:\\\/\\\/hardnesstests.com\\\/product\\\/hvt-1000ztouch-screen-micro-hardness-tester\\\/\"]}]},{\"@type\":\"ImageObject\",\"inLanguage\":\"sk-SK\",\"@id\":\"https:\\\/\\\/hardnesstests.com\\\/product\\\/hvt-1000ztouch-screen-micro-hardness-tester\\\/#primaryimage\",\"url\":\"https:\\\/\\\/hardnesstests.com\\\/wp-content\\\/uploads\\\/2025\\\/11\\\/HVT-1000Z-\u89e6\u6478\u5c4f\u663e\u5fae\u7ef4\u6c0f\u786c\u5ea6\u8ba1.jpg\",\"contentUrl\":\"https:\\\/\\\/hardnesstests.com\\\/wp-content\\\/uploads\\\/2025\\\/11\\\/HVT-1000Z-\u89e6\u6478\u5c4f\u663e\u5fae\u7ef4\u6c0f\u786c\u5ea6\u8ba1.jpg\",\"width\":800,\"height\":800,\"caption\":\"(HVT-1000Z)Touch Screen Micro Hardness Tester\"},{\"@type\":\"BreadcrumbList\",\"@id\":\"https:\\\/\\\/hardnesstests.com\\\/product\\\/hvt-1000ztouch-screen-micro-hardness-tester\\\/#breadcrumb\",\"itemListElement\":[{\"@type\":\"ListItem\",\"position\":1,\"name\":\"\u9996\u9875\",\"item\":\"https:\\\/\\\/hardnesstests.com\\\/\"},{\"@type\":\"ListItem\",\"position\":2,\"name\":\"products\",\"item\":\"https:\\\/\\\/hardnesstests.com\\\/products\\\/\"},{\"@type\":\"ListItem\",\"position\":3,\"name\":\"(HVT-1000Z)Touch Screen Micro Hardness Tester\"}]},{\"@type\":\"WebSite\",\"@id\":\"https:\\\/\\\/hardnesstests.com\\\/tr\\\/#website\",\"url\":\"https:\\\/\\\/hardnesstests.com\\\/tr\\\/\",\"name\":\"hardnesstests\",\"description\":\"\",\"publisher\":{\"@id\":\"https:\\\/\\\/hardnesstests.com\\\/tr\\\/#organization\"},\"potentialAction\":[{\"@type\":\"SearchAction\",\"target\":{\"@type\":\"EntryPoint\",\"urlTemplate\":\"https:\\\/\\\/hardnesstests.com\\\/tr\\\/?s={search_term_string}\"},\"query-input\":{\"@type\":\"PropertyValueSpecification\",\"valueRequired\":true,\"valueName\":\"search_term_string\"}}],\"inLanguage\":\"sk-SK\"},{\"@type\":\"Organization\",\"@id\":\"https:\\\/\\\/hardnesstests.com\\\/tr\\\/#organization\",\"name\":\"hardnesstests\",\"url\":\"https:\\\/\\\/hardnesstests.com\\\/tr\\\/\",\"logo\":{\"@type\":\"ImageObject\",\"inLanguage\":\"sk-SK\",\"@id\":\"https:\\\/\\\/hardnesstests.com\\\/tr\\\/#\\\/schema\\\/logo\\\/image\\\/\",\"url\":\"https:\\\/\\\/hardnesstests.com\\\/wp-content\\\/uploads\\\/2021\\\/08\\\/\u5fae\u4fe1\u56fe\u7247_20251029102004_335_1287.png\",\"contentUrl\":\"https:\\\/\\\/hardnesstests.com\\\/wp-content\\\/uploads\\\/2021\\\/08\\\/\u5fae\u4fe1\u56fe\u7247_20251029102004_335_1287.png\",\"width\":1308,\"height\":467,\"caption\":\"hardnesstests\"},\"image\":{\"@id\":\"https:\\\/\\\/hardnesstests.com\\\/tr\\\/#\\\/schema\\\/logo\\\/image\\\/\"}}]}<\/script>\n<!-- \/ Yoast SEO Premium plugin. -->","yoast_head_json":{"title":"(HVT-1000Z)Touch Screen Micro Hardness Tester - hardnesstests","robots":{"index":"index","follow":"follow","max-snippet":"max-snippet:-1","max-image-preview":"max-image-preview:large","max-video-preview":"max-video-preview:-1"},"canonical":"https:\/\/hardnesstests.com\/sk\/produkt\/hvt-1000ztouch-screen-micro-hardness-tester\/","og_locale":"sk_SK","og_type":"article","og_title":"(HVT-1000Z)Touch Screen Micro Hardness Tester","og_description":"This digital automatic turret micro hardness tester is a new generation of multi-function touch screen micro hardness tester newly developed by our company. The hardness tester has novel shape, good reliability, operability and repeatability. Ideal for hardness. The machine adopts C language programming, high magnification optical measurement system and optical dual-channel structure, and new technologies such as photoelectricity and photocoupler sensing can meet the basic Vickers hardness test requirements, so that the measured values can be more quickly and accurately obtained and upgraded. The subsequent control operating system uses a 7-inch LCD touch screen to provide more measurement data and more comprehensive and accurate control. (Side-lifting system is optional, standard hand-screw)","og_url":"https:\/\/hardnesstests.com\/sk\/produkt\/hvt-1000ztouch-screen-micro-hardness-tester\/","og_site_name":"hardnesstests","article_modified_time":"2025-11-28T02:02:36+00:00","og_image":[{"width":800,"height":800,"url":"https:\/\/hardnesstests.com\/wp-content\/uploads\/2025\/11\/HVT-1000Z-\u89e6\u6478\u5c4f\u663e\u5fae\u7ef4\u6c0f\u786c\u5ea6\u8ba1.jpg","type":"image\/jpeg"}],"twitter_card":"summary_large_image","twitter_misc":{"Predpokladan\u00fd \u010das \u010d\u00edtania":"3 min\u00faty"},"schema":{"@context":"https:\/\/schema.org","@graph":[{"@type":"WebPage","@id":"https:\/\/hardnesstests.com\/product\/hvt-1000ztouch-screen-micro-hardness-tester\/","url":"https:\/\/hardnesstests.com\/product\/hvt-1000ztouch-screen-micro-hardness-tester\/","name":"(HVT-1000Z)Touch Screen Micro Hardness Tester - hardnesstests","isPartOf":{"@id":"https:\/\/hardnesstests.com\/tr\/#website"},"primaryImageOfPage":{"@id":"https:\/\/hardnesstests.com\/product\/hvt-1000ztouch-screen-micro-hardness-tester\/#primaryimage"},"image":{"@id":"https:\/\/hardnesstests.com\/product\/hvt-1000ztouch-screen-micro-hardness-tester\/#primaryimage"},"thumbnailUrl":"https:\/\/hardnesstests.com\/wp-content\/uploads\/2025\/11\/HVT-1000Z-\u89e6\u6478\u5c4f\u663e\u5fae\u7ef4\u6c0f\u786c\u5ea6\u8ba1.jpg","datePublished":"2025-11-28T02:02:35+00:00","dateModified":"2025-11-28T02:02:36+00:00","breadcrumb":{"@id":"https:\/\/hardnesstests.com\/product\/hvt-1000ztouch-screen-micro-hardness-tester\/#breadcrumb"},"inLanguage":"sk-SK","potentialAction":[{"@type":"ReadAction","target":["https:\/\/hardnesstests.com\/product\/hvt-1000ztouch-screen-micro-hardness-tester\/"]}]},{"@type":"ImageObject","inLanguage":"sk-SK","@id":"https:\/\/hardnesstests.com\/product\/hvt-1000ztouch-screen-micro-hardness-tester\/#primaryimage","url":"https:\/\/hardnesstests.com\/wp-content\/uploads\/2025\/11\/HVT-1000Z-\u89e6\u6478\u5c4f\u663e\u5fae\u7ef4\u6c0f\u786c\u5ea6\u8ba1.jpg","contentUrl":"https:\/\/hardnesstests.com\/wp-content\/uploads\/2025\/11\/HVT-1000Z-\u89e6\u6478\u5c4f\u663e\u5fae\u7ef4\u6c0f\u786c\u5ea6\u8ba1.jpg","width":800,"height":800,"caption":"(HVT-1000Z)Touch Screen Micro Hardness Tester"},{"@type":"BreadcrumbList","@id":"https:\/\/hardnesstests.com\/product\/hvt-1000ztouch-screen-micro-hardness-tester\/#breadcrumb","itemListElement":[{"@type":"ListItem","position":1,"name":"\u9996\u9875","item":"https:\/\/hardnesstests.com\/"},{"@type":"ListItem","position":2,"name":"products","item":"https:\/\/hardnesstests.com\/products\/"},{"@type":"ListItem","position":3,"name":"(HVT-1000Z)Touch Screen Micro Hardness Tester"}]},{"@type":"WebSite","@id":"https:\/\/hardnesstests.com\/tr\/#website","url":"https:\/\/hardnesstests.com\/tr\/","name":"hardnesstests","description":"","publisher":{"@id":"https:\/\/hardnesstests.com\/tr\/#organization"},"potentialAction":[{"@type":"SearchAction","target":{"@type":"EntryPoint","urlTemplate":"https:\/\/hardnesstests.com\/tr\/?s={search_term_string}"},"query-input":{"@type":"PropertyValueSpecification","valueRequired":true,"valueName":"search_term_string"}}],"inLanguage":"sk-SK"},{"@type":"Organization","@id":"https:\/\/hardnesstests.com\/tr\/#organization","name":"hardnesstests","url":"https:\/\/hardnesstests.com\/tr\/","logo":{"@type":"ImageObject","inLanguage":"sk-SK","@id":"https:\/\/hardnesstests.com\/tr\/#\/schema\/logo\/image\/","url":"https:\/\/hardnesstests.com\/wp-content\/uploads\/2021\/08\/\u5fae\u4fe1\u56fe\u7247_20251029102004_335_1287.png","contentUrl":"https:\/\/hardnesstests.com\/wp-content\/uploads\/2021\/08\/\u5fae\u4fe1\u56fe\u7247_20251029102004_335_1287.png","width":1308,"height":467,"caption":"hardnesstests"},"image":{"@id":"https:\/\/hardnesstests.com\/tr\/#\/schema\/logo\/image\/"}}]}},"_links":{"self":[{"href":"https:\/\/hardnesstests.com\/sk\/wp-json\/wp\/v2\/product\/29913","targetHints":{"allow":["GET"]}}],"collection":[{"href":"https:\/\/hardnesstests.com\/sk\/wp-json\/wp\/v2\/product"}],"about":[{"href":"https:\/\/hardnesstests.com\/sk\/wp-json\/wp\/v2\/types\/product"}],"replies":[{"embeddable":true,"href":"https:\/\/hardnesstests.com\/sk\/wp-json\/wp\/v2\/comments?post=29913"}],"version-history":[{"count":1,"href":"https:\/\/hardnesstests.com\/sk\/wp-json\/wp\/v2\/product\/29913\/revisions"}],"predecessor-version":[{"id":29915,"href":"https:\/\/hardnesstests.com\/sk\/wp-json\/wp\/v2\/product\/29913\/revisions\/29915"}],"wp:featuredmedia":[{"embeddable":true,"href":"https:\/\/hardnesstests.com\/sk\/wp-json\/wp\/v2\/media\/29914"}],"wp:attachment":[{"href":"https:\/\/hardnesstests.com\/sk\/wp-json\/wp\/v2\/media?parent=29913"}],"wp:term":[{"taxonomy":"product_brand","embeddable":true,"href":"https:\/\/hardnesstests.com\/sk\/wp-json\/wp\/v2\/product_brand?post=29913"},{"taxonomy":"product_cat","embeddable":true,"href":"https:\/\/hardnesstests.com\/sk\/wp-json\/wp\/v2\/product_cat?post=29913"},{"taxonomy":"product_tag","embeddable":true,"href":"https:\/\/hardnesstests.com\/sk\/wp-json\/wp\/v2\/product_tag?post=29913"}],"curies":[{"name":"wp","href":"https:\/\/api.w.org\/{rel}","templated":true}]}}