{"id":29898,"date":"2025-11-28T01:52:08","date_gmt":"2025-11-28T01:52:08","guid":{"rendered":"https:\/\/hardnesstests.com\/?post_type=product&#038;p=29898"},"modified":"2025-11-28T01:52:08","modified_gmt":"2025-11-28T01:52:08","slug":"hvst-1000ztouch-screen-digital-display-automatic-turret-micro-hardness-tester","status":"publish","type":"product","link":"https:\/\/hardnesstests.com\/sk\/produkt\/hvst-1000ztouch-screen-digital-display-automatic-turret-micro-hardness-tester\/","title":{"rendered":"(HVST-1000Z) Dotykov\u00fd digit\u00e1lny displej automatick\u00e9ho revolverov\u00e9ho mikrotvrdomeru"},"content":{"rendered":"<h1 style=\"font-weight: 400;\"><strong>Hlavn\u00e9 funkcie a vlastnosti:<\/strong><\/h1>\n<ol>\n<li style=\"font-weight: 400;\">Optick\u00fd syst\u00e9m navrhnut\u00fd star\u0161\u00edmi optick\u00fdmi in\u017einiermi m\u00e1 nielen jasn\u00fd obraz, ale m\u00f4\u017ee sa pou\u017e\u00edva\u0165 aj ako jednoduch\u00fd mikroskop s nastavite\u013en\u00fdm jasom, pohodln\u00fdm viden\u00edm a nie je \u013eahk\u00e9 ho unavi\u0165 po dlhodobej prev\u00e1dzke;<\/li>\n<li style=\"font-weight: 400;\">Na 7-palcovom dotykovom LCD displeji mo\u017eno priamo zobrazi\u0165 hodnotu tvrdosti, prevodn\u00fa tvrdos\u0165, sk\u00fa\u0161obn\u00fa met\u00f3du, sk\u00fa\u0161obn\u00fa silu, jas, \u010das zdr\u017eania, \u010dasy merania, \u0161tatistick\u00e9 \u00fadaje, horn\u00fd a doln\u00fd rozsah merania, \u010das sk\u00fa\u0161ky a \u010fal\u0161ie sk\u00fa\u0161obn\u00e9 procesy s\u00fa intuit\u00edvne a preh\u013eadn\u00e9;<\/li>\n<li style=\"font-weight: 400;\">Syst\u00e9m je vybaven\u00fd kalibra\u010dnou funkciou, ktor\u00e1 dok\u00e1\u017ee manu\u00e1lne nastavi\u0165 vstupn\u00fa chybu kalibra\u010dn\u00e9ho pr\u00edstroja;<\/li>\n<li style=\"font-weight: 400;\">Nastavite\u013en\u00fd rozsah jasu optick\u00e9ho syst\u00e9mu: 0-100;<\/li>\n<li style=\"font-weight: 400;\">It can store up to 100 sets of test data;<\/li>\n<li style=\"font-weight: 400;\">Jednotku sk\u00fa\u0161obnej sily mo\u017eno vybra\u0165 manu\u00e1lne pre vz\u00e1jomn\u00fd prevod, prevodn\u00e1 jednotka je: (Kgf, N)<\/li>\n<li style=\"font-weight: 400;\">S\u00fa\u010dasn\u00e9 zobrazenie: maxim\u00e1lna hodnota, minim\u00e1lna hodnota, priemern\u00e1 hodnota, maxim\u00e1lna chyba, rozdiel vzoriek;<\/li>\n<li style=\"font-weight: 400;\">Hlavn\u00e9 rozhranie dok\u00e1\u017ee s\u00fa\u010dasne zobrazi\u0165 4 prevodov\u00e9 prav\u00edtka a m\u00f4\u017ee prep\u00edna\u0165: n\u00e1rodn\u00fd \u0161tandard, americk\u00fd \u0161tandard a medzin\u00e1rodn\u00fd \u0161tandard. Celkovo mo\u017eno previes\u0165 18 merac\u00edch prav\u00edtok: HR, HRB, HRC, HRD, HRE, HRF, HRG, HRH, HRK , HR15N, HR30N, HR45N, HR15T, HR30T, HR45T, HV, HK, HBW;<\/li>\n<li style=\"font-weight: 400;\">Obidva objekt\u00edvy m\u00f4\u017eu priamo mera\u0165 tvrdos\u0165,<\/li>\n<li style=\"font-weight: 400;\">S funkciou pam\u00e4te d\u013a\u017eky uhloprie\u010dky sa d\u013a\u017eka uhloprie\u010dky po vypnut\u00ed automaticky zapam\u00e4t\u00e1 a po zapnut\u00ed sa meria priamo, bez potreby sekund\u00e1rneho resetu.<\/li>\n<li style=\"font-weight: 400;\">Rozsah merania hornej a dolnej hranice je mo\u017en\u00e9 nastavi\u0165 a zobrazi\u0165 na hlavnom rozhran\u00ed merania;<\/li>\n<li style=\"font-weight: 400;\">Meracia stupnica sa d\u00e1 prepo\u010d\u00edta\u0165 na tvrdos\u0165 HK Knoop;<\/li>\n<li style=\"font-weight: 400;\">Opera\u010dn\u00fd syst\u00e9m je mo\u017en\u00e9 konvertova\u0165 medzi \u010d\u00edn\u0161tinou a angli\u010dtinou;<\/li>\n<li style=\"font-weight: 400;\">Volite\u013en\u00e1 vstavan\u00e1 tla\u010diare\u0148, testovacie \u00fadaje mo\u017eno tie\u017e vyvies\u0165 na disk U cez USB na ukladanie a anal\u00fdzu;<\/li>\n<li style=\"font-weight: 400;\">HVST-1000Z model can be realistic: the measured length can directly confirm the hardness value;<\/li>\n<li style=\"font-weight: 400;\">HVST-1000Z model can realize: the position switch of observation-test-measurement is completed by automatic turret<\/li>\n<\/ol>\n<ol start=\"17\">\n<li style=\"font-weight: 400;\">Odlievan\u00fd hlin\u00edkov\u00fd pl\u00e1\u0161\u0165 m\u00e1 stabiln\u00fa \u0161trukt\u00faru bez deform\u00e1cie v jednom okamihu a \u010dist\u00e1 biela farba auta m\u00e1 vysok\u00fa kvalitu, siln\u00fa odolnos\u0165 proti po\u0161kriabaniu a je st\u00e1le \u017eiariv\u00e1 ako nov\u00e1 po mnoh\u00fdch rokoch pou\u017e\u00edvania;<\/li>\n<li style=\"font-weight: 400;\">Our company has the ability to develop, design, produce and process by ourselves, and provide parts replacement and maintenance upgrade services for our machines for life;<\/li>\n<\/ol>\n<h1 style=\"font-weight: 400;\"><strong>Hlavn\u00fd \u00fa\u010del a rozsah pou\u017eitia:<\/strong><\/h1>\n<ol>\n<li>\u017delezo a oce\u013e, ne\u017eelezn\u00e9 kovy, kovov\u00e9 f\u00f3lie, tvrd\u00e9 zliatiny, kovov\u00e9 plechy, mikro\u0161trukt\u00fary<\/li>\n<li>Uhli\u010dovanie, nitridovanie a oduhli\u010dovanie vrstiev, vrstvy povrchov\u00e9ho kalenia, pokovovanie, povlaky<\/li>\n<li>Sklo, obl\u00e1tky,<\/li>\n<\/ol>\n<h1 style=\"font-weight: 400;\"><strong>Technick\u00e9 parametre:<\/strong><\/h1>\n<table style=\"font-weight: 400;\" width=\"568\">\n<tbody>\n<tr>\n<td width=\"213\">N\u00e1zov parametra<\/td>\n<td width=\"355\">\u00dadaje o parametroch<\/td>\n<\/tr>\n<tr>\n<td width=\"213\">Stupnica mikrotvrdosti<\/td>\n<td width=\"355\">HV0.01,HV0.025,HV0.05,HV0.1,HV0.2,HV0.3,HV0.5,HV1<\/td>\n<\/tr>\n<tr>\n<td width=\"213\">Zobrazenie<\/td>\n<td width=\"355\">7-palcov\u00e1 dotykov\u00e1 obrazovka LCD<\/td>\n<\/tr>\n<tr>\n<td width=\"213\">Sk\u00fa\u0161obn\u00e1 sila (gf)<\/td>\n<td width=\"355\">10,25,50,100,200,300,500,1000<\/td>\n<\/tr>\n<tr>\n<td width=\"213\">Kontrola nakladania<\/td>\n<td width=\"355\">Automatick\u00e9 (na\u010d\u00edtanie\/podr\u017eanie\/odin\u0161talovanie)<\/td>\n<\/tr>\n<tr>\n<td width=\"213\">\u010cas udr\u017eania sk\u00fa\u0161obnej sily (s)<\/td>\n<td width=\"355\">5~ 60<\/td>\n<\/tr>\n<tr>\n<td width=\"213\">V\u00fdber testovacej sily<\/td>\n<td width=\"355\">Ovl\u00e1da\u010d vo\u013eby externej sily, testovacia sila sa automaticky zobraz\u00ed na 7-palcovom LCD dotykovom displeji<\/td>\n<\/tr>\n<tr>\n<td width=\"213\">Objekt\u00edvne zv\u00e4\u010d\u0161enie<\/td>\n<td width=\"355\">10\u00d7, 40\u00d7<\/td>\n<\/tr>\n<tr>\n<td width=\"213\">Optick\u00fd kan\u00e1l<\/td>\n<td width=\"355\">Dva sveteln\u00e9 kan\u00e1ly (okul\u00e1re a kan\u00e1ly CCD kamery)<\/td>\n<\/tr>\n<tr>\n<td width=\"213\">Optick\u00fd syst\u00e9m<\/td>\n<td width=\"355\">1. Automatic digital encoder; 2. Total magnification (\u03bcm): 100\u00d7 (observation), 400\u00d7 (measurement);<\/p>\n<p>Optional 15X eyepiece, total magnification: 150X (observation), 600X (measurement)<\/p>\n<p>3. Measuring range (\u03bcm): 200; 4. Resolution (\u03bcm): 0.01<\/td>\n<\/tr>\n<tr>\n<td width=\"213\">Rozsah merania tvrdosti<\/td>\n<td width=\"355\">(5-3000) HV<\/td>\n<\/tr>\n<tr>\n<td width=\"213\">Testovacia platforma XY<\/td>\n<td width=\"355\">Ve\u013ekos\u0165 (mm): 100\u00d7100<br \/>\nRozsah pohybu (mm): 25\u00d725<br \/>\nMinim\u00e1lna hodnota (mm): 0.01<\/td>\n<\/tr>\n<tr>\n<td width=\"213\">Maximum height of specimen<\/td>\n<td width=\"355\">110(mm)<\/td>\n<\/tr>\n<tr>\n<td width=\"213\">Maxim\u00e1lna \u0161\u00edrka vzorky (mm)<\/td>\n<td width=\"355\">85 (Vzdialenos\u0165 od osi hrotu k stene stroja)<\/td>\n<\/tr>\n<tr>\n<td width=\"213\">Nap\u00e4tie<\/td>\n<td width=\"355\">AC220V\/50HZ<\/td>\n<\/tr>\n<tr>\n<td width=\"213\">Hmotnos\u0165 (kg)<\/td>\n<td width=\"355\">35<\/td>\n<\/tr>\n<tr>\n<td width=\"213\">Rozmery<\/td>\n<td width=\"355\">(540 \u00d7 200 \u00d7 530) mm<\/td>\n<\/tr>\n<\/tbody>\n<\/table>\n<h1 style=\"font-weight: 400;\"><strong>\u0160tandardn\u00e1 konfigur\u00e1cia:<\/strong><\/h1>\n<table style=\"font-weight: 400;\" width=\"568\">\n<tbody>\n<tr>\n<td width=\"268\">1.Host ( Micro Vickers indenter\u00a0x1, 10x objective x1, 40x objective x1)<\/td>\n<td width=\"300\">2.Test platform, weight, microscope accessory box;<\/td>\n<\/tr>\n<tr>\n<td width=\"268\">3.Weights x6<\/td>\n<td width=\"300\">4.Weight bar x1<\/td>\n<\/tr>\n<tr>\n<td width=\"268\">5.Cross table x1<\/td>\n<td width=\"300\">6.Sheet clamping table x1<\/td>\n<\/tr>\n<tr>\n<td width=\"268\">7.Flat mouth clamping table x1<\/td>\n<td width=\"300\">8.Filament holding table x1<\/td>\n<\/tr>\n<tr>\n<td width=\"268\">9.Level meter x1<\/td>\n<td width=\"300\">10.Screwdriver x2<\/td>\n<\/tr>\n<tr>\n<td width=\"268\">11.Horizontal adjustment screws x4<\/td>\n<td width=\"300\">12.External power cord x1<\/td>\n<\/tr>\n<tr>\n<td width=\"268\">13,10\u00d7 digit\u00e1lne mikrometrick\u00e9 okul\u00e1re x1<\/td>\n<td width=\"300\">14.Micro Vickers hardness block x2 (HV1, HV0.2\u00a0x1 for each )<\/td>\n<\/tr>\n<tr>\n<td width=\"268\">15.Fuses (1 A) x2<\/td>\n<td width=\"300\">16.Product certification x1<\/td>\n<\/tr>\n<tr>\n<td width=\"268\">17.Product Instruction Manual x1<\/td>\n<td width=\"300\">18.Dust cover x1<\/td>\n<\/tr>\n<\/tbody>\n<\/table>\n<h1 style=\"font-weight: 400;\"><strong>Pozn\u00e1mka:<\/strong><\/h1>\n<ol>\n<li style=\"font-weight: 400;\">V\u010faka volite\u013en\u00e9mu syst\u00e9mu zdv\u00edhania s bo\u010dn\u00fdm veden\u00edm je zdv\u00edhac\u00ed syst\u00e9m stabilnej\u0161\u00ed a presnej\u0161\u00ed.<\/li>\n<li style=\"font-weight: 400;\">Bo\u010dn\u00fd zdv\u00edhac\u00ed syst\u00e9m, volite\u013en\u00fd jogging v osi Z, zvy\u0161uj\u00fa efektivitu.<\/li>\n<li style=\"font-weight: 400;\">Volite\u013en\u00e1 zabudovan\u00e1 tla\u010diare\u0148, tla\u010d nameran\u00fdch \u00fadajov jedn\u00fdm kliknut\u00edm.<\/li>\n<li style=\"font-weight: 400;\">Volite\u013en\u00fd po\u010d\u00edta\u010dov\u00fd softv\u00e9r na meranie, po\u010d\u00edta\u010dov\u00e1 prev\u00e1dzka, zv\u00fd\u0161enie efekt\u00edvnosti, elimin\u00e1cia \u013eudskej chyby, presnej\u0161ia presnos\u0165, mo\u017enos\u0165 vytv\u00e1ra\u0165 spr\u00e1vy o \u00fadajoch.<\/li>\n<\/ol>","protected":false},"excerpt":{"rendered":"<p style=\"font-weight: 400;\">This digital display automatic turret micro hardness tester is a new generation of multifunctional touch screen micro hardness tester newly developed by our company. The hardness tester is novel in shape and has good reliability, operability and repeatability. It is a test micro Ideal product for hardness. The machine uses C language programming, high-magnification optical measurement system and optical dual-channel structure, new technologies such as optoelectronics, photocouple sensing, etc., in addition to meeting the basic Vickers hardness test requirements, the upgraded digital display micrometer eyepiece can directly Read the measured length to obtain the measured value more quickly and accurately. The upgraded control operating system adopts a 7-inch LCD touch screen, which can provide more measurement data, and the control is more comprehensive and accurate.<\/p>\n<p style=\"font-weight: 400;\">(Syst\u00e9m bo\u010dn\u00e9ho zdv\u00edhania je volite\u013en\u00fd, \u0161tandardne je k dispoz\u00edcii ru\u010dn\u00e1 skrutka)<\/p>","protected":false},"featured_media":29899,"comment_status":"open","ping_status":"closed","template":"","meta":[],"product_brand":[],"product_cat":[70,91],"product_tag":[101],"class_list":{"0":"post-29898","1":"product","2":"type-product","3":"status-publish","4":"has-post-thumbnail","6":"product_cat-hardness-tester","7":"product_cat-micro-vickers-hardness-tester","8":"product_tag-micro-vickers-hardness-tester","10":"first","11":"instock","12":"shipping-taxable","13":"product-type-simple"},"yoast_head":"<!-- This site is optimized with the Yoast SEO Premium plugin v25.4 (Yoast SEO v27.4) - https:\/\/yoast.com\/product\/yoast-seo-premium-wordpress\/ -->\n<title>(HVST-1000Z)Touch screen digital display automatic turret micro hardness tester - hardnesstests<\/title>\n<meta name=\"robots\" content=\"index, follow, max-snippet:-1, max-image-preview:large, max-video-preview:-1\" \/>\n<link rel=\"canonical\" href=\"https:\/\/hardnesstests.com\/sk\/produkt\/hvst-1000ztouch-screen-digital-display-automatic-turret-micro-hardness-tester\/\" \/>\n<meta property=\"og:locale\" content=\"sk_SK\" \/>\n<meta property=\"og:type\" content=\"article\" \/>\n<meta property=\"og:title\" content=\"(HVST-1000Z)Touch screen digital display automatic turret micro hardness tester\" \/>\n<meta property=\"og:description\" content=\"This digital display automatic turret micro hardness tester is a new generation of multifunctional touch screen micro hardness tester newly developed by our company. The hardness tester is novel in shape and has good reliability, operability and repeatability. It is a test micro Ideal product for hardness. The machine uses C language programming, high-magnification optical measurement system and optical dual-channel structure, new technologies such as optoelectronics, photocouple sensing, etc., in addition to meeting the basic Vickers hardness test requirements, the upgraded digital display micrometer eyepiece can directly Read the measured length to obtain the measured value more quickly and accurately. The upgraded control operating system adopts a 7-inch LCD touch screen, which can provide more measurement data, and the control is more comprehensive and accurate. (Side-sway lifting system is optional, standard hand-screw)\" \/>\n<meta property=\"og:url\" content=\"https:\/\/hardnesstests.com\/sk\/produkt\/hvst-1000ztouch-screen-digital-display-automatic-turret-micro-hardness-tester\/\" \/>\n<meta property=\"og:site_name\" content=\"hardnesstests\" \/>\n<meta property=\"og:image\" content=\"https:\/\/hardnesstests.com\/wp-content\/uploads\/2025\/11\/HVST-1000Z-\u89e6\u6478\u5c4f\u6570\u663e\u663e\u5fae\u7ef4\u6c0f\u81ea\u52a8\u8f6c\u5854\u786c\u5ea6\u8ba1.jpg\" \/>\n\t<meta property=\"og:image:width\" content=\"800\" \/>\n\t<meta property=\"og:image:height\" content=\"800\" \/>\n\t<meta property=\"og:image:type\" content=\"image\/jpeg\" \/>\n<meta name=\"twitter:card\" content=\"summary_large_image\" \/>\n<meta name=\"twitter:label1\" content=\"Predpokladan\u00fd \u010das \u010d\u00edtania\" \/>\n\t<meta name=\"twitter:data1\" content=\"3 min\u00faty\" \/>\n<script type=\"application\/ld+json\" class=\"yoast-schema-graph\">{\"@context\":\"https:\\\/\\\/schema.org\",\"@graph\":[{\"@type\":\"WebPage\",\"@id\":\"https:\\\/\\\/hardnesstests.com\\\/product\\\/hvst-1000ztouch-screen-digital-display-automatic-turret-micro-hardness-tester\\\/\",\"url\":\"https:\\\/\\\/hardnesstests.com\\\/product\\\/hvst-1000ztouch-screen-digital-display-automatic-turret-micro-hardness-tester\\\/\",\"name\":\"(HVST-1000Z)Touch screen digital display automatic turret micro hardness tester - hardnesstests\",\"isPartOf\":{\"@id\":\"https:\\\/\\\/hardnesstests.com\\\/tr\\\/#website\"},\"primaryImageOfPage\":{\"@id\":\"https:\\\/\\\/hardnesstests.com\\\/product\\\/hvst-1000ztouch-screen-digital-display-automatic-turret-micro-hardness-tester\\\/#primaryimage\"},\"image\":{\"@id\":\"https:\\\/\\\/hardnesstests.com\\\/product\\\/hvst-1000ztouch-screen-digital-display-automatic-turret-micro-hardness-tester\\\/#primaryimage\"},\"thumbnailUrl\":\"https:\\\/\\\/hardnesstests.com\\\/wp-content\\\/uploads\\\/2025\\\/11\\\/HVST-1000Z-\u89e6\u6478\u5c4f\u6570\u663e\u663e\u5fae\u7ef4\u6c0f\u81ea\u52a8\u8f6c\u5854\u786c\u5ea6\u8ba1.jpg\",\"datePublished\":\"2025-11-28T01:52:08+00:00\",\"breadcrumb\":{\"@id\":\"https:\\\/\\\/hardnesstests.com\\\/product\\\/hvst-1000ztouch-screen-digital-display-automatic-turret-micro-hardness-tester\\\/#breadcrumb\"},\"inLanguage\":\"sk-SK\",\"potentialAction\":[{\"@type\":\"ReadAction\",\"target\":[\"https:\\\/\\\/hardnesstests.com\\\/product\\\/hvst-1000ztouch-screen-digital-display-automatic-turret-micro-hardness-tester\\\/\"]}]},{\"@type\":\"ImageObject\",\"inLanguage\":\"sk-SK\",\"@id\":\"https:\\\/\\\/hardnesstests.com\\\/product\\\/hvst-1000ztouch-screen-digital-display-automatic-turret-micro-hardness-tester\\\/#primaryimage\",\"url\":\"https:\\\/\\\/hardnesstests.com\\\/wp-content\\\/uploads\\\/2025\\\/11\\\/HVST-1000Z-\u89e6\u6478\u5c4f\u6570\u663e\u663e\u5fae\u7ef4\u6c0f\u81ea\u52a8\u8f6c\u5854\u786c\u5ea6\u8ba1.jpg\",\"contentUrl\":\"https:\\\/\\\/hardnesstests.com\\\/wp-content\\\/uploads\\\/2025\\\/11\\\/HVST-1000Z-\u89e6\u6478\u5c4f\u6570\u663e\u663e\u5fae\u7ef4\u6c0f\u81ea\u52a8\u8f6c\u5854\u786c\u5ea6\u8ba1.jpg\",\"width\":800,\"height\":800,\"caption\":\"(HVST-1000Z)Touch screen digital display automatic turret micro hardness tester\"},{\"@type\":\"BreadcrumbList\",\"@id\":\"https:\\\/\\\/hardnesstests.com\\\/product\\\/hvst-1000ztouch-screen-digital-display-automatic-turret-micro-hardness-tester\\\/#breadcrumb\",\"itemListElement\":[{\"@type\":\"ListItem\",\"position\":1,\"name\":\"\u9996\u9875\",\"item\":\"https:\\\/\\\/hardnesstests.com\\\/\"},{\"@type\":\"ListItem\",\"position\":2,\"name\":\"products\",\"item\":\"https:\\\/\\\/hardnesstests.com\\\/products\\\/\"},{\"@type\":\"ListItem\",\"position\":3,\"name\":\"(HVST-1000Z)Touch screen digital display automatic turret micro hardness tester\"}]},{\"@type\":\"WebSite\",\"@id\":\"https:\\\/\\\/hardnesstests.com\\\/tr\\\/#website\",\"url\":\"https:\\\/\\\/hardnesstests.com\\\/tr\\\/\",\"name\":\"hardnesstests\",\"description\":\"\",\"publisher\":{\"@id\":\"https:\\\/\\\/hardnesstests.com\\\/tr\\\/#organization\"},\"potentialAction\":[{\"@type\":\"SearchAction\",\"target\":{\"@type\":\"EntryPoint\",\"urlTemplate\":\"https:\\\/\\\/hardnesstests.com\\\/tr\\\/?s={search_term_string}\"},\"query-input\":{\"@type\":\"PropertyValueSpecification\",\"valueRequired\":true,\"valueName\":\"search_term_string\"}}],\"inLanguage\":\"sk-SK\"},{\"@type\":\"Organization\",\"@id\":\"https:\\\/\\\/hardnesstests.com\\\/tr\\\/#organization\",\"name\":\"hardnesstests\",\"url\":\"https:\\\/\\\/hardnesstests.com\\\/tr\\\/\",\"logo\":{\"@type\":\"ImageObject\",\"inLanguage\":\"sk-SK\",\"@id\":\"https:\\\/\\\/hardnesstests.com\\\/tr\\\/#\\\/schema\\\/logo\\\/image\\\/\",\"url\":\"https:\\\/\\\/hardnesstests.com\\\/wp-content\\\/uploads\\\/2021\\\/08\\\/\u5fae\u4fe1\u56fe\u7247_20251029102004_335_1287.png\",\"contentUrl\":\"https:\\\/\\\/hardnesstests.com\\\/wp-content\\\/uploads\\\/2021\\\/08\\\/\u5fae\u4fe1\u56fe\u7247_20251029102004_335_1287.png\",\"width\":1308,\"height\":467,\"caption\":\"hardnesstests\"},\"image\":{\"@id\":\"https:\\\/\\\/hardnesstests.com\\\/tr\\\/#\\\/schema\\\/logo\\\/image\\\/\"}}]}<\/script>\n<!-- \/ Yoast SEO Premium plugin. -->","yoast_head_json":{"title":"(HVST-1000Z)Touch screen digital display automatic turret micro hardness tester - hardnesstests","robots":{"index":"index","follow":"follow","max-snippet":"max-snippet:-1","max-image-preview":"max-image-preview:large","max-video-preview":"max-video-preview:-1"},"canonical":"https:\/\/hardnesstests.com\/sk\/produkt\/hvst-1000ztouch-screen-digital-display-automatic-turret-micro-hardness-tester\/","og_locale":"sk_SK","og_type":"article","og_title":"(HVST-1000Z)Touch screen digital display automatic turret micro hardness tester","og_description":"This digital display automatic turret micro hardness tester is a new generation of multifunctional touch screen micro hardness tester newly developed by our company. The hardness tester is novel in shape and has good reliability, operability and repeatability. It is a test micro Ideal product for hardness. The machine uses C language programming, high-magnification optical measurement system and optical dual-channel structure, new technologies such as optoelectronics, photocouple sensing, etc., in addition to meeting the basic Vickers hardness test requirements, the upgraded digital display micrometer eyepiece can directly Read the measured length to obtain the measured value more quickly and accurately. The upgraded control operating system adopts a 7-inch LCD touch screen, which can provide more measurement data, and the control is more comprehensive and accurate. (Side-sway lifting system is optional, standard hand-screw)","og_url":"https:\/\/hardnesstests.com\/sk\/produkt\/hvst-1000ztouch-screen-digital-display-automatic-turret-micro-hardness-tester\/","og_site_name":"hardnesstests","og_image":[{"width":800,"height":800,"url":"https:\/\/hardnesstests.com\/wp-content\/uploads\/2025\/11\/HVST-1000Z-\u89e6\u6478\u5c4f\u6570\u663e\u663e\u5fae\u7ef4\u6c0f\u81ea\u52a8\u8f6c\u5854\u786c\u5ea6\u8ba1.jpg","type":"image\/jpeg"}],"twitter_card":"summary_large_image","twitter_misc":{"Predpokladan\u00fd \u010das \u010d\u00edtania":"3 min\u00faty"},"schema":{"@context":"https:\/\/schema.org","@graph":[{"@type":"WebPage","@id":"https:\/\/hardnesstests.com\/product\/hvst-1000ztouch-screen-digital-display-automatic-turret-micro-hardness-tester\/","url":"https:\/\/hardnesstests.com\/product\/hvst-1000ztouch-screen-digital-display-automatic-turret-micro-hardness-tester\/","name":"(HVST-1000Z)Touch screen digital display automatic turret micro hardness tester - hardnesstests","isPartOf":{"@id":"https:\/\/hardnesstests.com\/tr\/#website"},"primaryImageOfPage":{"@id":"https:\/\/hardnesstests.com\/product\/hvst-1000ztouch-screen-digital-display-automatic-turret-micro-hardness-tester\/#primaryimage"},"image":{"@id":"https:\/\/hardnesstests.com\/product\/hvst-1000ztouch-screen-digital-display-automatic-turret-micro-hardness-tester\/#primaryimage"},"thumbnailUrl":"https:\/\/hardnesstests.com\/wp-content\/uploads\/2025\/11\/HVST-1000Z-\u89e6\u6478\u5c4f\u6570\u663e\u663e\u5fae\u7ef4\u6c0f\u81ea\u52a8\u8f6c\u5854\u786c\u5ea6\u8ba1.jpg","datePublished":"2025-11-28T01:52:08+00:00","breadcrumb":{"@id":"https:\/\/hardnesstests.com\/product\/hvst-1000ztouch-screen-digital-display-automatic-turret-micro-hardness-tester\/#breadcrumb"},"inLanguage":"sk-SK","potentialAction":[{"@type":"ReadAction","target":["https:\/\/hardnesstests.com\/product\/hvst-1000ztouch-screen-digital-display-automatic-turret-micro-hardness-tester\/"]}]},{"@type":"ImageObject","inLanguage":"sk-SK","@id":"https:\/\/hardnesstests.com\/product\/hvst-1000ztouch-screen-digital-display-automatic-turret-micro-hardness-tester\/#primaryimage","url":"https:\/\/hardnesstests.com\/wp-content\/uploads\/2025\/11\/HVST-1000Z-\u89e6\u6478\u5c4f\u6570\u663e\u663e\u5fae\u7ef4\u6c0f\u81ea\u52a8\u8f6c\u5854\u786c\u5ea6\u8ba1.jpg","contentUrl":"https:\/\/hardnesstests.com\/wp-content\/uploads\/2025\/11\/HVST-1000Z-\u89e6\u6478\u5c4f\u6570\u663e\u663e\u5fae\u7ef4\u6c0f\u81ea\u52a8\u8f6c\u5854\u786c\u5ea6\u8ba1.jpg","width":800,"height":800,"caption":"(HVST-1000Z)Touch screen digital display automatic turret micro hardness tester"},{"@type":"BreadcrumbList","@id":"https:\/\/hardnesstests.com\/product\/hvst-1000ztouch-screen-digital-display-automatic-turret-micro-hardness-tester\/#breadcrumb","itemListElement":[{"@type":"ListItem","position":1,"name":"\u9996\u9875","item":"https:\/\/hardnesstests.com\/"},{"@type":"ListItem","position":2,"name":"products","item":"https:\/\/hardnesstests.com\/products\/"},{"@type":"ListItem","position":3,"name":"(HVST-1000Z)Touch screen digital display automatic turret micro hardness tester"}]},{"@type":"WebSite","@id":"https:\/\/hardnesstests.com\/tr\/#website","url":"https:\/\/hardnesstests.com\/tr\/","name":"hardnesstests","description":"","publisher":{"@id":"https:\/\/hardnesstests.com\/tr\/#organization"},"potentialAction":[{"@type":"SearchAction","target":{"@type":"EntryPoint","urlTemplate":"https:\/\/hardnesstests.com\/tr\/?s={search_term_string}"},"query-input":{"@type":"PropertyValueSpecification","valueRequired":true,"valueName":"search_term_string"}}],"inLanguage":"sk-SK"},{"@type":"Organization","@id":"https:\/\/hardnesstests.com\/tr\/#organization","name":"hardnesstests","url":"https:\/\/hardnesstests.com\/tr\/","logo":{"@type":"ImageObject","inLanguage":"sk-SK","@id":"https:\/\/hardnesstests.com\/tr\/#\/schema\/logo\/image\/","url":"https:\/\/hardnesstests.com\/wp-content\/uploads\/2021\/08\/\u5fae\u4fe1\u56fe\u7247_20251029102004_335_1287.png","contentUrl":"https:\/\/hardnesstests.com\/wp-content\/uploads\/2021\/08\/\u5fae\u4fe1\u56fe\u7247_20251029102004_335_1287.png","width":1308,"height":467,"caption":"hardnesstests"},"image":{"@id":"https:\/\/hardnesstests.com\/tr\/#\/schema\/logo\/image\/"}}]}},"_links":{"self":[{"href":"https:\/\/hardnesstests.com\/sk\/wp-json\/wp\/v2\/product\/29898","targetHints":{"allow":["GET"]}}],"collection":[{"href":"https:\/\/hardnesstests.com\/sk\/wp-json\/wp\/v2\/product"}],"about":[{"href":"https:\/\/hardnesstests.com\/sk\/wp-json\/wp\/v2\/types\/product"}],"replies":[{"embeddable":true,"href":"https:\/\/hardnesstests.com\/sk\/wp-json\/wp\/v2\/comments?post=29898"}],"version-history":[{"count":1,"href":"https:\/\/hardnesstests.com\/sk\/wp-json\/wp\/v2\/product\/29898\/revisions"}],"predecessor-version":[{"id":29900,"href":"https:\/\/hardnesstests.com\/sk\/wp-json\/wp\/v2\/product\/29898\/revisions\/29900"}],"wp:featuredmedia":[{"embeddable":true,"href":"https:\/\/hardnesstests.com\/sk\/wp-json\/wp\/v2\/media\/29899"}],"wp:attachment":[{"href":"https:\/\/hardnesstests.com\/sk\/wp-json\/wp\/v2\/media?parent=29898"}],"wp:term":[{"taxonomy":"product_brand","embeddable":true,"href":"https:\/\/hardnesstests.com\/sk\/wp-json\/wp\/v2\/product_brand?post=29898"},{"taxonomy":"product_cat","embeddable":true,"href":"https:\/\/hardnesstests.com\/sk\/wp-json\/wp\/v2\/product_cat?post=29898"},{"taxonomy":"product_tag","embeddable":true,"href":"https:\/\/hardnesstests.com\/sk\/wp-json\/wp\/v2\/product_tag?post=29898"}],"curies":[{"name":"wp","href":"https:\/\/api.w.org\/{rel}","templated":true}]}}