{"id":29807,"date":"2025-11-27T08:22:53","date_gmt":"2025-11-27T08:22:53","guid":{"rendered":"https:\/\/hardnesstests.com\/?post_type=product&#038;p=29807"},"modified":"2025-11-27T08:22:53","modified_gmt":"2025-11-27T08:22:53","slug":"%ef%bc%88hrm-45dt%ef%bc%89-electric-surface-rockwell-hardness-tester","status":"publish","type":"product","link":"https:\/\/hardnesstests.com\/sk\/produkt\/%ef%bc%88hrm-45dt%ef%bc%89-electric-surface-rockwell-hardness-tester\/","title":{"rendered":"\uff08HRM-45DT\uff09 Elektrick\u00fd povrchov\u00fd Rockwellov tester tvrdosti"},"content":{"rendered":"<h1 style=\"font-weight: 400;\"><strong>Main features and features:<\/strong><\/h1>\n<ol>\n<li>The hardness value is directly read through the dial pointer, the pointer is sensitive, and the measured result is higher than the national standard;<\/li>\n<li>The shell is formed by a special sand-casting process. The structure is stable and not deformed, and it can work under harsh environment. The car paint has high grade and strong scratch resistance. It is still bright and new for many years.<\/li>\n<li style=\"font-weight: 400;\">Test force: application, load, unloading automatically completed;<\/li>\n<li>We have the ability to develop and design, manufacture and process our own machines. Our machines provide replacement and maintenance upgrade services for life.<\/li>\n<\/ol>\n<h1 style=\"font-weight: 400;\"><strong>Main use and scope of application:<\/strong><\/h1>\n<ol>\n<li style=\"font-weight: 400;\">Hardened steel, quenched and tempered steel, annealed steel, bearing steel, strip steel, hardened steel sheet, hard alloy, etc.<\/li>\n<\/ol>\n<h1 style=\"font-weight: 400;\"><strong>Technicial parameters<\/strong><strong>\uff1a<\/strong><\/h1>\n<table>\n<tbody>\n<tr>\n<td width=\"120\">Model v\u00fdrobku<\/td>\n<td width=\"485\">HRM-45DT<\/td>\n<\/tr>\n<tr>\n<td width=\"120\">Intial test force<\/td>\n<td width=\"485\">3kgf(29.42N)<\/td>\n<\/tr>\n<tr>\n<td width=\"120\">Test force<\/td>\n<td width=\"485\">15kgf(147.1N)\u00a0\u00a0\u00a030kgf(294.2N)\u00a0\u00a0\u00a0\u00a045kgf(441.3N)<\/td>\n<\/tr>\n<tr>\n<td width=\"120\">Rockwell ruler<\/td>\n<td width=\"485\">HR15N, HR30N, HR45N, HR15T, HR30T, HR45T<\/td>\n<\/tr>\n<tr>\n<td width=\"120\">D\u00e1tov\u00fd v\u00fdstup<\/td>\n<td width=\"485\">Dial reading<\/td>\n<\/tr>\n<tr>\n<td width=\"120\">V\u00fdkonn\u00fd \u0161tandard<\/td>\n<td width=\"485\">GB\/T230.1\u00a0\u00a0GB\/T230.2 national standard\u00a0\u00a0JJG112Verification procedure<\/td>\n<\/tr>\n<tr>\n<td width=\"120\">Maximum height of the test piece<\/td>\n<td width=\"485\">190mm<\/td>\n<\/tr>\n<tr>\n<td width=\"120\">Indenter-outer wall distance<\/td>\n<td width=\"485\">160mm<\/td>\n<\/tr>\n<tr>\n<td width=\"120\">Nap\u00e1janie<\/td>\n<td width=\"485\">AC220V<u>+<\/u>5%,50~60Hz<\/td>\n<\/tr>\n<tr>\n<td width=\"120\">Dimension (mm)<\/td>\n<td width=\"485\">520*240*700<\/td>\n<\/tr>\n<tr>\n<td width=\"120\">Host weight<\/td>\n<td width=\"485\">Around 70Kg<\/td>\n<\/tr>\n<\/tbody>\n<\/table>","protected":false},"excerpt":{"rendered":"<p style=\"font-weight: 400;\">The electric surface Rockwell hardness tester adopts an automatic loading and unloading test force mechanism, and the test force conversion is obtained by the rotation of the variable load hand wheel;<\/p>\n<p style=\"font-weight: 400;\">The operation is simple and rapid, and there is no artificial operation error except for the dial to zero, which has high sensitivity and stability;<\/p>\n<p><span style=\"font-weight: 400;\">Suitable for workshops and laboratories. It has been widely used in all walks of life.<\/span><\/p>","protected":false},"featured_media":29808,"comment_status":"open","ping_status":"closed","template":"","meta":[],"product_brand":[],"product_cat":[70,74],"product_tag":[109],"class_list":{"0":"post-29807","1":"product","2":"type-product","3":"status-publish","4":"has-post-thumbnail","6":"product_cat-hardness-tester","7":"product_cat-rockwell-hardness-tester","8":"product_tag-methods-rockwell-hardness-test","10":"first","11":"instock","12":"shipping-taxable","13":"product-type-simple"},"yoast_head":"<!-- This site is optimized with the Yoast SEO Premium plugin v25.4 (Yoast SEO v27.4) - https:\/\/yoast.com\/product\/yoast-seo-premium-wordpress\/ -->\n<title>\uff08HRM-45DT\uff09 Electric surface Rockwell hardness tester - hardnesstests<\/title>\n<meta name=\"robots\" content=\"index, follow, max-snippet:-1, max-image-preview:large, max-video-preview:-1\" \/>\n<link rel=\"canonical\" href=\"https:\/\/hardnesstests.com\/sk\/produkt\/\uff08hrm-45dt\uff09-electric-surface-rockwell-hardness-tester\/\" \/>\n<meta property=\"og:locale\" content=\"sk_SK\" \/>\n<meta property=\"og:type\" content=\"article\" \/>\n<meta property=\"og:title\" content=\"\uff08HRM-45DT\uff09 Electric surface Rockwell hardness tester\" \/>\n<meta property=\"og:description\" content=\"The electric surface Rockwell hardness tester adopts an automatic loading and unloading test force mechanism, and the test force conversion is obtained by the rotation of the variable load hand wheel; The operation is simple and rapid, and there is no artificial operation error except for the dial to zero, which has high sensitivity and stability; Suitable for workshops and laboratories. It has been widely used in all walks of life.\" \/>\n<meta property=\"og:url\" content=\"https:\/\/hardnesstests.com\/sk\/produkt\/\uff08hrm-45dt\uff09-electric-surface-rockwell-hardness-tester\/\" \/>\n<meta property=\"og:site_name\" content=\"hardnesstests\" \/>\n<meta property=\"og:image\" content=\"https:\/\/hardnesstests.com\/wp-content\/uploads\/2025\/11\/HRM-45DT\u7535\u52a8\u8868\u9762\u6d1b\u6c0f\u786c\u5ea6\u8ba1.jpg\" \/>\n\t<meta property=\"og:image:width\" content=\"800\" \/>\n\t<meta property=\"og:image:height\" content=\"800\" \/>\n\t<meta property=\"og:image:type\" content=\"image\/jpeg\" \/>\n<meta name=\"twitter:card\" content=\"summary_large_image\" \/>\n<meta name=\"twitter:label1\" content=\"Predpokladan\u00fd \u010das \u010d\u00edtania\" \/>\n\t<meta name=\"twitter:data1\" content=\"1 min\u00fata\" \/>\n<script type=\"application\/ld+json\" class=\"yoast-schema-graph\">{\"@context\":\"https:\\\/\\\/schema.org\",\"@graph\":[{\"@type\":\"WebPage\",\"@id\":\"https:\\\/\\\/hardnesstests.com\\\/product\\\/%ef%bc%88hrm-45dt%ef%bc%89-electric-surface-rockwell-hardness-tester\\\/\",\"url\":\"https:\\\/\\\/hardnesstests.com\\\/product\\\/%ef%bc%88hrm-45dt%ef%bc%89-electric-surface-rockwell-hardness-tester\\\/\",\"name\":\"\uff08HRM-45DT\uff09 Electric surface Rockwell hardness tester - hardnesstests\",\"isPartOf\":{\"@id\":\"https:\\\/\\\/hardnesstests.com\\\/tr\\\/#website\"},\"primaryImageOfPage\":{\"@id\":\"https:\\\/\\\/hardnesstests.com\\\/product\\\/%ef%bc%88hrm-45dt%ef%bc%89-electric-surface-rockwell-hardness-tester\\\/#primaryimage\"},\"image\":{\"@id\":\"https:\\\/\\\/hardnesstests.com\\\/product\\\/%ef%bc%88hrm-45dt%ef%bc%89-electric-surface-rockwell-hardness-tester\\\/#primaryimage\"},\"thumbnailUrl\":\"https:\\\/\\\/hardnesstests.com\\\/wp-content\\\/uploads\\\/2025\\\/11\\\/HRM-45DT\u7535\u52a8\u8868\u9762\u6d1b\u6c0f\u786c\u5ea6\u8ba1.jpg\",\"datePublished\":\"2025-11-27T08:22:53+00:00\",\"breadcrumb\":{\"@id\":\"https:\\\/\\\/hardnesstests.com\\\/product\\\/%ef%bc%88hrm-45dt%ef%bc%89-electric-surface-rockwell-hardness-tester\\\/#breadcrumb\"},\"inLanguage\":\"sk-SK\",\"potentialAction\":[{\"@type\":\"ReadAction\",\"target\":[\"https:\\\/\\\/hardnesstests.com\\\/product\\\/%ef%bc%88hrm-45dt%ef%bc%89-electric-surface-rockwell-hardness-tester\\\/\"]}]},{\"@type\":\"ImageObject\",\"inLanguage\":\"sk-SK\",\"@id\":\"https:\\\/\\\/hardnesstests.com\\\/product\\\/%ef%bc%88hrm-45dt%ef%bc%89-electric-surface-rockwell-hardness-tester\\\/#primaryimage\",\"url\":\"https:\\\/\\\/hardnesstests.com\\\/wp-content\\\/uploads\\\/2025\\\/11\\\/HRM-45DT\u7535\u52a8\u8868\u9762\u6d1b\u6c0f\u786c\u5ea6\u8ba1.jpg\",\"contentUrl\":\"https:\\\/\\\/hardnesstests.com\\\/wp-content\\\/uploads\\\/2025\\\/11\\\/HRM-45DT\u7535\u52a8\u8868\u9762\u6d1b\u6c0f\u786c\u5ea6\u8ba1.jpg\",\"width\":800,\"height\":800,\"caption\":\"\uff08HRM-45DT\uff09 Electric surface Rockwell hardness tester\"},{\"@type\":\"BreadcrumbList\",\"@id\":\"https:\\\/\\\/hardnesstests.com\\\/product\\\/%ef%bc%88hrm-45dt%ef%bc%89-electric-surface-rockwell-hardness-tester\\\/#breadcrumb\",\"itemListElement\":[{\"@type\":\"ListItem\",\"position\":1,\"name\":\"\u9996\u9875\",\"item\":\"https:\\\/\\\/hardnesstests.com\\\/\"},{\"@type\":\"ListItem\",\"position\":2,\"name\":\"products\",\"item\":\"https:\\\/\\\/hardnesstests.com\\\/products\\\/\"},{\"@type\":\"ListItem\",\"position\":3,\"name\":\"\uff08HRM-45DT\uff09 Electric surface Rockwell hardness tester\"}]},{\"@type\":\"WebSite\",\"@id\":\"https:\\\/\\\/hardnesstests.com\\\/tr\\\/#website\",\"url\":\"https:\\\/\\\/hardnesstests.com\\\/tr\\\/\",\"name\":\"hardnesstests\",\"description\":\"\",\"publisher\":{\"@id\":\"https:\\\/\\\/hardnesstests.com\\\/tr\\\/#organization\"},\"potentialAction\":[{\"@type\":\"SearchAction\",\"target\":{\"@type\":\"EntryPoint\",\"urlTemplate\":\"https:\\\/\\\/hardnesstests.com\\\/tr\\\/?s={search_term_string}\"},\"query-input\":{\"@type\":\"PropertyValueSpecification\",\"valueRequired\":true,\"valueName\":\"search_term_string\"}}],\"inLanguage\":\"sk-SK\"},{\"@type\":\"Organization\",\"@id\":\"https:\\\/\\\/hardnesstests.com\\\/tr\\\/#organization\",\"name\":\"hardnesstests\",\"url\":\"https:\\\/\\\/hardnesstests.com\\\/tr\\\/\",\"logo\":{\"@type\":\"ImageObject\",\"inLanguage\":\"sk-SK\",\"@id\":\"https:\\\/\\\/hardnesstests.com\\\/tr\\\/#\\\/schema\\\/logo\\\/image\\\/\",\"url\":\"https:\\\/\\\/hardnesstests.com\\\/wp-content\\\/uploads\\\/2021\\\/08\\\/\u5fae\u4fe1\u56fe\u7247_20251029102004_335_1287.png\",\"contentUrl\":\"https:\\\/\\\/hardnesstests.com\\\/wp-content\\\/uploads\\\/2021\\\/08\\\/\u5fae\u4fe1\u56fe\u7247_20251029102004_335_1287.png\",\"width\":1308,\"height\":467,\"caption\":\"hardnesstests\"},\"image\":{\"@id\":\"https:\\\/\\\/hardnesstests.com\\\/tr\\\/#\\\/schema\\\/logo\\\/image\\\/\"}}]}<\/script>\n<!-- \/ Yoast SEO Premium plugin. -->","yoast_head_json":{"title":"\uff08HRM-45DT\uff09 Electric surface Rockwell hardness tester - hardnesstests","robots":{"index":"index","follow":"follow","max-snippet":"max-snippet:-1","max-image-preview":"max-image-preview:large","max-video-preview":"max-video-preview:-1"},"canonical":"https:\/\/hardnesstests.com\/sk\/produkt\/\uff08hrm-45dt\uff09-electric-surface-rockwell-hardness-tester\/","og_locale":"sk_SK","og_type":"article","og_title":"\uff08HRM-45DT\uff09 Electric surface Rockwell hardness tester","og_description":"The electric surface Rockwell hardness tester adopts an automatic loading and unloading test force mechanism, and the test force conversion is obtained by the rotation of the variable load hand wheel; The operation is simple and rapid, and there is no artificial operation error except for the dial to zero, which has high sensitivity and stability; Suitable for workshops and laboratories. It has been widely used in all walks of life.","og_url":"https:\/\/hardnesstests.com\/sk\/produkt\/\uff08hrm-45dt\uff09-electric-surface-rockwell-hardness-tester\/","og_site_name":"hardnesstests","og_image":[{"width":800,"height":800,"url":"https:\/\/hardnesstests.com\/wp-content\/uploads\/2025\/11\/HRM-45DT\u7535\u52a8\u8868\u9762\u6d1b\u6c0f\u786c\u5ea6\u8ba1.jpg","type":"image\/jpeg"}],"twitter_card":"summary_large_image","twitter_misc":{"Predpokladan\u00fd \u010das \u010d\u00edtania":"1 min\u00fata"},"schema":{"@context":"https:\/\/schema.org","@graph":[{"@type":"WebPage","@id":"https:\/\/hardnesstests.com\/product\/%ef%bc%88hrm-45dt%ef%bc%89-electric-surface-rockwell-hardness-tester\/","url":"https:\/\/hardnesstests.com\/product\/%ef%bc%88hrm-45dt%ef%bc%89-electric-surface-rockwell-hardness-tester\/","name":"\uff08HRM-45DT\uff09 Electric surface Rockwell hardness tester - hardnesstests","isPartOf":{"@id":"https:\/\/hardnesstests.com\/tr\/#website"},"primaryImageOfPage":{"@id":"https:\/\/hardnesstests.com\/product\/%ef%bc%88hrm-45dt%ef%bc%89-electric-surface-rockwell-hardness-tester\/#primaryimage"},"image":{"@id":"https:\/\/hardnesstests.com\/product\/%ef%bc%88hrm-45dt%ef%bc%89-electric-surface-rockwell-hardness-tester\/#primaryimage"},"thumbnailUrl":"https:\/\/hardnesstests.com\/wp-content\/uploads\/2025\/11\/HRM-45DT\u7535\u52a8\u8868\u9762\u6d1b\u6c0f\u786c\u5ea6\u8ba1.jpg","datePublished":"2025-11-27T08:22:53+00:00","breadcrumb":{"@id":"https:\/\/hardnesstests.com\/product\/%ef%bc%88hrm-45dt%ef%bc%89-electric-surface-rockwell-hardness-tester\/#breadcrumb"},"inLanguage":"sk-SK","potentialAction":[{"@type":"ReadAction","target":["https:\/\/hardnesstests.com\/product\/%ef%bc%88hrm-45dt%ef%bc%89-electric-surface-rockwell-hardness-tester\/"]}]},{"@type":"ImageObject","inLanguage":"sk-SK","@id":"https:\/\/hardnesstests.com\/product\/%ef%bc%88hrm-45dt%ef%bc%89-electric-surface-rockwell-hardness-tester\/#primaryimage","url":"https:\/\/hardnesstests.com\/wp-content\/uploads\/2025\/11\/HRM-45DT\u7535\u52a8\u8868\u9762\u6d1b\u6c0f\u786c\u5ea6\u8ba1.jpg","contentUrl":"https:\/\/hardnesstests.com\/wp-content\/uploads\/2025\/11\/HRM-45DT\u7535\u52a8\u8868\u9762\u6d1b\u6c0f\u786c\u5ea6\u8ba1.jpg","width":800,"height":800,"caption":"\uff08HRM-45DT\uff09 Electric surface Rockwell hardness tester"},{"@type":"BreadcrumbList","@id":"https:\/\/hardnesstests.com\/product\/%ef%bc%88hrm-45dt%ef%bc%89-electric-surface-rockwell-hardness-tester\/#breadcrumb","itemListElement":[{"@type":"ListItem","position":1,"name":"\u9996\u9875","item":"https:\/\/hardnesstests.com\/"},{"@type":"ListItem","position":2,"name":"products","item":"https:\/\/hardnesstests.com\/products\/"},{"@type":"ListItem","position":3,"name":"\uff08HRM-45DT\uff09 Electric surface Rockwell hardness tester"}]},{"@type":"WebSite","@id":"https:\/\/hardnesstests.com\/tr\/#website","url":"https:\/\/hardnesstests.com\/tr\/","name":"hardnesstests","description":"","publisher":{"@id":"https:\/\/hardnesstests.com\/tr\/#organization"},"potentialAction":[{"@type":"SearchAction","target":{"@type":"EntryPoint","urlTemplate":"https:\/\/hardnesstests.com\/tr\/?s={search_term_string}"},"query-input":{"@type":"PropertyValueSpecification","valueRequired":true,"valueName":"search_term_string"}}],"inLanguage":"sk-SK"},{"@type":"Organization","@id":"https:\/\/hardnesstests.com\/tr\/#organization","name":"hardnesstests","url":"https:\/\/hardnesstests.com\/tr\/","logo":{"@type":"ImageObject","inLanguage":"sk-SK","@id":"https:\/\/hardnesstests.com\/tr\/#\/schema\/logo\/image\/","url":"https:\/\/hardnesstests.com\/wp-content\/uploads\/2021\/08\/\u5fae\u4fe1\u56fe\u7247_20251029102004_335_1287.png","contentUrl":"https:\/\/hardnesstests.com\/wp-content\/uploads\/2021\/08\/\u5fae\u4fe1\u56fe\u7247_20251029102004_335_1287.png","width":1308,"height":467,"caption":"hardnesstests"},"image":{"@id":"https:\/\/hardnesstests.com\/tr\/#\/schema\/logo\/image\/"}}]}},"_links":{"self":[{"href":"https:\/\/hardnesstests.com\/sk\/wp-json\/wp\/v2\/product\/29807","targetHints":{"allow":["GET"]}}],"collection":[{"href":"https:\/\/hardnesstests.com\/sk\/wp-json\/wp\/v2\/product"}],"about":[{"href":"https:\/\/hardnesstests.com\/sk\/wp-json\/wp\/v2\/types\/product"}],"replies":[{"embeddable":true,"href":"https:\/\/hardnesstests.com\/sk\/wp-json\/wp\/v2\/comments?post=29807"}],"version-history":[{"count":1,"href":"https:\/\/hardnesstests.com\/sk\/wp-json\/wp\/v2\/product\/29807\/revisions"}],"predecessor-version":[{"id":29809,"href":"https:\/\/hardnesstests.com\/sk\/wp-json\/wp\/v2\/product\/29807\/revisions\/29809"}],"wp:featuredmedia":[{"embeddable":true,"href":"https:\/\/hardnesstests.com\/sk\/wp-json\/wp\/v2\/media\/29808"}],"wp:attachment":[{"href":"https:\/\/hardnesstests.com\/sk\/wp-json\/wp\/v2\/media?parent=29807"}],"wp:term":[{"taxonomy":"product_brand","embeddable":true,"href":"https:\/\/hardnesstests.com\/sk\/wp-json\/wp\/v2\/product_brand?post=29807"},{"taxonomy":"product_cat","embeddable":true,"href":"https:\/\/hardnesstests.com\/sk\/wp-json\/wp\/v2\/product_cat?post=29807"},{"taxonomy":"product_tag","embeddable":true,"href":"https:\/\/hardnesstests.com\/sk\/wp-json\/wp\/v2\/product_tag?post=29807"}],"curies":[{"name":"wp","href":"https:\/\/api.w.org\/{rel}","templated":true}]}}