{"id":29751,"date":"2025-11-27T07:25:08","date_gmt":"2025-11-27T07:25:08","guid":{"rendered":"https:\/\/hardnesstests.com\/?post_type=product&#038;p=29751"},"modified":"2025-11-27T07:25:08","modified_gmt":"2025-11-27T07:25:08","slug":"ow-speed-precision-cutting-machine-hqg-100d","status":"publish","type":"product","link":"https:\/\/hardnesstests.com\/sk\/produkt\/ow-speed-precision-cutting-machine-hqg-100d\/","title":{"rendered":"presn\u00fd rezac\u00ed stroj HQG-100D"},"content":{"rendered":"<h1><strong> Main technical specifications<\/strong><\/h1>\n<table width=\"698\">\n<tbody>\n<tr>\n<td width=\"125\">Input power<\/td>\n<td width=\"426\"><strong>Single phase AC220V, 50Hz<\/strong><\/td>\n<td colspan=\"3\" width=\"147\">&nbsp;<\/td>\n<\/tr>\n<tr>\n<td width=\"125\">Motor power<\/td>\n<td width=\"426\"><strong>300W<\/strong><\/td>\n<td colspan=\"3\" width=\"147\">&nbsp;<\/td>\n<\/tr>\n<tr>\n<td width=\"125\">Cutting capacity<\/td>\n<td width=\"426\"><strong>25mm<\/strong><\/td>\n<td colspan=\"3\" width=\"147\">&nbsp;<\/td>\n<\/tr>\n<tr>\n<td width=\"125\">Cutting disc specifications<\/td>\n<td width=\"426\"><strong>\u03a6100\u00d70.3\u00d7\u03a612.7mm<\/strong><\/td>\n<td colspan=\"3\" width=\"147\">&nbsp;<\/td>\n<\/tr>\n<tr>\n<td width=\"125\">Cutting disc speed<\/td>\n<td width=\"426\"><strong>50<\/strong><strong>\u301c<\/strong><strong>1000rpm<\/strong><\/td>\n<td colspan=\"3\" width=\"147\">&nbsp;<\/td>\n<\/tr>\n<tr>\n<td width=\"125\">Cutting method<\/td>\n<td width=\"426\"><strong>Gravity feed straight cutting<\/strong><\/td>\n<td colspan=\"3\" width=\"147\">&nbsp;<\/td>\n<\/tr>\n<tr>\n<td width=\"125\">Counterweight loading<\/td>\n<td width=\"426\"><strong>0-450g<\/strong><\/td>\n<td colspan=\"3\" width=\"147\">&nbsp;<\/td>\n<\/tr>\n<tr>\n<td width=\"125\">Micrometer feed<\/td>\n<td width=\"426\"><strong>0-25mm<\/strong><\/td>\n<td colspan=\"3\" width=\"147\">&nbsp;<\/td>\n<\/tr>\n<tr>\n<td width=\"125\">Positioning accuracy<\/td>\n<td width=\"426\"><strong>0.01mm<\/strong><\/td>\n<td colspan=\"3\" width=\"147\">&nbsp;<\/td>\n<\/tr>\n<tr>\n<td width=\"125\">Operation method<\/td>\n<td width=\"426\">Touch screen<\/td>\n<td colspan=\"3\" width=\"147\">&nbsp;<\/td>\n<\/tr>\n<tr>\n<td width=\"125\">Cooling method<\/td>\n<td width=\"426\">Water cooling<\/td>\n<td width=\"49\"><strong>\u2003<\/strong><\/td>\n<td width=\"49\"><strong>\u2003<\/strong><\/td>\n<td width=\"49\"><strong>\u2003<\/strong><\/td>\n<\/tr>\n<tr>\n<td width=\"125\">Automatic stop<\/td>\n<td width=\"426\">Automatically stops after cutting<\/td>\n<td colspan=\"3\" width=\"147\">&nbsp;<\/td>\n<\/tr>\n<tr>\n<td width=\"125\">Equipment dimensions<\/td>\n<td width=\"426\"><strong>335\u00d7330\u00d7365mm<\/strong><\/td>\n<td colspan=\"3\" width=\"147\">&nbsp;<\/td>\n<\/tr>\n<tr>\n<td width=\"125\">Hmotnos\u0165<\/td>\n<td width=\"426\"><strong>30KG<\/strong><\/td>\n<td colspan=\"3\" width=\"147\">&nbsp;<\/td>\n<\/tr>\n<\/tbody>\n<\/table>\n<h1 style=\"font-weight: 400;\"><strong>Configuration list<\/strong><\/h1>\n<table width=\"628\">\n<tbody>\n<tr>\n<td width=\"189\">Model<\/td>\n<td width=\"160\">Product name<\/td>\n<td width=\"95\">Unit<\/td>\n<td width=\"184\">Quantity<\/td>\n<\/tr>\n<tr>\n<td width=\"189\">HQG-100B<\/td>\n<td width=\"160\">Low speed precision cutting machine<\/td>\n<td width=\"95\">Unit<\/td>\n<td width=\"184\">1<\/td>\n<\/tr>\n<tr>\n<td width=\"189\">Product accessories<\/td>\n<td width=\"160\">Unit<\/td>\n<td width=\"95\">Quantity<\/td>\n<td width=\"184\">Remark<\/td>\n<\/tr>\n<tr>\n<td width=\"189\">Hexagon wrench<\/td>\n<td width=\"160\">Set<\/td>\n<td width=\"95\">1<\/td>\n<td width=\"184\"><\/td>\n<\/tr>\n<tr>\n<td width=\"189\">Diamond cutting disc<\/td>\n<td width=\"160\">Piece<\/td>\n<td width=\"95\">1<\/td>\n<td width=\"184\">\u03a6100\u00d70.3\u00d7\u03a612.7mm<\/p>\n<p>Already installed on the device<\/td>\n<\/tr>\n<tr>\n<td width=\"189\">Cutting fluid<\/td>\n<td width=\"160\">Bottle<\/td>\n<td width=\"95\">1<\/td>\n<td width=\"184\"><\/td>\n<\/tr>\n<tr>\n<td width=\"189\">Flat-nose pliers<\/td>\n<td width=\"160\">Set<\/td>\n<td width=\"95\">1<\/td>\n<td rowspan=\"3\" width=\"184\">Single saddle clamp<\/p>\n<p>Double saddle clamp<\/p>\n<p>Teardrop clamp<\/p>\n<p>Optional<\/td>\n<\/tr>\n<tr>\n<td width=\"189\">Inlay fixture<\/td>\n<td width=\"160\">Set<\/td>\n<td width=\"95\">1<\/td>\n<\/tr>\n<tr>\n<td width=\"189\">Irregular fixture<\/td>\n<td width=\"160\">Set<\/td>\n<td width=\"95\">1<\/td>\n<\/tr>\n<tr>\n<td width=\"189\">Technical documents<\/td>\n<td colspan=\"3\" width=\"439\">1. One copy of product manual 2. One copy of product certificate<\/td>\n<\/tr>\n<\/tbody>\n<\/table>","protected":false},"excerpt":{"rendered":"<p>QG-100D is an economical and low-speed precision cutting machine, which is particularly suitable for cutting small, soft, brittle, and special-shaped metal materials, composite materials, plastics, electronic components, biomaterials, ceramics, cement, rock and minerals, etc. It is also commonly used for thin-section sample preparation. The machine uses a weight block load gravity feed straight cutting, and stops automatically after cutting. The micrometer device can adjust the thickness of the sample cutting to achieve precision cutting. The touch screen control is clear and user-friendly, and the cutting wheel speed is controllable. In order to avoid burning the sample due to overheating during cutting, the machine has a built-in movable coolant tank. During the cutting process, the diamond cutting blade rotates to bring out cooling water, so that the cutting blade and the sample material are cooled. The surface of the cut sample is bright and flat without burns. The equipment has the characteristics of exquisite body, small space occupation, easy operation and maintenance. It is one of the sample preparation equipment used for metallographic experiments in colleges and universities, factories and enterprises.<\/p>","protected":false},"featured_media":29752,"comment_status":"open","ping_status":"closed","template":"","meta":[],"product_brand":[],"product_cat":[93,81],"product_tag":[108],"class_list":{"0":"post-29751","1":"product","2":"type-product","3":"status-publish","4":"has-post-thumbnail","6":"product_cat-metallographic-cutting-machine","7":"product_cat-sample-preparation-and-analysis","8":"product_tag-metallographic-cutting-machine","10":"first","11":"instock","12":"shipping-taxable","13":"product-type-simple"},"yoast_head":"<!-- This site is optimized with the Yoast SEO Premium plugin v25.4 (Yoast SEO v27.4) - https:\/\/yoast.com\/product\/yoast-seo-premium-wordpress\/ -->\n<title>ow speed precision cutting machine HQG-100D - hardnesstests<\/title>\n<meta name=\"robots\" content=\"index, follow, max-snippet:-1, max-image-preview:large, max-video-preview:-1\" \/>\n<link rel=\"canonical\" href=\"https:\/\/hardnesstests.com\/sk\/produkt\/ow-speed-precision-cutting-machine-hqg-100d\/\" \/>\n<meta property=\"og:locale\" content=\"sk_SK\" \/>\n<meta property=\"og:type\" content=\"article\" \/>\n<meta property=\"og:title\" content=\"ow speed precision cutting machine HQG-100D\" \/>\n<meta property=\"og:description\" content=\"QG-100D is an economical and low-speed precision cutting machine, which is particularly suitable for cutting small, soft, brittle, and special-shaped metal materials, composite materials, plastics, electronic components, biomaterials, ceramics, cement, rock and minerals, etc. It is also commonly used for thin-section sample preparation. The machine uses a weight block load gravity feed straight cutting, and stops automatically after cutting. The micrometer device can adjust the thickness of the sample cutting to achieve precision cutting. The touch screen control is clear and user-friendly, and the cutting wheel speed is controllable. In order to avoid burning the sample due to overheating during cutting, the machine has a built-in movable coolant tank. During the cutting process, the diamond cutting blade rotates to bring out cooling water, so that the cutting blade and the sample material are cooled. The surface of the cut sample is bright and flat without burns. The equipment has the characteristics of exquisite body, small space occupation, easy operation and maintenance. It is one of the sample preparation equipment used for metallographic experiments in colleges and universities, factories and enterprises.\" \/>\n<meta property=\"og:url\" content=\"https:\/\/hardnesstests.com\/sk\/produkt\/ow-speed-precision-cutting-machine-hqg-100d\/\" \/>\n<meta property=\"og:site_name\" content=\"hardnesstests\" \/>\n<meta property=\"og:image\" content=\"https:\/\/hardnesstests.com\/wp-content\/uploads\/2025\/11\/HQG-100D\u4f4e\u901f\u7cbe\u5bc6\u5207\u5272\u673a.jpg\" \/>\n\t<meta property=\"og:image:width\" content=\"800\" \/>\n\t<meta property=\"og:image:height\" content=\"800\" \/>\n\t<meta property=\"og:image:type\" content=\"image\/jpeg\" \/>\n<meta name=\"twitter:card\" content=\"summary_large_image\" \/>\n<meta name=\"twitter:label1\" content=\"Predpokladan\u00fd \u010das \u010d\u00edtania\" \/>\n\t<meta name=\"twitter:data1\" content=\"1 min\u00fata\" \/>\n<script type=\"application\/ld+json\" class=\"yoast-schema-graph\">{\"@context\":\"https:\\\/\\\/schema.org\",\"@graph\":[{\"@type\":\"WebPage\",\"@id\":\"https:\\\/\\\/hardnesstests.com\\\/product\\\/ow-speed-precision-cutting-machine-hqg-100d\\\/\",\"url\":\"https:\\\/\\\/hardnesstests.com\\\/product\\\/ow-speed-precision-cutting-machine-hqg-100d\\\/\",\"name\":\"ow speed precision cutting machine HQG-100D - hardnesstests\",\"isPartOf\":{\"@id\":\"https:\\\/\\\/hardnesstests.com\\\/tr\\\/#website\"},\"primaryImageOfPage\":{\"@id\":\"https:\\\/\\\/hardnesstests.com\\\/product\\\/ow-speed-precision-cutting-machine-hqg-100d\\\/#primaryimage\"},\"image\":{\"@id\":\"https:\\\/\\\/hardnesstests.com\\\/product\\\/ow-speed-precision-cutting-machine-hqg-100d\\\/#primaryimage\"},\"thumbnailUrl\":\"https:\\\/\\\/hardnesstests.com\\\/wp-content\\\/uploads\\\/2025\\\/11\\\/HQG-100D\u4f4e\u901f\u7cbe\u5bc6\u5207\u5272\u673a.jpg\",\"datePublished\":\"2025-11-27T07:25:08+00:00\",\"breadcrumb\":{\"@id\":\"https:\\\/\\\/hardnesstests.com\\\/product\\\/ow-speed-precision-cutting-machine-hqg-100d\\\/#breadcrumb\"},\"inLanguage\":\"sk-SK\",\"potentialAction\":[{\"@type\":\"ReadAction\",\"target\":[\"https:\\\/\\\/hardnesstests.com\\\/product\\\/ow-speed-precision-cutting-machine-hqg-100d\\\/\"]}]},{\"@type\":\"ImageObject\",\"inLanguage\":\"sk-SK\",\"@id\":\"https:\\\/\\\/hardnesstests.com\\\/product\\\/ow-speed-precision-cutting-machine-hqg-100d\\\/#primaryimage\",\"url\":\"https:\\\/\\\/hardnesstests.com\\\/wp-content\\\/uploads\\\/2025\\\/11\\\/HQG-100D\u4f4e\u901f\u7cbe\u5bc6\u5207\u5272\u673a.jpg\",\"contentUrl\":\"https:\\\/\\\/hardnesstests.com\\\/wp-content\\\/uploads\\\/2025\\\/11\\\/HQG-100D\u4f4e\u901f\u7cbe\u5bc6\u5207\u5272\u673a.jpg\",\"width\":800,\"height\":800,\"caption\":\"ow speed precision cutting machine HQG-100D\"},{\"@type\":\"BreadcrumbList\",\"@id\":\"https:\\\/\\\/hardnesstests.com\\\/product\\\/ow-speed-precision-cutting-machine-hqg-100d\\\/#breadcrumb\",\"itemListElement\":[{\"@type\":\"ListItem\",\"position\":1,\"name\":\"\u9996\u9875\",\"item\":\"https:\\\/\\\/hardnesstests.com\\\/\"},{\"@type\":\"ListItem\",\"position\":2,\"name\":\"products\",\"item\":\"https:\\\/\\\/hardnesstests.com\\\/products\\\/\"},{\"@type\":\"ListItem\",\"position\":3,\"name\":\"ow speed precision cutting machine HQG-100D\"}]},{\"@type\":\"WebSite\",\"@id\":\"https:\\\/\\\/hardnesstests.com\\\/tr\\\/#website\",\"url\":\"https:\\\/\\\/hardnesstests.com\\\/tr\\\/\",\"name\":\"hardnesstests\",\"description\":\"\",\"publisher\":{\"@id\":\"https:\\\/\\\/hardnesstests.com\\\/tr\\\/#organization\"},\"potentialAction\":[{\"@type\":\"SearchAction\",\"target\":{\"@type\":\"EntryPoint\",\"urlTemplate\":\"https:\\\/\\\/hardnesstests.com\\\/tr\\\/?s={search_term_string}\"},\"query-input\":{\"@type\":\"PropertyValueSpecification\",\"valueRequired\":true,\"valueName\":\"search_term_string\"}}],\"inLanguage\":\"sk-SK\"},{\"@type\":\"Organization\",\"@id\":\"https:\\\/\\\/hardnesstests.com\\\/tr\\\/#organization\",\"name\":\"hardnesstests\",\"url\":\"https:\\\/\\\/hardnesstests.com\\\/tr\\\/\",\"logo\":{\"@type\":\"ImageObject\",\"inLanguage\":\"sk-SK\",\"@id\":\"https:\\\/\\\/hardnesstests.com\\\/tr\\\/#\\\/schema\\\/logo\\\/image\\\/\",\"url\":\"https:\\\/\\\/hardnesstests.com\\\/wp-content\\\/uploads\\\/2021\\\/08\\\/\u5fae\u4fe1\u56fe\u7247_20251029102004_335_1287.png\",\"contentUrl\":\"https:\\\/\\\/hardnesstests.com\\\/wp-content\\\/uploads\\\/2021\\\/08\\\/\u5fae\u4fe1\u56fe\u7247_20251029102004_335_1287.png\",\"width\":1308,\"height\":467,\"caption\":\"hardnesstests\"},\"image\":{\"@id\":\"https:\\\/\\\/hardnesstests.com\\\/tr\\\/#\\\/schema\\\/logo\\\/image\\\/\"}}]}<\/script>\n<!-- \/ Yoast SEO Premium plugin. -->","yoast_head_json":{"title":"ow speed precision cutting machine HQG-100D - hardnesstests","robots":{"index":"index","follow":"follow","max-snippet":"max-snippet:-1","max-image-preview":"max-image-preview:large","max-video-preview":"max-video-preview:-1"},"canonical":"https:\/\/hardnesstests.com\/sk\/produkt\/ow-speed-precision-cutting-machine-hqg-100d\/","og_locale":"sk_SK","og_type":"article","og_title":"ow speed precision cutting machine HQG-100D","og_description":"QG-100D is an economical and low-speed precision cutting machine, which is particularly suitable for cutting small, soft, brittle, and special-shaped metal materials, composite materials, plastics, electronic components, biomaterials, ceramics, cement, rock and minerals, etc. It is also commonly used for thin-section sample preparation. The machine uses a weight block load gravity feed straight cutting, and stops automatically after cutting. The micrometer device can adjust the thickness of the sample cutting to achieve precision cutting. The touch screen control is clear and user-friendly, and the cutting wheel speed is controllable. In order to avoid burning the sample due to overheating during cutting, the machine has a built-in movable coolant tank. During the cutting process, the diamond cutting blade rotates to bring out cooling water, so that the cutting blade and the sample material are cooled. The surface of the cut sample is bright and flat without burns. The equipment has the characteristics of exquisite body, small space occupation, easy operation and maintenance. It is one of the sample preparation equipment used for metallographic experiments in colleges and universities, factories and enterprises.","og_url":"https:\/\/hardnesstests.com\/sk\/produkt\/ow-speed-precision-cutting-machine-hqg-100d\/","og_site_name":"hardnesstests","og_image":[{"width":800,"height":800,"url":"https:\/\/hardnesstests.com\/wp-content\/uploads\/2025\/11\/HQG-100D\u4f4e\u901f\u7cbe\u5bc6\u5207\u5272\u673a.jpg","type":"image\/jpeg"}],"twitter_card":"summary_large_image","twitter_misc":{"Predpokladan\u00fd \u010das \u010d\u00edtania":"1 min\u00fata"},"schema":{"@context":"https:\/\/schema.org","@graph":[{"@type":"WebPage","@id":"https:\/\/hardnesstests.com\/product\/ow-speed-precision-cutting-machine-hqg-100d\/","url":"https:\/\/hardnesstests.com\/product\/ow-speed-precision-cutting-machine-hqg-100d\/","name":"ow speed precision cutting machine HQG-100D - hardnesstests","isPartOf":{"@id":"https:\/\/hardnesstests.com\/tr\/#website"},"primaryImageOfPage":{"@id":"https:\/\/hardnesstests.com\/product\/ow-speed-precision-cutting-machine-hqg-100d\/#primaryimage"},"image":{"@id":"https:\/\/hardnesstests.com\/product\/ow-speed-precision-cutting-machine-hqg-100d\/#primaryimage"},"thumbnailUrl":"https:\/\/hardnesstests.com\/wp-content\/uploads\/2025\/11\/HQG-100D\u4f4e\u901f\u7cbe\u5bc6\u5207\u5272\u673a.jpg","datePublished":"2025-11-27T07:25:08+00:00","breadcrumb":{"@id":"https:\/\/hardnesstests.com\/product\/ow-speed-precision-cutting-machine-hqg-100d\/#breadcrumb"},"inLanguage":"sk-SK","potentialAction":[{"@type":"ReadAction","target":["https:\/\/hardnesstests.com\/product\/ow-speed-precision-cutting-machine-hqg-100d\/"]}]},{"@type":"ImageObject","inLanguage":"sk-SK","@id":"https:\/\/hardnesstests.com\/product\/ow-speed-precision-cutting-machine-hqg-100d\/#primaryimage","url":"https:\/\/hardnesstests.com\/wp-content\/uploads\/2025\/11\/HQG-100D\u4f4e\u901f\u7cbe\u5bc6\u5207\u5272\u673a.jpg","contentUrl":"https:\/\/hardnesstests.com\/wp-content\/uploads\/2025\/11\/HQG-100D\u4f4e\u901f\u7cbe\u5bc6\u5207\u5272\u673a.jpg","width":800,"height":800,"caption":"ow speed precision cutting machine HQG-100D"},{"@type":"BreadcrumbList","@id":"https:\/\/hardnesstests.com\/product\/ow-speed-precision-cutting-machine-hqg-100d\/#breadcrumb","itemListElement":[{"@type":"ListItem","position":1,"name":"\u9996\u9875","item":"https:\/\/hardnesstests.com\/"},{"@type":"ListItem","position":2,"name":"products","item":"https:\/\/hardnesstests.com\/products\/"},{"@type":"ListItem","position":3,"name":"ow speed precision cutting machine HQG-100D"}]},{"@type":"WebSite","@id":"https:\/\/hardnesstests.com\/tr\/#website","url":"https:\/\/hardnesstests.com\/tr\/","name":"hardnesstests","description":"","publisher":{"@id":"https:\/\/hardnesstests.com\/tr\/#organization"},"potentialAction":[{"@type":"SearchAction","target":{"@type":"EntryPoint","urlTemplate":"https:\/\/hardnesstests.com\/tr\/?s={search_term_string}"},"query-input":{"@type":"PropertyValueSpecification","valueRequired":true,"valueName":"search_term_string"}}],"inLanguage":"sk-SK"},{"@type":"Organization","@id":"https:\/\/hardnesstests.com\/tr\/#organization","name":"hardnesstests","url":"https:\/\/hardnesstests.com\/tr\/","logo":{"@type":"ImageObject","inLanguage":"sk-SK","@id":"https:\/\/hardnesstests.com\/tr\/#\/schema\/logo\/image\/","url":"https:\/\/hardnesstests.com\/wp-content\/uploads\/2021\/08\/\u5fae\u4fe1\u56fe\u7247_20251029102004_335_1287.png","contentUrl":"https:\/\/hardnesstests.com\/wp-content\/uploads\/2021\/08\/\u5fae\u4fe1\u56fe\u7247_20251029102004_335_1287.png","width":1308,"height":467,"caption":"hardnesstests"},"image":{"@id":"https:\/\/hardnesstests.com\/tr\/#\/schema\/logo\/image\/"}}]}},"_links":{"self":[{"href":"https:\/\/hardnesstests.com\/sk\/wp-json\/wp\/v2\/product\/29751","targetHints":{"allow":["GET"]}}],"collection":[{"href":"https:\/\/hardnesstests.com\/sk\/wp-json\/wp\/v2\/product"}],"about":[{"href":"https:\/\/hardnesstests.com\/sk\/wp-json\/wp\/v2\/types\/product"}],"replies":[{"embeddable":true,"href":"https:\/\/hardnesstests.com\/sk\/wp-json\/wp\/v2\/comments?post=29751"}],"version-history":[{"count":1,"href":"https:\/\/hardnesstests.com\/sk\/wp-json\/wp\/v2\/product\/29751\/revisions"}],"predecessor-version":[{"id":29753,"href":"https:\/\/hardnesstests.com\/sk\/wp-json\/wp\/v2\/product\/29751\/revisions\/29753"}],"wp:featuredmedia":[{"embeddable":true,"href":"https:\/\/hardnesstests.com\/sk\/wp-json\/wp\/v2\/media\/29752"}],"wp:attachment":[{"href":"https:\/\/hardnesstests.com\/sk\/wp-json\/wp\/v2\/media?parent=29751"}],"wp:term":[{"taxonomy":"product_brand","embeddable":true,"href":"https:\/\/hardnesstests.com\/sk\/wp-json\/wp\/v2\/product_brand?post=29751"},{"taxonomy":"product_cat","embeddable":true,"href":"https:\/\/hardnesstests.com\/sk\/wp-json\/wp\/v2\/product_cat?post=29751"},{"taxonomy":"product_tag","embeddable":true,"href":"https:\/\/hardnesstests.com\/sk\/wp-json\/wp\/v2\/product_tag?post=29751"}],"curies":[{"name":"wp","href":"https:\/\/api.w.org\/{rel}","templated":true}]}}