{"id":29726,"date":"2025-11-27T06:30:08","date_gmt":"2025-11-27T06:30:08","guid":{"rendered":"https:\/\/hardnesstests.com\/?post_type=product&#038;p=29726"},"modified":"2025-11-27T06:30:09","modified_gmt":"2025-11-27T06:30:09","slug":"chv-30vickers-hardness-tester","status":"publish","type":"product","link":"https:\/\/hardnesstests.com\/sk\/produkt\/chv-30vickers-hardness-tester\/","title":{"rendered":"(CHV-30) Vickersov tester tvrdosti"},"content":{"rendered":"<p>Vickersov tester tvrdosti je \u0161pi\u010dkov\u00fd technologick\u00fd v\u00fdrobok, ktor\u00fd integruje optiku, mechaniku a elektroniku. Vyu\u017e\u00edva syst\u00e9m riadenia za\u0165a\u017eenia s uzavretou slu\u010dkou, s vysokou presnos\u0165ou sk\u00fa\u0161obnej sily, dobrou opakovate\u013enos\u0165ou a stabilitou zobrazovanej hodnoty. Pr\u00edstroj m\u00e1 intuit\u00edvny a preh\u013eadn\u00fd displej, jednoduch\u00e9 ovl\u00e1danie a re\u017eim \u00faspory energie. M\u00e1 optick\u00fd merac\u00ed syst\u00e9m s vysok\u00fdm zv\u00e4\u010d\u0161en\u00edm a optick\u00fa dvojkan\u00e1lov\u00fa \u0161trukt\u00faru, ako aj nov\u00e9 technol\u00f3gie, ako s\u00fa fotoelektrick\u00e9 a fotospojkov\u00e9 sn\u00edma\u010de. Prostredn\u00edctvom kl\u00e1vesov\u00e9ho ovl\u00e1dania mo\u017eno na kl\u00e1vesoch zada\u0165 d\u013a\u017eku meran\u00e9ho odtla\u010dku a na displeji sa zobraz\u00ed hodnota tvrdosti, prevodn\u00e1 stupnica, sk\u00fa\u0161obn\u00e1 sila, \u010das udr\u017eania sk\u00fa\u0161obnej sily a po\u010det meran\u00ed.<\/p>","protected":false},"excerpt":{"rendered":"<p>Vickersov tester tvrdosti je \u0161pi\u010dkov\u00fd technologick\u00fd v\u00fdrobok, ktor\u00fd integruje optiku, mechaniku a elektroniku. Vyu\u017e\u00edva syst\u00e9m riadenia za\u0165a\u017eenia s uzavretou slu\u010dkou, s vysokou presnos\u0165ou sk\u00fa\u0161obnej sily, dobrou opakovate\u013enos\u0165ou a stabilitou zobrazovanej hodnoty. Pr\u00edstroj m\u00e1 intuit\u00edvny a preh\u013eadn\u00fd displej, jednoduch\u00e9 ovl\u00e1danie a re\u017eim \u00faspory energie. M\u00e1 optick\u00fd merac\u00ed syst\u00e9m s vysok\u00fdm zv\u00e4\u010d\u0161en\u00edm a optick\u00fa dvojkan\u00e1lov\u00fa \u0161trukt\u00faru, ako aj nov\u00e9 technol\u00f3gie, ako s\u00fa fotoelektrick\u00e9 a fotospojkov\u00e9 sn\u00edma\u010de. Prostredn\u00edctvom kl\u00e1vesov\u00e9ho ovl\u00e1dania mo\u017eno na kl\u00e1vesoch zada\u0165 d\u013a\u017eku meran\u00e9ho odtla\u010dku a na displeji sa zobraz\u00ed hodnota tvrdosti, prevodn\u00e1 stupnica, sk\u00fa\u0161obn\u00e1 sila, \u010das udr\u017eania sk\u00fa\u0161obnej sily a po\u010det meran\u00ed.<\/p>","protected":false},"featured_media":29727,"comment_status":"open","ping_status":"closed","template":"","meta":[],"product_brand":[],"product_cat":[70,73],"product_tag":[106],"class_list":{"0":"post-29726","1":"product","2":"type-product","3":"status-publish","4":"has-post-thumbnail","6":"product_cat-hardness-tester","7":"product_cat-sensor-vickers-hardness-tester","8":"product_tag-sensor-vickers-hardness-tester","10":"first","11":"instock","12":"shipping-taxable","13":"product-type-simple"},"yoast_head":"<!-- This site is optimized with the Yoast SEO Premium plugin v25.4 (Yoast SEO v27.4) - https:\/\/yoast.com\/product\/yoast-seo-premium-wordpress\/ -->\n<title>(CHV-30)Vickers Hardness Tester - hardnesstests<\/title>\n<meta name=\"robots\" content=\"index, follow, max-snippet:-1, max-image-preview:large, max-video-preview:-1\" \/>\n<link rel=\"canonical\" href=\"https:\/\/hardnesstests.com\/sk\/produkt\/chv-30vickers-hardness-tester\/\" \/>\n<meta property=\"og:locale\" content=\"sk_SK\" \/>\n<meta property=\"og:type\" content=\"article\" \/>\n<meta property=\"og:title\" content=\"(CHV-30)Vickers Hardness Tester\" \/>\n<meta property=\"og:description\" content=\"The Vickers Hardness Tester is a high-tech product integrating optics, mechanics and electronics. It adopts a closed-loop loading control system, with high test force accuracy, good repeatability and stability of the displayed value. The instrument has an intuitive and clear display, easy operation, and energy-saving mode. It has a high-magnification optical measurement system and an optical dual-channel structure, as well as new technologies such as photoelectric and photocoupler sensors. Through key operation, the length of the measured indentation can be input on the key, and the hardness value, conversion scale, test force, test force holding time, and number of measurements can be displayed on the screen.\" \/>\n<meta property=\"og:url\" content=\"https:\/\/hardnesstests.com\/sk\/produkt\/chv-30vickers-hardness-tester\/\" \/>\n<meta property=\"og:site_name\" content=\"hardnesstests\" \/>\n<meta property=\"article:modified_time\" content=\"2025-11-27T06:30:09+00:00\" \/>\n<meta property=\"og:image\" content=\"https:\/\/hardnesstests.com\/wp-content\/uploads\/2025\/11\/CHV-30\u7ef4\u6c0f\u786c\u5ea6\u8ba1.jpg\" \/>\n\t<meta property=\"og:image:width\" content=\"800\" \/>\n\t<meta property=\"og:image:height\" content=\"800\" \/>\n\t<meta property=\"og:image:type\" content=\"image\/jpeg\" \/>\n<meta name=\"twitter:card\" content=\"summary_large_image\" \/>\n<meta name=\"twitter:label1\" content=\"Predpokladan\u00fd \u010das \u010d\u00edtania\" \/>\n\t<meta name=\"twitter:data1\" content=\"1 min\u00fata\" \/>\n<script type=\"application\/ld+json\" class=\"yoast-schema-graph\">{\"@context\":\"https:\\\/\\\/schema.org\",\"@graph\":[{\"@type\":\"WebPage\",\"@id\":\"https:\\\/\\\/hardnesstests.com\\\/product\\\/chv-30vickers-hardness-tester\\\/\",\"url\":\"https:\\\/\\\/hardnesstests.com\\\/product\\\/chv-30vickers-hardness-tester\\\/\",\"name\":\"(CHV-30)Vickers Hardness Tester - hardnesstests\",\"isPartOf\":{\"@id\":\"https:\\\/\\\/hardnesstests.com\\\/tr\\\/#website\"},\"primaryImageOfPage\":{\"@id\":\"https:\\\/\\\/hardnesstests.com\\\/product\\\/chv-30vickers-hardness-tester\\\/#primaryimage\"},\"image\":{\"@id\":\"https:\\\/\\\/hardnesstests.com\\\/product\\\/chv-30vickers-hardness-tester\\\/#primaryimage\"},\"thumbnailUrl\":\"https:\\\/\\\/hardnesstests.com\\\/wp-content\\\/uploads\\\/2025\\\/11\\\/CHV-30\u7ef4\u6c0f\u786c\u5ea6\u8ba1.jpg\",\"datePublished\":\"2025-11-27T06:30:08+00:00\",\"dateModified\":\"2025-11-27T06:30:09+00:00\",\"breadcrumb\":{\"@id\":\"https:\\\/\\\/hardnesstests.com\\\/product\\\/chv-30vickers-hardness-tester\\\/#breadcrumb\"},\"inLanguage\":\"sk-SK\",\"potentialAction\":[{\"@type\":\"ReadAction\",\"target\":[\"https:\\\/\\\/hardnesstests.com\\\/product\\\/chv-30vickers-hardness-tester\\\/\"]}]},{\"@type\":\"ImageObject\",\"inLanguage\":\"sk-SK\",\"@id\":\"https:\\\/\\\/hardnesstests.com\\\/product\\\/chv-30vickers-hardness-tester\\\/#primaryimage\",\"url\":\"https:\\\/\\\/hardnesstests.com\\\/wp-content\\\/uploads\\\/2025\\\/11\\\/CHV-30\u7ef4\u6c0f\u786c\u5ea6\u8ba1.jpg\",\"contentUrl\":\"https:\\\/\\\/hardnesstests.com\\\/wp-content\\\/uploads\\\/2025\\\/11\\\/CHV-30\u7ef4\u6c0f\u786c\u5ea6\u8ba1.jpg\",\"width\":800,\"height\":800,\"caption\":\"(CHV-30)Vickers Hardness Tester\"},{\"@type\":\"BreadcrumbList\",\"@id\":\"https:\\\/\\\/hardnesstests.com\\\/product\\\/chv-30vickers-hardness-tester\\\/#breadcrumb\",\"itemListElement\":[{\"@type\":\"ListItem\",\"position\":1,\"name\":\"\u9996\u9875\",\"item\":\"https:\\\/\\\/hardnesstests.com\\\/\"},{\"@type\":\"ListItem\",\"position\":2,\"name\":\"products\",\"item\":\"https:\\\/\\\/hardnesstests.com\\\/products\\\/\"},{\"@type\":\"ListItem\",\"position\":3,\"name\":\"(CHV-30)Vickers Hardness Tester\"}]},{\"@type\":\"WebSite\",\"@id\":\"https:\\\/\\\/hardnesstests.com\\\/tr\\\/#website\",\"url\":\"https:\\\/\\\/hardnesstests.com\\\/tr\\\/\",\"name\":\"hardnesstests\",\"description\":\"\",\"publisher\":{\"@id\":\"https:\\\/\\\/hardnesstests.com\\\/tr\\\/#organization\"},\"potentialAction\":[{\"@type\":\"SearchAction\",\"target\":{\"@type\":\"EntryPoint\",\"urlTemplate\":\"https:\\\/\\\/hardnesstests.com\\\/tr\\\/?s={search_term_string}\"},\"query-input\":{\"@type\":\"PropertyValueSpecification\",\"valueRequired\":true,\"valueName\":\"search_term_string\"}}],\"inLanguage\":\"sk-SK\"},{\"@type\":\"Organization\",\"@id\":\"https:\\\/\\\/hardnesstests.com\\\/tr\\\/#organization\",\"name\":\"hardnesstests\",\"url\":\"https:\\\/\\\/hardnesstests.com\\\/tr\\\/\",\"logo\":{\"@type\":\"ImageObject\",\"inLanguage\":\"sk-SK\",\"@id\":\"https:\\\/\\\/hardnesstests.com\\\/tr\\\/#\\\/schema\\\/logo\\\/image\\\/\",\"url\":\"https:\\\/\\\/hardnesstests.com\\\/wp-content\\\/uploads\\\/2021\\\/08\\\/\u5fae\u4fe1\u56fe\u7247_20251029102004_335_1287.png\",\"contentUrl\":\"https:\\\/\\\/hardnesstests.com\\\/wp-content\\\/uploads\\\/2021\\\/08\\\/\u5fae\u4fe1\u56fe\u7247_20251029102004_335_1287.png\",\"width\":1308,\"height\":467,\"caption\":\"hardnesstests\"},\"image\":{\"@id\":\"https:\\\/\\\/hardnesstests.com\\\/tr\\\/#\\\/schema\\\/logo\\\/image\\\/\"}}]}<\/script>\n<!-- \/ Yoast SEO Premium plugin. -->","yoast_head_json":{"title":"(CHV-30)Vickers Hardness Tester - hardnesstests","robots":{"index":"index","follow":"follow","max-snippet":"max-snippet:-1","max-image-preview":"max-image-preview:large","max-video-preview":"max-video-preview:-1"},"canonical":"https:\/\/hardnesstests.com\/sk\/produkt\/chv-30vickers-hardness-tester\/","og_locale":"sk_SK","og_type":"article","og_title":"(CHV-30)Vickers Hardness Tester","og_description":"The Vickers Hardness Tester is a high-tech product integrating optics, mechanics and electronics. It adopts a closed-loop loading control system, with high test force accuracy, good repeatability and stability of the displayed value. The instrument has an intuitive and clear display, easy operation, and energy-saving mode. It has a high-magnification optical measurement system and an optical dual-channel structure, as well as new technologies such as photoelectric and photocoupler sensors. Through key operation, the length of the measured indentation can be input on the key, and the hardness value, conversion scale, test force, test force holding time, and number of measurements can be displayed on the screen.","og_url":"https:\/\/hardnesstests.com\/sk\/produkt\/chv-30vickers-hardness-tester\/","og_site_name":"hardnesstests","article_modified_time":"2025-11-27T06:30:09+00:00","og_image":[{"width":800,"height":800,"url":"https:\/\/hardnesstests.com\/wp-content\/uploads\/2025\/11\/CHV-30\u7ef4\u6c0f\u786c\u5ea6\u8ba1.jpg","type":"image\/jpeg"}],"twitter_card":"summary_large_image","twitter_misc":{"Predpokladan\u00fd \u010das \u010d\u00edtania":"1 min\u00fata"},"schema":{"@context":"https:\/\/schema.org","@graph":[{"@type":"WebPage","@id":"https:\/\/hardnesstests.com\/product\/chv-30vickers-hardness-tester\/","url":"https:\/\/hardnesstests.com\/product\/chv-30vickers-hardness-tester\/","name":"(CHV-30)Vickers Hardness Tester - hardnesstests","isPartOf":{"@id":"https:\/\/hardnesstests.com\/tr\/#website"},"primaryImageOfPage":{"@id":"https:\/\/hardnesstests.com\/product\/chv-30vickers-hardness-tester\/#primaryimage"},"image":{"@id":"https:\/\/hardnesstests.com\/product\/chv-30vickers-hardness-tester\/#primaryimage"},"thumbnailUrl":"https:\/\/hardnesstests.com\/wp-content\/uploads\/2025\/11\/CHV-30\u7ef4\u6c0f\u786c\u5ea6\u8ba1.jpg","datePublished":"2025-11-27T06:30:08+00:00","dateModified":"2025-11-27T06:30:09+00:00","breadcrumb":{"@id":"https:\/\/hardnesstests.com\/product\/chv-30vickers-hardness-tester\/#breadcrumb"},"inLanguage":"sk-SK","potentialAction":[{"@type":"ReadAction","target":["https:\/\/hardnesstests.com\/product\/chv-30vickers-hardness-tester\/"]}]},{"@type":"ImageObject","inLanguage":"sk-SK","@id":"https:\/\/hardnesstests.com\/product\/chv-30vickers-hardness-tester\/#primaryimage","url":"https:\/\/hardnesstests.com\/wp-content\/uploads\/2025\/11\/CHV-30\u7ef4\u6c0f\u786c\u5ea6\u8ba1.jpg","contentUrl":"https:\/\/hardnesstests.com\/wp-content\/uploads\/2025\/11\/CHV-30\u7ef4\u6c0f\u786c\u5ea6\u8ba1.jpg","width":800,"height":800,"caption":"(CHV-30)Vickers Hardness Tester"},{"@type":"BreadcrumbList","@id":"https:\/\/hardnesstests.com\/product\/chv-30vickers-hardness-tester\/#breadcrumb","itemListElement":[{"@type":"ListItem","position":1,"name":"\u9996\u9875","item":"https:\/\/hardnesstests.com\/"},{"@type":"ListItem","position":2,"name":"products","item":"https:\/\/hardnesstests.com\/products\/"},{"@type":"ListItem","position":3,"name":"(CHV-30)Vickers Hardness Tester"}]},{"@type":"WebSite","@id":"https:\/\/hardnesstests.com\/tr\/#website","url":"https:\/\/hardnesstests.com\/tr\/","name":"hardnesstests","description":"","publisher":{"@id":"https:\/\/hardnesstests.com\/tr\/#organization"},"potentialAction":[{"@type":"SearchAction","target":{"@type":"EntryPoint","urlTemplate":"https:\/\/hardnesstests.com\/tr\/?s={search_term_string}"},"query-input":{"@type":"PropertyValueSpecification","valueRequired":true,"valueName":"search_term_string"}}],"inLanguage":"sk-SK"},{"@type":"Organization","@id":"https:\/\/hardnesstests.com\/tr\/#organization","name":"hardnesstests","url":"https:\/\/hardnesstests.com\/tr\/","logo":{"@type":"ImageObject","inLanguage":"sk-SK","@id":"https:\/\/hardnesstests.com\/tr\/#\/schema\/logo\/image\/","url":"https:\/\/hardnesstests.com\/wp-content\/uploads\/2021\/08\/\u5fae\u4fe1\u56fe\u7247_20251029102004_335_1287.png","contentUrl":"https:\/\/hardnesstests.com\/wp-content\/uploads\/2021\/08\/\u5fae\u4fe1\u56fe\u7247_20251029102004_335_1287.png","width":1308,"height":467,"caption":"hardnesstests"},"image":{"@id":"https:\/\/hardnesstests.com\/tr\/#\/schema\/logo\/image\/"}}]}},"_links":{"self":[{"href":"https:\/\/hardnesstests.com\/sk\/wp-json\/wp\/v2\/product\/29726","targetHints":{"allow":["GET"]}}],"collection":[{"href":"https:\/\/hardnesstests.com\/sk\/wp-json\/wp\/v2\/product"}],"about":[{"href":"https:\/\/hardnesstests.com\/sk\/wp-json\/wp\/v2\/types\/product"}],"replies":[{"embeddable":true,"href":"https:\/\/hardnesstests.com\/sk\/wp-json\/wp\/v2\/comments?post=29726"}],"version-history":[{"count":1,"href":"https:\/\/hardnesstests.com\/sk\/wp-json\/wp\/v2\/product\/29726\/revisions"}],"predecessor-version":[{"id":29728,"href":"https:\/\/hardnesstests.com\/sk\/wp-json\/wp\/v2\/product\/29726\/revisions\/29728"}],"wp:featuredmedia":[{"embeddable":true,"href":"https:\/\/hardnesstests.com\/sk\/wp-json\/wp\/v2\/media\/29727"}],"wp:attachment":[{"href":"https:\/\/hardnesstests.com\/sk\/wp-json\/wp\/v2\/media?parent=29726"}],"wp:term":[{"taxonomy":"product_brand","embeddable":true,"href":"https:\/\/hardnesstests.com\/sk\/wp-json\/wp\/v2\/product_brand?post=29726"},{"taxonomy":"product_cat","embeddable":true,"href":"https:\/\/hardnesstests.com\/sk\/wp-json\/wp\/v2\/product_cat?post=29726"},{"taxonomy":"product_tag","embeddable":true,"href":"https:\/\/hardnesstests.com\/sk\/wp-json\/wp\/v2\/product_tag?post=29726"}],"curies":[{"name":"wp","href":"https:\/\/api.w.org\/{rel}","templated":true}]}}