{"id":29674,"date":"2025-11-26T07:41:31","date_gmt":"2025-11-26T07:41:31","guid":{"rendered":"https:\/\/hardnesstests.com\/?post_type=product&#038;p=29674"},"modified":"2025-11-27T06:13:41","modified_gmt":"2025-11-27T06:13:41","slug":"touch-screen-digital-display-blowi-hardness-tester-shbrv-187-5f","status":"publish","type":"product","link":"https:\/\/hardnesstests.com\/sk\/produkt\/touch-screen-digital-display-blowi-hardness-tester-shbrv-187-5f\/","title":{"rendered":"Dotykov\u00fd digit\u00e1lny displej Blowiho tvrdomeru (SHBRV-187.5F )"},"content":{"rendered":"<h1 style=\"font-weight: 400;\"><strong>Main features of the instrument<\/strong><\/h1>\n<ol>\n<li style=\"font-weight: 400;\">Optick\u00fd syst\u00e9m navrhnut\u00fd star\u0161\u00edmi optick\u00fdmi in\u017einiermi m\u00e1 nielen jasn\u00fd obraz, ale m\u00f4\u017ee sa pou\u017e\u00edva\u0165 aj ako jednoduch\u00fd mikroskop s nastavite\u013en\u00fdm jasom, pohodln\u00fdm viden\u00edm a nie je \u013eahk\u00e9 ho unavi\u0165 po dlhodobej prev\u00e1dzke;<\/li>\n<li style=\"font-weight: 400;\">The hardness value, conversion hardness, test method, test force, brightness, holding time, number of measurements, statistical data, and test time can be displayed intuitively on the 7-inch LCD touch screen. The test process is intuitive and clear;<\/li>\n<li style=\"font-weight: 400;\">Syst\u00e9m je vybaven\u00fd kalibra\u010dnou funkciou, ktor\u00e1 dok\u00e1\u017ee manu\u00e1lne nastavi\u0165 vstupn\u00fa chybu kalibra\u010dn\u00e9ho pr\u00edstroja;<\/li>\n<li style=\"font-weight: 400;\">When testing the curved surface, it is automatically corrected according to the standard curved surface radius;<\/li>\n<li style=\"font-weight: 400;\">Nastavite\u013en\u00fd rozsah jasu optick\u00e9ho syst\u00e9mu: 0-100;<\/li>\n<li style=\"font-weight: 400;\">100 sets of test data can be stored, and the test data can be viewed at any time, and the current data can also be deleted or all the test data can be cleared;<\/li>\n<li style=\"font-weight: 400;\">Jednotku sk\u00fa\u0161obnej sily mo\u017eno vybra\u0165 manu\u00e1lne pre vz\u00e1jomn\u00fd prevod, prevodn\u00e1 jednotka je: (Kgf, N)<\/li>\n<li style=\"font-weight: 400;\">Simultaneous display: maximum value, minimum value, average value, test times, test block name (test block number can be input);<\/li>\n<li style=\"font-weight: 400;\">The main interface can display 4 conversion scales at the same time, and can be switched: National Standard (GB), American Standard (ASTM) and International (ISO) Standards. A total of 21 measurement scales can be converted: HRA, HRB, HRC, HRD, HRE, HRF, HRG, HRK, HR15N, HR30N, HR45N, HR15T, HR30T, HR45T, HK, HBW, HS, HBS, HV, Rm (tensile strength), MPa (pressure);<\/li>\n<li style=\"font-weight: 400;\">S funkciou pam\u00e4te d\u013a\u017eky uhloprie\u010dky sa d\u013a\u017eka uhloprie\u010dky po vypnut\u00ed automaticky zapam\u00e4t\u00e1 a po zapnut\u00ed sa meria priamo, bez potreby sekund\u00e1rneho resetu.<\/li>\n<li style=\"font-weight: 400;\">The upper and lower limit measurement range can be set, displayed on the main measurement interface, and the unqualified value will automatically prompt an alarm;<\/li>\n<li style=\"font-weight: 400;\">The operating system has 13 languages, which can be switched at will: Chinese, English, Russian, German, French, Spanish, Portuguese, Turkish, Czech, Japanese, Korean, Thai, Vietnamese;<\/li>\n<li style=\"font-weight: 400;\">It has three test methods of Brinell, Rockwell and Vickers, with eight levels of test force, which can meet various hardness test requirements;<\/li>\n<li style=\"font-weight: 400;\">Equipped with a built-in printer, the test data can also be output to U disk via USB for storage and analysis;<\/li>\n<li style=\"font-weight: 400;\">The casting shell has a stable and non-deformed structure in one-time molding, and the pure white car paint has a high grade, strong anti-scratch ability, and it is still bright as new after many years of use;<\/li>\n<li style=\"font-weight: 400;\">Na\u0161a spolo\u010dnos\u0165 m\u00e1 schopnos\u0165 vlastn\u00e9ho v\u00fdvoja, v\u00fdroby a spracovania a na\u0161e stroje poskytuj\u00fa slu\u017eby v\u00fdmeny dielov a moderniz\u00e1cie \u00fadr\u017eby po cel\u00fd \u017eivot;<\/li>\n<\/ol>\n<h1 style=\"font-weight: 400;\"><strong>The main purpose and scope of use of the instrument<\/strong><strong>\uff1a<\/strong><\/h1>\n<ol>\n<li style=\"font-weight: 400;\">Determine the Brinell, Vickers and Rockwell hardness of ferrous metals, non-ferrous metals and cemented carbides:<\/li>\n<li>Brinell hardness of castings, annealed steel, normalized steel, non-ferrous metals and soft alloys;<\/li>\n<li>Rockwell hardness of heat-treated materials such as quenching and quenching and tempering;<\/li>\n<li>Vickers hardness of nitriding layer, ceramics, thin plates, metal flakes, electroplating layers, and small parts;<\/li>\n<\/ol>\n<h1 style=\"font-weight: 400;\"><strong>Detailed instrument parameters:<\/strong><\/h1>\n<table width=\"613\">\n<tbody>\n<tr>\n<td width=\"114\">Product number<\/td>\n<td width=\"498\">SHBRV-187.5F<\/td>\n<\/tr>\n<tr>\n<td width=\"114\">Brinell Ruler<\/td>\n<td width=\"498\">HB1\/30\u3001HB2.5\/31.25\u3001HB2.5\/62.5\u3001HB2.5\/187.5\u3001HB5\/62.5\u3001HB10\/100<\/td>\n<\/tr>\n<tr>\n<td width=\"114\">Rockwell Ruler<\/td>\n<td width=\"498\">HRA\u3001HRB\u3001HRC\u3001HRD\u3001HRE\u3001HRF\u3001HRG\u3001HRH\u3001HRK\u3001HRL\u3001HRM\u3001HEP\u3001HRR\u3001HRS\u3001HRV<\/td>\n<\/tr>\n<tr>\n<td width=\"114\">Vickers Ruler<\/td>\n<td width=\"498\">HV30\u3001HV100<\/td>\n<\/tr>\n<tr>\n<td rowspan=\"3\" width=\"114\">Test force<\/td>\n<td width=\"498\">Rockwell test force:\u00a060\u3001100\u3001150Kgf\uff08588\u3001980\u30011471N\uff09<\/td>\n<\/tr>\n<tr>\n<td width=\"498\">Brinell test force\uff1a30\u300131.25\u300162.5\u3001100\u3001187.5Kgf\uff08294.2\u3001306.5\u3001612.9\u3001980.7\u30011839N\uff09<\/td>\n<\/tr>\n<tr>\n<td width=\"498\">Vickers test force\uff1a30\u3001100Kgf\uff08294.2\u3001980.7N\uff09<\/td>\n<\/tr>\n<tr>\n<td width=\"114\">gain<\/td>\n<td width=\"498\">Brandt\uff1a37.5\u00d7\uff0cVictorinox\uff1a75\u00d7<\/td>\n<\/tr>\n<tr>\n<td width=\"114\">Maximum height of specimen<\/td>\n<td width=\"498\">Rockwell 170mm\u00a0\u00a0Vickers Brinell 145mm<\/td>\n<\/tr>\n<tr>\n<td width=\"114\">Indenter-outer wall distance<\/td>\n<td width=\"498\">165mm<\/td>\n<\/tr>\n<tr>\n<td width=\"114\">Rozsah sk\u00fa\u0161ky tvrdosti<\/td>\n<td width=\"498\">Rockwell\uff1a20-88HRA\u300120-100HRB\u300120-70HRC\u00a0Brinell\uff1a5-650HBW\u00a0Vickers\uff1a10-3000HV<\/td>\n<\/tr>\n<tr>\n<td width=\"114\">Od\u010d\u00edtanie tvrdosti<\/td>\n<td width=\"498\">Automatic calculation<\/td>\n<\/tr>\n<tr>\n<td width=\"114\">power supply<\/td>\n<td width=\"498\">AC220<u>+<\/u>5%,50~60Hz<\/td>\n<\/tr>\n<tr>\n<td width=\"114\">Rozmery (mm)<\/td>\n<td width=\"498\">550\u00d7200\u00d7720mm<\/td>\n<\/tr>\n<tr>\n<td width=\"114\">Host weight<\/td>\n<td width=\"498\">85kg<\/td>\n<\/tr>\n<\/tbody>\n<\/table>\n<h1 style=\"font-weight: 400;\">\u00a0<strong>Instrument standard configuration<\/strong><strong>\uff1a<\/strong><\/h1>\n<table width=\"621\">\n<tbody>\n<tr>\n<td width=\"170\"><strong>name<\/strong><\/td>\n<td width=\"170\"><strong>Quantity<\/strong><\/td>\n<td width=\"148\"><strong>name<\/strong><\/td>\n<td width=\"132\"><strong>Quantity<\/strong><\/td>\n<\/tr>\n<tr>\n<td width=\"170\">Rockwell 1\/16&#8243; steel ball indenter<\/td>\n<td width=\"170\">1\u00a0only<\/td>\n<td width=\"148\">Rockwell diamond indenter<\/td>\n<td width=\"132\">1\u00a0only<\/td>\n<\/tr>\n<tr>\n<td width=\"170\">Brinell 2.5mm indenter<\/td>\n<td width=\"170\">1\u00a0only<\/td>\n<td width=\"148\">Brinell 5mm indenter<\/td>\n<td width=\"132\">1\u00a0only<\/td>\n<\/tr>\n<tr>\n<td width=\"170\">Vickers diamond indenter<\/td>\n<td width=\"170\">1\u00a0only<\/td>\n<td width=\"148\">Standard Rockwell hardness block<\/td>\n<td width=\"132\">5 piece<\/td>\n<\/tr>\n<tr>\n<td width=\"170\">Standard Brinell hardness block<\/td>\n<td width=\"170\">1piece<\/td>\n<td width=\"148\">Standard Vickers hardness block<\/td>\n<td width=\"132\">1 kus<\/td>\n<\/tr>\n<tr>\n<td width=\"170\">Medium and V type test bench<\/td>\n<td width=\"170\">One each<\/td>\n<td width=\"148\">Sliding test bench<\/td>\n<td width=\"132\">1\u00a0only<\/td>\n<\/tr>\n<tr>\n<td width=\"170\">Nap\u00e1jac\u00ed k\u00e1bel<\/td>\n<td width=\"170\">1<\/td>\n<td width=\"148\">Dust cover<\/td>\n<td width=\"132\">1 kus<\/td>\n<\/tr>\n<\/tbody>\n<\/table>","protected":false},"excerpt":{"rendered":"<p>The touch screen digital display Brouwer hardness tester has novel appearance, complete functions, convenient operation, clear and intuitive display and stable performance. It is a high-tech product integrating light, machine and electricity. It can perform three types of Brinell, Rockwell and Vickers. The test method is a multi-functional hardness tester equipped with a twenty-three-level measuring scale, which can meet a variety of hardness testing needs. It has the characteristics of high test accuracy, simple operation, high sensitivity, convenient use, stable display and so on. Equipped with a built-in printer, and an optional RS232 data line can be connected to a computer via a hyper terminal, or a U disk can export measurement reports. Large-screen LCD touch screen display interface, rich display content, easy to operate.<\/p>","protected":false},"featured_media":29675,"comment_status":"open","ping_status":"closed","template":"","meta":[],"product_brand":[],"product_cat":[75,70],"product_tag":[105],"class_list":{"0":"post-29674","1":"product","2":"type-product","3":"status-publish","4":"has-post-thumbnail","6":"product_cat-brinell-hardness-tester","7":"product_cat-hardness-tester","8":"product_tag-brinell-hardness-tester","10":"first","11":"instock","12":"shipping-taxable","13":"product-type-simple"},"yoast_head":"<!-- This site is optimized with the Yoast SEO Premium plugin v25.4 (Yoast SEO v27.4) - https:\/\/yoast.com\/product\/yoast-seo-premium-wordpress\/ -->\n<title>Touch screen digital display Blowi hardness tester (SHBRV-187.5F ) - hardnesstests<\/title>\n<meta name=\"robots\" content=\"index, follow, max-snippet:-1, max-image-preview:large, max-video-preview:-1\" \/>\n<link rel=\"canonical\" href=\"https:\/\/hardnesstests.com\/sk\/produkt\/touch-screen-digital-display-blowi-hardness-tester-shbrv-187-5f\/\" \/>\n<meta property=\"og:locale\" content=\"sk_SK\" \/>\n<meta property=\"og:type\" content=\"article\" \/>\n<meta property=\"og:title\" content=\"Touch screen digital display Blowi hardness tester (SHBRV-187.5F )\" \/>\n<meta property=\"og:description\" content=\"The touch screen digital display Brouwer hardness tester has novel appearance, complete functions, convenient operation, clear and intuitive display and stable performance. It is a high-tech product integrating light, machine and electricity. It can perform three types of Brinell, Rockwell and Vickers. The test method is a multi-functional hardness tester equipped with a twenty-three-level measuring scale, which can meet a variety of hardness testing needs. It has the characteristics of high test accuracy, simple operation, high sensitivity, convenient use, stable display and so on. Equipped with a built-in printer, and an optional RS232 data line can be connected to a computer via a hyper terminal, or a U disk can export measurement reports. Large-screen LCD touch screen display interface, rich display content, easy to operate.\" \/>\n<meta property=\"og:url\" content=\"https:\/\/hardnesstests.com\/sk\/produkt\/touch-screen-digital-display-blowi-hardness-tester-shbrv-187-5f\/\" \/>\n<meta property=\"og:site_name\" content=\"hardnesstests\" \/>\n<meta property=\"article:modified_time\" content=\"2025-11-27T06:13:41+00:00\" \/>\n<meta property=\"og:image\" content=\"https:\/\/hardnesstests.com\/wp-content\/uploads\/2025\/11\/SHBRV-187.5F\u89e6\u6478\u5c4f\u6570\u663e\u5e03\u6c0f\u786c\u5ea6\u8ba1.jpg\" \/>\n\t<meta property=\"og:image:width\" content=\"800\" \/>\n\t<meta property=\"og:image:height\" content=\"800\" \/>\n\t<meta property=\"og:image:type\" content=\"image\/jpeg\" \/>\n<meta name=\"twitter:card\" content=\"summary_large_image\" \/>\n<meta name=\"twitter:label1\" content=\"Predpokladan\u00fd \u010das \u010d\u00edtania\" \/>\n\t<meta name=\"twitter:data1\" content=\"3 min\u00faty\" \/>\n<script type=\"application\/ld+json\" class=\"yoast-schema-graph\">{\"@context\":\"https:\\\/\\\/schema.org\",\"@graph\":[{\"@type\":\"WebPage\",\"@id\":\"https:\\\/\\\/hardnesstests.com\\\/product\\\/touch-screen-digital-display-blowi-hardness-tester-shbrv-187-5f\\\/\",\"url\":\"https:\\\/\\\/hardnesstests.com\\\/product\\\/touch-screen-digital-display-blowi-hardness-tester-shbrv-187-5f\\\/\",\"name\":\"Touch screen digital display Blowi hardness tester (SHBRV-187.5F ) - hardnesstests\",\"isPartOf\":{\"@id\":\"https:\\\/\\\/hardnesstests.com\\\/tr\\\/#website\"},\"primaryImageOfPage\":{\"@id\":\"https:\\\/\\\/hardnesstests.com\\\/product\\\/touch-screen-digital-display-blowi-hardness-tester-shbrv-187-5f\\\/#primaryimage\"},\"image\":{\"@id\":\"https:\\\/\\\/hardnesstests.com\\\/product\\\/touch-screen-digital-display-blowi-hardness-tester-shbrv-187-5f\\\/#primaryimage\"},\"thumbnailUrl\":\"https:\\\/\\\/hardnesstests.com\\\/wp-content\\\/uploads\\\/2025\\\/11\\\/SHBRV-187.5F\u89e6\u6478\u5c4f\u6570\u663e\u5e03\u6c0f\u786c\u5ea6\u8ba1.jpg\",\"datePublished\":\"2025-11-26T07:41:31+00:00\",\"dateModified\":\"2025-11-27T06:13:41+00:00\",\"breadcrumb\":{\"@id\":\"https:\\\/\\\/hardnesstests.com\\\/product\\\/touch-screen-digital-display-blowi-hardness-tester-shbrv-187-5f\\\/#breadcrumb\"},\"inLanguage\":\"sk-SK\",\"potentialAction\":[{\"@type\":\"ReadAction\",\"target\":[\"https:\\\/\\\/hardnesstests.com\\\/product\\\/touch-screen-digital-display-blowi-hardness-tester-shbrv-187-5f\\\/\"]}]},{\"@type\":\"ImageObject\",\"inLanguage\":\"sk-SK\",\"@id\":\"https:\\\/\\\/hardnesstests.com\\\/product\\\/touch-screen-digital-display-blowi-hardness-tester-shbrv-187-5f\\\/#primaryimage\",\"url\":\"https:\\\/\\\/hardnesstests.com\\\/wp-content\\\/uploads\\\/2025\\\/11\\\/SHBRV-187.5F\u89e6\u6478\u5c4f\u6570\u663e\u5e03\u6c0f\u786c\u5ea6\u8ba1.jpg\",\"contentUrl\":\"https:\\\/\\\/hardnesstests.com\\\/wp-content\\\/uploads\\\/2025\\\/11\\\/SHBRV-187.5F\u89e6\u6478\u5c4f\u6570\u663e\u5e03\u6c0f\u786c\u5ea6\u8ba1.jpg\",\"width\":800,\"height\":800,\"caption\":\"Touch screen digital display Blowi hardness tester (SHBRV-187.5F )\"},{\"@type\":\"BreadcrumbList\",\"@id\":\"https:\\\/\\\/hardnesstests.com\\\/product\\\/touch-screen-digital-display-blowi-hardness-tester-shbrv-187-5f\\\/#breadcrumb\",\"itemListElement\":[{\"@type\":\"ListItem\",\"position\":1,\"name\":\"\u9996\u9875\",\"item\":\"https:\\\/\\\/hardnesstests.com\\\/\"},{\"@type\":\"ListItem\",\"position\":2,\"name\":\"products\",\"item\":\"https:\\\/\\\/hardnesstests.com\\\/products\\\/\"},{\"@type\":\"ListItem\",\"position\":3,\"name\":\"Touch screen digital display Blowi hardness tester (SHBRV-187.5F )\"}]},{\"@type\":\"WebSite\",\"@id\":\"https:\\\/\\\/hardnesstests.com\\\/tr\\\/#website\",\"url\":\"https:\\\/\\\/hardnesstests.com\\\/tr\\\/\",\"name\":\"hardnesstests\",\"description\":\"\",\"publisher\":{\"@id\":\"https:\\\/\\\/hardnesstests.com\\\/tr\\\/#organization\"},\"potentialAction\":[{\"@type\":\"SearchAction\",\"target\":{\"@type\":\"EntryPoint\",\"urlTemplate\":\"https:\\\/\\\/hardnesstests.com\\\/tr\\\/?s={search_term_string}\"},\"query-input\":{\"@type\":\"PropertyValueSpecification\",\"valueRequired\":true,\"valueName\":\"search_term_string\"}}],\"inLanguage\":\"sk-SK\"},{\"@type\":\"Organization\",\"@id\":\"https:\\\/\\\/hardnesstests.com\\\/tr\\\/#organization\",\"name\":\"hardnesstests\",\"url\":\"https:\\\/\\\/hardnesstests.com\\\/tr\\\/\",\"logo\":{\"@type\":\"ImageObject\",\"inLanguage\":\"sk-SK\",\"@id\":\"https:\\\/\\\/hardnesstests.com\\\/tr\\\/#\\\/schema\\\/logo\\\/image\\\/\",\"url\":\"https:\\\/\\\/hardnesstests.com\\\/wp-content\\\/uploads\\\/2021\\\/08\\\/\u5fae\u4fe1\u56fe\u7247_20251029102004_335_1287.png\",\"contentUrl\":\"https:\\\/\\\/hardnesstests.com\\\/wp-content\\\/uploads\\\/2021\\\/08\\\/\u5fae\u4fe1\u56fe\u7247_20251029102004_335_1287.png\",\"width\":1308,\"height\":467,\"caption\":\"hardnesstests\"},\"image\":{\"@id\":\"https:\\\/\\\/hardnesstests.com\\\/tr\\\/#\\\/schema\\\/logo\\\/image\\\/\"}}]}<\/script>\n<!-- \/ Yoast SEO Premium plugin. -->","yoast_head_json":{"title":"Touch screen digital display Blowi hardness tester (SHBRV-187.5F ) - hardnesstests","robots":{"index":"index","follow":"follow","max-snippet":"max-snippet:-1","max-image-preview":"max-image-preview:large","max-video-preview":"max-video-preview:-1"},"canonical":"https:\/\/hardnesstests.com\/sk\/produkt\/touch-screen-digital-display-blowi-hardness-tester-shbrv-187-5f\/","og_locale":"sk_SK","og_type":"article","og_title":"Touch screen digital display Blowi hardness tester (SHBRV-187.5F )","og_description":"The touch screen digital display Brouwer hardness tester has novel appearance, complete functions, convenient operation, clear and intuitive display and stable performance. It is a high-tech product integrating light, machine and electricity. It can perform three types of Brinell, Rockwell and Vickers. The test method is a multi-functional hardness tester equipped with a twenty-three-level measuring scale, which can meet a variety of hardness testing needs. It has the characteristics of high test accuracy, simple operation, high sensitivity, convenient use, stable display and so on. Equipped with a built-in printer, and an optional RS232 data line can be connected to a computer via a hyper terminal, or a U disk can export measurement reports. Large-screen LCD touch screen display interface, rich display content, easy to operate.","og_url":"https:\/\/hardnesstests.com\/sk\/produkt\/touch-screen-digital-display-blowi-hardness-tester-shbrv-187-5f\/","og_site_name":"hardnesstests","article_modified_time":"2025-11-27T06:13:41+00:00","og_image":[{"width":800,"height":800,"url":"https:\/\/hardnesstests.com\/wp-content\/uploads\/2025\/11\/SHBRV-187.5F\u89e6\u6478\u5c4f\u6570\u663e\u5e03\u6c0f\u786c\u5ea6\u8ba1.jpg","type":"image\/jpeg"}],"twitter_card":"summary_large_image","twitter_misc":{"Predpokladan\u00fd \u010das \u010d\u00edtania":"3 min\u00faty"},"schema":{"@context":"https:\/\/schema.org","@graph":[{"@type":"WebPage","@id":"https:\/\/hardnesstests.com\/product\/touch-screen-digital-display-blowi-hardness-tester-shbrv-187-5f\/","url":"https:\/\/hardnesstests.com\/product\/touch-screen-digital-display-blowi-hardness-tester-shbrv-187-5f\/","name":"Touch screen digital display Blowi hardness tester (SHBRV-187.5F ) - hardnesstests","isPartOf":{"@id":"https:\/\/hardnesstests.com\/tr\/#website"},"primaryImageOfPage":{"@id":"https:\/\/hardnesstests.com\/product\/touch-screen-digital-display-blowi-hardness-tester-shbrv-187-5f\/#primaryimage"},"image":{"@id":"https:\/\/hardnesstests.com\/product\/touch-screen-digital-display-blowi-hardness-tester-shbrv-187-5f\/#primaryimage"},"thumbnailUrl":"https:\/\/hardnesstests.com\/wp-content\/uploads\/2025\/11\/SHBRV-187.5F\u89e6\u6478\u5c4f\u6570\u663e\u5e03\u6c0f\u786c\u5ea6\u8ba1.jpg","datePublished":"2025-11-26T07:41:31+00:00","dateModified":"2025-11-27T06:13:41+00:00","breadcrumb":{"@id":"https:\/\/hardnesstests.com\/product\/touch-screen-digital-display-blowi-hardness-tester-shbrv-187-5f\/#breadcrumb"},"inLanguage":"sk-SK","potentialAction":[{"@type":"ReadAction","target":["https:\/\/hardnesstests.com\/product\/touch-screen-digital-display-blowi-hardness-tester-shbrv-187-5f\/"]}]},{"@type":"ImageObject","inLanguage":"sk-SK","@id":"https:\/\/hardnesstests.com\/product\/touch-screen-digital-display-blowi-hardness-tester-shbrv-187-5f\/#primaryimage","url":"https:\/\/hardnesstests.com\/wp-content\/uploads\/2025\/11\/SHBRV-187.5F\u89e6\u6478\u5c4f\u6570\u663e\u5e03\u6c0f\u786c\u5ea6\u8ba1.jpg","contentUrl":"https:\/\/hardnesstests.com\/wp-content\/uploads\/2025\/11\/SHBRV-187.5F\u89e6\u6478\u5c4f\u6570\u663e\u5e03\u6c0f\u786c\u5ea6\u8ba1.jpg","width":800,"height":800,"caption":"Touch screen digital display Blowi hardness tester (SHBRV-187.5F )"},{"@type":"BreadcrumbList","@id":"https:\/\/hardnesstests.com\/product\/touch-screen-digital-display-blowi-hardness-tester-shbrv-187-5f\/#breadcrumb","itemListElement":[{"@type":"ListItem","position":1,"name":"\u9996\u9875","item":"https:\/\/hardnesstests.com\/"},{"@type":"ListItem","position":2,"name":"products","item":"https:\/\/hardnesstests.com\/products\/"},{"@type":"ListItem","position":3,"name":"Touch screen digital display Blowi hardness tester (SHBRV-187.5F )"}]},{"@type":"WebSite","@id":"https:\/\/hardnesstests.com\/tr\/#website","url":"https:\/\/hardnesstests.com\/tr\/","name":"hardnesstests","description":"","publisher":{"@id":"https:\/\/hardnesstests.com\/tr\/#organization"},"potentialAction":[{"@type":"SearchAction","target":{"@type":"EntryPoint","urlTemplate":"https:\/\/hardnesstests.com\/tr\/?s={search_term_string}"},"query-input":{"@type":"PropertyValueSpecification","valueRequired":true,"valueName":"search_term_string"}}],"inLanguage":"sk-SK"},{"@type":"Organization","@id":"https:\/\/hardnesstests.com\/tr\/#organization","name":"hardnesstests","url":"https:\/\/hardnesstests.com\/tr\/","logo":{"@type":"ImageObject","inLanguage":"sk-SK","@id":"https:\/\/hardnesstests.com\/tr\/#\/schema\/logo\/image\/","url":"https:\/\/hardnesstests.com\/wp-content\/uploads\/2021\/08\/\u5fae\u4fe1\u56fe\u7247_20251029102004_335_1287.png","contentUrl":"https:\/\/hardnesstests.com\/wp-content\/uploads\/2021\/08\/\u5fae\u4fe1\u56fe\u7247_20251029102004_335_1287.png","width":1308,"height":467,"caption":"hardnesstests"},"image":{"@id":"https:\/\/hardnesstests.com\/tr\/#\/schema\/logo\/image\/"}}]}},"_links":{"self":[{"href":"https:\/\/hardnesstests.com\/sk\/wp-json\/wp\/v2\/product\/29674","targetHints":{"allow":["GET"]}}],"collection":[{"href":"https:\/\/hardnesstests.com\/sk\/wp-json\/wp\/v2\/product"}],"about":[{"href":"https:\/\/hardnesstests.com\/sk\/wp-json\/wp\/v2\/types\/product"}],"replies":[{"embeddable":true,"href":"https:\/\/hardnesstests.com\/sk\/wp-json\/wp\/v2\/comments?post=29674"}],"version-history":[{"count":1,"href":"https:\/\/hardnesstests.com\/sk\/wp-json\/wp\/v2\/product\/29674\/revisions"}],"predecessor-version":[{"id":29676,"href":"https:\/\/hardnesstests.com\/sk\/wp-json\/wp\/v2\/product\/29674\/revisions\/29676"}],"wp:featuredmedia":[{"embeddable":true,"href":"https:\/\/hardnesstests.com\/sk\/wp-json\/wp\/v2\/media\/29675"}],"wp:attachment":[{"href":"https:\/\/hardnesstests.com\/sk\/wp-json\/wp\/v2\/media?parent=29674"}],"wp:term":[{"taxonomy":"product_brand","embeddable":true,"href":"https:\/\/hardnesstests.com\/sk\/wp-json\/wp\/v2\/product_brand?post=29674"},{"taxonomy":"product_cat","embeddable":true,"href":"https:\/\/hardnesstests.com\/sk\/wp-json\/wp\/v2\/product_cat?post=29674"},{"taxonomy":"product_tag","embeddable":true,"href":"https:\/\/hardnesstests.com\/sk\/wp-json\/wp\/v2\/product_tag?post=29674"}],"curies":[{"name":"wp","href":"https:\/\/api.w.org\/{rel}","templated":true}]}}