{"id":29662,"date":"2025-11-26T07:31:23","date_gmt":"2025-11-26T07:31:23","guid":{"rendered":"https:\/\/hardnesstests.com\/?post_type=product&#038;p=29662"},"modified":"2026-02-14T20:40:28","modified_gmt":"2026-02-14T20:40:28","slug":"pchbst-3000z-embedded-integrated-intelligent-visual-brinell-hardness-tester","status":"publish","type":"product","link":"https:\/\/hardnesstests.com\/sk\/produkt\/pchbst-3000z-embedded-integrated-intelligent-visual-brinell-hardness-tester\/","title":{"rendered":"PCHBST-3000Z (vstavan\u00fd integrovan\u00fd inteligentn\u00fd vizu\u00e1lny Brinellov tester tvrdosti)"},"content":{"rendered":"<h1 style=\"font-weight: 400;\"><strong>Hlavn\u00e9 funkcie a vlastnosti tvrdomeru:<\/strong><\/h1>\n<ol>\n<li style=\"font-weight: 400;\">Tento stroj sa vyzna\u010duje vysokou presnos\u0165ou, vysokou opakovate\u013enos\u0165ou a stabilitou, jednoduchou obsluhou, pohodlnos\u0165ou a praktickos\u0165ou at\u010f.<\/li>\n<li style=\"font-weight: 400;\">M\u00e1 11 \u00farovn\u00ed testovacej sily a dok\u00e1\u017ee testova\u0165 \u0161ir\u0161\u00ed rozsah;<\/li>\n<li style=\"font-weight: 400;\">Automatick\u00e1 revolverov\u00e1 hlavica, automatick\u00e9 ot\u00e1\u010danie indentora a objekt\u00edvu<\/li>\n<li style=\"font-weight: 400;\">Opera\u010dn\u00fd syst\u00e9m mo\u017eno prep\u00edna\u0165 medzi \u010d\u00edn\u0161tinou a angli\u010dtinou<\/li>\n<li style=\"font-weight: 400;\">Pripojen\u00edm k po\u010d\u00edta\u010du m\u00f4\u017eete priamo mera\u0165 \u00fadaje a pren\u00e1\u0161a\u0165 ich do po\u010d\u00edta\u010da na \u00fapravu a ukladanie;<\/li>\n<li style=\"font-weight: 400;\">Vybaven\u00fd vysoko v\u00fdkonn\u00fdm krokov\u00fdm motorom na automatick\u00e9 za\u0165a\u017eenie a vylo\u017eenie testovacej sily, hluk generovan\u00fd po\u010das testu je men\u0161\u00ed<\/li>\n<li style=\"font-weight: 400;\">Pomocou technol\u00f3gie fotoelektrick\u00e9ho sn\u00edmania a mikropo\u010d\u00edta\u010dov\u00e9ho riadiaceho syst\u00e9mu dok\u00e1\u017ee automaticky kompenzova\u0165 a v\u00fdsledky testov s\u00fa presn\u00e9 a stabiln\u00e9;<\/li>\n<li style=\"font-weight: 400;\">Automaticky zad\u00e1va priemer odtla\u010dku a priamo zobrazuje hodnotu tvrdosti. M\u00f4\u017ee realizova\u0165 du\u00e1lne zobrazenie akejko\u013evek jednotky tvrdosti, aby sa zabr\u00e1nilo zd\u013ahav\u00e9mu vyh\u013ead\u00e1vaniu v tabu\u013eke;<\/li>\n<li style=\"font-weight: 400;\">Vlastn\u00e9 optick\u00e9 meranie LED s vysok\u00fdm zv\u00e4\u010d\u0161en\u00edm, vysokou jasnos\u0165ou obrazu, nastavite\u013en\u00fdm jasom a dlhodobou prev\u00e1dzkou bez \u00fanavy;<\/li>\n<li style=\"font-weight: 400;\">\u0160krupina sa odlieva raz, \u0161trukt\u00fara je stabiln\u00e1 a nedeformuje sa a m\u00f4\u017ee pracova\u0165 v pomerne n\u00e1ro\u010dnom prostred\u00ed;<\/li>\n<li style=\"font-weight: 400;\">\u00a0Povrch je o\u0161etren\u00fd technol\u00f3giou automobilov\u00e9ho laku so silnou odolnos\u0165ou proti po\u0161kriabaniu a po mnoh\u00fdch rokoch pou\u017e\u00edvania je st\u00e1le \u017eiariv\u00fd ako nov\u00fd;<\/li>\n<\/ol>\n<h1 style=\"font-weight: 400;\"><strong>Hlavn\u00e9 pou\u017eitia a rozsah pou\u017eitia:<\/strong><\/h1>\n<ol>\n<li style=\"font-weight: 400;\">Vhodn\u00fd na testovanie tvrdosti kovov\u00fdch materi\u00e1lov s ve\u013ek\u00fdmi zrnami, ktor\u00e9 m\u00f4\u017eu odr\u00e1\u017ea\u0165 komplexn\u00fd v\u00fdkon materi\u00e1lu;<\/li>\n<li style=\"font-weight: 400;\">Liatina, oce\u013e, ne\u017eelezn\u00e9 kovy, najm\u00e4 m\u00e4k\u0161ie kovy, ako je \u010dist\u00fd hlin\u00edk, olovo, c\u00edn at\u010f.<\/li>\n<li style=\"font-weight: 400;\">M\u00f4\u017ee sa pou\u017ei\u0165 na sk\u00fa\u0161ku tvrdosti niektor\u00fdch nekovov\u00fdch materi\u00e1lov, ako s\u00fa tvrd\u00e9 plasty a bakelit<\/li>\n<\/ol>\n<h1 style=\"font-weight: 400;\"><strong>Technick\u00e9 parametre:<\/strong><\/h1>\n<table>\n<tbody>\n<tr>\n<td width=\"138\">Model v\u00fdrobku<\/td>\n<td width=\"450\">PCHBST-3000Z<\/td>\n<\/tr>\n<tr>\n<td width=\"138\">Brinellova stupnica<\/td>\n<td width=\"450\">HBW2.5\/31.25, HBW2.5\/62.5, HBW2.5\/187.5, HBW5\/62.5 HBW5\/125, HBW5\/250, HBW5\/750 HBW10\/100 HBW10\/250 HBW10\/500, HBW10\/1000 HBW10\/1500 HBW10\/3000<\/td>\n<\/tr>\n<tr>\n<td width=\"138\">Testovacia sila (11 \u00farovn\u00ed)<\/td>\n<td width=\"450\">31.25kgf(306.5N)62.5kgf(612.9N)100kgf(980.7N)125kgf(1226N)187.5kgf (1839N)250kgf(2452N)500kgf(4903N)750kgf(7355N)1000kgf(8907N)1500kgf (14710N)3000kgf(29420N)<\/td>\n<\/tr>\n<tr>\n<td width=\"138\">Kontrola za\u0165a\u017eenia<\/td>\n<td width=\"450\">Automatick\u00e9 (nakladanie\/dr\u017eanie\/vykladanie)<\/td>\n<\/tr>\n<tr>\n<td width=\"138\">Maxim\u00e1lna v\u00fd\u0161ka sk\u00fa\u0161obn\u00e9ho kusu<\/td>\n<td width=\"450\">220 mm<\/td>\n<\/tr>\n<tr>\n<td width=\"138\">Vzdialenos\u0165 medzi hrotom a vonkaj\u0161ou stenou<\/td>\n<td width=\"450\">135 mm<\/td>\n<\/tr>\n<tr>\n<td width=\"138\">Vzdialenos\u0165 medzi hrotom a hornou stenou<\/td>\n<td width=\"450\">55 mm (vzdialenos\u0165 medzi tlakovou hlavou a hornou stenou stroja mo\u017eno zv\u00e4\u010d\u0161i\u0165 prisp\u00f4soben\u00edm tlakovej hlavy)<\/td>\n<\/tr>\n<tr>\n<td width=\"138\">Minim\u00e1lna mern\u00e1 jednotka<\/td>\n<td width=\"450\">0,125um<\/td>\n<\/tr>\n<tr>\n<td width=\"138\">\u010cas zdr\u017eania<\/td>\n<td width=\"450\">0~60s<\/td>\n<\/tr>\n<tr>\n<td width=\"138\">Rozsah sk\u00fa\u0161ky tvrdosti<\/td>\n<td width=\"450\">8~650HBW<\/td>\n<\/tr>\n<tr>\n<td width=\"138\">Ve\u017ea<\/td>\n<td width=\"450\">Automatick\u00e1 ve\u017ea<\/td>\n<\/tr>\n<tr>\n<td width=\"138\">Od\u010d\u00edtanie tvrdosti<\/td>\n<td width=\"450\">PC automaticky meria tvrdos\u0165<\/td>\n<\/tr>\n<tr>\n<td width=\"138\">Oprava ch\u00fdb<\/td>\n<td width=\"450\">Syst\u00e9m kedyko\u013evek kalibruje tvrdos\u0165<\/td>\n<\/tr>\n<tr>\n<td width=\"138\">Kvalifikovan\u00fd posudok<\/td>\n<td width=\"450\">Je mo\u017en\u00e9 nastavi\u0165 kvalifikovan\u00fd rozsah a stroj automaticky pripomenie, \u010di je kvalifikovan\u00fd.<\/td>\n<\/tr>\n<tr>\n<td width=\"138\">Celkov\u00e9 zv\u00e4\u010d\u0161enie<\/td>\n<td width=\"450\">20X<\/td>\n<\/tr>\n<tr>\n<td width=\"138\">\u0160tandard implement\u00e1cie<\/td>\n<td width=\"450\">EN ISO 6506, , ASTM E-10-08, GB\/T231.2, JJG150 -2005<\/td>\n<\/tr>\n<tr>\n<td width=\"138\">D\u00e1tov\u00fd v\u00fdstup<\/td>\n<td width=\"450\">Po\u010d\u00edta\u010d priamo uklad\u00e1 \u00fadaje z testu<\/td>\n<\/tr>\n<tr>\n<td width=\"138\">Nap\u00e1janie<\/td>\n<td width=\"450\">AC220+5%, 50~60Hz<\/td>\n<\/tr>\n<tr>\n<td width=\"138\">Rozmery (mm)<\/td>\n<td width=\"450\">520*210*745 mm<\/td>\n<\/tr>\n<tr>\n<td width=\"138\">Hmotnos\u0165 hlavnej jednotky<\/td>\n<td width=\"450\">125 kg<\/td>\n<\/tr>\n<\/tbody>\n<\/table>","protected":false},"excerpt":{"rendered":"<p>PCHBST-3000Z dotykov\u00fd digit\u00e1lny displej Brinellov tester tvrdosti, sta\u010d\u00ed ovl\u00e1da\u0165 dotykov\u00fd tabletov\u00fd po\u010d\u00edta\u010d, \u013eahko vykona\u0165 meranie! A v\u0161etky parametre potrebn\u00e9 na sk\u00fa\u0161ku mo\u017eno priamo vybra\u0165, upravi\u0165 a analyzova\u0165 na po\u010d\u00edta\u010di. Koniec po\u010d\u00edta\u010da je s\u00e9riovo pripojen\u00fd k tvrdomeru prostredn\u00edctvom komunika\u010dn\u00e9ho protokolu na ovl\u00e1danie mechanick\u00fdch pohybliv\u00fdch \u010dast\u00ed tvrdomeru, \u010d\u00edm mo\u017eno dosiahnu\u0165: automatick\u00fa polohu multifunk\u010dnej ve\u017ee, automatick\u00fa identifik\u00e1ciu objekt\u00edvu a indentora, automatick\u00e9 nakladanie, automatick\u00e9 udr\u017eiavanie z\u00e1\u0165a\u017ee, automatick\u00e9 vykladanie a jas svetla. Prepojen\u00edm zabudovan\u00e9ho syst\u00e9mu merania a z\u00edskavania \u00fadajov CCD mo\u017eno na po\u010d\u00edta\u010di v re\u00e1lnom \u010dase zobrazi\u0165 jasn\u00fa dynamiku obrazu indent\u00e1cie a indent\u00e1ciu mo\u017eno priamo zablokova\u0165 na automatick\u00e9 meranie hodnoty tvrdosti, automaticky ulo\u017ei\u0165 \u00fadaje o sk\u00fa\u0161ke a vygenerova\u0165 spr\u00e1vu. Obsluha je ve\u013emi jednoduch\u00e1 a r\u00fdchla, \u010d\u00edm sa eliminuj\u00fa \u013eudsk\u00e9 chyby pri meran\u00ed. . S tabletov\u00fdm po\u010d\u00edta\u010dom ako platformou mo\u017eno prostredn\u00edctvom internetu roz\u0161\u00edri\u0165 \u010fal\u0161ie funkcie aplik\u00e1cie a tie\u017e mo\u017eno pripoji\u0165 extern\u00e9 monitory, tla\u010diarne a in\u00e9 zariadenia.<\/p>","protected":false},"featured_media":29666,"comment_status":"open","ping_status":"closed","template":"","meta":[],"product_brand":[],"product_cat":[75,70],"product_tag":[105],"class_list":{"0":"post-29662","1":"product","2":"type-product","3":"status-publish","4":"has-post-thumbnail","6":"product_cat-brinell-hardness-tester","7":"product_cat-hardness-tester","8":"product_tag-brinell-hardness-tester","10":"first","11":"instock","12":"shipping-taxable","13":"product-type-simple"},"yoast_head":"<!-- This site is optimized with the Yoast SEO Premium plugin v25.4 (Yoast SEO v27.4) - https:\/\/yoast.com\/product\/yoast-seo-premium-wordpress\/ -->\n<title>PCHBST-3000Z (Embedded Integrated Intelligent Visual Brinell Hardness Tester) - hardnesstests<\/title>\n<meta name=\"robots\" content=\"index, follow, max-snippet:-1, max-image-preview:large, max-video-preview:-1\" \/>\n<link rel=\"canonical\" href=\"https:\/\/hardnesstests.com\/sk\/produkt\/pchbst-3000z-embedded-integrated-intelligent-visual-brinell-hardness-tester\/\" \/>\n<meta property=\"og:locale\" content=\"sk_SK\" \/>\n<meta property=\"og:type\" content=\"article\" \/>\n<meta property=\"og:title\" content=\"PCHBST-3000Z (Embedded Integrated Intelligent Visual Brinell Hardness Tester)\" \/>\n<meta property=\"og:description\" content=\"PCHBST-3000Z touch screen digital display Brinell hardness tester, just operate a touch tablet computer, easily get the measurement done! And all the parameters required for the test can be directly selected, modified, and analyzed on the computer. The PC end is connected to the hardness tester in series through the communication protocol to control the mechanical moving parts of the hardness tester, which can achieve: automatic multi-function tower position, automatic identification of the objective lens and the indenter, automatic loading, automatic load retention, automatic unloading, and light brightness. By linking the built-in CCD measurement and acquisition system, the clear indentation image dynamics can be displayed on the PC in real time, and the indentation can be directly locked to automatically measure the hardness value, automatically save the test data, and generate a report. The operation is very simple and fast, eliminating human measurement errors. . With the tablet computer as the platform, more application functions can be expanded through the Internet, and external monitors, printers and other devices can also be\" \/>\n<meta property=\"og:url\" content=\"https:\/\/hardnesstests.com\/sk\/produkt\/pchbst-3000z-embedded-integrated-intelligent-visual-brinell-hardness-tester\/\" \/>\n<meta property=\"og:site_name\" content=\"hardnesstests\" \/>\n<meta property=\"article:modified_time\" content=\"2026-02-14T20:40:28+00:00\" \/>\n<meta property=\"og:image\" content=\"https:\/\/hardnesstests.com\/wp-content\/uploads\/2025\/11\/PCHBST-3000Z\u5d4c\u5165\u5f0f\u96c6\u6210\u667a\u80fd\u89c6\u89c9\u5e03\u6c0f\u786c\u5ea6\u8ba1.jpg\" \/>\n\t<meta property=\"og:image:width\" content=\"800\" \/>\n\t<meta property=\"og:image:height\" content=\"800\" \/>\n\t<meta property=\"og:image:type\" content=\"image\/jpeg\" \/>\n<meta name=\"twitter:card\" content=\"summary_large_image\" \/>\n<meta name=\"twitter:label1\" content=\"Predpokladan\u00fd \u010das \u010d\u00edtania\" \/>\n\t<meta name=\"twitter:data1\" content=\"2 min\u00faty\" \/>\n<script type=\"application\/ld+json\" class=\"yoast-schema-graph\">{\"@context\":\"https:\\\/\\\/schema.org\",\"@graph\":[{\"@type\":\"WebPage\",\"@id\":\"https:\\\/\\\/hardnesstests.com\\\/product\\\/pchbst-3000z-embedded-integrated-intelligent-visual-brinell-hardness-tester\\\/\",\"url\":\"https:\\\/\\\/hardnesstests.com\\\/product\\\/pchbst-3000z-embedded-integrated-intelligent-visual-brinell-hardness-tester\\\/\",\"name\":\"PCHBST-3000Z (Embedded Integrated Intelligent Visual Brinell Hardness Tester) - hardnesstests\",\"isPartOf\":{\"@id\":\"https:\\\/\\\/hardnesstests.com\\\/tr\\\/#website\"},\"primaryImageOfPage\":{\"@id\":\"https:\\\/\\\/hardnesstests.com\\\/product\\\/pchbst-3000z-embedded-integrated-intelligent-visual-brinell-hardness-tester\\\/#primaryimage\"},\"image\":{\"@id\":\"https:\\\/\\\/hardnesstests.com\\\/product\\\/pchbst-3000z-embedded-integrated-intelligent-visual-brinell-hardness-tester\\\/#primaryimage\"},\"thumbnailUrl\":\"https:\\\/\\\/hardnesstests.com\\\/wp-content\\\/uploads\\\/2025\\\/11\\\/PCHBST-3000Z\u5d4c\u5165\u5f0f\u96c6\u6210\u667a\u80fd\u89c6\u89c9\u5e03\u6c0f\u786c\u5ea6\u8ba1.jpg\",\"datePublished\":\"2025-11-26T07:31:23+00:00\",\"dateModified\":\"2026-02-14T20:40:28+00:00\",\"breadcrumb\":{\"@id\":\"https:\\\/\\\/hardnesstests.com\\\/product\\\/pchbst-3000z-embedded-integrated-intelligent-visual-brinell-hardness-tester\\\/#breadcrumb\"},\"inLanguage\":\"sk-SK\",\"potentialAction\":[{\"@type\":\"ReadAction\",\"target\":[\"https:\\\/\\\/hardnesstests.com\\\/product\\\/pchbst-3000z-embedded-integrated-intelligent-visual-brinell-hardness-tester\\\/\"]}]},{\"@type\":\"ImageObject\",\"inLanguage\":\"sk-SK\",\"@id\":\"https:\\\/\\\/hardnesstests.com\\\/product\\\/pchbst-3000z-embedded-integrated-intelligent-visual-brinell-hardness-tester\\\/#primaryimage\",\"url\":\"https:\\\/\\\/hardnesstests.com\\\/wp-content\\\/uploads\\\/2025\\\/11\\\/PCHBST-3000Z\u5d4c\u5165\u5f0f\u96c6\u6210\u667a\u80fd\u89c6\u89c9\u5e03\u6c0f\u786c\u5ea6\u8ba1.jpg\",\"contentUrl\":\"https:\\\/\\\/hardnesstests.com\\\/wp-content\\\/uploads\\\/2025\\\/11\\\/PCHBST-3000Z\u5d4c\u5165\u5f0f\u96c6\u6210\u667a\u80fd\u89c6\u89c9\u5e03\u6c0f\u786c\u5ea6\u8ba1.jpg\",\"width\":800,\"height\":800,\"caption\":\"PCHBST-3000Z (Embedded Integrated Intelligent Visual Brinell Hardness Tester)\"},{\"@type\":\"BreadcrumbList\",\"@id\":\"https:\\\/\\\/hardnesstests.com\\\/product\\\/pchbst-3000z-embedded-integrated-intelligent-visual-brinell-hardness-tester\\\/#breadcrumb\",\"itemListElement\":[{\"@type\":\"ListItem\",\"position\":1,\"name\":\"\u9996\u9875\",\"item\":\"https:\\\/\\\/hardnesstests.com\\\/\"},{\"@type\":\"ListItem\",\"position\":2,\"name\":\"products\",\"item\":\"https:\\\/\\\/hardnesstests.com\\\/products\\\/\"},{\"@type\":\"ListItem\",\"position\":3,\"name\":\"PCHBST-3000Z (Embedded Integrated Intelligent Visual Brinell Hardness Tester)\"}]},{\"@type\":\"WebSite\",\"@id\":\"https:\\\/\\\/hardnesstests.com\\\/tr\\\/#website\",\"url\":\"https:\\\/\\\/hardnesstests.com\\\/tr\\\/\",\"name\":\"hardnesstests\",\"description\":\"\",\"publisher\":{\"@id\":\"https:\\\/\\\/hardnesstests.com\\\/tr\\\/#organization\"},\"potentialAction\":[{\"@type\":\"SearchAction\",\"target\":{\"@type\":\"EntryPoint\",\"urlTemplate\":\"https:\\\/\\\/hardnesstests.com\\\/tr\\\/?s={search_term_string}\"},\"query-input\":{\"@type\":\"PropertyValueSpecification\",\"valueRequired\":true,\"valueName\":\"search_term_string\"}}],\"inLanguage\":\"sk-SK\"},{\"@type\":\"Organization\",\"@id\":\"https:\\\/\\\/hardnesstests.com\\\/tr\\\/#organization\",\"name\":\"hardnesstests\",\"url\":\"https:\\\/\\\/hardnesstests.com\\\/tr\\\/\",\"logo\":{\"@type\":\"ImageObject\",\"inLanguage\":\"sk-SK\",\"@id\":\"https:\\\/\\\/hardnesstests.com\\\/tr\\\/#\\\/schema\\\/logo\\\/image\\\/\",\"url\":\"https:\\\/\\\/hardnesstests.com\\\/wp-content\\\/uploads\\\/2021\\\/08\\\/\u5fae\u4fe1\u56fe\u7247_20251029102004_335_1287.png\",\"contentUrl\":\"https:\\\/\\\/hardnesstests.com\\\/wp-content\\\/uploads\\\/2021\\\/08\\\/\u5fae\u4fe1\u56fe\u7247_20251029102004_335_1287.png\",\"width\":1308,\"height\":467,\"caption\":\"hardnesstests\"},\"image\":{\"@id\":\"https:\\\/\\\/hardnesstests.com\\\/tr\\\/#\\\/schema\\\/logo\\\/image\\\/\"}}]}<\/script>\n<!-- \/ Yoast SEO Premium plugin. -->","yoast_head_json":{"title":"PCHBST-3000Z (Embedded Integrated Intelligent Visual Brinell Hardness Tester) - hardnesstests","robots":{"index":"index","follow":"follow","max-snippet":"max-snippet:-1","max-image-preview":"max-image-preview:large","max-video-preview":"max-video-preview:-1"},"canonical":"https:\/\/hardnesstests.com\/sk\/produkt\/pchbst-3000z-embedded-integrated-intelligent-visual-brinell-hardness-tester\/","og_locale":"sk_SK","og_type":"article","og_title":"PCHBST-3000Z (Embedded Integrated Intelligent Visual Brinell Hardness Tester)","og_description":"PCHBST-3000Z touch screen digital display Brinell hardness tester, just operate a touch tablet computer, easily get the measurement done! And all the parameters required for the test can be directly selected, modified, and analyzed on the computer. The PC end is connected to the hardness tester in series through the communication protocol to control the mechanical moving parts of the hardness tester, which can achieve: automatic multi-function tower position, automatic identification of the objective lens and the indenter, automatic loading, automatic load retention, automatic unloading, and light brightness. By linking the built-in CCD measurement and acquisition system, the clear indentation image dynamics can be displayed on the PC in real time, and the indentation can be directly locked to automatically measure the hardness value, automatically save the test data, and generate a report. The operation is very simple and fast, eliminating human measurement errors. . With the tablet computer as the platform, more application functions can be expanded through the Internet, and external monitors, printers and other devices can also be","og_url":"https:\/\/hardnesstests.com\/sk\/produkt\/pchbst-3000z-embedded-integrated-intelligent-visual-brinell-hardness-tester\/","og_site_name":"hardnesstests","article_modified_time":"2026-02-14T20:40:28+00:00","og_image":[{"width":800,"height":800,"url":"https:\/\/hardnesstests.com\/wp-content\/uploads\/2025\/11\/PCHBST-3000Z\u5d4c\u5165\u5f0f\u96c6\u6210\u667a\u80fd\u89c6\u89c9\u5e03\u6c0f\u786c\u5ea6\u8ba1.jpg","type":"image\/jpeg"}],"twitter_card":"summary_large_image","twitter_misc":{"Predpokladan\u00fd \u010das \u010d\u00edtania":"2 min\u00faty"},"schema":{"@context":"https:\/\/schema.org","@graph":[{"@type":"WebPage","@id":"https:\/\/hardnesstests.com\/product\/pchbst-3000z-embedded-integrated-intelligent-visual-brinell-hardness-tester\/","url":"https:\/\/hardnesstests.com\/product\/pchbst-3000z-embedded-integrated-intelligent-visual-brinell-hardness-tester\/","name":"PCHBST-3000Z (Embedded Integrated Intelligent Visual Brinell Hardness Tester) - hardnesstests","isPartOf":{"@id":"https:\/\/hardnesstests.com\/tr\/#website"},"primaryImageOfPage":{"@id":"https:\/\/hardnesstests.com\/product\/pchbst-3000z-embedded-integrated-intelligent-visual-brinell-hardness-tester\/#primaryimage"},"image":{"@id":"https:\/\/hardnesstests.com\/product\/pchbst-3000z-embedded-integrated-intelligent-visual-brinell-hardness-tester\/#primaryimage"},"thumbnailUrl":"https:\/\/hardnesstests.com\/wp-content\/uploads\/2025\/11\/PCHBST-3000Z\u5d4c\u5165\u5f0f\u96c6\u6210\u667a\u80fd\u89c6\u89c9\u5e03\u6c0f\u786c\u5ea6\u8ba1.jpg","datePublished":"2025-11-26T07:31:23+00:00","dateModified":"2026-02-14T20:40:28+00:00","breadcrumb":{"@id":"https:\/\/hardnesstests.com\/product\/pchbst-3000z-embedded-integrated-intelligent-visual-brinell-hardness-tester\/#breadcrumb"},"inLanguage":"sk-SK","potentialAction":[{"@type":"ReadAction","target":["https:\/\/hardnesstests.com\/product\/pchbst-3000z-embedded-integrated-intelligent-visual-brinell-hardness-tester\/"]}]},{"@type":"ImageObject","inLanguage":"sk-SK","@id":"https:\/\/hardnesstests.com\/product\/pchbst-3000z-embedded-integrated-intelligent-visual-brinell-hardness-tester\/#primaryimage","url":"https:\/\/hardnesstests.com\/wp-content\/uploads\/2025\/11\/PCHBST-3000Z\u5d4c\u5165\u5f0f\u96c6\u6210\u667a\u80fd\u89c6\u89c9\u5e03\u6c0f\u786c\u5ea6\u8ba1.jpg","contentUrl":"https:\/\/hardnesstests.com\/wp-content\/uploads\/2025\/11\/PCHBST-3000Z\u5d4c\u5165\u5f0f\u96c6\u6210\u667a\u80fd\u89c6\u89c9\u5e03\u6c0f\u786c\u5ea6\u8ba1.jpg","width":800,"height":800,"caption":"PCHBST-3000Z (Embedded Integrated Intelligent Visual Brinell Hardness Tester)"},{"@type":"BreadcrumbList","@id":"https:\/\/hardnesstests.com\/product\/pchbst-3000z-embedded-integrated-intelligent-visual-brinell-hardness-tester\/#breadcrumb","itemListElement":[{"@type":"ListItem","position":1,"name":"\u9996\u9875","item":"https:\/\/hardnesstests.com\/"},{"@type":"ListItem","position":2,"name":"products","item":"https:\/\/hardnesstests.com\/products\/"},{"@type":"ListItem","position":3,"name":"PCHBST-3000Z (Embedded Integrated Intelligent Visual Brinell Hardness Tester)"}]},{"@type":"WebSite","@id":"https:\/\/hardnesstests.com\/tr\/#website","url":"https:\/\/hardnesstests.com\/tr\/","name":"hardnesstests","description":"","publisher":{"@id":"https:\/\/hardnesstests.com\/tr\/#organization"},"potentialAction":[{"@type":"SearchAction","target":{"@type":"EntryPoint","urlTemplate":"https:\/\/hardnesstests.com\/tr\/?s={search_term_string}"},"query-input":{"@type":"PropertyValueSpecification","valueRequired":true,"valueName":"search_term_string"}}],"inLanguage":"sk-SK"},{"@type":"Organization","@id":"https:\/\/hardnesstests.com\/tr\/#organization","name":"hardnesstests","url":"https:\/\/hardnesstests.com\/tr\/","logo":{"@type":"ImageObject","inLanguage":"sk-SK","@id":"https:\/\/hardnesstests.com\/tr\/#\/schema\/logo\/image\/","url":"https:\/\/hardnesstests.com\/wp-content\/uploads\/2021\/08\/\u5fae\u4fe1\u56fe\u7247_20251029102004_335_1287.png","contentUrl":"https:\/\/hardnesstests.com\/wp-content\/uploads\/2021\/08\/\u5fae\u4fe1\u56fe\u7247_20251029102004_335_1287.png","width":1308,"height":467,"caption":"hardnesstests"},"image":{"@id":"https:\/\/hardnesstests.com\/tr\/#\/schema\/logo\/image\/"}}]}},"_links":{"self":[{"href":"https:\/\/hardnesstests.com\/sk\/wp-json\/wp\/v2\/product\/29662","targetHints":{"allow":["GET"]}}],"collection":[{"href":"https:\/\/hardnesstests.com\/sk\/wp-json\/wp\/v2\/product"}],"about":[{"href":"https:\/\/hardnesstests.com\/sk\/wp-json\/wp\/v2\/types\/product"}],"replies":[{"embeddable":true,"href":"https:\/\/hardnesstests.com\/sk\/wp-json\/wp\/v2\/comments?post=29662"}],"version-history":[{"count":3,"href":"https:\/\/hardnesstests.com\/sk\/wp-json\/wp\/v2\/product\/29662\/revisions"}],"predecessor-version":[{"id":29710,"href":"https:\/\/hardnesstests.com\/sk\/wp-json\/wp\/v2\/product\/29662\/revisions\/29710"}],"wp:featuredmedia":[{"embeddable":true,"href":"https:\/\/hardnesstests.com\/sk\/wp-json\/wp\/v2\/media\/29666"}],"wp:attachment":[{"href":"https:\/\/hardnesstests.com\/sk\/wp-json\/wp\/v2\/media?parent=29662"}],"wp:term":[{"taxonomy":"product_brand","embeddable":true,"href":"https:\/\/hardnesstests.com\/sk\/wp-json\/wp\/v2\/product_brand?post=29662"},{"taxonomy":"product_cat","embeddable":true,"href":"https:\/\/hardnesstests.com\/sk\/wp-json\/wp\/v2\/product_cat?post=29662"},{"taxonomy":"product_tag","embeddable":true,"href":"https:\/\/hardnesstests.com\/sk\/wp-json\/wp\/v2\/product_tag?post=29662"}],"curies":[{"name":"wp","href":"https:\/\/api.w.org\/{rel}","templated":true}]}}