{"id":29654,"date":"2025-11-26T07:19:00","date_gmt":"2025-11-26T07:19:00","guid":{"rendered":"https:\/\/hardnesstests.com\/?post_type=product&#038;p=29654"},"modified":"2025-11-27T05:57:41","modified_gmt":"2025-11-27T05:57:41","slug":"hbst-3000z-digital-display-automatic-brick-tower-brinell-hardness-tester","status":"publish","type":"product","link":"https:\/\/hardnesstests.com\/sk\/produkt\/hbst-3000z-digital-display-automatic-brick-tower-brinell-hardness-tester\/","title":{"rendered":"(HBST-3000Z )Automatick\u00fd Brinellov tester tvrdosti s digit\u00e1lnym displejom"},"content":{"rendered":"<table>\n<tbody>\n<tr>\n<td>\n<h1><strong>Hlavn\u00e9 funkcie a vlastnosti:<\/strong><\/h1>\n<\/td>\n<\/tr>\n<\/tbody>\n<\/table>\n<ol>\n<li style=\"font-weight: 400;\">This machine has the characteristics of high precision, high repeatability and stability, simple operation, convenient and practical, and high cost performance;<\/li>\n<li style=\"font-weight: 400;\">Possesses level 10 test capability, and can test a wider range;<\/li>\n<li style=\"font-weight: 400;\">Equipped with digital display micrometer eyepiece and accurate data calculation system, the hardness value can be directly displayed with just one tap;<\/li>\n<li style=\"font-weight: 400;\">The system comes with a calibration function, which can manually adjust the input calibration instrument, and can also calibrate the eyepiece magnification.<\/li>\n<li style=\"font-weight: 400;\">Adjustable range of optical system brightness: 0-100<\/li>\n<li style=\"font-weight: 400;\">It can store up to 100 sets of test data<\/li>\n<li style=\"font-weight: 400;\">The operating system can be converted between Chinese and English<\/li>\n<li style=\"font-weight: 400;\">The main interface can display 5 conversion rulers at the same time<\/li>\n<li style=\"font-weight: 400;\">Equipped with a built-in printer to output the measurement data or connect to the computer to transmit the measurement data of the host to the computer for editing and saving;<\/li>\n<li style=\"font-weight: 400;\">Equipped with high-performance stepper motor to automatically load and unload the test force, the noise generated during the test is smaller<\/li>\n<li style=\"font-weight: 400;\">Using photoelectric sensor technology and microcomputer control system, it can automatically compensate, and the test results are accurate and stable;<\/li>\n<li style=\"font-weight: 400;\">Automatically enter the indentation diameter and directly display the hardness value, which can realize dual display of any hardness unit, avoiding the cumbersome check-up table;<\/li>\n<li style=\"font-weight: 400;\">Self-contained design of high-magnification LED optical measurement, high image clarity, adjustable brightness, long-term operation is not suitable for fatigue;<\/li>\n<li style=\"font-weight: 400;\">The shell is cast at one time, the structure is stable and does not deform, and it can work in a relatively harsh environment;<\/li>\n<li style=\"font-weight: 400;\">The surface is treated with the car paint process, which has strong scratching ability and is still bright as new after years of use;<\/li>\n<\/ol>\n<h1 style=\"font-weight: 400;\"><strong>Hlavn\u00fd \u00fa\u010del a rozsah pou\u017eitia:<\/strong><\/h1>\n<ol>\n<li style=\"font-weight: 400;\">It is suitable for the hardness tester test of metal materials with large grains, which can reflect the comprehensive performance of the material;<\/li>\n<li style=\"font-weight: 400;\">Liatina, oce\u013e, ne\u017eelezn\u00e9 kovy, najm\u00e4 m\u00e4k\u0161ie kovy, ako je \u010dist\u00fd hlin\u00edk, olovo, c\u00edn at\u010f.<\/li>\n<li style=\"font-weight: 400;\">It can be used to measure the hardness of some non-metallic materials such as hard plastics, bakelite, etc.<\/li>\n<\/ol>\n<table>\n<tbody>\n<tr>\n<td>\n<h1><strong>Technical parameter:<\/strong><\/h1>\n<\/td>\n<\/tr>\n<\/tbody>\n<\/table>\n<table>\n<tbody>\n<tr>\n<td width=\"138\">Product number<\/td>\n<td width=\"449\">HBST-3000Z<\/td>\n<\/tr>\n<tr>\n<td width=\"138\">Brinell ruler<\/td>\n<td width=\"449\">HBW2.5\/62.5 \u00a0HBW2.5\/187.5 HBW5\/62.5 \u00a0HBW5\/125 \u00a0HBW5\/250 \u00a0HBW5\/750 \u00a0\u00a0\u00a0\u00a0 HBW10\/100\u3001 \u00a0\u00a0HBW10\/250 \u00a0\u00a0HBW10\/500 \u00a0\u00a0HBW10\/1000 \u00a0HBW10\/1500 \u00a0\u00a0\u00a0\u00a0\u00a0HBW10\/3000<\/td>\n<\/tr>\n<tr>\n<td width=\"138\">Test force<\/td>\n<td width=\"449\">62.5kgf(612.9N)\u3001100kgf(980.7N)\u3001125kgf(1226N)\u3001187.5kgf(1839N)\u3001250kgf(2452N)\u3001500kgf(4903N)\u3001750kgf(7355N)\u30011000kgf(8907N)\u30011500kgf(14710N)\u30013000kgf(29420N)<\/td>\n<\/tr>\n<tr>\n<td width=\"138\">conversion<\/td>\n<td width=\"449\">Automatic change to Vickers and Rockwell<\/td>\n<\/tr>\n<tr>\n<td width=\"138\">Kontrola za\u0165a\u017eenia<\/td>\n<td width=\"449\">Automatic (loading\/loading\/unloading)<\/td>\n<\/tr>\n<tr>\n<td width=\"138\">Ve\u017ea<\/td>\n<td width=\"449\">Automatic turret head and objective lens rotate automatically<\/td>\n<\/tr>\n<tr>\n<td width=\"138\">Maximum height of the test piece<\/td>\n<td width=\"449\">220 mm<\/td>\n<\/tr>\n<tr>\n<td width=\"138\">Indenter-outer wall distance<\/td>\n<td width=\"449\">135 mm<\/td>\n<\/tr>\n<tr>\n<td width=\"138\">Indenter-upper wall distance<\/td>\n<td width=\"449\">55mm\uff08The head to the upper wall can be increased by customizing the indenter\uff09<\/td>\n<\/tr>\n<tr>\n<td width=\"138\">Minimum unit of measure<\/td>\n<td width=\"449\">0,125um<\/td>\n<\/tr>\n<tr>\n<td width=\"138\">Time of protection<\/td>\n<td width=\"449\">0~60s<\/td>\n<\/tr>\n<tr>\n<td width=\"138\">Rozsah sk\u00fa\u0161ky tvrdosti<\/td>\n<td width=\"449\">3.18~653HBW<\/td>\n<\/tr>\n<tr>\n<td width=\"138\">Celkov\u00e9 zv\u00e4\u010d\u0161enie<\/td>\n<td width=\"449\">20X<\/td>\n<\/tr>\n<tr>\n<td width=\"138\">V\u00fdkonn\u00fd \u0161tandard<\/td>\n<td width=\"449\">EN ISO 6506,\u00a0 ASTM E-10-08, GB\/T231.2\uff0cJJG150 -2005<\/td>\n<\/tr>\n<tr>\n<td width=\"138\">Od\u010d\u00edtanie tvrdosti<\/td>\n<td width=\"449\">Automatic calculation<\/td>\n<\/tr>\n<tr>\n<td width=\"138\">D\u00e1tov\u00fd v\u00fdstup<\/td>\n<td width=\"449\">Built-in printer, HyperTerminal.<\/td>\n<\/tr>\n<tr>\n<td width=\"138\">Nap\u00e1janie<\/td>\n<td width=\"449\">AC220+5%,50~60Hz<\/td>\n<\/tr>\n<tr>\n<td width=\"138\">Dimensions(mm)<\/td>\n<td width=\"449\">520*210*745 mm<\/td>\n<\/tr>\n<tr>\n<td width=\"138\">Weight of host<\/td>\n<td width=\"449\">About 125kg<\/td>\n<\/tr>\n<\/tbody>\n<\/table>","protected":false},"excerpt":{"rendered":"<p>HBST-3000Z touch screen digital display automatic brick tower Brinell hardness tester, the software system adopts computer intelligent programming, uses photoelectric sensor technology, through independent selection of test conditions, the test method, upper and lower limit range, and pressure measurement can be displayed on the 5.6-inch touch multifunctional display Trace length, hardness value, conversion value, test force, retention time, number of measurements, and can enter year, month, date, test results and data processing, etc., and can output measurement data through a built-in printer or connect to a computer through a data interface net. The optical system adopts high-magnification LED optical measurement, the image clarity is high, the brightness is adjustable, and the long-term operation is not suitable for fatigue. The hardware system adopts advanced electronic sensor loading technology. Through the closed-loop control system, the CPU controls the sensor to collect signals. The stepper motor automatically loads and unloads the test force, and can automatically compensate the test force to ensure more accurate force values and better indications. stability. At the same time, it is equipped with an emergency stop device, which meets the EU CE safety standards. With humanized operability, more reliable stability and safety.<\/p>","protected":false},"featured_media":29655,"comment_status":"open","ping_status":"closed","template":"","meta":[],"product_brand":[],"product_cat":[75,70],"product_tag":[105],"class_list":{"0":"post-29654","1":"product","2":"type-product","3":"status-publish","4":"has-post-thumbnail","6":"product_cat-brinell-hardness-tester","7":"product_cat-hardness-tester","8":"product_tag-brinell-hardness-tester","10":"first","11":"instock","12":"shipping-taxable","13":"product-type-simple"},"yoast_head":"<!-- This site is optimized with the Yoast SEO Premium plugin v25.4 (Yoast SEO v27.4) - https:\/\/yoast.com\/product\/yoast-seo-premium-wordpress\/ -->\n<title>(HBST-3000Z )Digital display automatic brick tower Brinell hardness tester - hardnesstests<\/title>\n<meta name=\"robots\" content=\"index, follow, max-snippet:-1, max-image-preview:large, max-video-preview:-1\" \/>\n<link rel=\"canonical\" href=\"https:\/\/hardnesstests.com\/sk\/produkt\/hbst-3000z-digital-display-automatic-brick-tower-brinell-hardness-tester\/\" \/>\n<meta property=\"og:locale\" content=\"sk_SK\" \/>\n<meta property=\"og:type\" content=\"article\" \/>\n<meta property=\"og:title\" content=\"(HBST-3000Z )Digital display automatic brick tower Brinell hardness tester\" \/>\n<meta property=\"og:description\" content=\"HBST-3000Z touch screen digital display automatic brick tower Brinell hardness tester, the software system adopts computer intelligent programming, uses photoelectric sensor technology, through independent selection of test conditions, the test method, upper and lower limit range, and pressure measurement can be displayed on the 5.6-inch touch multifunctional display Trace length, hardness value, conversion value, test force, retention time, number of measurements, and can enter year, month, date, test results and data processing, etc., and can output measurement data through a built-in printer or connect to a computer through a data interface net. The optical system adopts high-magnification LED optical measurement, the image clarity is high, the brightness is adjustable, and the long-term operation is not suitable for fatigue. The hardware system adopts advanced electronic sensor loading technology. Through the closed-loop control system, the CPU controls the sensor to collect signals. The stepper motor automatically loads and unloads the test force, and can automatically compensate the test force to ensure more accurate force values and better indications. stability. At the same time, it is equipped with an emergency stop device, which meets the EU CE safety standards. With humanized operability, more reliable stability and safety.\" \/>\n<meta property=\"og:url\" content=\"https:\/\/hardnesstests.com\/sk\/produkt\/hbst-3000z-digital-display-automatic-brick-tower-brinell-hardness-tester\/\" \/>\n<meta property=\"og:site_name\" content=\"hardnesstests\" \/>\n<meta property=\"article:modified_time\" content=\"2025-11-27T05:57:41+00:00\" \/>\n<meta property=\"og:image\" content=\"https:\/\/hardnesstests.com\/wp-content\/uploads\/2025\/11\/HBST-3000Z\u6570\u663e\u81ea\u52a8\u8f6c\u5854\u5e03\u6c0f\u786c\u5ea6\u8ba1.jpg\" \/>\n\t<meta property=\"og:image:width\" content=\"800\" \/>\n\t<meta property=\"og:image:height\" content=\"800\" \/>\n\t<meta property=\"og:image:type\" content=\"image\/jpeg\" \/>\n<meta name=\"twitter:card\" content=\"summary_large_image\" \/>\n<meta name=\"twitter:label1\" content=\"Predpokladan\u00fd \u010das \u010d\u00edtania\" \/>\n\t<meta name=\"twitter:data1\" content=\"2 min\u00faty\" \/>\n<script type=\"application\/ld+json\" class=\"yoast-schema-graph\">{\"@context\":\"https:\\\/\\\/schema.org\",\"@graph\":[{\"@type\":\"WebPage\",\"@id\":\"https:\\\/\\\/hardnesstests.com\\\/product\\\/hbst-3000z-digital-display-automatic-brick-tower-brinell-hardness-tester\\\/\",\"url\":\"https:\\\/\\\/hardnesstests.com\\\/product\\\/hbst-3000z-digital-display-automatic-brick-tower-brinell-hardness-tester\\\/\",\"name\":\"(HBST-3000Z )Digital display automatic brick tower Brinell hardness tester - hardnesstests\",\"isPartOf\":{\"@id\":\"https:\\\/\\\/hardnesstests.com\\\/tr\\\/#website\"},\"primaryImageOfPage\":{\"@id\":\"https:\\\/\\\/hardnesstests.com\\\/product\\\/hbst-3000z-digital-display-automatic-brick-tower-brinell-hardness-tester\\\/#primaryimage\"},\"image\":{\"@id\":\"https:\\\/\\\/hardnesstests.com\\\/product\\\/hbst-3000z-digital-display-automatic-brick-tower-brinell-hardness-tester\\\/#primaryimage\"},\"thumbnailUrl\":\"https:\\\/\\\/hardnesstests.com\\\/wp-content\\\/uploads\\\/2025\\\/11\\\/HBST-3000Z\u6570\u663e\u81ea\u52a8\u8f6c\u5854\u5e03\u6c0f\u786c\u5ea6\u8ba1.jpg\",\"datePublished\":\"2025-11-26T07:19:00+00:00\",\"dateModified\":\"2025-11-27T05:57:41+00:00\",\"breadcrumb\":{\"@id\":\"https:\\\/\\\/hardnesstests.com\\\/product\\\/hbst-3000z-digital-display-automatic-brick-tower-brinell-hardness-tester\\\/#breadcrumb\"},\"inLanguage\":\"sk-SK\",\"potentialAction\":[{\"@type\":\"ReadAction\",\"target\":[\"https:\\\/\\\/hardnesstests.com\\\/product\\\/hbst-3000z-digital-display-automatic-brick-tower-brinell-hardness-tester\\\/\"]}]},{\"@type\":\"ImageObject\",\"inLanguage\":\"sk-SK\",\"@id\":\"https:\\\/\\\/hardnesstests.com\\\/product\\\/hbst-3000z-digital-display-automatic-brick-tower-brinell-hardness-tester\\\/#primaryimage\",\"url\":\"https:\\\/\\\/hardnesstests.com\\\/wp-content\\\/uploads\\\/2025\\\/11\\\/HBST-3000Z\u6570\u663e\u81ea\u52a8\u8f6c\u5854\u5e03\u6c0f\u786c\u5ea6\u8ba1.jpg\",\"contentUrl\":\"https:\\\/\\\/hardnesstests.com\\\/wp-content\\\/uploads\\\/2025\\\/11\\\/HBST-3000Z\u6570\u663e\u81ea\u52a8\u8f6c\u5854\u5e03\u6c0f\u786c\u5ea6\u8ba1.jpg\",\"width\":800,\"height\":800,\"caption\":\"(HBST-3000Z )Digital display automatic brick tower Brinell hardness tester\"},{\"@type\":\"BreadcrumbList\",\"@id\":\"https:\\\/\\\/hardnesstests.com\\\/product\\\/hbst-3000z-digital-display-automatic-brick-tower-brinell-hardness-tester\\\/#breadcrumb\",\"itemListElement\":[{\"@type\":\"ListItem\",\"position\":1,\"name\":\"\u9996\u9875\",\"item\":\"https:\\\/\\\/hardnesstests.com\\\/\"},{\"@type\":\"ListItem\",\"position\":2,\"name\":\"products\",\"item\":\"https:\\\/\\\/hardnesstests.com\\\/products\\\/\"},{\"@type\":\"ListItem\",\"position\":3,\"name\":\"(HBST-3000Z )Digital display automatic brick tower Brinell hardness tester\"}]},{\"@type\":\"WebSite\",\"@id\":\"https:\\\/\\\/hardnesstests.com\\\/tr\\\/#website\",\"url\":\"https:\\\/\\\/hardnesstests.com\\\/tr\\\/\",\"name\":\"hardnesstests\",\"description\":\"\",\"publisher\":{\"@id\":\"https:\\\/\\\/hardnesstests.com\\\/tr\\\/#organization\"},\"potentialAction\":[{\"@type\":\"SearchAction\",\"target\":{\"@type\":\"EntryPoint\",\"urlTemplate\":\"https:\\\/\\\/hardnesstests.com\\\/tr\\\/?s={search_term_string}\"},\"query-input\":{\"@type\":\"PropertyValueSpecification\",\"valueRequired\":true,\"valueName\":\"search_term_string\"}}],\"inLanguage\":\"sk-SK\"},{\"@type\":\"Organization\",\"@id\":\"https:\\\/\\\/hardnesstests.com\\\/tr\\\/#organization\",\"name\":\"hardnesstests\",\"url\":\"https:\\\/\\\/hardnesstests.com\\\/tr\\\/\",\"logo\":{\"@type\":\"ImageObject\",\"inLanguage\":\"sk-SK\",\"@id\":\"https:\\\/\\\/hardnesstests.com\\\/tr\\\/#\\\/schema\\\/logo\\\/image\\\/\",\"url\":\"https:\\\/\\\/hardnesstests.com\\\/wp-content\\\/uploads\\\/2021\\\/08\\\/\u5fae\u4fe1\u56fe\u7247_20251029102004_335_1287.png\",\"contentUrl\":\"https:\\\/\\\/hardnesstests.com\\\/wp-content\\\/uploads\\\/2021\\\/08\\\/\u5fae\u4fe1\u56fe\u7247_20251029102004_335_1287.png\",\"width\":1308,\"height\":467,\"caption\":\"hardnesstests\"},\"image\":{\"@id\":\"https:\\\/\\\/hardnesstests.com\\\/tr\\\/#\\\/schema\\\/logo\\\/image\\\/\"}}]}<\/script>\n<!-- \/ Yoast SEO Premium plugin. -->","yoast_head_json":{"title":"(HBST-3000Z )Digital display automatic brick tower Brinell hardness tester - hardnesstests","robots":{"index":"index","follow":"follow","max-snippet":"max-snippet:-1","max-image-preview":"max-image-preview:large","max-video-preview":"max-video-preview:-1"},"canonical":"https:\/\/hardnesstests.com\/sk\/produkt\/hbst-3000z-digital-display-automatic-brick-tower-brinell-hardness-tester\/","og_locale":"sk_SK","og_type":"article","og_title":"(HBST-3000Z )Digital display automatic brick tower Brinell hardness tester","og_description":"HBST-3000Z touch screen digital display automatic brick tower Brinell hardness tester, the software system adopts computer intelligent programming, uses photoelectric sensor technology, through independent selection of test conditions, the test method, upper and lower limit range, and pressure measurement can be displayed on the 5.6-inch touch multifunctional display Trace length, hardness value, conversion value, test force, retention time, number of measurements, and can enter year, month, date, test results and data processing, etc., and can output measurement data through a built-in printer or connect to a computer through a data interface net. The optical system adopts high-magnification LED optical measurement, the image clarity is high, the brightness is adjustable, and the long-term operation is not suitable for fatigue. The hardware system adopts advanced electronic sensor loading technology. Through the closed-loop control system, the CPU controls the sensor to collect signals. The stepper motor automatically loads and unloads the test force, and can automatically compensate the test force to ensure more accurate force values and better indications. stability. At the same time, it is equipped with an emergency stop device, which meets the EU CE safety standards. With humanized operability, more reliable stability and safety.","og_url":"https:\/\/hardnesstests.com\/sk\/produkt\/hbst-3000z-digital-display-automatic-brick-tower-brinell-hardness-tester\/","og_site_name":"hardnesstests","article_modified_time":"2025-11-27T05:57:41+00:00","og_image":[{"width":800,"height":800,"url":"https:\/\/hardnesstests.com\/wp-content\/uploads\/2025\/11\/HBST-3000Z\u6570\u663e\u81ea\u52a8\u8f6c\u5854\u5e03\u6c0f\u786c\u5ea6\u8ba1.jpg","type":"image\/jpeg"}],"twitter_card":"summary_large_image","twitter_misc":{"Predpokladan\u00fd \u010das \u010d\u00edtania":"2 min\u00faty"},"schema":{"@context":"https:\/\/schema.org","@graph":[{"@type":"WebPage","@id":"https:\/\/hardnesstests.com\/product\/hbst-3000z-digital-display-automatic-brick-tower-brinell-hardness-tester\/","url":"https:\/\/hardnesstests.com\/product\/hbst-3000z-digital-display-automatic-brick-tower-brinell-hardness-tester\/","name":"(HBST-3000Z )Digital display automatic brick tower Brinell hardness tester - hardnesstests","isPartOf":{"@id":"https:\/\/hardnesstests.com\/tr\/#website"},"primaryImageOfPage":{"@id":"https:\/\/hardnesstests.com\/product\/hbst-3000z-digital-display-automatic-brick-tower-brinell-hardness-tester\/#primaryimage"},"image":{"@id":"https:\/\/hardnesstests.com\/product\/hbst-3000z-digital-display-automatic-brick-tower-brinell-hardness-tester\/#primaryimage"},"thumbnailUrl":"https:\/\/hardnesstests.com\/wp-content\/uploads\/2025\/11\/HBST-3000Z\u6570\u663e\u81ea\u52a8\u8f6c\u5854\u5e03\u6c0f\u786c\u5ea6\u8ba1.jpg","datePublished":"2025-11-26T07:19:00+00:00","dateModified":"2025-11-27T05:57:41+00:00","breadcrumb":{"@id":"https:\/\/hardnesstests.com\/product\/hbst-3000z-digital-display-automatic-brick-tower-brinell-hardness-tester\/#breadcrumb"},"inLanguage":"sk-SK","potentialAction":[{"@type":"ReadAction","target":["https:\/\/hardnesstests.com\/product\/hbst-3000z-digital-display-automatic-brick-tower-brinell-hardness-tester\/"]}]},{"@type":"ImageObject","inLanguage":"sk-SK","@id":"https:\/\/hardnesstests.com\/product\/hbst-3000z-digital-display-automatic-brick-tower-brinell-hardness-tester\/#primaryimage","url":"https:\/\/hardnesstests.com\/wp-content\/uploads\/2025\/11\/HBST-3000Z\u6570\u663e\u81ea\u52a8\u8f6c\u5854\u5e03\u6c0f\u786c\u5ea6\u8ba1.jpg","contentUrl":"https:\/\/hardnesstests.com\/wp-content\/uploads\/2025\/11\/HBST-3000Z\u6570\u663e\u81ea\u52a8\u8f6c\u5854\u5e03\u6c0f\u786c\u5ea6\u8ba1.jpg","width":800,"height":800,"caption":"(HBST-3000Z )Digital display automatic brick tower Brinell hardness tester"},{"@type":"BreadcrumbList","@id":"https:\/\/hardnesstests.com\/product\/hbst-3000z-digital-display-automatic-brick-tower-brinell-hardness-tester\/#breadcrumb","itemListElement":[{"@type":"ListItem","position":1,"name":"\u9996\u9875","item":"https:\/\/hardnesstests.com\/"},{"@type":"ListItem","position":2,"name":"products","item":"https:\/\/hardnesstests.com\/products\/"},{"@type":"ListItem","position":3,"name":"(HBST-3000Z )Digital display automatic brick tower Brinell hardness tester"}]},{"@type":"WebSite","@id":"https:\/\/hardnesstests.com\/tr\/#website","url":"https:\/\/hardnesstests.com\/tr\/","name":"hardnesstests","description":"","publisher":{"@id":"https:\/\/hardnesstests.com\/tr\/#organization"},"potentialAction":[{"@type":"SearchAction","target":{"@type":"EntryPoint","urlTemplate":"https:\/\/hardnesstests.com\/tr\/?s={search_term_string}"},"query-input":{"@type":"PropertyValueSpecification","valueRequired":true,"valueName":"search_term_string"}}],"inLanguage":"sk-SK"},{"@type":"Organization","@id":"https:\/\/hardnesstests.com\/tr\/#organization","name":"hardnesstests","url":"https:\/\/hardnesstests.com\/tr\/","logo":{"@type":"ImageObject","inLanguage":"sk-SK","@id":"https:\/\/hardnesstests.com\/tr\/#\/schema\/logo\/image\/","url":"https:\/\/hardnesstests.com\/wp-content\/uploads\/2021\/08\/\u5fae\u4fe1\u56fe\u7247_20251029102004_335_1287.png","contentUrl":"https:\/\/hardnesstests.com\/wp-content\/uploads\/2021\/08\/\u5fae\u4fe1\u56fe\u7247_20251029102004_335_1287.png","width":1308,"height":467,"caption":"hardnesstests"},"image":{"@id":"https:\/\/hardnesstests.com\/tr\/#\/schema\/logo\/image\/"}}]}},"_links":{"self":[{"href":"https:\/\/hardnesstests.com\/sk\/wp-json\/wp\/v2\/product\/29654","targetHints":{"allow":["GET"]}}],"collection":[{"href":"https:\/\/hardnesstests.com\/sk\/wp-json\/wp\/v2\/product"}],"about":[{"href":"https:\/\/hardnesstests.com\/sk\/wp-json\/wp\/v2\/types\/product"}],"replies":[{"embeddable":true,"href":"https:\/\/hardnesstests.com\/sk\/wp-json\/wp\/v2\/comments?post=29654"}],"version-history":[{"count":2,"href":"https:\/\/hardnesstests.com\/sk\/wp-json\/wp\/v2\/product\/29654\/revisions"}],"predecessor-version":[{"id":29706,"href":"https:\/\/hardnesstests.com\/sk\/wp-json\/wp\/v2\/product\/29654\/revisions\/29706"}],"wp:featuredmedia":[{"embeddable":true,"href":"https:\/\/hardnesstests.com\/sk\/wp-json\/wp\/v2\/media\/29655"}],"wp:attachment":[{"href":"https:\/\/hardnesstests.com\/sk\/wp-json\/wp\/v2\/media?parent=29654"}],"wp:term":[{"taxonomy":"product_brand","embeddable":true,"href":"https:\/\/hardnesstests.com\/sk\/wp-json\/wp\/v2\/product_brand?post=29654"},{"taxonomy":"product_cat","embeddable":true,"href":"https:\/\/hardnesstests.com\/sk\/wp-json\/wp\/v2\/product_cat?post=29654"},{"taxonomy":"product_tag","embeddable":true,"href":"https:\/\/hardnesstests.com\/sk\/wp-json\/wp\/v2\/product_tag?post=29654"}],"curies":[{"name":"wp","href":"https:\/\/api.w.org\/{rel}","templated":true}]}}