{"id":29624,"date":"2025-11-26T06:54:20","date_gmt":"2025-11-26T06:54:20","guid":{"rendered":"https:\/\/hardnesstests.com\/?post_type=product&#038;p=29624"},"modified":"2025-11-27T05:49:17","modified_gmt":"2025-11-27T05:49:17","slug":"dual-objective-lens-dual-indenter-touch-screen-digital-display-automatic-turret-brinell-hardness-tester2hbst-3000zs","status":"publish","type":"product","link":"https:\/\/hardnesstests.com\/sk\/produkt\/dual-objective-lens-dual-indenter-touch-screen-digital-display-automatic-turret-brinell-hardness-tester2hbst-3000zs\/","title":{"rendered":"(Dvojit\u00fd objekt\u00edv, dvojit\u00fd indentor, dotykov\u00fd displej, digit\u00e1lny displej, automatick\u00fd revolverov\u00fd Brinellov tvrdomer)2HBST-3000ZS"},"content":{"rendered":"<table>\n<tbody>\n<tr>\n<td>\n<h1><strong>Hlavn\u00e9 funkcie a vlastnosti:<\/strong><\/h1>\n<\/td>\n<\/tr>\n<\/tbody>\n<\/table>\n<ol>\n<li style=\"font-weight: 400;\">This machine has the characteristics of high precision, high repeatability and stability, simple operation, convenience and practicality, and extremely high cost<strong>performance;<\/strong><\/li>\n<li style=\"font-weight: 400;\">M\u00e1 11 \u00farovn\u00ed testovacej sily a dok\u00e1\u017ee testova\u0165 \u0161ir\u0161\u00ed rozsah;<\/li>\n<li style=\"font-weight: 400;\">It is equipped with a digital display micrometer eyepiece and an accurate data calculation system, and the hardness value can be directly displayed with just a click;<\/li>\n<li style=\"font-weight: 400;\">When the test force is applied, the force value and time curve are displayed in real time.<\/li>\n<li style=\"font-weight: 400;\">Automatic lifting and lowering, jog lifting and lowering, no need to manually raise the lead screw.<\/li>\n<li style=\"font-weight: 400;\">After the test force is applied, it can automatically focus on the clearest part.<\/li>\n<li style=\"font-weight: 400;\">The system has a calibration function, which can manually adjust the input calibration instrument and calibrate the eyepiece magnification.<\/li>\n<li style=\"font-weight: 400;\">The adjustable brightness range of the optical system: 0-100<\/li>\n<li style=\"font-weight: 400;\">It can store up to 100 sets of test data, and the average value and number of times can be displayed on the main interface. The product name can also be set.<\/li>\n<li style=\"font-weight: 400;\">The stored data can be viewed and printed in real time, and the current test results and all test records can be directly printed.<\/li>\n<li style=\"font-weight: 400;\">The operating system has 14 languages, which can be switched at will: Chinese, Traditional Chinese, English, Russian, German, French, Spanish, Portuguese, Turkish, Czech, Japanese, Korean, Thai, Vietnamese;<\/li>\n<li style=\"font-weight: 400;\">The main interface can display 4 conversion scales at the same time, and can switch: national standard (GB), American standard (ASTM) and international (ISO) standard, a total of 30 units can be converted: HRA, HRB, HRC, HRD, HRF, HR15N, HR30N, HR45N, HR15T, HR30T, HR45T, HV, HK, HBW, HBS, HS, HV50, HV10, HV5, MPa, Rm, Rm(c), Rm(Cr), Rm(CrV), Rm(CrNi), Rm(CrMo), Rm(NiMo\uff09\u3001Rm(MnSi)\u3001Rm(High)\u3001Rm(STNL)<\/li>\n<li style=\"font-weight: 400;\">Equipped with built-in printer to output measurement data<\/li>\n<li style=\"font-weight: 400;\">Optional USB to export measurement data, or select upper software data output to edit and export measurement report<\/li>\n<li style=\"font-weight: 400;\">Equipped with high-performance stepper motor to automatically load and unload test force, less noise generated during the test<\/li>\n<li style=\"font-weight: 400;\">Using photoelectric sensor technology and microcomputer control system, it can automatically compensate, and the test results are accurate and stable;<\/li>\n<li style=\"font-weight: 400;\">Automatically input the indentation diameter and directly display the hardness value;<\/li>\n<li style=\"font-weight: 400;\">Self-designed high-magnification LED optical measurement, high image clarity, adjustable brightness, long-term operation without fatigue;<\/li>\n<li style=\"font-weight: 400;\">The shell structure is stable and non-deformed, and can work in relatively harsh environments;<\/li>\n<li style=\"font-weight: 400;\">The surface is treated with automotive paint technology, with strong scratch resistance, and it is still as bright as new after years of use<strong>;<\/strong><\/li>\n<\/ol>\n<h1 style=\"font-weight: 400;\"><strong>Hlavn\u00e9 pou\u017eitia a rozsah pou\u017eitia:<\/strong><\/h1>\n<ol>\n<li style=\"font-weight: 400;\">Vhodn\u00fd na testovanie tvrdosti kovov\u00fdch materi\u00e1lov s ve\u013ek\u00fdmi zrnami, ktor\u00e9 m\u00f4\u017eu odr\u00e1\u017ea\u0165 komplexn\u00fd v\u00fdkon materi\u00e1lu;<\/li>\n<li style=\"font-weight: 400;\">Cast iron, steel, non-ferrous metals, especially for softer metals such as pure aluminum, lead, tin, etc.<\/li>\n<li style=\"font-weight: 400;\">Can be used for the hardness test of some non-metallic materials such as hard plastics, bakelite, etc.<\/li>\n<\/ol>\n<table>\n<tbody>\n<tr>\n<td>\n<h1><strong>Technical parameter:<\/strong><\/h1>\n<\/td>\n<\/tr>\n<\/tbody>\n<\/table>\n<table>\n<tbody>\n<tr>\n<td width=\"138\">Model v\u00fdrobku<\/td>\n<td width=\"450\">2HBST-3000ZS<\/td>\n<\/tr>\n<tr>\n<td width=\"138\">Brinellova stupnica<\/td>\n<td width=\"450\">HBW2.5\/31.25\u3001HBW2.5\/62.5\u3001HBW2.5\/187.5\u3001HBW5\/62.5 HBW5\/125\u3001\u00a0\u00a0\u00a0\u00a0HBW5\/250\u3001\u00a0\u00a0\u00a0\u00a0HBW5\/750\u00a0\u00a0\u00a0\u00a0\u00a0HBW10\/100\u00a0\u00a0\u00a0\u00a0\u00a0\u00a0HBW10\/250\u00a0\u00a0HBW10\/500\u3001HBW10\/1000\u00a0\u00a0\u00a0\u00a0HBW10\/1500\u00a0\u00a0HBW10\/3000<\/td>\n<\/tr>\n<tr>\n<td width=\"138\">Testovacia sila (11 \u00farovn\u00ed)<\/td>\n<td width=\"450\">31.25kgf(306.5N)62.5kgf(612.9N)100kgf(980.7N)125kgf(1226N)187.5kgf(1839N)250kgf(2452N)500kgf(4903N)750kgf(7355N)1000kgf(8907N)1500kgf(14710N)3000kgf(29420N)<\/td>\n<\/tr>\n<tr>\n<td width=\"138\">Test force unit conversion<\/td>\n<td width=\"450\">gf\u3001Mn)<\/td>\n<\/tr>\n<tr>\n<td width=\"138\">Od\u010d\u00edtanie tvrdosti<\/td>\n<td width=\"450\">Automatic calculation<\/td>\n<\/tr>\n<tr>\n<td width=\"138\">Hardness value unit conversion<\/td>\n<td width=\"450\">Automatic conversion: Vickers, Rockwell<\/td>\n<\/tr>\n<tr>\n<td width=\"138\">Screen<\/td>\n<td width=\"450\">8-inch touch screen, the machine will automatically sleep if not operated for a long time<\/td>\n<\/tr>\n<tr>\n<td width=\"138\">Loading process<\/td>\n<td width=\"450\">Real-time display of loading time and loading force value curve, loading time &lt;8s<\/td>\n<\/tr>\n<tr>\n<td width=\"138\">Kontrola za\u0165a\u017eenia<\/td>\n<td width=\"450\">Automatick\u00e9 (nakladanie\/dr\u017eanie\/vykladanie)<\/td>\n<\/tr>\n<tr>\n<td width=\"138\">Workstation<\/td>\n<td width=\"450\">Four-station, can be equipped with 2 objective lenses and 2 pressure heads at the same time<\/td>\n<\/tr>\n<tr>\n<td width=\"138\">Lifting<\/td>\n<td width=\"450\">Automatic lifting, inching lifting<\/td>\n<\/tr>\n<tr>\n<td width=\"138\">Focus<\/td>\n<td width=\"450\">Automatic focusing, no need to manually lift the screw to focus.<\/td>\n<\/tr>\n<tr>\n<td width=\"138\">Ve\u017ea<\/td>\n<td width=\"450\">Automatic turret, automatic rotation of the pressure head and objective lens<\/td>\n<\/tr>\n<tr>\n<td width=\"138\">Maxim\u00e1lna v\u00fd\u0161ka sk\u00fa\u0161obn\u00e9ho kusu<\/td>\n<td width=\"450\">370mm<\/td>\n<\/tr>\n<tr>\n<td width=\"138\">Indenter-outer wall distance<\/td>\n<td width=\"450\">170mm<\/td>\n<\/tr>\n<tr>\n<td width=\"138\">Objective lens<\/td>\n<td width=\"450\">1X, 2X<\/td>\n<\/tr>\n<tr>\n<td width=\"138\">Eyepiece<\/td>\n<td width=\"450\">20X<\/td>\n<\/tr>\n<tr>\n<td width=\"138\">Celkov\u00e9 zv\u00e4\u010d\u0161enie<\/td>\n<td width=\"450\">20X, 40X<\/td>\n<\/tr>\n<tr>\n<td width=\"138\">Minimum measurement division value<\/td>\n<td width=\"450\">20 times: 0.62um 40 times: 0.30um<\/td>\n<\/tr>\n<tr>\n<td width=\"138\">Dwelling time<\/td>\n<td width=\"450\">2-99s<\/td>\n<\/tr>\n<tr>\n<td width=\"138\">Rozsah sk\u00fa\u0161ky tvrdosti<\/td>\n<td width=\"450\">3.18~653HBW<\/td>\n<\/tr>\n<tr>\n<td width=\"138\">\u0160tandard implement\u00e1cie<\/td>\n<td width=\"450\">EN ISO 6506, , ASTM E-10-08, GB\/T231.2, JJG150 -2005<\/td>\n<\/tr>\n<tr>\n<td width=\"138\">D\u00e1tov\u00fd v\u00fdstup<\/td>\n<td width=\"450\">Built-in printer, or optional USB and upper software, measurement software<\/td>\n<\/tr>\n<tr>\n<td width=\"138\">Nap\u00e1janie<\/td>\n<td width=\"450\">AC220+5%, 50~60Hz<\/td>\n<\/tr>\n<tr>\n<td width=\"138\">Rozmery (mm)<\/td>\n<td width=\"450\">595*245*1000mm<\/td>\n<\/tr>\n<tr>\n<td width=\"138\">Hmotnos\u0165 hlavnej jednotky<\/td>\n<td width=\"450\">About 175kg<\/td>\n<\/tr>\n<\/tbody>\n<\/table>","protected":false},"excerpt":{"rendered":"<p>2HBST-3000ZS dual objective lens dual indenter touch screen digital display automatic brick tower Brinell hardness tester, the software system adopts computer intelligent programming, uses photoelectric sensing technology, and can display the test method, upper and lower limits on the 8-inch touch multi-function display screen by independently selecting the test conditions, measuring the indentation length value, hardness value, conversion value, test force, holding time, number of measurements, and can enter the date, test results and data processing, etc., and can output the measurement data through the built-in printer or connect to the computer through the data interface. The optical system adopts high-magnification LED optical objective lens, with high image clarity and adjustable brightness, and it is not easy to fatigue after long-term operation. The hardware system adopts advanced electronic sensor loading technology. Through the closed-loop control system, the system controls the sensor to collect signals, and the high-speed stepping motor automatically loads and unloads the test force, and can automatically compensate for the test force to ensure that the force value is more accurate and the indication is more stable. At the same time, it is equipped with an emergency stop device, which meets the EU CE safety standards. It has humanized operability, more reliable stability and safety.<\/p>","protected":false},"featured_media":29625,"comment_status":"open","ping_status":"closed","template":"","meta":[],"product_brand":[],"product_cat":[75,70],"product_tag":[105],"class_list":{"0":"post-29624","1":"product","2":"type-product","3":"status-publish","4":"has-post-thumbnail","6":"product_cat-brinell-hardness-tester","7":"product_cat-hardness-tester","8":"product_tag-brinell-hardness-tester","10":"first","11":"instock","12":"shipping-taxable","13":"product-type-simple"},"yoast_head":"<!-- This site is optimized with the Yoast SEO Premium plugin v25.4 (Yoast SEO v27.4) - https:\/\/yoast.com\/product\/yoast-seo-premium-wordpress\/ -->\n<title>(Dual objective lens, dual indenter, touch screen, digital display, automatic turret Brinell hardness tester)2HBST-3000ZS - hardnesstests<\/title>\n<meta name=\"robots\" content=\"index, follow, max-snippet:-1, max-image-preview:large, max-video-preview:-1\" \/>\n<link rel=\"canonical\" href=\"https:\/\/hardnesstests.com\/sk\/produkt\/dual-objective-lens-dual-indenter-touch-screen-digital-display-automatic-turret-brinell-hardness-tester2hbst-3000zs\/\" \/>\n<meta property=\"og:locale\" content=\"sk_SK\" \/>\n<meta property=\"og:type\" content=\"article\" \/>\n<meta property=\"og:title\" content=\"(Dual objective lens, dual indenter, touch screen, digital display, automatic turret Brinell hardness tester)2HBST-3000ZS\" \/>\n<meta property=\"og:description\" content=\"2HBST-3000ZS dual objective lens dual indenter touch screen digital display automatic brick tower Brinell hardness tester, the software system adopts computer intelligent programming, uses photoelectric sensing technology, and can display the test method, upper and lower limits on the 8-inch touch multi-function display screen by independently selecting the test conditions, measuring the indentation length value, hardness value, conversion value, test force, holding time, number of measurements, and can enter the date, test results and data processing, etc., and can output the measurement data through the built-in printer or connect to the computer through the data interface. The optical system adopts high-magnification LED optical objective lens, with high image clarity and adjustable brightness, and it is not easy to fatigue after long-term operation. The hardware system adopts advanced electronic sensor loading technology. Through the closed-loop control system, the system controls the sensor to collect signals, and the high-speed stepping motor automatically loads and unloads the test force, and can automatically compensate for the test force to ensure that the force value is more accurate and the indication is more stable. At the same time, it is equipped with an emergency stop device, which meets the EU CE safety standards. It has humanized operability, more reliable stability and safety.\" \/>\n<meta property=\"og:url\" content=\"https:\/\/hardnesstests.com\/sk\/produkt\/dual-objective-lens-dual-indenter-touch-screen-digital-display-automatic-turret-brinell-hardness-tester2hbst-3000zs\/\" \/>\n<meta property=\"og:site_name\" content=\"hardnesstests\" \/>\n<meta property=\"article:modified_time\" content=\"2025-11-27T05:49:17+00:00\" \/>\n<meta property=\"og:image\" content=\"https:\/\/hardnesstests.com\/wp-content\/uploads\/2025\/11\/2HBST-3000ZS\u53cc\u7269\u955c\u3001\u53cc\u538b\u5934\u3001\u89e6\u6478\u5c4f\u3001\u6570\u663e\u3001\u81ea\u52a8\u8f6c\u5854\u5e03\u6c0f\u786c\u5ea6\u8ba1.jpg\" \/>\n\t<meta property=\"og:image:width\" content=\"800\" \/>\n\t<meta property=\"og:image:height\" content=\"800\" \/>\n\t<meta property=\"og:image:type\" content=\"image\/jpeg\" \/>\n<meta name=\"twitter:card\" content=\"summary_large_image\" \/>\n<meta name=\"twitter:label1\" content=\"Predpokladan\u00fd \u010das \u010d\u00edtania\" \/>\n\t<meta name=\"twitter:data1\" content=\"3 min\u00faty\" \/>\n<script type=\"application\/ld+json\" class=\"yoast-schema-graph\">{\"@context\":\"https:\\\/\\\/schema.org\",\"@graph\":[{\"@type\":\"WebPage\",\"@id\":\"https:\\\/\\\/hardnesstests.com\\\/product\\\/dual-objective-lens-dual-indenter-touch-screen-digital-display-automatic-turret-brinell-hardness-tester2hbst-3000zs\\\/\",\"url\":\"https:\\\/\\\/hardnesstests.com\\\/product\\\/dual-objective-lens-dual-indenter-touch-screen-digital-display-automatic-turret-brinell-hardness-tester2hbst-3000zs\\\/\",\"name\":\"(Dual objective lens, dual indenter, touch screen, digital display, automatic turret Brinell hardness tester)2HBST-3000ZS - hardnesstests\",\"isPartOf\":{\"@id\":\"https:\\\/\\\/hardnesstests.com\\\/tr\\\/#website\"},\"primaryImageOfPage\":{\"@id\":\"https:\\\/\\\/hardnesstests.com\\\/product\\\/dual-objective-lens-dual-indenter-touch-screen-digital-display-automatic-turret-brinell-hardness-tester2hbst-3000zs\\\/#primaryimage\"},\"image\":{\"@id\":\"https:\\\/\\\/hardnesstests.com\\\/product\\\/dual-objective-lens-dual-indenter-touch-screen-digital-display-automatic-turret-brinell-hardness-tester2hbst-3000zs\\\/#primaryimage\"},\"thumbnailUrl\":\"https:\\\/\\\/hardnesstests.com\\\/wp-content\\\/uploads\\\/2025\\\/11\\\/2HBST-3000ZS\u53cc\u7269\u955c\u3001\u53cc\u538b\u5934\u3001\u89e6\u6478\u5c4f\u3001\u6570\u663e\u3001\u81ea\u52a8\u8f6c\u5854\u5e03\u6c0f\u786c\u5ea6\u8ba1.jpg\",\"datePublished\":\"2025-11-26T06:54:20+00:00\",\"dateModified\":\"2025-11-27T05:49:17+00:00\",\"breadcrumb\":{\"@id\":\"https:\\\/\\\/hardnesstests.com\\\/product\\\/dual-objective-lens-dual-indenter-touch-screen-digital-display-automatic-turret-brinell-hardness-tester2hbst-3000zs\\\/#breadcrumb\"},\"inLanguage\":\"sk-SK\",\"potentialAction\":[{\"@type\":\"ReadAction\",\"target\":[\"https:\\\/\\\/hardnesstests.com\\\/product\\\/dual-objective-lens-dual-indenter-touch-screen-digital-display-automatic-turret-brinell-hardness-tester2hbst-3000zs\\\/\"]}]},{\"@type\":\"ImageObject\",\"inLanguage\":\"sk-SK\",\"@id\":\"https:\\\/\\\/hardnesstests.com\\\/product\\\/dual-objective-lens-dual-indenter-touch-screen-digital-display-automatic-turret-brinell-hardness-tester2hbst-3000zs\\\/#primaryimage\",\"url\":\"https:\\\/\\\/hardnesstests.com\\\/wp-content\\\/uploads\\\/2025\\\/11\\\/2HBST-3000ZS\u53cc\u7269\u955c\u3001\u53cc\u538b\u5934\u3001\u89e6\u6478\u5c4f\u3001\u6570\u663e\u3001\u81ea\u52a8\u8f6c\u5854\u5e03\u6c0f\u786c\u5ea6\u8ba1.jpg\",\"contentUrl\":\"https:\\\/\\\/hardnesstests.com\\\/wp-content\\\/uploads\\\/2025\\\/11\\\/2HBST-3000ZS\u53cc\u7269\u955c\u3001\u53cc\u538b\u5934\u3001\u89e6\u6478\u5c4f\u3001\u6570\u663e\u3001\u81ea\u52a8\u8f6c\u5854\u5e03\u6c0f\u786c\u5ea6\u8ba1.jpg\",\"width\":800,\"height\":800,\"caption\":\"(Dual objective lens, dual indenter, touch screen, digital display, automatic turret Brinell hardness tester)2HBST-3000ZS\"},{\"@type\":\"BreadcrumbList\",\"@id\":\"https:\\\/\\\/hardnesstests.com\\\/product\\\/dual-objective-lens-dual-indenter-touch-screen-digital-display-automatic-turret-brinell-hardness-tester2hbst-3000zs\\\/#breadcrumb\",\"itemListElement\":[{\"@type\":\"ListItem\",\"position\":1,\"name\":\"\u9996\u9875\",\"item\":\"https:\\\/\\\/hardnesstests.com\\\/\"},{\"@type\":\"ListItem\",\"position\":2,\"name\":\"products\",\"item\":\"https:\\\/\\\/hardnesstests.com\\\/products\\\/\"},{\"@type\":\"ListItem\",\"position\":3,\"name\":\"(Dual objective lens, dual indenter, touch screen, digital display, automatic turret Brinell hardness tester)2HBST-3000ZS\"}]},{\"@type\":\"WebSite\",\"@id\":\"https:\\\/\\\/hardnesstests.com\\\/tr\\\/#website\",\"url\":\"https:\\\/\\\/hardnesstests.com\\\/tr\\\/\",\"name\":\"hardnesstests\",\"description\":\"\",\"publisher\":{\"@id\":\"https:\\\/\\\/hardnesstests.com\\\/tr\\\/#organization\"},\"potentialAction\":[{\"@type\":\"SearchAction\",\"target\":{\"@type\":\"EntryPoint\",\"urlTemplate\":\"https:\\\/\\\/hardnesstests.com\\\/tr\\\/?s={search_term_string}\"},\"query-input\":{\"@type\":\"PropertyValueSpecification\",\"valueRequired\":true,\"valueName\":\"search_term_string\"}}],\"inLanguage\":\"sk-SK\"},{\"@type\":\"Organization\",\"@id\":\"https:\\\/\\\/hardnesstests.com\\\/tr\\\/#organization\",\"name\":\"hardnesstests\",\"url\":\"https:\\\/\\\/hardnesstests.com\\\/tr\\\/\",\"logo\":{\"@type\":\"ImageObject\",\"inLanguage\":\"sk-SK\",\"@id\":\"https:\\\/\\\/hardnesstests.com\\\/tr\\\/#\\\/schema\\\/logo\\\/image\\\/\",\"url\":\"https:\\\/\\\/hardnesstests.com\\\/wp-content\\\/uploads\\\/2021\\\/08\\\/\u5fae\u4fe1\u56fe\u7247_20251029102004_335_1287.png\",\"contentUrl\":\"https:\\\/\\\/hardnesstests.com\\\/wp-content\\\/uploads\\\/2021\\\/08\\\/\u5fae\u4fe1\u56fe\u7247_20251029102004_335_1287.png\",\"width\":1308,\"height\":467,\"caption\":\"hardnesstests\"},\"image\":{\"@id\":\"https:\\\/\\\/hardnesstests.com\\\/tr\\\/#\\\/schema\\\/logo\\\/image\\\/\"}}]}<\/script>\n<!-- \/ Yoast SEO Premium plugin. -->","yoast_head_json":{"title":"(Dual objective lens, dual indenter, touch screen, digital display, automatic turret Brinell hardness tester)2HBST-3000ZS - hardnesstests","robots":{"index":"index","follow":"follow","max-snippet":"max-snippet:-1","max-image-preview":"max-image-preview:large","max-video-preview":"max-video-preview:-1"},"canonical":"https:\/\/hardnesstests.com\/sk\/produkt\/dual-objective-lens-dual-indenter-touch-screen-digital-display-automatic-turret-brinell-hardness-tester2hbst-3000zs\/","og_locale":"sk_SK","og_type":"article","og_title":"(Dual objective lens, dual indenter, touch screen, digital display, automatic turret Brinell hardness tester)2HBST-3000ZS","og_description":"2HBST-3000ZS dual objective lens dual indenter touch screen digital display automatic brick tower Brinell hardness tester, the software system adopts computer intelligent programming, uses photoelectric sensing technology, and can display the test method, upper and lower limits on the 8-inch touch multi-function display screen by independently selecting the test conditions, measuring the indentation length value, hardness value, conversion value, test force, holding time, number of measurements, and can enter the date, test results and data processing, etc., and can output the measurement data through the built-in printer or connect to the computer through the data interface. The optical system adopts high-magnification LED optical objective lens, with high image clarity and adjustable brightness, and it is not easy to fatigue after long-term operation. The hardware system adopts advanced electronic sensor loading technology. Through the closed-loop control system, the system controls the sensor to collect signals, and the high-speed stepping motor automatically loads and unloads the test force, and can automatically compensate for the test force to ensure that the force value is more accurate and the indication is more stable. At the same time, it is equipped with an emergency stop device, which meets the EU CE safety standards. It has humanized operability, more reliable stability and safety.","og_url":"https:\/\/hardnesstests.com\/sk\/produkt\/dual-objective-lens-dual-indenter-touch-screen-digital-display-automatic-turret-brinell-hardness-tester2hbst-3000zs\/","og_site_name":"hardnesstests","article_modified_time":"2025-11-27T05:49:17+00:00","og_image":[{"width":800,"height":800,"url":"https:\/\/hardnesstests.com\/wp-content\/uploads\/2025\/11\/2HBST-3000ZS\u53cc\u7269\u955c\u3001\u53cc\u538b\u5934\u3001\u89e6\u6478\u5c4f\u3001\u6570\u663e\u3001\u81ea\u52a8\u8f6c\u5854\u5e03\u6c0f\u786c\u5ea6\u8ba1.jpg","type":"image\/jpeg"}],"twitter_card":"summary_large_image","twitter_misc":{"Predpokladan\u00fd \u010das \u010d\u00edtania":"3 min\u00faty"},"schema":{"@context":"https:\/\/schema.org","@graph":[{"@type":"WebPage","@id":"https:\/\/hardnesstests.com\/product\/dual-objective-lens-dual-indenter-touch-screen-digital-display-automatic-turret-brinell-hardness-tester2hbst-3000zs\/","url":"https:\/\/hardnesstests.com\/product\/dual-objective-lens-dual-indenter-touch-screen-digital-display-automatic-turret-brinell-hardness-tester2hbst-3000zs\/","name":"(Dual objective lens, dual indenter, touch screen, digital display, automatic turret Brinell hardness tester)2HBST-3000ZS - hardnesstests","isPartOf":{"@id":"https:\/\/hardnesstests.com\/tr\/#website"},"primaryImageOfPage":{"@id":"https:\/\/hardnesstests.com\/product\/dual-objective-lens-dual-indenter-touch-screen-digital-display-automatic-turret-brinell-hardness-tester2hbst-3000zs\/#primaryimage"},"image":{"@id":"https:\/\/hardnesstests.com\/product\/dual-objective-lens-dual-indenter-touch-screen-digital-display-automatic-turret-brinell-hardness-tester2hbst-3000zs\/#primaryimage"},"thumbnailUrl":"https:\/\/hardnesstests.com\/wp-content\/uploads\/2025\/11\/2HBST-3000ZS\u53cc\u7269\u955c\u3001\u53cc\u538b\u5934\u3001\u89e6\u6478\u5c4f\u3001\u6570\u663e\u3001\u81ea\u52a8\u8f6c\u5854\u5e03\u6c0f\u786c\u5ea6\u8ba1.jpg","datePublished":"2025-11-26T06:54:20+00:00","dateModified":"2025-11-27T05:49:17+00:00","breadcrumb":{"@id":"https:\/\/hardnesstests.com\/product\/dual-objective-lens-dual-indenter-touch-screen-digital-display-automatic-turret-brinell-hardness-tester2hbst-3000zs\/#breadcrumb"},"inLanguage":"sk-SK","potentialAction":[{"@type":"ReadAction","target":["https:\/\/hardnesstests.com\/product\/dual-objective-lens-dual-indenter-touch-screen-digital-display-automatic-turret-brinell-hardness-tester2hbst-3000zs\/"]}]},{"@type":"ImageObject","inLanguage":"sk-SK","@id":"https:\/\/hardnesstests.com\/product\/dual-objective-lens-dual-indenter-touch-screen-digital-display-automatic-turret-brinell-hardness-tester2hbst-3000zs\/#primaryimage","url":"https:\/\/hardnesstests.com\/wp-content\/uploads\/2025\/11\/2HBST-3000ZS\u53cc\u7269\u955c\u3001\u53cc\u538b\u5934\u3001\u89e6\u6478\u5c4f\u3001\u6570\u663e\u3001\u81ea\u52a8\u8f6c\u5854\u5e03\u6c0f\u786c\u5ea6\u8ba1.jpg","contentUrl":"https:\/\/hardnesstests.com\/wp-content\/uploads\/2025\/11\/2HBST-3000ZS\u53cc\u7269\u955c\u3001\u53cc\u538b\u5934\u3001\u89e6\u6478\u5c4f\u3001\u6570\u663e\u3001\u81ea\u52a8\u8f6c\u5854\u5e03\u6c0f\u786c\u5ea6\u8ba1.jpg","width":800,"height":800,"caption":"(Dual objective lens, dual indenter, touch screen, digital display, automatic turret Brinell hardness tester)2HBST-3000ZS"},{"@type":"BreadcrumbList","@id":"https:\/\/hardnesstests.com\/product\/dual-objective-lens-dual-indenter-touch-screen-digital-display-automatic-turret-brinell-hardness-tester2hbst-3000zs\/#breadcrumb","itemListElement":[{"@type":"ListItem","position":1,"name":"\u9996\u9875","item":"https:\/\/hardnesstests.com\/"},{"@type":"ListItem","position":2,"name":"products","item":"https:\/\/hardnesstests.com\/products\/"},{"@type":"ListItem","position":3,"name":"(Dual objective lens, dual indenter, touch screen, digital display, automatic turret Brinell hardness tester)2HBST-3000ZS"}]},{"@type":"WebSite","@id":"https:\/\/hardnesstests.com\/tr\/#website","url":"https:\/\/hardnesstests.com\/tr\/","name":"hardnesstests","description":"","publisher":{"@id":"https:\/\/hardnesstests.com\/tr\/#organization"},"potentialAction":[{"@type":"SearchAction","target":{"@type":"EntryPoint","urlTemplate":"https:\/\/hardnesstests.com\/tr\/?s={search_term_string}"},"query-input":{"@type":"PropertyValueSpecification","valueRequired":true,"valueName":"search_term_string"}}],"inLanguage":"sk-SK"},{"@type":"Organization","@id":"https:\/\/hardnesstests.com\/tr\/#organization","name":"hardnesstests","url":"https:\/\/hardnesstests.com\/tr\/","logo":{"@type":"ImageObject","inLanguage":"sk-SK","@id":"https:\/\/hardnesstests.com\/tr\/#\/schema\/logo\/image\/","url":"https:\/\/hardnesstests.com\/wp-content\/uploads\/2021\/08\/\u5fae\u4fe1\u56fe\u7247_20251029102004_335_1287.png","contentUrl":"https:\/\/hardnesstests.com\/wp-content\/uploads\/2021\/08\/\u5fae\u4fe1\u56fe\u7247_20251029102004_335_1287.png","width":1308,"height":467,"caption":"hardnesstests"},"image":{"@id":"https:\/\/hardnesstests.com\/tr\/#\/schema\/logo\/image\/"}}]}},"_links":{"self":[{"href":"https:\/\/hardnesstests.com\/sk\/wp-json\/wp\/v2\/product\/29624","targetHints":{"allow":["GET"]}}],"collection":[{"href":"https:\/\/hardnesstests.com\/sk\/wp-json\/wp\/v2\/product"}],"about":[{"href":"https:\/\/hardnesstests.com\/sk\/wp-json\/wp\/v2\/types\/product"}],"replies":[{"embeddable":true,"href":"https:\/\/hardnesstests.com\/sk\/wp-json\/wp\/v2\/comments?post=29624"}],"version-history":[{"count":1,"href":"https:\/\/hardnesstests.com\/sk\/wp-json\/wp\/v2\/product\/29624\/revisions"}],"predecessor-version":[{"id":29626,"href":"https:\/\/hardnesstests.com\/sk\/wp-json\/wp\/v2\/product\/29624\/revisions\/29626"}],"wp:featuredmedia":[{"embeddable":true,"href":"https:\/\/hardnesstests.com\/sk\/wp-json\/wp\/v2\/media\/29625"}],"wp:attachment":[{"href":"https:\/\/hardnesstests.com\/sk\/wp-json\/wp\/v2\/media?parent=29624"}],"wp:term":[{"taxonomy":"product_brand","embeddable":true,"href":"https:\/\/hardnesstests.com\/sk\/wp-json\/wp\/v2\/product_brand?post=29624"},{"taxonomy":"product_cat","embeddable":true,"href":"https:\/\/hardnesstests.com\/sk\/wp-json\/wp\/v2\/product_cat?post=29624"},{"taxonomy":"product_tag","embeddable":true,"href":"https:\/\/hardnesstests.com\/sk\/wp-json\/wp\/v2\/product_tag?post=29624"}],"curies":[{"name":"wp","href":"https:\/\/api.w.org\/{rel}","templated":true}]}}