{"id":29600,"date":"2025-11-25T07:25:23","date_gmt":"2025-11-25T07:25:23","guid":{"rendered":"https:\/\/hardnesstests.com\/?post_type=product&#038;p=29600"},"modified":"2025-11-27T05:37:15","modified_gmt":"2025-11-27T05:37:15","slug":"shl-160-portable-leeb-hardness-tester","status":"publish","type":"product","link":"https:\/\/hardnesstests.com\/sk\/produkt\/shl-160-portable-leeb-hardness-tester\/","title":{"rendered":"SHL-160 Prenosn\u00fd tester tvrdosti Leeb"},"content":{"rendered":"<h1>Vlastnosti:<\/h1>\n<ol>\n<li>\u00dapln\u00fd \u010d\u00ednsky displej, ovl\u00e1danie pomocou menu.<\/li>\n<li>Komunika\u010dn\u00e9 rozhranie Mini USB.<\/li>\n<li>M\u00f4\u017ee by\u0165 vybaven\u00fd 7 r\u00f4znymi n\u00e1razov\u00fdmi zariadeniami, ktor\u00e9 nie je potrebn\u00e9 pri v\u00fdmene znovu kalibrova\u0165, a dok\u00e1\u017ee automaticky identifikova\u0165 typ n\u00e1razov\u00e9ho zariadenia.<\/li>\n<li>Podporuje meranie viacer\u00fdch syst\u00e9mov tvrdosti a troch hodn\u00f4t pevnosti.<\/li>\n<li>M\u00f4\u017ee uklada\u0165 300 skup\u00edn, jednotliv\u00e9 hodnoty merania, priemern\u00e9 hodnoty, d\u00e1tum merania, smer n\u00e1razu, po\u010det meran\u00ed, materi\u00e1ly, syst\u00e9m tvrdosti a \u010fal\u0161ie inform\u00e1cie.<\/li>\n<li>M\u00f4\u017ee prednastavi\u0165 horn\u00fa a doln\u00fa hranicu hodn\u00f4t tvrdosti a automaticky upozorni\u0165 na prekro\u010denie limitu, \u010do je vhodn\u00e9 pre pou\u017e\u00edvate\u013eov na splnenie potrieb d\u00e1vkov\u00e9ho testovania.<\/li>\n<li>Funkcia kalibr\u00e1cie softv\u00e9ru indik\u00e1tora.<\/li>\n<li>Zabudovan\u00e1 vysoko v\u00fdkonn\u00e1 l\u00edtiov\u00e1 bat\u00e9ria a riadiaci obvod nab\u00edjania s mimoriadne dlh\u00fdm pracovn\u00fdm a pohotovostn\u00fdm \u010dasom.<\/li>\n<li>M\u00f4\u017ee by\u0165 vybaven\u00fd po\u010d\u00edta\u010dov\u00fdm softv\u00e9rom, ktor\u00fd podporuje funkcie vyh\u013ead\u00e1vania \u00fadajov, ukladania, \u0161tatistiky a zobrazovania st\u013apcov\u00fdch grafov. Hlavn\u00e9 technick\u00e9 ukazovatele:<\/li>\n<\/ol>\n<h1>Chyba indik\u00e1cie a opakovate\u013enos\u0165 indik\u00e1cie<\/h1>\n<table>\n<tbody>\n<tr>\n<td width=\"60\">S\u00e9riov\u00e9 \u010d\u00edslo<\/td>\n<td width=\"148\">Typ n\u00e1razov\u00e9ho zariadenia<\/td>\n<td width=\"175\">\u0160tandardn\u00e1 tvrdos\u0165 Leebovho bloku Hodnota tvrdosti<\/td>\n<td width=\"101\">Chyba indik\u00e1cie<\/td>\n<td width=\"94\">Opakovate\u013enos\u0165 indik\u00e1cie<\/td>\n<\/tr>\n<tr>\n<td width=\"60\">1<\/td>\n<td width=\"148\">D<\/td>\n<td width=\"175\">760\u00b130HLD<\/p>\n<p>530\u00b140HLD<\/td>\n<td width=\"101\">\u00b15 HLD<\/p>\n<p>\u00b18 HLD<\/td>\n<td width=\"94\">5 HLD<\/p>\n<p>8 HLD<\/td>\n<\/tr>\n<tr>\n<td width=\"60\">2<\/td>\n<td width=\"148\">DC<\/td>\n<td width=\"175\">760\u00b130HLDC<\/p>\n<p>530\u00b140HLDC<\/td>\n<td width=\"101\">\u00b15 HLDC<\/p>\n<p>\u00b18 HLDC<\/td>\n<td width=\"94\">5 HLD<\/p>\n<p>8 HLD<\/td>\n<\/tr>\n<tr>\n<td width=\"60\">3<\/td>\n<td width=\"148\">DL<\/td>\n<td width=\"175\">878\u00b130HLDL<\/p>\n<p>736\u00b140HLDL<\/td>\n<td width=\"101\">\u00b110 HLDL<\/td>\n<td width=\"94\">10 HLDL<\/td>\n<\/tr>\n<tr>\n<td width=\"60\">4<\/td>\n<td width=\"148\">D+15<\/td>\n<td width=\"175\">766\u00b130HLD+15<\/p>\n<p>544\u00b140HLD+15<\/td>\n<td width=\"101\">\u00b110 HLD+12<\/td>\n<td width=\"94\">10 HLD+12<\/td>\n<\/tr>\n<tr>\n<td width=\"60\">5<\/td>\n<td width=\"148\">G<\/td>\n<td width=\"175\">590\u00b140HLG<\/p>\n<p>500\u00b140HLG<\/td>\n<td width=\"101\">\u00b110 HLG<\/td>\n<td width=\"94\">10 HLG<\/td>\n<\/tr>\n<tr>\n<td width=\"60\">6<\/td>\n<td width=\"148\">E<\/td>\n<td width=\"175\">725\u00b130HLE<\/p>\n<p>508\u00b140HLE<\/td>\n<td width=\"101\">\u00b110 HLE<\/td>\n<td width=\"94\">10 HLE<\/td>\n<\/tr>\n<tr>\n<td width=\"60\">7<\/td>\n<td width=\"148\">C<\/td>\n<td width=\"175\">822\u00b130HLC<\/p>\n<p>590\u00b140HLC<\/td>\n<td width=\"101\">\u00b110 HLC<\/td>\n<td width=\"94\">10 HLC<\/td>\n<\/tr>\n<\/tbody>\n<\/table>\n<p>Stupnica tvrdosti Leeb (HL), Brinell (HB), Rockwell A (HRA), Rockwell B (HRB), Rockwell C (HRC), Vickers (HV) a Shore (HS)\u6d4b\u91cf\u8303\u56f4 HLD\uff08170\uff5e960\uff09\u3001HRA\uff0859\uff5e85\uff09\u3001HRB\uff0813\uff5e100\uff09\u3001HRC\uff0818\uff5e68\uff09\u3001HB\uff0819\uff5e655\uff09\u3001HV\uff0880\uff5e976\uff09\u3001HS\uff0832\uff5e100\uff09<\/p>\n<p>Smer merania 360\u00b0 (vertik\u00e1lne nadol, \u0161ikmo nadol, horizont\u00e1lne, \u0161ikmo nahor, vertik\u00e1lne nahor)<\/p>\n<p>Meracie materi\u00e1ly Oce\u013e a liata oce\u013e, legovan\u00e1 n\u00e1strojov\u00e1 oce\u013e, nehrdzavej\u00faca oce\u013e, siv\u00e1 liatina, tv\u00e1rna liatina, zliatiny hlin\u00edka, zliatiny medi a zinku (mosadz), zliatiny medi a c\u00ednu (bronz), \u010dist\u00e1 me\u010f a kovan\u00e1 oce\u013e<\/p>\n<p>Displej LCD, 128 \u00d7 64 grafick\u00fdch bodov<\/p>\n<p>Funkcia tla\u010de Term\u00e1lna tla\u010dov\u00e1 hlava, tich\u00e1 prev\u00e1dzka, mo\u017enos\u0165 kedyko\u013evek vytla\u010di\u0165 v\u00fdsledky merania<\/p>\n<p>\u0160\u00edrka tla\u010dov\u00e9ho papiera 57,5 \u00b1 0,5 mm, priemer 30 mm<\/p>\n<p>Komunika\u010dn\u00e9 rozhranie \u0161tandard USB2.0<\/p>\n<p>Nab\u00edjac\u00ed zdroj 9VDC, 220VAC<\/p>\n<p>\u010cas nab\u00edjania 4-5 hod\u00edn<\/p>\n<p>Bat\u00e9ria 7,4 V, l\u00edtiov\u00e1 bat\u00e9ria (1500 mAh)<\/p>\n<p>Okolit\u00e1 teplota 0-40 \u2103<\/p>\n<p>Teplota skladovania -25-70 \u2103<\/p>\n<p>Nepretr\u017eit\u00fd pracovn\u00fd \u010das pribli\u017ene 300 hod\u00edn<\/p>\n<p>&nbsp;<\/p>\n<h1 style=\"font-weight: 400;\">\u0160tandardn\u00e1 konfigur\u00e1cia:<\/h1>\n<p style=\"font-weight: 400;\">Pr\u00edstrojov\u00fd hostite\u013e 1 jednotka<\/p>\n<p style=\"font-weight: 400;\">N\u00e1razov\u00e9 zariadenie typu D 1 jednotka<\/p>\n<p style=\"font-weight: 400;\">Mal\u00fd podporn\u00fd kr\u00fa\u017eok 1 jednotka<\/p>\n<p style=\"font-weight: 400;\">Nylonov\u00e1 kefa (I) 1 jednotka<\/p>\n<p style=\"font-weight: 400;\">Vysokohodnotn\u00fd blok tvrdosti Leeb 1 jednotka<\/p>\n<p style=\"font-weight: 400;\">Nab\u00edja\u010dka 1 jednotka<\/p>\n<p style=\"font-weight: 400;\">Komunika\u010dn\u00fd k\u00e1bel 1 jednotka<\/p>\n<h1 style=\"font-weight: 400;\">Volite\u013en\u00e9 pr\u00edslu\u0161enstvo:<\/h1>\n<p style=\"font-weight: 400;\">Softv\u00e9r na spracovanie \u00fadajov (pou\u017eit\u00fd v po\u010d\u00edta\u010di)<\/p>\n<p style=\"font-weight: 400;\">R\u00f4zne \u0161peci\u00e1lne tvarovan\u00e9 n\u00e1razov\u00e9 zariadenia a podporn\u00e9 kr\u00fa\u017eky<\/p>\n<p style=\"font-weight: 400;\">Bloky s vysokou, strednou a n\u00edzkou tvrdos\u0165ou Leeb<\/p>","protected":false},"excerpt":{"rendered":"<p>SHL-160 Prenosn\u00fd tester tvrdosti Leeb je vlajkov\u00e1 lo\u010f novej gener\u00e1cie vyvinut\u00e1 na\u0161ou spolo\u010dnos\u0165ou. Vyu\u017e\u00edva koncepciu kon\u0161trukcie s ve\u013emi n\u00edzkou spotrebou energie, vysoko v\u00fdkonn\u00fa nab\u00edjate\u013en\u00fa bat\u00e9riu, inteligentn\u00e9 riadenie nab\u00edjania a komunika\u010dn\u00e9 rozhranie USB plug-and-play a je vybaven\u00fd zabudovanou term\u00e1lnou tla\u010diar\u0148ou, podporuje okam\u017eit\u00fa tla\u010d na mieste, sp\u013a\u0148a r\u00f4zne po\u017eiadavky na meranie a m\u00e1 LCD displej s ve\u013emi vysok\u00fdm jasom, ktor\u00fd lep\u0161ie vyhovuje zlo\u017eit\u00fdm merac\u00edm prostrediam. Je prvou vo\u013ebou pre pou\u017e\u00edvate\u013eov.<\/p>","protected":false},"featured_media":29601,"comment_status":"open","ping_status":"closed","template":"","meta":[],"product_brand":[],"product_cat":[70,92],"product_tag":[103],"class_list":{"0":"post-29600","1":"product","2":"type-product","3":"status-publish","4":"has-post-thumbnail","6":"product_cat-hardness-tester","7":"product_cat-leeb-hardness-tester","8":"product_tag-methods-leeb-hardness-test","10":"first","11":"instock","12":"shipping-taxable","13":"product-type-simple"},"yoast_head":"<!-- This site is optimized with the Yoast SEO Premium plugin v25.4 (Yoast SEO v27.4) - https:\/\/yoast.com\/product\/yoast-seo-premium-wordpress\/ -->\n<title>SHL-160 Portable Leeb Hardness Tester - hardnesstests<\/title>\n<meta name=\"robots\" content=\"index, follow, max-snippet:-1, max-image-preview:large, max-video-preview:-1\" \/>\n<link rel=\"canonical\" href=\"https:\/\/hardnesstests.com\/sk\/produkt\/shl-160-portable-leeb-hardness-tester\/\" \/>\n<meta property=\"og:locale\" content=\"sk_SK\" \/>\n<meta property=\"og:type\" content=\"article\" \/>\n<meta property=\"og:title\" content=\"SHL-160 Portable Leeb Hardness Tester\" \/>\n<meta property=\"og:description\" content=\"SHL-160 Portable Leeb Hardness Tester is a new generation flagship model developed by our company. It adopts ultra-low power consumption design concept, high-performance rechargeable battery, intelligent charging management and USB plug-and-play communication interface, and comes with an embedded thermal printer, supports on-site instant printing, meets diverse measurement requirements, and has an ultra-high brightness LCD screen, which better meets complex measurement environments. It is the first choice for users.\" \/>\n<meta property=\"og:url\" content=\"https:\/\/hardnesstests.com\/sk\/produkt\/shl-160-portable-leeb-hardness-tester\/\" \/>\n<meta property=\"og:site_name\" content=\"hardnesstests\" \/>\n<meta property=\"article:modified_time\" content=\"2025-11-27T05:37:15+00:00\" \/>\n<meta property=\"og:image\" content=\"https:\/\/hardnesstests.com\/wp-content\/uploads\/2025\/11\/SHL-160\u4fbf\u643a\u5f0f\u91cc\u6c0f\u786c\u5ea6\u8ba1.jpg\" \/>\n\t<meta property=\"og:image:width\" content=\"550\" \/>\n\t<meta property=\"og:image:height\" content=\"367\" \/>\n\t<meta property=\"og:image:type\" content=\"image\/jpeg\" \/>\n<meta name=\"twitter:card\" content=\"summary_large_image\" \/>\n<meta name=\"twitter:label1\" content=\"Predpokladan\u00fd \u010das \u010d\u00edtania\" \/>\n\t<meta name=\"twitter:data1\" content=\"2 min\u00faty\" \/>\n<script type=\"application\/ld+json\" class=\"yoast-schema-graph\">{\"@context\":\"https:\\\/\\\/schema.org\",\"@graph\":[{\"@type\":\"WebPage\",\"@id\":\"https:\\\/\\\/hardnesstests.com\\\/product\\\/shl-160-portable-leeb-hardness-tester\\\/\",\"url\":\"https:\\\/\\\/hardnesstests.com\\\/product\\\/shl-160-portable-leeb-hardness-tester\\\/\",\"name\":\"SHL-160 Portable Leeb Hardness Tester - hardnesstests\",\"isPartOf\":{\"@id\":\"https:\\\/\\\/hardnesstests.com\\\/tr\\\/#website\"},\"primaryImageOfPage\":{\"@id\":\"https:\\\/\\\/hardnesstests.com\\\/product\\\/shl-160-portable-leeb-hardness-tester\\\/#primaryimage\"},\"image\":{\"@id\":\"https:\\\/\\\/hardnesstests.com\\\/product\\\/shl-160-portable-leeb-hardness-tester\\\/#primaryimage\"},\"thumbnailUrl\":\"https:\\\/\\\/hardnesstests.com\\\/wp-content\\\/uploads\\\/2025\\\/11\\\/SHL-160\u4fbf\u643a\u5f0f\u91cc\u6c0f\u786c\u5ea6\u8ba1.jpg\",\"datePublished\":\"2025-11-25T07:25:23+00:00\",\"dateModified\":\"2025-11-27T05:37:15+00:00\",\"breadcrumb\":{\"@id\":\"https:\\\/\\\/hardnesstests.com\\\/product\\\/shl-160-portable-leeb-hardness-tester\\\/#breadcrumb\"},\"inLanguage\":\"sk-SK\",\"potentialAction\":[{\"@type\":\"ReadAction\",\"target\":[\"https:\\\/\\\/hardnesstests.com\\\/product\\\/shl-160-portable-leeb-hardness-tester\\\/\"]}]},{\"@type\":\"ImageObject\",\"inLanguage\":\"sk-SK\",\"@id\":\"https:\\\/\\\/hardnesstests.com\\\/product\\\/shl-160-portable-leeb-hardness-tester\\\/#primaryimage\",\"url\":\"https:\\\/\\\/hardnesstests.com\\\/wp-content\\\/uploads\\\/2025\\\/11\\\/SHL-160\u4fbf\u643a\u5f0f\u91cc\u6c0f\u786c\u5ea6\u8ba1.jpg\",\"contentUrl\":\"https:\\\/\\\/hardnesstests.com\\\/wp-content\\\/uploads\\\/2025\\\/11\\\/SHL-160\u4fbf\u643a\u5f0f\u91cc\u6c0f\u786c\u5ea6\u8ba1.jpg\",\"width\":550,\"height\":367,\"caption\":\"SHL-160 Portable Leeb Hardness Tester\"},{\"@type\":\"BreadcrumbList\",\"@id\":\"https:\\\/\\\/hardnesstests.com\\\/product\\\/shl-160-portable-leeb-hardness-tester\\\/#breadcrumb\",\"itemListElement\":[{\"@type\":\"ListItem\",\"position\":1,\"name\":\"\u9996\u9875\",\"item\":\"https:\\\/\\\/hardnesstests.com\\\/\"},{\"@type\":\"ListItem\",\"position\":2,\"name\":\"products\",\"item\":\"https:\\\/\\\/hardnesstests.com\\\/products\\\/\"},{\"@type\":\"ListItem\",\"position\":3,\"name\":\"SHL-160 Portable Leeb Hardness Tester\"}]},{\"@type\":\"WebSite\",\"@id\":\"https:\\\/\\\/hardnesstests.com\\\/tr\\\/#website\",\"url\":\"https:\\\/\\\/hardnesstests.com\\\/tr\\\/\",\"name\":\"hardnesstests\",\"description\":\"\",\"publisher\":{\"@id\":\"https:\\\/\\\/hardnesstests.com\\\/tr\\\/#organization\"},\"potentialAction\":[{\"@type\":\"SearchAction\",\"target\":{\"@type\":\"EntryPoint\",\"urlTemplate\":\"https:\\\/\\\/hardnesstests.com\\\/tr\\\/?s={search_term_string}\"},\"query-input\":{\"@type\":\"PropertyValueSpecification\",\"valueRequired\":true,\"valueName\":\"search_term_string\"}}],\"inLanguage\":\"sk-SK\"},{\"@type\":\"Organization\",\"@id\":\"https:\\\/\\\/hardnesstests.com\\\/tr\\\/#organization\",\"name\":\"hardnesstests\",\"url\":\"https:\\\/\\\/hardnesstests.com\\\/tr\\\/\",\"logo\":{\"@type\":\"ImageObject\",\"inLanguage\":\"sk-SK\",\"@id\":\"https:\\\/\\\/hardnesstests.com\\\/tr\\\/#\\\/schema\\\/logo\\\/image\\\/\",\"url\":\"https:\\\/\\\/hardnesstests.com\\\/wp-content\\\/uploads\\\/2021\\\/08\\\/\u5fae\u4fe1\u56fe\u7247_20251029102004_335_1287.png\",\"contentUrl\":\"https:\\\/\\\/hardnesstests.com\\\/wp-content\\\/uploads\\\/2021\\\/08\\\/\u5fae\u4fe1\u56fe\u7247_20251029102004_335_1287.png\",\"width\":1308,\"height\":467,\"caption\":\"hardnesstests\"},\"image\":{\"@id\":\"https:\\\/\\\/hardnesstests.com\\\/tr\\\/#\\\/schema\\\/logo\\\/image\\\/\"}}]}<\/script>\n<!-- \/ Yoast SEO Premium plugin. -->","yoast_head_json":{"title":"SHL-160 Portable Leeb Hardness Tester - hardnesstests","robots":{"index":"index","follow":"follow","max-snippet":"max-snippet:-1","max-image-preview":"max-image-preview:large","max-video-preview":"max-video-preview:-1"},"canonical":"https:\/\/hardnesstests.com\/sk\/produkt\/shl-160-portable-leeb-hardness-tester\/","og_locale":"sk_SK","og_type":"article","og_title":"SHL-160 Portable Leeb Hardness Tester","og_description":"SHL-160 Portable Leeb Hardness Tester is a new generation flagship model developed by our company. It adopts ultra-low power consumption design concept, high-performance rechargeable battery, intelligent charging management and USB plug-and-play communication interface, and comes with an embedded thermal printer, supports on-site instant printing, meets diverse measurement requirements, and has an ultra-high brightness LCD screen, which better meets complex measurement environments. It is the first choice for users.","og_url":"https:\/\/hardnesstests.com\/sk\/produkt\/shl-160-portable-leeb-hardness-tester\/","og_site_name":"hardnesstests","article_modified_time":"2025-11-27T05:37:15+00:00","og_image":[{"width":550,"height":367,"url":"https:\/\/hardnesstests.com\/wp-content\/uploads\/2025\/11\/SHL-160\u4fbf\u643a\u5f0f\u91cc\u6c0f\u786c\u5ea6\u8ba1.jpg","type":"image\/jpeg"}],"twitter_card":"summary_large_image","twitter_misc":{"Predpokladan\u00fd \u010das \u010d\u00edtania":"2 min\u00faty"},"schema":{"@context":"https:\/\/schema.org","@graph":[{"@type":"WebPage","@id":"https:\/\/hardnesstests.com\/product\/shl-160-portable-leeb-hardness-tester\/","url":"https:\/\/hardnesstests.com\/product\/shl-160-portable-leeb-hardness-tester\/","name":"SHL-160 Portable Leeb Hardness Tester - hardnesstests","isPartOf":{"@id":"https:\/\/hardnesstests.com\/tr\/#website"},"primaryImageOfPage":{"@id":"https:\/\/hardnesstests.com\/product\/shl-160-portable-leeb-hardness-tester\/#primaryimage"},"image":{"@id":"https:\/\/hardnesstests.com\/product\/shl-160-portable-leeb-hardness-tester\/#primaryimage"},"thumbnailUrl":"https:\/\/hardnesstests.com\/wp-content\/uploads\/2025\/11\/SHL-160\u4fbf\u643a\u5f0f\u91cc\u6c0f\u786c\u5ea6\u8ba1.jpg","datePublished":"2025-11-25T07:25:23+00:00","dateModified":"2025-11-27T05:37:15+00:00","breadcrumb":{"@id":"https:\/\/hardnesstests.com\/product\/shl-160-portable-leeb-hardness-tester\/#breadcrumb"},"inLanguage":"sk-SK","potentialAction":[{"@type":"ReadAction","target":["https:\/\/hardnesstests.com\/product\/shl-160-portable-leeb-hardness-tester\/"]}]},{"@type":"ImageObject","inLanguage":"sk-SK","@id":"https:\/\/hardnesstests.com\/product\/shl-160-portable-leeb-hardness-tester\/#primaryimage","url":"https:\/\/hardnesstests.com\/wp-content\/uploads\/2025\/11\/SHL-160\u4fbf\u643a\u5f0f\u91cc\u6c0f\u786c\u5ea6\u8ba1.jpg","contentUrl":"https:\/\/hardnesstests.com\/wp-content\/uploads\/2025\/11\/SHL-160\u4fbf\u643a\u5f0f\u91cc\u6c0f\u786c\u5ea6\u8ba1.jpg","width":550,"height":367,"caption":"SHL-160 Portable Leeb Hardness Tester"},{"@type":"BreadcrumbList","@id":"https:\/\/hardnesstests.com\/product\/shl-160-portable-leeb-hardness-tester\/#breadcrumb","itemListElement":[{"@type":"ListItem","position":1,"name":"\u9996\u9875","item":"https:\/\/hardnesstests.com\/"},{"@type":"ListItem","position":2,"name":"products","item":"https:\/\/hardnesstests.com\/products\/"},{"@type":"ListItem","position":3,"name":"SHL-160 Portable Leeb Hardness Tester"}]},{"@type":"WebSite","@id":"https:\/\/hardnesstests.com\/tr\/#website","url":"https:\/\/hardnesstests.com\/tr\/","name":"hardnesstests","description":"","publisher":{"@id":"https:\/\/hardnesstests.com\/tr\/#organization"},"potentialAction":[{"@type":"SearchAction","target":{"@type":"EntryPoint","urlTemplate":"https:\/\/hardnesstests.com\/tr\/?s={search_term_string}"},"query-input":{"@type":"PropertyValueSpecification","valueRequired":true,"valueName":"search_term_string"}}],"inLanguage":"sk-SK"},{"@type":"Organization","@id":"https:\/\/hardnesstests.com\/tr\/#organization","name":"hardnesstests","url":"https:\/\/hardnesstests.com\/tr\/","logo":{"@type":"ImageObject","inLanguage":"sk-SK","@id":"https:\/\/hardnesstests.com\/tr\/#\/schema\/logo\/image\/","url":"https:\/\/hardnesstests.com\/wp-content\/uploads\/2021\/08\/\u5fae\u4fe1\u56fe\u7247_20251029102004_335_1287.png","contentUrl":"https:\/\/hardnesstests.com\/wp-content\/uploads\/2021\/08\/\u5fae\u4fe1\u56fe\u7247_20251029102004_335_1287.png","width":1308,"height":467,"caption":"hardnesstests"},"image":{"@id":"https:\/\/hardnesstests.com\/tr\/#\/schema\/logo\/image\/"}}]}},"_links":{"self":[{"href":"https:\/\/hardnesstests.com\/sk\/wp-json\/wp\/v2\/product\/29600","targetHints":{"allow":["GET"]}}],"collection":[{"href":"https:\/\/hardnesstests.com\/sk\/wp-json\/wp\/v2\/product"}],"about":[{"href":"https:\/\/hardnesstests.com\/sk\/wp-json\/wp\/v2\/types\/product"}],"replies":[{"embeddable":true,"href":"https:\/\/hardnesstests.com\/sk\/wp-json\/wp\/v2\/comments?post=29600"}],"version-history":[{"count":3,"href":"https:\/\/hardnesstests.com\/sk\/wp-json\/wp\/v2\/product\/29600\/revisions"}],"predecessor-version":[{"id":29688,"href":"https:\/\/hardnesstests.com\/sk\/wp-json\/wp\/v2\/product\/29600\/revisions\/29688"}],"wp:featuredmedia":[{"embeddable":true,"href":"https:\/\/hardnesstests.com\/sk\/wp-json\/wp\/v2\/media\/29601"}],"wp:attachment":[{"href":"https:\/\/hardnesstests.com\/sk\/wp-json\/wp\/v2\/media?parent=29600"}],"wp:term":[{"taxonomy":"product_brand","embeddable":true,"href":"https:\/\/hardnesstests.com\/sk\/wp-json\/wp\/v2\/product_brand?post=29600"},{"taxonomy":"product_cat","embeddable":true,"href":"https:\/\/hardnesstests.com\/sk\/wp-json\/wp\/v2\/product_cat?post=29600"},{"taxonomy":"product_tag","embeddable":true,"href":"https:\/\/hardnesstests.com\/sk\/wp-json\/wp\/v2\/product_tag?post=29600"}],"curies":[{"name":"wp","href":"https:\/\/api.w.org\/{rel}","templated":true}]}}