{"id":29038,"date":"2025-10-20T06:15:02","date_gmt":"2025-10-20T06:15:02","guid":{"rendered":"https:\/\/hardnesstests.com\/?post_type=product&#038;p=29038"},"modified":"2025-11-27T06:02:57","modified_gmt":"2025-11-27T06:02:57","slug":"pchbst-3000zs-visual-touch-screen-digital-display-brinell-hardness-tester","status":"publish","type":"product","link":"https:\/\/hardnesstests.com\/sk\/produkt\/pchbst-3000zs-visual-touch-screen-digital-display-brinell-hardness-tester\/","title":{"rendered":"PCHBST-3000ZS (Vizu\u00e1lny dotykov\u00fd digit\u00e1lny displej Brinellovho tvrdomeru"},"content":{"rendered":"<p>Integrated industrial tablet computer, supports USB expansion<\/p>\n<p>Indentation is intuitively displayed, hardness is automatically measured<\/p>\n<p>Automatically generate WORD report to meet the needs of test personnel<\/p>\n<p>PCHBST-3000ZS touch screen digital display Brinell hardness tester, only need to operate a touch tablet computer, easily get the measurement done! And all the parameters required for the test can be directly selected, modified and analyzed on the computer. The PC end is connected to the hardness tester through the communication protocol to control the mechanical movement of the hardness tester, which can achieve: automatic multi-function tower position, automatic identification of objective lens and indenter, automatic loading, automatic load retention, automatic unloading, and light brightness. By linking the built-in CCD measurement and acquisition system, the clear indentation image dynamics can be displayed on the PC in real time, and the indentation can be directly locked to automatically measure the hardness value, automatically save the test data, and generate a report. The operation is very simple and fast, eliminating human measurement errors. . With the tablet computer as the platform, more application functions can be expanded through the Internet, and external monitors, printers and other devices can also be connected.<\/p>\n<p>The hardness tester machine software system adopts computer intelligent programming and photoelectric sensing technology. Through self-selection of test conditions, the test method, upper and lower limits can be displayed on the touch multi-function display screen, and the indentation length, hardness value, conversion value, test force, holding time, and number of measurements can be measured. The year, month, date, test results and data processing can be entered, and the computer can be connected to the network through the data interface. The optical system adopts high-magnification LED optical measurement, with high image clarity and adjustable brightness, and long-term operation is not easy to fatigue. The hardware system adopts advanced electronic sensor loading technology. Through a closed-loop control system, the CPU controls the sensor to collect signals, and the stepper motor automatically loads and unloads the test force, and can automatically compensate for the test force to ensure that the force value is more accurate and the indication is more stable. At the same time, it is equipped with an emergency stop device, which meets the EU CE safety standards. It has humanized operability, more reliable stability and safety.<\/p>\n<h1 style=\"font-weight: 400;\"><strong>Hlavn\u00e9 funkcie a vlastnosti tvrdomeru:<\/strong><\/h1>\n<ol>\n<li style=\"font-weight: 400;\">This machine has the characteristics of high precision, high repeatability and stability, simple operation, convenience and practicality, and extremely high cost performance;<\/li>\n<li style=\"font-weight: 400;\">M\u00e1 11 \u00farovn\u00ed testovacej sily a dok\u00e1\u017ee testova\u0165 \u0161ir\u0161\u00ed rozsah;<\/li>\n<li style=\"font-weight: 400;\">Optional digital display micrometer eyepiece, which can directly display the hardness value with a light click without a computer;<\/li>\n<li style=\"font-weight: 400;\">The system has its own calibration function, which can manually adjust the input calibration instrument and calibrate the eyepiece magnification.<\/li>\n<li style=\"font-weight: 400;\">It can store up to 100 sets of test data, and the average value and number of times can be displayed on the main interface. The product name can also be set.<\/li>\n<li style=\"font-weight: 400;\">The stored data can be viewed and printed in real time, and the current test results and all test records can be directly printed.<\/li>\n<li style=\"font-weight: 400;\">The operating system has 14 languages, which can be switched at will: Chinese, Traditional Chinese, English, Russian, German, French, Spanish, Portuguese, Turkish, Czech, Japanese, Korean, Thai, Vietnamese;<\/li>\n<li style=\"font-weight: 400;\">The main interface can display 4 conversion scales at the same time, and can switch: national standard (GB), American standard (ASTM) and international (ISO) standard, a total of 30 units can be converted: HRA, HRB, HRC, HRD, HRF, HR15N, HR30N, HR45N, HR15T, HR30T, HR45T, HV, HK, HBW, HBS, HS, HV50, HV10, HV5, MPa, Rm, Rm(c), Rm(Cr), Rm(CrV), Rm(CrNi), Rm(CrMo), Rm(NiMo), Rm(MnSi), Rm(High ), Rm (STNL)<\/li>\n<li style=\"font-weight: 400;\">Vybaven\u00fd vysoko v\u00fdkonn\u00fdm krokov\u00fdm motorom na automatick\u00e9 za\u0165a\u017eenie a vylo\u017eenie testovacej sily, hluk generovan\u00fd po\u010das testu je men\u0161\u00ed<\/li>\n<li style=\"font-weight: 400;\">Pomocou technol\u00f3gie fotoelektrick\u00e9ho sn\u00edmania a mikropo\u010d\u00edta\u010dov\u00e9ho riadiaceho syst\u00e9mu dok\u00e1\u017ee automaticky kompenzova\u0165 a v\u00fdsledky testov s\u00fa presn\u00e9 a stabiln\u00e9;<\/li>\n<li style=\"font-weight: 400;\">Automatically input the indentation diameter and directly display the hardness value;<\/li>\n<li style=\"font-weight: 400;\">Vlastn\u00e9 optick\u00e9 meranie LED s vysok\u00fdm zv\u00e4\u010d\u0161en\u00edm, vysokou jasnos\u0165ou obrazu, nastavite\u013en\u00fdm jasom a dlhodobou prev\u00e1dzkou bez \u00fanavy;<\/li>\n<li style=\"font-weight: 400;\">The shell structure is stable and does not deform, and can work in relatively harsh environments;<\/li>\n<li style=\"font-weight: 400;\">The surface is treated with automotive paint technology, with strong scratch resistance, and it is still bright as new after many years of use<\/li>\n<\/ol>\n<h1 style=\"font-weight: 400;\"><strong>Hlavn\u00e9 pou\u017eitia a rozsah pou\u017eitia:<\/strong><\/h1>\n<ol>\n<li style=\"font-weight: 400;\">Vhodn\u00fd na testovanie tvrdosti kovov\u00fdch materi\u00e1lov s ve\u013ek\u00fdmi zrnami, ktor\u00e9 m\u00f4\u017eu odr\u00e1\u017ea\u0165 komplexn\u00fd v\u00fdkon materi\u00e1lu;<\/li>\n<li style=\"font-weight: 400;\">Liatina, oce\u013e, ne\u017eelezn\u00e9 kovy, najm\u00e4 m\u00e4k\u0161ie kovy, ako je \u010dist\u00fd hlin\u00edk, olovo, c\u00edn at\u010f.<\/li>\n<li style=\"font-weight: 400;\">Can be used for the determination of hardness test of certain non-metallic materials such as hard plastics and bakelite<\/li>\n<\/ol>\n<h1 style=\"font-weight: 400;\"><strong>Technick\u00e9 parametre:<\/strong><\/h1>\n<table>\n<tbody>\n<tr>\n<td width=\"138\">Model v\u00fdrobku<\/td>\n<td width=\"450\">PCHBST-3000ZS<\/td>\n<\/tr>\n<tr>\n<td width=\"138\">Brinellova stupnica<\/td>\n<td width=\"450\">HBW2.5\/31.25, HBW2.5\/62.5, HBW2.5\/187.5, HBW5\/62.5 HBW5\/125, HBW5\/250, HBW5\/750 HBW10\/100 HBW10\/250 HBW10\/500, HBW10\/1000 HBW10\/1500 HBW10\/3000<\/td>\n<\/tr>\n<tr>\n<td width=\"138\">Testovacia sila (11 \u00farovn\u00ed)<\/td>\n<td width=\"450\">31.25kgf(306.5N)62.5kgf(612.9N)100kgf(980.7N)125kgf(1226N)187.5kgf(1839N)250kgf(2452N)500kgf(4903N)750kgf(7355N)1000kgf(8907N)1500kgf(14710N)3000kgf(29420N)<\/td>\n<\/tr>\n<tr>\n<td width=\"138\">Kontrola za\u0165a\u017eenia<\/td>\n<td width=\"450\">Automatic (load\/hold\/unload)<\/td>\n<\/tr>\n<tr>\n<td width=\"138\">Test force unit conversion<\/td>\n<td width=\"450\">gf, mN)<\/td>\n<\/tr>\n<tr>\n<td width=\"138\">Hardness value unit conversion<\/td>\n<td width=\"450\">Automatic conversion: Vickers, Rockwell<\/td>\n<\/tr>\n<tr>\n<td width=\"138\">Screen<\/td>\n<td width=\"450\">8-inch touch screen, 19-inch PC touch screen, the machine will automatically sleep if not operated for a long time<\/td>\n<\/tr>\n<tr>\n<td width=\"138\">Loading process<\/td>\n<td width=\"450\">Real-time display of loading time and loading force value curve, loading time &lt;8s<\/td>\n<\/tr>\n<tr>\n<td width=\"138\">Maximum specimen height<\/td>\n<td width=\"450\">370mm<\/td>\n<\/tr>\n<tr>\n<td width=\"138\">Indenter-outer wall distance<\/td>\n<td width=\"450\">170mm<\/td>\n<\/tr>\n<tr>\n<td width=\"138\">Objective lens<\/td>\n<td width=\"450\">1X, 2X<\/td>\n<\/tr>\n<tr>\n<td width=\"138\">Eyepiece<\/td>\n<td width=\"450\">20X<\/td>\n<\/tr>\n<tr>\n<td width=\"138\">Celkov\u00e9 zv\u00e4\u010d\u0161enie<\/td>\n<td width=\"450\">20X, 40X<\/td>\n<\/tr>\n<tr>\n<td width=\"138\">Minimum measurement division value<\/td>\n<td width=\"450\">20 times: 0.6um 40 times: 0.30um<\/td>\n<\/tr>\n<tr>\n<td width=\"138\">Dwelling time<\/td>\n<td width=\"450\">2-99s<\/td>\n<\/tr>\n<tr>\n<td width=\"138\">Rozsah sk\u00fa\u0161ky tvrdosti<\/td>\n<td width=\"450\">3.18~653HBW<\/td>\n<\/tr>\n<tr>\n<td width=\"138\">Ve\u017ea<\/td>\n<td width=\"450\">Automatick\u00e1 ve\u017ea<\/td>\n<\/tr>\n<tr>\n<td width=\"138\">Od\u010d\u00edtanie tvrdosti<\/td>\n<td width=\"450\">PC automaticky meria tvrdos\u0165<\/td>\n<\/tr>\n<tr>\n<td width=\"138\">Oprava ch\u00fdb<\/td>\n<td width=\"450\">Syst\u00e9m kedyko\u013evek kalibruje tvrdos\u0165<\/td>\n<\/tr>\n<tr>\n<td width=\"138\">Kvalifikovan\u00fd posudok<\/td>\n<td width=\"450\">Je mo\u017en\u00e9 nastavi\u0165 kvalifikovan\u00fd rozsah a stroj automaticky pripomenie, \u010di je kvalifikovan\u00fd.<\/td>\n<\/tr>\n<tr>\n<td width=\"138\">Celkov\u00e9 zv\u00e4\u010d\u0161enie<\/td>\n<td width=\"450\">20X<\/td>\n<\/tr>\n<tr>\n<td width=\"138\">Execution standard<\/td>\n<td width=\"450\">EN ISO 6506, , ASTM E-10-08, GB\/T231.2, JJG150 -2005<\/td>\n<\/tr>\n<tr>\n<td width=\"138\">D\u00e1tov\u00fd v\u00fdstup<\/td>\n<td width=\"450\">Po\u010d\u00edta\u010d priamo uklad\u00e1 \u00fadaje z testu<\/td>\n<\/tr>\n<tr>\n<td width=\"138\">Nap\u00e1janie<\/td>\n<td width=\"450\">AC220+5%, 50~60Hz<\/td>\n<\/tr>\n<tr>\n<td width=\"138\">Rozmery (mm)<\/td>\n<td width=\"450\">595*245*1000mm<\/td>\n<\/tr>\n<tr>\n<td width=\"138\">Hmotnos\u0165 hlavnej jednotky<\/td>\n<td width=\"450\">About 175kg<\/td>\n<\/tr>\n<\/tbody>\n<\/table>","protected":false},"excerpt":{"rendered":"<p data-start=\"186\" data-end=\"605\">Str\u00e1nka <strong data-start=\"190\" data-end=\"207\">PCHBST-3000ZS<\/strong> combines precision, reliability, and ease of use in a cost-effective package. Featuring <strong data-start=\"296\" data-end=\"343\">high accuracy, repeatability, and stability<\/strong>, it supports <strong data-start=\"357\" data-end=\"384\">11 levels of test force<\/strong> for a wide range of applications. The optional <strong data-start=\"432\" data-end=\"471\">digital display micrometer eyepiece<\/strong> allows instant hardness readings without a computer, while the <strong data-start=\"535\" data-end=\"566\">built-in calibration system<\/strong> ensures accurate results every time.<\/p>\n<p data-start=\"607\" data-end=\"888\">This tester can <strong data-start=\"623\" data-end=\"656\">store up to 100 test datasets<\/strong>, display averages, and print results directly. Its <strong data-start=\"708\" data-end=\"733\">14-language interface<\/strong> and ability to show <strong data-start=\"754\" data-end=\"795\">four conversion scales simultaneously<\/strong> (GB, ASTM, ISO) make it ideal for global use, covering <strong data-start=\"851\" data-end=\"885\">30 hardness and strength units<\/strong>.<\/p>\n<p data-start=\"890\" data-end=\"1316\">Equipped with a <strong data-start=\"906\" data-end=\"940\">high-performance stepper motor<\/strong>, <strong data-start=\"942\" data-end=\"967\">photoelectric sensing<\/strong>, and <strong data-start=\"973\" data-end=\"998\">microcomputer control<\/strong>, the PCHBST-3000ZS guarantees <strong data-start=\"1029\" data-end=\"1066\">automatic force loading\/unloading<\/strong> and <strong data-start=\"1071\" data-end=\"1104\">accurate, stable measurements<\/strong>. The <strong data-start=\"1110\" data-end=\"1151\">high-magnification LED optical system<\/strong> provides clear, fatigue-free viewing, and its <strong data-start=\"1198\" data-end=\"1253\">durable, scratch-resistant automotive-painted shell<\/strong> ensures long-lasting performance even in harsh environments.<\/p>\n<p data-start=\"1318\" data-end=\"1540\"><strong data-start=\"1318\" data-end=\"1335\">Aplik\u00e1cie:<\/strong> Ideal for testing <strong data-start=\"1354\" data-end=\"1391\">metal materials with large grains<\/strong>\u2014including cast iron, steel, non-ferrous metals, and soft metals such as aluminum, lead, and tin\u2014as well as certain <strong data-start=\"1507\" data-end=\"1537\">hard plastics and bakelite<\/strong>.<\/p>","protected":false},"featured_media":29039,"comment_status":"open","ping_status":"closed","template":"","meta":[],"product_brand":[],"product_cat":[75,70],"product_tag":[105],"class_list":{"0":"post-29038","1":"product","2":"type-product","3":"status-publish","4":"has-post-thumbnail","6":"product_cat-brinell-hardness-tester","7":"product_cat-hardness-tester","8":"product_tag-brinell-hardness-tester","10":"first","11":"instock","12":"shipping-taxable","13":"product-type-simple"},"yoast_head":"<!-- This site is optimized with the Yoast SEO Premium plugin v25.4 (Yoast SEO v27.4) - https:\/\/yoast.com\/product\/yoast-seo-premium-wordpress\/ -->\n<title>PCHBST-3000ZS (Visual Touch Screen Digital Display Brinell Hardness tester - hardnesstests<\/title>\n<meta name=\"robots\" content=\"index, follow, max-snippet:-1, max-image-preview:large, max-video-preview:-1\" \/>\n<link rel=\"canonical\" href=\"https:\/\/hardnesstests.com\/sk\/produkt\/pchbst-3000zs-visual-touch-screen-digital-display-brinell-hardness-tester\/\" \/>\n<meta property=\"og:locale\" content=\"sk_SK\" \/>\n<meta property=\"og:type\" content=\"article\" \/>\n<meta property=\"og:title\" content=\"PCHBST-3000ZS (Visual Touch Screen Digital Display Brinell Hardness tester\" \/>\n<meta property=\"og:description\" content=\"The PCHBST-3000ZS combines precision, reliability, and ease of use in a cost-effective package. Featuring high accuracy, repeatability, and stability, it supports 11 levels of test force for a wide range of applications. The optional digital display micrometer eyepiece allows instant hardness readings without a computer, while the built-in calibration system ensures accurate results every time. This tester can store up to 100 test datasets, display averages, and print results directly. Its 14-language interface and ability to show four conversion scales simultaneously (GB, ASTM, ISO) make it ideal for global use, covering 30 hardness and strength units. Equipped with a high-performance stepper motor, photoelectric sensing, and microcomputer control, the PCHBST-3000ZS guarantees automatic force loading\/unloading and accurate, stable measurements. The high-magnification LED optical system provides clear, fatigue-free viewing, and its durable, scratch-resistant automotive-painted shell ensures long-lasting performance even in harsh environments. Applications: Ideal for testing metal materials with large grains\u2014including cast iron, steel, non-ferrous metals, and soft metals such as aluminum, lead, and tin\u2014as well as certain hard plastics and bakelite.\" \/>\n<meta property=\"og:url\" content=\"https:\/\/hardnesstests.com\/sk\/produkt\/pchbst-3000zs-visual-touch-screen-digital-display-brinell-hardness-tester\/\" \/>\n<meta property=\"og:site_name\" content=\"hardnesstests\" \/>\n<meta property=\"article:modified_time\" content=\"2025-11-27T06:02:57+00:00\" \/>\n<meta property=\"og:image\" content=\"https:\/\/hardnesstests.com\/wp-content\/uploads\/2025\/10\/PCHBST-3000ZS\u89c6\u89c9\u89e6\u6478\u5c4f\u6570\u663e\u5e03\u6c0f\u786c\u5ea6\u8ba1.png\" \/>\n\t<meta property=\"og:image:width\" content=\"550\" \/>\n\t<meta property=\"og:image:height\" content=\"550\" \/>\n\t<meta property=\"og:image:type\" content=\"image\/png\" \/>\n<meta name=\"twitter:card\" content=\"summary_large_image\" \/>\n<meta name=\"twitter:label1\" content=\"Predpokladan\u00fd \u010das \u010d\u00edtania\" \/>\n\t<meta name=\"twitter:data1\" content=\"5 min\u00fat\" \/>\n<script type=\"application\/ld+json\" class=\"yoast-schema-graph\">{\"@context\":\"https:\\\/\\\/schema.org\",\"@graph\":[{\"@type\":\"WebPage\",\"@id\":\"https:\\\/\\\/hardnesstests.com\\\/product\\\/pchbst-3000zs-visual-touch-screen-digital-display-brinell-hardness-tester\\\/\",\"url\":\"https:\\\/\\\/hardnesstests.com\\\/product\\\/pchbst-3000zs-visual-touch-screen-digital-display-brinell-hardness-tester\\\/\",\"name\":\"PCHBST-3000ZS (Visual Touch Screen Digital Display Brinell Hardness tester - hardnesstests\",\"isPartOf\":{\"@id\":\"https:\\\/\\\/hardnesstests.com\\\/tr\\\/#website\"},\"primaryImageOfPage\":{\"@id\":\"https:\\\/\\\/hardnesstests.com\\\/product\\\/pchbst-3000zs-visual-touch-screen-digital-display-brinell-hardness-tester\\\/#primaryimage\"},\"image\":{\"@id\":\"https:\\\/\\\/hardnesstests.com\\\/product\\\/pchbst-3000zs-visual-touch-screen-digital-display-brinell-hardness-tester\\\/#primaryimage\"},\"thumbnailUrl\":\"https:\\\/\\\/hardnesstests.com\\\/wp-content\\\/uploads\\\/2025\\\/10\\\/PCHBST-3000ZS\u89c6\u89c9\u89e6\u6478\u5c4f\u6570\u663e\u5e03\u6c0f\u786c\u5ea6\u8ba1.png\",\"datePublished\":\"2025-10-20T06:15:02+00:00\",\"dateModified\":\"2025-11-27T06:02:57+00:00\",\"breadcrumb\":{\"@id\":\"https:\\\/\\\/hardnesstests.com\\\/product\\\/pchbst-3000zs-visual-touch-screen-digital-display-brinell-hardness-tester\\\/#breadcrumb\"},\"inLanguage\":\"sk-SK\",\"potentialAction\":[{\"@type\":\"ReadAction\",\"target\":[\"https:\\\/\\\/hardnesstests.com\\\/product\\\/pchbst-3000zs-visual-touch-screen-digital-display-brinell-hardness-tester\\\/\"]}]},{\"@type\":\"ImageObject\",\"inLanguage\":\"sk-SK\",\"@id\":\"https:\\\/\\\/hardnesstests.com\\\/product\\\/pchbst-3000zs-visual-touch-screen-digital-display-brinell-hardness-tester\\\/#primaryimage\",\"url\":\"https:\\\/\\\/hardnesstests.com\\\/wp-content\\\/uploads\\\/2025\\\/10\\\/PCHBST-3000ZS\u89c6\u89c9\u89e6\u6478\u5c4f\u6570\u663e\u5e03\u6c0f\u786c\u5ea6\u8ba1.png\",\"contentUrl\":\"https:\\\/\\\/hardnesstests.com\\\/wp-content\\\/uploads\\\/2025\\\/10\\\/PCHBST-3000ZS\u89c6\u89c9\u89e6\u6478\u5c4f\u6570\u663e\u5e03\u6c0f\u786c\u5ea6\u8ba1.png\",\"width\":550,\"height\":550},{\"@type\":\"BreadcrumbList\",\"@id\":\"https:\\\/\\\/hardnesstests.com\\\/product\\\/pchbst-3000zs-visual-touch-screen-digital-display-brinell-hardness-tester\\\/#breadcrumb\",\"itemListElement\":[{\"@type\":\"ListItem\",\"position\":1,\"name\":\"\u9996\u9875\",\"item\":\"https:\\\/\\\/hardnesstests.com\\\/\"},{\"@type\":\"ListItem\",\"position\":2,\"name\":\"products\",\"item\":\"https:\\\/\\\/hardnesstests.com\\\/products\\\/\"},{\"@type\":\"ListItem\",\"position\":3,\"name\":\"PCHBST-3000ZS (Visual Touch Screen Digital Display Brinell Hardness tester\"}]},{\"@type\":\"WebSite\",\"@id\":\"https:\\\/\\\/hardnesstests.com\\\/tr\\\/#website\",\"url\":\"https:\\\/\\\/hardnesstests.com\\\/tr\\\/\",\"name\":\"hardnesstests\",\"description\":\"\",\"publisher\":{\"@id\":\"https:\\\/\\\/hardnesstests.com\\\/tr\\\/#organization\"},\"potentialAction\":[{\"@type\":\"SearchAction\",\"target\":{\"@type\":\"EntryPoint\",\"urlTemplate\":\"https:\\\/\\\/hardnesstests.com\\\/tr\\\/?s={search_term_string}\"},\"query-input\":{\"@type\":\"PropertyValueSpecification\",\"valueRequired\":true,\"valueName\":\"search_term_string\"}}],\"inLanguage\":\"sk-SK\"},{\"@type\":\"Organization\",\"@id\":\"https:\\\/\\\/hardnesstests.com\\\/tr\\\/#organization\",\"name\":\"hardnesstests\",\"url\":\"https:\\\/\\\/hardnesstests.com\\\/tr\\\/\",\"logo\":{\"@type\":\"ImageObject\",\"inLanguage\":\"sk-SK\",\"@id\":\"https:\\\/\\\/hardnesstests.com\\\/tr\\\/#\\\/schema\\\/logo\\\/image\\\/\",\"url\":\"https:\\\/\\\/hardnesstests.com\\\/wp-content\\\/uploads\\\/2021\\\/08\\\/\u5fae\u4fe1\u56fe\u7247_20251029102004_335_1287.png\",\"contentUrl\":\"https:\\\/\\\/hardnesstests.com\\\/wp-content\\\/uploads\\\/2021\\\/08\\\/\u5fae\u4fe1\u56fe\u7247_20251029102004_335_1287.png\",\"width\":1308,\"height\":467,\"caption\":\"hardnesstests\"},\"image\":{\"@id\":\"https:\\\/\\\/hardnesstests.com\\\/tr\\\/#\\\/schema\\\/logo\\\/image\\\/\"}}]}<\/script>\n<!-- \/ Yoast SEO Premium plugin. -->","yoast_head_json":{"title":"PCHBST-3000ZS (Visual Touch Screen Digital Display Brinell Hardness tester - hardnesstests","robots":{"index":"index","follow":"follow","max-snippet":"max-snippet:-1","max-image-preview":"max-image-preview:large","max-video-preview":"max-video-preview:-1"},"canonical":"https:\/\/hardnesstests.com\/sk\/produkt\/pchbst-3000zs-visual-touch-screen-digital-display-brinell-hardness-tester\/","og_locale":"sk_SK","og_type":"article","og_title":"PCHBST-3000ZS (Visual Touch Screen Digital Display Brinell Hardness tester","og_description":"The PCHBST-3000ZS combines precision, reliability, and ease of use in a cost-effective package. Featuring high accuracy, repeatability, and stability, it supports 11 levels of test force for a wide range of applications. The optional digital display micrometer eyepiece allows instant hardness readings without a computer, while the built-in calibration system ensures accurate results every time. This tester can store up to 100 test datasets, display averages, and print results directly. Its 14-language interface and ability to show four conversion scales simultaneously (GB, ASTM, ISO) make it ideal for global use, covering 30 hardness and strength units. Equipped with a high-performance stepper motor, photoelectric sensing, and microcomputer control, the PCHBST-3000ZS guarantees automatic force loading\/unloading and accurate, stable measurements. The high-magnification LED optical system provides clear, fatigue-free viewing, and its durable, scratch-resistant automotive-painted shell ensures long-lasting performance even in harsh environments. Applications: Ideal for testing metal materials with large grains\u2014including cast iron, steel, non-ferrous metals, and soft metals such as aluminum, lead, and tin\u2014as well as certain hard plastics and bakelite.","og_url":"https:\/\/hardnesstests.com\/sk\/produkt\/pchbst-3000zs-visual-touch-screen-digital-display-brinell-hardness-tester\/","og_site_name":"hardnesstests","article_modified_time":"2025-11-27T06:02:57+00:00","og_image":[{"width":550,"height":550,"url":"https:\/\/hardnesstests.com\/wp-content\/uploads\/2025\/10\/PCHBST-3000ZS\u89c6\u89c9\u89e6\u6478\u5c4f\u6570\u663e\u5e03\u6c0f\u786c\u5ea6\u8ba1.png","type":"image\/png"}],"twitter_card":"summary_large_image","twitter_misc":{"Predpokladan\u00fd \u010das \u010d\u00edtania":"5 min\u00fat"},"schema":{"@context":"https:\/\/schema.org","@graph":[{"@type":"WebPage","@id":"https:\/\/hardnesstests.com\/product\/pchbst-3000zs-visual-touch-screen-digital-display-brinell-hardness-tester\/","url":"https:\/\/hardnesstests.com\/product\/pchbst-3000zs-visual-touch-screen-digital-display-brinell-hardness-tester\/","name":"PCHBST-3000ZS (Visual Touch Screen Digital Display Brinell Hardness tester - hardnesstests","isPartOf":{"@id":"https:\/\/hardnesstests.com\/tr\/#website"},"primaryImageOfPage":{"@id":"https:\/\/hardnesstests.com\/product\/pchbst-3000zs-visual-touch-screen-digital-display-brinell-hardness-tester\/#primaryimage"},"image":{"@id":"https:\/\/hardnesstests.com\/product\/pchbst-3000zs-visual-touch-screen-digital-display-brinell-hardness-tester\/#primaryimage"},"thumbnailUrl":"https:\/\/hardnesstests.com\/wp-content\/uploads\/2025\/10\/PCHBST-3000ZS\u89c6\u89c9\u89e6\u6478\u5c4f\u6570\u663e\u5e03\u6c0f\u786c\u5ea6\u8ba1.png","datePublished":"2025-10-20T06:15:02+00:00","dateModified":"2025-11-27T06:02:57+00:00","breadcrumb":{"@id":"https:\/\/hardnesstests.com\/product\/pchbst-3000zs-visual-touch-screen-digital-display-brinell-hardness-tester\/#breadcrumb"},"inLanguage":"sk-SK","potentialAction":[{"@type":"ReadAction","target":["https:\/\/hardnesstests.com\/product\/pchbst-3000zs-visual-touch-screen-digital-display-brinell-hardness-tester\/"]}]},{"@type":"ImageObject","inLanguage":"sk-SK","@id":"https:\/\/hardnesstests.com\/product\/pchbst-3000zs-visual-touch-screen-digital-display-brinell-hardness-tester\/#primaryimage","url":"https:\/\/hardnesstests.com\/wp-content\/uploads\/2025\/10\/PCHBST-3000ZS\u89c6\u89c9\u89e6\u6478\u5c4f\u6570\u663e\u5e03\u6c0f\u786c\u5ea6\u8ba1.png","contentUrl":"https:\/\/hardnesstests.com\/wp-content\/uploads\/2025\/10\/PCHBST-3000ZS\u89c6\u89c9\u89e6\u6478\u5c4f\u6570\u663e\u5e03\u6c0f\u786c\u5ea6\u8ba1.png","width":550,"height":550},{"@type":"BreadcrumbList","@id":"https:\/\/hardnesstests.com\/product\/pchbst-3000zs-visual-touch-screen-digital-display-brinell-hardness-tester\/#breadcrumb","itemListElement":[{"@type":"ListItem","position":1,"name":"\u9996\u9875","item":"https:\/\/hardnesstests.com\/"},{"@type":"ListItem","position":2,"name":"products","item":"https:\/\/hardnesstests.com\/products\/"},{"@type":"ListItem","position":3,"name":"PCHBST-3000ZS (Visual Touch Screen Digital Display Brinell Hardness tester"}]},{"@type":"WebSite","@id":"https:\/\/hardnesstests.com\/tr\/#website","url":"https:\/\/hardnesstests.com\/tr\/","name":"hardnesstests","description":"","publisher":{"@id":"https:\/\/hardnesstests.com\/tr\/#organization"},"potentialAction":[{"@type":"SearchAction","target":{"@type":"EntryPoint","urlTemplate":"https:\/\/hardnesstests.com\/tr\/?s={search_term_string}"},"query-input":{"@type":"PropertyValueSpecification","valueRequired":true,"valueName":"search_term_string"}}],"inLanguage":"sk-SK"},{"@type":"Organization","@id":"https:\/\/hardnesstests.com\/tr\/#organization","name":"hardnesstests","url":"https:\/\/hardnesstests.com\/tr\/","logo":{"@type":"ImageObject","inLanguage":"sk-SK","@id":"https:\/\/hardnesstests.com\/tr\/#\/schema\/logo\/image\/","url":"https:\/\/hardnesstests.com\/wp-content\/uploads\/2021\/08\/\u5fae\u4fe1\u56fe\u7247_20251029102004_335_1287.png","contentUrl":"https:\/\/hardnesstests.com\/wp-content\/uploads\/2021\/08\/\u5fae\u4fe1\u56fe\u7247_20251029102004_335_1287.png","width":1308,"height":467,"caption":"hardnesstests"},"image":{"@id":"https:\/\/hardnesstests.com\/tr\/#\/schema\/logo\/image\/"}}]}},"_links":{"self":[{"href":"https:\/\/hardnesstests.com\/sk\/wp-json\/wp\/v2\/product\/29038","targetHints":{"allow":["GET"]}}],"collection":[{"href":"https:\/\/hardnesstests.com\/sk\/wp-json\/wp\/v2\/product"}],"about":[{"href":"https:\/\/hardnesstests.com\/sk\/wp-json\/wp\/v2\/types\/product"}],"replies":[{"embeddable":true,"href":"https:\/\/hardnesstests.com\/sk\/wp-json\/wp\/v2\/comments?post=29038"}],"version-history":[{"count":4,"href":"https:\/\/hardnesstests.com\/sk\/wp-json\/wp\/v2\/product\/29038\/revisions"}],"predecessor-version":[{"id":29709,"href":"https:\/\/hardnesstests.com\/sk\/wp-json\/wp\/v2\/product\/29038\/revisions\/29709"}],"wp:featuredmedia":[{"embeddable":true,"href":"https:\/\/hardnesstests.com\/sk\/wp-json\/wp\/v2\/media\/29039"}],"wp:attachment":[{"href":"https:\/\/hardnesstests.com\/sk\/wp-json\/wp\/v2\/media?parent=29038"}],"wp:term":[{"taxonomy":"product_brand","embeddable":true,"href":"https:\/\/hardnesstests.com\/sk\/wp-json\/wp\/v2\/product_brand?post=29038"},{"taxonomy":"product_cat","embeddable":true,"href":"https:\/\/hardnesstests.com\/sk\/wp-json\/wp\/v2\/product_cat?post=29038"},{"taxonomy":"product_tag","embeddable":true,"href":"https:\/\/hardnesstests.com\/sk\/wp-json\/wp\/v2\/product_tag?post=29038"}],"curies":[{"name":"wp","href":"https:\/\/api.w.org\/{rel}","templated":true}]}}