{"id":4400,"date":"2021-10-12T15:51:09","date_gmt":"2021-10-12T15:51:09","guid":{"rendered":"http:\/\/dummy.xtemos.com\/woodmart2\/elementor\/?page_id=4400"},"modified":"2026-03-04T02:27:39","modified_gmt":"2026-03-04T02:27:39","slug":"about-us","status":"publish","type":"page","link":"https:\/\/hardnesstests.com\/sk\/about-us\/","title":{"rendered":"O n\u00e1s"},"content":{"rendered":"<p><img loading=\"lazy\" decoding=\"async\" src=\"https:\/\/hardnesstests.com\/wp-content\/uploads\/2025\/10\/f1503619f3cf0c5d529614ea81691c3f.jpg\" sizes=\"auto, (max-width: 453px) 100vw, 453px\" srcset=\"https:\/\/hardnesstests.com\/wp-content\/uploads\/2025\/10\/f1503619f3cf0c5d529614ea81691c3f.jpg 453w, https:\/\/hardnesstests.com\/wp-content\/uploads\/2025\/10\/f1503619f3cf0c5d529614ea81691c3f-430x361.jpg 430w, https:\/\/hardnesstests.com\/wp-content\/uploads\/2025\/10\/f1503619f3cf0c5d529614ea81691c3f-150x126.jpg 150w, https:\/\/hardnesstests.com\/wp-content\/uploads\/2025\/10\/f1503619f3cf0c5d529614ea81691c3f-358x300.jpg 358w\" alt=\"\" width=\"453\" height=\"380\" \/><br \/><img loading=\"lazy\" decoding=\"async\" src=\"https:\/\/hardnesstests.com\/wp-content\/uploads\/2025\/10\/f7efa8c3fc0982c76f99894b5fdd0675.jpg\" sizes=\"auto, (max-width: 453px) 100vw, 453px\" srcset=\"https:\/\/hardnesstests.com\/wp-content\/uploads\/2025\/10\/f7efa8c3fc0982c76f99894b5fdd0675.jpg 453w, https:\/\/hardnesstests.com\/wp-content\/uploads\/2025\/10\/f7efa8c3fc0982c76f99894b5fdd0675-430x361.jpg 430w, https:\/\/hardnesstests.com\/wp-content\/uploads\/2025\/10\/f7efa8c3fc0982c76f99894b5fdd0675-150x126.jpg 150w, https:\/\/hardnesstests.com\/wp-content\/uploads\/2025\/10\/f7efa8c3fc0982c76f99894b5fdd0675-358x300.jpg 358w\" alt=\"\" width=\"453\" height=\"380\" \/><\/p>\n<h4>About Us<\/h4>\n<p>More than 14 years ago, the founder of Juhui Instrument began exploring the field of hardness testing equipment with the dream of &#8220;making the world recognize Chinese manufacturing&#8221;. At that time, most high-end hardness testers in China relied on imports, with high prices and numerous technical barriers. The founding team deeply understands that only by adhering to independent research and continuous innovation can we break through limitations. So, a group of engineers worked day and night to study, building experimental platforms from scratch, repeatedly overturning plans and improving processes, and finally developed a hardness tester with international competitiveness.<\/p>\n<p>Spolo\u010dnos\u0165 Juhui Instrument sa u\u017e mnoho rokov v\u017edy dr\u017e\u00ed z\u00e1sady \u201ckvalita na prvom mieste\u201d, pri\u010dom sa zameriava nielen na vynikaj\u00facu v\u00fdkonnos\u0165 v\u00fdrobkov, ale aj na sk\u00fasenosti z\u00e1kazn\u00edkov a z\u00e1ruku slu\u017eieb. N\u00e1\u0161 rast je neoddelite\u013en\u00fd od d\u00f4very a spolupr\u00e1ce nespo\u010detn\u00e9ho mno\u017estva z\u00e1kazn\u00edkov, ako aj od vytrval\u00e9ho \u00fasilia o technologick\u00fd pokrok a priemyseln\u00fa moderniz\u00e1ciu.<\/p>\n<p>Dnes sa spolo\u010dnos\u0165 Juhui Instrument rozr\u00e1stla z mal\u00e9ho v\u00fdskumn\u00e9ho a v\u00fdvojov\u00e9ho t\u00edmu na zn\u00e1meho dod\u00e1vate\u013ea zariaden\u00ed na testovanie tvrdosti na dom\u00e1com aj medzin\u00e1rodnom trhu. Pri poh\u013eade do bud\u00facnosti budeme na\u010falej podporova\u0165 v\u00fdvoj pomocou inov\u00e1ci\u00ed, prin\u00e1\u0161a\u0165 glob\u00e1lnym z\u00e1kazn\u00edkom inteligentnej\u0161ie a automatizovanej\u0161ie testovacie rie\u0161enia a zaviazali sme sa sta\u0165 d\u00f4veryhodn\u00fdm dlhodob\u00fdm partnerom v oblasti testovania materi\u00e1lov.<\/p>\n<p><img loading=\"lazy\" decoding=\"async\" src=\"https:\/\/hardnesstests.com\/wp-content\/uploads\/2025\/10\/f1503619f3cf0c5d529614ea81691c3f-150x150.jpg\" alt=\"\" width=\"150\" height=\"150\" \/><\/p>\n<h4>2012-2014<\/h4>\n<p class=\"ds-markdown-paragraph\">2012: Began independent research, development, and production of the full series of human resource plans.<\/p>\n<p class=\"ds-markdown-paragraph\">2013: Officially entered the market under the &#8220;Juhui&#8221; brand, marking the beginning of brand development.<\/p>\n<p class=\"ds-markdown-paragraph\">2014: Shanghai Juhui Instrument Manufacturing Co., Ltd. was formally established, entering a phase of standardized operations.<\/p>\n<h4>Zakladate\u013esk\u00e1 f\u00e1za<\/h4>\n<p><img loading=\"lazy\" decoding=\"async\" src=\"https:\/\/hardnesstests.com\/wp-content\/uploads\/2025\/10\/f7efa8c3fc0982c76f99894b5fdd0675-150x150.jpg\" alt=\"\" width=\"150\" height=\"150\" \/><\/p>\n<h4>2015-2017<\/h4>\n<p data-start=\"628\" data-end=\"777\"><strong data-start=\"628\" data-end=\"637\">2015:<\/strong> Z\u00edskan\u00e9 <strong data-start=\"647\" data-end=\"687\">nez\u00e1visl\u00e9 dovozn\u00e9 a v\u00fdvozn\u00e9 pr\u00e1va<\/strong>, expandovala na svetov\u00e9 trhy a uviedla na trh kompletn\u00fd rad metalografick\u00fdch v\u00fdrobkov.<\/p>\n<p data-start=\"780\" data-end=\"900\"><strong data-start=\"780\" data-end=\"789\">2016:<\/strong> Postavil a uviedol do prev\u00e1dzky <strong data-start=\"815\" data-end=\"857\">nov\u00fd v\u00fdrobn\u00fd z\u00e1vod v Chang-\u010dou<\/strong>, \u010d\u00edm sa v\u00fdrazne zvy\u0161uje v\u00fdrobn\u00e1 kapacita.<\/p>\n<p data-start=\"903\" data-end=\"1023\"><strong data-start=\"903\" data-end=\"912\">2017:<\/strong> Dosiahnut\u00e9 <strong data-start=\"922\" data-end=\"979\">Certifik\u00e1cia syst\u00e9mu riadenia kvality pod\u013ea normy ISO 9001:2015<\/strong> a zalo\u017eil <strong data-start=\"1000\" data-end=\"1020\">Kancel\u00e1ria v \u010cchung-\u010dchingu<\/strong>.<\/p>\n<h4>Expanzia a rast<\/h4>\n<p><img loading=\"lazy\" decoding=\"async\" src=\"https:\/\/hardnesstests.com\/wp-content\/uploads\/2025\/10\/b25eb1665e05c3c224dab99e4e1253e1-150x150.jpg\" alt=\"\" width=\"150\" height=\"150\" \/><\/p>\n<h4>2018-2020<\/h4>\n<p data-start=\"1096\" data-end=\"1224\"><strong data-start=\"1096\" data-end=\"1105\">2018:<\/strong> Po viacer\u00fdch aktualiz\u00e1ci\u00e1ch produktu a pr\u00edsnom testovan\u00ed dosiahol v\u00fdkon zariadenia <strong data-start=\"1194\" data-end=\"1221\">\u0161pi\u010dkov\u00e9 \u00farovne v odvetv\u00ed<\/strong>.<\/p>\n<p data-start=\"1227\" data-end=\"1373\"><strong data-start=\"1227\" data-end=\"1236\">2019:<\/strong> Zalo\u017eenie dc\u00e9rskej spolo\u010dnosti <strong data-start=\"1264\" data-end=\"1286\">\u201cSite Instruments\u201d<\/strong> a z\u00edskal <strong data-start=\"1300\" data-end=\"1320\">Certifik\u00e1cia CE<\/strong>, \u010d\u00edm sa zabezpe\u010d\u00ed s\u00falad s medzin\u00e1rodn\u00fdmi normami.<\/p>\n<p data-start=\"1376\" data-end=\"1512\"><strong data-start=\"1376\" data-end=\"1385\">2020:<\/strong> Nastavenie <strong data-start=\"1397\" data-end=\"1414\">Kancel\u00e1ria Suzhou<\/strong>, a z\u00edskal viac ako desa\u0165 <strong data-start=\"1443\" data-end=\"1509\">patenty na \u00fa\u017eitkov\u00e9 vzory, patenty na dizajn a autorsk\u00e9 pr\u00e1va na softv\u00e9r.<\/strong>.<\/p>\n<h4>Moderniz\u00e1cia technol\u00f3gi\u00ed a vylep\u0161enie zna\u010dky<\/h4>\n<p><img loading=\"lazy\" decoding=\"async\" src=\"https:\/\/hardnesstests.com\/wp-content\/uploads\/2025\/10\/f7efa8c3fc0982c76f99894b5fdd0675-150x150.jpg\" alt=\"\" width=\"150\" height=\"150\" \/><\/p>\n<h4>2021-2023<\/h4>\n<p data-start=\"1580\" data-end=\"1736\"><strong data-start=\"1580\" data-end=\"1589\">2021:<\/strong> Stala sa <strong data-start=\"1600\" data-end=\"1639\">Priemyseln\u00e1 prax a z\u00e1klad\u0148a odbornej pr\u00edpravy<\/strong> pre <strong data-start=\"1648\" data-end=\"1733\">Katedra pr\u00edstrojovej vedy a in\u017einierstva na Shanghai Jiao Tong University<\/strong>.<\/p>\n<p data-start=\"1739\" data-end=\"1933\"><strong data-start=\"1739\" data-end=\"1748\">2022:<\/strong> Certifikovan\u00fd ako <strong data-start=\"1764\" data-end=\"1818\">Mal\u00e9 a stredn\u00e9 podniky zalo\u017een\u00e9 na technol\u00f3gi\u00e1ch<\/strong>, a vst\u00fapil do <strong data-start=\"1834\" data-end=\"1930\">strategick\u00e9 partnerstvo s V\u00fdskumn\u00fdm \u00fastavom testovac\u00edch technol\u00f3gi\u00ed Aerospace Leishan (Peking)<\/strong>.<\/p>\n<p data-start=\"1936\" data-end=\"2046\"><strong data-start=\"1936\" data-end=\"1945\">2023:<\/strong> Vyznamenan\u00fd ako <strong data-start=\"1959\" data-end=\"1992\">N\u00e1rodn\u00fd podnik pre \u0161pi\u010dkov\u00e9 technol\u00f3gie<\/strong> a udelil titul <strong data-start=\"2018\" data-end=\"2043\">AAA Credit Enterprise<\/strong>.<\/p>\n<h4>Inov\u00e1cie a strategick\u00e1 spolupr\u00e1ca<\/h4>\n<p><img loading=\"lazy\" decoding=\"async\" src=\"https:\/\/hardnesstests.com\/wp-content\/uploads\/2025\/10\/b25eb1665e05c3c224dab99e4e1253e1-150x150.jpg\" alt=\"\" width=\"150\" height=\"150\" \/><\/p>\n<h4>2024\u20132026<\/h4>\n<p><strong data-start=\"2091\" data-end=\"2100\">2024:<\/strong> Str\u00e1nka <strong data-start=\"2105\" data-end=\"2139\">nov\u00e1 v\u00fdrobn\u00e1 z\u00e1klad\u0148a vo Wenzhou<\/strong> bola dokon\u010den\u00e1 a uveden\u00e1 do prev\u00e1dzky, \u010d\u00edm sa \u010falej roz\u0161\u00edrila v\u00fdrobn\u00e1 kapacita s cie\u013eom uspokoji\u0165 r\u00fdchlo rast\u00faci dopyt na trhu.<\/p>\n<p class=\"ds-markdown-paragraph\"><strong>2025<\/strong>: Deepened the &#8220;Quality First&#8221; strategy, leveraging the advanced manufacturing capabilities of the new Wenzhou base to comprehensively optimize the supply chain management system, achieving a dual leap in production efficiency and product quality.<\/p>\n<p class=\"ds-markdown-paragraph\"><strong>2026<\/strong>: While consolidating the domestic market, accelerating the expansion of overseas service networks, committed to promoting reliable &#8220;Made in China&#8221; testing solutions to a broader international stage and co-creating value with global users.<\/p>\n<p class=\"ds-markdown-paragraph\">With technical strength as our foundation and customer needs as our guide, we are dedicated to providing global users with reliable and innovative testing instrument solutions. Reflecting on our growth journey, we have consistently adhered to the development philosophy of &#8220;Quality First, Innovation and Collaboration, Global Presence.&#8221; Through continuous technological innovation and capacity upgrades, we persistently create value for the industry and our customers.<\/p>\n\n\n<p><\/p>","protected":false},"excerpt":{"rendered":"<p>About Us More than 14 years ago, the founder of Juhui Instrument began exploring the field of hardness testing equipment<\/p>","protected":false},"author":1,"featured_media":0,"parent":0,"menu_order":0,"comment_status":"closed","ping_status":"closed","template":"","meta":{"footnotes":""},"class_list":["post-4400","page","type-page","status-publish","hentry"],"yoast_head":"<!-- This site is optimized with the Yoast SEO Premium plugin v25.4 (Yoast SEO v27.4) - https:\/\/yoast.com\/product\/yoast-seo-premium-wordpress\/ -->\n<title>About us - hardnesstests<\/title>\n<meta name=\"description\" content=\"Learn about HardnessTests.com, a trusted provider of hardness testing equipment and metallography instruments. Expertise, quality, and reliable solutions.\" \/>\n<meta name=\"robots\" content=\"index, follow, max-snippet:-1, max-image-preview:large, max-video-preview:-1\" \/>\n<link rel=\"canonical\" href=\"https:\/\/hardnesstests.com\/sk\/about-us\/\" \/>\n<meta property=\"og:locale\" content=\"sk_SK\" \/>\n<meta property=\"og:type\" content=\"article\" \/>\n<meta property=\"og:title\" content=\"About us\" \/>\n<meta property=\"og:description\" content=\"Learn about HardnessTests.com, a trusted provider of hardness testing equipment and metallography instruments. Expertise, quality, and reliable solutions.\" \/>\n<meta property=\"og:url\" content=\"https:\/\/hardnesstests.com\/sk\/about-us\/\" \/>\n<meta property=\"og:site_name\" content=\"hardnesstests\" \/>\n<meta property=\"article:modified_time\" content=\"2026-03-04T02:27:39+00:00\" \/>\n<meta property=\"og:image\" content=\"https:\/\/hardnesstests.com\/wp-content\/uploads\/2025\/10\/f1503619f3cf0c5d529614ea81691c3f.jpg\" \/>\n<meta name=\"twitter:card\" content=\"summary_large_image\" \/>\n<meta name=\"twitter:label1\" content=\"Predpokladan\u00fd \u010das \u010d\u00edtania\" \/>\n\t<meta name=\"twitter:data1\" content=\"5 min\u00fat\" \/>\n<script type=\"application\/ld+json\" class=\"yoast-schema-graph\">{\"@context\":\"https:\\\/\\\/schema.org\",\"@graph\":[{\"@type\":\"WebPage\",\"@id\":\"https:\\\/\\\/hardnesstests.com\\\/about-us\\\/\",\"url\":\"https:\\\/\\\/hardnesstests.com\\\/about-us\\\/\",\"name\":\"About us - hardnesstests\",\"isPartOf\":{\"@id\":\"https:\\\/\\\/hardnesstests.com\\\/tr\\\/#website\"},\"primaryImageOfPage\":{\"@id\":\"https:\\\/\\\/hardnesstests.com\\\/about-us\\\/#primaryimage\"},\"image\":{\"@id\":\"https:\\\/\\\/hardnesstests.com\\\/about-us\\\/#primaryimage\"},\"thumbnailUrl\":\"https:\\\/\\\/hardnesstests.com\\\/wp-content\\\/uploads\\\/2025\\\/10\\\/f1503619f3cf0c5d529614ea81691c3f.jpg\",\"datePublished\":\"2021-10-12T15:51:09+00:00\",\"dateModified\":\"2026-03-04T02:27:39+00:00\",\"description\":\"Learn about HardnessTests.com, a trusted provider of hardness testing equipment and metallography instruments. Expertise, quality, and reliable solutions.\",\"breadcrumb\":{\"@id\":\"https:\\\/\\\/hardnesstests.com\\\/about-us\\\/#breadcrumb\"},\"inLanguage\":\"sk-SK\",\"potentialAction\":[{\"@type\":\"ReadAction\",\"target\":[\"https:\\\/\\\/hardnesstests.com\\\/about-us\\\/\"]}]},{\"@type\":\"ImageObject\",\"inLanguage\":\"sk-SK\",\"@id\":\"https:\\\/\\\/hardnesstests.com\\\/about-us\\\/#primaryimage\",\"url\":\"https:\\\/\\\/hardnesstests.com\\\/wp-content\\\/uploads\\\/2025\\\/10\\\/f1503619f3cf0c5d529614ea81691c3f.jpg\",\"contentUrl\":\"https:\\\/\\\/hardnesstests.com\\\/wp-content\\\/uploads\\\/2025\\\/10\\\/f1503619f3cf0c5d529614ea81691c3f.jpg\"},{\"@type\":\"BreadcrumbList\",\"@id\":\"https:\\\/\\\/hardnesstests.com\\\/about-us\\\/#breadcrumb\",\"itemListElement\":[{\"@type\":\"ListItem\",\"position\":1,\"name\":\"\u9996\u9875\",\"item\":\"https:\\\/\\\/hardnesstests.com\\\/\"},{\"@type\":\"ListItem\",\"position\":2,\"name\":\"About us\"}]},{\"@type\":\"WebSite\",\"@id\":\"https:\\\/\\\/hardnesstests.com\\\/tr\\\/#website\",\"url\":\"https:\\\/\\\/hardnesstests.com\\\/tr\\\/\",\"name\":\"hardnesstests\",\"description\":\"\",\"publisher\":{\"@id\":\"https:\\\/\\\/hardnesstests.com\\\/tr\\\/#organization\"},\"potentialAction\":[{\"@type\":\"SearchAction\",\"target\":{\"@type\":\"EntryPoint\",\"urlTemplate\":\"https:\\\/\\\/hardnesstests.com\\\/tr\\\/?s={search_term_string}\"},\"query-input\":{\"@type\":\"PropertyValueSpecification\",\"valueRequired\":true,\"valueName\":\"search_term_string\"}}],\"inLanguage\":\"sk-SK\"},{\"@type\":\"Organization\",\"@id\":\"https:\\\/\\\/hardnesstests.com\\\/tr\\\/#organization\",\"name\":\"hardnesstests\",\"url\":\"https:\\\/\\\/hardnesstests.com\\\/tr\\\/\",\"logo\":{\"@type\":\"ImageObject\",\"inLanguage\":\"sk-SK\",\"@id\":\"https:\\\/\\\/hardnesstests.com\\\/tr\\\/#\\\/schema\\\/logo\\\/image\\\/\",\"url\":\"https:\\\/\\\/hardnesstests.com\\\/wp-content\\\/uploads\\\/2021\\\/08\\\/\u5fae\u4fe1\u56fe\u7247_20251029102004_335_1287.png\",\"contentUrl\":\"https:\\\/\\\/hardnesstests.com\\\/wp-content\\\/uploads\\\/2021\\\/08\\\/\u5fae\u4fe1\u56fe\u7247_20251029102004_335_1287.png\",\"width\":1308,\"height\":467,\"caption\":\"hardnesstests\"},\"image\":{\"@id\":\"https:\\\/\\\/hardnesstests.com\\\/tr\\\/#\\\/schema\\\/logo\\\/image\\\/\"}}]}<\/script>\n<!-- \/ Yoast SEO Premium plugin. -->","yoast_head_json":{"title":"About us - hardnesstests","description":"Learn about HardnessTests.com, a trusted provider of hardness testing equipment and metallography instruments. Expertise, quality, and reliable solutions.","robots":{"index":"index","follow":"follow","max-snippet":"max-snippet:-1","max-image-preview":"max-image-preview:large","max-video-preview":"max-video-preview:-1"},"canonical":"https:\/\/hardnesstests.com\/sk\/about-us\/","og_locale":"sk_SK","og_type":"article","og_title":"About us","og_description":"Learn about HardnessTests.com, a trusted provider of hardness testing equipment and metallography instruments. Expertise, quality, and reliable solutions.","og_url":"https:\/\/hardnesstests.com\/sk\/about-us\/","og_site_name":"hardnesstests","article_modified_time":"2026-03-04T02:27:39+00:00","og_image":[{"url":"https:\/\/hardnesstests.com\/wp-content\/uploads\/2025\/10\/f1503619f3cf0c5d529614ea81691c3f.jpg","type":"","width":"","height":""}],"twitter_card":"summary_large_image","twitter_misc":{"Predpokladan\u00fd \u010das \u010d\u00edtania":"5 min\u00fat"},"schema":{"@context":"https:\/\/schema.org","@graph":[{"@type":"WebPage","@id":"https:\/\/hardnesstests.com\/about-us\/","url":"https:\/\/hardnesstests.com\/about-us\/","name":"About us - hardnesstests","isPartOf":{"@id":"https:\/\/hardnesstests.com\/tr\/#website"},"primaryImageOfPage":{"@id":"https:\/\/hardnesstests.com\/about-us\/#primaryimage"},"image":{"@id":"https:\/\/hardnesstests.com\/about-us\/#primaryimage"},"thumbnailUrl":"https:\/\/hardnesstests.com\/wp-content\/uploads\/2025\/10\/f1503619f3cf0c5d529614ea81691c3f.jpg","datePublished":"2021-10-12T15:51:09+00:00","dateModified":"2026-03-04T02:27:39+00:00","description":"Learn about HardnessTests.com, a trusted provider of hardness testing equipment and metallography instruments. Expertise, quality, and reliable solutions.","breadcrumb":{"@id":"https:\/\/hardnesstests.com\/about-us\/#breadcrumb"},"inLanguage":"sk-SK","potentialAction":[{"@type":"ReadAction","target":["https:\/\/hardnesstests.com\/about-us\/"]}]},{"@type":"ImageObject","inLanguage":"sk-SK","@id":"https:\/\/hardnesstests.com\/about-us\/#primaryimage","url":"https:\/\/hardnesstests.com\/wp-content\/uploads\/2025\/10\/f1503619f3cf0c5d529614ea81691c3f.jpg","contentUrl":"https:\/\/hardnesstests.com\/wp-content\/uploads\/2025\/10\/f1503619f3cf0c5d529614ea81691c3f.jpg"},{"@type":"BreadcrumbList","@id":"https:\/\/hardnesstests.com\/about-us\/#breadcrumb","itemListElement":[{"@type":"ListItem","position":1,"name":"\u9996\u9875","item":"https:\/\/hardnesstests.com\/"},{"@type":"ListItem","position":2,"name":"About us"}]},{"@type":"WebSite","@id":"https:\/\/hardnesstests.com\/tr\/#website","url":"https:\/\/hardnesstests.com\/tr\/","name":"hardnesstests","description":"","publisher":{"@id":"https:\/\/hardnesstests.com\/tr\/#organization"},"potentialAction":[{"@type":"SearchAction","target":{"@type":"EntryPoint","urlTemplate":"https:\/\/hardnesstests.com\/tr\/?s={search_term_string}"},"query-input":{"@type":"PropertyValueSpecification","valueRequired":true,"valueName":"search_term_string"}}],"inLanguage":"sk-SK"},{"@type":"Organization","@id":"https:\/\/hardnesstests.com\/tr\/#organization","name":"hardnesstests","url":"https:\/\/hardnesstests.com\/tr\/","logo":{"@type":"ImageObject","inLanguage":"sk-SK","@id":"https:\/\/hardnesstests.com\/tr\/#\/schema\/logo\/image\/","url":"https:\/\/hardnesstests.com\/wp-content\/uploads\/2021\/08\/\u5fae\u4fe1\u56fe\u7247_20251029102004_335_1287.png","contentUrl":"https:\/\/hardnesstests.com\/wp-content\/uploads\/2021\/08\/\u5fae\u4fe1\u56fe\u7247_20251029102004_335_1287.png","width":1308,"height":467,"caption":"hardnesstests"},"image":{"@id":"https:\/\/hardnesstests.com\/tr\/#\/schema\/logo\/image\/"}}]}},"_hostinger_reach_plugin_has_subscription_block":false,"_hostinger_reach_plugin_is_elementor":false,"_links":{"self":[{"href":"https:\/\/hardnesstests.com\/sk\/wp-json\/wp\/v2\/pages\/4400","targetHints":{"allow":["GET"]}}],"collection":[{"href":"https:\/\/hardnesstests.com\/sk\/wp-json\/wp\/v2\/pages"}],"about":[{"href":"https:\/\/hardnesstests.com\/sk\/wp-json\/wp\/v2\/types\/page"}],"author":[{"embeddable":true,"href":"https:\/\/hardnesstests.com\/sk\/wp-json\/wp\/v2\/users\/1"}],"replies":[{"embeddable":true,"href":"https:\/\/hardnesstests.com\/sk\/wp-json\/wp\/v2\/comments?post=4400"}],"version-history":[{"count":16,"href":"https:\/\/hardnesstests.com\/sk\/wp-json\/wp\/v2\/pages\/4400\/revisions"}],"predecessor-version":[{"id":30516,"href":"https:\/\/hardnesstests.com\/sk\/wp-json\/wp\/v2\/pages\/4400\/revisions\/30516"}],"wp:attachment":[{"href":"https:\/\/hardnesstests.com\/sk\/wp-json\/wp\/v2\/media?parent=4400"}],"curies":[{"name":"wp","href":"https:\/\/api.w.org\/{rel}","templated":true}]}}