{"id":29978,"date":"2025-11-28T03:23:20","date_gmt":"2025-11-28T03:23:20","guid":{"rendered":"https:\/\/hardnesstests.com\/?post_type=product&#038;p=29978"},"modified":"2025-11-28T03:23:20","modified_gmt":"2025-11-28T03:23:20","slug":"hvst-30ztouch-screen-digital-display-automatic-turret-type-vickers-hardness-tester","status":"publish","type":"product","link":"https:\/\/hardnesstests.com\/fr\/produit\/hvst-30ztouch-screen-digital-display-automatic-turret-type-vickers-hardness-tester\/","title":{"rendered":"(HVST-30Z)Appareil d'essai de duret\u00e9 Vickers automatique \u00e0 tourelle avec \u00e9cran tactile et affichage num\u00e9rique"},"content":{"rendered":"<h1 style=\"font-weight: 400;\"><strong>Principales fonctions et caract\u00e9ristiques :<\/strong><\/h1>\n<ol>\n<li style=\"font-weight: 400;\">The optical system designed by senior optical engineers not only has clear images, but also can be used as a simple microscope, with adjustable brightness, comfortable vision, and not easy to fatigue after long-term operation;<\/li>\n<li style=\"font-weight: 400;\">The 7-inch touch screen can display the test method, test force, upper and lower limits of hardness value, measured indentation length, hardness value, test force retention time, measurement times and can enter year, month, date, test results and data processing Wait;<\/li>\n<li style=\"font-weight: 400;\">The system comes with a calibration function, and each test force can be manually adjusted to input the error calibration instrument;<\/li>\n<li style=\"font-weight: 400;\">The adjustable range of optical system brightness: 0-100;<\/li>\n<li style=\"font-weight: 400;\">It can store up to 100 sets of test data, and display the average value and test times data on the main interface;<\/li>\n<li style=\"font-weight: 400;\">The test force unit can be manually selected for mutual conversion, the conversion unit is: (Kgf, N)<\/li>\n<li style=\"font-weight: 400;\">The main interface can display 4 conversion scales at the same time, and can switch between national standards, American standards and international standards. A total of 18 measurement scales can be converted: HRA, HRB, HRC, HRD, HRE, HRF, HRG, HRH, HRK , HR15N, HR30N, HR45N, HR15T, HR30T, HR45T, HV, HK, HBW;<\/li>\n<li style=\"font-weight: 400;\">Both objective lenses can directly measure the hardness,<\/li>\n<li style=\"font-weight: 400;\">With diagonal length memory function, the diagonal length will be automatically memorized after shutting down, and it will be measured directly after starting up, no need to reset it twice.<\/li>\n<li style=\"font-weight: 400;\">The measuring scale can be converted into HK Knoop hardness;<\/li>\n<li style=\"font-weight: 400;\">Test data can be directly exported via USB<\/li>\n<li style=\"font-weight: 400;\">The upper and lower limit measurement range can be set and displayed on the main measurement interface<\/li>\n<li style=\"font-weight: 400;\">The operating system can be converted between Chinese and English;<\/li>\n<li style=\"font-weight: 400;\">Optional built-in printer, test data can also be output to U disk via USB for storage and analysis;<\/li>\n<li style=\"font-weight: 400;\">The HSVT-30Z model is realistic: the measured length can directly confirm the hardness value;<\/li>\n<li style=\"font-weight: 400;\">HVST-30Z model can realize: the position switch of observation-test-measurement is completed by automatic turret<\/li>\n<li style=\"font-weight: 400;\">The cast aluminum shell has a stable structure without deformation at one time, and the pure white car paint has a high grade, strong scratch resistance, and it is still bright as new after many years of use;<\/li>\n<li style=\"font-weight: 400;\">Our company has the ability to develop, design, produce and process by ourselves, and provide parts replacement and maintenance upgrade services for our machines for life<\/li>\n<\/ol>\n<h1 style=\"font-weight: 400;\"><strong>Principaux domaines d'application :<\/strong><\/h1>\n<ol>\n<li style=\"font-weight: 400;\">Fer et acier, m\u00e9taux non ferreux, feuilles m\u00e9talliques, alliages durs, feuilles m\u00e9talliques, microstructures, carbonisation ;<\/li>\n<li style=\"font-weight: 400;\">Couches de c\u00e9mentation, de nitruration et de d\u00e9carburation, couche de durcissement superficiel, couche de placage, rev\u00eatement, traitement thermique ;<\/li>\n<li style=\"font-weight: 400;\">verre, plaquettes, mat\u00e9riaux c\u00e9ramiques ;<\/li>\n<\/ol>\n<h1 style=\"font-weight: 400;\"><strong>Param\u00e8tres techniques :<\/strong><\/h1>\n<table>\n<tbody>\n<tr>\n<td width=\"259\">nom du param\u00e8tre<\/td>\n<td width=\"294\">Donn\u00e9es de param\u00e8tres<\/td>\n<\/tr>\n<tr>\n<td width=\"259\">\u00c9chelle de duret\u00e9 Vickers<\/td>\n<td width=\"294\">HV1,HV3,HV5,HV10,HV20,HV30<\/td>\n<\/tr>\n<tr>\n<td width=\"259\">affichage<\/td>\n<td width=\"294\">Valeur de duret\u00e9 \u00e0 5 chiffres, longueur de la diagonale \u00e0 4 chiffres (D1, D2),<\/p>\n<p>Temps de maintien, nombre d'essais, moyenne, \u00e9cart-type, rendement<\/td>\n<\/tr>\n<tr>\n<td width=\"259\">Force d'essai (Kgf)<\/td>\n<td width=\"294\">1.0Kgf(9.8N)\u30013.0Kgf(29.4N)\u30015.0Kgf(49.0N)\u3001<\/p>\n<p>10Kgf(98.0N)\u300120Kgf(196N)\u300130Kgf(294N)<\/td>\n<\/tr>\n<tr>\n<td width=\"259\">Contr\u00f4le du chargement<\/td>\n<td width=\"294\">Automatique (chargement\/maintien\/d\u00e9sinstallation)<\/td>\n<\/tr>\n<tr>\n<td width=\"259\">Temps de r\u00e9tention de la force d'essai (s)<\/td>\n<td width=\"294\">1\uff5e99<\/td>\n<\/tr>\n<tr>\n<td width=\"259\">Canal optique<\/td>\n<td width=\"294\">Deux canaux d'\u00e9clairage (oculaires et canaux de la cam\u00e9ra CCD)<\/td>\n<\/tr>\n<tr>\n<td width=\"259\">Syst\u00e8me optique<\/td>\n<td width=\"294\">Objectives: 10\u00d7, 20\u00d7(Optional 20X 40X)<\/p>\n<p>Grossissement de l'oculaire : 10\u00d7<\/p>\n<p>Grossissement total (\u03bcm) : 100\u00d7, 200\u00d7<\/p>\n<p>Plage de mesure (\u03bcm) : 400<\/p>\n<p>R\u00e9solution (\u03bcm) : 0.125<\/td>\n<\/tr>\n<tr>\n<td width=\"259\">Plage de mesure de la duret\u00e9<\/td>\n<td width=\"294\">(5-3000)HV<\/td>\n<\/tr>\n<tr>\n<td width=\"259\">Banc d'essai XY (en option)<\/td>\n<td width=\"294\">Taille (mm) : 100\u00d7100<\/p>\n<p>Plage de d\u00e9placement (mm) : 25\u00d725<\/p>\n<p>Lecture minimale (mm) : 0.01<\/td>\n<\/tr>\n<tr>\n<td width=\"259\">Hauteur maximale de l'\u00e9chantillon (mm)<\/td>\n<td width=\"294\">165<\/td>\n<\/tr>\n<tr>\n<td width=\"259\">Largeur maximale de l'\u00e9chantillon (mm)<\/td>\n<td width=\"294\">130 (distance entre l'axe du p\u00e9n\u00e9trateur et le mur)<\/td>\n<\/tr>\n<tr>\n<td width=\"259\">Data output (optional)<\/td>\n<td width=\"294\">Built-in printer, test data can also be output to U disk via USB for storage and analysis<\/td>\n<\/tr>\n<tr>\n<td width=\"259\">tension<\/td>\n<td width=\"294\">AC220V\/50HZ<\/td>\n<\/tr>\n<tr>\n<td width=\"259\">Taille totale (mm)<\/td>\n<td width=\"294\">585\u00d7200\u00d7630<\/td>\n<\/tr>\n<tr>\n<td width=\"259\">Poids (kg)<\/td>\n<td width=\"294\">42<\/td>\n<\/tr>\n<\/tbody>\n<\/table>\n<h1 style=\"font-weight: 400;\"><strong>Configuration standard<\/strong><\/h1>\n<table>\n<tbody>\n<tr>\n<td width=\"277\">Ordinateur h\u00f4te<\/td>\n<td width=\"277\">1<\/td>\n<\/tr>\n<tr>\n<td width=\"277\">poids<\/td>\n<td width=\"277\">3<\/td>\n<\/tr>\n<tr>\n<td width=\"277\">Large and medium &#8220;V&#8221; test benches<\/td>\n<td width=\"277\">1each<\/td>\n<\/tr>\n<tr>\n<td width=\"277\">Vis de r\u00e9glage horizontal<\/td>\n<td width=\"277\">4<\/td>\n<\/tr>\n<tr>\n<td width=\"277\">C\u00e2ble d'alimentation<\/td>\n<td width=\"277\">1<\/td>\n<\/tr>\n<tr>\n<td width=\"277\">Oculaire de microscope num\u00e9rique 10X<\/td>\n<td width=\"277\">1<\/td>\n<\/tr>\n<tr>\n<td width=\"277\">Bloc de duret\u00e9 Vickers<\/td>\n<td width=\"277\">2<\/td>\n<\/tr>\n<tr>\n<td width=\"277\">Fusible de rechange 2A<\/td>\n<td width=\"277\">2<\/td>\n<\/tr>\n<tr>\n<td width=\"277\">Certificat de produit<\/td>\n<td width=\"277\">1<\/td>\n<\/tr>\n<tr>\n<td width=\"277\">Manuel d'instruction<\/td>\n<td width=\"277\">1<\/td>\n<\/tr>\n<\/tbody>\n<\/table>\n<p style=\"font-weight: 400;\">Remarks: Optional hardness meter measurement software, eliminate human error, computer operation, improve efficiency, accuracy is more accurate. Optional internal printer, one-click printing of measurement data.<\/p>","protected":false},"excerpt":{"rendered":"<p>The digital turret-type Vickers hardness tester can meet the basic Vickers hardness test requirements. The upgraded digital micrometer eyepiece can directly read the measurement length, so that the measurement value can be obtained more quickly and accurately. The tower can automatically switch the eyepiece and indenter to avoid artificial errors and damage the instrument, and also greatly improve the efficiency. With 7-inch LCD touch screen, you can provide more measurement data, control is more comprehensive and accurate.<\/p>","protected":false},"featured_media":29979,"comment_status":"open","ping_status":"closed","template":"","meta":[],"product_brand":[],"product_cat":[70,72],"product_tag":[113],"class_list":{"0":"post-29978","1":"product","2":"type-product","3":"status-publish","4":"has-post-thumbnail","6":"product_cat-hardness-tester","7":"product_cat-vickers-hardness-tester","8":"product_tag-vickers-hardness-tester","10":"first","11":"instock","12":"shipping-taxable","13":"product-type-simple"},"yoast_head":"<!-- This site is optimized with the Yoast SEO Premium plugin v25.4 (Yoast SEO v27.4) - https:\/\/yoast.com\/product\/yoast-seo-premium-wordpress\/ -->\n<title>(HVST-30Z)Touch screen digital display automatic turret type Vickers Hardness Tester - hardnesstests<\/title>\n<meta name=\"robots\" content=\"index, follow, max-snippet:-1, max-image-preview:large, max-video-preview:-1\" \/>\n<link rel=\"canonical\" href=\"https:\/\/hardnesstests.com\/fr\/produit\/hvst-30ztouch-screen-digital-display-automatic-turret-type-vickers-hardness-tester\/\" \/>\n<meta property=\"og:locale\" content=\"fr_FR\" \/>\n<meta property=\"og:type\" content=\"article\" \/>\n<meta property=\"og:title\" content=\"(HVST-30Z)Touch screen digital display automatic turret type Vickers Hardness Tester\" \/>\n<meta property=\"og:description\" content=\"The digital turret-type Vickers hardness tester can meet the basic Vickers hardness test requirements. The upgraded digital micrometer eyepiece can directly read the measurement length, so that the measurement value can be obtained more quickly and accurately. The tower can automatically switch the eyepiece and indenter to avoid artificial errors and damage the instrument, and also greatly improve the efficiency. With 7-inch LCD touch screen, you can provide more measurement data, control is more comprehensive and accurate.\" \/>\n<meta property=\"og:url\" content=\"https:\/\/hardnesstests.com\/fr\/produit\/hvst-30ztouch-screen-digital-display-automatic-turret-type-vickers-hardness-tester\/\" \/>\n<meta property=\"og:site_name\" content=\"hardnesstests\" \/>\n<meta property=\"og:image\" content=\"https:\/\/hardnesstests.com\/wp-content\/uploads\/2025\/11\/HVST-30Z\u89e6\u6478\u5c4f\u6570\u663e\u81ea\u52a8\u8f6c\u5854\u578b.jpg\" \/>\n\t<meta property=\"og:image:width\" content=\"800\" \/>\n\t<meta property=\"og:image:height\" content=\"800\" \/>\n\t<meta property=\"og:image:type\" content=\"image\/jpeg\" \/>\n<meta name=\"twitter:card\" content=\"summary_large_image\" \/>\n<meta name=\"twitter:label1\" content=\"Dur\u00e9e de lecture estim\u00e9e\" \/>\n\t<meta name=\"twitter:data1\" content=\"3 minutes\" \/>\n<script type=\"application\/ld+json\" class=\"yoast-schema-graph\">{\"@context\":\"https:\\\/\\\/schema.org\",\"@graph\":[{\"@type\":\"WebPage\",\"@id\":\"https:\\\/\\\/hardnesstests.com\\\/product\\\/hvst-30ztouch-screen-digital-display-automatic-turret-type-vickers-hardness-tester\\\/\",\"url\":\"https:\\\/\\\/hardnesstests.com\\\/product\\\/hvst-30ztouch-screen-digital-display-automatic-turret-type-vickers-hardness-tester\\\/\",\"name\":\"(HVST-30Z)Touch screen digital display automatic turret type Vickers Hardness Tester - hardnesstests\",\"isPartOf\":{\"@id\":\"https:\\\/\\\/hardnesstests.com\\\/tr\\\/#website\"},\"primaryImageOfPage\":{\"@id\":\"https:\\\/\\\/hardnesstests.com\\\/product\\\/hvst-30ztouch-screen-digital-display-automatic-turret-type-vickers-hardness-tester\\\/#primaryimage\"},\"image\":{\"@id\":\"https:\\\/\\\/hardnesstests.com\\\/product\\\/hvst-30ztouch-screen-digital-display-automatic-turret-type-vickers-hardness-tester\\\/#primaryimage\"},\"thumbnailUrl\":\"https:\\\/\\\/hardnesstests.com\\\/wp-content\\\/uploads\\\/2025\\\/11\\\/HVST-30Z\u89e6\u6478\u5c4f\u6570\u663e\u81ea\u52a8\u8f6c\u5854\u578b.jpg\",\"datePublished\":\"2025-11-28T03:23:20+00:00\",\"breadcrumb\":{\"@id\":\"https:\\\/\\\/hardnesstests.com\\\/product\\\/hvst-30ztouch-screen-digital-display-automatic-turret-type-vickers-hardness-tester\\\/#breadcrumb\"},\"inLanguage\":\"fr-FR\",\"potentialAction\":[{\"@type\":\"ReadAction\",\"target\":[\"https:\\\/\\\/hardnesstests.com\\\/product\\\/hvst-30ztouch-screen-digital-display-automatic-turret-type-vickers-hardness-tester\\\/\"]}]},{\"@type\":\"ImageObject\",\"inLanguage\":\"fr-FR\",\"@id\":\"https:\\\/\\\/hardnesstests.com\\\/product\\\/hvst-30ztouch-screen-digital-display-automatic-turret-type-vickers-hardness-tester\\\/#primaryimage\",\"url\":\"https:\\\/\\\/hardnesstests.com\\\/wp-content\\\/uploads\\\/2025\\\/11\\\/HVST-30Z\u89e6\u6478\u5c4f\u6570\u663e\u81ea\u52a8\u8f6c\u5854\u578b.jpg\",\"contentUrl\":\"https:\\\/\\\/hardnesstests.com\\\/wp-content\\\/uploads\\\/2025\\\/11\\\/HVST-30Z\u89e6\u6478\u5c4f\u6570\u663e\u81ea\u52a8\u8f6c\u5854\u578b.jpg\",\"width\":800,\"height\":800,\"caption\":\"(HVST-30Z)Touch screen digital display automatic turret type Vickers Hardness Tester\"},{\"@type\":\"BreadcrumbList\",\"@id\":\"https:\\\/\\\/hardnesstests.com\\\/product\\\/hvst-30ztouch-screen-digital-display-automatic-turret-type-vickers-hardness-tester\\\/#breadcrumb\",\"itemListElement\":[{\"@type\":\"ListItem\",\"position\":1,\"name\":\"\u9996\u9875\",\"item\":\"https:\\\/\\\/hardnesstests.com\\\/\"},{\"@type\":\"ListItem\",\"position\":2,\"name\":\"products\",\"item\":\"https:\\\/\\\/hardnesstests.com\\\/products\\\/\"},{\"@type\":\"ListItem\",\"position\":3,\"name\":\"(HVST-30Z)Touch screen digital display automatic turret type Vickers Hardness Tester\"}]},{\"@type\":\"WebSite\",\"@id\":\"https:\\\/\\\/hardnesstests.com\\\/tr\\\/#website\",\"url\":\"https:\\\/\\\/hardnesstests.com\\\/tr\\\/\",\"name\":\"hardnesstests\",\"description\":\"\",\"publisher\":{\"@id\":\"https:\\\/\\\/hardnesstests.com\\\/tr\\\/#organization\"},\"potentialAction\":[{\"@type\":\"SearchAction\",\"target\":{\"@type\":\"EntryPoint\",\"urlTemplate\":\"https:\\\/\\\/hardnesstests.com\\\/tr\\\/?s={search_term_string}\"},\"query-input\":{\"@type\":\"PropertyValueSpecification\",\"valueRequired\":true,\"valueName\":\"search_term_string\"}}],\"inLanguage\":\"fr-FR\"},{\"@type\":\"Organization\",\"@id\":\"https:\\\/\\\/hardnesstests.com\\\/tr\\\/#organization\",\"name\":\"hardnesstests\",\"url\":\"https:\\\/\\\/hardnesstests.com\\\/tr\\\/\",\"logo\":{\"@type\":\"ImageObject\",\"inLanguage\":\"fr-FR\",\"@id\":\"https:\\\/\\\/hardnesstests.com\\\/tr\\\/#\\\/schema\\\/logo\\\/image\\\/\",\"url\":\"https:\\\/\\\/hardnesstests.com\\\/wp-content\\\/uploads\\\/2021\\\/08\\\/\u5fae\u4fe1\u56fe\u7247_20251029102004_335_1287.png\",\"contentUrl\":\"https:\\\/\\\/hardnesstests.com\\\/wp-content\\\/uploads\\\/2021\\\/08\\\/\u5fae\u4fe1\u56fe\u7247_20251029102004_335_1287.png\",\"width\":1308,\"height\":467,\"caption\":\"hardnesstests\"},\"image\":{\"@id\":\"https:\\\/\\\/hardnesstests.com\\\/tr\\\/#\\\/schema\\\/logo\\\/image\\\/\"}}]}<\/script>\n<!-- \/ Yoast SEO Premium plugin. -->","yoast_head_json":{"title":"(HVST-30Z)Touch screen digital display automatic turret type Vickers Hardness Tester - hardnesstests","robots":{"index":"index","follow":"follow","max-snippet":"max-snippet:-1","max-image-preview":"max-image-preview:large","max-video-preview":"max-video-preview:-1"},"canonical":"https:\/\/hardnesstests.com\/fr\/produit\/hvst-30ztouch-screen-digital-display-automatic-turret-type-vickers-hardness-tester\/","og_locale":"fr_FR","og_type":"article","og_title":"(HVST-30Z)Touch screen digital display automatic turret type Vickers Hardness Tester","og_description":"The digital turret-type Vickers hardness tester can meet the basic Vickers hardness test requirements. The upgraded digital micrometer eyepiece can directly read the measurement length, so that the measurement value can be obtained more quickly and accurately. The tower can automatically switch the eyepiece and indenter to avoid artificial errors and damage the instrument, and also greatly improve the efficiency. With 7-inch LCD touch screen, you can provide more measurement data, control is more comprehensive and accurate.","og_url":"https:\/\/hardnesstests.com\/fr\/produit\/hvst-30ztouch-screen-digital-display-automatic-turret-type-vickers-hardness-tester\/","og_site_name":"hardnesstests","og_image":[{"width":800,"height":800,"url":"https:\/\/hardnesstests.com\/wp-content\/uploads\/2025\/11\/HVST-30Z\u89e6\u6478\u5c4f\u6570\u663e\u81ea\u52a8\u8f6c\u5854\u578b.jpg","type":"image\/jpeg"}],"twitter_card":"summary_large_image","twitter_misc":{"Dur\u00e9e de lecture estim\u00e9e":"3 minutes"},"schema":{"@context":"https:\/\/schema.org","@graph":[{"@type":"WebPage","@id":"https:\/\/hardnesstests.com\/product\/hvst-30ztouch-screen-digital-display-automatic-turret-type-vickers-hardness-tester\/","url":"https:\/\/hardnesstests.com\/product\/hvst-30ztouch-screen-digital-display-automatic-turret-type-vickers-hardness-tester\/","name":"(HVST-30Z)Touch screen digital display automatic turret type Vickers Hardness Tester - hardnesstests","isPartOf":{"@id":"https:\/\/hardnesstests.com\/tr\/#website"},"primaryImageOfPage":{"@id":"https:\/\/hardnesstests.com\/product\/hvst-30ztouch-screen-digital-display-automatic-turret-type-vickers-hardness-tester\/#primaryimage"},"image":{"@id":"https:\/\/hardnesstests.com\/product\/hvst-30ztouch-screen-digital-display-automatic-turret-type-vickers-hardness-tester\/#primaryimage"},"thumbnailUrl":"https:\/\/hardnesstests.com\/wp-content\/uploads\/2025\/11\/HVST-30Z\u89e6\u6478\u5c4f\u6570\u663e\u81ea\u52a8\u8f6c\u5854\u578b.jpg","datePublished":"2025-11-28T03:23:20+00:00","breadcrumb":{"@id":"https:\/\/hardnesstests.com\/product\/hvst-30ztouch-screen-digital-display-automatic-turret-type-vickers-hardness-tester\/#breadcrumb"},"inLanguage":"fr-FR","potentialAction":[{"@type":"ReadAction","target":["https:\/\/hardnesstests.com\/product\/hvst-30ztouch-screen-digital-display-automatic-turret-type-vickers-hardness-tester\/"]}]},{"@type":"ImageObject","inLanguage":"fr-FR","@id":"https:\/\/hardnesstests.com\/product\/hvst-30ztouch-screen-digital-display-automatic-turret-type-vickers-hardness-tester\/#primaryimage","url":"https:\/\/hardnesstests.com\/wp-content\/uploads\/2025\/11\/HVST-30Z\u89e6\u6478\u5c4f\u6570\u663e\u81ea\u52a8\u8f6c\u5854\u578b.jpg","contentUrl":"https:\/\/hardnesstests.com\/wp-content\/uploads\/2025\/11\/HVST-30Z\u89e6\u6478\u5c4f\u6570\u663e\u81ea\u52a8\u8f6c\u5854\u578b.jpg","width":800,"height":800,"caption":"(HVST-30Z)Touch screen digital display automatic turret type Vickers Hardness Tester"},{"@type":"BreadcrumbList","@id":"https:\/\/hardnesstests.com\/product\/hvst-30ztouch-screen-digital-display-automatic-turret-type-vickers-hardness-tester\/#breadcrumb","itemListElement":[{"@type":"ListItem","position":1,"name":"\u9996\u9875","item":"https:\/\/hardnesstests.com\/"},{"@type":"ListItem","position":2,"name":"products","item":"https:\/\/hardnesstests.com\/products\/"},{"@type":"ListItem","position":3,"name":"(HVST-30Z)Touch screen digital display automatic turret type Vickers Hardness Tester"}]},{"@type":"WebSite","@id":"https:\/\/hardnesstests.com\/tr\/#website","url":"https:\/\/hardnesstests.com\/tr\/","name":"hardnesstests","description":"","publisher":{"@id":"https:\/\/hardnesstests.com\/tr\/#organization"},"potentialAction":[{"@type":"SearchAction","target":{"@type":"EntryPoint","urlTemplate":"https:\/\/hardnesstests.com\/tr\/?s={search_term_string}"},"query-input":{"@type":"PropertyValueSpecification","valueRequired":true,"valueName":"search_term_string"}}],"inLanguage":"fr-FR"},{"@type":"Organization","@id":"https:\/\/hardnesstests.com\/tr\/#organization","name":"hardnesstests","url":"https:\/\/hardnesstests.com\/tr\/","logo":{"@type":"ImageObject","inLanguage":"fr-FR","@id":"https:\/\/hardnesstests.com\/tr\/#\/schema\/logo\/image\/","url":"https:\/\/hardnesstests.com\/wp-content\/uploads\/2021\/08\/\u5fae\u4fe1\u56fe\u7247_20251029102004_335_1287.png","contentUrl":"https:\/\/hardnesstests.com\/wp-content\/uploads\/2021\/08\/\u5fae\u4fe1\u56fe\u7247_20251029102004_335_1287.png","width":1308,"height":467,"caption":"hardnesstests"},"image":{"@id":"https:\/\/hardnesstests.com\/tr\/#\/schema\/logo\/image\/"}}]}},"_links":{"self":[{"href":"https:\/\/hardnesstests.com\/fr\/wp-json\/wp\/v2\/product\/29978","targetHints":{"allow":["GET"]}}],"collection":[{"href":"https:\/\/hardnesstests.com\/fr\/wp-json\/wp\/v2\/product"}],"about":[{"href":"https:\/\/hardnesstests.com\/fr\/wp-json\/wp\/v2\/types\/product"}],"replies":[{"embeddable":true,"href":"https:\/\/hardnesstests.com\/fr\/wp-json\/wp\/v2\/comments?post=29978"}],"version-history":[{"count":1,"href":"https:\/\/hardnesstests.com\/fr\/wp-json\/wp\/v2\/product\/29978\/revisions"}],"predecessor-version":[{"id":29980,"href":"https:\/\/hardnesstests.com\/fr\/wp-json\/wp\/v2\/product\/29978\/revisions\/29980"}],"wp:featuredmedia":[{"embeddable":true,"href":"https:\/\/hardnesstests.com\/fr\/wp-json\/wp\/v2\/media\/29979"}],"wp:attachment":[{"href":"https:\/\/hardnesstests.com\/fr\/wp-json\/wp\/v2\/media?parent=29978"}],"wp:term":[{"taxonomy":"product_brand","embeddable":true,"href":"https:\/\/hardnesstests.com\/fr\/wp-json\/wp\/v2\/product_brand?post=29978"},{"taxonomy":"product_cat","embeddable":true,"href":"https:\/\/hardnesstests.com\/fr\/wp-json\/wp\/v2\/product_cat?post=29978"},{"taxonomy":"product_tag","embeddable":true,"href":"https:\/\/hardnesstests.com\/fr\/wp-json\/wp\/v2\/product_tag?post=29978"}],"curies":[{"name":"wp","href":"https:\/\/api.w.org\/{rel}","templated":true}]}}