{"id":29953,"date":"2025-11-28T03:05:17","date_gmt":"2025-11-28T03:05:17","guid":{"rendered":"https:\/\/hardnesstests.com\/?post_type=product&#038;p=29953"},"modified":"2025-11-28T03:05:17","modified_gmt":"2025-11-28T03:05:17","slug":"hvs-10zdigital-display-automatic-turret-type-vickers-hardness-tester","status":"publish","type":"product","link":"https:\/\/hardnesstests.com\/fr\/produit\/hvs-10zdigital-display-automatic-turret-type-vickers-hardness-tester\/","title":{"rendered":"(HVS-10Z)Appareil d'essai de duret\u00e9 Vickers \u00e0 affichage num\u00e9rique et \u00e0 tourelle automatique"},"content":{"rendered":"<h1 style=\"font-weight: 400;\"><strong>Principales fonctions et caract\u00e9ristiques :<\/strong><\/h1>\n<ol>\n<li style=\"font-weight: 400;\">Le syst\u00e8me optique con\u00e7u par des ing\u00e9nieurs optiques chevronn\u00e9s permet non seulement d'obtenir des images claires, mais aussi de l'utiliser comme un simple microscope avec une luminosit\u00e9 r\u00e9glable et une vision confortable.<\/li>\n<li style=\"font-weight: 400;\">L'affichage industriel LCD \u00e0 grand \u00e9cran peut afficher les m\u00e9thodes d'essai, la force d'essai, la mesure de la longueur d'indentation, la valeur de duret\u00e9, le temps de r\u00e9tention de la force d'essai, le nombre de mesures et le type dans l'ann\u00e9e, le mois, la date, les r\u00e9sultats d'essai et le traitement des donn\u00e9es ;<\/li>\n<li style=\"font-weight: 400;\">Moulage de la coque en aluminium, la structure est stable et ne se d\u00e9forme pas, peinture automobile de haute qualit\u00e9, capacit\u00e9 anti-rayures, utilisation pendant de nombreuses ann\u00e9es toujours aussi brillante ;<\/li>\n<\/ol>\n<ol start=\"4\">\n<li style=\"font-weight: 400;\">Notre soci\u00e9t\u00e9 dispose de ses propres capacit\u00e9s de R&amp;D, de production et de traitement. Nos machines offrent des services de remplacement des pi\u00e8ces et de mise \u00e0 niveau de la maintenance \u00e0 vie.<\/li>\n<li style=\"font-weight: 400;\">Le mod\u00e8le HVS-10Z peut confirmer directement la valeur de duret\u00e9 en mesurant la longueur r\u00e9elle ;<\/li>\n<li style=\"font-weight: 400;\">Les mod\u00e8les HVS-10Z peuvent \u00eatre r\u00e9alis\u00e9s : observation - test - mesure du commutateur de position par la tourelle automatique pour compl\u00e9ter ;<\/li>\n<li style=\"font-weight: 400;\">Grand \u00e9cran LCD en option ; grand \u00e9cran LCD pour faciliter l'observation, les conditions d'essai, le processus d'essai est simple ;<\/li>\n<li style=\"font-weight: 400;\">imprimante interne en option ; les r\u00e9sultats et les donn\u00e9es des tests sont directement imprim\u00e9s ;<\/li>\n<\/ol>\n<h1 style=\"font-weight: 400;\"><strong>Principaux domaines d'application :<\/strong><\/h1>\n<ol>\n<li style=\"font-weight: 400;\">Fer et acier, m\u00e9taux non ferreux, feuilles m\u00e9talliques, alliages durs, feuilles m\u00e9talliques, microstructures, carbonisation ;<\/li>\n<li style=\"font-weight: 400;\">Couches de c\u00e9mentation, de nitruration et de d\u00e9carburation, couche de durcissement superficiel, couche de placage, rev\u00eatement, traitement thermique ;<\/li>\n<li style=\"font-weight: 400;\">verre, plaquettes, mat\u00e9riaux c\u00e9ramiques ;<\/li>\n<\/ol>\n<h1 style=\"font-weight: 400;\"><strong>Param\u00e8tres techniques :<\/strong><\/h1>\n<table style=\"font-weight: 400;\">\n<tbody>\n<tr>\n<td width=\"259\">nom du param\u00e8tre<\/td>\n<td width=\"294\">Donn\u00e9es de param\u00e8tres<\/td>\n<\/tr>\n<tr>\n<td width=\"259\">\u00c9chelle de duret\u00e9 Vickers<\/td>\n<td width=\"294\">HV0.3,HV0.5,HV1.0,HV3.0,HV5.0,HV10.0<\/td>\n<\/tr>\n<tr>\n<td width=\"259\">affichage<\/td>\n<td width=\"294\">Valeur de duret\u00e9 \u00e0 5 chiffres, longueur de la diagonale \u00e0 4 chiffres (D1, D2),<\/p>\n<p>Temps de maintien, nombre d'essais, moyenne, \u00e9cart-type, rendement<\/td>\n<\/tr>\n<tr>\n<td width=\"259\">Force d'essai (Kgf)<\/td>\n<td width=\"294\">0.3\u30010.5\u30011.0 \u30013.0\u30015.0\u300110.0<\/td>\n<\/tr>\n<tr>\n<td width=\"259\">Contr\u00f4le du chargement<\/td>\n<td width=\"294\">Automatique (chargement\/maintien\/d\u00e9sinstallation)<\/td>\n<\/tr>\n<tr>\n<td width=\"259\">Temps de r\u00e9tention de la force d'essai (s)<\/td>\n<td width=\"294\">1\uff5e99<\/td>\n<\/tr>\n<tr>\n<td width=\"259\">Canal optique<\/td>\n<td width=\"294\">Deux canaux d'\u00e9clairage (oculaires et canaux de la cam\u00e9ra CCD)<\/td>\n<\/tr>\n<tr>\n<td width=\"259\">Syst\u00e8me optique<\/td>\n<td width=\"294\">Objectifs : 10\u00d7, 20\u00d7 (40X en option)<\/p>\n<p>Grossissement de l'oculaire : 10\u00d7<\/p>\n<p>Grossissement total (\u03bcm) : 100\u00d7, 200\u00d7<\/p>\n<p>Plage de mesure (\u03bcm) : 400<\/p>\n<p>R\u00e9solution (\u03bcm) : 0.125<\/td>\n<\/tr>\n<tr>\n<td width=\"259\">Plage de mesure de la duret\u00e9<\/td>\n<td width=\"294\">(5-3000)HV<\/td>\n<\/tr>\n<tr>\n<td width=\"259\">Banc d'essai XY (en option)<\/td>\n<td width=\"294\">Taille (mm) : 100\u00d7100<\/p>\n<p>Plage de d\u00e9placement (mm) : 25\u00d725<\/p>\n<p>Lecture minimale (mm) : 0.01<\/td>\n<\/tr>\n<tr>\n<td width=\"259\">Hauteur maximale de l'\u00e9chantillon (mm)<\/td>\n<td width=\"294\">165<\/td>\n<\/tr>\n<tr>\n<td width=\"259\">Largeur maximale de l'\u00e9chantillon (mm)<\/td>\n<td width=\"294\">130 (distance entre l'axe du p\u00e9n\u00e9trateur et le mur)<\/td>\n<\/tr>\n<tr>\n<td width=\"259\">Sortie de donn\u00e9es<\/td>\n<td width=\"294\">Interface mini imprimante int\u00e9gr\u00e9e \u00e0 la r\u00e9serve, (interface s\u00e9rie RS232) installation optionnelle<\/td>\n<\/tr>\n<tr>\n<td width=\"259\">tension<\/td>\n<td width=\"294\">AC220V\/50HZ<\/td>\n<\/tr>\n<tr>\n<td width=\"259\">Taille totale (mm)<\/td>\n<td width=\"294\">585\u00d7200\u00d7630<\/td>\n<\/tr>\n<tr>\n<td width=\"259\">Poids (kg)<\/td>\n<td width=\"294\">42<\/td>\n<\/tr>\n<\/tbody>\n<\/table>\n<h1 style=\"font-weight: 400;\"><strong>Configuration standard<\/strong><\/h1>\n<table style=\"font-weight: 400;\">\n<tbody>\n<tr>\n<td width=\"277\">Ordinateur h\u00f4te<\/td>\n<td width=\"277\">1<\/td>\n<\/tr>\n<tr>\n<td width=\"277\">poids<\/td>\n<td width=\"277\">3<\/td>\n<\/tr>\n<tr>\n<td width=\"277\">Plate-forme de mesures crois\u00e9es<\/td>\n<td width=\"277\">1<\/td>\n<\/tr>\n<tr>\n<td width=\"277\">Table de serrage plate<\/td>\n<td width=\"277\">1<\/td>\n<\/tr>\n<tr>\n<td width=\"277\">Vis de r\u00e9glage horizontal<\/td>\n<td width=\"277\">4<\/td>\n<\/tr>\n<tr>\n<td width=\"277\">C\u00e2ble d'alimentation<\/td>\n<td width=\"277\">1<\/td>\n<\/tr>\n<tr>\n<td width=\"277\">Oculaire de microscope num\u00e9rique 10X<\/td>\n<td width=\"277\">1<\/td>\n<\/tr>\n<tr>\n<td width=\"277\">Bloc de duret\u00e9 Vickers<\/td>\n<td width=\"277\">2<\/td>\n<\/tr>\n<tr>\n<td width=\"277\">Fusible de rechange 2A<\/td>\n<td width=\"277\">2<\/td>\n<\/tr>\n<tr>\n<td width=\"277\">Certificat de produit<\/td>\n<td width=\"277\">1<\/td>\n<\/tr>\n<tr>\n<td width=\"277\">Manuel d'instruction<\/td>\n<td width=\"277\">1<\/td>\n<\/tr>\n<\/tbody>\n<\/table>\n<p style=\"font-weight: 400;\">Remarques : Logiciel de mesure de la duret\u00e9 en option, \u00e9liminant l'erreur humaine, l'op\u00e9ration par ordinateur, am\u00e9liorant l'efficacit\u00e9, la pr\u00e9cision est plus exacte.<\/p>","protected":false},"excerpt":{"rendered":"<p>L'appareil d'essai de duret\u00e9 Vickers \u00e0 tourelle num\u00e9rique peut r\u00e9pondre aux exigences de base de l'essai de duret\u00e9 Vickers. L'oculaire microm\u00e9trique num\u00e9rique am\u00e9lior\u00e9 peut lire directement la longueur de mesure, ce qui permet d'obtenir la valeur de mesure plus rapidement et avec plus de pr\u00e9cision. La tour peut commuter automatiquement l'oculaire et le p\u00e9n\u00e9trateur afin d'\u00e9viter les erreurs artificielles et d'endommager l'instrument, tout en am\u00e9liorant consid\u00e9rablement l'efficacit\u00e9.<\/p>","protected":false},"featured_media":29954,"comment_status":"open","ping_status":"closed","template":"","meta":[],"product_brand":[],"product_cat":[70,72],"product_tag":[113],"class_list":{"0":"post-29953","1":"product","2":"type-product","3":"status-publish","4":"has-post-thumbnail","6":"product_cat-hardness-tester","7":"product_cat-vickers-hardness-tester","8":"product_tag-vickers-hardness-tester","10":"first","11":"instock","12":"shipping-taxable","13":"product-type-simple"},"yoast_head":"<!-- This site is optimized with the Yoast SEO Premium plugin v25.4 (Yoast SEO v27.4) - https:\/\/yoast.com\/product\/yoast-seo-premium-wordpress\/ -->\n<title>(HVS-10Z)Digital display automatic turret type Vickers Hardness Tester - hardnesstests<\/title>\n<meta name=\"robots\" content=\"index, follow, max-snippet:-1, max-image-preview:large, max-video-preview:-1\" \/>\n<link rel=\"canonical\" href=\"https:\/\/hardnesstests.com\/fr\/produit\/hvs-10zdigital-display-automatic-turret-type-vickers-hardness-tester\/\" \/>\n<meta property=\"og:locale\" content=\"fr_FR\" \/>\n<meta property=\"og:type\" content=\"article\" \/>\n<meta property=\"og:title\" content=\"(HVS-10Z)Digital display automatic turret type Vickers Hardness Tester\" \/>\n<meta property=\"og:description\" content=\"The digital turret-type Vickers hardness tester can meet the basic Vickers hardness test requirements. The upgraded digital micrometer eyepiece can directly read the measurement length, so that the measurement value can be obtained more quickly and accurately. The tower can automatically switch the eyepiece and indenter to avoid artificial errors and damage the instrument, and also greatly improve the efficiency.\" \/>\n<meta property=\"og:url\" content=\"https:\/\/hardnesstests.com\/fr\/produit\/hvs-10zdigital-display-automatic-turret-type-vickers-hardness-tester\/\" \/>\n<meta property=\"og:site_name\" content=\"hardnesstests\" \/>\n<meta property=\"og:image\" content=\"https:\/\/hardnesstests.com\/wp-content\/uploads\/2025\/11\/HVS-10Z\u81ea\u52a8\u8f6c\u5854\u6570\u663e\u7ef4\u6c0f\u786c\u5ea6\u8ba1.jpg\" \/>\n\t<meta property=\"og:image:width\" content=\"800\" \/>\n\t<meta property=\"og:image:height\" content=\"800\" \/>\n\t<meta property=\"og:image:type\" content=\"image\/jpeg\" \/>\n<meta name=\"twitter:card\" content=\"summary_large_image\" \/>\n<meta name=\"twitter:label1\" content=\"Dur\u00e9e de lecture estim\u00e9e\" \/>\n\t<meta name=\"twitter:data1\" content=\"2 minutes\" \/>\n<script type=\"application\/ld+json\" class=\"yoast-schema-graph\">{\"@context\":\"https:\\\/\\\/schema.org\",\"@graph\":[{\"@type\":\"WebPage\",\"@id\":\"https:\\\/\\\/hardnesstests.com\\\/product\\\/hvs-10zdigital-display-automatic-turret-type-vickers-hardness-tester\\\/\",\"url\":\"https:\\\/\\\/hardnesstests.com\\\/product\\\/hvs-10zdigital-display-automatic-turret-type-vickers-hardness-tester\\\/\",\"name\":\"(HVS-10Z)Digital display automatic turret type Vickers Hardness Tester - hardnesstests\",\"isPartOf\":{\"@id\":\"https:\\\/\\\/hardnesstests.com\\\/tr\\\/#website\"},\"primaryImageOfPage\":{\"@id\":\"https:\\\/\\\/hardnesstests.com\\\/product\\\/hvs-10zdigital-display-automatic-turret-type-vickers-hardness-tester\\\/#primaryimage\"},\"image\":{\"@id\":\"https:\\\/\\\/hardnesstests.com\\\/product\\\/hvs-10zdigital-display-automatic-turret-type-vickers-hardness-tester\\\/#primaryimage\"},\"thumbnailUrl\":\"https:\\\/\\\/hardnesstests.com\\\/wp-content\\\/uploads\\\/2025\\\/11\\\/HVS-10Z\u81ea\u52a8\u8f6c\u5854\u6570\u663e\u7ef4\u6c0f\u786c\u5ea6\u8ba1.jpg\",\"datePublished\":\"2025-11-28T03:05:17+00:00\",\"breadcrumb\":{\"@id\":\"https:\\\/\\\/hardnesstests.com\\\/product\\\/hvs-10zdigital-display-automatic-turret-type-vickers-hardness-tester\\\/#breadcrumb\"},\"inLanguage\":\"fr-FR\",\"potentialAction\":[{\"@type\":\"ReadAction\",\"target\":[\"https:\\\/\\\/hardnesstests.com\\\/product\\\/hvs-10zdigital-display-automatic-turret-type-vickers-hardness-tester\\\/\"]}]},{\"@type\":\"ImageObject\",\"inLanguage\":\"fr-FR\",\"@id\":\"https:\\\/\\\/hardnesstests.com\\\/product\\\/hvs-10zdigital-display-automatic-turret-type-vickers-hardness-tester\\\/#primaryimage\",\"url\":\"https:\\\/\\\/hardnesstests.com\\\/wp-content\\\/uploads\\\/2025\\\/11\\\/HVS-10Z\u81ea\u52a8\u8f6c\u5854\u6570\u663e\u7ef4\u6c0f\u786c\u5ea6\u8ba1.jpg\",\"contentUrl\":\"https:\\\/\\\/hardnesstests.com\\\/wp-content\\\/uploads\\\/2025\\\/11\\\/HVS-10Z\u81ea\u52a8\u8f6c\u5854\u6570\u663e\u7ef4\u6c0f\u786c\u5ea6\u8ba1.jpg\",\"width\":800,\"height\":800,\"caption\":\"(HVS-10Z)Digital display automatic turret type Vickers Hardness Tester\"},{\"@type\":\"BreadcrumbList\",\"@id\":\"https:\\\/\\\/hardnesstests.com\\\/product\\\/hvs-10zdigital-display-automatic-turret-type-vickers-hardness-tester\\\/#breadcrumb\",\"itemListElement\":[{\"@type\":\"ListItem\",\"position\":1,\"name\":\"\u9996\u9875\",\"item\":\"https:\\\/\\\/hardnesstests.com\\\/\"},{\"@type\":\"ListItem\",\"position\":2,\"name\":\"products\",\"item\":\"https:\\\/\\\/hardnesstests.com\\\/products\\\/\"},{\"@type\":\"ListItem\",\"position\":3,\"name\":\"(HVS-10Z)Digital display automatic turret type Vickers Hardness Tester\"}]},{\"@type\":\"WebSite\",\"@id\":\"https:\\\/\\\/hardnesstests.com\\\/tr\\\/#website\",\"url\":\"https:\\\/\\\/hardnesstests.com\\\/tr\\\/\",\"name\":\"hardnesstests\",\"description\":\"\",\"publisher\":{\"@id\":\"https:\\\/\\\/hardnesstests.com\\\/tr\\\/#organization\"},\"potentialAction\":[{\"@type\":\"SearchAction\",\"target\":{\"@type\":\"EntryPoint\",\"urlTemplate\":\"https:\\\/\\\/hardnesstests.com\\\/tr\\\/?s={search_term_string}\"},\"query-input\":{\"@type\":\"PropertyValueSpecification\",\"valueRequired\":true,\"valueName\":\"search_term_string\"}}],\"inLanguage\":\"fr-FR\"},{\"@type\":\"Organization\",\"@id\":\"https:\\\/\\\/hardnesstests.com\\\/tr\\\/#organization\",\"name\":\"hardnesstests\",\"url\":\"https:\\\/\\\/hardnesstests.com\\\/tr\\\/\",\"logo\":{\"@type\":\"ImageObject\",\"inLanguage\":\"fr-FR\",\"@id\":\"https:\\\/\\\/hardnesstests.com\\\/tr\\\/#\\\/schema\\\/logo\\\/image\\\/\",\"url\":\"https:\\\/\\\/hardnesstests.com\\\/wp-content\\\/uploads\\\/2021\\\/08\\\/\u5fae\u4fe1\u56fe\u7247_20251029102004_335_1287.png\",\"contentUrl\":\"https:\\\/\\\/hardnesstests.com\\\/wp-content\\\/uploads\\\/2021\\\/08\\\/\u5fae\u4fe1\u56fe\u7247_20251029102004_335_1287.png\",\"width\":1308,\"height\":467,\"caption\":\"hardnesstests\"},\"image\":{\"@id\":\"https:\\\/\\\/hardnesstests.com\\\/tr\\\/#\\\/schema\\\/logo\\\/image\\\/\"}}]}<\/script>\n<!-- \/ Yoast SEO Premium plugin. -->","yoast_head_json":{"title":"(HVS-10Z)Digital display automatic turret type Vickers Hardness Tester - hardnesstests","robots":{"index":"index","follow":"follow","max-snippet":"max-snippet:-1","max-image-preview":"max-image-preview:large","max-video-preview":"max-video-preview:-1"},"canonical":"https:\/\/hardnesstests.com\/fr\/produit\/hvs-10zdigital-display-automatic-turret-type-vickers-hardness-tester\/","og_locale":"fr_FR","og_type":"article","og_title":"(HVS-10Z)Digital display automatic turret type Vickers Hardness Tester","og_description":"The digital turret-type Vickers hardness tester can meet the basic Vickers hardness test requirements. The upgraded digital micrometer eyepiece can directly read the measurement length, so that the measurement value can be obtained more quickly and accurately. The tower can automatically switch the eyepiece and indenter to avoid artificial errors and damage the instrument, and also greatly improve the efficiency.","og_url":"https:\/\/hardnesstests.com\/fr\/produit\/hvs-10zdigital-display-automatic-turret-type-vickers-hardness-tester\/","og_site_name":"hardnesstests","og_image":[{"width":800,"height":800,"url":"https:\/\/hardnesstests.com\/wp-content\/uploads\/2025\/11\/HVS-10Z\u81ea\u52a8\u8f6c\u5854\u6570\u663e\u7ef4\u6c0f\u786c\u5ea6\u8ba1.jpg","type":"image\/jpeg"}],"twitter_card":"summary_large_image","twitter_misc":{"Dur\u00e9e de lecture estim\u00e9e":"2 minutes"},"schema":{"@context":"https:\/\/schema.org","@graph":[{"@type":"WebPage","@id":"https:\/\/hardnesstests.com\/product\/hvs-10zdigital-display-automatic-turret-type-vickers-hardness-tester\/","url":"https:\/\/hardnesstests.com\/product\/hvs-10zdigital-display-automatic-turret-type-vickers-hardness-tester\/","name":"(HVS-10Z)Digital display automatic turret type Vickers Hardness Tester - hardnesstests","isPartOf":{"@id":"https:\/\/hardnesstests.com\/tr\/#website"},"primaryImageOfPage":{"@id":"https:\/\/hardnesstests.com\/product\/hvs-10zdigital-display-automatic-turret-type-vickers-hardness-tester\/#primaryimage"},"image":{"@id":"https:\/\/hardnesstests.com\/product\/hvs-10zdigital-display-automatic-turret-type-vickers-hardness-tester\/#primaryimage"},"thumbnailUrl":"https:\/\/hardnesstests.com\/wp-content\/uploads\/2025\/11\/HVS-10Z\u81ea\u52a8\u8f6c\u5854\u6570\u663e\u7ef4\u6c0f\u786c\u5ea6\u8ba1.jpg","datePublished":"2025-11-28T03:05:17+00:00","breadcrumb":{"@id":"https:\/\/hardnesstests.com\/product\/hvs-10zdigital-display-automatic-turret-type-vickers-hardness-tester\/#breadcrumb"},"inLanguage":"fr-FR","potentialAction":[{"@type":"ReadAction","target":["https:\/\/hardnesstests.com\/product\/hvs-10zdigital-display-automatic-turret-type-vickers-hardness-tester\/"]}]},{"@type":"ImageObject","inLanguage":"fr-FR","@id":"https:\/\/hardnesstests.com\/product\/hvs-10zdigital-display-automatic-turret-type-vickers-hardness-tester\/#primaryimage","url":"https:\/\/hardnesstests.com\/wp-content\/uploads\/2025\/11\/HVS-10Z\u81ea\u52a8\u8f6c\u5854\u6570\u663e\u7ef4\u6c0f\u786c\u5ea6\u8ba1.jpg","contentUrl":"https:\/\/hardnesstests.com\/wp-content\/uploads\/2025\/11\/HVS-10Z\u81ea\u52a8\u8f6c\u5854\u6570\u663e\u7ef4\u6c0f\u786c\u5ea6\u8ba1.jpg","width":800,"height":800,"caption":"(HVS-10Z)Digital display automatic turret type Vickers Hardness Tester"},{"@type":"BreadcrumbList","@id":"https:\/\/hardnesstests.com\/product\/hvs-10zdigital-display-automatic-turret-type-vickers-hardness-tester\/#breadcrumb","itemListElement":[{"@type":"ListItem","position":1,"name":"\u9996\u9875","item":"https:\/\/hardnesstests.com\/"},{"@type":"ListItem","position":2,"name":"products","item":"https:\/\/hardnesstests.com\/products\/"},{"@type":"ListItem","position":3,"name":"(HVS-10Z)Digital display automatic turret type Vickers Hardness Tester"}]},{"@type":"WebSite","@id":"https:\/\/hardnesstests.com\/tr\/#website","url":"https:\/\/hardnesstests.com\/tr\/","name":"hardnesstests","description":"","publisher":{"@id":"https:\/\/hardnesstests.com\/tr\/#organization"},"potentialAction":[{"@type":"SearchAction","target":{"@type":"EntryPoint","urlTemplate":"https:\/\/hardnesstests.com\/tr\/?s={search_term_string}"},"query-input":{"@type":"PropertyValueSpecification","valueRequired":true,"valueName":"search_term_string"}}],"inLanguage":"fr-FR"},{"@type":"Organization","@id":"https:\/\/hardnesstests.com\/tr\/#organization","name":"hardnesstests","url":"https:\/\/hardnesstests.com\/tr\/","logo":{"@type":"ImageObject","inLanguage":"fr-FR","@id":"https:\/\/hardnesstests.com\/tr\/#\/schema\/logo\/image\/","url":"https:\/\/hardnesstests.com\/wp-content\/uploads\/2021\/08\/\u5fae\u4fe1\u56fe\u7247_20251029102004_335_1287.png","contentUrl":"https:\/\/hardnesstests.com\/wp-content\/uploads\/2021\/08\/\u5fae\u4fe1\u56fe\u7247_20251029102004_335_1287.png","width":1308,"height":467,"caption":"hardnesstests"},"image":{"@id":"https:\/\/hardnesstests.com\/tr\/#\/schema\/logo\/image\/"}}]}},"_links":{"self":[{"href":"https:\/\/hardnesstests.com\/fr\/wp-json\/wp\/v2\/product\/29953","targetHints":{"allow":["GET"]}}],"collection":[{"href":"https:\/\/hardnesstests.com\/fr\/wp-json\/wp\/v2\/product"}],"about":[{"href":"https:\/\/hardnesstests.com\/fr\/wp-json\/wp\/v2\/types\/product"}],"replies":[{"embeddable":true,"href":"https:\/\/hardnesstests.com\/fr\/wp-json\/wp\/v2\/comments?post=29953"}],"version-history":[{"count":1,"href":"https:\/\/hardnesstests.com\/fr\/wp-json\/wp\/v2\/product\/29953\/revisions"}],"predecessor-version":[{"id":29955,"href":"https:\/\/hardnesstests.com\/fr\/wp-json\/wp\/v2\/product\/29953\/revisions\/29955"}],"wp:featuredmedia":[{"embeddable":true,"href":"https:\/\/hardnesstests.com\/fr\/wp-json\/wp\/v2\/media\/29954"}],"wp:attachment":[{"href":"https:\/\/hardnesstests.com\/fr\/wp-json\/wp\/v2\/media?parent=29953"}],"wp:term":[{"taxonomy":"product_brand","embeddable":true,"href":"https:\/\/hardnesstests.com\/fr\/wp-json\/wp\/v2\/product_brand?post=29953"},{"taxonomy":"product_cat","embeddable":true,"href":"https:\/\/hardnesstests.com\/fr\/wp-json\/wp\/v2\/product_cat?post=29953"},{"taxonomy":"product_tag","embeddable":true,"href":"https:\/\/hardnesstests.com\/fr\/wp-json\/wp\/v2\/product_tag?post=29953"}],"curies":[{"name":"wp","href":"https:\/\/api.w.org\/{rel}","templated":true}]}}