{"id":29926,"date":"2025-11-28T02:45:18","date_gmt":"2025-11-28T02:45:18","guid":{"rendered":"https:\/\/hardnesstests.com\/?post_type=product&#038;p=29926"},"modified":"2025-11-28T02:45:18","modified_gmt":"2025-11-28T02:45:18","slug":"hv-5","status":"publish","type":"product","link":"https:\/\/hardnesstests.com\/fr\/produit\/hv-5\/","title":{"rendered":"HV-5"},"content":{"rendered":"<h1 style=\"font-weight: 400;\"><strong>Principales fonctions et caract\u00e9ristiques :<\/strong><\/h1>\n<ol>\n<li style=\"font-weight: 400;\">Le syst\u00e8me optique con\u00e7u par des ing\u00e9nieurs optiques chevronn\u00e9s permet non seulement d'obtenir des images claires, mais aussi de l'utiliser comme un simple microscope avec une luminosit\u00e9 r\u00e9glable et une vision confortable.<\/li>\n<li style=\"font-weight: 400;\">Sur l'\u00e9cran d'affichage industriel, la valeur de duret\u00e9 peut \u00eatre affich\u00e9e visuellement, la duret\u00e9 peut \u00eatre convertie, la m\u00e9thode d'essai, la force d'essai, la dur\u00e9e de la charge et le nombre de mesures, et le processus d'essai peut \u00eatre compris intuitivement.<\/li>\n<li style=\"font-weight: 400;\">Moulage de la coque en aluminium, la structure est stable et ne se d\u00e9forme pas, peinture automobile de haute qualit\u00e9, capacit\u00e9 anti-rayures, utilisation pendant de nombreuses ann\u00e9es toujours aussi brillante ;<\/li>\n<\/ol>\n<ol start=\"4\">\n<li style=\"font-weight: 400;\">Notre soci\u00e9t\u00e9 dispose de ses propres capacit\u00e9s de R&amp;D, de production et de traitement. Nos machines offrent des services de remplacement des pi\u00e8ces et de mise \u00e0 niveau de la maintenance \u00e0 vie.<\/li>\n<li style=\"font-weight: 400;\">HV-5Z models can be achieved: observation &#8211; test &#8211; measurement of the position switch by the automatic turret<\/li>\n<\/ol>\n<h1 style=\"font-weight: 400;\"><strong>The main purpose and scope of application:<\/strong><\/h1>\n<ol>\n<li style=\"font-weight: 400;\">Iron and steel, non-ferrous metals, metal foils, hard alloys, metal sheets, microstructures<\/li>\n<li style=\"font-weight: 400;\">Carburizing, nitriding and decarburization layers, surface hardened layer, plating layer, coating<\/li>\n<li style=\"font-weight: 400;\">glass, wafers, ceramic materials, carbonization;<\/li>\n<\/ol>\n<h1 style=\"font-weight: 400;\"><strong>T<\/strong><strong>echnical Parameters:<\/strong><\/h1>\n<table style=\"font-weight: 400;\" width=\"580\">\n<tbody>\n<tr>\n<td width=\"259\">nom du param\u00e8tre<\/td>\n<td width=\"322\">Donn\u00e9es de param\u00e8tres<\/td>\n<\/tr>\n<tr>\n<td width=\"259\">\u00c9chelle de duret\u00e9 Vickers<\/td>\n<td width=\"322\">HV0.3,HV0.5,HV1.0,HV2.0,HV3.0,HV5.0<\/td>\n<\/tr>\n<tr>\n<td width=\"259\">affichage<\/td>\n<td width=\"322\">Valeur de duret\u00e9 \u00e0 5 chiffres, longueur de la diagonale \u00e0 4 chiffres (D1, D2),<\/p>\n<p>Temps de maintien, nombre d'essais, moyenne, \u00e9cart-type, rendement<\/td>\n<\/tr>\n<tr>\n<td width=\"259\">Force d'essai (Kgf)<\/td>\n<td width=\"322\">0.3,0.5,1.0,2.0,3.0,5.0<\/td>\n<\/tr>\n<tr>\n<td width=\"259\">Contr\u00f4le du chargement<\/td>\n<td width=\"322\">Automatique (chargement\/maintien\/d\u00e9sinstallation)<\/td>\n<\/tr>\n<tr>\n<td width=\"259\">Temps de r\u00e9tention de la force d'essai (s)<\/td>\n<td width=\"322\">1\uff5e99<\/td>\n<\/tr>\n<tr>\n<td width=\"259\">Canal optique<\/td>\n<td width=\"322\">Deux canaux d'\u00e9clairage (oculaires et canaux de la cam\u00e9ra CCD)<\/td>\n<\/tr>\n<tr>\n<td width=\"259\">Syst\u00e8me optique<\/td>\n<td width=\"322\">Objectives: 10\u00d7, 20\u00d7(Customizable 40X)<\/p>\n<p>Grossissement de l'oculaire : 10\u00d7<\/p>\n<p>Grossissement total (\u03bcm) : 100\u00d7, 200\u00d7<\/p>\n<p>Plage de mesure : 800\u03bcm 400\u03bcm<\/p>\n<p>R\u00e9solution :1\u03bcm 0,5\u03bcm<\/td>\n<\/tr>\n<tr>\n<td width=\"259\">Plage de mesure de la duret\u00e9<\/td>\n<td width=\"322\">(5-3000)HV<\/td>\n<\/tr>\n<tr>\n<td width=\"259\">Banc d'essai XY (en option)<\/td>\n<td width=\"322\">Taille (mm) : 100\u00d7100<\/p>\n<p>Plage de d\u00e9placement (mm) : 25\u00d725<\/p>\n<p>Lecture minimale (mm) : 0.01<\/td>\n<\/tr>\n<tr>\n<td width=\"259\">Hauteur maximale de l'\u00e9chantillon (mm)<\/td>\n<td width=\"322\">165<\/td>\n<\/tr>\n<tr>\n<td width=\"259\">Largeur maximale de l'\u00e9chantillon (mm)<\/td>\n<td width=\"322\">130 (distance entre l'axe du p\u00e9n\u00e9trateur et le mur)<\/td>\n<\/tr>\n<tr>\n<td width=\"259\">Norme ex\u00e9cutive<\/td>\n<td width=\"322\">GB\/T4340.2 Chinese Standard (GB\/T4340.2 Chinese Standard),<\/p>\n<p>JJG151 Inspection Rule (JJG151 Inspection Rule)<\/td>\n<\/tr>\n<tr>\n<td width=\"259\">tension<\/td>\n<td width=\"322\">AC220V\/50HZ<\/td>\n<\/tr>\n<tr>\n<td width=\"259\">Taille totale (mm)<\/td>\n<td width=\"322\">585\u00d7200\u00d7630<\/td>\n<\/tr>\n<tr>\n<td width=\"259\">Poids (kg)<\/td>\n<td width=\"322\">42<\/td>\n<\/tr>\n<\/tbody>\n<\/table>\n<h1 style=\"font-weight: 400;\"><strong>Configuration standard<\/strong><\/h1>\n<table style=\"font-weight: 400;\">\n<tbody>\n<tr>\n<td width=\"277\">Ordinateur h\u00f4te<\/td>\n<td width=\"277\">1<\/td>\n<\/tr>\n<tr>\n<td width=\"277\">Poids<\/td>\n<td width=\"277\">3<\/td>\n<\/tr>\n<tr>\n<td width=\"277\">Plate-forme de mesure crois\u00e9e<\/td>\n<td width=\"277\">1<\/td>\n<\/tr>\n<tr>\n<td width=\"277\">Table de serrage plate<\/td>\n<td width=\"277\">1<\/td>\n<\/tr>\n<tr>\n<td width=\"277\">Vis de r\u00e9glage horizontal<\/td>\n<td width=\"277\">4<\/td>\n<\/tr>\n<tr>\n<td width=\"277\">C\u00e2ble d'alimentation<\/td>\n<td width=\"277\">1<\/td>\n<\/tr>\n<tr>\n<td width=\"277\">Oculaire de microscope num\u00e9rique 10X<\/td>\n<td width=\"277\">1<\/td>\n<\/tr>\n<tr>\n<td width=\"277\">Bloc de duret\u00e9 Vickers<\/td>\n<td width=\"277\">2<\/td>\n<\/tr>\n<tr>\n<td width=\"277\">Fusible de rechange 2A<\/td>\n<td width=\"277\">2<\/td>\n<\/tr>\n<tr>\n<td width=\"277\">Certificat de produit<\/td>\n<td width=\"277\">1<\/td>\n<\/tr>\n<tr>\n<td width=\"277\">Manuel d'instruction<\/td>\n<td width=\"277\">1<\/td>\n<\/tr>\n<\/tbody>\n<\/table>\n<p style=\"font-weight: 400;\">Remarques : Logiciel de mesure de la duret\u00e9 en option, \u00e9liminant l'erreur humaine, l'op\u00e9ration par ordinateur, am\u00e9liorant l'efficacit\u00e9, la pr\u00e9cision est plus exacte.<\/p>","protected":false},"excerpt":{"rendered":"<p>L'appareil d'essai de duret\u00e9 Vickers automatique \u00e0 tourelle est un produit de haute technologie issu de l'int\u00e9gration \u00e9lectrom\u00e9canique et \u00e9lectrom\u00e9canique. L'appareil d'essai de duret\u00e9 est d'une conception nouvelle, pr\u00e9sente une bonne fiabilit\u00e9, une bonne op\u00e9rabilit\u00e9 et une bonne r\u00e9p\u00e9tabilit\u00e9 et constitue un produit id\u00e9al pour tester la duret\u00e9 Vickers. La machine utilise un logiciel de programmation informatique, un syst\u00e8me de mesure optique. Gr\u00e2ce \u00e0 l'entr\u00e9e par touches programmables, la mesure de la duret\u00e9 Vickers et Knoop peut \u00eatre s\u00e9lectionn\u00e9e, l'intensit\u00e9 de la source lumineuse de mesure peut \u00eatre ajust\u00e9e, le temps de charge peut \u00eatre s\u00e9lectionn\u00e9, la m\u00e9thode d'essai et la force d'essai peuvent \u00eatre affich\u00e9es sur l'\u00e9cran LCD, et la paire d'empreintes peut \u00eatre mesur\u00e9e par l'entr\u00e9e du panneau. La longueur de la ligne d'angle et l'\u00e9cran lisent directement la valeur de duret\u00e9, ce qui facilite la v\u00e9rification de la table. Facile \u00e0 utiliser, grande pr\u00e9cision de mesure.<\/p>","protected":false},"featured_media":29927,"comment_status":"open","ping_status":"closed","template":"","meta":[],"product_brand":[],"product_cat":[70,72],"product_tag":[113],"class_list":{"0":"post-29926","1":"product","2":"type-product","3":"status-publish","4":"has-post-thumbnail","6":"product_cat-hardness-tester","7":"product_cat-vickers-hardness-tester","8":"product_tag-vickers-hardness-tester","10":"first","11":"instock","12":"shipping-taxable","13":"product-type-simple"},"yoast_head":"<!-- This site is optimized with the Yoast SEO Premium plugin v25.4 (Yoast SEO v27.4) - https:\/\/yoast.com\/product\/yoast-seo-premium-wordpress\/ -->\n<title>HV-5 - hardnesstests<\/title>\n<meta name=\"robots\" content=\"index, follow, max-snippet:-1, max-image-preview:large, max-video-preview:-1\" \/>\n<link rel=\"canonical\" href=\"https:\/\/hardnesstests.com\/fr\/produit\/hv-5\/\" \/>\n<meta property=\"og:locale\" content=\"fr_FR\" \/>\n<meta property=\"og:type\" content=\"article\" \/>\n<meta property=\"og:title\" content=\"HV-5\" \/>\n<meta property=\"og:description\" content=\"The automatic turret-type Vickers hardness tester is a high-tech product of electromechanical and electromechanical integration. The hardness tester is novel in design, has good reliability, operability, and repeatability and is an ideal product for testing Vickers hardness. The machine uses computer software programming, optical measurement system. Through the soft key input, the measurement of Vickers and Knoop hardness can be selected, the intensity of the measuring light source can be adjusted, the time of charge can be selected, the test method and test force can be displayed on the LCD display, and the indentation pair can be measured through the panel input. The length of the corner line and the screen directly read the hardness value, making it simple to check the table. Easy to use, high measurement accuracy.\" \/>\n<meta property=\"og:url\" content=\"https:\/\/hardnesstests.com\/fr\/produit\/hv-5\/\" \/>\n<meta property=\"og:site_name\" content=\"hardnesstests\" \/>\n<meta property=\"og:image\" content=\"https:\/\/hardnesstests.com\/wp-content\/uploads\/2025\/11\/HV-5\u624b\u52a8\u8f6c\u5854\u7ef4\u6c0f\u786c\u5ea6\u8ba1.jpg\" \/>\n\t<meta property=\"og:image:width\" content=\"800\" \/>\n\t<meta property=\"og:image:height\" content=\"800\" \/>\n\t<meta property=\"og:image:type\" content=\"image\/jpeg\" \/>\n<meta name=\"twitter:card\" content=\"summary_large_image\" \/>\n<meta name=\"twitter:label1\" content=\"Dur\u00e9e de lecture estim\u00e9e\" \/>\n\t<meta name=\"twitter:data1\" content=\"2 minutes\" \/>\n<script type=\"application\/ld+json\" class=\"yoast-schema-graph\">{\"@context\":\"https:\\\/\\\/schema.org\",\"@graph\":[{\"@type\":\"WebPage\",\"@id\":\"https:\\\/\\\/hardnesstests.com\\\/product\\\/hv-5\\\/\",\"url\":\"https:\\\/\\\/hardnesstests.com\\\/product\\\/hv-5\\\/\",\"name\":\"HV-5 - hardnesstests\",\"isPartOf\":{\"@id\":\"https:\\\/\\\/hardnesstests.com\\\/tr\\\/#website\"},\"primaryImageOfPage\":{\"@id\":\"https:\\\/\\\/hardnesstests.com\\\/product\\\/hv-5\\\/#primaryimage\"},\"image\":{\"@id\":\"https:\\\/\\\/hardnesstests.com\\\/product\\\/hv-5\\\/#primaryimage\"},\"thumbnailUrl\":\"https:\\\/\\\/hardnesstests.com\\\/wp-content\\\/uploads\\\/2025\\\/11\\\/HV-5\u624b\u52a8\u8f6c\u5854\u7ef4\u6c0f\u786c\u5ea6\u8ba1.jpg\",\"datePublished\":\"2025-11-28T02:45:18+00:00\",\"breadcrumb\":{\"@id\":\"https:\\\/\\\/hardnesstests.com\\\/product\\\/hv-5\\\/#breadcrumb\"},\"inLanguage\":\"fr-FR\",\"potentialAction\":[{\"@type\":\"ReadAction\",\"target\":[\"https:\\\/\\\/hardnesstests.com\\\/product\\\/hv-5\\\/\"]}]},{\"@type\":\"ImageObject\",\"inLanguage\":\"fr-FR\",\"@id\":\"https:\\\/\\\/hardnesstests.com\\\/product\\\/hv-5\\\/#primaryimage\",\"url\":\"https:\\\/\\\/hardnesstests.com\\\/wp-content\\\/uploads\\\/2025\\\/11\\\/HV-5\u624b\u52a8\u8f6c\u5854\u7ef4\u6c0f\u786c\u5ea6\u8ba1.jpg\",\"contentUrl\":\"https:\\\/\\\/hardnesstests.com\\\/wp-content\\\/uploads\\\/2025\\\/11\\\/HV-5\u624b\u52a8\u8f6c\u5854\u7ef4\u6c0f\u786c\u5ea6\u8ba1.jpg\",\"width\":800,\"height\":800,\"caption\":\"HV-5\"},{\"@type\":\"BreadcrumbList\",\"@id\":\"https:\\\/\\\/hardnesstests.com\\\/product\\\/hv-5\\\/#breadcrumb\",\"itemListElement\":[{\"@type\":\"ListItem\",\"position\":1,\"name\":\"\u9996\u9875\",\"item\":\"https:\\\/\\\/hardnesstests.com\\\/\"},{\"@type\":\"ListItem\",\"position\":2,\"name\":\"products\",\"item\":\"https:\\\/\\\/hardnesstests.com\\\/products\\\/\"},{\"@type\":\"ListItem\",\"position\":3,\"name\":\"HV-5\"}]},{\"@type\":\"WebSite\",\"@id\":\"https:\\\/\\\/hardnesstests.com\\\/tr\\\/#website\",\"url\":\"https:\\\/\\\/hardnesstests.com\\\/tr\\\/\",\"name\":\"hardnesstests\",\"description\":\"\",\"publisher\":{\"@id\":\"https:\\\/\\\/hardnesstests.com\\\/tr\\\/#organization\"},\"potentialAction\":[{\"@type\":\"SearchAction\",\"target\":{\"@type\":\"EntryPoint\",\"urlTemplate\":\"https:\\\/\\\/hardnesstests.com\\\/tr\\\/?s={search_term_string}\"},\"query-input\":{\"@type\":\"PropertyValueSpecification\",\"valueRequired\":true,\"valueName\":\"search_term_string\"}}],\"inLanguage\":\"fr-FR\"},{\"@type\":\"Organization\",\"@id\":\"https:\\\/\\\/hardnesstests.com\\\/tr\\\/#organization\",\"name\":\"hardnesstests\",\"url\":\"https:\\\/\\\/hardnesstests.com\\\/tr\\\/\",\"logo\":{\"@type\":\"ImageObject\",\"inLanguage\":\"fr-FR\",\"@id\":\"https:\\\/\\\/hardnesstests.com\\\/tr\\\/#\\\/schema\\\/logo\\\/image\\\/\",\"url\":\"https:\\\/\\\/hardnesstests.com\\\/wp-content\\\/uploads\\\/2021\\\/08\\\/\u5fae\u4fe1\u56fe\u7247_20251029102004_335_1287.png\",\"contentUrl\":\"https:\\\/\\\/hardnesstests.com\\\/wp-content\\\/uploads\\\/2021\\\/08\\\/\u5fae\u4fe1\u56fe\u7247_20251029102004_335_1287.png\",\"width\":1308,\"height\":467,\"caption\":\"hardnesstests\"},\"image\":{\"@id\":\"https:\\\/\\\/hardnesstests.com\\\/tr\\\/#\\\/schema\\\/logo\\\/image\\\/\"}}]}<\/script>\n<!-- \/ Yoast SEO Premium plugin. -->","yoast_head_json":{"title":"HV-5 - hardnesstests","robots":{"index":"index","follow":"follow","max-snippet":"max-snippet:-1","max-image-preview":"max-image-preview:large","max-video-preview":"max-video-preview:-1"},"canonical":"https:\/\/hardnesstests.com\/fr\/produit\/hv-5\/","og_locale":"fr_FR","og_type":"article","og_title":"HV-5","og_description":"The automatic turret-type Vickers hardness tester is a high-tech product of electromechanical and electromechanical integration. The hardness tester is novel in design, has good reliability, operability, and repeatability and is an ideal product for testing Vickers hardness. The machine uses computer software programming, optical measurement system. Through the soft key input, the measurement of Vickers and Knoop hardness can be selected, the intensity of the measuring light source can be adjusted, the time of charge can be selected, the test method and test force can be displayed on the LCD display, and the indentation pair can be measured through the panel input. The length of the corner line and the screen directly read the hardness value, making it simple to check the table. Easy to use, high measurement accuracy.","og_url":"https:\/\/hardnesstests.com\/fr\/produit\/hv-5\/","og_site_name":"hardnesstests","og_image":[{"width":800,"height":800,"url":"https:\/\/hardnesstests.com\/wp-content\/uploads\/2025\/11\/HV-5\u624b\u52a8\u8f6c\u5854\u7ef4\u6c0f\u786c\u5ea6\u8ba1.jpg","type":"image\/jpeg"}],"twitter_card":"summary_large_image","twitter_misc":{"Dur\u00e9e de lecture estim\u00e9e":"2 minutes"},"schema":{"@context":"https:\/\/schema.org","@graph":[{"@type":"WebPage","@id":"https:\/\/hardnesstests.com\/product\/hv-5\/","url":"https:\/\/hardnesstests.com\/product\/hv-5\/","name":"HV-5 - hardnesstests","isPartOf":{"@id":"https:\/\/hardnesstests.com\/tr\/#website"},"primaryImageOfPage":{"@id":"https:\/\/hardnesstests.com\/product\/hv-5\/#primaryimage"},"image":{"@id":"https:\/\/hardnesstests.com\/product\/hv-5\/#primaryimage"},"thumbnailUrl":"https:\/\/hardnesstests.com\/wp-content\/uploads\/2025\/11\/HV-5\u624b\u52a8\u8f6c\u5854\u7ef4\u6c0f\u786c\u5ea6\u8ba1.jpg","datePublished":"2025-11-28T02:45:18+00:00","breadcrumb":{"@id":"https:\/\/hardnesstests.com\/product\/hv-5\/#breadcrumb"},"inLanguage":"fr-FR","potentialAction":[{"@type":"ReadAction","target":["https:\/\/hardnesstests.com\/product\/hv-5\/"]}]},{"@type":"ImageObject","inLanguage":"fr-FR","@id":"https:\/\/hardnesstests.com\/product\/hv-5\/#primaryimage","url":"https:\/\/hardnesstests.com\/wp-content\/uploads\/2025\/11\/HV-5\u624b\u52a8\u8f6c\u5854\u7ef4\u6c0f\u786c\u5ea6\u8ba1.jpg","contentUrl":"https:\/\/hardnesstests.com\/wp-content\/uploads\/2025\/11\/HV-5\u624b\u52a8\u8f6c\u5854\u7ef4\u6c0f\u786c\u5ea6\u8ba1.jpg","width":800,"height":800,"caption":"HV-5"},{"@type":"BreadcrumbList","@id":"https:\/\/hardnesstests.com\/product\/hv-5\/#breadcrumb","itemListElement":[{"@type":"ListItem","position":1,"name":"\u9996\u9875","item":"https:\/\/hardnesstests.com\/"},{"@type":"ListItem","position":2,"name":"products","item":"https:\/\/hardnesstests.com\/products\/"},{"@type":"ListItem","position":3,"name":"HV-5"}]},{"@type":"WebSite","@id":"https:\/\/hardnesstests.com\/tr\/#website","url":"https:\/\/hardnesstests.com\/tr\/","name":"hardnesstests","description":"","publisher":{"@id":"https:\/\/hardnesstests.com\/tr\/#organization"},"potentialAction":[{"@type":"SearchAction","target":{"@type":"EntryPoint","urlTemplate":"https:\/\/hardnesstests.com\/tr\/?s={search_term_string}"},"query-input":{"@type":"PropertyValueSpecification","valueRequired":true,"valueName":"search_term_string"}}],"inLanguage":"fr-FR"},{"@type":"Organization","@id":"https:\/\/hardnesstests.com\/tr\/#organization","name":"hardnesstests","url":"https:\/\/hardnesstests.com\/tr\/","logo":{"@type":"ImageObject","inLanguage":"fr-FR","@id":"https:\/\/hardnesstests.com\/tr\/#\/schema\/logo\/image\/","url":"https:\/\/hardnesstests.com\/wp-content\/uploads\/2021\/08\/\u5fae\u4fe1\u56fe\u7247_20251029102004_335_1287.png","contentUrl":"https:\/\/hardnesstests.com\/wp-content\/uploads\/2021\/08\/\u5fae\u4fe1\u56fe\u7247_20251029102004_335_1287.png","width":1308,"height":467,"caption":"hardnesstests"},"image":{"@id":"https:\/\/hardnesstests.com\/tr\/#\/schema\/logo\/image\/"}}]}},"_links":{"self":[{"href":"https:\/\/hardnesstests.com\/fr\/wp-json\/wp\/v2\/product\/29926","targetHints":{"allow":["GET"]}}],"collection":[{"href":"https:\/\/hardnesstests.com\/fr\/wp-json\/wp\/v2\/product"}],"about":[{"href":"https:\/\/hardnesstests.com\/fr\/wp-json\/wp\/v2\/types\/product"}],"replies":[{"embeddable":true,"href":"https:\/\/hardnesstests.com\/fr\/wp-json\/wp\/v2\/comments?post=29926"}],"version-history":[{"count":1,"href":"https:\/\/hardnesstests.com\/fr\/wp-json\/wp\/v2\/product\/29926\/revisions"}],"predecessor-version":[{"id":29928,"href":"https:\/\/hardnesstests.com\/fr\/wp-json\/wp\/v2\/product\/29926\/revisions\/29928"}],"wp:featuredmedia":[{"embeddable":true,"href":"https:\/\/hardnesstests.com\/fr\/wp-json\/wp\/v2\/media\/29927"}],"wp:attachment":[{"href":"https:\/\/hardnesstests.com\/fr\/wp-json\/wp\/v2\/media?parent=29926"}],"wp:term":[{"taxonomy":"product_brand","embeddable":true,"href":"https:\/\/hardnesstests.com\/fr\/wp-json\/wp\/v2\/product_brand?post=29926"},{"taxonomy":"product_cat","embeddable":true,"href":"https:\/\/hardnesstests.com\/fr\/wp-json\/wp\/v2\/product_cat?post=29926"},{"taxonomy":"product_tag","embeddable":true,"href":"https:\/\/hardnesstests.com\/fr\/wp-json\/wp\/v2\/product_tag?post=29926"}],"curies":[{"name":"wp","href":"https:\/\/api.w.org\/{rel}","templated":true}]}}