{"id":29901,"date":"2025-11-28T01:54:35","date_gmt":"2025-11-28T01:54:35","guid":{"rendered":"https:\/\/hardnesstests.com\/?post_type=product&#038;p=29901"},"modified":"2025-11-28T01:54:35","modified_gmt":"2025-11-28T01:54:35","slug":"chvs-2000zsensor-micro-vickers-hardness-tester","status":"publish","type":"product","link":"https:\/\/hardnesstests.com\/fr\/produit\/chvs-2000zsensor-micro-vickers-hardness-tester\/","title":{"rendered":"(CHVS-2000Z)Testeur de duret\u00e9 micro Vickers \u00e0 capteur"},"content":{"rendered":"<h1 style=\"font-weight: 400;\"><strong>Principales fonctions et caract\u00e9ristiques de la machine :<\/strong><\/h1>\n<ol>\n<li style=\"font-weight: 400;\">Le syst\u00e8me optique con\u00e7u par des ing\u00e9nieurs en optique chevronn\u00e9s permet non seulement d'obtenir des images claires, mais peut \u00e9galement \u00eatre utilis\u00e9 comme un simple microscope. La luminosit\u00e9 est r\u00e9glable, la vision est confortable et il n'est pas facile de se fatiguer apr\u00e8s une utilisation prolong\u00e9e ;<\/li>\n<li style=\"font-weight: 400;\">L'\u00e9cran d'affichage industriel LCD peut afficher la m\u00e9thode d'essai, la force d'essai, la longueur d'indentation mesur\u00e9e, la valeur de duret\u00e9, le temps de maintien de la force d'essai, le nombre de mesures, et peut entrer l'ann\u00e9e, le mois, la date, les r\u00e9sultats de l'essai et le traitement des donn\u00e9es, etc ;<\/li>\n<li style=\"font-weight: 400;\">La coque en aluminium moul\u00e9 est form\u00e9e en une seule \u00e9tape, la structure est stable et ne se d\u00e9forme pas, la peinture de la voiture est de haute qualit\u00e9 et la r\u00e9sistance aux rayures est forte. Il est toujours aussi brillant apr\u00e8s des ann\u00e9es d'utilisation ;<\/li>\n<li style=\"font-weight: 400;\">Notre soci\u00e9t\u00e9 a la capacit\u00e9 de d\u00e9velopper, concevoir, produire et traiter de mani\u00e8re ind\u00e9pendante, et nos machines offrent des services de remplacement des pi\u00e8ces \u00e0 vie et de mise \u00e0 niveau de la maintenance ;<\/li>\n<li style=\"font-weight: 400;\">Le mod\u00e8le CHVS-2000Z peut mesurer la longueur et confirmer directement la valeur de la duret\u00e9 ;<\/li>\n<li style=\"font-weight: 400;\">Le mod\u00e8le CHVS-2000Z peut r\u00e9aliser : le changement de position observation-test-mesure est r\u00e9alis\u00e9 par la tourelle automatique ;<\/li>\n<li style=\"font-weight: 400;\">\u00c9quip\u00e9 d'un grand \u00e9cran LCD ; l'affichage du grand \u00e9cran LCD est pratique pour l'observation, et les conditions de test et le processus de test sont intuitifs et clairs ;<\/li>\n<li style=\"font-weight: 400;\">Imprimante int\u00e9gr\u00e9e en option ; les r\u00e9sultats et les donn\u00e9es des tests sont directement imprim\u00e9s ;<\/li>\n<\/ol>\n<h1 style=\"font-weight: 400;\"><strong>Principales utilisations et champ d'application :<\/strong><\/h1>\n<ol>\n<li style=\"font-weight: 400;\">Acier, m\u00e9taux non ferreux, feuilles m\u00e9talliques, alliages durs, feuilles m\u00e9talliques, microstructures, c\u00e9mentation ;<\/li>\n<li style=\"font-weight: 400;\">Couches de c\u00e9mentation, nitruration et d\u00e9carburation, couches de durcissement superficiel, couches de galvanoplastie, rev\u00eatements, traitement thermique ;<\/li>\n<li style=\"font-weight: 400;\">Verre, plaquettes, mat\u00e9riaux c\u00e9ramiques ;<\/li>\n<\/ol>\n<h1 style=\"font-weight: 400;\"><strong>Param\u00e8tres techniques :<\/strong><\/h1>\n<table>\n<tbody>\n<tr>\n<td width=\"151\">Nom du param\u00e8tre<\/td>\n<td width=\"406\">Donn\u00e9es de param\u00e8tres<\/td>\n<\/tr>\n<tr>\n<td width=\"151\">\u00c9chelle de duret\u00e9 Vickers<\/td>\n<td width=\"406\">HV0,025, HV0,05, HV0,1, HV0,2, HV0,3, HV0,5, HV1, HV2,<\/td>\n<\/tr>\n<tr>\n<td width=\"151\">Affichage<\/td>\n<td width=\"406\">Valeur de duret\u00e9, longueur de la diagonale (D1, D2),<\/td>\n<\/tr>\n<tr>\n<td width=\"151\">Force d'essai (Kgf)<\/td>\n<td width=\"406\">Temps de maintien, nombre de tests, valeur moyenne, valeur de conversion, etc.<\/td>\n<\/tr>\n<tr>\n<td width=\"151\">Mode test<\/td>\n<td width=\"406\">0,025, 0,05, 0,1, 0,2, 0,3, 0,5, 1, 2kgf<\/td>\n<\/tr>\n<tr>\n<td width=\"151\">Objectif et interrupteur de p\u00e9n\u00e9tration<\/td>\n<td width=\"406\">HV\/HK<\/td>\n<\/tr>\n<tr>\n<td width=\"151\">Agrandissement de la mesure<\/td>\n<td width=\"406\">Commutation automatique<\/td>\n<\/tr>\n<tr>\n<td width=\"151\">Contr\u00f4le du chargement<\/td>\n<td width=\"406\">Mesure de l'objectif double 10X, 40X peuvent \u00eatre mesur\u00e9s<\/td>\n<\/tr>\n<tr>\n<td width=\"151\">Temps de maintien de la force d'essai (s)<\/td>\n<td width=\"406\">Automatique (chargement\/maintien\/d\u00e9chargement)<\/td>\n<\/tr>\n<tr>\n<td width=\"151\">Canal optique<\/td>\n<td width=\"406\">1~99<\/td>\n<\/tr>\n<tr>\n<td width=\"151\">Syst\u00e8me optique<\/td>\n<td width=\"406\">Double canal d'\u00e9clairage (oculaire et canal de la cam\u00e9ra CCD)<\/td>\n<\/tr>\n<tr>\n<td width=\"151\">Langue<\/td>\n<td width=\"406\">Objectif : 10\u00d7, 40\u00d7 Grossissement de l'oculaire : 10\u00d7 (15X en option)<\/td>\n<\/tr>\n<tr>\n<td width=\"151\">Norme d'ex\u00e9cution<\/td>\n<td width=\"406\">Grossissement total (\u03bcm) : 100\u00d7, 400\u00d7 Plage de mesure (\u03bcm) : 200<\/td>\n<\/tr>\n<tr>\n<td width=\"151\">Plage de mesure de la duret\u00e9<\/td>\n<td width=\"406\">R\u00e9solution (\u03bcm) : 0.0625<\/td>\n<\/tr>\n<tr>\n<td width=\"151\">Table de test XY<\/td>\n<td width=\"406\">Chinois et anglais<\/td>\n<\/tr>\n<tr>\n<td width=\"151\">Hauteur maximale de l'\u00e9prouvette (mm)<\/td>\n<td width=\"406\">ISO 6507, ASTM E92, JIS Z2244, GB\/T 4340.2<\/td>\n<\/tr>\n<tr>\n<td width=\"151\">Largeur maximale de l'\u00e9prouvette (mm)<\/td>\n<td width=\"406\">(5-9999)HV<\/td>\n<\/tr>\n<tr>\n<td width=\"151\">Sortie de donn\u00e9es<\/td>\n<td width=\"406\">Dimensions (mm) : 100\u00d7100 Plage de course (mm) : 25\u00d725<\/td>\n<\/tr>\n<tr>\n<td width=\"151\">Tension d'alimentation<\/td>\n<td width=\"406\">AC220V\/50HZ<\/td>\n<\/tr>\n<tr>\n<td width=\"151\">Dimensions (mm)<\/td>\n<td width=\"406\">585\u00d7200\u00d7630<\/td>\n<\/tr>\n<tr>\n<td width=\"151\">Poids (kg)<\/td>\n<td width=\"406\">42<\/td>\n<\/tr>\n<\/tbody>\n<\/table>\n<table>\n<tbody>\n<tr>\n<td width=\"308\">Unit\u00e9 principale<\/td>\n<td width=\"238\"><\/td>\n<\/tr>\n<tr>\n<td width=\"308\">Plate-forme de mesure crois\u00e9e<\/td>\n<td width=\"238\">1 pi\u00e8ce<\/td>\n<\/tr>\n<tr>\n<td width=\"308\">Table de serrage plate<\/td>\n<td width=\"238\">1 pi\u00e8ce<\/td>\n<\/tr>\n<tr>\n<td width=\"308\">Vis de r\u00e9glage horizontal<\/td>\n<td width=\"238\">4 pi\u00e8ces<\/td>\n<\/tr>\n<tr>\n<td width=\"308\">Cordon d'alimentation<\/td>\n<td width=\"238\">1 b\u00e2tonnet<\/td>\n<\/tr>\n<tr>\n<td width=\"308\">Oculaire microm\u00e9trique \u00e0 affichage num\u00e9rique 10X<\/td>\n<td width=\"238\">1 pi\u00e8ce<\/td>\n<\/tr>\n<tr>\n<td width=\"308\">Bloc de duret\u00e9 Vickers<\/td>\n<td width=\"238\">2 pi\u00e8ces<\/td>\n<\/tr>\n<tr>\n<td width=\"308\">Fusible de rechange 2A<\/td>\n<td width=\"238\">2 pi\u00e8ces<\/td>\n<\/tr>\n<tr>\n<td width=\"308\">Certificat de produit<\/td>\n<td width=\"238\">1 portion<\/td>\n<\/tr>\n<tr>\n<td width=\"308\">Manuel d'instruction du produit<\/td>\n<td width=\"238\">1 portion<\/td>\n<\/tr>\n<\/tbody>\n<\/table>\n<h1 style=\"font-weight: 400;\"><strong>Remarque : <\/strong><\/h1>\n<ol>\n<li style=\"font-weight: 400;\">Une imprimante int\u00e9gr\u00e9e est disponible en option et les donn\u00e9es mesur\u00e9es peuvent \u00eatre imprim\u00e9es en un seul clic ou t\u00e9l\u00e9charg\u00e9es sur un ordinateur.<\/li>\n<li style=\"font-weight: 400;\">En option, le logiciel de mesure du durom\u00e8tre permet d'\u00e9liminer les erreurs humaines, de fonctionner sur ordinateur, d'am\u00e9liorer l'efficacit\u00e9 et d'atteindre une pr\u00e9cision plus \u00e9lev\u00e9e.<\/li>\n<\/ol>","protected":false},"excerpt":{"rendered":"<p>L'appareil d'essai de duret\u00e9 micro Vickers automatique \u00e0 tourelle num\u00e9rique est un produit de haute technologie int\u00e9grant l'optique, la machinerie et l'\u00e9lectricit\u00e9. Il adopte un syst\u00e8me de contr\u00f4le de chargement en boucle ferm\u00e9e, avec une grande pr\u00e9cision de la force d'essai, une bonne r\u00e9p\u00e9tabilit\u00e9 et une bonne stabilit\u00e9 de la valeur indiqu\u00e9e. L'instrument adopte un nouvel \u00e9cran d'affichage haute r\u00e9solution, intuitif et clair, facile \u00e0 utiliser et dot\u00e9 d'un mode d'\u00e9conomie d'\u00e9nergie. \u00c9quip\u00e9 d'un oculaire microm\u00e9trique num\u00e9rique, il n'est pas n\u00e9cessaire de consulter une table ou de saisir la diagonale de l'empreinte. La force d'essai, la longueur d'indentation, le temps d'arr\u00eat, le nombre de mesures, l'\u00e9chelle de conversion, la date et l'heure s'affichent intuitivement \u00e0 l'\u00e9cran. Lors de l'utilisation, il suffit de mesurer l'empreinte et d'appuyer sur le bouton de l'oculaire pour calculer automatiquement la valeur de duret\u00e9 et l'afficher \u00e0 l'\u00e9cran. Les r\u00e9sultats des essais de duret\u00e9 sont enregistr\u00e9s en temps r\u00e9el et imprim\u00e9s, et les valeurs maximales, minimales et moyennes sont automatiquement calcul\u00e9es.<\/p>","protected":false},"featured_media":29902,"comment_status":"open","ping_status":"closed","template":"","meta":[],"product_brand":[],"product_cat":[70,91],"product_tag":[101],"class_list":{"0":"post-29901","1":"product","2":"type-product","3":"status-publish","4":"has-post-thumbnail","6":"product_cat-hardness-tester","7":"product_cat-micro-vickers-hardness-tester","8":"product_tag-micro-vickers-hardness-tester","10":"first","11":"instock","12":"shipping-taxable","13":"product-type-simple"},"yoast_head":"<!-- This site is optimized with the Yoast SEO Premium plugin v25.4 (Yoast SEO v27.4) - https:\/\/yoast.com\/product\/yoast-seo-premium-wordpress\/ -->\n<title>(CHVS-2000Z)Sensor Micro Vickers Hardness Tester - hardnesstests<\/title>\n<meta name=\"robots\" content=\"index, follow, max-snippet:-1, max-image-preview:large, max-video-preview:-1\" \/>\n<link rel=\"canonical\" href=\"https:\/\/hardnesstests.com\/fr\/produit\/chvs-2000zsensor-micro-vickers-hardness-tester\/\" \/>\n<meta property=\"og:locale\" content=\"fr_FR\" \/>\n<meta property=\"og:type\" content=\"article\" \/>\n<meta property=\"og:title\" content=\"(CHVS-2000Z)Sensor Micro Vickers Hardness Tester\" \/>\n<meta property=\"og:description\" content=\"The digital automatic turret micro Vickers hardness tester is a high-tech product integrating optics, machinery and electricity. It adopts a closed-loop loading control system, with high test force accuracy, good repeatability and stability of the indicated value. The instrument adopts a new high-resolution display screen, which is intuitive and clear, easy to operate, and has an energy-saving mode. Equipped with a digital micrometer eyepiece, there is no need to look up a table or enter the indentation diagonal. The test force, indentation length, dwell time, number of measurements, conversion scale, date and time are intuitively displayed on the screen. When operating, just measure the indentation and press the eyepiece button to automatically calculate the hardness value and display it on the screen. The hardness test results are saved in real time and printed out, and the maximum, minimum and average values\u00a0are automatically calculated.\" \/>\n<meta property=\"og:url\" content=\"https:\/\/hardnesstests.com\/fr\/produit\/chvs-2000zsensor-micro-vickers-hardness-tester\/\" \/>\n<meta property=\"og:site_name\" content=\"hardnesstests\" \/>\n<meta property=\"og:image\" content=\"https:\/\/hardnesstests.com\/wp-content\/uploads\/2025\/11\/CHVS-2000Z-\u4f20\u611f\u5668\u663e\u5fae\u7ef4\u6c0f\u786c\u5ea6\u8ba1.jpg\" \/>\n\t<meta property=\"og:image:width\" content=\"800\" \/>\n\t<meta property=\"og:image:height\" content=\"800\" \/>\n\t<meta property=\"og:image:type\" content=\"image\/jpeg\" \/>\n<meta name=\"twitter:card\" content=\"summary_large_image\" \/>\n<meta name=\"twitter:label1\" content=\"Dur\u00e9e de lecture estim\u00e9e\" \/>\n\t<meta name=\"twitter:data1\" content=\"2 minutes\" \/>\n<script type=\"application\/ld+json\" class=\"yoast-schema-graph\">{\"@context\":\"https:\\\/\\\/schema.org\",\"@graph\":[{\"@type\":\"WebPage\",\"@id\":\"https:\\\/\\\/hardnesstests.com\\\/product\\\/chvs-2000zsensor-micro-vickers-hardness-tester\\\/\",\"url\":\"https:\\\/\\\/hardnesstests.com\\\/product\\\/chvs-2000zsensor-micro-vickers-hardness-tester\\\/\",\"name\":\"(CHVS-2000Z)Sensor Micro Vickers Hardness Tester - hardnesstests\",\"isPartOf\":{\"@id\":\"https:\\\/\\\/hardnesstests.com\\\/tr\\\/#website\"},\"primaryImageOfPage\":{\"@id\":\"https:\\\/\\\/hardnesstests.com\\\/product\\\/chvs-2000zsensor-micro-vickers-hardness-tester\\\/#primaryimage\"},\"image\":{\"@id\":\"https:\\\/\\\/hardnesstests.com\\\/product\\\/chvs-2000zsensor-micro-vickers-hardness-tester\\\/#primaryimage\"},\"thumbnailUrl\":\"https:\\\/\\\/hardnesstests.com\\\/wp-content\\\/uploads\\\/2025\\\/11\\\/CHVS-2000Z-\u4f20\u611f\u5668\u663e\u5fae\u7ef4\u6c0f\u786c\u5ea6\u8ba1.jpg\",\"datePublished\":\"2025-11-28T01:54:35+00:00\",\"breadcrumb\":{\"@id\":\"https:\\\/\\\/hardnesstests.com\\\/product\\\/chvs-2000zsensor-micro-vickers-hardness-tester\\\/#breadcrumb\"},\"inLanguage\":\"fr-FR\",\"potentialAction\":[{\"@type\":\"ReadAction\",\"target\":[\"https:\\\/\\\/hardnesstests.com\\\/product\\\/chvs-2000zsensor-micro-vickers-hardness-tester\\\/\"]}]},{\"@type\":\"ImageObject\",\"inLanguage\":\"fr-FR\",\"@id\":\"https:\\\/\\\/hardnesstests.com\\\/product\\\/chvs-2000zsensor-micro-vickers-hardness-tester\\\/#primaryimage\",\"url\":\"https:\\\/\\\/hardnesstests.com\\\/wp-content\\\/uploads\\\/2025\\\/11\\\/CHVS-2000Z-\u4f20\u611f\u5668\u663e\u5fae\u7ef4\u6c0f\u786c\u5ea6\u8ba1.jpg\",\"contentUrl\":\"https:\\\/\\\/hardnesstests.com\\\/wp-content\\\/uploads\\\/2025\\\/11\\\/CHVS-2000Z-\u4f20\u611f\u5668\u663e\u5fae\u7ef4\u6c0f\u786c\u5ea6\u8ba1.jpg\",\"width\":800,\"height\":800,\"caption\":\"(CHVS-2000Z)Sensor Micro Vickers Hardness Tester\"},{\"@type\":\"BreadcrumbList\",\"@id\":\"https:\\\/\\\/hardnesstests.com\\\/product\\\/chvs-2000zsensor-micro-vickers-hardness-tester\\\/#breadcrumb\",\"itemListElement\":[{\"@type\":\"ListItem\",\"position\":1,\"name\":\"\u9996\u9875\",\"item\":\"https:\\\/\\\/hardnesstests.com\\\/\"},{\"@type\":\"ListItem\",\"position\":2,\"name\":\"products\",\"item\":\"https:\\\/\\\/hardnesstests.com\\\/products\\\/\"},{\"@type\":\"ListItem\",\"position\":3,\"name\":\"(CHVS-2000Z)Sensor Micro Vickers Hardness Tester\"}]},{\"@type\":\"WebSite\",\"@id\":\"https:\\\/\\\/hardnesstests.com\\\/tr\\\/#website\",\"url\":\"https:\\\/\\\/hardnesstests.com\\\/tr\\\/\",\"name\":\"hardnesstests\",\"description\":\"\",\"publisher\":{\"@id\":\"https:\\\/\\\/hardnesstests.com\\\/tr\\\/#organization\"},\"potentialAction\":[{\"@type\":\"SearchAction\",\"target\":{\"@type\":\"EntryPoint\",\"urlTemplate\":\"https:\\\/\\\/hardnesstests.com\\\/tr\\\/?s={search_term_string}\"},\"query-input\":{\"@type\":\"PropertyValueSpecification\",\"valueRequired\":true,\"valueName\":\"search_term_string\"}}],\"inLanguage\":\"fr-FR\"},{\"@type\":\"Organization\",\"@id\":\"https:\\\/\\\/hardnesstests.com\\\/tr\\\/#organization\",\"name\":\"hardnesstests\",\"url\":\"https:\\\/\\\/hardnesstests.com\\\/tr\\\/\",\"logo\":{\"@type\":\"ImageObject\",\"inLanguage\":\"fr-FR\",\"@id\":\"https:\\\/\\\/hardnesstests.com\\\/tr\\\/#\\\/schema\\\/logo\\\/image\\\/\",\"url\":\"https:\\\/\\\/hardnesstests.com\\\/wp-content\\\/uploads\\\/2021\\\/08\\\/\u5fae\u4fe1\u56fe\u7247_20251029102004_335_1287.png\",\"contentUrl\":\"https:\\\/\\\/hardnesstests.com\\\/wp-content\\\/uploads\\\/2021\\\/08\\\/\u5fae\u4fe1\u56fe\u7247_20251029102004_335_1287.png\",\"width\":1308,\"height\":467,\"caption\":\"hardnesstests\"},\"image\":{\"@id\":\"https:\\\/\\\/hardnesstests.com\\\/tr\\\/#\\\/schema\\\/logo\\\/image\\\/\"}}]}<\/script>\n<!-- \/ Yoast SEO Premium plugin. -->","yoast_head_json":{"title":"(CHVS-2000Z)Sensor Micro Vickers Hardness Tester - hardnesstests","robots":{"index":"index","follow":"follow","max-snippet":"max-snippet:-1","max-image-preview":"max-image-preview:large","max-video-preview":"max-video-preview:-1"},"canonical":"https:\/\/hardnesstests.com\/fr\/produit\/chvs-2000zsensor-micro-vickers-hardness-tester\/","og_locale":"fr_FR","og_type":"article","og_title":"(CHVS-2000Z)Sensor Micro Vickers Hardness Tester","og_description":"The digital automatic turret micro Vickers hardness tester is a high-tech product integrating optics, machinery and electricity. It adopts a closed-loop loading control system, with high test force accuracy, good repeatability and stability of the indicated value. The instrument adopts a new high-resolution display screen, which is intuitive and clear, easy to operate, and has an energy-saving mode. Equipped with a digital micrometer eyepiece, there is no need to look up a table or enter the indentation diagonal. The test force, indentation length, dwell time, number of measurements, conversion scale, date and time are intuitively displayed on the screen. When operating, just measure the indentation and press the eyepiece button to automatically calculate the hardness value and display it on the screen. The hardness test results are saved in real time and printed out, and the maximum, minimum and average values\u00a0are automatically calculated.","og_url":"https:\/\/hardnesstests.com\/fr\/produit\/chvs-2000zsensor-micro-vickers-hardness-tester\/","og_site_name":"hardnesstests","og_image":[{"width":800,"height":800,"url":"https:\/\/hardnesstests.com\/wp-content\/uploads\/2025\/11\/CHVS-2000Z-\u4f20\u611f\u5668\u663e\u5fae\u7ef4\u6c0f\u786c\u5ea6\u8ba1.jpg","type":"image\/jpeg"}],"twitter_card":"summary_large_image","twitter_misc":{"Dur\u00e9e de lecture estim\u00e9e":"2 minutes"},"schema":{"@context":"https:\/\/schema.org","@graph":[{"@type":"WebPage","@id":"https:\/\/hardnesstests.com\/product\/chvs-2000zsensor-micro-vickers-hardness-tester\/","url":"https:\/\/hardnesstests.com\/product\/chvs-2000zsensor-micro-vickers-hardness-tester\/","name":"(CHVS-2000Z)Sensor Micro Vickers Hardness Tester - hardnesstests","isPartOf":{"@id":"https:\/\/hardnesstests.com\/tr\/#website"},"primaryImageOfPage":{"@id":"https:\/\/hardnesstests.com\/product\/chvs-2000zsensor-micro-vickers-hardness-tester\/#primaryimage"},"image":{"@id":"https:\/\/hardnesstests.com\/product\/chvs-2000zsensor-micro-vickers-hardness-tester\/#primaryimage"},"thumbnailUrl":"https:\/\/hardnesstests.com\/wp-content\/uploads\/2025\/11\/CHVS-2000Z-\u4f20\u611f\u5668\u663e\u5fae\u7ef4\u6c0f\u786c\u5ea6\u8ba1.jpg","datePublished":"2025-11-28T01:54:35+00:00","breadcrumb":{"@id":"https:\/\/hardnesstests.com\/product\/chvs-2000zsensor-micro-vickers-hardness-tester\/#breadcrumb"},"inLanguage":"fr-FR","potentialAction":[{"@type":"ReadAction","target":["https:\/\/hardnesstests.com\/product\/chvs-2000zsensor-micro-vickers-hardness-tester\/"]}]},{"@type":"ImageObject","inLanguage":"fr-FR","@id":"https:\/\/hardnesstests.com\/product\/chvs-2000zsensor-micro-vickers-hardness-tester\/#primaryimage","url":"https:\/\/hardnesstests.com\/wp-content\/uploads\/2025\/11\/CHVS-2000Z-\u4f20\u611f\u5668\u663e\u5fae\u7ef4\u6c0f\u786c\u5ea6\u8ba1.jpg","contentUrl":"https:\/\/hardnesstests.com\/wp-content\/uploads\/2025\/11\/CHVS-2000Z-\u4f20\u611f\u5668\u663e\u5fae\u7ef4\u6c0f\u786c\u5ea6\u8ba1.jpg","width":800,"height":800,"caption":"(CHVS-2000Z)Sensor Micro Vickers Hardness Tester"},{"@type":"BreadcrumbList","@id":"https:\/\/hardnesstests.com\/product\/chvs-2000zsensor-micro-vickers-hardness-tester\/#breadcrumb","itemListElement":[{"@type":"ListItem","position":1,"name":"\u9996\u9875","item":"https:\/\/hardnesstests.com\/"},{"@type":"ListItem","position":2,"name":"products","item":"https:\/\/hardnesstests.com\/products\/"},{"@type":"ListItem","position":3,"name":"(CHVS-2000Z)Sensor Micro Vickers Hardness Tester"}]},{"@type":"WebSite","@id":"https:\/\/hardnesstests.com\/tr\/#website","url":"https:\/\/hardnesstests.com\/tr\/","name":"hardnesstests","description":"","publisher":{"@id":"https:\/\/hardnesstests.com\/tr\/#organization"},"potentialAction":[{"@type":"SearchAction","target":{"@type":"EntryPoint","urlTemplate":"https:\/\/hardnesstests.com\/tr\/?s={search_term_string}"},"query-input":{"@type":"PropertyValueSpecification","valueRequired":true,"valueName":"search_term_string"}}],"inLanguage":"fr-FR"},{"@type":"Organization","@id":"https:\/\/hardnesstests.com\/tr\/#organization","name":"hardnesstests","url":"https:\/\/hardnesstests.com\/tr\/","logo":{"@type":"ImageObject","inLanguage":"fr-FR","@id":"https:\/\/hardnesstests.com\/tr\/#\/schema\/logo\/image\/","url":"https:\/\/hardnesstests.com\/wp-content\/uploads\/2021\/08\/\u5fae\u4fe1\u56fe\u7247_20251029102004_335_1287.png","contentUrl":"https:\/\/hardnesstests.com\/wp-content\/uploads\/2021\/08\/\u5fae\u4fe1\u56fe\u7247_20251029102004_335_1287.png","width":1308,"height":467,"caption":"hardnesstests"},"image":{"@id":"https:\/\/hardnesstests.com\/tr\/#\/schema\/logo\/image\/"}}]}},"_links":{"self":[{"href":"https:\/\/hardnesstests.com\/fr\/wp-json\/wp\/v2\/product\/29901","targetHints":{"allow":["GET"]}}],"collection":[{"href":"https:\/\/hardnesstests.com\/fr\/wp-json\/wp\/v2\/product"}],"about":[{"href":"https:\/\/hardnesstests.com\/fr\/wp-json\/wp\/v2\/types\/product"}],"replies":[{"embeddable":true,"href":"https:\/\/hardnesstests.com\/fr\/wp-json\/wp\/v2\/comments?post=29901"}],"version-history":[{"count":1,"href":"https:\/\/hardnesstests.com\/fr\/wp-json\/wp\/v2\/product\/29901\/revisions"}],"predecessor-version":[{"id":29903,"href":"https:\/\/hardnesstests.com\/fr\/wp-json\/wp\/v2\/product\/29901\/revisions\/29903"}],"wp:featuredmedia":[{"embeddable":true,"href":"https:\/\/hardnesstests.com\/fr\/wp-json\/wp\/v2\/media\/29902"}],"wp:attachment":[{"href":"https:\/\/hardnesstests.com\/fr\/wp-json\/wp\/v2\/media?parent=29901"}],"wp:term":[{"taxonomy":"product_brand","embeddable":true,"href":"https:\/\/hardnesstests.com\/fr\/wp-json\/wp\/v2\/product_brand?post=29901"},{"taxonomy":"product_cat","embeddable":true,"href":"https:\/\/hardnesstests.com\/fr\/wp-json\/wp\/v2\/product_cat?post=29901"},{"taxonomy":"product_tag","embeddable":true,"href":"https:\/\/hardnesstests.com\/fr\/wp-json\/wp\/v2\/product_tag?post=29901"}],"curies":[{"name":"wp","href":"https:\/\/api.w.org\/{rel}","templated":true}]}}