{"id":29871,"date":"2025-11-27T09:33:36","date_gmt":"2025-11-27T09:33:36","guid":{"rendered":"https:\/\/hardnesstests.com\/?post_type=product&#038;p=29871"},"modified":"2025-11-27T09:33:37","modified_gmt":"2025-11-27T09:33:37","slug":"w-b92-series-webster-hardness-tester","status":"publish","type":"product","link":"https:\/\/hardnesstests.com\/fr\/produit\/w-b92-series-webster-hardness-tester\/","title":{"rendered":"Appareil d'essai de duret\u00e9 Webster de la s\u00e9rie W-B92"},"content":{"rendered":"<h1 style=\"font-weight: 400;\"><strong>Principales fonctions et caract\u00e9ristiques :<\/strong><\/h1>\n<ol>\n<li style=\"font-weight: 400;\">L'appareil d'essai de duret\u00e9 Webster convient pour tester les profil\u00e9s, les tuyaux et les plaques, et est particuli\u00e8rement adapt\u00e9 au contr\u00f4le rapide et non destructif de la duret\u00e9 des produits sur les sites de production, les sites de vente ou les chantiers de construction ;<\/li>\n<li style=\"font-weight: 400;\">Le bloc de duret\u00e9 standard est test\u00e9 par une machine de duret\u00e9 standard ;<\/li>\n<li style=\"font-weight: 400;\">La valeur de duret\u00e9 Webster peut \u00eatre convertie en valeurs de duret\u00e9 Vickers, Rockwell, Brinell et de r\u00e9sistance \u00e0 la traction couramment utilis\u00e9es ;<\/li>\n<\/ol>\n<h1 style=\"font-weight: 400;\"><strong>Principales utilisations et champ d'application :<\/strong><\/h1>\n<ol>\n<li style=\"font-weight: 400;\">D\u00e9terminer si la pi\u00e8ce a \u00e9t\u00e9 trait\u00e9e thermiquement et v\u00e9rifier l'effet du traitement thermique<\/li>\n<li style=\"font-weight: 400;\">D\u00e9terminer si la pi\u00e8ce est compos\u00e9e d'alliages inappropri\u00e9s<\/li>\n<li style=\"font-weight: 400;\">Tester des pi\u00e8ces ou des assemblages longs et lourds qu'il n'est pas pratique d'envoyer au laboratoire<\/li>\n<li style=\"font-weight: 400;\">Utilis\u00e9 pour l'inspection de la production, l'inspection de la r\u00e9ception et l'inspection de la supervision de la qualit\u00e9<\/li>\n<\/ol>\n<h1 style=\"font-weight: 400;\"><strong>Principaux param\u00e8tres techniques :<\/strong><\/h1>\n<ol>\n<li style=\"font-weight: 400;\">Plage de mesure : 0-20HW<\/li>\n<li style=\"font-weight: 400;\">Pr\u00e9cision : 0,5HW<\/li>\n<li style=\"font-weight: 400;\">Plage de mesure : \u00e9quivalente \u00e0 la duret\u00e9 Rockwell 50~92HRB ;<\/li>\n<\/ol>\n<p style=\"font-weight: 400;\">Duret\u00e9 Vickers 90~253HV ;<\/p>\n<p style=\"font-weight: 400;\">Duret\u00e9 Brinell 85,5~241HB ;<\/p>\n<p style=\"font-weight: 400;\">R\u00e9sistance \u00e0 la traction 285~810MPa\/mm2 ;<\/p>\n<p style=\"font-weight: 400;\">(Source des donn\u00e9es : Norme internationale ISO\/8265-2003 (E))<\/p>\n<table>\n<tbody>\n<tr>\n<td width=\"242\">Taille\/diam\u00e8tre de l'\u00e9chantillon mm<\/td>\n<td width=\"47\"><strong>Poids Kg<\/strong><\/td>\n<td width=\"57\"><strong>Poids totalKg<\/strong><\/td>\n<td width=\"104\"><strong>Taille de l'emballage mm<\/strong><\/td>\n<\/tr>\n<tr>\n<td width=\"242\">Plaque d'une \u00e9paisseur \u22646, tuyau d'un diam\u00e8tre int\u00e9rieur de profil\u00e9 \u226510.<\/td>\n<td width=\"47\">0.5<\/td>\n<td width=\"57\">1.1<\/td>\n<td width=\"104\">280\u00d7230\u00d780<\/td>\n<\/tr>\n<\/tbody>\n<\/table>\n<h1 style=\"font-weight: 400;\"><strong>Configuration standard :<\/strong><\/h1>\n<table>\n<tbody>\n<tr>\n<td width=\"104\">H\u00f4te<\/td>\n<td width=\"104\">1 ensemble<\/td>\n<td width=\"104\">Bloc de duret\u00e9 standard<\/td>\n<td width=\"104\">1 pi\u00e8ce<\/td>\n<\/tr>\n<tr>\n<td width=\"104\">Goupille de pression de rechange<\/td>\n<td width=\"104\">1 pi\u00e8ce<\/td>\n<td width=\"104\">Cl\u00e9 de calibrage<\/td>\n<td width=\"104\">1 pi\u00e8ce<\/td>\n<\/tr>\n<tr>\n<td width=\"104\">Petit tournevis<\/td>\n<td width=\"104\">1<\/td>\n<td width=\"104\">\u00c9tui \u00e0 instruments<\/td>\n<td width=\"104\">1 pi\u00e8ce<\/td>\n<\/tr>\n<\/tbody>\n<\/table>\n<h1 style=\"font-weight: 400;\"><strong>Accessoires optionnels pour le durom\u00e8tre Webster :<\/strong><\/h1>\n<ol>\n<li>Indentateur<\/li>\n<li>Bloc de duret\u00e9 standard<\/li>\n<\/ol>","protected":false},"excerpt":{"rendered":"<p>Le durom\u00e8tre W-B92 Webster est un durom\u00e8tre portable qui s'utilise d'une seule main. Il peut \u00eatre utilis\u00e9 pour tester rapidement sur site la duret\u00e9 des mat\u00e9riaux en acier doux tels que l'acier \u00e0 faible teneur en carbone et l'acier inoxydable. L'essai est rapide et simple, et une seule carte est n\u00e9cessaire. La valeur de duret\u00e9 peut \u00eatre lue directement.<\/p>","protected":false},"featured_media":29872,"comment_status":"open","ping_status":"closed","template":"","meta":[],"product_brand":[],"product_cat":[70,77],"product_tag":[112],"class_list":{"0":"post-29871","1":"product","2":"type-product","3":"status-publish","4":"has-post-thumbnail","6":"product_cat-hardness-tester","7":"product_cat-webster-hardness-tester","8":"product_tag-webster-hardness-tester","10":"first","11":"instock","12":"shipping-taxable","13":"product-type-simple"},"yoast_head":"<!-- This site is optimized with the Yoast SEO Premium plugin v25.4 (Yoast SEO v27.4) - https:\/\/yoast.com\/product\/yoast-seo-premium-wordpress\/ -->\n<title>W-B92 Series Webster Hardness Tester - hardnesstests<\/title>\n<meta name=\"robots\" content=\"index, follow, max-snippet:-1, max-image-preview:large, max-video-preview:-1\" \/>\n<link rel=\"canonical\" href=\"https:\/\/hardnesstests.com\/fr\/produit\/w-b92-series-webster-hardness-tester\/\" \/>\n<meta property=\"og:locale\" content=\"fr_FR\" \/>\n<meta property=\"og:type\" content=\"article\" \/>\n<meta property=\"og:title\" content=\"W-B92 Series Webster Hardness Tester\" \/>\n<meta property=\"og:description\" content=\"The W-B92 Webster hardness tester is a portable hardness tester operated with one hand. It can be used for quick on-site testing of the hardness of mild steel materials such as low carbon steel and stainless steel. The test is fast and simple, and only one card is needed. The hardness value can be read directly.\" \/>\n<meta property=\"og:url\" content=\"https:\/\/hardnesstests.com\/fr\/produit\/w-b92-series-webster-hardness-tester\/\" \/>\n<meta property=\"og:site_name\" content=\"hardnesstests\" \/>\n<meta property=\"article:modified_time\" content=\"2025-11-27T09:33:37+00:00\" \/>\n<meta property=\"og:image\" content=\"https:\/\/hardnesstests.com\/wp-content\/uploads\/2025\/11\/W-B92-B\u7cfb\u5217\u97e6\u6c0f\u786c\u5ea6\u8ba1.jpg\" \/>\n\t<meta property=\"og:image:width\" content=\"467\" \/>\n\t<meta property=\"og:image:height\" content=\"467\" \/>\n\t<meta property=\"og:image:type\" content=\"image\/jpeg\" \/>\n<meta name=\"twitter:card\" content=\"summary_large_image\" \/>\n<meta name=\"twitter:label1\" content=\"Dur\u00e9e de lecture estim\u00e9e\" \/>\n\t<meta name=\"twitter:data1\" content=\"1 minute\" \/>\n<script type=\"application\/ld+json\" class=\"yoast-schema-graph\">{\"@context\":\"https:\\\/\\\/schema.org\",\"@graph\":[{\"@type\":\"WebPage\",\"@id\":\"https:\\\/\\\/hardnesstests.com\\\/product\\\/w-b92-series-webster-hardness-tester\\\/\",\"url\":\"https:\\\/\\\/hardnesstests.com\\\/product\\\/w-b92-series-webster-hardness-tester\\\/\",\"name\":\"W-B92 Series Webster Hardness Tester - hardnesstests\",\"isPartOf\":{\"@id\":\"https:\\\/\\\/hardnesstests.com\\\/tr\\\/#website\"},\"primaryImageOfPage\":{\"@id\":\"https:\\\/\\\/hardnesstests.com\\\/product\\\/w-b92-series-webster-hardness-tester\\\/#primaryimage\"},\"image\":{\"@id\":\"https:\\\/\\\/hardnesstests.com\\\/product\\\/w-b92-series-webster-hardness-tester\\\/#primaryimage\"},\"thumbnailUrl\":\"https:\\\/\\\/hardnesstests.com\\\/wp-content\\\/uploads\\\/2025\\\/11\\\/W-B92-B\u7cfb\u5217\u97e6\u6c0f\u786c\u5ea6\u8ba1.jpg\",\"datePublished\":\"2025-11-27T09:33:36+00:00\",\"dateModified\":\"2025-11-27T09:33:37+00:00\",\"breadcrumb\":{\"@id\":\"https:\\\/\\\/hardnesstests.com\\\/product\\\/w-b92-series-webster-hardness-tester\\\/#breadcrumb\"},\"inLanguage\":\"fr-FR\",\"potentialAction\":[{\"@type\":\"ReadAction\",\"target\":[\"https:\\\/\\\/hardnesstests.com\\\/product\\\/w-b92-series-webster-hardness-tester\\\/\"]}]},{\"@type\":\"ImageObject\",\"inLanguage\":\"fr-FR\",\"@id\":\"https:\\\/\\\/hardnesstests.com\\\/product\\\/w-b92-series-webster-hardness-tester\\\/#primaryimage\",\"url\":\"https:\\\/\\\/hardnesstests.com\\\/wp-content\\\/uploads\\\/2025\\\/11\\\/W-B92-B\u7cfb\u5217\u97e6\u6c0f\u786c\u5ea6\u8ba1.jpg\",\"contentUrl\":\"https:\\\/\\\/hardnesstests.com\\\/wp-content\\\/uploads\\\/2025\\\/11\\\/W-B92-B\u7cfb\u5217\u97e6\u6c0f\u786c\u5ea6\u8ba1.jpg\",\"width\":467,\"height\":467,\"caption\":\"W-B92 Series Webster Hardness Tester\"},{\"@type\":\"BreadcrumbList\",\"@id\":\"https:\\\/\\\/hardnesstests.com\\\/product\\\/w-b92-series-webster-hardness-tester\\\/#breadcrumb\",\"itemListElement\":[{\"@type\":\"ListItem\",\"position\":1,\"name\":\"\u9996\u9875\",\"item\":\"https:\\\/\\\/hardnesstests.com\\\/\"},{\"@type\":\"ListItem\",\"position\":2,\"name\":\"products\",\"item\":\"https:\\\/\\\/hardnesstests.com\\\/products\\\/\"},{\"@type\":\"ListItem\",\"position\":3,\"name\":\"W-B92 Series Webster Hardness Tester\"}]},{\"@type\":\"WebSite\",\"@id\":\"https:\\\/\\\/hardnesstests.com\\\/tr\\\/#website\",\"url\":\"https:\\\/\\\/hardnesstests.com\\\/tr\\\/\",\"name\":\"hardnesstests\",\"description\":\"\",\"publisher\":{\"@id\":\"https:\\\/\\\/hardnesstests.com\\\/tr\\\/#organization\"},\"potentialAction\":[{\"@type\":\"SearchAction\",\"target\":{\"@type\":\"EntryPoint\",\"urlTemplate\":\"https:\\\/\\\/hardnesstests.com\\\/tr\\\/?s={search_term_string}\"},\"query-input\":{\"@type\":\"PropertyValueSpecification\",\"valueRequired\":true,\"valueName\":\"search_term_string\"}}],\"inLanguage\":\"fr-FR\"},{\"@type\":\"Organization\",\"@id\":\"https:\\\/\\\/hardnesstests.com\\\/tr\\\/#organization\",\"name\":\"hardnesstests\",\"url\":\"https:\\\/\\\/hardnesstests.com\\\/tr\\\/\",\"logo\":{\"@type\":\"ImageObject\",\"inLanguage\":\"fr-FR\",\"@id\":\"https:\\\/\\\/hardnesstests.com\\\/tr\\\/#\\\/schema\\\/logo\\\/image\\\/\",\"url\":\"https:\\\/\\\/hardnesstests.com\\\/wp-content\\\/uploads\\\/2021\\\/08\\\/\u5fae\u4fe1\u56fe\u7247_20251029102004_335_1287.png\",\"contentUrl\":\"https:\\\/\\\/hardnesstests.com\\\/wp-content\\\/uploads\\\/2021\\\/08\\\/\u5fae\u4fe1\u56fe\u7247_20251029102004_335_1287.png\",\"width\":1308,\"height\":467,\"caption\":\"hardnesstests\"},\"image\":{\"@id\":\"https:\\\/\\\/hardnesstests.com\\\/tr\\\/#\\\/schema\\\/logo\\\/image\\\/\"}}]}<\/script>\n<!-- \/ Yoast SEO Premium plugin. -->","yoast_head_json":{"title":"W-B92 Series Webster Hardness Tester - hardnesstests","robots":{"index":"index","follow":"follow","max-snippet":"max-snippet:-1","max-image-preview":"max-image-preview:large","max-video-preview":"max-video-preview:-1"},"canonical":"https:\/\/hardnesstests.com\/fr\/produit\/w-b92-series-webster-hardness-tester\/","og_locale":"fr_FR","og_type":"article","og_title":"W-B92 Series Webster Hardness Tester","og_description":"The W-B92 Webster hardness tester is a portable hardness tester operated with one hand. It can be used for quick on-site testing of the hardness of mild steel materials such as low carbon steel and stainless steel. The test is fast and simple, and only one card is needed. The hardness value can be read directly.","og_url":"https:\/\/hardnesstests.com\/fr\/produit\/w-b92-series-webster-hardness-tester\/","og_site_name":"hardnesstests","article_modified_time":"2025-11-27T09:33:37+00:00","og_image":[{"width":467,"height":467,"url":"https:\/\/hardnesstests.com\/wp-content\/uploads\/2025\/11\/W-B92-B\u7cfb\u5217\u97e6\u6c0f\u786c\u5ea6\u8ba1.jpg","type":"image\/jpeg"}],"twitter_card":"summary_large_image","twitter_misc":{"Dur\u00e9e de lecture estim\u00e9e":"1 minute"},"schema":{"@context":"https:\/\/schema.org","@graph":[{"@type":"WebPage","@id":"https:\/\/hardnesstests.com\/product\/w-b92-series-webster-hardness-tester\/","url":"https:\/\/hardnesstests.com\/product\/w-b92-series-webster-hardness-tester\/","name":"W-B92 Series Webster Hardness Tester - hardnesstests","isPartOf":{"@id":"https:\/\/hardnesstests.com\/tr\/#website"},"primaryImageOfPage":{"@id":"https:\/\/hardnesstests.com\/product\/w-b92-series-webster-hardness-tester\/#primaryimage"},"image":{"@id":"https:\/\/hardnesstests.com\/product\/w-b92-series-webster-hardness-tester\/#primaryimage"},"thumbnailUrl":"https:\/\/hardnesstests.com\/wp-content\/uploads\/2025\/11\/W-B92-B\u7cfb\u5217\u97e6\u6c0f\u786c\u5ea6\u8ba1.jpg","datePublished":"2025-11-27T09:33:36+00:00","dateModified":"2025-11-27T09:33:37+00:00","breadcrumb":{"@id":"https:\/\/hardnesstests.com\/product\/w-b92-series-webster-hardness-tester\/#breadcrumb"},"inLanguage":"fr-FR","potentialAction":[{"@type":"ReadAction","target":["https:\/\/hardnesstests.com\/product\/w-b92-series-webster-hardness-tester\/"]}]},{"@type":"ImageObject","inLanguage":"fr-FR","@id":"https:\/\/hardnesstests.com\/product\/w-b92-series-webster-hardness-tester\/#primaryimage","url":"https:\/\/hardnesstests.com\/wp-content\/uploads\/2025\/11\/W-B92-B\u7cfb\u5217\u97e6\u6c0f\u786c\u5ea6\u8ba1.jpg","contentUrl":"https:\/\/hardnesstests.com\/wp-content\/uploads\/2025\/11\/W-B92-B\u7cfb\u5217\u97e6\u6c0f\u786c\u5ea6\u8ba1.jpg","width":467,"height":467,"caption":"W-B92 Series Webster Hardness Tester"},{"@type":"BreadcrumbList","@id":"https:\/\/hardnesstests.com\/product\/w-b92-series-webster-hardness-tester\/#breadcrumb","itemListElement":[{"@type":"ListItem","position":1,"name":"\u9996\u9875","item":"https:\/\/hardnesstests.com\/"},{"@type":"ListItem","position":2,"name":"products","item":"https:\/\/hardnesstests.com\/products\/"},{"@type":"ListItem","position":3,"name":"W-B92 Series Webster Hardness Tester"}]},{"@type":"WebSite","@id":"https:\/\/hardnesstests.com\/tr\/#website","url":"https:\/\/hardnesstests.com\/tr\/","name":"hardnesstests","description":"","publisher":{"@id":"https:\/\/hardnesstests.com\/tr\/#organization"},"potentialAction":[{"@type":"SearchAction","target":{"@type":"EntryPoint","urlTemplate":"https:\/\/hardnesstests.com\/tr\/?s={search_term_string}"},"query-input":{"@type":"PropertyValueSpecification","valueRequired":true,"valueName":"search_term_string"}}],"inLanguage":"fr-FR"},{"@type":"Organization","@id":"https:\/\/hardnesstests.com\/tr\/#organization","name":"hardnesstests","url":"https:\/\/hardnesstests.com\/tr\/","logo":{"@type":"ImageObject","inLanguage":"fr-FR","@id":"https:\/\/hardnesstests.com\/tr\/#\/schema\/logo\/image\/","url":"https:\/\/hardnesstests.com\/wp-content\/uploads\/2021\/08\/\u5fae\u4fe1\u56fe\u7247_20251029102004_335_1287.png","contentUrl":"https:\/\/hardnesstests.com\/wp-content\/uploads\/2021\/08\/\u5fae\u4fe1\u56fe\u7247_20251029102004_335_1287.png","width":1308,"height":467,"caption":"hardnesstests"},"image":{"@id":"https:\/\/hardnesstests.com\/tr\/#\/schema\/logo\/image\/"}}]}},"_links":{"self":[{"href":"https:\/\/hardnesstests.com\/fr\/wp-json\/wp\/v2\/product\/29871","targetHints":{"allow":["GET"]}}],"collection":[{"href":"https:\/\/hardnesstests.com\/fr\/wp-json\/wp\/v2\/product"}],"about":[{"href":"https:\/\/hardnesstests.com\/fr\/wp-json\/wp\/v2\/types\/product"}],"replies":[{"embeddable":true,"href":"https:\/\/hardnesstests.com\/fr\/wp-json\/wp\/v2\/comments?post=29871"}],"version-history":[{"count":1,"href":"https:\/\/hardnesstests.com\/fr\/wp-json\/wp\/v2\/product\/29871\/revisions"}],"predecessor-version":[{"id":29873,"href":"https:\/\/hardnesstests.com\/fr\/wp-json\/wp\/v2\/product\/29871\/revisions\/29873"}],"wp:featuredmedia":[{"embeddable":true,"href":"https:\/\/hardnesstests.com\/fr\/wp-json\/wp\/v2\/media\/29872"}],"wp:attachment":[{"href":"https:\/\/hardnesstests.com\/fr\/wp-json\/wp\/v2\/media?parent=29871"}],"wp:term":[{"taxonomy":"product_brand","embeddable":true,"href":"https:\/\/hardnesstests.com\/fr\/wp-json\/wp\/v2\/product_brand?post=29871"},{"taxonomy":"product_cat","embeddable":true,"href":"https:\/\/hardnesstests.com\/fr\/wp-json\/wp\/v2\/product_cat?post=29871"},{"taxonomy":"product_tag","embeddable":true,"href":"https:\/\/hardnesstests.com\/fr\/wp-json\/wp\/v2\/product_tag?post=29871"}],"curies":[{"name":"wp","href":"https:\/\/api.w.org\/{rel}","templated":true}]}}