{"id":29778,"date":"2025-11-27T07:45:00","date_gmt":"2025-11-27T07:45:00","guid":{"rendered":"https:\/\/hardnesstests.com\/?post_type=product&#038;p=29778"},"modified":"2025-11-27T07:45:00","modified_gmt":"2025-11-27T07:45:00","slug":"metallographic-cutting-machine-q-100z","status":"publish","type":"product","link":"https:\/\/hardnesstests.com\/fr\/produit\/metallographic-cutting-machine-q-100z\/","title":{"rendered":"Machine de d\u00e9coupe m\u00e9tallographique Q-100Z"},"content":{"rendered":"<h1 style=\"font-weight: 400;\"><strong>Param\u00e8tres techniques :<\/strong><\/h1>\n<table width=\"559\">\n<tbody>\n<tr>\n<td width=\"178\">Nom<\/td>\n<td width=\"382\">Sp\u00e9cifications<\/td>\n<\/tr>\n<tr>\n<td width=\"178\">M\u00e9thode de coupe<\/td>\n<td width=\"382\">Coupe manuelle, coupe continue, coupe par impulsion<\/td>\n<\/tr>\n<tr>\n<td width=\"178\">Vitesse d'alimentation<\/td>\n<td width=\"382\">0,01-3mm\/s peut \u00eatre r\u00e9gl\u00e9 arbitrairement<\/td>\n<\/tr>\n<tr>\n<td width=\"178\">Taille du disque de coupe<\/td>\n<td width=\"382\">\u03c6350x\u03c632\u00d72,5mm<\/td>\n<\/tr>\n<tr>\n<td width=\"178\">Vitesse de rotation de la broche<\/td>\n<td width=\"382\">2800 tr\/min<\/td>\n<\/tr>\n<tr>\n<td width=\"178\">Taille de la table de coupe<\/td>\n<td width=\"382\">325X305mm<\/td>\n<\/tr>\n<tr>\n<td width=\"178\">D\u00e9placement sur l'axe Y<\/td>\n<td width=\"382\">270mm<\/td>\n<\/tr>\n<tr>\n<td width=\"178\">Diam\u00e8tre de coupe maximal<\/td>\n<td width=\"382\">\u03c6100mm<\/td>\n<\/tr>\n<tr>\n<td width=\"178\">Puissance du moteur<\/td>\n<td width=\"382\">3KW<\/td>\n<\/tr>\n<tr>\n<td width=\"178\">Alimentation \u00e9lectrique<\/td>\n<td width=\"382\">Triphas\u00e9 quatre fils 380V 50HZ<\/td>\n<\/tr>\n<tr>\n<td width=\"178\">\u00c9cran LCD<\/td>\n<td width=\"382\">\u00c9cran tactile<\/td>\n<\/tr>\n<tr>\n<td width=\"178\">Dispositif de coupe<\/td>\n<td width=\"382\">Collier de serrage filet\u00e9, personnalisable<\/td>\n<\/tr>\n<tr>\n<td width=\"178\">Capacit\u00e9 du r\u00e9servoir d'eau de refroidissement<\/td>\n<td width=\"382\">50L<\/td>\n<\/tr>\n<tr>\n<td width=\"178\">Dimensions (WXDXH)<\/td>\n<td width=\"382\">900x920x670mm<\/td>\n<\/tr>\n<tr>\n<td width=\"178\">Dimensions de la bo\u00eete en bois<\/td>\n<td width=\"382\">990X1040X810<\/td>\n<\/tr>\n<tr>\n<td width=\"178\">Dimensions du r\u00e9servoir d'eau<\/td>\n<td width=\"382\">685X530X640<\/td>\n<\/tr>\n<tr>\n<td width=\"178\">Poids net<\/td>\n<td width=\"382\">290KG<\/td>\n<\/tr>\n<\/tbody>\n<\/table>","protected":false},"excerpt":{"rendered":"<p>La machine de d\u00e9coupe automatique Q-100Z est contr\u00f4l\u00e9e par PLC et \u00e9cran tactile, avec une tr\u00e8s grande fiabilit\u00e9 et de puissantes capacit\u00e9s de contr\u00f4le. La machine adopte une structure enti\u00e8rement ferm\u00e9e, et le bouclier de s\u00e9curit\u00e9 de la salle de coupe est \u00e9quip\u00e9 d'une fen\u00eatre d'observation extra-large, qui permet aux utilisateurs d'observer le processus de coupe de l'\u00e9chantillon dans son int\u00e9gralit\u00e9 ; elle est \u00e9quip\u00e9e d'un syst\u00e8me d'\u00e9clairage LED pour assurer un \u00e9clairage efficace de l'ensemble de la salle de coupe ; elle est \u00e9quip\u00e9e d'un syst\u00e8me de refroidissement \u00e0 circulation pour garantir que la surface de l'\u00e9chantillon apr\u00e8s la coupe est brillante, plate et exempte de br\u00fblures ; elle convient \u00e0 la coupe d'\u00e9chantillons de divers m\u00e9taux et mat\u00e9riaux non m\u00e9talliques pour observer les structures m\u00e9tallographiques et p\u00e9trographiques des mat\u00e9riaux. Il pr\u00e9sente les caract\u00e9ristiques suivantes : processus de coupe automatis\u00e9, faible niveau de bruit, simplicit\u00e9 d'utilisation, s\u00e9curit\u00e9 et fiabilit\u00e9. Il s'agit de l'un des \u00e9quipements n\u00e9cessaires \u00e0 la pr\u00e9paration des \u00e9chantillons en laboratoire.<\/p>","protected":false},"featured_media":29779,"comment_status":"open","ping_status":"closed","template":"","meta":[],"product_brand":[],"product_cat":[93,81],"product_tag":[108],"class_list":{"0":"post-29778","1":"product","2":"type-product","3":"status-publish","4":"has-post-thumbnail","6":"product_cat-metallographic-cutting-machine","7":"product_cat-sample-preparation-and-analysis","8":"product_tag-metallographic-cutting-machine","10":"first","11":"instock","12":"shipping-taxable","13":"product-type-simple"},"yoast_head":"<!-- This site is optimized with the Yoast SEO Premium plugin v25.4 (Yoast SEO v27.4) - https:\/\/yoast.com\/product\/yoast-seo-premium-wordpress\/ -->\n<title>Metallographic cutting machine Q-100Z - hardnesstests<\/title>\n<meta name=\"robots\" content=\"index, follow, max-snippet:-1, max-image-preview:large, max-video-preview:-1\" \/>\n<link rel=\"canonical\" href=\"https:\/\/hardnesstests.com\/fr\/produit\/metallographic-cutting-machine-q-100z\/\" \/>\n<meta property=\"og:locale\" content=\"fr_FR\" \/>\n<meta property=\"og:type\" content=\"article\" \/>\n<meta property=\"og:title\" content=\"Metallographic cutting machine Q-100Z\" \/>\n<meta property=\"og:description\" content=\"The Q-100Z automatic cutting machine is controlled by PLC and touch screen, with very high reliability and powerful control capabilities. The whole machine adopts a fully enclosed structure, and the cutting room safety shield is equipped with an extra-large observation window, which is convenient for users to observe the entire cutting process of the sample; equipped with an LED lighting system to achieve effective lighting of the entire cutting room; equipped with a circulating cooling system to ensure that the surface of the sample after cutting is bright, flat, and free of burns; suitable for cutting samples of various metals and non-metallic materials to observe the metallographic and petrographic structures of the materials. It has the characteristics of automated cutting process, low noise, simple operation, safety and reliability, and is one of the necessary equipment for laboratory sample preparation.\" \/>\n<meta property=\"og:url\" content=\"https:\/\/hardnesstests.com\/fr\/produit\/metallographic-cutting-machine-q-100z\/\" \/>\n<meta property=\"og:site_name\" content=\"hardnesstests\" \/>\n<meta property=\"og:image\" content=\"https:\/\/hardnesstests.com\/wp-content\/uploads\/2025\/11\/Q-100Z\u91d1\u76f8\u5207\u5272\u673a.jpg\" \/>\n\t<meta property=\"og:image:width\" content=\"800\" \/>\n\t<meta property=\"og:image:height\" content=\"800\" \/>\n\t<meta property=\"og:image:type\" content=\"image\/jpeg\" \/>\n<meta name=\"twitter:card\" content=\"summary_large_image\" \/>\n<script type=\"application\/ld+json\" class=\"yoast-schema-graph\">{\"@context\":\"https:\\\/\\\/schema.org\",\"@graph\":[{\"@type\":\"WebPage\",\"@id\":\"https:\\\/\\\/hardnesstests.com\\\/product\\\/metallographic-cutting-machine-q-100z\\\/\",\"url\":\"https:\\\/\\\/hardnesstests.com\\\/product\\\/metallographic-cutting-machine-q-100z\\\/\",\"name\":\"Metallographic cutting machine Q-100Z - hardnesstests\",\"isPartOf\":{\"@id\":\"https:\\\/\\\/hardnesstests.com\\\/tr\\\/#website\"},\"primaryImageOfPage\":{\"@id\":\"https:\\\/\\\/hardnesstests.com\\\/product\\\/metallographic-cutting-machine-q-100z\\\/#primaryimage\"},\"image\":{\"@id\":\"https:\\\/\\\/hardnesstests.com\\\/product\\\/metallographic-cutting-machine-q-100z\\\/#primaryimage\"},\"thumbnailUrl\":\"https:\\\/\\\/hardnesstests.com\\\/wp-content\\\/uploads\\\/2025\\\/11\\\/Q-100Z\u91d1\u76f8\u5207\u5272\u673a.jpg\",\"datePublished\":\"2025-11-27T07:45:00+00:00\",\"breadcrumb\":{\"@id\":\"https:\\\/\\\/hardnesstests.com\\\/product\\\/metallographic-cutting-machine-q-100z\\\/#breadcrumb\"},\"inLanguage\":\"fr-FR\",\"potentialAction\":[{\"@type\":\"ReadAction\",\"target\":[\"https:\\\/\\\/hardnesstests.com\\\/product\\\/metallographic-cutting-machine-q-100z\\\/\"]}]},{\"@type\":\"ImageObject\",\"inLanguage\":\"fr-FR\",\"@id\":\"https:\\\/\\\/hardnesstests.com\\\/product\\\/metallographic-cutting-machine-q-100z\\\/#primaryimage\",\"url\":\"https:\\\/\\\/hardnesstests.com\\\/wp-content\\\/uploads\\\/2025\\\/11\\\/Q-100Z\u91d1\u76f8\u5207\u5272\u673a.jpg\",\"contentUrl\":\"https:\\\/\\\/hardnesstests.com\\\/wp-content\\\/uploads\\\/2025\\\/11\\\/Q-100Z\u91d1\u76f8\u5207\u5272\u673a.jpg\",\"width\":800,\"height\":800,\"caption\":\"Metallographic cutting machine Q-100Z\"},{\"@type\":\"BreadcrumbList\",\"@id\":\"https:\\\/\\\/hardnesstests.com\\\/product\\\/metallographic-cutting-machine-q-100z\\\/#breadcrumb\",\"itemListElement\":[{\"@type\":\"ListItem\",\"position\":1,\"name\":\"\u9996\u9875\",\"item\":\"https:\\\/\\\/hardnesstests.com\\\/\"},{\"@type\":\"ListItem\",\"position\":2,\"name\":\"products\",\"item\":\"https:\\\/\\\/hardnesstests.com\\\/products\\\/\"},{\"@type\":\"ListItem\",\"position\":3,\"name\":\"Metallographic cutting machine Q-100Z\"}]},{\"@type\":\"WebSite\",\"@id\":\"https:\\\/\\\/hardnesstests.com\\\/tr\\\/#website\",\"url\":\"https:\\\/\\\/hardnesstests.com\\\/tr\\\/\",\"name\":\"hardnesstests\",\"description\":\"\",\"publisher\":{\"@id\":\"https:\\\/\\\/hardnesstests.com\\\/tr\\\/#organization\"},\"potentialAction\":[{\"@type\":\"SearchAction\",\"target\":{\"@type\":\"EntryPoint\",\"urlTemplate\":\"https:\\\/\\\/hardnesstests.com\\\/tr\\\/?s={search_term_string}\"},\"query-input\":{\"@type\":\"PropertyValueSpecification\",\"valueRequired\":true,\"valueName\":\"search_term_string\"}}],\"inLanguage\":\"fr-FR\"},{\"@type\":\"Organization\",\"@id\":\"https:\\\/\\\/hardnesstests.com\\\/tr\\\/#organization\",\"name\":\"hardnesstests\",\"url\":\"https:\\\/\\\/hardnesstests.com\\\/tr\\\/\",\"logo\":{\"@type\":\"ImageObject\",\"inLanguage\":\"fr-FR\",\"@id\":\"https:\\\/\\\/hardnesstests.com\\\/tr\\\/#\\\/schema\\\/logo\\\/image\\\/\",\"url\":\"https:\\\/\\\/hardnesstests.com\\\/wp-content\\\/uploads\\\/2021\\\/08\\\/\u5fae\u4fe1\u56fe\u7247_20251029102004_335_1287.png\",\"contentUrl\":\"https:\\\/\\\/hardnesstests.com\\\/wp-content\\\/uploads\\\/2021\\\/08\\\/\u5fae\u4fe1\u56fe\u7247_20251029102004_335_1287.png\",\"width\":1308,\"height\":467,\"caption\":\"hardnesstests\"},\"image\":{\"@id\":\"https:\\\/\\\/hardnesstests.com\\\/tr\\\/#\\\/schema\\\/logo\\\/image\\\/\"}}]}<\/script>\n<!-- \/ Yoast SEO Premium plugin. -->","yoast_head_json":{"title":"Metallographic cutting machine Q-100Z - hardnesstests","robots":{"index":"index","follow":"follow","max-snippet":"max-snippet:-1","max-image-preview":"max-image-preview:large","max-video-preview":"max-video-preview:-1"},"canonical":"https:\/\/hardnesstests.com\/fr\/produit\/metallographic-cutting-machine-q-100z\/","og_locale":"fr_FR","og_type":"article","og_title":"Metallographic cutting machine Q-100Z","og_description":"The Q-100Z automatic cutting machine is controlled by PLC and touch screen, with very high reliability and powerful control capabilities. The whole machine adopts a fully enclosed structure, and the cutting room safety shield is equipped with an extra-large observation window, which is convenient for users to observe the entire cutting process of the sample; equipped with an LED lighting system to achieve effective lighting of the entire cutting room; equipped with a circulating cooling system to ensure that the surface of the sample after cutting is bright, flat, and free of burns; suitable for cutting samples of various metals and non-metallic materials to observe the metallographic and petrographic structures of the materials. It has the characteristics of automated cutting process, low noise, simple operation, safety and reliability, and is one of the necessary equipment for laboratory sample preparation.","og_url":"https:\/\/hardnesstests.com\/fr\/produit\/metallographic-cutting-machine-q-100z\/","og_site_name":"hardnesstests","og_image":[{"width":800,"height":800,"url":"https:\/\/hardnesstests.com\/wp-content\/uploads\/2025\/11\/Q-100Z\u91d1\u76f8\u5207\u5272\u673a.jpg","type":"image\/jpeg"}],"twitter_card":"summary_large_image","schema":{"@context":"https:\/\/schema.org","@graph":[{"@type":"WebPage","@id":"https:\/\/hardnesstests.com\/product\/metallographic-cutting-machine-q-100z\/","url":"https:\/\/hardnesstests.com\/product\/metallographic-cutting-machine-q-100z\/","name":"Metallographic cutting machine Q-100Z - hardnesstests","isPartOf":{"@id":"https:\/\/hardnesstests.com\/tr\/#website"},"primaryImageOfPage":{"@id":"https:\/\/hardnesstests.com\/product\/metallographic-cutting-machine-q-100z\/#primaryimage"},"image":{"@id":"https:\/\/hardnesstests.com\/product\/metallographic-cutting-machine-q-100z\/#primaryimage"},"thumbnailUrl":"https:\/\/hardnesstests.com\/wp-content\/uploads\/2025\/11\/Q-100Z\u91d1\u76f8\u5207\u5272\u673a.jpg","datePublished":"2025-11-27T07:45:00+00:00","breadcrumb":{"@id":"https:\/\/hardnesstests.com\/product\/metallographic-cutting-machine-q-100z\/#breadcrumb"},"inLanguage":"fr-FR","potentialAction":[{"@type":"ReadAction","target":["https:\/\/hardnesstests.com\/product\/metallographic-cutting-machine-q-100z\/"]}]},{"@type":"ImageObject","inLanguage":"fr-FR","@id":"https:\/\/hardnesstests.com\/product\/metallographic-cutting-machine-q-100z\/#primaryimage","url":"https:\/\/hardnesstests.com\/wp-content\/uploads\/2025\/11\/Q-100Z\u91d1\u76f8\u5207\u5272\u673a.jpg","contentUrl":"https:\/\/hardnesstests.com\/wp-content\/uploads\/2025\/11\/Q-100Z\u91d1\u76f8\u5207\u5272\u673a.jpg","width":800,"height":800,"caption":"Metallographic cutting machine Q-100Z"},{"@type":"BreadcrumbList","@id":"https:\/\/hardnesstests.com\/product\/metallographic-cutting-machine-q-100z\/#breadcrumb","itemListElement":[{"@type":"ListItem","position":1,"name":"\u9996\u9875","item":"https:\/\/hardnesstests.com\/"},{"@type":"ListItem","position":2,"name":"products","item":"https:\/\/hardnesstests.com\/products\/"},{"@type":"ListItem","position":3,"name":"Metallographic cutting machine Q-100Z"}]},{"@type":"WebSite","@id":"https:\/\/hardnesstests.com\/tr\/#website","url":"https:\/\/hardnesstests.com\/tr\/","name":"hardnesstests","description":"","publisher":{"@id":"https:\/\/hardnesstests.com\/tr\/#organization"},"potentialAction":[{"@type":"SearchAction","target":{"@type":"EntryPoint","urlTemplate":"https:\/\/hardnesstests.com\/tr\/?s={search_term_string}"},"query-input":{"@type":"PropertyValueSpecification","valueRequired":true,"valueName":"search_term_string"}}],"inLanguage":"fr-FR"},{"@type":"Organization","@id":"https:\/\/hardnesstests.com\/tr\/#organization","name":"hardnesstests","url":"https:\/\/hardnesstests.com\/tr\/","logo":{"@type":"ImageObject","inLanguage":"fr-FR","@id":"https:\/\/hardnesstests.com\/tr\/#\/schema\/logo\/image\/","url":"https:\/\/hardnesstests.com\/wp-content\/uploads\/2021\/08\/\u5fae\u4fe1\u56fe\u7247_20251029102004_335_1287.png","contentUrl":"https:\/\/hardnesstests.com\/wp-content\/uploads\/2021\/08\/\u5fae\u4fe1\u56fe\u7247_20251029102004_335_1287.png","width":1308,"height":467,"caption":"hardnesstests"},"image":{"@id":"https:\/\/hardnesstests.com\/tr\/#\/schema\/logo\/image\/"}}]}},"_links":{"self":[{"href":"https:\/\/hardnesstests.com\/fr\/wp-json\/wp\/v2\/product\/29778","targetHints":{"allow":["GET"]}}],"collection":[{"href":"https:\/\/hardnesstests.com\/fr\/wp-json\/wp\/v2\/product"}],"about":[{"href":"https:\/\/hardnesstests.com\/fr\/wp-json\/wp\/v2\/types\/product"}],"replies":[{"embeddable":true,"href":"https:\/\/hardnesstests.com\/fr\/wp-json\/wp\/v2\/comments?post=29778"}],"version-history":[{"count":1,"href":"https:\/\/hardnesstests.com\/fr\/wp-json\/wp\/v2\/product\/29778\/revisions"}],"predecessor-version":[{"id":29780,"href":"https:\/\/hardnesstests.com\/fr\/wp-json\/wp\/v2\/product\/29778\/revisions\/29780"}],"wp:featuredmedia":[{"embeddable":true,"href":"https:\/\/hardnesstests.com\/fr\/wp-json\/wp\/v2\/media\/29779"}],"wp:attachment":[{"href":"https:\/\/hardnesstests.com\/fr\/wp-json\/wp\/v2\/media?parent=29778"}],"wp:term":[{"taxonomy":"product_brand","embeddable":true,"href":"https:\/\/hardnesstests.com\/fr\/wp-json\/wp\/v2\/product_brand?post=29778"},{"taxonomy":"product_cat","embeddable":true,"href":"https:\/\/hardnesstests.com\/fr\/wp-json\/wp\/v2\/product_cat?post=29778"},{"taxonomy":"product_tag","embeddable":true,"href":"https:\/\/hardnesstests.com\/fr\/wp-json\/wp\/v2\/product_tag?post=29778"}],"curies":[{"name":"wp","href":"https:\/\/api.w.org\/{rel}","templated":true}]}}