{"id":29772,"date":"2025-11-27T07:40:58","date_gmt":"2025-11-27T07:40:58","guid":{"rendered":"https:\/\/hardnesstests.com\/?post_type=product&#038;p=29772"},"modified":"2025-11-27T07:40:58","modified_gmt":"2025-11-27T07:40:58","slug":"q-2-metallographic-sample-cutting-machine","status":"publish","type":"product","link":"https:\/\/hardnesstests.com\/fr\/produit\/q-2-metallographic-sample-cutting-machine\/","title":{"rendered":"Machine \u00e0 d\u00e9couper les \u00e9chantillons m\u00e9tallographiques Q-2"},"content":{"rendered":"<table>\n<tbody>\n<tr>\n<td>\n<h1><strong>Principales fonctions et caract\u00e9ristiques :<\/strong><\/h1>\n<\/td>\n<\/tr>\n<\/tbody>\n<\/table>\n<ol>\n<li style=\"font-weight: 400;\">Simple operation<\/li>\n<li style=\"font-weight: 400;\">Price concessions<\/li>\n<\/ol>\n<table>\n<tbody>\n<tr>\n<td>\n<h1><strong>Param\u00e8tres techniques :<\/strong><\/h1>\n<\/td>\n<\/tr>\n<\/tbody>\n<\/table>\n<table>\n<tbody>\n<tr>\n<td width=\"234\">M\u00e9thode de coupe<\/td>\n<td width=\"394\">Alimentation manuelle, dans le sens des aiguilles d'une montre<\/td>\n<\/tr>\n<tr>\n<td width=\"234\">Taille de la feuille de coupe<\/td>\n<td width=\"394\">\u03a6250\u00d72\u00d7\u03a632mm<\/td>\n<\/tr>\n<tr>\n<td width=\"234\">Section de coupe maximale<\/td>\n<td width=\"394\">30X30mm<\/td>\n<\/tr>\n<tr>\n<td width=\"234\">Vitesse de rotation de la broche<\/td>\n<td width=\"394\">2800r\/min<\/td>\n<\/tr>\n<tr>\n<td width=\"234\">Puissance du moteur<\/td>\n<td width=\"394\">1.1kw<\/td>\n<\/tr>\n<tr>\n<td width=\"234\">Dispositif de coupe<\/td>\n<td width=\"394\">Fixation du fil<\/td>\n<\/tr>\n<tr>\n<td width=\"234\">Puissance d'entr\u00e9e<\/td>\n<td width=\"394\">380V, 50Hz, 8A\uff0cThree-phase four-wire<\/td>\n<\/tr>\n<tr>\n<td width=\"234\">Dimensions<\/td>\n<td width=\"394\">500X470X420mm<\/td>\n<\/tr>\n<tr>\n<td width=\"234\">poids<\/td>\n<td width=\"394\">60kg<\/td>\n<\/tr>\n<\/tbody>\n<\/table>","protected":false},"excerpt":{"rendered":"<p>In the process of metallographic sample preparation, the cutting of sample material is the first important process of sample preparation. This machine uses a high-speed rotating sheet grinding wheel to intercept the sample, which is suitable for straight cutting of harder metal materials. This machine has cooling The device is used to take away the heat generated during cutting and prevent the sample from overheating and changing the tissue.<\/p>","protected":false},"featured_media":29773,"comment_status":"open","ping_status":"closed","template":"","meta":[],"product_brand":[],"product_cat":[93,81],"product_tag":[108],"class_list":{"0":"post-29772","1":"product","2":"type-product","3":"status-publish","4":"has-post-thumbnail","6":"product_cat-metallographic-cutting-machine","7":"product_cat-sample-preparation-and-analysis","8":"product_tag-metallographic-cutting-machine","10":"first","11":"instock","12":"shipping-taxable","13":"product-type-simple"},"yoast_head":"<!-- This site is optimized with the Yoast SEO Premium plugin v25.4 (Yoast SEO v27.4) - https:\/\/yoast.com\/product\/yoast-seo-premium-wordpress\/ -->\n<title>Q-2 Metallographic Sample Cutting Machine - hardnesstests<\/title>\n<meta name=\"robots\" content=\"index, follow, max-snippet:-1, max-image-preview:large, max-video-preview:-1\" \/>\n<link rel=\"canonical\" href=\"https:\/\/hardnesstests.com\/fr\/produit\/q-2-metallographic-sample-cutting-machine\/\" \/>\n<meta property=\"og:locale\" content=\"fr_FR\" \/>\n<meta property=\"og:type\" content=\"article\" \/>\n<meta property=\"og:title\" content=\"Q-2 Metallographic Sample Cutting Machine\" \/>\n<meta property=\"og:description\" content=\"In the process of metallographic sample preparation, the cutting of sample material is the first important process of sample preparation. This machine uses a high-speed rotating sheet grinding wheel to intercept the sample, which is suitable for straight cutting of harder metal materials. This machine has cooling The device is used to take away the heat generated during cutting and prevent the sample from overheating and changing the tissue.\" \/>\n<meta property=\"og:url\" content=\"https:\/\/hardnesstests.com\/fr\/produit\/q-2-metallographic-sample-cutting-machine\/\" \/>\n<meta property=\"og:site_name\" content=\"hardnesstests\" \/>\n<meta property=\"og:image\" content=\"https:\/\/hardnesstests.com\/wp-content\/uploads\/2025\/11\/Q-2\u91d1\u76f8\u5207\u5272\u673a.jpg\" \/>\n\t<meta property=\"og:image:width\" content=\"800\" \/>\n\t<meta property=\"og:image:height\" content=\"800\" \/>\n\t<meta property=\"og:image:type\" content=\"image\/jpeg\" \/>\n<meta name=\"twitter:card\" content=\"summary_large_image\" \/>\n<script type=\"application\/ld+json\" class=\"yoast-schema-graph\">{\"@context\":\"https:\\\/\\\/schema.org\",\"@graph\":[{\"@type\":\"WebPage\",\"@id\":\"https:\\\/\\\/hardnesstests.com\\\/product\\\/q-2-metallographic-sample-cutting-machine\\\/\",\"url\":\"https:\\\/\\\/hardnesstests.com\\\/product\\\/q-2-metallographic-sample-cutting-machine\\\/\",\"name\":\"Q-2 Metallographic Sample Cutting Machine - hardnesstests\",\"isPartOf\":{\"@id\":\"https:\\\/\\\/hardnesstests.com\\\/tr\\\/#website\"},\"primaryImageOfPage\":{\"@id\":\"https:\\\/\\\/hardnesstests.com\\\/product\\\/q-2-metallographic-sample-cutting-machine\\\/#primaryimage\"},\"image\":{\"@id\":\"https:\\\/\\\/hardnesstests.com\\\/product\\\/q-2-metallographic-sample-cutting-machine\\\/#primaryimage\"},\"thumbnailUrl\":\"https:\\\/\\\/hardnesstests.com\\\/wp-content\\\/uploads\\\/2025\\\/11\\\/Q-2\u91d1\u76f8\u5207\u5272\u673a.jpg\",\"datePublished\":\"2025-11-27T07:40:58+00:00\",\"breadcrumb\":{\"@id\":\"https:\\\/\\\/hardnesstests.com\\\/product\\\/q-2-metallographic-sample-cutting-machine\\\/#breadcrumb\"},\"inLanguage\":\"fr-FR\",\"potentialAction\":[{\"@type\":\"ReadAction\",\"target\":[\"https:\\\/\\\/hardnesstests.com\\\/product\\\/q-2-metallographic-sample-cutting-machine\\\/\"]}]},{\"@type\":\"ImageObject\",\"inLanguage\":\"fr-FR\",\"@id\":\"https:\\\/\\\/hardnesstests.com\\\/product\\\/q-2-metallographic-sample-cutting-machine\\\/#primaryimage\",\"url\":\"https:\\\/\\\/hardnesstests.com\\\/wp-content\\\/uploads\\\/2025\\\/11\\\/Q-2\u91d1\u76f8\u5207\u5272\u673a.jpg\",\"contentUrl\":\"https:\\\/\\\/hardnesstests.com\\\/wp-content\\\/uploads\\\/2025\\\/11\\\/Q-2\u91d1\u76f8\u5207\u5272\u673a.jpg\",\"width\":800,\"height\":800,\"caption\":\"Q-2 Metallographic Sample Cutting Machine\"},{\"@type\":\"BreadcrumbList\",\"@id\":\"https:\\\/\\\/hardnesstests.com\\\/product\\\/q-2-metallographic-sample-cutting-machine\\\/#breadcrumb\",\"itemListElement\":[{\"@type\":\"ListItem\",\"position\":1,\"name\":\"\u9996\u9875\",\"item\":\"https:\\\/\\\/hardnesstests.com\\\/\"},{\"@type\":\"ListItem\",\"position\":2,\"name\":\"products\",\"item\":\"https:\\\/\\\/hardnesstests.com\\\/products\\\/\"},{\"@type\":\"ListItem\",\"position\":3,\"name\":\"Q-2 Metallographic Sample Cutting Machine\"}]},{\"@type\":\"WebSite\",\"@id\":\"https:\\\/\\\/hardnesstests.com\\\/tr\\\/#website\",\"url\":\"https:\\\/\\\/hardnesstests.com\\\/tr\\\/\",\"name\":\"hardnesstests\",\"description\":\"\",\"publisher\":{\"@id\":\"https:\\\/\\\/hardnesstests.com\\\/tr\\\/#organization\"},\"potentialAction\":[{\"@type\":\"SearchAction\",\"target\":{\"@type\":\"EntryPoint\",\"urlTemplate\":\"https:\\\/\\\/hardnesstests.com\\\/tr\\\/?s={search_term_string}\"},\"query-input\":{\"@type\":\"PropertyValueSpecification\",\"valueRequired\":true,\"valueName\":\"search_term_string\"}}],\"inLanguage\":\"fr-FR\"},{\"@type\":\"Organization\",\"@id\":\"https:\\\/\\\/hardnesstests.com\\\/tr\\\/#organization\",\"name\":\"hardnesstests\",\"url\":\"https:\\\/\\\/hardnesstests.com\\\/tr\\\/\",\"logo\":{\"@type\":\"ImageObject\",\"inLanguage\":\"fr-FR\",\"@id\":\"https:\\\/\\\/hardnesstests.com\\\/tr\\\/#\\\/schema\\\/logo\\\/image\\\/\",\"url\":\"https:\\\/\\\/hardnesstests.com\\\/wp-content\\\/uploads\\\/2021\\\/08\\\/\u5fae\u4fe1\u56fe\u7247_20251029102004_335_1287.png\",\"contentUrl\":\"https:\\\/\\\/hardnesstests.com\\\/wp-content\\\/uploads\\\/2021\\\/08\\\/\u5fae\u4fe1\u56fe\u7247_20251029102004_335_1287.png\",\"width\":1308,\"height\":467,\"caption\":\"hardnesstests\"},\"image\":{\"@id\":\"https:\\\/\\\/hardnesstests.com\\\/tr\\\/#\\\/schema\\\/logo\\\/image\\\/\"}}]}<\/script>\n<!-- \/ Yoast SEO Premium plugin. -->","yoast_head_json":{"title":"Q-2 Metallographic Sample Cutting Machine - hardnesstests","robots":{"index":"index","follow":"follow","max-snippet":"max-snippet:-1","max-image-preview":"max-image-preview:large","max-video-preview":"max-video-preview:-1"},"canonical":"https:\/\/hardnesstests.com\/fr\/produit\/q-2-metallographic-sample-cutting-machine\/","og_locale":"fr_FR","og_type":"article","og_title":"Q-2 Metallographic Sample Cutting Machine","og_description":"In the process of metallographic sample preparation, the cutting of sample material is the first important process of sample preparation. This machine uses a high-speed rotating sheet grinding wheel to intercept the sample, which is suitable for straight cutting of harder metal materials. This machine has cooling The device is used to take away the heat generated during cutting and prevent the sample from overheating and changing the tissue.","og_url":"https:\/\/hardnesstests.com\/fr\/produit\/q-2-metallographic-sample-cutting-machine\/","og_site_name":"hardnesstests","og_image":[{"width":800,"height":800,"url":"https:\/\/hardnesstests.com\/wp-content\/uploads\/2025\/11\/Q-2\u91d1\u76f8\u5207\u5272\u673a.jpg","type":"image\/jpeg"}],"twitter_card":"summary_large_image","schema":{"@context":"https:\/\/schema.org","@graph":[{"@type":"WebPage","@id":"https:\/\/hardnesstests.com\/product\/q-2-metallographic-sample-cutting-machine\/","url":"https:\/\/hardnesstests.com\/product\/q-2-metallographic-sample-cutting-machine\/","name":"Q-2 Metallographic Sample Cutting Machine - hardnesstests","isPartOf":{"@id":"https:\/\/hardnesstests.com\/tr\/#website"},"primaryImageOfPage":{"@id":"https:\/\/hardnesstests.com\/product\/q-2-metallographic-sample-cutting-machine\/#primaryimage"},"image":{"@id":"https:\/\/hardnesstests.com\/product\/q-2-metallographic-sample-cutting-machine\/#primaryimage"},"thumbnailUrl":"https:\/\/hardnesstests.com\/wp-content\/uploads\/2025\/11\/Q-2\u91d1\u76f8\u5207\u5272\u673a.jpg","datePublished":"2025-11-27T07:40:58+00:00","breadcrumb":{"@id":"https:\/\/hardnesstests.com\/product\/q-2-metallographic-sample-cutting-machine\/#breadcrumb"},"inLanguage":"fr-FR","potentialAction":[{"@type":"ReadAction","target":["https:\/\/hardnesstests.com\/product\/q-2-metallographic-sample-cutting-machine\/"]}]},{"@type":"ImageObject","inLanguage":"fr-FR","@id":"https:\/\/hardnesstests.com\/product\/q-2-metallographic-sample-cutting-machine\/#primaryimage","url":"https:\/\/hardnesstests.com\/wp-content\/uploads\/2025\/11\/Q-2\u91d1\u76f8\u5207\u5272\u673a.jpg","contentUrl":"https:\/\/hardnesstests.com\/wp-content\/uploads\/2025\/11\/Q-2\u91d1\u76f8\u5207\u5272\u673a.jpg","width":800,"height":800,"caption":"Q-2 Metallographic Sample Cutting Machine"},{"@type":"BreadcrumbList","@id":"https:\/\/hardnesstests.com\/product\/q-2-metallographic-sample-cutting-machine\/#breadcrumb","itemListElement":[{"@type":"ListItem","position":1,"name":"\u9996\u9875","item":"https:\/\/hardnesstests.com\/"},{"@type":"ListItem","position":2,"name":"products","item":"https:\/\/hardnesstests.com\/products\/"},{"@type":"ListItem","position":3,"name":"Q-2 Metallographic Sample Cutting Machine"}]},{"@type":"WebSite","@id":"https:\/\/hardnesstests.com\/tr\/#website","url":"https:\/\/hardnesstests.com\/tr\/","name":"hardnesstests","description":"","publisher":{"@id":"https:\/\/hardnesstests.com\/tr\/#organization"},"potentialAction":[{"@type":"SearchAction","target":{"@type":"EntryPoint","urlTemplate":"https:\/\/hardnesstests.com\/tr\/?s={search_term_string}"},"query-input":{"@type":"PropertyValueSpecification","valueRequired":true,"valueName":"search_term_string"}}],"inLanguage":"fr-FR"},{"@type":"Organization","@id":"https:\/\/hardnesstests.com\/tr\/#organization","name":"hardnesstests","url":"https:\/\/hardnesstests.com\/tr\/","logo":{"@type":"ImageObject","inLanguage":"fr-FR","@id":"https:\/\/hardnesstests.com\/tr\/#\/schema\/logo\/image\/","url":"https:\/\/hardnesstests.com\/wp-content\/uploads\/2021\/08\/\u5fae\u4fe1\u56fe\u7247_20251029102004_335_1287.png","contentUrl":"https:\/\/hardnesstests.com\/wp-content\/uploads\/2021\/08\/\u5fae\u4fe1\u56fe\u7247_20251029102004_335_1287.png","width":1308,"height":467,"caption":"hardnesstests"},"image":{"@id":"https:\/\/hardnesstests.com\/tr\/#\/schema\/logo\/image\/"}}]}},"_links":{"self":[{"href":"https:\/\/hardnesstests.com\/fr\/wp-json\/wp\/v2\/product\/29772","targetHints":{"allow":["GET"]}}],"collection":[{"href":"https:\/\/hardnesstests.com\/fr\/wp-json\/wp\/v2\/product"}],"about":[{"href":"https:\/\/hardnesstests.com\/fr\/wp-json\/wp\/v2\/types\/product"}],"replies":[{"embeddable":true,"href":"https:\/\/hardnesstests.com\/fr\/wp-json\/wp\/v2\/comments?post=29772"}],"version-history":[{"count":1,"href":"https:\/\/hardnesstests.com\/fr\/wp-json\/wp\/v2\/product\/29772\/revisions"}],"predecessor-version":[{"id":29774,"href":"https:\/\/hardnesstests.com\/fr\/wp-json\/wp\/v2\/product\/29772\/revisions\/29774"}],"wp:featuredmedia":[{"embeddable":true,"href":"https:\/\/hardnesstests.com\/fr\/wp-json\/wp\/v2\/media\/29773"}],"wp:attachment":[{"href":"https:\/\/hardnesstests.com\/fr\/wp-json\/wp\/v2\/media?parent=29772"}],"wp:term":[{"taxonomy":"product_brand","embeddable":true,"href":"https:\/\/hardnesstests.com\/fr\/wp-json\/wp\/v2\/product_brand?post=29772"},{"taxonomy":"product_cat","embeddable":true,"href":"https:\/\/hardnesstests.com\/fr\/wp-json\/wp\/v2\/product_cat?post=29772"},{"taxonomy":"product_tag","embeddable":true,"href":"https:\/\/hardnesstests.com\/fr\/wp-json\/wp\/v2\/product_tag?post=29772"}],"curies":[{"name":"wp","href":"https:\/\/api.w.org\/{rel}","templated":true}]}}