{"id":29748,"date":"2025-11-27T07:19:18","date_gmt":"2025-11-27T07:19:18","guid":{"rendered":"https:\/\/hardnesstests.com\/?post_type=product&#038;p=29748"},"modified":"2025-11-27T07:19:18","modified_gmt":"2025-11-27T07:19:18","slug":"%ef%bc%88hqg-60sy%ef%bc%89-metallographic-sample-cutting-machine","status":"publish","type":"product","link":"https:\/\/hardnesstests.com\/fr\/produit\/%ef%bc%88hqg-60sy%ef%bc%89-metallographic-sample-cutting-machine\/","title":{"rendered":"\uff08HQG-60SY\uff09 machine \u00e0 d\u00e9couper les \u00e9chantillons m\u00e9tallographiques"},"content":{"rendered":"<h1><strong> Principales fonctions et caract\u00e9ristiques<\/strong><\/h1>\n<ol>\n<li>The main parts such as the shaft sleeve and the work surface are made of corrosion-resistant materials and have a long service life.<\/li>\n<li>The workbench and the motor fixing frame are fixed and stable, and the surface is sandblasted, which is beautiful and durable<\/li>\n<li>The workpiece is fixed with a quick clamp, which is convenient, fast, safe and reliable (optional)<\/li>\n<li>Le m\u00e9canisme global tourne en douceur, avec un faible niveau de bruit et une longue dur\u00e9e de vie.<\/li>\n<li>La perspective adopte un panneau PC transparent r\u00e9sistant aux chocs, qui est s\u00fbr et fiable.<\/li>\n<li>Waterproof LED lights are used for lighting, which is convenient for observing the entire cutting process<\/li>\n<li>With cooling device and water tank, the coolant can be recycled, which is economical and efficient 8. The maximum cutting diameter is 60mm<\/li>\n<\/ol>\n<h1><strong> Technical Parameters<\/strong><\/h1>\n<table width=\"586\">\n<tbody>\n<tr>\n<td width=\"145\">M\u00e9thode de coupe<\/td>\n<td width=\"441\">Manual, Y-axis feed<\/td>\n<\/tr>\n<tr>\n<td width=\"145\">D\u00e9placement sur l'axe Y<\/td>\n<td width=\"441\">125mm<\/td>\n<\/tr>\n<tr>\n<td width=\"145\">Taille du disque de coupe<\/td>\n<td width=\"441\">\u03a6250\u00d72\u00d7\u03a632mm<\/td>\n<\/tr>\n<tr>\n<td width=\"145\">Section de coupe maximale<\/td>\n<td width=\"441\">60X60mm<\/td>\n<\/tr>\n<tr>\n<td width=\"145\">Taille de la table de coupe<\/td>\n<td width=\"441\">300X240mm<\/td>\n<\/tr>\n<tr>\n<td width=\"145\">Vitesse de rotation de la broche<\/td>\n<td width=\"441\">2800r\/min<\/td>\n<\/tr>\n<tr>\n<td width=\"145\">Puissance du moteur<\/td>\n<td width=\"441\">2,2 kW<\/td>\n<\/tr>\n<tr>\n<td width=\"145\">Machine power<\/td>\n<td width=\"441\">2,8 kW<\/td>\n<\/tr>\n<tr>\n<td width=\"145\">Dispositif de coupe<\/td>\n<td width=\"441\">Threaded clamp<\/td>\n<\/tr>\n<tr>\n<td width=\"145\">Lighting<\/td>\n<td width=\"441\">\u00c9clairage LED \u00e9tanche<\/td>\n<\/tr>\n<tr>\n<td width=\"145\">R\u00e9servoir d'eau<\/td>\n<td width=\"441\">Automatic circulation water tank<\/td>\n<\/tr>\n<tr>\n<td width=\"145\">Puissance d'entr\u00e9e<\/td>\n<td width=\"441\">380V, 50Hz, three-phase four-wire<\/td>\n<\/tr>\n<tr>\n<td width=\"145\">Overall dimensions<\/td>\n<td width=\"441\">650x700x480mm<\/td>\n<\/tr>\n<tr>\n<td width=\"145\">Poids<\/td>\n<td width=\"441\">100 kg<\/td>\n<\/tr>\n<\/tbody>\n<\/table>","protected":false},"excerpt":{"rendered":"<p>The HQG-60SY manual cutting machine uses the Y-axis module handwheel for feeding and cutting, which is easy and labor-saving to operate. In order to ensure that the sample can be cut in a safe state, this machine adopts a fully enclosed structure. The safety protection cover of the cutting room is equipped with a transparent observation window, which is convenient for users to observe the entire cutting process of the sample; equipped with an LED lighting system to achieve effective lighting of the entire cutting room; equipped with a circulating cooling system to ensure that the surface of the sample after cutting is bright, flat, and free of burns; suitable for cutting samples of various metals and non-metallic materials to observe the metallographic and petrographic structures of the materials. It has the characteristics of convenient cutting process, low noise, simple operation, safety and reliability, and is one of the necessary equipment for laboratory sample preparation.<\/p>","protected":false},"featured_media":29749,"comment_status":"open","ping_status":"closed","template":"","meta":[],"product_brand":[],"product_cat":[93,81],"product_tag":[108],"class_list":{"0":"post-29748","1":"product","2":"type-product","3":"status-publish","4":"has-post-thumbnail","6":"product_cat-metallographic-cutting-machine","7":"product_cat-sample-preparation-and-analysis","8":"product_tag-metallographic-cutting-machine","10":"first","11":"instock","12":"shipping-taxable","13":"product-type-simple"},"yoast_head":"<!-- This site is optimized with the Yoast SEO Premium plugin v25.4 (Yoast SEO v27.4) - https:\/\/yoast.com\/product\/yoast-seo-premium-wordpress\/ -->\n<title>\uff08HQG-60SY\uff09 metallographic sample cutting machine - hardnesstests<\/title>\n<meta name=\"robots\" content=\"index, follow, max-snippet:-1, max-image-preview:large, max-video-preview:-1\" \/>\n<link rel=\"canonical\" href=\"https:\/\/hardnesstests.com\/fr\/produit\/\uff08hqg-60sy\uff09-metallographic-sample-cutting-machine\/\" \/>\n<meta property=\"og:locale\" content=\"fr_FR\" \/>\n<meta property=\"og:type\" content=\"article\" \/>\n<meta property=\"og:title\" content=\"\uff08HQG-60SY\uff09 metallographic sample cutting machine\" \/>\n<meta property=\"og:description\" content=\"The HQG-60SY manual cutting machine uses the Y-axis module handwheel for feeding and cutting, which is easy and labor-saving to operate. In order to ensure that the sample can be cut in a safe state, this machine adopts a fully enclosed structure. The safety protection cover of the cutting room is equipped with a transparent observation window, which is convenient for users to observe the entire cutting process of the sample; equipped with an LED lighting system to achieve effective lighting of the entire cutting room; equipped with a circulating cooling system to ensure that the surface of the sample after cutting is bright, flat, and free of burns; suitable for cutting samples of various metals and non-metallic materials to observe the metallographic and petrographic structures of the materials. It has the characteristics of convenient cutting process, low noise, simple operation, safety and reliability, and is one of the necessary equipment for laboratory sample preparation.\" \/>\n<meta property=\"og:url\" content=\"https:\/\/hardnesstests.com\/fr\/produit\/\uff08hqg-60sy\uff09-metallographic-sample-cutting-machine\/\" \/>\n<meta property=\"og:site_name\" content=\"hardnesstests\" \/>\n<meta property=\"og:image\" content=\"https:\/\/hardnesstests.com\/wp-content\/uploads\/2025\/11\/HQG-60SY\u91d1\u76f8\u6837\u54c1\u5207\u5272\u673a.jpg\" \/>\n\t<meta property=\"og:image:width\" content=\"800\" \/>\n\t<meta property=\"og:image:height\" content=\"800\" \/>\n\t<meta property=\"og:image:type\" content=\"image\/jpeg\" \/>\n<meta name=\"twitter:card\" content=\"summary_large_image\" \/>\n<meta name=\"twitter:label1\" content=\"Dur\u00e9e de lecture estim\u00e9e\" \/>\n\t<meta name=\"twitter:data1\" content=\"1 minute\" \/>\n<script type=\"application\/ld+json\" class=\"yoast-schema-graph\">{\"@context\":\"https:\\\/\\\/schema.org\",\"@graph\":[{\"@type\":\"WebPage\",\"@id\":\"https:\\\/\\\/hardnesstests.com\\\/product\\\/%ef%bc%88hqg-60sy%ef%bc%89-metallographic-sample-cutting-machine\\\/\",\"url\":\"https:\\\/\\\/hardnesstests.com\\\/product\\\/%ef%bc%88hqg-60sy%ef%bc%89-metallographic-sample-cutting-machine\\\/\",\"name\":\"\uff08HQG-60SY\uff09 metallographic sample cutting machine - hardnesstests\",\"isPartOf\":{\"@id\":\"https:\\\/\\\/hardnesstests.com\\\/tr\\\/#website\"},\"primaryImageOfPage\":{\"@id\":\"https:\\\/\\\/hardnesstests.com\\\/product\\\/%ef%bc%88hqg-60sy%ef%bc%89-metallographic-sample-cutting-machine\\\/#primaryimage\"},\"image\":{\"@id\":\"https:\\\/\\\/hardnesstests.com\\\/product\\\/%ef%bc%88hqg-60sy%ef%bc%89-metallographic-sample-cutting-machine\\\/#primaryimage\"},\"thumbnailUrl\":\"https:\\\/\\\/hardnesstests.com\\\/wp-content\\\/uploads\\\/2025\\\/11\\\/HQG-60SY\u91d1\u76f8\u6837\u54c1\u5207\u5272\u673a.jpg\",\"datePublished\":\"2025-11-27T07:19:18+00:00\",\"breadcrumb\":{\"@id\":\"https:\\\/\\\/hardnesstests.com\\\/product\\\/%ef%bc%88hqg-60sy%ef%bc%89-metallographic-sample-cutting-machine\\\/#breadcrumb\"},\"inLanguage\":\"fr-FR\",\"potentialAction\":[{\"@type\":\"ReadAction\",\"target\":[\"https:\\\/\\\/hardnesstests.com\\\/product\\\/%ef%bc%88hqg-60sy%ef%bc%89-metallographic-sample-cutting-machine\\\/\"]}]},{\"@type\":\"ImageObject\",\"inLanguage\":\"fr-FR\",\"@id\":\"https:\\\/\\\/hardnesstests.com\\\/product\\\/%ef%bc%88hqg-60sy%ef%bc%89-metallographic-sample-cutting-machine\\\/#primaryimage\",\"url\":\"https:\\\/\\\/hardnesstests.com\\\/wp-content\\\/uploads\\\/2025\\\/11\\\/HQG-60SY\u91d1\u76f8\u6837\u54c1\u5207\u5272\u673a.jpg\",\"contentUrl\":\"https:\\\/\\\/hardnesstests.com\\\/wp-content\\\/uploads\\\/2025\\\/11\\\/HQG-60SY\u91d1\u76f8\u6837\u54c1\u5207\u5272\u673a.jpg\",\"width\":800,\"height\":800,\"caption\":\"\uff08HQG-60SY\uff09 metallographic sample cutting machine\"},{\"@type\":\"BreadcrumbList\",\"@id\":\"https:\\\/\\\/hardnesstests.com\\\/product\\\/%ef%bc%88hqg-60sy%ef%bc%89-metallographic-sample-cutting-machine\\\/#breadcrumb\",\"itemListElement\":[{\"@type\":\"ListItem\",\"position\":1,\"name\":\"\u9996\u9875\",\"item\":\"https:\\\/\\\/hardnesstests.com\\\/\"},{\"@type\":\"ListItem\",\"position\":2,\"name\":\"products\",\"item\":\"https:\\\/\\\/hardnesstests.com\\\/products\\\/\"},{\"@type\":\"ListItem\",\"position\":3,\"name\":\"\uff08HQG-60SY\uff09 metallographic sample cutting machine\"}]},{\"@type\":\"WebSite\",\"@id\":\"https:\\\/\\\/hardnesstests.com\\\/tr\\\/#website\",\"url\":\"https:\\\/\\\/hardnesstests.com\\\/tr\\\/\",\"name\":\"hardnesstests\",\"description\":\"\",\"publisher\":{\"@id\":\"https:\\\/\\\/hardnesstests.com\\\/tr\\\/#organization\"},\"potentialAction\":[{\"@type\":\"SearchAction\",\"target\":{\"@type\":\"EntryPoint\",\"urlTemplate\":\"https:\\\/\\\/hardnesstests.com\\\/tr\\\/?s={search_term_string}\"},\"query-input\":{\"@type\":\"PropertyValueSpecification\",\"valueRequired\":true,\"valueName\":\"search_term_string\"}}],\"inLanguage\":\"fr-FR\"},{\"@type\":\"Organization\",\"@id\":\"https:\\\/\\\/hardnesstests.com\\\/tr\\\/#organization\",\"name\":\"hardnesstests\",\"url\":\"https:\\\/\\\/hardnesstests.com\\\/tr\\\/\",\"logo\":{\"@type\":\"ImageObject\",\"inLanguage\":\"fr-FR\",\"@id\":\"https:\\\/\\\/hardnesstests.com\\\/tr\\\/#\\\/schema\\\/logo\\\/image\\\/\",\"url\":\"https:\\\/\\\/hardnesstests.com\\\/wp-content\\\/uploads\\\/2021\\\/08\\\/\u5fae\u4fe1\u56fe\u7247_20251029102004_335_1287.png\",\"contentUrl\":\"https:\\\/\\\/hardnesstests.com\\\/wp-content\\\/uploads\\\/2021\\\/08\\\/\u5fae\u4fe1\u56fe\u7247_20251029102004_335_1287.png\",\"width\":1308,\"height\":467,\"caption\":\"hardnesstests\"},\"image\":{\"@id\":\"https:\\\/\\\/hardnesstests.com\\\/tr\\\/#\\\/schema\\\/logo\\\/image\\\/\"}}]}<\/script>\n<!-- \/ Yoast SEO Premium plugin. -->","yoast_head_json":{"title":"\uff08HQG-60SY\uff09 metallographic sample cutting machine - hardnesstests","robots":{"index":"index","follow":"follow","max-snippet":"max-snippet:-1","max-image-preview":"max-image-preview:large","max-video-preview":"max-video-preview:-1"},"canonical":"https:\/\/hardnesstests.com\/fr\/produit\/\uff08hqg-60sy\uff09-metallographic-sample-cutting-machine\/","og_locale":"fr_FR","og_type":"article","og_title":"\uff08HQG-60SY\uff09 metallographic sample cutting machine","og_description":"The HQG-60SY manual cutting machine uses the Y-axis module handwheel for feeding and cutting, which is easy and labor-saving to operate. In order to ensure that the sample can be cut in a safe state, this machine adopts a fully enclosed structure. The safety protection cover of the cutting room is equipped with a transparent observation window, which is convenient for users to observe the entire cutting process of the sample; equipped with an LED lighting system to achieve effective lighting of the entire cutting room; equipped with a circulating cooling system to ensure that the surface of the sample after cutting is bright, flat, and free of burns; suitable for cutting samples of various metals and non-metallic materials to observe the metallographic and petrographic structures of the materials. It has the characteristics of convenient cutting process, low noise, simple operation, safety and reliability, and is one of the necessary equipment for laboratory sample preparation.","og_url":"https:\/\/hardnesstests.com\/fr\/produit\/\uff08hqg-60sy\uff09-metallographic-sample-cutting-machine\/","og_site_name":"hardnesstests","og_image":[{"width":800,"height":800,"url":"https:\/\/hardnesstests.com\/wp-content\/uploads\/2025\/11\/HQG-60SY\u91d1\u76f8\u6837\u54c1\u5207\u5272\u673a.jpg","type":"image\/jpeg"}],"twitter_card":"summary_large_image","twitter_misc":{"Dur\u00e9e de lecture estim\u00e9e":"1 minute"},"schema":{"@context":"https:\/\/schema.org","@graph":[{"@type":"WebPage","@id":"https:\/\/hardnesstests.com\/product\/%ef%bc%88hqg-60sy%ef%bc%89-metallographic-sample-cutting-machine\/","url":"https:\/\/hardnesstests.com\/product\/%ef%bc%88hqg-60sy%ef%bc%89-metallographic-sample-cutting-machine\/","name":"\uff08HQG-60SY\uff09 metallographic sample cutting machine - hardnesstests","isPartOf":{"@id":"https:\/\/hardnesstests.com\/tr\/#website"},"primaryImageOfPage":{"@id":"https:\/\/hardnesstests.com\/product\/%ef%bc%88hqg-60sy%ef%bc%89-metallographic-sample-cutting-machine\/#primaryimage"},"image":{"@id":"https:\/\/hardnesstests.com\/product\/%ef%bc%88hqg-60sy%ef%bc%89-metallographic-sample-cutting-machine\/#primaryimage"},"thumbnailUrl":"https:\/\/hardnesstests.com\/wp-content\/uploads\/2025\/11\/HQG-60SY\u91d1\u76f8\u6837\u54c1\u5207\u5272\u673a.jpg","datePublished":"2025-11-27T07:19:18+00:00","breadcrumb":{"@id":"https:\/\/hardnesstests.com\/product\/%ef%bc%88hqg-60sy%ef%bc%89-metallographic-sample-cutting-machine\/#breadcrumb"},"inLanguage":"fr-FR","potentialAction":[{"@type":"ReadAction","target":["https:\/\/hardnesstests.com\/product\/%ef%bc%88hqg-60sy%ef%bc%89-metallographic-sample-cutting-machine\/"]}]},{"@type":"ImageObject","inLanguage":"fr-FR","@id":"https:\/\/hardnesstests.com\/product\/%ef%bc%88hqg-60sy%ef%bc%89-metallographic-sample-cutting-machine\/#primaryimage","url":"https:\/\/hardnesstests.com\/wp-content\/uploads\/2025\/11\/HQG-60SY\u91d1\u76f8\u6837\u54c1\u5207\u5272\u673a.jpg","contentUrl":"https:\/\/hardnesstests.com\/wp-content\/uploads\/2025\/11\/HQG-60SY\u91d1\u76f8\u6837\u54c1\u5207\u5272\u673a.jpg","width":800,"height":800,"caption":"\uff08HQG-60SY\uff09 metallographic sample cutting machine"},{"@type":"BreadcrumbList","@id":"https:\/\/hardnesstests.com\/product\/%ef%bc%88hqg-60sy%ef%bc%89-metallographic-sample-cutting-machine\/#breadcrumb","itemListElement":[{"@type":"ListItem","position":1,"name":"\u9996\u9875","item":"https:\/\/hardnesstests.com\/"},{"@type":"ListItem","position":2,"name":"products","item":"https:\/\/hardnesstests.com\/products\/"},{"@type":"ListItem","position":3,"name":"\uff08HQG-60SY\uff09 metallographic sample cutting machine"}]},{"@type":"WebSite","@id":"https:\/\/hardnesstests.com\/tr\/#website","url":"https:\/\/hardnesstests.com\/tr\/","name":"hardnesstests","description":"","publisher":{"@id":"https:\/\/hardnesstests.com\/tr\/#organization"},"potentialAction":[{"@type":"SearchAction","target":{"@type":"EntryPoint","urlTemplate":"https:\/\/hardnesstests.com\/tr\/?s={search_term_string}"},"query-input":{"@type":"PropertyValueSpecification","valueRequired":true,"valueName":"search_term_string"}}],"inLanguage":"fr-FR"},{"@type":"Organization","@id":"https:\/\/hardnesstests.com\/tr\/#organization","name":"hardnesstests","url":"https:\/\/hardnesstests.com\/tr\/","logo":{"@type":"ImageObject","inLanguage":"fr-FR","@id":"https:\/\/hardnesstests.com\/tr\/#\/schema\/logo\/image\/","url":"https:\/\/hardnesstests.com\/wp-content\/uploads\/2021\/08\/\u5fae\u4fe1\u56fe\u7247_20251029102004_335_1287.png","contentUrl":"https:\/\/hardnesstests.com\/wp-content\/uploads\/2021\/08\/\u5fae\u4fe1\u56fe\u7247_20251029102004_335_1287.png","width":1308,"height":467,"caption":"hardnesstests"},"image":{"@id":"https:\/\/hardnesstests.com\/tr\/#\/schema\/logo\/image\/"}}]}},"_links":{"self":[{"href":"https:\/\/hardnesstests.com\/fr\/wp-json\/wp\/v2\/product\/29748","targetHints":{"allow":["GET"]}}],"collection":[{"href":"https:\/\/hardnesstests.com\/fr\/wp-json\/wp\/v2\/product"}],"about":[{"href":"https:\/\/hardnesstests.com\/fr\/wp-json\/wp\/v2\/types\/product"}],"replies":[{"embeddable":true,"href":"https:\/\/hardnesstests.com\/fr\/wp-json\/wp\/v2\/comments?post=29748"}],"version-history":[{"count":1,"href":"https:\/\/hardnesstests.com\/fr\/wp-json\/wp\/v2\/product\/29748\/revisions"}],"predecessor-version":[{"id":29750,"href":"https:\/\/hardnesstests.com\/fr\/wp-json\/wp\/v2\/product\/29748\/revisions\/29750"}],"wp:featuredmedia":[{"embeddable":true,"href":"https:\/\/hardnesstests.com\/fr\/wp-json\/wp\/v2\/media\/29749"}],"wp:attachment":[{"href":"https:\/\/hardnesstests.com\/fr\/wp-json\/wp\/v2\/media?parent=29748"}],"wp:term":[{"taxonomy":"product_brand","embeddable":true,"href":"https:\/\/hardnesstests.com\/fr\/wp-json\/wp\/v2\/product_brand?post=29748"},{"taxonomy":"product_cat","embeddable":true,"href":"https:\/\/hardnesstests.com\/fr\/wp-json\/wp\/v2\/product_cat?post=29748"},{"taxonomy":"product_tag","embeddable":true,"href":"https:\/\/hardnesstests.com\/fr\/wp-json\/wp\/v2\/product_tag?post=29748"}],"curies":[{"name":"wp","href":"https:\/\/api.w.org\/{rel}","templated":true}]}}